{"id":4719,"date":"2026-01-20T21:44:19","date_gmt":"2026-01-20T14:44:19","guid":{"rendered":"https:\/\/omanivietnam.com\/?post_type=product&#038;p=4719"},"modified":"2026-01-20T21:51:10","modified_gmt":"2026-01-20T14:51:10","slug":"elektrogas-vmr8-60","status":"publish","type":"product","link":"https:\/\/omanivietnam.com\/index.php\/san-pham\/elektrogas-vmr8-60\/","title":{"rendered":"ELEKTROGAS VMR8-60"},"content":{"rendered":"<p>ELEKTROGAS VMR8-60 DN80 230VAC<\/p>\n<p>ELEKTROGAS VMR82-60 DN80 230VAC<\/p>\n<p>VMR4-RP11\/2 VMR6-RP2 VMR7-DN65 <em>VMR8<\/em>-DN80<\/p>\n<p>Van \u0111i\u1ec7n t\u1eeb an to\u00e0n cho kh\u00f4ng kh\u00ed v\u00e0 gas, ki\u1ec3u \u0111\u00f3ng m\u1edf nhanh. Van lo\u1ea1i VMR l\u00e0 lo\u1ea1i van \u0111i\u1ec7n t\u1eeb m\u1edf nhanh th\u01b0\u1eddng \u0111\u00f3ng<\/p>\n<div><strong>\u0110\u1eb6C TR\u01afNG<\/strong><\/div>\n<div><\/div>\n<ul>\n<li>\u00c1p su\u1ea5t t\u1ed1i \u0111a 200mbar, (ph\u1ea1m vi \u00e1p su\u1ea5t cao h\u01a1n c\u00f3 s\u1eb5n theo y\u00eau c\u1ea7u)<\/li>\n<li>L\u1edbp b\u1ea3o v\u1ec7 \u2013 IP54, (C\u00e1c phi\u00ean b\u1ea3n IP65 &amp; ATEX c\u00f3 s\u1eb5n theo y\u00eau c\u1ea7u)<\/li>\n<li>230v theo ti\u00eau chu\u1ea9n, (\u0111i\u1ec7n \u00e1p kh\u00e1c c\u00f3 s\u1eb5n theo y\u00eau c\u1ea7u)<\/li>\n<li>Th\u00e2n nh\u00f4m<\/li>\n<li>\u0110\u01b0\u1ee3c cung c\u1ea5p v\u1edbi c\u00e1c n\u1ea5c \u0111i\u1ec1u ch\u1ec9nh \u00e1p su\u1ea5t on \u201d\u1edf hai b\u00ean trong khoang \u0111\u1ea7u v\u00e0o<\/li>\n<li>C\u00e1c m\u00f4 h\u00ecnh c\u00f3 m\u1eb7t b\u00edch \u0111\u01b0\u1ee3c cung c\u1ea5p th\u00eam c\u00e1c n\u1ea5c \u0111i\u1ec1u ch\u1ec9nh trong khoang \u0111\u1ea7u ra<\/li>\n<li>Cung c\u1ea5p k\u1ebft n\u1ed1i \u1edf ph\u00eda d\u01b0\u1edbi cho c\u00f4ng t\u1eafc vi m\u00f4 ch\u1ec9 b\u00e1o v\u1ecb tr\u00ed \u0111\u00f3ng (3\u20444 \u201d- 6\u201d)<\/li>\n<\/ul>\n<div><b>Description:<\/b><\/div>\n<p>For the protection, regulation and control of air and gas supply to gas consuming devices Gas safety valve class A acc. to EN 161 EC-type tested and registered Approvals for Russia, Belorussia Max. operating pressures: 200 mbar, 360 mbar, 500 mabr Fast opening (VMR) or slow opening (VML, with adjustable initial opening) With adjustable flow rate Suitable for cycle operation and continuous service Gases: Natural Gas, Town Gas, LPG (gaseous), Air, Version for Biogas, Coke Oven Gas, Mixed Gas.<\/p>\n<p><b>Features:<\/b><\/p>\n<div>The valves are made of aluminum alloy diecast (or hot-pressed brass for OTN versions), with a wide range for inlet\/outlet connections from DN 8 up to DN 150. Pipe connections meet group 2 and backpressure sealing is compliant with class A, according to EN161 requirements. Suitable for use with air and non-aggressive gases included in the 1, 2 and 3 families (EN 437). Special versions for aggressive gases (Biogas, COG). The whole range can be provided in Ex-proof execution, for use in Zones 2 and 22,<br \/>\naccording to 94\/9\/EC Directive (ATEX). The valve is open only when energized: if, for any reason, power supply goes down, the valve closes immediately (intrinsic safe). Suitable for cycle operation and qualified for continuous service (100% ED).<\/div>\n<div>Equipped with flow rate adjustment (except brass models). An incorporated fine mesh filter protects the valve seat and disc as well as\u00a0downstream components and prevents dirty contamination (except brass models). Provided with G1\/4 pressure gauge on two sides in the inlet chamber (except brass models), to connect manometers, pressure switches, leakage tester or other gas equipments. Flanged<\/div>\n<div>models are provided with gauges also in the outlet chamber. The coils are provided with terminal box or with ISO 4400 plug. Both systems are provided with suitable cable gland to avoid water and dirty contamination. All components are designed to withstand any mechanical, chemical and thermal condition occurring during typical service. Effective impregnation and surface treatments have been used to improve mechanical sturdiness, sealing and resistance to corrosion of the components. Valves are 100% tested by computerized testing machineries and are fully warranted.<\/div>\n<p>PRODUCT SPECIFICATIONS<\/p>\n<div><b>Application:<\/b><\/div>\n<p>As saftey shut-off-valve in main gas trains (picture 3) To ensure reliable and safe operation of industrial burners (picture 4) As automatic working and tight closing shut-off device for air As valve for other processes which require the safe shut-off of gas pipes<\/p>\n<div>\n<div class=\"rich-text-table\">\n<table border=\"1\" cellspacing=\"1\" cellpadding=\"1\">\n<tbody>\n<tr>\n<td colspan=\"1\" rowspan=\"1\">\n<div>item<\/div>\n<\/td>\n<td colspan=\"1\" rowspan=\"1\">\n<div>value<\/div>\n<\/td>\n<\/tr>\n<tr>\n<td colspan=\"1\" rowspan=\"1\">\n<div>Condition<\/div>\n<\/td>\n<td colspan=\"1\" rowspan=\"1\">\n<div>New<\/div>\n<\/td>\n<\/tr>\n<tr>\n<td colspan=\"1\" rowspan=\"1\">\n<div>Warranty<\/div>\n<\/td>\n<td colspan=\"1\" rowspan=\"1\">\n<div>1.5 years<\/div>\n<\/td>\n<\/tr>\n<tr>\n<td colspan=\"1\" rowspan=\"1\">\n<div>Applicable Industries<\/div>\n<\/td>\n<td colspan=\"1\" rowspan=\"1\">\n<div>Building Material Shops, Manufacturing Plant, Home Use, Retail, Construction works\u00a0, Energy &amp; Mining, Food &amp; Beverage Shops, Other, Advertising Company<\/div>\n<\/td>\n<\/tr>\n<tr>\n<td colspan=\"1\" rowspan=\"1\">\n<div>Weight (KG)<\/div>\n<\/td>\n<td colspan=\"1\" rowspan=\"1\">\n<div>1.4<\/div>\n<\/td>\n<\/tr>\n<tr>\n<td colspan=\"1\" rowspan=\"1\">\n<div>Showroom Location<\/div>\n<\/td>\n<td colspan=\"1\" rowspan=\"1\">\n<div>None<\/div>\n<\/td>\n<\/tr>\n<tr>\n<td colspan=\"1\" rowspan=\"1\">\n<div>Video outgoing-inspection<\/div>\n<\/td>\n<td colspan=\"1\" rowspan=\"1\">\n<div>Provided<\/div>\n<\/td>\n<\/tr>\n<tr>\n<td colspan=\"1\" rowspan=\"1\">\n<div>Machinery Test Report<\/div>\n<\/td>\n<td colspan=\"1\" rowspan=\"1\">\n<div>Provided<\/div>\n<\/td>\n<\/tr>\n<tr>\n<td colspan=\"1\" rowspan=\"1\">\n<div>Place of Origin<\/div>\n<\/td>\n<td colspan=\"1\" rowspan=\"1\">\n<div>IItaly<\/div>\n<\/td>\n<\/tr>\n<tr>\n<td colspan=\"1\" rowspan=\"1\">\n<div>Brand Name<\/div>\n<\/td>\n<td colspan=\"1\" rowspan=\"1\">\n<div>Elektrogas<\/div>\n<\/td>\n<\/tr>\n<tr>\n<td colspan=\"1\" rowspan=\"1\">\n<div>Type<\/div>\n<\/td>\n<td colspan=\"1\" rowspan=\"1\">\n<div>Gas Burner<\/div>\n<\/td>\n<\/tr>\n<tr>\n<td colspan=\"1\" rowspan=\"1\">\n<div>Product name<\/div>\n<\/td>\n<td colspan=\"1\" rowspan=\"1\">\n<div>Elektrogas OR VMR 8-2 DN80 230V Safety Solenoid Control Valves<\/div>\n<\/td>\n<\/tr>\n<tr>\n<td colspan=\"1\" rowspan=\"1\">\n<div>Model<\/div>\n<\/td>\n<td colspan=\"1\" rowspan=\"1\">\n<div>VMR 8-2 DN80<\/div>\n<\/td>\n<\/tr>\n<tr>\n<td colspan=\"1\" rowspan=\"1\">\n<div>Brand<\/div>\n<\/td>\n<td colspan=\"1\" rowspan=\"1\">\n<div>Elektrogas<\/div>\n<\/td>\n<\/tr>\n<tr>\n<td colspan=\"1\" rowspan=\"1\">\n<div>Protection class<\/div>\n<\/td>\n<td colspan=\"1\" rowspan=\"1\">\n<div>IP54(EN 60529) (optional lP65 with cable)<\/div>\n<\/td>\n<\/tr>\n<tr>\n<td colspan=\"1\" rowspan=\"1\">\n<div>Voltage rating<\/div>\n<\/td>\n<td colspan=\"1\" rowspan=\"1\">\n<div>230 VAC 50\/60 Hz<\/div>\n<\/td>\n<\/tr>\n<tr>\n<td colspan=\"1\" rowspan=\"1\">\n<div>Power<\/div>\n<\/td>\n<td colspan=\"1\" rowspan=\"1\">\n<div>45W(START120W)<\/div>\n<\/td>\n<\/tr>\n<tr>\n<td colspan=\"1\" rowspan=\"1\">\n<div>Max. operating pressure<\/div>\n<\/td>\n<td colspan=\"1\" rowspan=\"1\">\n<div>200 mbar (20 kPa)<\/div>\n<\/td>\n<\/tr>\n<tr>\n<td colspan=\"1\" rowspan=\"1\">\n<div>Ambient temperature<\/div>\n<\/td>\n<td colspan=\"1\" rowspan=\"1\">\n<div>-15\u00baC&#8230; +60\u00baC<\/div>\n<\/td>\n<\/tr>\n<tr>\n<td colspan=\"1\" rowspan=\"1\">\n<div>Service<\/div>\n<\/td>\n<td colspan=\"1\" rowspan=\"1\">\n<div>online video Support<\/div>\n<\/td>\n<\/tr>\n<tr>\n<td colspan=\"1\" rowspan=\"1\">\n<div>Application\/Usage<\/div>\n<\/td>\n<td colspan=\"1\" rowspan=\"1\">\n<div>Gas Burners Industrial Accessories<\/div>\n<\/td>\n<\/tr>\n<\/tbody>\n<\/table>\n<\/div>\n<h4><strong>M\u1ed8T S\u1ed0 M\u00c3 VAN ELEKTROGAS :<\/strong><\/h4>\n<table>\n<tbody>\n<tr>\n<td>Model:\u00a0<strong>VMR6-5<br \/>\n<\/strong>Code:<strong>\u00a01616.5100<\/strong><br \/>\nEv.Gas 2\u2033R 230V 500mbar<br \/>\nSafety gas valve fast opening<\/td>\n<td>Elektrogas Vietnam<\/td>\n<\/tr>\n<tr>\n<td>MODEL:\u00a0<strong>VMR9-2.C<\/strong><br \/>\nCODE:\u00a0<strong>1619.2300<br \/>\n<\/strong>Ev.Gas 4\u2033R 24V AC\/DC 200mbar<br \/>\nSafety gas valve fast opening<\/td>\n<td>Elektrogas Vietnam<\/td>\n<\/tr>\n<tr>\n<td>Model:\u00a0<strong>VMR8-60<br \/>\n<\/strong>code: 1618.6100<br \/>\nEv.Gas 3\u2033R 230V 6bar<br \/>\nSafety gas valve fast opening<\/td>\n<td>Elektrogas Vietnam<\/td>\n<\/tr>\n<tr>\n<td>Model:\u00a0<strong>VML4-2<\/strong><br \/>\nSolenoid Valve; Size valve: 1\u20331\/2<br \/>\nPressure Max:\u00a0<strong>200mbar<\/strong><\/td>\n<td>Elektrogas Vietnam<\/td>\n<\/tr>\n<tr>\n<td>Model:\u00a0<strong>VML4-5<\/strong><br \/>\nSolenoid Valve; Size valve: 1\u20331\/2<br \/>\nPressure Max:\u00a0<strong>500mbar<\/strong><br \/>\n(Pressure Max: 300mbar \u0111\u00e3 ng\u01b0ng s\u1ea3n xu\u1ea5t)<\/td>\n<td>Elektrogas Vietnam<\/td>\n<\/tr>\n<tr>\n<td><strong><u>Only Coils<\/u><\/strong>\u00a0for Valve VMR4-2<br \/>\nSize 1\u20331\/2; Max Pressure: 200 mbar<\/td>\n<td>Elektrogas Vietnam<\/td>\n<\/tr>\n<tr>\n<td>Model:\u00a0<strong>VMR4-5F<\/strong>\u00a0(VMR4-5 F)<br \/>\nValve + Coils Size: DN40; Max Pressure: 500mbar<br \/>\n(300mbar ng\u01b0ng s\u1ea3n xu\u1ea5t)<\/td>\n<td>Elektrogas Vietnam<\/td>\n<\/tr>\n<tr>\n<td>Model:\u00a0<strong>VMR1-5<br \/>\n<\/strong>Valve + Coils Size: 1\/2\u2032 ; Max Pressure: 500mbar<br \/>\n(300mbar ng\u01b0ng s\u1ea3n xu\u1ea5t)<\/td>\n<td>Elektrogas Vietnam<\/td>\n<\/tr>\n<tr>\n<td>Model :\u00a0<strong>VMR6-5 Rp2<\/strong>230VAC-50\/60Hz<\/td>\n<td>Elektrogas Vietnam<\/td>\n<\/tr>\n<tr>\n<td>Model :\u00a0<strong>VMR0-5 Rp3\/8<\/strong>230VAC-50\/60Hz<\/td>\n<td>Elektrogas Vietnam<\/td>\n<\/tr>\n<tr>\n<td>Code :\u00a0<strong>1930.1415<\/strong>Model:\u00a0<strong>BOV3250ALL Coil for gas valve<\/strong><\/td>\n<td>Elektrogas Vietnam<\/td>\n<\/tr>\n<tr>\n<td>Code :\u00a0<strong>1930.1813\u00a0<\/strong>Model:\u00a0<strong>BOV6580AV Coil for gas valve fast opening<\/strong><\/td>\n<td>Elektrogas Vietnam<\/td>\n<\/tr>\n<tr>\n<td>Code :\u00a0<strong>1930.1815\u00a0<\/strong>Model:\u00a0<strong>BOV6580ALL\u00a0 Coil for gas valve slow opening<\/strong><\/td>\n<td>Elektrogas Vietnam<\/td>\n<\/tr>\n<tr>\n<td>Code :\u00a0<strong>1613.5100 Model: VMR3-5 (Coil + Body)<\/strong>\u00a0; Ev.Gas 1\u2033R 230V 500mbar ; Safety gas valve fast openingCode :\u00a0<strong>1930.1313 Model: BOV2025AV<\/strong>\u00a0(Coil only)<\/td>\n<td>Elektrogas Vietnam<\/td>\n<\/tr>\n<\/tbody>\n<\/table>\n<p>\u0110\u1ea1i l\u00fd Elektrogas vietnam, Elektrogas viet nam, Elektrogas vietnam distributor, Ph\u00e2n ph\u1ed1i Elektrogas t\u1ea1i vi\u1ec7t nam<\/p>\n<p>\u0110\u1ea1i l\u00fd Elektrogas vietnam, Elektrogas viet nam, Elektrogas vietnam distributor, Ph\u00e2n ph\u1ed1i Elektrogas t\u1ea1i vi\u1ec7t nam<\/p>\n<p>\u0110\u1ea1i l\u00fd Elektrogas vietnam, Elektrogas viet nam, Elektrogas vietnam distributor, Ph\u00e2n ph\u1ed1i Elektrogas t\u1ea1i vi\u1ec7t nam<\/p>\n<\/div>\n","protected":false},"excerpt":{"rendered":"<p>ELEKTROGAS VMR8-60 DN80 230VAC ELEKTROGAS VMR82-60 DN80 230VAC VMR4-RP11\/2 VMR6-RP2 VMR7-DN65 VMR8-DN80 Van \u0111i\u1ec7n t\u1eeb an to\u00e0n cho kh\u00f4ng kh\u00ed v\u00e0 gas, ki\u1ec3u \u0111\u00f3ng m\u1edf nhanh. Van lo\u1ea1i VMR l\u00e0 lo\u1ea1i van \u0111i\u1ec7n t\u1eeb m\u1edf nhanh th\u01b0\u1eddng \u0111\u00f3ng \u0110\u1eb6C TR\u01afNG \u00c1p su\u1ea5t t\u1ed1i \u0111a 200mbar, (ph\u1ea1m vi \u00e1p su\u1ea5t cao&hellip; <\/p>\n","protected":false},"featured_media":4720,"comment_status":"open","ping_status":"closed","template":"","meta":[],"product_cat":[898],"product_tag":[900,899,690],"class_list":{"0":"post-4719","1":"product","2":"type-product","3":"status-publish","4":"has-post-thumbnail","6":"product_cat-elektrogas","7":"product_tag-dai-ly-elektrogas-viet-nam","8":"product_tag-elektrogas-viet-nam","9":"product_tag-van-dien-tu","11":"first","12":"instock","13":"shipping-taxable","14":"product-type-simple"},"yoast_head":"<!-- This site is optimized with the Yoast SEO plugin v22.8 - https:\/\/yoast.com\/wordpress\/plugins\/seo\/ -->\n<title>ELEKTROGAS VMR8-60 - OMANI VI\u1ec6T NAM<\/title>\n<meta name=\"description\" content=\"ELEKTROGAS VMR8-60 Valve\" \/>\n<meta name=\"robots\" content=\"index, follow, max-snippet:-1, max-image-preview:large, max-video-preview:-1\" \/>\n<link rel=\"canonical\" href=\"https:\/\/omanivietnam.com\/index.php\/san-pham\/elektrogas-vmr8-60\/\" \/>\n<meta property=\"og:locale\" content=\"vi_VN\" \/>\n<meta property=\"og:type\" content=\"article\" \/>\n<meta property=\"og:title\" content=\"ELEKTROGAS VMR8-60 - OMANI VI\u1ec6T NAM\" \/>\n<meta property=\"og:description\" content=\"ELEKTROGAS VMR8-60 Valve\" \/>\n<meta property=\"og:url\" content=\"https:\/\/omanivietnam.com\/index.php\/san-pham\/elektrogas-vmr8-60\/\" \/>\n<meta property=\"og:site_name\" content=\"OMANI VI\u1ec6T NAM\" \/>\n<meta property=\"article:modified_time\" content=\"2026-01-20T14:51:10+00:00\" \/>\n<meta property=\"og:image\" content=\"https:\/\/omanivietnam.com\/wp-content\/uploads\/2026\/01\/VMR8-60.png\" \/>\n\t<meta property=\"og:image:width\" content=\"416\" \/>\n\t<meta property=\"og:image:height\" content=\"413\" \/>\n\t<meta property=\"og:image:type\" content=\"image\/png\" \/>\n<meta name=\"twitter:card\" content=\"summary_large_image\" \/>\n<meta name=\"twitter:label1\" content=\"\u01af\u1edbc t\u00ednh th\u1eddi gian \u0111\u1ecdc\" \/>\n\t<meta name=\"twitter:data1\" content=\"5 ph\u00fat\" \/>\n<script type=\"application\/ld+json\" class=\"yoast-schema-graph\">{\"@context\":\"https:\/\/schema.org\",\"@graph\":[{\"@type\":\"WebPage\",\"@id\":\"https:\/\/omanivietnam.com\/index.php\/san-pham\/elektrogas-vmr8-60\/\",\"url\":\"https:\/\/omanivietnam.com\/index.php\/san-pham\/elektrogas-vmr8-60\/\",\"name\":\"ELEKTROGAS VMR8-60 - OMANI VI\u1ec6T NAM\",\"isPartOf\":{\"@id\":\"https:\/\/omanivietnam.com\/#website\"},\"primaryImageOfPage\":{\"@id\":\"https:\/\/omanivietnam.com\/index.php\/san-pham\/elektrogas-vmr8-60\/#primaryimage\"},\"image\":{\"@id\":\"https:\/\/omanivietnam.com\/index.php\/san-pham\/elektrogas-vmr8-60\/#primaryimage\"},\"thumbnailUrl\":\"https:\/\/omanivietnam.com\/wp-content\/uploads\/2026\/01\/VMR8-60.png\",\"datePublished\":\"2026-01-20T14:44:19+00:00\",\"dateModified\":\"2026-01-20T14:51:10+00:00\",\"description\":\"ELEKTROGAS VMR8-60 Valve\",\"breadcrumb\":{\"@id\":\"https:\/\/omanivietnam.com\/index.php\/san-pham\/elektrogas-vmr8-60\/#breadcrumb\"},\"inLanguage\":\"vi\",\"potentialAction\":[{\"@type\":\"ReadAction\",\"target\":[\"https:\/\/omanivietnam.com\/index.php\/san-pham\/elektrogas-vmr8-60\/\"]}]},{\"@type\":\"ImageObject\",\"inLanguage\":\"vi\",\"@id\":\"https:\/\/omanivietnam.com\/index.php\/san-pham\/elektrogas-vmr8-60\/#primaryimage\",\"url\":\"https:\/\/omanivietnam.com\/wp-content\/uploads\/2026\/01\/VMR8-60.png\",\"contentUrl\":\"https:\/\/omanivietnam.com\/wp-content\/uploads\/2026\/01\/VMR8-60.png\",\"width\":416,\"height\":413},{\"@type\":\"BreadcrumbList\",\"@id\":\"https:\/\/omanivietnam.com\/index.php\/san-pham\/elektrogas-vmr8-60\/#breadcrumb\",\"itemListElement\":[{\"@type\":\"ListItem\",\"position\":1,\"name\":\"Home\",\"item\":\"https:\/\/omanivietnam.com\/\"},{\"@type\":\"ListItem\",\"position\":2,\"name\":\"S\u1ea2N PH\u1ea8M\",\"item\":\"https:\/\/omanivietnam.com\/index.php\/cua-hang\/\"},{\"@type\":\"ListItem\",\"position\":3,\"name\":\"ELEKTROGAS VMR8-60\"}]},{\"@type\":\"WebSite\",\"@id\":\"https:\/\/omanivietnam.com\/#website\",\"url\":\"https:\/\/omanivietnam.com\/\",\"name\":\"OMANI VI\u1ec6T NAM\",\"description\":\"Nh\u00e0 ph\u00e2n ph\u1ed1i thi\u1ebft b\u1ecb kh\u00ed n\u00e9n v\u00e0 thi\u1ebft b\u1ecb t\u1ef1 \u0111\u1ed9ng h\u00f3a trong c\u00f4ng nghi\u1ec7p\",\"publisher\":{\"@id\":\"https:\/\/omanivietnam.com\/#\/schema\/person\/0ad398a980dc3fd696111c2c5c8fa897\"},\"potentialAction\":[{\"@type\":\"SearchAction\",\"target\":{\"@type\":\"EntryPoint\",\"urlTemplate\":\"https:\/\/omanivietnam.com\/?s={search_term_string}\"},\"query-input\":\"required name=search_term_string\"}],\"inLanguage\":\"vi\"},{\"@type\":[\"Person\",\"Organization\"],\"@id\":\"https:\/\/omanivietnam.com\/#\/schema\/person\/0ad398a980dc3fd696111c2c5c8fa897\",\"name\":\"Nguy\u1ec5n V\u0103n Kh\u00e1nh\",\"image\":{\"@type\":\"ImageObject\",\"inLanguage\":\"vi\",\"@id\":\"https:\/\/omanivietnam.com\/#\/schema\/person\/image\/\",\"url\":\"https:\/\/omanivietnam.com\/wp-content\/uploads\/2024\/06\/logo-1024x1024.png\",\"contentUrl\":\"https:\/\/omanivietnam.com\/wp-content\/uploads\/2024\/06\/logo-1024x1024.png\",\"width\":1024,\"height\":1024,\"caption\":\"Nguy\u1ec5n V\u0103n Kh\u00e1nh\"},\"logo\":{\"@id\":\"https:\/\/omanivietnam.com\/#\/schema\/person\/image\/\"},\"sameAs\":[\"https:\/\/omanivietnam.com\"]}]}<\/script>\n<!-- \/ Yoast SEO plugin. -->","yoast_head_json":{"title":"ELEKTROGAS VMR8-60 - OMANI VI\u1ec6T NAM","description":"ELEKTROGAS VMR8-60 Valve","robots":{"index":"index","follow":"follow","max-snippet":"max-snippet:-1","max-image-preview":"max-image-preview:large","max-video-preview":"max-video-preview:-1"},"canonical":"https:\/\/omanivietnam.com\/index.php\/san-pham\/elektrogas-vmr8-60\/","og_locale":"vi_VN","og_type":"article","og_title":"ELEKTROGAS VMR8-60 - OMANI VI\u1ec6T NAM","og_description":"ELEKTROGAS VMR8-60 Valve","og_url":"https:\/\/omanivietnam.com\/index.php\/san-pham\/elektrogas-vmr8-60\/","og_site_name":"OMANI VI\u1ec6T NAM","article_modified_time":"2026-01-20T14:51:10+00:00","og_image":[{"width":416,"height":413,"url":"https:\/\/omanivietnam.com\/wp-content\/uploads\/2026\/01\/VMR8-60.png","type":"image\/png"}],"twitter_card":"summary_large_image","twitter_misc":{"\u01af\u1edbc t\u00ednh th\u1eddi gian \u0111\u1ecdc":"5 ph\u00fat"},"schema":{"@context":"https:\/\/schema.org","@graph":[{"@type":"WebPage","@id":"https:\/\/omanivietnam.com\/index.php\/san-pham\/elektrogas-vmr8-60\/","url":"https:\/\/omanivietnam.com\/index.php\/san-pham\/elektrogas-vmr8-60\/","name":"ELEKTROGAS VMR8-60 - OMANI VI\u1ec6T NAM","isPartOf":{"@id":"https:\/\/omanivietnam.com\/#website"},"primaryImageOfPage":{"@id":"https:\/\/omanivietnam.com\/index.php\/san-pham\/elektrogas-vmr8-60\/#primaryimage"},"image":{"@id":"https:\/\/omanivietnam.com\/index.php\/san-pham\/elektrogas-vmr8-60\/#primaryimage"},"thumbnailUrl":"https:\/\/omanivietnam.com\/wp-content\/uploads\/2026\/01\/VMR8-60.png","datePublished":"2026-01-20T14:44:19+00:00","dateModified":"2026-01-20T14:51:10+00:00","description":"ELEKTROGAS VMR8-60 Valve","breadcrumb":{"@id":"https:\/\/omanivietnam.com\/index.php\/san-pham\/elektrogas-vmr8-60\/#breadcrumb"},"inLanguage":"vi","potentialAction":[{"@type":"ReadAction","target":["https:\/\/omanivietnam.com\/index.php\/san-pham\/elektrogas-vmr8-60\/"]}]},{"@type":"ImageObject","inLanguage":"vi","@id":"https:\/\/omanivietnam.com\/index.php\/san-pham\/elektrogas-vmr8-60\/#primaryimage","url":"https:\/\/omanivietnam.com\/wp-content\/uploads\/2026\/01\/VMR8-60.png","contentUrl":"https:\/\/omanivietnam.com\/wp-content\/uploads\/2026\/01\/VMR8-60.png","width":416,"height":413},{"@type":"BreadcrumbList","@id":"https:\/\/omanivietnam.com\/index.php\/san-pham\/elektrogas-vmr8-60\/#breadcrumb","itemListElement":[{"@type":"ListItem","position":1,"name":"Home","item":"https:\/\/omanivietnam.com\/"},{"@type":"ListItem","position":2,"name":"S\u1ea2N PH\u1ea8M","item":"https:\/\/omanivietnam.com\/index.php\/cua-hang\/"},{"@type":"ListItem","position":3,"name":"ELEKTROGAS VMR8-60"}]},{"@type":"WebSite","@id":"https:\/\/omanivietnam.com\/#website","url":"https:\/\/omanivietnam.com\/","name":"OMANI VI\u1ec6T NAM","description":"Nh\u00e0 ph\u00e2n ph\u1ed1i thi\u1ebft b\u1ecb kh\u00ed n\u00e9n v\u00e0 thi\u1ebft b\u1ecb t\u1ef1 \u0111\u1ed9ng h\u00f3a trong c\u00f4ng nghi\u1ec7p","publisher":{"@id":"https:\/\/omanivietnam.com\/#\/schema\/person\/0ad398a980dc3fd696111c2c5c8fa897"},"potentialAction":[{"@type":"SearchAction","target":{"@type":"EntryPoint","urlTemplate":"https:\/\/omanivietnam.com\/?s={search_term_string}"},"query-input":"required name=search_term_string"}],"inLanguage":"vi"},{"@type":["Person","Organization"],"@id":"https:\/\/omanivietnam.com\/#\/schema\/person\/0ad398a980dc3fd696111c2c5c8fa897","name":"Nguy\u1ec5n V\u0103n Kh\u00e1nh","image":{"@type":"ImageObject","inLanguage":"vi","@id":"https:\/\/omanivietnam.com\/#\/schema\/person\/image\/","url":"https:\/\/omanivietnam.com\/wp-content\/uploads\/2024\/06\/logo-1024x1024.png","contentUrl":"https:\/\/omanivietnam.com\/wp-content\/uploads\/2024\/06\/logo-1024x1024.png","width":1024,"height":1024,"caption":"Nguy\u1ec5n V\u0103n Kh\u00e1nh"},"logo":{"@id":"https:\/\/omanivietnam.com\/#\/schema\/person\/image\/"},"sameAs":["https:\/\/omanivietnam.com"]}]}},"_links":{"self":[{"href":"https:\/\/omanivietnam.com\/index.php\/wp-json\/wp\/v2\/product\/4719","targetHints":{"allow":["GET"]}}],"collection":[{"href":"https:\/\/omanivietnam.com\/index.php\/wp-json\/wp\/v2\/product"}],"about":[{"href":"https:\/\/omanivietnam.com\/index.php\/wp-json\/wp\/v2\/types\/product"}],"replies":[{"embeddable":true,"href":"https:\/\/omanivietnam.com\/index.php\/wp-json\/wp\/v2\/comments?post=4719"}],"wp:featuredmedia":[{"embeddable":true,"href":"https:\/\/omanivietnam.com\/index.php\/wp-json\/wp\/v2\/media\/4720"}],"wp:attachment":[{"href":"https:\/\/omanivietnam.com\/index.php\/wp-json\/wp\/v2\/media?parent=4719"}],"wp:term":[{"taxonomy":"product_cat","embeddable":true,"href":"https:\/\/omanivietnam.com\/index.php\/wp-json\/wp\/v2\/product_cat?post=4719"},{"taxonomy":"product_tag","embeddable":true,"href":"https:\/\/omanivietnam.com\/index.php\/wp-json\/wp\/v2\/product_tag?post=4719"}],"curies":[{"name":"wp","href":"https:\/\/api.w.org\/{rel}","templated":true}]}}