{"id":4726,"date":"2026-01-21T22:26:25","date_gmt":"2026-01-21T15:26:25","guid":{"rendered":"https:\/\/omanivietnam.com\/?post_type=product&#038;p=4726"},"modified":"2026-01-21T22:27:36","modified_gmt":"2026-01-21T15:27:36","slug":"conch-vun-52kaa030","status":"publish","type":"product","link":"https:\/\/omanivietnam.com\/index.php\/san-pham\/conch-vun-52kaa030\/","title":{"rendered":"CONCH VUN-52KAA030"},"content":{"rendered":"<p>CONCH VUN-52KAA030<\/p>\n<p>CONCH IU-52KAC &#8212;&#8212; VUN-52KAA030<\/p>\n<h3><strong>1.C\u00e1c Model t\u01b0\u01a1ng t\u1ef1 (CONCH VUN-52KAA030)<\/strong><\/h3>\n<p>CA-42P-N<\/p>\n<p>CA-52PA-N<\/p>\n<p>CA-662K-N<\/p>\n<p>CA-41PUD-N<\/p>\n<p>CA-641P-N<\/p>\n<p>CA-642P-N<\/p>\n<p>CU-40-N<\/p>\n<p>CU-60K-N<\/p>\n<p>CU-80-N<\/p>\n<p>CA-61K-N<\/p>\n<p>VUN-52KAA030<\/p>\n<p>\u0110\u1ea1i l\u00fd CONCH vietnam, CONCH viet nam, CONCH vietnam distributor, Ph\u00e2n ph\u1ed1i CONCH t\u1ea1i vi\u1ec7t nam<\/p>\n<p>\u0110\u1ea1i l\u00fd CONCH vietnam, CONCH viet nam, CONCH vietnam distributor, Ph\u00e2n ph\u1ed1i CONCH t\u1ea1i vi\u1ec7t nam<\/p>\n<p>\u0110\u1ea1i l\u00fd CONCH vietnam, CONCH viet nam, CONCH vietnam distributor, Ph\u00e2n ph\u1ed1i CONCH t\u1ea1i vi\u1ec7t nam<\/p>\n","protected":false},"excerpt":{"rendered":"<p>CONCH VUN-52KAA030 CONCH IU-52KAC &#8212;&#8212; VUN-52KAA030 1.C\u00e1c Model t\u01b0\u01a1ng t\u1ef1 (CONCH VUN-52KAA030) CA-42P-N CA-52PA-N CA-662K-N CA-41PUD-N CA-641P-N CA-642P-N CU-40-N CU-60K-N CU-80-N CA-61K-N VUN-52KAA030 \u0110\u1ea1i l\u00fd CONCH vietnam, CONCH viet nam, CONCH vietnam distributor, Ph\u00e2n ph\u1ed1i CONCH t\u1ea1i vi\u1ec7t nam \u0110\u1ea1i l\u00fd CONCH vietnam, CONCH viet nam, CONCH vietnam distributor, Ph\u00e2n&hellip; <\/p>\n","protected":false},"featured_media":4727,"comment_status":"open","ping_status":"closed","template":"","meta":[],"product_cat":[901],"product_tag":[894,902,903],"class_list":{"0":"post-4726","1":"product","2":"type-product","3":"status-publish","4":"has-post-thumbnail","6":"product_cat-conch","7":"product_tag-bo-dieu-khien-nhiet-do","8":"product_tag-conch-viet-nam","9":"product_tag-dai-ly-conch-viet-nam","11":"first","12":"instock","13":"shipping-taxable","14":"product-type-simple"},"yoast_head":"<!-- This site is optimized with the Yoast SEO plugin v22.8 - https:\/\/yoast.com\/wordpress\/plugins\/seo\/ -->\n<title>CONCH VUN-52KAA030 - OMANI VI\u1ec6T NAM<\/title>\n<meta name=\"description\" content=\"CONCH VUN-52KAA030 Counter\" \/>\n<meta name=\"robots\" content=\"index, follow, max-snippet:-1, max-image-preview:large, max-video-preview:-1\" \/>\n<link rel=\"canonical\" href=\"https:\/\/omanivietnam.com\/index.php\/san-pham\/conch-vun-52kaa030\/\" \/>\n<meta property=\"og:locale\" content=\"vi_VN\" \/>\n<meta property=\"og:type\" content=\"article\" \/>\n<meta property=\"og:title\" content=\"CONCH VUN-52KAA030 - OMANI VI\u1ec6T NAM\" \/>\n<meta property=\"og:description\" content=\"CONCH VUN-52KAA030 Counter\" \/>\n<meta property=\"og:url\" content=\"https:\/\/omanivietnam.com\/index.php\/san-pham\/conch-vun-52kaa030\/\" \/>\n<meta property=\"og:site_name\" content=\"OMANI VI\u1ec6T NAM\" \/>\n<meta property=\"article:modified_time\" content=\"2026-01-21T15:27:36+00:00\" \/>\n<meta property=\"og:image\" content=\"https:\/\/omanivietnam.com\/wp-content\/uploads\/2026\/01\/VUN-52KAA030.png\" \/>\n\t<meta property=\"og:image:width\" content=\"473\" \/>\n\t<meta property=\"og:image:height\" content=\"430\" \/>\n\t<meta property=\"og:image:type\" content=\"image\/png\" \/>\n<meta name=\"twitter:card\" content=\"summary_large_image\" \/>\n<meta name=\"twitter:label1\" content=\"\u01af\u1edbc t\u00ednh th\u1eddi gian \u0111\u1ecdc\" \/>\n\t<meta name=\"twitter:data1\" content=\"1 ph\u00fat\" \/>\n<script type=\"application\/ld+json\" class=\"yoast-schema-graph\">{\"@context\":\"https:\/\/schema.org\",\"@graph\":[{\"@type\":\"WebPage\",\"@id\":\"https:\/\/omanivietnam.com\/index.php\/san-pham\/conch-vun-52kaa030\/\",\"url\":\"https:\/\/omanivietnam.com\/index.php\/san-pham\/conch-vun-52kaa030\/\",\"name\":\"CONCH VUN-52KAA030 - OMANI VI\u1ec6T NAM\",\"isPartOf\":{\"@id\":\"https:\/\/omanivietnam.com\/#website\"},\"primaryImageOfPage\":{\"@id\":\"https:\/\/omanivietnam.com\/index.php\/san-pham\/conch-vun-52kaa030\/#primaryimage\"},\"image\":{\"@id\":\"https:\/\/omanivietnam.com\/index.php\/san-pham\/conch-vun-52kaa030\/#primaryimage\"},\"thumbnailUrl\":\"https:\/\/omanivietnam.com\/wp-content\/uploads\/2026\/01\/VUN-52KAA030.png\",\"datePublished\":\"2026-01-21T15:26:25+00:00\",\"dateModified\":\"2026-01-21T15:27:36+00:00\",\"description\":\"CONCH VUN-52KAA030 Counter\",\"breadcrumb\":{\"@id\":\"https:\/\/omanivietnam.com\/index.php\/san-pham\/conch-vun-52kaa030\/#breadcrumb\"},\"inLanguage\":\"vi\",\"potentialAction\":[{\"@type\":\"ReadAction\",\"target\":[\"https:\/\/omanivietnam.com\/index.php\/san-pham\/conch-vun-52kaa030\/\"]}]},{\"@type\":\"ImageObject\",\"inLanguage\":\"vi\",\"@id\":\"https:\/\/omanivietnam.com\/index.php\/san-pham\/conch-vun-52kaa030\/#primaryimage\",\"url\":\"https:\/\/omanivietnam.com\/wp-content\/uploads\/2026\/01\/VUN-52KAA030.png\",\"contentUrl\":\"https:\/\/omanivietnam.com\/wp-content\/uploads\/2026\/01\/VUN-52KAA030.png\",\"width\":473,\"height\":430},{\"@type\":\"BreadcrumbList\",\"@id\":\"https:\/\/omanivietnam.com\/index.php\/san-pham\/conch-vun-52kaa030\/#breadcrumb\",\"itemListElement\":[{\"@type\":\"ListItem\",\"position\":1,\"name\":\"Home\",\"item\":\"https:\/\/omanivietnam.com\/\"},{\"@type\":\"ListItem\",\"position\":2,\"name\":\"S\u1ea2N PH\u1ea8M\",\"item\":\"https:\/\/omanivietnam.com\/index.php\/cua-hang\/\"},{\"@type\":\"ListItem\",\"position\":3,\"name\":\"CONCH VUN-52KAA030\"}]},{\"@type\":\"WebSite\",\"@id\":\"https:\/\/omanivietnam.com\/#website\",\"url\":\"https:\/\/omanivietnam.com\/\",\"name\":\"OMANI VI\u1ec6T NAM\",\"description\":\"Nh\u00e0 ph\u00e2n ph\u1ed1i thi\u1ebft b\u1ecb kh\u00ed n\u00e9n v\u00e0 thi\u1ebft b\u1ecb t\u1ef1 \u0111\u1ed9ng h\u00f3a trong c\u00f4ng nghi\u1ec7p\",\"publisher\":{\"@id\":\"https:\/\/omanivietnam.com\/#\/schema\/person\/0ad398a980dc3fd696111c2c5c8fa897\"},\"potentialAction\":[{\"@type\":\"SearchAction\",\"target\":{\"@type\":\"EntryPoint\",\"urlTemplate\":\"https:\/\/omanivietnam.com\/?s={search_term_string}\"},\"query-input\":\"required name=search_term_string\"}],\"inLanguage\":\"vi\"},{\"@type\":[\"Person\",\"Organization\"],\"@id\":\"https:\/\/omanivietnam.com\/#\/schema\/person\/0ad398a980dc3fd696111c2c5c8fa897\",\"name\":\"Nguy\u1ec5n V\u0103n Kh\u00e1nh\",\"image\":{\"@type\":\"ImageObject\",\"inLanguage\":\"vi\",\"@id\":\"https:\/\/omanivietnam.com\/#\/schema\/person\/image\/\",\"url\":\"https:\/\/omanivietnam.com\/wp-content\/uploads\/2024\/06\/logo-1024x1024.png\",\"contentUrl\":\"https:\/\/omanivietnam.com\/wp-content\/uploads\/2024\/06\/logo-1024x1024.png\",\"width\":1024,\"height\":1024,\"caption\":\"Nguy\u1ec5n V\u0103n Kh\u00e1nh\"},\"logo\":{\"@id\":\"https:\/\/omanivietnam.com\/#\/schema\/person\/image\/\"},\"sameAs\":[\"https:\/\/omanivietnam.com\"]}]}<\/script>\n<!-- \/ Yoast SEO plugin. -->","yoast_head_json":{"title":"CONCH VUN-52KAA030 - OMANI VI\u1ec6T NAM","description":"CONCH VUN-52KAA030 Counter","robots":{"index":"index","follow":"follow","max-snippet":"max-snippet:-1","max-image-preview":"max-image-preview:large","max-video-preview":"max-video-preview:-1"},"canonical":"https:\/\/omanivietnam.com\/index.php\/san-pham\/conch-vun-52kaa030\/","og_locale":"vi_VN","og_type":"article","og_title":"CONCH VUN-52KAA030 - OMANI VI\u1ec6T NAM","og_description":"CONCH VUN-52KAA030 Counter","og_url":"https:\/\/omanivietnam.com\/index.php\/san-pham\/conch-vun-52kaa030\/","og_site_name":"OMANI VI\u1ec6T NAM","article_modified_time":"2026-01-21T15:27:36+00:00","og_image":[{"width":473,"height":430,"url":"https:\/\/omanivietnam.com\/wp-content\/uploads\/2026\/01\/VUN-52KAA030.png","type":"image\/png"}],"twitter_card":"summary_large_image","twitter_misc":{"\u01af\u1edbc t\u00ednh th\u1eddi gian \u0111\u1ecdc":"1 ph\u00fat"},"schema":{"@context":"https:\/\/schema.org","@graph":[{"@type":"WebPage","@id":"https:\/\/omanivietnam.com\/index.php\/san-pham\/conch-vun-52kaa030\/","url":"https:\/\/omanivietnam.com\/index.php\/san-pham\/conch-vun-52kaa030\/","name":"CONCH VUN-52KAA030 - OMANI VI\u1ec6T NAM","isPartOf":{"@id":"https:\/\/omanivietnam.com\/#website"},"primaryImageOfPage":{"@id":"https:\/\/omanivietnam.com\/index.php\/san-pham\/conch-vun-52kaa030\/#primaryimage"},"image":{"@id":"https:\/\/omanivietnam.com\/index.php\/san-pham\/conch-vun-52kaa030\/#primaryimage"},"thumbnailUrl":"https:\/\/omanivietnam.com\/wp-content\/uploads\/2026\/01\/VUN-52KAA030.png","datePublished":"2026-01-21T15:26:25+00:00","dateModified":"2026-01-21T15:27:36+00:00","description":"CONCH VUN-52KAA030 Counter","breadcrumb":{"@id":"https:\/\/omanivietnam.com\/index.php\/san-pham\/conch-vun-52kaa030\/#breadcrumb"},"inLanguage":"vi","potentialAction":[{"@type":"ReadAction","target":["https:\/\/omanivietnam.com\/index.php\/san-pham\/conch-vun-52kaa030\/"]}]},{"@type":"ImageObject","inLanguage":"vi","@id":"https:\/\/omanivietnam.com\/index.php\/san-pham\/conch-vun-52kaa030\/#primaryimage","url":"https:\/\/omanivietnam.com\/wp-content\/uploads\/2026\/01\/VUN-52KAA030.png","contentUrl":"https:\/\/omanivietnam.com\/wp-content\/uploads\/2026\/01\/VUN-52KAA030.png","width":473,"height":430},{"@type":"BreadcrumbList","@id":"https:\/\/omanivietnam.com\/index.php\/san-pham\/conch-vun-52kaa030\/#breadcrumb","itemListElement":[{"@type":"ListItem","position":1,"name":"Home","item":"https:\/\/omanivietnam.com\/"},{"@type":"ListItem","position":2,"name":"S\u1ea2N PH\u1ea8M","item":"https:\/\/omanivietnam.com\/index.php\/cua-hang\/"},{"@type":"ListItem","position":3,"name":"CONCH VUN-52KAA030"}]},{"@type":"WebSite","@id":"https:\/\/omanivietnam.com\/#website","url":"https:\/\/omanivietnam.com\/","name":"OMANI VI\u1ec6T NAM","description":"Nh\u00e0 ph\u00e2n ph\u1ed1i thi\u1ebft b\u1ecb kh\u00ed n\u00e9n v\u00e0 thi\u1ebft b\u1ecb t\u1ef1 \u0111\u1ed9ng h\u00f3a trong c\u00f4ng nghi\u1ec7p","publisher":{"@id":"https:\/\/omanivietnam.com\/#\/schema\/person\/0ad398a980dc3fd696111c2c5c8fa897"},"potentialAction":[{"@type":"SearchAction","target":{"@type":"EntryPoint","urlTemplate":"https:\/\/omanivietnam.com\/?s={search_term_string}"},"query-input":"required name=search_term_string"}],"inLanguage":"vi"},{"@type":["Person","Organization"],"@id":"https:\/\/omanivietnam.com\/#\/schema\/person\/0ad398a980dc3fd696111c2c5c8fa897","name":"Nguy\u1ec5n V\u0103n Kh\u00e1nh","image":{"@type":"ImageObject","inLanguage":"vi","@id":"https:\/\/omanivietnam.com\/#\/schema\/person\/image\/","url":"https:\/\/omanivietnam.com\/wp-content\/uploads\/2024\/06\/logo-1024x1024.png","contentUrl":"https:\/\/omanivietnam.com\/wp-content\/uploads\/2024\/06\/logo-1024x1024.png","width":1024,"height":1024,"caption":"Nguy\u1ec5n V\u0103n Kh\u00e1nh"},"logo":{"@id":"https:\/\/omanivietnam.com\/#\/schema\/person\/image\/"},"sameAs":["https:\/\/omanivietnam.com"]}]}},"_links":{"self":[{"href":"https:\/\/omanivietnam.com\/index.php\/wp-json\/wp\/v2\/product\/4726","targetHints":{"allow":["GET"]}}],"collection":[{"href":"https:\/\/omanivietnam.com\/index.php\/wp-json\/wp\/v2\/product"}],"about":[{"href":"https:\/\/omanivietnam.com\/index.php\/wp-json\/wp\/v2\/types\/product"}],"replies":[{"embeddable":true,"href":"https:\/\/omanivietnam.com\/index.php\/wp-json\/wp\/v2\/comments?post=4726"}],"wp:featuredmedia":[{"embeddable":true,"href":"https:\/\/omanivietnam.com\/index.php\/wp-json\/wp\/v2\/media\/4727"}],"wp:attachment":[{"href":"https:\/\/omanivietnam.com\/index.php\/wp-json\/wp\/v2\/media?parent=4726"}],"wp:term":[{"taxonomy":"product_cat","embeddable":true,"href":"https:\/\/omanivietnam.com\/index.php\/wp-json\/wp\/v2\/product_cat?post=4726"},{"taxonomy":"product_tag","embeddable":true,"href":"https:\/\/omanivietnam.com\/index.php\/wp-json\/wp\/v2\/product_tag?post=4726"}],"curies":[{"name":"wp","href":"https:\/\/api.w.org\/{rel}","templated":true}]}}