{"id":4728,"date":"2026-01-21T22:52:58","date_gmt":"2026-01-21T15:52:58","guid":{"rendered":"https:\/\/omanivietnam.com\/?post_type=product&#038;p=4728"},"modified":"2026-01-21T22:53:53","modified_gmt":"2026-01-21T15:53:53","slug":"airtec-mf-07-530-hn","status":"publish","type":"product","link":"https:\/\/omanivietnam.com\/index.php\/san-pham\/airtec-mf-07-530-hn\/","title":{"rendered":"AIRTEC MF-07-530-HN"},"content":{"rendered":"<p>AIRTEC MF-07-530-HN<\/p>\n<p>MF-07-510-HN MF-07-511-HN MF-07-520-HN MF-07-530-HN MF-07-533-HN<\/p>\n<p>AIRTEC M-07-520-HN + 23-SP-011-427<\/p>\n<ul>\n<li>M-07-520, solenoid valve.<\/li>\n<li>Filtered, oil-free and dried compressed air according to ISO<br \/>\n8573-1:2010, Class 7:2:4, instrument air, free of aggressive<br \/>\nadditives. Alternatively the pressure dew point must be at<br \/>\nleast 10\u00b0C below lowest occurring ambient temperature<\/li>\n<li>Connection G1\/4<\/li>\n<li>5\/3-way<\/li>\n<li>1580 Nl\/min<\/li>\n<li>Temperature range -10\u00b0C \u2026 +70\u00b0C]<\/li>\n<li>Materials Body: Al (anodized), seals: NBR, inner parts: Al, steel and plastic<\/li>\n<\/ul>\n<p>Van \u0111i\u1ec7n t\u1eeb AIRTEC: MC-20-510-HN<\/p>\n<p>Van \u0111i\u1ec7n t\u1eeb AIRTEC: MC-07-510-HN<\/p>\n<p>Van \u0111i\u1ec7n t\u1eeb AIRTEC: MC-20-520-HN<\/p>\n<p>Van \u0111i\u1ec7n t\u1eeb AIRTEC: MC-20-530-HN<\/p>\n<p>Van \u0111i\u1ec7n t\u1eeb AIRTEC: MC-20-533-HN<\/p>\n<p>Van \u0111i\u1ec7n t\u1eeb AIRTEC: MC-20-510-HN<\/p>\n<p>Van \u0111i\u1ec7n t\u1eeb AIRTEC: MG-07-520-HN<\/p>\n<p>Van \u0111i\u1ec7n t\u1eeb AIRTEC: MO-07-311-HN<\/p>\n<p>Van \u0111i\u1ec7n t\u1eeb AIRTEC: MO-07-310-HN<\/p>\n<p>Van \u0111i\u1ec7n t\u1eeb AIRTEC: MO-07-320-HN<\/p>\n<p>Van \u0111i\u1ec7n t\u1eeb AIRTEC: MO-22-310-HN<\/p>\n<p>Van \u0111i\u1ec7n t\u1eeb AIRTEC: MO-22-311-HN<\/p>\n<p>Van \u0111i\u1ec7n t\u1eeb AIRTEC: MO-05-310-HN<\/p>\n<p>Van \u0111i\u1ec7n t\u1eeb AIRTEC: MO-05-311-HN<\/p>\n<p>Van \u0111i\u1ec7n t\u1eeb AIRTEC: MSO-18-310-HN<\/p>\n<p>Van \u0111i\u1ec7n t\u1eeb AIRTEC: M-07-510-HN<\/p>\n<p><strong>M\u1ed9t s\u1ed1 model s\u1ea3n ph\u1ea9m kh\u00e1c :<\/strong><\/p>\n<p>M-20-510-HN,<\/p>\n<p>MC-20-510-HN,<\/p>\n<p>MD-20-510-HN,<\/p>\n<p>M-05-510-HN,<\/p>\n<p>KN-05-510-HN,<\/p>\n<p>M-07-510-HN,<\/p>\n<p>MC-07-510-HN,<\/p>\n<p>MG-07-510-HN-C12,<\/p>\n<p>MF-04-510-HN,<\/p>\n<p>MF-24-520-HN,<\/p>\n<p>MN-06-510-HN,<\/p>\n<p>M-22-510-HN,<\/p>\n<p>M-22-520-HN,<\/p>\n<p>M-04-510-HN,<\/p>\n<p>M-07-310-HN,<\/p>\n<p>KN-05-311-HN,<\/p>\n<p>KM-10-520-HN,<\/p>\n<p>PE-18-01-40,<\/p>\n<p>KF-10-520-HN,<\/p>\n<p>M-07-530-HN,<\/p>\n<p>KN-05-520-HN,<\/p>\n<p>M-07-520-HN,<\/p>\n<p>M-07-533-HN,<\/p>\n<p>M-07-511-HN,<\/p>\n<p>M-05-311-HN,<\/p>\n<p>MF-07-530-HN,<\/p>\n<p>M-09-19-462-R,<\/p>\n<p>23-SP-011-412,<\/p>\n<p>23-SP-016-712,<\/p>\n<p>23-SP-011-427,<\/p>\n<p>M-07-311-HN,<\/p>\n<p>M-05-310-HN,<\/p>\n<p>KM-10-510-HN,<\/p>\n<p>M-05-520-HN,<\/p>\n<p>MI-03-520-HN,<\/p>\n<p>MS-18-310-HN,<\/p>\n<p>KN-05-511-HN,<\/p>\n<p>MN-06-510-HNX-XXX,<\/p>\n<p>KN-05-511-HN,<\/p>\n<p>MN-06-311-HN,<\/p>\n<p>KN-05-510-HN,<\/p>\n<p>KN-05-510-HN,<\/p>\n<p>KN-05-310-HN,<\/p>\n<p>KN-05-310-HN,<\/p>\n<p>KN-05-511-HN<\/p>\n<p>\u0110\u1ea1i l\u00fd AIRTEC vietnam, AIRTEC viet nam, AIRTEC vietnam distributor, Ph\u00e2n ph\u1ed1i AIRTEC t\u1ea1i vi\u1ec7t nam<\/p>\n<p>\u0110\u1ea1i l\u00fd AIRTEC vietnam, AIRTEC viet nam, AIRTEC vietnam distributor, Ph\u00e2n ph\u1ed1i AIRTEC t\u1ea1i vi\u1ec7t nam<\/p>\n<p>\u0110\u1ea1i l\u00fd AIRTEC vietnam, AIRTEC viet nam, AIRTEC vietnam distributor, Ph\u00e2n ph\u1ed1i AIRTEC t\u1ea1i vi\u1ec7t nam<\/p>\n<p>&nbsp;<\/p>\n","protected":false},"excerpt":{"rendered":"<p>AIRTEC MF-07-530-HN MF-07-510-HN MF-07-511-HN MF-07-520-HN MF-07-530-HN MF-07-533-HN AIRTEC M-07-520-HN + 23-SP-011-427 M-07-520, solenoid valve. Filtered, oil-free and dried compressed air according to ISO 8573-1:2010, Class 7:2:4, instrument air, free of aggressive additives. Alternatively the pressure dew point must be at least 10\u00b0C below lowest occurring ambient temperature Connection G1\/4 5\/3-way&hellip; <\/p>\n","protected":false},"featured_media":4729,"comment_status":"open","ping_status":"closed","template":"","meta":[],"product_cat":[421],"product_tag":[205,206,690],"class_list":{"0":"post-4728","1":"product","2":"type-product","3":"status-publish","4":"has-post-thumbnail","6":"product_cat-airtec","7":"product_tag-airtec-viet-nam","8":"product_tag-dai-ly-airtec-viet-nam","9":"product_tag-van-dien-tu","11":"first","12":"instock","13":"shipping-taxable","14":"product-type-simple"},"yoast_head":"<!-- This site is optimized with the Yoast SEO plugin v22.8 - https:\/\/yoast.com\/wordpress\/plugins\/seo\/ -->\n<title>AIRTEC MF-07-530-HN - OMANI VI\u1ec6T NAM<\/title>\n<meta name=\"description\" content=\"AIRTEC MF-07-530-HN Valve\" \/>\n<meta name=\"robots\" content=\"index, follow, max-snippet:-1, max-image-preview:large, max-video-preview:-1\" \/>\n<link rel=\"canonical\" href=\"https:\/\/omanivietnam.com\/index.php\/san-pham\/airtec-mf-07-530-hn\/\" \/>\n<meta property=\"og:locale\" content=\"vi_VN\" \/>\n<meta property=\"og:type\" content=\"article\" \/>\n<meta property=\"og:title\" content=\"AIRTEC MF-07-530-HN - OMANI VI\u1ec6T NAM\" \/>\n<meta property=\"og:description\" content=\"AIRTEC MF-07-530-HN Valve\" \/>\n<meta property=\"og:url\" content=\"https:\/\/omanivietnam.com\/index.php\/san-pham\/airtec-mf-07-530-hn\/\" \/>\n<meta property=\"og:site_name\" content=\"OMANI VI\u1ec6T NAM\" \/>\n<meta property=\"article:modified_time\" content=\"2026-01-21T15:53:53+00:00\" \/>\n<meta property=\"og:image\" content=\"https:\/\/omanivietnam.com\/wp-content\/uploads\/2026\/01\/MF-07-530-HN.png\" \/>\n\t<meta property=\"og:image:width\" content=\"663\" \/>\n\t<meta property=\"og:image:height\" content=\"740\" \/>\n\t<meta property=\"og:image:type\" content=\"image\/png\" \/>\n<meta name=\"twitter:card\" content=\"summary_large_image\" \/>\n<meta name=\"twitter:label1\" content=\"\u01af\u1edbc t\u00ednh th\u1eddi gian \u0111\u1ecdc\" \/>\n\t<meta name=\"twitter:data1\" content=\"2 ph\u00fat\" \/>\n<script type=\"application\/ld+json\" class=\"yoast-schema-graph\">{\"@context\":\"https:\/\/schema.org\",\"@graph\":[{\"@type\":\"WebPage\",\"@id\":\"https:\/\/omanivietnam.com\/index.php\/san-pham\/airtec-mf-07-530-hn\/\",\"url\":\"https:\/\/omanivietnam.com\/index.php\/san-pham\/airtec-mf-07-530-hn\/\",\"name\":\"AIRTEC MF-07-530-HN - OMANI VI\u1ec6T NAM\",\"isPartOf\":{\"@id\":\"https:\/\/omanivietnam.com\/#website\"},\"primaryImageOfPage\":{\"@id\":\"https:\/\/omanivietnam.com\/index.php\/san-pham\/airtec-mf-07-530-hn\/#primaryimage\"},\"image\":{\"@id\":\"https:\/\/omanivietnam.com\/index.php\/san-pham\/airtec-mf-07-530-hn\/#primaryimage\"},\"thumbnailUrl\":\"https:\/\/omanivietnam.com\/wp-content\/uploads\/2026\/01\/MF-07-530-HN.png\",\"datePublished\":\"2026-01-21T15:52:58+00:00\",\"dateModified\":\"2026-01-21T15:53:53+00:00\",\"description\":\"AIRTEC MF-07-530-HN Valve\",\"breadcrumb\":{\"@id\":\"https:\/\/omanivietnam.com\/index.php\/san-pham\/airtec-mf-07-530-hn\/#breadcrumb\"},\"inLanguage\":\"vi\",\"potentialAction\":[{\"@type\":\"ReadAction\",\"target\":[\"https:\/\/omanivietnam.com\/index.php\/san-pham\/airtec-mf-07-530-hn\/\"]}]},{\"@type\":\"ImageObject\",\"inLanguage\":\"vi\",\"@id\":\"https:\/\/omanivietnam.com\/index.php\/san-pham\/airtec-mf-07-530-hn\/#primaryimage\",\"url\":\"https:\/\/omanivietnam.com\/wp-content\/uploads\/2026\/01\/MF-07-530-HN.png\",\"contentUrl\":\"https:\/\/omanivietnam.com\/wp-content\/uploads\/2026\/01\/MF-07-530-HN.png\",\"width\":663,\"height\":740},{\"@type\":\"BreadcrumbList\",\"@id\":\"https:\/\/omanivietnam.com\/index.php\/san-pham\/airtec-mf-07-530-hn\/#breadcrumb\",\"itemListElement\":[{\"@type\":\"ListItem\",\"position\":1,\"name\":\"Home\",\"item\":\"https:\/\/omanivietnam.com\/\"},{\"@type\":\"ListItem\",\"position\":2,\"name\":\"S\u1ea2N PH\u1ea8M\",\"item\":\"https:\/\/omanivietnam.com\/index.php\/cua-hang\/\"},{\"@type\":\"ListItem\",\"position\":3,\"name\":\"AIRTEC MF-07-530-HN\"}]},{\"@type\":\"WebSite\",\"@id\":\"https:\/\/omanivietnam.com\/#website\",\"url\":\"https:\/\/omanivietnam.com\/\",\"name\":\"OMANI VI\u1ec6T NAM\",\"description\":\"Nh\u00e0 ph\u00e2n ph\u1ed1i thi\u1ebft b\u1ecb kh\u00ed n\u00e9n v\u00e0 thi\u1ebft b\u1ecb t\u1ef1 \u0111\u1ed9ng h\u00f3a trong c\u00f4ng nghi\u1ec7p\",\"publisher\":{\"@id\":\"https:\/\/omanivietnam.com\/#\/schema\/person\/0ad398a980dc3fd696111c2c5c8fa897\"},\"potentialAction\":[{\"@type\":\"SearchAction\",\"target\":{\"@type\":\"EntryPoint\",\"urlTemplate\":\"https:\/\/omanivietnam.com\/?s={search_term_string}\"},\"query-input\":\"required name=search_term_string\"}],\"inLanguage\":\"vi\"},{\"@type\":[\"Person\",\"Organization\"],\"@id\":\"https:\/\/omanivietnam.com\/#\/schema\/person\/0ad398a980dc3fd696111c2c5c8fa897\",\"name\":\"Nguy\u1ec5n V\u0103n Kh\u00e1nh\",\"image\":{\"@type\":\"ImageObject\",\"inLanguage\":\"vi\",\"@id\":\"https:\/\/omanivietnam.com\/#\/schema\/person\/image\/\",\"url\":\"https:\/\/omanivietnam.com\/wp-content\/uploads\/2024\/06\/logo-1024x1024.png\",\"contentUrl\":\"https:\/\/omanivietnam.com\/wp-content\/uploads\/2024\/06\/logo-1024x1024.png\",\"width\":1024,\"height\":1024,\"caption\":\"Nguy\u1ec5n V\u0103n Kh\u00e1nh\"},\"logo\":{\"@id\":\"https:\/\/omanivietnam.com\/#\/schema\/person\/image\/\"},\"sameAs\":[\"https:\/\/omanivietnam.com\"]}]}<\/script>\n<!-- \/ Yoast SEO plugin. -->","yoast_head_json":{"title":"AIRTEC MF-07-530-HN - OMANI VI\u1ec6T NAM","description":"AIRTEC MF-07-530-HN Valve","robots":{"index":"index","follow":"follow","max-snippet":"max-snippet:-1","max-image-preview":"max-image-preview:large","max-video-preview":"max-video-preview:-1"},"canonical":"https:\/\/omanivietnam.com\/index.php\/san-pham\/airtec-mf-07-530-hn\/","og_locale":"vi_VN","og_type":"article","og_title":"AIRTEC MF-07-530-HN - OMANI VI\u1ec6T NAM","og_description":"AIRTEC MF-07-530-HN Valve","og_url":"https:\/\/omanivietnam.com\/index.php\/san-pham\/airtec-mf-07-530-hn\/","og_site_name":"OMANI VI\u1ec6T NAM","article_modified_time":"2026-01-21T15:53:53+00:00","og_image":[{"width":663,"height":740,"url":"https:\/\/omanivietnam.com\/wp-content\/uploads\/2026\/01\/MF-07-530-HN.png","type":"image\/png"}],"twitter_card":"summary_large_image","twitter_misc":{"\u01af\u1edbc t\u00ednh th\u1eddi gian \u0111\u1ecdc":"2 ph\u00fat"},"schema":{"@context":"https:\/\/schema.org","@graph":[{"@type":"WebPage","@id":"https:\/\/omanivietnam.com\/index.php\/san-pham\/airtec-mf-07-530-hn\/","url":"https:\/\/omanivietnam.com\/index.php\/san-pham\/airtec-mf-07-530-hn\/","name":"AIRTEC MF-07-530-HN - OMANI VI\u1ec6T NAM","isPartOf":{"@id":"https:\/\/omanivietnam.com\/#website"},"primaryImageOfPage":{"@id":"https:\/\/omanivietnam.com\/index.php\/san-pham\/airtec-mf-07-530-hn\/#primaryimage"},"image":{"@id":"https:\/\/omanivietnam.com\/index.php\/san-pham\/airtec-mf-07-530-hn\/#primaryimage"},"thumbnailUrl":"https:\/\/omanivietnam.com\/wp-content\/uploads\/2026\/01\/MF-07-530-HN.png","datePublished":"2026-01-21T15:52:58+00:00","dateModified":"2026-01-21T15:53:53+00:00","description":"AIRTEC MF-07-530-HN Valve","breadcrumb":{"@id":"https:\/\/omanivietnam.com\/index.php\/san-pham\/airtec-mf-07-530-hn\/#breadcrumb"},"inLanguage":"vi","potentialAction":[{"@type":"ReadAction","target":["https:\/\/omanivietnam.com\/index.php\/san-pham\/airtec-mf-07-530-hn\/"]}]},{"@type":"ImageObject","inLanguage":"vi","@id":"https:\/\/omanivietnam.com\/index.php\/san-pham\/airtec-mf-07-530-hn\/#primaryimage","url":"https:\/\/omanivietnam.com\/wp-content\/uploads\/2026\/01\/MF-07-530-HN.png","contentUrl":"https:\/\/omanivietnam.com\/wp-content\/uploads\/2026\/01\/MF-07-530-HN.png","width":663,"height":740},{"@type":"BreadcrumbList","@id":"https:\/\/omanivietnam.com\/index.php\/san-pham\/airtec-mf-07-530-hn\/#breadcrumb","itemListElement":[{"@type":"ListItem","position":1,"name":"Home","item":"https:\/\/omanivietnam.com\/"},{"@type":"ListItem","position":2,"name":"S\u1ea2N PH\u1ea8M","item":"https:\/\/omanivietnam.com\/index.php\/cua-hang\/"},{"@type":"ListItem","position":3,"name":"AIRTEC MF-07-530-HN"}]},{"@type":"WebSite","@id":"https:\/\/omanivietnam.com\/#website","url":"https:\/\/omanivietnam.com\/","name":"OMANI VI\u1ec6T NAM","description":"Nh\u00e0 ph\u00e2n ph\u1ed1i thi\u1ebft b\u1ecb kh\u00ed n\u00e9n v\u00e0 thi\u1ebft b\u1ecb t\u1ef1 \u0111\u1ed9ng h\u00f3a trong c\u00f4ng nghi\u1ec7p","publisher":{"@id":"https:\/\/omanivietnam.com\/#\/schema\/person\/0ad398a980dc3fd696111c2c5c8fa897"},"potentialAction":[{"@type":"SearchAction","target":{"@type":"EntryPoint","urlTemplate":"https:\/\/omanivietnam.com\/?s={search_term_string}"},"query-input":"required name=search_term_string"}],"inLanguage":"vi"},{"@type":["Person","Organization"],"@id":"https:\/\/omanivietnam.com\/#\/schema\/person\/0ad398a980dc3fd696111c2c5c8fa897","name":"Nguy\u1ec5n V\u0103n Kh\u00e1nh","image":{"@type":"ImageObject","inLanguage":"vi","@id":"https:\/\/omanivietnam.com\/#\/schema\/person\/image\/","url":"https:\/\/omanivietnam.com\/wp-content\/uploads\/2024\/06\/logo-1024x1024.png","contentUrl":"https:\/\/omanivietnam.com\/wp-content\/uploads\/2024\/06\/logo-1024x1024.png","width":1024,"height":1024,"caption":"Nguy\u1ec5n V\u0103n Kh\u00e1nh"},"logo":{"@id":"https:\/\/omanivietnam.com\/#\/schema\/person\/image\/"},"sameAs":["https:\/\/omanivietnam.com"]}]}},"_links":{"self":[{"href":"https:\/\/omanivietnam.com\/index.php\/wp-json\/wp\/v2\/product\/4728","targetHints":{"allow":["GET"]}}],"collection":[{"href":"https:\/\/omanivietnam.com\/index.php\/wp-json\/wp\/v2\/product"}],"about":[{"href":"https:\/\/omanivietnam.com\/index.php\/wp-json\/wp\/v2\/types\/product"}],"replies":[{"embeddable":true,"href":"https:\/\/omanivietnam.com\/index.php\/wp-json\/wp\/v2\/comments?post=4728"}],"wp:featuredmedia":[{"embeddable":true,"href":"https:\/\/omanivietnam.com\/index.php\/wp-json\/wp\/v2\/media\/4729"}],"wp:attachment":[{"href":"https:\/\/omanivietnam.com\/index.php\/wp-json\/wp\/v2\/media?parent=4728"}],"wp:term":[{"taxonomy":"product_cat","embeddable":true,"href":"https:\/\/omanivietnam.com\/index.php\/wp-json\/wp\/v2\/product_cat?post=4728"},{"taxonomy":"product_tag","embeddable":true,"href":"https:\/\/omanivietnam.com\/index.php\/wp-json\/wp\/v2\/product_tag?post=4728"}],"curies":[{"name":"wp","href":"https:\/\/api.w.org\/{rel}","templated":true}]}}