{"id":4733,"date":"2026-01-23T22:26:01","date_gmt":"2026-01-23T15:26:01","guid":{"rendered":"https:\/\/omanivietnam.com\/?post_type=product&#038;p=4733"},"modified":"2026-01-23T22:27:16","modified_gmt":"2026-01-23T15:27:16","slug":"kromschroder-gik40r02-5","status":"publish","type":"product","link":"https:\/\/omanivietnam.com\/index.php\/san-pham\/kromschroder-gik40r02-5\/","title":{"rendered":"KROMSCHRODER GIK40R02-5"},"content":{"rendered":"<p>KROMSCHRODER GIK40R02-5<\/p>\n<ul>\n<li>Manufacturer : Kromschroder<\/li>\n<li>Product No. : GIK25R02-5<\/li>\n<li>Product Type :\u00a0 Air\/Gas Ratio Controls GIK<\/li>\n<li>Type : GIK = Air\/Gas Ratio Controls<\/li>\n<li>Nominal Size : 40<\/li>\n<li>Rp Internal Thread : R<\/li>\n<li>Maximum Inlet Pressure : 02 = max. 200 mbar<\/li>\n<li>-5 : Pressure test point at the outlet<\/li>\n<li>Weight : 1.8 Kg<\/li>\n<li><strong>Shipping Weight : 3 Kg<\/strong><\/li>\n<\/ul>\n<p>Van ki\u1ec3m so\u00e1t t\u1ec9 l\u1ec7 GIK65F02-6<br \/>\nVan ki\u1ec3m so\u00e1t t\u1ec9 l\u1ec7\u00a0GIK15R02-5<br \/>\nVan ki\u1ec3m so\u00e1t t\u1ec9 l\u1ec7\u00a0GIK20R02-5<br \/>\nVan ki\u1ec3m so\u00e1t t\u1ec9 l\u1ec7\u00a0GIK25R02-5<br \/>\nVan ki\u1ec3m so\u00e1t t\u1ec9 l\u1ec7\u00a0GIK40R02-5<br \/>\nVan ki\u1ec3m so\u00e1t t\u1ec9 l\u1ec7\u00a0GIK50R02-5<br \/>\nVan ki\u1ec3m so\u00e1t t\u1ec9 l\u1ec7\u00a0GIK65F02-6<br \/>\nVan ki\u1ec3m so\u00e1t t\u1ec9 l\u1ec7\u00a0GIK80F02-6<br \/>\nVan ki\u1ec3m so\u00e1t t\u1ec9 l\u1ec7\u00a0GIK100F02-6<br \/>\nVan ki\u1ec3m so\u00e1t t\u1ec9 l\u1ec7\u00a0GIK150F02-6<br \/>\nVan ki\u1ec3m so\u00e1t t\u1ec9 l\u1ec7 GIK15R02-5BZ (03155172) air\/gas ratio control<br \/>\nVan ki\u1ec3m so\u00e1t t\u1ec9 l\u1ec7 GIK15TN02-5BZ (03155178) air\/gas ratio control<br \/>\nVan ki\u1ec3m so\u00e1t t\u1ec9 l\u1ec7 GIK20R02-5BZ (03155124) air\/gas ratio control<br \/>\nVan ki\u1ec3m so\u00e1t t\u1ec9 l\u1ec7 GIK20TN02-5BZ (03155130) air\/gas ratio control<br \/>\nVan ki\u1ec3m so\u00e1t t\u1ec9 l\u1ec7 GIK20TN02-5L (03155131) air\/gas ratio control<br \/>\nVan ki\u1ec3m so\u00e1t t\u1ec9 l\u1ec7 GIK25R02-5BZ (03155136) air\/gas ratio control<br \/>\nVan ki\u1ec3m so\u00e1t t\u1ec9 l\u1ec7 GIK40R02-5BZ (03155148) air\/gas ratio control<br \/>\nVan ki\u1ec3m so\u00e1t t\u1ec9 l\u1ec7 GIK40R02-5LBZ (03155151) air\/gas ratio control<br \/>\nVan ki\u1ec3m so\u00e1t t\u1ec9 l\u1ec7 GIK50R02-5BZ (03155160) air\/gas ratio control<br \/>\nVan ki\u1ec3m so\u00e1t t\u1ec9 l\u1ec7 GIK50TN02-5BZ (03155166) air\/gas ratio control<br \/>\nVan ki\u1ec3m so\u00e1t t\u1ec9 l\u1ec7 GIK150F02-6L (85095221) air\/gas ratio control<br \/>\nVan ki\u1ec3m so\u00e1t t\u1ec9 l\u1ec7 GIK150F02-6 (85095220) air\/gas ratio control<br \/>\nVan ki\u1ec3m so\u00e1t t\u1ec9 l\u1ec7 GIK100TA02-3 (85094320) air\/gas ratio control<br \/>\nVan ki\u1ec3m so\u00e1t t\u1ec9 l\u1ec7 GIK100F02-6L (85094221) air\/gas ratio control<br \/>\nVan ki\u1ec3m so\u00e1t t\u1ec9 l\u1ec7 GIK100F02-6 (85094220) air\/gas ratio control<br \/>\nVan ki\u1ec3m so\u00e1t t\u1ec9 l\u1ec7 GIK80TA02-3 (85093320) air\/gas ratio control<br \/>\nVan ki\u1ec3m so\u00e1t t\u1ec9 l\u1ec7 GIK80F02-6L (85093221) air\/gas ratio control<br \/>\nVan ki\u1ec3m so\u00e1t t\u1ec9 l\u1ec7 GIK80F02-6 (85093220) air\/gas ratio control<br \/>\nVan ki\u1ec3m so\u00e1t t\u1ec9 l\u1ec7 GIK65TA02-3 (85092320) air\/gas ratio control<br \/>\nVan ki\u1ec3m so\u00e1t t\u1ec9 l\u1ec7 GIK65F02-6L (85092221) air\/gas ratio control<br \/>\nVan ki\u1ec3m so\u00e1t t\u1ec9 l\u1ec7 GIK65F02-6 (85092220) air\/gas ratio control<br \/>\nVan ki\u1ec3m so\u00e1t t\u1ec9 l\u1ec7 GIKH 25TN02-5 (03155194) air\/gas ratio control<br \/>\nVan ki\u1ec3m so\u00e1t t\u1ec9 l\u1ec7 GIKH 25R02-5L (03155193) variable air\/gas ratio control<br \/>\nVan ki\u1ec3m so\u00e1t t\u1ec9 l\u1ec7 GIKH 25R02-5B (03155192) variable air\/gas ratio control<br \/>\nVan ki\u1ec3m so\u00e1t t\u1ec9 l\u1ec7 GIKH 25R02-5 (03155191) variable air\/gas ratio control<br \/>\nVan ki\u1ec3m so\u00e1t t\u1ec9 l\u1ec7 GIK15TN02-5B (03155177) air\/gas ratio control<br \/>\nVan ki\u1ec3m so\u00e1t t\u1ec9 l\u1ec7 GIK15TN02-5 (03155176) air\/gas ratio control<br \/>\nVan ki\u1ec3m so\u00e1t t\u1ec9 l\u1ec7 GIK15R02-5LB (03155174) air\/gas ratio control<br \/>\nVan ki\u1ec3m so\u00e1t t\u1ec9 l\u1ec7 GIK15R02-5L (03155173) air\/gas ratio control<br \/>\nVan ki\u1ec3m so\u00e1t t\u1ec9 l\u1ec7 GIK15R02-5B (03155171) air\/gas ratio control<br \/>\nVan ki\u1ec3m so\u00e1t t\u1ec9 l\u1ec7 GIK15R02-5 (03155170) air\/gas ratio control<br \/>\nVan ki\u1ec3m so\u00e1t t\u1ec9 l\u1ec7 GIK50TN02-5B (03155165) air\/gas ratio control<br \/>\nVan ki\u1ec3m so\u00e1t t\u1ec9 l\u1ec7 GIK50TN02-5 (03155164) air\/gas ratio control<br \/>\nVan ki\u1ec3m so\u00e1t t\u1ec9 l\u1ec7 GIK50R02-5LB (03155162) air\/gas ratio control<br \/>\nVan ki\u1ec3m so\u00e1t t\u1ec9 l\u1ec7 GIK50R02-5L (03155161) air\/gas ratio control<br \/>\nVan ki\u1ec3m so\u00e1t t\u1ec9 l\u1ec7 GIK50R02-5B (03155159) air\/gas ratio control<br \/>\nVan ki\u1ec3m so\u00e1t t\u1ec9 l\u1ec7 GIK50R02-5 (03155158) air\/gas ratio control<br \/>\nVan ki\u1ec3m so\u00e1t t\u1ec9 l\u1ec7 GIK40TN02-5LB (03155156) air\/gas ratio control<br \/>\nVan ki\u1ec3m so\u00e1t t\u1ec9 l\u1ec7 GIK40TN02-5BZ (03155154) air\/gas ratio control<br \/>\nVan ki\u1ec3m so\u00e1t t\u1ec9 l\u1ec7 GIK40TN02-5B (03155153) air\/gas ratio control<br \/>\nVan ki\u1ec3m so\u00e1t t\u1ec9 l\u1ec7 GIK40TN02-5 (03155152) air\/gas ratio control<br \/>\nVan ki\u1ec3m so\u00e1t t\u1ec9 l\u1ec7 GIK40R02-5LB (03155150) air\/gas ratio control<br \/>\nVan ki\u1ec3m so\u00e1t t\u1ec9 l\u1ec7 GIK40R02-5L (03155149) air\/gas ratio control<br \/>\nVan ki\u1ec3m so\u00e1t t\u1ec9 l\u1ec7 GIK40R02-5B (03155147) air\/gas ratio control<br \/>\nVan ki\u1ec3m so\u00e1t t\u1ec9 l\u1ec7 GIK40R02-5 (03155146) air\/gas ratio control<br \/>\nVan ki\u1ec3m so\u00e1t t\u1ec9 l\u1ec7 GIK25TN02-5L (03155143) air\/gas ratio control<br \/>\nVan ki\u1ec3m so\u00e1t t\u1ec9 l\u1ec7 GIK25TN02-5B (03155141) air\/gas ratio control<br \/>\nVan ki\u1ec3m so\u00e1t t\u1ec9 l\u1ec7 GIK25TN02-5 (03155140) air\/gas ratio control<br \/>\nVan ki\u1ec3m so\u00e1t t\u1ec9 l\u1ec7 GIK25R02-5LB (03155138) air\/gas ratio control<br \/>\nVan ki\u1ec3m so\u00e1t t\u1ec9 l\u1ec7 GIK25R02-5L (03155137) air\/gas ratio control<br \/>\nVan ki\u1ec3m so\u00e1t t\u1ec9 l\u1ec7 GIK25R02-5B (03155135) air\/gas ratio control<br \/>\nVan ki\u1ec3m so\u00e1t t\u1ec9 l\u1ec7 GIK25R02-5 (03155134) air\/gas ratio control<br \/>\nVan ki\u1ec3m so\u00e1t t\u1ec9 l\u1ec7 GIK20TN02-5LB (03155132) air\/gas ratio control<br \/>\nVan ki\u1ec3m so\u00e1t t\u1ec9 l\u1ec7 GIK20TN02-5B (03155129) air\/gas ratio control<br \/>\nVan ki\u1ec3m so\u00e1t t\u1ec9 l\u1ec7 GIK20TN02-5 (03155128) air\/gas ratio control<br \/>\nVan ki\u1ec3m so\u00e1t t\u1ec9 l\u1ec7 GIK20R02-5LB (03155126) air\/gas ratio control<br \/>\nVan ki\u1ec3m so\u00e1t t\u1ec9 l\u1ec7 GIK20R02-5L (03155125) air\/gas ratio control<br \/>\nVan ki\u1ec3m so\u00e1t t\u1ec9 l\u1ec7 GIK20R02-5B (03155123) air\/gas ratio control<br \/>\nVan ki\u1ec3m so\u00e1t t\u1ec9 l\u1ec7 GIK20R02-5 (03155122) air\/gas ratio control<\/p>\n<p>\u0110\u1ea1i l\u00fd KROMSCHRODER vietnam, KROMSCHRODER viet nam, KROMSCHRODER vietnam distributor, Ph\u00e2n ph\u1ed1i KROMSCHRODER t\u1ea1i vi\u1ec7t nam<\/p>\n<p>\u0110\u1ea1i l\u00fd KROMSCHRODER vietnam, KROMSCHRODER viet nam, KROMSCHRODER vietnam distributor, Ph\u00e2n ph\u1ed1i KROMSCHRODER t\u1ea1i vi\u1ec7t nam<\/p>\n<p>\u0110\u1ea1i l\u00fd KROMSCHRODER vietnam, KROMSCHRODER viet nam, KROMSCHRODER vietnam distributor, Ph\u00e2n ph\u1ed1i KROMSCHRODER t\u1ea1i vi\u1ec7t nam<\/p>\n","protected":false},"excerpt":{"rendered":"<p>KROMSCHRODER GIK40R02-5 Manufacturer : Kromschroder Product No. : GIK25R02-5 Product Type :\u00a0 Air\/Gas Ratio Controls GIK Type : GIK = Air\/Gas Ratio Controls Nominal Size : 40 Rp Internal Thread : R Maximum Inlet Pressure : 02 = max. 200 mbar -5 : Pressure test point at the outlet Weight&hellip; <\/p>\n","protected":false},"featured_media":4734,"comment_status":"open","ping_status":"closed","template":"","meta":[],"product_cat":[418],"product_tag":[194,193,451],"class_list":{"0":"post-4733","1":"product","2":"type-product","3":"status-publish","4":"has-post-thumbnail","6":"product_cat-kromschroder","7":"product_tag-dai-ly-kromschroder-viet-nam","8":"product_tag-kromschroder-viet-nam","9":"product_tag-van","11":"first","12":"instock","13":"shipping-taxable","14":"product-type-simple"},"yoast_head":"<!-- This site is optimized with the Yoast SEO plugin v22.8 - https:\/\/yoast.com\/wordpress\/plugins\/seo\/ -->\n<title>KROMSCHRODER GIK40R02-5 - OMANI VI\u1ec6T NAM<\/title>\n<meta name=\"description\" content=\"KROMSCHRODER GIK40R02-5 gas proportional valve\" \/>\n<meta name=\"robots\" content=\"index, follow, max-snippet:-1, max-image-preview:large, max-video-preview:-1\" \/>\n<link rel=\"canonical\" href=\"https:\/\/omanivietnam.com\/index.php\/san-pham\/kromschroder-gik40r02-5\/\" \/>\n<meta property=\"og:locale\" content=\"vi_VN\" \/>\n<meta property=\"og:type\" content=\"article\" \/>\n<meta property=\"og:title\" content=\"KROMSCHRODER GIK40R02-5 - OMANI VI\u1ec6T NAM\" \/>\n<meta property=\"og:description\" content=\"KROMSCHRODER GIK40R02-5 gas proportional valve\" \/>\n<meta property=\"og:url\" content=\"https:\/\/omanivietnam.com\/index.php\/san-pham\/kromschroder-gik40r02-5\/\" \/>\n<meta property=\"og:site_name\" content=\"OMANI VI\u1ec6T NAM\" \/>\n<meta property=\"article:modified_time\" content=\"2026-01-23T15:27:16+00:00\" \/>\n<meta property=\"og:image\" content=\"https:\/\/omanivietnam.com\/wp-content\/uploads\/2026\/01\/GIK40R02-5.png\" \/>\n\t<meta property=\"og:image:width\" content=\"845\" \/>\n\t<meta property=\"og:image:height\" content=\"882\" \/>\n\t<meta property=\"og:image:type\" content=\"image\/png\" \/>\n<meta name=\"twitter:card\" content=\"summary_large_image\" \/>\n<meta name=\"twitter:label1\" content=\"\u01af\u1edbc t\u00ednh th\u1eddi gian \u0111\u1ecdc\" \/>\n\t<meta name=\"twitter:data1\" content=\"5 ph\u00fat\" \/>\n<script type=\"application\/ld+json\" class=\"yoast-schema-graph\">{\"@context\":\"https:\/\/schema.org\",\"@graph\":[{\"@type\":\"WebPage\",\"@id\":\"https:\/\/omanivietnam.com\/index.php\/san-pham\/kromschroder-gik40r02-5\/\",\"url\":\"https:\/\/omanivietnam.com\/index.php\/san-pham\/kromschroder-gik40r02-5\/\",\"name\":\"KROMSCHRODER GIK40R02-5 - OMANI VI\u1ec6T NAM\",\"isPartOf\":{\"@id\":\"https:\/\/omanivietnam.com\/#website\"},\"primaryImageOfPage\":{\"@id\":\"https:\/\/omanivietnam.com\/index.php\/san-pham\/kromschroder-gik40r02-5\/#primaryimage\"},\"image\":{\"@id\":\"https:\/\/omanivietnam.com\/index.php\/san-pham\/kromschroder-gik40r02-5\/#primaryimage\"},\"thumbnailUrl\":\"https:\/\/omanivietnam.com\/wp-content\/uploads\/2026\/01\/GIK40R02-5.png\",\"datePublished\":\"2026-01-23T15:26:01+00:00\",\"dateModified\":\"2026-01-23T15:27:16+00:00\",\"description\":\"KROMSCHRODER GIK40R02-5 gas proportional valve\",\"breadcrumb\":{\"@id\":\"https:\/\/omanivietnam.com\/index.php\/san-pham\/kromschroder-gik40r02-5\/#breadcrumb\"},\"inLanguage\":\"vi\",\"potentialAction\":[{\"@type\":\"ReadAction\",\"target\":[\"https:\/\/omanivietnam.com\/index.php\/san-pham\/kromschroder-gik40r02-5\/\"]}]},{\"@type\":\"ImageObject\",\"inLanguage\":\"vi\",\"@id\":\"https:\/\/omanivietnam.com\/index.php\/san-pham\/kromschroder-gik40r02-5\/#primaryimage\",\"url\":\"https:\/\/omanivietnam.com\/wp-content\/uploads\/2026\/01\/GIK40R02-5.png\",\"contentUrl\":\"https:\/\/omanivietnam.com\/wp-content\/uploads\/2026\/01\/GIK40R02-5.png\",\"width\":845,\"height\":882},{\"@type\":\"BreadcrumbList\",\"@id\":\"https:\/\/omanivietnam.com\/index.php\/san-pham\/kromschroder-gik40r02-5\/#breadcrumb\",\"itemListElement\":[{\"@type\":\"ListItem\",\"position\":1,\"name\":\"Home\",\"item\":\"https:\/\/omanivietnam.com\/\"},{\"@type\":\"ListItem\",\"position\":2,\"name\":\"S\u1ea2N PH\u1ea8M\",\"item\":\"https:\/\/omanivietnam.com\/index.php\/cua-hang\/\"},{\"@type\":\"ListItem\",\"position\":3,\"name\":\"KROMSCHRODER GIK40R02-5\"}]},{\"@type\":\"WebSite\",\"@id\":\"https:\/\/omanivietnam.com\/#website\",\"url\":\"https:\/\/omanivietnam.com\/\",\"name\":\"OMANI VI\u1ec6T NAM\",\"description\":\"Nh\u00e0 ph\u00e2n ph\u1ed1i thi\u1ebft b\u1ecb kh\u00ed n\u00e9n v\u00e0 thi\u1ebft b\u1ecb t\u1ef1 \u0111\u1ed9ng h\u00f3a trong c\u00f4ng nghi\u1ec7p\",\"publisher\":{\"@id\":\"https:\/\/omanivietnam.com\/#\/schema\/person\/0ad398a980dc3fd696111c2c5c8fa897\"},\"potentialAction\":[{\"@type\":\"SearchAction\",\"target\":{\"@type\":\"EntryPoint\",\"urlTemplate\":\"https:\/\/omanivietnam.com\/?s={search_term_string}\"},\"query-input\":\"required name=search_term_string\"}],\"inLanguage\":\"vi\"},{\"@type\":[\"Person\",\"Organization\"],\"@id\":\"https:\/\/omanivietnam.com\/#\/schema\/person\/0ad398a980dc3fd696111c2c5c8fa897\",\"name\":\"Nguy\u1ec5n V\u0103n Kh\u00e1nh\",\"image\":{\"@type\":\"ImageObject\",\"inLanguage\":\"vi\",\"@id\":\"https:\/\/omanivietnam.com\/#\/schema\/person\/image\/\",\"url\":\"https:\/\/omanivietnam.com\/wp-content\/uploads\/2024\/06\/logo-1024x1024.png\",\"contentUrl\":\"https:\/\/omanivietnam.com\/wp-content\/uploads\/2024\/06\/logo-1024x1024.png\",\"width\":1024,\"height\":1024,\"caption\":\"Nguy\u1ec5n V\u0103n Kh\u00e1nh\"},\"logo\":{\"@id\":\"https:\/\/omanivietnam.com\/#\/schema\/person\/image\/\"},\"sameAs\":[\"https:\/\/omanivietnam.com\"]}]}<\/script>\n<!-- \/ Yoast SEO plugin. -->","yoast_head_json":{"title":"KROMSCHRODER GIK40R02-5 - OMANI VI\u1ec6T NAM","description":"KROMSCHRODER GIK40R02-5 gas proportional valve","robots":{"index":"index","follow":"follow","max-snippet":"max-snippet:-1","max-image-preview":"max-image-preview:large","max-video-preview":"max-video-preview:-1"},"canonical":"https:\/\/omanivietnam.com\/index.php\/san-pham\/kromschroder-gik40r02-5\/","og_locale":"vi_VN","og_type":"article","og_title":"KROMSCHRODER GIK40R02-5 - OMANI VI\u1ec6T NAM","og_description":"KROMSCHRODER GIK40R02-5 gas proportional valve","og_url":"https:\/\/omanivietnam.com\/index.php\/san-pham\/kromschroder-gik40r02-5\/","og_site_name":"OMANI VI\u1ec6T NAM","article_modified_time":"2026-01-23T15:27:16+00:00","og_image":[{"width":845,"height":882,"url":"https:\/\/omanivietnam.com\/wp-content\/uploads\/2026\/01\/GIK40R02-5.png","type":"image\/png"}],"twitter_card":"summary_large_image","twitter_misc":{"\u01af\u1edbc t\u00ednh th\u1eddi gian \u0111\u1ecdc":"5 ph\u00fat"},"schema":{"@context":"https:\/\/schema.org","@graph":[{"@type":"WebPage","@id":"https:\/\/omanivietnam.com\/index.php\/san-pham\/kromschroder-gik40r02-5\/","url":"https:\/\/omanivietnam.com\/index.php\/san-pham\/kromschroder-gik40r02-5\/","name":"KROMSCHRODER GIK40R02-5 - OMANI VI\u1ec6T NAM","isPartOf":{"@id":"https:\/\/omanivietnam.com\/#website"},"primaryImageOfPage":{"@id":"https:\/\/omanivietnam.com\/index.php\/san-pham\/kromschroder-gik40r02-5\/#primaryimage"},"image":{"@id":"https:\/\/omanivietnam.com\/index.php\/san-pham\/kromschroder-gik40r02-5\/#primaryimage"},"thumbnailUrl":"https:\/\/omanivietnam.com\/wp-content\/uploads\/2026\/01\/GIK40R02-5.png","datePublished":"2026-01-23T15:26:01+00:00","dateModified":"2026-01-23T15:27:16+00:00","description":"KROMSCHRODER GIK40R02-5 gas proportional valve","breadcrumb":{"@id":"https:\/\/omanivietnam.com\/index.php\/san-pham\/kromschroder-gik40r02-5\/#breadcrumb"},"inLanguage":"vi","potentialAction":[{"@type":"ReadAction","target":["https:\/\/omanivietnam.com\/index.php\/san-pham\/kromschroder-gik40r02-5\/"]}]},{"@type":"ImageObject","inLanguage":"vi","@id":"https:\/\/omanivietnam.com\/index.php\/san-pham\/kromschroder-gik40r02-5\/#primaryimage","url":"https:\/\/omanivietnam.com\/wp-content\/uploads\/2026\/01\/GIK40R02-5.png","contentUrl":"https:\/\/omanivietnam.com\/wp-content\/uploads\/2026\/01\/GIK40R02-5.png","width":845,"height":882},{"@type":"BreadcrumbList","@id":"https:\/\/omanivietnam.com\/index.php\/san-pham\/kromschroder-gik40r02-5\/#breadcrumb","itemListElement":[{"@type":"ListItem","position":1,"name":"Home","item":"https:\/\/omanivietnam.com\/"},{"@type":"ListItem","position":2,"name":"S\u1ea2N PH\u1ea8M","item":"https:\/\/omanivietnam.com\/index.php\/cua-hang\/"},{"@type":"ListItem","position":3,"name":"KROMSCHRODER GIK40R02-5"}]},{"@type":"WebSite","@id":"https:\/\/omanivietnam.com\/#website","url":"https:\/\/omanivietnam.com\/","name":"OMANI VI\u1ec6T NAM","description":"Nh\u00e0 ph\u00e2n ph\u1ed1i thi\u1ebft b\u1ecb kh\u00ed n\u00e9n v\u00e0 thi\u1ebft b\u1ecb t\u1ef1 \u0111\u1ed9ng h\u00f3a trong c\u00f4ng nghi\u1ec7p","publisher":{"@id":"https:\/\/omanivietnam.com\/#\/schema\/person\/0ad398a980dc3fd696111c2c5c8fa897"},"potentialAction":[{"@type":"SearchAction","target":{"@type":"EntryPoint","urlTemplate":"https:\/\/omanivietnam.com\/?s={search_term_string}"},"query-input":"required name=search_term_string"}],"inLanguage":"vi"},{"@type":["Person","Organization"],"@id":"https:\/\/omanivietnam.com\/#\/schema\/person\/0ad398a980dc3fd696111c2c5c8fa897","name":"Nguy\u1ec5n V\u0103n Kh\u00e1nh","image":{"@type":"ImageObject","inLanguage":"vi","@id":"https:\/\/omanivietnam.com\/#\/schema\/person\/image\/","url":"https:\/\/omanivietnam.com\/wp-content\/uploads\/2024\/06\/logo-1024x1024.png","contentUrl":"https:\/\/omanivietnam.com\/wp-content\/uploads\/2024\/06\/logo-1024x1024.png","width":1024,"height":1024,"caption":"Nguy\u1ec5n V\u0103n Kh\u00e1nh"},"logo":{"@id":"https:\/\/omanivietnam.com\/#\/schema\/person\/image\/"},"sameAs":["https:\/\/omanivietnam.com"]}]}},"_links":{"self":[{"href":"https:\/\/omanivietnam.com\/index.php\/wp-json\/wp\/v2\/product\/4733","targetHints":{"allow":["GET"]}}],"collection":[{"href":"https:\/\/omanivietnam.com\/index.php\/wp-json\/wp\/v2\/product"}],"about":[{"href":"https:\/\/omanivietnam.com\/index.php\/wp-json\/wp\/v2\/types\/product"}],"replies":[{"embeddable":true,"href":"https:\/\/omanivietnam.com\/index.php\/wp-json\/wp\/v2\/comments?post=4733"}],"wp:featuredmedia":[{"embeddable":true,"href":"https:\/\/omanivietnam.com\/index.php\/wp-json\/wp\/v2\/media\/4734"}],"wp:attachment":[{"href":"https:\/\/omanivietnam.com\/index.php\/wp-json\/wp\/v2\/media?parent=4733"}],"wp:term":[{"taxonomy":"product_cat","embeddable":true,"href":"https:\/\/omanivietnam.com\/index.php\/wp-json\/wp\/v2\/product_cat?post=4733"},{"taxonomy":"product_tag","embeddable":true,"href":"https:\/\/omanivietnam.com\/index.php\/wp-json\/wp\/v2\/product_tag?post=4733"}],"curies":[{"name":"wp","href":"https:\/\/api.w.org\/{rel}","templated":true}]}}