{"id":4737,"date":"2026-01-24T21:56:48","date_gmt":"2026-01-24T14:56:48","guid":{"rendered":"https:\/\/omanivietnam.com\/?post_type=product&#038;p=4737"},"modified":"2026-01-24T21:57:40","modified_gmt":"2026-01-24T14:57:40","slug":"infineon-fz400r12ks4","status":"publish","type":"product","link":"https:\/\/omanivietnam.com\/index.php\/san-pham\/infineon-fz400r12ks4\/","title":{"rendered":"INFINEON FZ400R12KS4"},"content":{"rendered":"<p>INFINEON FZ400R12KS4<\/p>\n<p class=\"QN2lPu\">Th\u00f4ng tin s\u1ea3n ph\u1ea9m FZ400R12KS4 IGBT m\u00f4 \u0111un 400A 1200V<\/p>\n<p class=\"QN2lPu\">\u25cf M\u00e3 s\u1ea3n ph\u1ea9m: FZ400R12KS4<\/p>\n<p class=\"QN2lPu\">\u25cf Ph\u00e2n lo\u1ea1i: IGBT<\/p>\n<p class=\"QN2lPu\">\u25cf Th\u01b0\u01a1ng hi\u1ec7u: Infineon<\/p>\n<p class=\"QN2lPu\">\u25cf Xu\u1ea5t x\u1ee9: \u0110\u1ee9c<\/p>\n<p class=\"QN2lPu\">\u25cf D\u00f2ng t\u1ea3i: 300A<\/p>\n<p class=\"QN2lPu\">\u25cf \u0110i\u1ec7n th\u1ebf: 1200V<\/p>\n<table>\n<tbody>\n<tr class=\"rowBgui\">\n<td class=\"tdwdt \">Voltage<\/td>\n<td class=\"tdwdt1 color6 \"><span class=\"datatooltip\">1200 V<\/span><\/td>\n<\/tr>\n<tr class=\"\">\n<td class=\"tdwdt \">Brand<\/td>\n<td class=\"tdwdt1 color6 \"><span class=\"datatooltip\">INFINEON<\/span><\/td>\n<\/tr>\n<tr class=\"rowBgui\">\n<td class=\"tdwdt \">Usage\/Application<\/td>\n<td class=\"tdwdt1 color6 \"><span class=\"datatooltip\">High Short Circuit Capability, Self Limiting Short Circuit Current<\/span><\/td>\n<\/tr>\n<tr class=\"\">\n<td class=\"tdwdt \">Model Number<\/td>\n<td class=\"tdwdt1 color6 \"><span class=\"datatooltip\">FZ400R12KS4<\/span><\/td>\n<\/tr>\n<tr class=\"rowBgui\">\n<td class=\"tdwdt \">Current Rating<\/td>\n<td class=\"tdwdt1 color6 \"><span class=\"datatooltip\">400 A<\/span><\/td>\n<\/tr>\n<tr class=\"\">\n<td class=\"tdwdt \">Color<\/td>\n<td class=\"tdwdt1 color6 \"><span class=\"datatooltip\">WHITE<\/span><\/td>\n<\/tr>\n<tr class=\"rowBgui\">\n<td class=\"tdwdt \">Memory<\/td>\n<td class=\"tdwdt1 color6 \"><span class=\"datatooltip\">ELECTRONICS<\/span><\/td>\n<\/tr>\n<tr class=\"\">\n<td class=\"tdwdt \">Features<\/td>\n<td class=\"tdwdt1 color6 \"><span class=\"datatooltip\">High Frequency Switching Application, Medical Applications<\/span><\/td>\n<\/tr>\n<tr class=\"rowBgui\">\n<td class=\"tdwdt \">Availability<\/td>\n<td class=\"tdwdt1 color6 \"><span class=\"datatooltip\">In Stock<\/span><\/td>\n<\/tr>\n<\/tbody>\n<\/table>\n<div>\n<div>\n<div id=\"descp2\">\n<div class=\" pro-descN\">\n<p><b>Applications<\/b>:-<\/p>\n<ul>\n<li>High Frequency Switching Application<\/li>\n<li>Medical Applications<\/li>\n<li>Motor Drives<\/li>\n<\/ul>\n<p><b><br \/>\nFeatures:-<\/b><\/p>\n<ul>\n<li>High Short Circuit Capability, Self Limiting Short Circuit Current<\/li>\n<li>Low Switching Losses<\/li>\n<\/ul>\n<p>INFINEON TD180N16KOF \u00a0FF900R12IP4 \u00a0FS450R12KE3 FF100R12KS4 FS75R06KE3 IXGN60N6<\/p>\n<p>FF300R12KE3 TD330N16KOF BYM600A170DN2 FZ800R12KE3<\/p>\n<p>INFINEON FF300R12KE3 INFINEON TD330N16KOF\u00a0 INFINEON BYM600A170DN2 INFINEON FZ800R12KE3<\/p>\n<p>\u0110\u1ea1i l\u00fd INFINEON vietnam, INFINEON viet nam, INFINEON vietnam distributor, Ph\u00e2n ph\u1ed1i INFINEON t\u1ea1i vi\u1ec7t nam<\/p>\n<p>\u0110\u1ea1i l\u00fd INFINEON vietnam, INFINEON viet nam, INFINEON vietnam distributor, Ph\u00e2n ph\u1ed1i INFINEON t\u1ea1i vi\u1ec7t nam<\/p>\n<p>\u0110\u1ea1i l\u00fd INFINEON vietnam, INFINEON viet nam, INFINEON vietnam distributor, Ph\u00e2n ph\u1ed1i INFINEON t\u1ea1i vi\u1ec7t nam<\/p>\n<\/div>\n<\/div>\n<\/div>\n<\/div>\n","protected":false},"excerpt":{"rendered":"<p>INFINEON FZ400R12KS4 Th\u00f4ng tin s\u1ea3n ph\u1ea9m FZ400R12KS4 IGBT m\u00f4 \u0111un 400A 1200V \u25cf M\u00e3 s\u1ea3n ph\u1ea9m: FZ400R12KS4 \u25cf Ph\u00e2n lo\u1ea1i: IGBT \u25cf Th\u01b0\u01a1ng hi\u1ec7u: Infineon \u25cf Xu\u1ea5t x\u1ee9: \u0110\u1ee9c \u25cf D\u00f2ng t\u1ea3i: 300A \u25cf \u0110i\u1ec7n th\u1ebf: 1200V Voltage 1200 V Brand INFINEON Usage\/Application High Short Circuit Capability, Self Limiting Short&hellip; <\/p>\n","protected":false},"featured_media":4738,"comment_status":"open","ping_status":"closed","template":"","meta":[],"product_cat":[749],"product_tag":[751,750,159],"class_list":{"0":"post-4737","1":"product","2":"type-product","3":"status-publish","4":"has-post-thumbnail","6":"product_cat-infineon","7":"product_tag-dai-ly-infineon-viet-nam","8":"product_tag-infineon-viet-nam","9":"product_tag-mo-dun","11":"first","12":"instock","13":"shipping-taxable","14":"product-type-simple"},"yoast_head":"<!-- This site is optimized with the Yoast SEO plugin v22.8 - https:\/\/yoast.com\/wordpress\/plugins\/seo\/ -->\n<title>INFINEON FZ400R12KS4 - OMANI VI\u1ec6T NAM<\/title>\n<meta name=\"description\" content=\"INFINEON FZ400R12KS4 Module\" \/>\n<meta name=\"robots\" content=\"index, follow, max-snippet:-1, max-image-preview:large, max-video-preview:-1\" \/>\n<link rel=\"canonical\" href=\"https:\/\/omanivietnam.com\/index.php\/san-pham\/infineon-fz400r12ks4\/\" \/>\n<meta property=\"og:locale\" content=\"vi_VN\" \/>\n<meta property=\"og:type\" content=\"article\" \/>\n<meta property=\"og:title\" content=\"INFINEON FZ400R12KS4 - OMANI VI\u1ec6T NAM\" \/>\n<meta property=\"og:description\" content=\"INFINEON FZ400R12KS4 Module\" \/>\n<meta property=\"og:url\" content=\"https:\/\/omanivietnam.com\/index.php\/san-pham\/infineon-fz400r12ks4\/\" \/>\n<meta property=\"og:site_name\" content=\"OMANI VI\u1ec6T NAM\" \/>\n<meta property=\"article:modified_time\" content=\"2026-01-24T14:57:40+00:00\" \/>\n<meta property=\"og:image\" content=\"https:\/\/omanivietnam.com\/wp-content\/uploads\/2026\/01\/FZ400R12KS4.png\" \/>\n\t<meta property=\"og:image:width\" content=\"772\" \/>\n\t<meta property=\"og:image:height\" content=\"643\" \/>\n\t<meta property=\"og:image:type\" content=\"image\/png\" \/>\n<meta name=\"twitter:card\" content=\"summary_large_image\" \/>\n<meta name=\"twitter:label1\" content=\"\u01af\u1edbc t\u00ednh th\u1eddi gian \u0111\u1ecdc\" \/>\n\t<meta name=\"twitter:data1\" content=\"2 ph\u00fat\" \/>\n<script type=\"application\/ld+json\" class=\"yoast-schema-graph\">{\"@context\":\"https:\/\/schema.org\",\"@graph\":[{\"@type\":\"WebPage\",\"@id\":\"https:\/\/omanivietnam.com\/index.php\/san-pham\/infineon-fz400r12ks4\/\",\"url\":\"https:\/\/omanivietnam.com\/index.php\/san-pham\/infineon-fz400r12ks4\/\",\"name\":\"INFINEON FZ400R12KS4 - OMANI VI\u1ec6T NAM\",\"isPartOf\":{\"@id\":\"https:\/\/omanivietnam.com\/#website\"},\"primaryImageOfPage\":{\"@id\":\"https:\/\/omanivietnam.com\/index.php\/san-pham\/infineon-fz400r12ks4\/#primaryimage\"},\"image\":{\"@id\":\"https:\/\/omanivietnam.com\/index.php\/san-pham\/infineon-fz400r12ks4\/#primaryimage\"},\"thumbnailUrl\":\"https:\/\/omanivietnam.com\/wp-content\/uploads\/2026\/01\/FZ400R12KS4.png\",\"datePublished\":\"2026-01-24T14:56:48+00:00\",\"dateModified\":\"2026-01-24T14:57:40+00:00\",\"description\":\"INFINEON FZ400R12KS4 Module\",\"breadcrumb\":{\"@id\":\"https:\/\/omanivietnam.com\/index.php\/san-pham\/infineon-fz400r12ks4\/#breadcrumb\"},\"inLanguage\":\"vi\",\"potentialAction\":[{\"@type\":\"ReadAction\",\"target\":[\"https:\/\/omanivietnam.com\/index.php\/san-pham\/infineon-fz400r12ks4\/\"]}]},{\"@type\":\"ImageObject\",\"inLanguage\":\"vi\",\"@id\":\"https:\/\/omanivietnam.com\/index.php\/san-pham\/infineon-fz400r12ks4\/#primaryimage\",\"url\":\"https:\/\/omanivietnam.com\/wp-content\/uploads\/2026\/01\/FZ400R12KS4.png\",\"contentUrl\":\"https:\/\/omanivietnam.com\/wp-content\/uploads\/2026\/01\/FZ400R12KS4.png\",\"width\":772,\"height\":643},{\"@type\":\"BreadcrumbList\",\"@id\":\"https:\/\/omanivietnam.com\/index.php\/san-pham\/infineon-fz400r12ks4\/#breadcrumb\",\"itemListElement\":[{\"@type\":\"ListItem\",\"position\":1,\"name\":\"Home\",\"item\":\"https:\/\/omanivietnam.com\/\"},{\"@type\":\"ListItem\",\"position\":2,\"name\":\"S\u1ea2N PH\u1ea8M\",\"item\":\"https:\/\/omanivietnam.com\/index.php\/cua-hang\/\"},{\"@type\":\"ListItem\",\"position\":3,\"name\":\"INFINEON FZ400R12KS4\"}]},{\"@type\":\"WebSite\",\"@id\":\"https:\/\/omanivietnam.com\/#website\",\"url\":\"https:\/\/omanivietnam.com\/\",\"name\":\"OMANI VI\u1ec6T NAM\",\"description\":\"Nh\u00e0 ph\u00e2n ph\u1ed1i thi\u1ebft b\u1ecb kh\u00ed n\u00e9n v\u00e0 thi\u1ebft b\u1ecb t\u1ef1 \u0111\u1ed9ng h\u00f3a trong c\u00f4ng nghi\u1ec7p\",\"publisher\":{\"@id\":\"https:\/\/omanivietnam.com\/#\/schema\/person\/0ad398a980dc3fd696111c2c5c8fa897\"},\"potentialAction\":[{\"@type\":\"SearchAction\",\"target\":{\"@type\":\"EntryPoint\",\"urlTemplate\":\"https:\/\/omanivietnam.com\/?s={search_term_string}\"},\"query-input\":\"required name=search_term_string\"}],\"inLanguage\":\"vi\"},{\"@type\":[\"Person\",\"Organization\"],\"@id\":\"https:\/\/omanivietnam.com\/#\/schema\/person\/0ad398a980dc3fd696111c2c5c8fa897\",\"name\":\"Nguy\u1ec5n V\u0103n Kh\u00e1nh\",\"image\":{\"@type\":\"ImageObject\",\"inLanguage\":\"vi\",\"@id\":\"https:\/\/omanivietnam.com\/#\/schema\/person\/image\/\",\"url\":\"https:\/\/omanivietnam.com\/wp-content\/uploads\/2024\/06\/logo-1024x1024.png\",\"contentUrl\":\"https:\/\/omanivietnam.com\/wp-content\/uploads\/2024\/06\/logo-1024x1024.png\",\"width\":1024,\"height\":1024,\"caption\":\"Nguy\u1ec5n V\u0103n Kh\u00e1nh\"},\"logo\":{\"@id\":\"https:\/\/omanivietnam.com\/#\/schema\/person\/image\/\"},\"sameAs\":[\"https:\/\/omanivietnam.com\"]}]}<\/script>\n<!-- \/ Yoast SEO plugin. -->","yoast_head_json":{"title":"INFINEON FZ400R12KS4 - OMANI VI\u1ec6T NAM","description":"INFINEON FZ400R12KS4 Module","robots":{"index":"index","follow":"follow","max-snippet":"max-snippet:-1","max-image-preview":"max-image-preview:large","max-video-preview":"max-video-preview:-1"},"canonical":"https:\/\/omanivietnam.com\/index.php\/san-pham\/infineon-fz400r12ks4\/","og_locale":"vi_VN","og_type":"article","og_title":"INFINEON FZ400R12KS4 - OMANI VI\u1ec6T NAM","og_description":"INFINEON FZ400R12KS4 Module","og_url":"https:\/\/omanivietnam.com\/index.php\/san-pham\/infineon-fz400r12ks4\/","og_site_name":"OMANI VI\u1ec6T NAM","article_modified_time":"2026-01-24T14:57:40+00:00","og_image":[{"width":772,"height":643,"url":"https:\/\/omanivietnam.com\/wp-content\/uploads\/2026\/01\/FZ400R12KS4.png","type":"image\/png"}],"twitter_card":"summary_large_image","twitter_misc":{"\u01af\u1edbc t\u00ednh th\u1eddi gian \u0111\u1ecdc":"2 ph\u00fat"},"schema":{"@context":"https:\/\/schema.org","@graph":[{"@type":"WebPage","@id":"https:\/\/omanivietnam.com\/index.php\/san-pham\/infineon-fz400r12ks4\/","url":"https:\/\/omanivietnam.com\/index.php\/san-pham\/infineon-fz400r12ks4\/","name":"INFINEON FZ400R12KS4 - OMANI VI\u1ec6T NAM","isPartOf":{"@id":"https:\/\/omanivietnam.com\/#website"},"primaryImageOfPage":{"@id":"https:\/\/omanivietnam.com\/index.php\/san-pham\/infineon-fz400r12ks4\/#primaryimage"},"image":{"@id":"https:\/\/omanivietnam.com\/index.php\/san-pham\/infineon-fz400r12ks4\/#primaryimage"},"thumbnailUrl":"https:\/\/omanivietnam.com\/wp-content\/uploads\/2026\/01\/FZ400R12KS4.png","datePublished":"2026-01-24T14:56:48+00:00","dateModified":"2026-01-24T14:57:40+00:00","description":"INFINEON FZ400R12KS4 Module","breadcrumb":{"@id":"https:\/\/omanivietnam.com\/index.php\/san-pham\/infineon-fz400r12ks4\/#breadcrumb"},"inLanguage":"vi","potentialAction":[{"@type":"ReadAction","target":["https:\/\/omanivietnam.com\/index.php\/san-pham\/infineon-fz400r12ks4\/"]}]},{"@type":"ImageObject","inLanguage":"vi","@id":"https:\/\/omanivietnam.com\/index.php\/san-pham\/infineon-fz400r12ks4\/#primaryimage","url":"https:\/\/omanivietnam.com\/wp-content\/uploads\/2026\/01\/FZ400R12KS4.png","contentUrl":"https:\/\/omanivietnam.com\/wp-content\/uploads\/2026\/01\/FZ400R12KS4.png","width":772,"height":643},{"@type":"BreadcrumbList","@id":"https:\/\/omanivietnam.com\/index.php\/san-pham\/infineon-fz400r12ks4\/#breadcrumb","itemListElement":[{"@type":"ListItem","position":1,"name":"Home","item":"https:\/\/omanivietnam.com\/"},{"@type":"ListItem","position":2,"name":"S\u1ea2N PH\u1ea8M","item":"https:\/\/omanivietnam.com\/index.php\/cua-hang\/"},{"@type":"ListItem","position":3,"name":"INFINEON FZ400R12KS4"}]},{"@type":"WebSite","@id":"https:\/\/omanivietnam.com\/#website","url":"https:\/\/omanivietnam.com\/","name":"OMANI VI\u1ec6T NAM","description":"Nh\u00e0 ph\u00e2n ph\u1ed1i thi\u1ebft b\u1ecb kh\u00ed n\u00e9n v\u00e0 thi\u1ebft b\u1ecb t\u1ef1 \u0111\u1ed9ng h\u00f3a trong c\u00f4ng nghi\u1ec7p","publisher":{"@id":"https:\/\/omanivietnam.com\/#\/schema\/person\/0ad398a980dc3fd696111c2c5c8fa897"},"potentialAction":[{"@type":"SearchAction","target":{"@type":"EntryPoint","urlTemplate":"https:\/\/omanivietnam.com\/?s={search_term_string}"},"query-input":"required name=search_term_string"}],"inLanguage":"vi"},{"@type":["Person","Organization"],"@id":"https:\/\/omanivietnam.com\/#\/schema\/person\/0ad398a980dc3fd696111c2c5c8fa897","name":"Nguy\u1ec5n V\u0103n Kh\u00e1nh","image":{"@type":"ImageObject","inLanguage":"vi","@id":"https:\/\/omanivietnam.com\/#\/schema\/person\/image\/","url":"https:\/\/omanivietnam.com\/wp-content\/uploads\/2024\/06\/logo-1024x1024.png","contentUrl":"https:\/\/omanivietnam.com\/wp-content\/uploads\/2024\/06\/logo-1024x1024.png","width":1024,"height":1024,"caption":"Nguy\u1ec5n V\u0103n Kh\u00e1nh"},"logo":{"@id":"https:\/\/omanivietnam.com\/#\/schema\/person\/image\/"},"sameAs":["https:\/\/omanivietnam.com"]}]}},"_links":{"self":[{"href":"https:\/\/omanivietnam.com\/index.php\/wp-json\/wp\/v2\/product\/4737","targetHints":{"allow":["GET"]}}],"collection":[{"href":"https:\/\/omanivietnam.com\/index.php\/wp-json\/wp\/v2\/product"}],"about":[{"href":"https:\/\/omanivietnam.com\/index.php\/wp-json\/wp\/v2\/types\/product"}],"replies":[{"embeddable":true,"href":"https:\/\/omanivietnam.com\/index.php\/wp-json\/wp\/v2\/comments?post=4737"}],"wp:featuredmedia":[{"embeddable":true,"href":"https:\/\/omanivietnam.com\/index.php\/wp-json\/wp\/v2\/media\/4738"}],"wp:attachment":[{"href":"https:\/\/omanivietnam.com\/index.php\/wp-json\/wp\/v2\/media?parent=4737"}],"wp:term":[{"taxonomy":"product_cat","embeddable":true,"href":"https:\/\/omanivietnam.com\/index.php\/wp-json\/wp\/v2\/product_cat?post=4737"},{"taxonomy":"product_tag","embeddable":true,"href":"https:\/\/omanivietnam.com\/index.php\/wp-json\/wp\/v2\/product_tag?post=4737"}],"curies":[{"name":"wp","href":"https:\/\/api.w.org\/{rel}","templated":true}]}}