{"id":4747,"date":"2026-01-28T22:26:55","date_gmt":"2026-01-28T15:26:55","guid":{"rendered":"https:\/\/omanivietnam.com\/?post_type=product&#038;p=4747"},"modified":"2026-01-28T22:28:50","modified_gmt":"2026-01-28T15:28:50","slug":"leine-linde-rhi-503-516176-05","status":"publish","type":"product","link":"https:\/\/omanivietnam.com\/index.php\/san-pham\/leine-linde-rhi-503-516176-05\/","title":{"rendered":"LEINE LINDE RHI 503 516176-05"},"content":{"rendered":"<p>LEINE LINDE RHI 503 516176-05<\/p>\n<figure class=\"gallery-item\"><figcaption id=\"gallery-1-5711\" class=\"wp-caption-text gallery-caption\">P\/N 392911-07<\/figcaption><\/figure>\n<figure class=\"gallery-item\"><figcaption id=\"gallery-1-5712\" class=\"wp-caption-text gallery-caption\">P\/N 745127-01<\/figcaption><\/figure>\n<figure class=\"gallery-item\"><figcaption id=\"gallery-1-5713\" class=\"wp-caption-text gallery-caption\">P\/N 516196-02<\/figcaption><\/figure>\n<figure class=\"gallery-item\"><figcaption id=\"gallery-1-5714\" class=\"wp-caption-text gallery-caption\">P\/N 745127-05<\/figcaption><\/figure>\n<figure class=\"gallery-item\"><figcaption id=\"gallery-1-5715\" class=\"wp-caption-text gallery-caption\">P\/N 745127-06<br \/>\n<strong>LEINE LINDE RHI 503 Encoder<\/strong><strong>B\u1ed9 m\u00e3 h\u00f3a tr\u1ee5c r\u1ed7ng ch\u1eafc ch\u1eafn, t\u0103ng d\u1ea7n<\/strong><\/p>\n<ul>\n<li>B\u1ed9 m\u00e3 h\u00f3a LEINE LINDE RHI 503 v\u1edbi tr\u1ee5c r\u1ed7ng \u00d858 mm ch\u1eafc ch\u1eafn<\/li>\n<li>\u0110\u1ea7u ra \u0111\u01b0\u1ee3c b\u1ea3o v\u1ec7 ng\u1eafn m\u1ea1ch<\/li>\n<li>IP67 \u1edf v\u1ecf, IP66 \u1edf \u0111\u1ea7u v\u00e0o tr\u1ee5c<\/li>\n<\/ul>\n<h2><strong>+\u00a0<span class=\"fontstyle0\">Th\u00f4ng s\u1ed1 k\u1ef9 thu\u1eadt LEINE LINDE RHI 503 Encoder<\/span><\/strong><\/h2>\n<table>\n<tbody>\n<tr>\n<td><b>Mechanical data<\/b><b><br \/>\n<\/b><\/td>\n<td><b>Part Number 392911-07<br \/>\n<\/b><\/td>\n<td><b>Part Number 745127-01<\/b><\/td>\n<td><b>Part Number 516196-02<\/b><\/td>\n<td><b>Part Number 745127-05<\/b><\/td>\n<td><b>Part Number 745127-06<\/b><\/td>\n<\/tr>\n<tr>\n<td>Operating temperature<\/td>\n<td>-40 \u00b0C\u2026+70 \u00b0C<\/td>\n<td>-40 \u00b0C\u2026+100 \u00b0C<\/td>\n<td>-40 \u00b0C\u2026+70 \u00b0C<\/td>\n<td>-40 \u00b0C\u2026+70 \u00b0C<\/td>\n<td>-40 \u00b0C\u2026+70 \u00b0C<\/td>\n<\/tr>\n<tr>\n<td>Ingress protection class [IEC 60529]<\/td>\n<td>IP67 (IP66 at shaft inlet)<\/td>\n<td>IP67 (IP66 at shaft inlet)<\/td>\n<td>IP67 (IP66 at shaft inlet)<\/td>\n<td>IP67 (IP66 at shaft inlet)<\/td>\n<td>IP67 (IP66 at shaft inlet)<\/td>\n<\/tr>\n<tr>\n<td>Vibration [IEC 60068-2-64]<\/td>\n<td>\u2264 300 m\/s\u00b2<\/td>\n<td>\u2264 300 m\/s\u00b2<\/td>\n<td>\u2264 300 m\/s\u00b2<\/td>\n<td>\u2264 300 m\/s\u00b2<\/td>\n<td>\u2264 300 m\/s\u00b2<\/td>\n<\/tr>\n<tr>\n<td>Shock [IEC 60068-2-27]<\/td>\n<td>\u2264 2000 m\/s\u00b2<\/td>\n<td>\u2264 2000 m\/s\u00b2<\/td>\n<td>\u2264 2000 m\/s\u00b2<\/td>\n<td>\u2264 2000 m\/s\u00b2<\/td>\n<td>\u2264 2000 m\/s\u00b2<\/td>\n<\/tr>\n<tr>\n<td>Shaft load (axial\/radial)<\/td>\n<td>10 N \/ 20 N<\/td>\n<td>10 N \/ 20 N<\/td>\n<td>10 N \/ 20 N<\/td>\n<td>10 N \/ 20 N<\/td>\n<td>10 N \/ 20 N<\/td>\n<\/tr>\n<tr>\n<td>Rotational speed max<\/td>\n<td>6000 rpm<\/td>\n<td>6000 rpm<\/td>\n<td>6000 rpm<\/td>\n<td>6000 rpm<\/td>\n<td>6000 rpm<\/td>\n<\/tr>\n<tr>\n<td>Shaft material<\/td>\n<td>Stainless steel<\/td>\n<td>Stainless steel<\/td>\n<td>Stainless steel<\/td>\n<td>Stainless steel<\/td>\n<td>Stainless steel<\/td>\n<\/tr>\n<tr>\n<td>Cover material<\/td>\n<td>Aluminium (anodized)<\/td>\n<td>Aluminium (anodized)<\/td>\n<td>Aluminium (anodized)<\/td>\n<td>Aluminium (anodized)<\/td>\n<td>Aluminium (anodized)<\/td>\n<\/tr>\n<tr>\n<td>Weight<\/td>\n<td>300 g<\/td>\n<td>300 g<\/td>\n<td>300 g<\/td>\n<td>300 g<\/td>\n<td>300 g<\/td>\n<\/tr>\n<\/tbody>\n<\/table>\n<h4><strong>M\u1ed9t s\u1ed1 d\u00f2ng model kh\u00e1c c\u00f9ng h\u00e3ng:<\/strong><\/h4>\n<p>RHI 503<\/p>\n<p>RSI 503<\/p>\n<p>RHI 504<\/p>\n<p>RSI 504<\/p>\n<p>RSI 505<\/p>\n<p>RHA 507<\/p>\n<p>RSI 507<\/p>\n<p>RSD 525<\/p>\n<p>\u0110\u1ea1i l\u00fd LEINE LINDE vietnam, LEINE LINDE viet nam, LEINE LINDE vietnam distributor, Ph\u00e2n ph\u1ed1i LEINE LINDE t\u1ea1i vi\u1ec7t nam<\/p>\n<p>\u0110\u1ea1i l\u00fd LEINE LINDE vietnam, LEINE LINDE viet nam, LEINE LINDE vietnam distributor, Ph\u00e2n ph\u1ed1i LEINE LINDE t\u1ea1i vi\u1ec7t nam<\/p>\n<p>\u0110\u1ea1i l\u00fd LEINE LINDE vietnam, LEINE LINDE viet nam, LEINE LINDE vietnam distributor, Ph\u00e2n ph\u1ed1i LEINE LINDE t\u1ea1i vi\u1ec7t nam<\/p>\n<\/figcaption><\/figure>\n","protected":false},"excerpt":{"rendered":"<p>LEINE LINDE RHI 503 516176-05 P\/N 392911-07 P\/N 745127-01 P\/N 516196-02 P\/N 745127-05 P\/N 745127-06 LEINE LINDE RHI 503 EncoderB\u1ed9 m\u00e3 h\u00f3a tr\u1ee5c r\u1ed7ng ch\u1eafc ch\u1eafn, t\u0103ng d\u1ea7n B\u1ed9 m\u00e3 h\u00f3a LEINE LINDE RHI 503 v\u1edbi tr\u1ee5c r\u1ed7ng \u00d858 mm ch\u1eafc ch\u1eafn \u0110\u1ea7u ra \u0111\u01b0\u1ee3c b\u1ea3o v\u1ec7 ng\u1eafn m\u1ea1ch IP67&hellip; <\/p>\n","protected":false},"featured_media":4748,"comment_status":"open","ping_status":"closed","template":"","meta":[],"product_cat":[419],"product_tag":[174,200,199],"class_list":{"0":"post-4747","1":"product","2":"type-product","3":"status-publish","4":"has-post-thumbnail","6":"product_cat-leine-linde","7":"product_tag-bo-ma-hoa","8":"product_tag-dai-ly-leine-linde-viet-nam","9":"product_tag-leine-linde-viet-nam","11":"first","12":"instock","13":"shipping-taxable","14":"product-type-simple"},"yoast_head":"<!-- This site is optimized with the Yoast SEO plugin v22.8 - https:\/\/yoast.com\/wordpress\/plugins\/seo\/ -->\n<title>LEINE LINDE RHI 503 516176-05 - OMANI VI\u1ec6T NAM<\/title>\n<meta name=\"description\" content=\"LEINE LINDE RHI 503 516176-05 Encoder\" \/>\n<meta name=\"robots\" content=\"index, follow, max-snippet:-1, max-image-preview:large, max-video-preview:-1\" \/>\n<link rel=\"canonical\" href=\"https:\/\/omanivietnam.com\/index.php\/san-pham\/leine-linde-rhi-503-516176-05\/\" \/>\n<meta property=\"og:locale\" content=\"vi_VN\" \/>\n<meta property=\"og:type\" content=\"article\" \/>\n<meta property=\"og:title\" content=\"LEINE LINDE RHI 503 516176-05 - OMANI VI\u1ec6T NAM\" \/>\n<meta property=\"og:description\" content=\"LEINE LINDE RHI 503 516176-05 Encoder\" \/>\n<meta property=\"og:url\" content=\"https:\/\/omanivietnam.com\/index.php\/san-pham\/leine-linde-rhi-503-516176-05\/\" \/>\n<meta property=\"og:site_name\" content=\"OMANI VI\u1ec6T NAM\" \/>\n<meta property=\"article:modified_time\" content=\"2026-01-28T15:28:50+00:00\" \/>\n<meta property=\"og:image\" content=\"https:\/\/omanivietnam.com\/wp-content\/uploads\/2026\/01\/RHI-503-516176-05.png\" \/>\n\t<meta property=\"og:image:width\" content=\"559\" \/>\n\t<meta property=\"og:image:height\" content=\"702\" \/>\n\t<meta property=\"og:image:type\" content=\"image\/png\" \/>\n<meta name=\"twitter:card\" content=\"summary_large_image\" \/>\n<meta name=\"twitter:label1\" content=\"\u01af\u1edbc t\u00ednh th\u1eddi gian \u0111\u1ecdc\" \/>\n\t<meta name=\"twitter:data1\" content=\"2 ph\u00fat\" \/>\n<script type=\"application\/ld+json\" class=\"yoast-schema-graph\">{\"@context\":\"https:\/\/schema.org\",\"@graph\":[{\"@type\":\"WebPage\",\"@id\":\"https:\/\/omanivietnam.com\/index.php\/san-pham\/leine-linde-rhi-503-516176-05\/\",\"url\":\"https:\/\/omanivietnam.com\/index.php\/san-pham\/leine-linde-rhi-503-516176-05\/\",\"name\":\"LEINE LINDE RHI 503 516176-05 - OMANI VI\u1ec6T NAM\",\"isPartOf\":{\"@id\":\"https:\/\/omanivietnam.com\/#website\"},\"primaryImageOfPage\":{\"@id\":\"https:\/\/omanivietnam.com\/index.php\/san-pham\/leine-linde-rhi-503-516176-05\/#primaryimage\"},\"image\":{\"@id\":\"https:\/\/omanivietnam.com\/index.php\/san-pham\/leine-linde-rhi-503-516176-05\/#primaryimage\"},\"thumbnailUrl\":\"https:\/\/omanivietnam.com\/wp-content\/uploads\/2026\/01\/RHI-503-516176-05.png\",\"datePublished\":\"2026-01-28T15:26:55+00:00\",\"dateModified\":\"2026-01-28T15:28:50+00:00\",\"description\":\"LEINE LINDE RHI 503 516176-05 Encoder\",\"breadcrumb\":{\"@id\":\"https:\/\/omanivietnam.com\/index.php\/san-pham\/leine-linde-rhi-503-516176-05\/#breadcrumb\"},\"inLanguage\":\"vi\",\"potentialAction\":[{\"@type\":\"ReadAction\",\"target\":[\"https:\/\/omanivietnam.com\/index.php\/san-pham\/leine-linde-rhi-503-516176-05\/\"]}]},{\"@type\":\"ImageObject\",\"inLanguage\":\"vi\",\"@id\":\"https:\/\/omanivietnam.com\/index.php\/san-pham\/leine-linde-rhi-503-516176-05\/#primaryimage\",\"url\":\"https:\/\/omanivietnam.com\/wp-content\/uploads\/2026\/01\/RHI-503-516176-05.png\",\"contentUrl\":\"https:\/\/omanivietnam.com\/wp-content\/uploads\/2026\/01\/RHI-503-516176-05.png\",\"width\":559,\"height\":702},{\"@type\":\"BreadcrumbList\",\"@id\":\"https:\/\/omanivietnam.com\/index.php\/san-pham\/leine-linde-rhi-503-516176-05\/#breadcrumb\",\"itemListElement\":[{\"@type\":\"ListItem\",\"position\":1,\"name\":\"Home\",\"item\":\"https:\/\/omanivietnam.com\/\"},{\"@type\":\"ListItem\",\"position\":2,\"name\":\"S\u1ea2N PH\u1ea8M\",\"item\":\"https:\/\/omanivietnam.com\/index.php\/cua-hang\/\"},{\"@type\":\"ListItem\",\"position\":3,\"name\":\"LEINE LINDE RHI 503 516176-05\"}]},{\"@type\":\"WebSite\",\"@id\":\"https:\/\/omanivietnam.com\/#website\",\"url\":\"https:\/\/omanivietnam.com\/\",\"name\":\"OMANI VI\u1ec6T NAM\",\"description\":\"Nh\u00e0 ph\u00e2n ph\u1ed1i thi\u1ebft b\u1ecb kh\u00ed n\u00e9n v\u00e0 thi\u1ebft b\u1ecb t\u1ef1 \u0111\u1ed9ng h\u00f3a trong c\u00f4ng nghi\u1ec7p\",\"publisher\":{\"@id\":\"https:\/\/omanivietnam.com\/#\/schema\/person\/0ad398a980dc3fd696111c2c5c8fa897\"},\"potentialAction\":[{\"@type\":\"SearchAction\",\"target\":{\"@type\":\"EntryPoint\",\"urlTemplate\":\"https:\/\/omanivietnam.com\/?s={search_term_string}\"},\"query-input\":\"required name=search_term_string\"}],\"inLanguage\":\"vi\"},{\"@type\":[\"Person\",\"Organization\"],\"@id\":\"https:\/\/omanivietnam.com\/#\/schema\/person\/0ad398a980dc3fd696111c2c5c8fa897\",\"name\":\"Nguy\u1ec5n V\u0103n Kh\u00e1nh\",\"image\":{\"@type\":\"ImageObject\",\"inLanguage\":\"vi\",\"@id\":\"https:\/\/omanivietnam.com\/#\/schema\/person\/image\/\",\"url\":\"https:\/\/omanivietnam.com\/wp-content\/uploads\/2024\/06\/logo-1024x1024.png\",\"contentUrl\":\"https:\/\/omanivietnam.com\/wp-content\/uploads\/2024\/06\/logo-1024x1024.png\",\"width\":1024,\"height\":1024,\"caption\":\"Nguy\u1ec5n V\u0103n Kh\u00e1nh\"},\"logo\":{\"@id\":\"https:\/\/omanivietnam.com\/#\/schema\/person\/image\/\"},\"sameAs\":[\"https:\/\/omanivietnam.com\"]}]}<\/script>\n<!-- \/ Yoast SEO plugin. -->","yoast_head_json":{"title":"LEINE LINDE RHI 503 516176-05 - OMANI VI\u1ec6T NAM","description":"LEINE LINDE RHI 503 516176-05 Encoder","robots":{"index":"index","follow":"follow","max-snippet":"max-snippet:-1","max-image-preview":"max-image-preview:large","max-video-preview":"max-video-preview:-1"},"canonical":"https:\/\/omanivietnam.com\/index.php\/san-pham\/leine-linde-rhi-503-516176-05\/","og_locale":"vi_VN","og_type":"article","og_title":"LEINE LINDE RHI 503 516176-05 - OMANI VI\u1ec6T NAM","og_description":"LEINE LINDE RHI 503 516176-05 Encoder","og_url":"https:\/\/omanivietnam.com\/index.php\/san-pham\/leine-linde-rhi-503-516176-05\/","og_site_name":"OMANI VI\u1ec6T NAM","article_modified_time":"2026-01-28T15:28:50+00:00","og_image":[{"width":559,"height":702,"url":"https:\/\/omanivietnam.com\/wp-content\/uploads\/2026\/01\/RHI-503-516176-05.png","type":"image\/png"}],"twitter_card":"summary_large_image","twitter_misc":{"\u01af\u1edbc t\u00ednh th\u1eddi gian \u0111\u1ecdc":"2 ph\u00fat"},"schema":{"@context":"https:\/\/schema.org","@graph":[{"@type":"WebPage","@id":"https:\/\/omanivietnam.com\/index.php\/san-pham\/leine-linde-rhi-503-516176-05\/","url":"https:\/\/omanivietnam.com\/index.php\/san-pham\/leine-linde-rhi-503-516176-05\/","name":"LEINE LINDE RHI 503 516176-05 - OMANI VI\u1ec6T NAM","isPartOf":{"@id":"https:\/\/omanivietnam.com\/#website"},"primaryImageOfPage":{"@id":"https:\/\/omanivietnam.com\/index.php\/san-pham\/leine-linde-rhi-503-516176-05\/#primaryimage"},"image":{"@id":"https:\/\/omanivietnam.com\/index.php\/san-pham\/leine-linde-rhi-503-516176-05\/#primaryimage"},"thumbnailUrl":"https:\/\/omanivietnam.com\/wp-content\/uploads\/2026\/01\/RHI-503-516176-05.png","datePublished":"2026-01-28T15:26:55+00:00","dateModified":"2026-01-28T15:28:50+00:00","description":"LEINE LINDE RHI 503 516176-05 Encoder","breadcrumb":{"@id":"https:\/\/omanivietnam.com\/index.php\/san-pham\/leine-linde-rhi-503-516176-05\/#breadcrumb"},"inLanguage":"vi","potentialAction":[{"@type":"ReadAction","target":["https:\/\/omanivietnam.com\/index.php\/san-pham\/leine-linde-rhi-503-516176-05\/"]}]},{"@type":"ImageObject","inLanguage":"vi","@id":"https:\/\/omanivietnam.com\/index.php\/san-pham\/leine-linde-rhi-503-516176-05\/#primaryimage","url":"https:\/\/omanivietnam.com\/wp-content\/uploads\/2026\/01\/RHI-503-516176-05.png","contentUrl":"https:\/\/omanivietnam.com\/wp-content\/uploads\/2026\/01\/RHI-503-516176-05.png","width":559,"height":702},{"@type":"BreadcrumbList","@id":"https:\/\/omanivietnam.com\/index.php\/san-pham\/leine-linde-rhi-503-516176-05\/#breadcrumb","itemListElement":[{"@type":"ListItem","position":1,"name":"Home","item":"https:\/\/omanivietnam.com\/"},{"@type":"ListItem","position":2,"name":"S\u1ea2N PH\u1ea8M","item":"https:\/\/omanivietnam.com\/index.php\/cua-hang\/"},{"@type":"ListItem","position":3,"name":"LEINE LINDE RHI 503 516176-05"}]},{"@type":"WebSite","@id":"https:\/\/omanivietnam.com\/#website","url":"https:\/\/omanivietnam.com\/","name":"OMANI VI\u1ec6T NAM","description":"Nh\u00e0 ph\u00e2n ph\u1ed1i thi\u1ebft b\u1ecb kh\u00ed n\u00e9n v\u00e0 thi\u1ebft b\u1ecb t\u1ef1 \u0111\u1ed9ng h\u00f3a trong c\u00f4ng nghi\u1ec7p","publisher":{"@id":"https:\/\/omanivietnam.com\/#\/schema\/person\/0ad398a980dc3fd696111c2c5c8fa897"},"potentialAction":[{"@type":"SearchAction","target":{"@type":"EntryPoint","urlTemplate":"https:\/\/omanivietnam.com\/?s={search_term_string}"},"query-input":"required name=search_term_string"}],"inLanguage":"vi"},{"@type":["Person","Organization"],"@id":"https:\/\/omanivietnam.com\/#\/schema\/person\/0ad398a980dc3fd696111c2c5c8fa897","name":"Nguy\u1ec5n V\u0103n Kh\u00e1nh","image":{"@type":"ImageObject","inLanguage":"vi","@id":"https:\/\/omanivietnam.com\/#\/schema\/person\/image\/","url":"https:\/\/omanivietnam.com\/wp-content\/uploads\/2024\/06\/logo-1024x1024.png","contentUrl":"https:\/\/omanivietnam.com\/wp-content\/uploads\/2024\/06\/logo-1024x1024.png","width":1024,"height":1024,"caption":"Nguy\u1ec5n V\u0103n Kh\u00e1nh"},"logo":{"@id":"https:\/\/omanivietnam.com\/#\/schema\/person\/image\/"},"sameAs":["https:\/\/omanivietnam.com"]}]}},"_links":{"self":[{"href":"https:\/\/omanivietnam.com\/index.php\/wp-json\/wp\/v2\/product\/4747","targetHints":{"allow":["GET"]}}],"collection":[{"href":"https:\/\/omanivietnam.com\/index.php\/wp-json\/wp\/v2\/product"}],"about":[{"href":"https:\/\/omanivietnam.com\/index.php\/wp-json\/wp\/v2\/types\/product"}],"replies":[{"embeddable":true,"href":"https:\/\/omanivietnam.com\/index.php\/wp-json\/wp\/v2\/comments?post=4747"}],"wp:featuredmedia":[{"embeddable":true,"href":"https:\/\/omanivietnam.com\/index.php\/wp-json\/wp\/v2\/media\/4748"}],"wp:attachment":[{"href":"https:\/\/omanivietnam.com\/index.php\/wp-json\/wp\/v2\/media?parent=4747"}],"wp:term":[{"taxonomy":"product_cat","embeddable":true,"href":"https:\/\/omanivietnam.com\/index.php\/wp-json\/wp\/v2\/product_cat?post=4747"},{"taxonomy":"product_tag","embeddable":true,"href":"https:\/\/omanivietnam.com\/index.php\/wp-json\/wp\/v2\/product_tag?post=4747"}],"curies":[{"name":"wp","href":"https:\/\/api.w.org\/{rel}","templated":true}]}}