{"id":4757,"date":"2026-01-31T22:48:44","date_gmt":"2026-01-31T15:48:44","guid":{"rendered":"https:\/\/omanivietnam.com\/?post_type=product&#038;p=4757"},"modified":"2026-01-31T22:50:05","modified_gmt":"2026-01-31T15:50:05","slug":"keyence-xg-8500","status":"publish","type":"product","link":"https:\/\/omanivietnam.com\/index.php\/san-pham\/keyence-xg-8500\/","title":{"rendered":"KEYENCE XG-8500"},"content":{"rendered":"<p>KEYENCE XG-8500<\/p>\n<p>KEYENCE XG-8500L\u00a0 KEYENCE XG-HL02M\u00a0 KEYENCE CA-CH10\u00a0 KEYENCE OP-84231<\/p>\n<div class=\"large-12 col pb-0 mb-0\">\n<div class=\"title heading-font mt\">\n<h2 class=\"ldn-tskt-title\">Th\u00f4ng s\u1ed1 k\u1ef9 thu\u1eadt XG-8500<\/h2>\n<\/div>\n<\/div>\n<div class=\"large-12 col pb-0 mb-0\">\n<div class=\"panel entry-content\">\n<table>\n<tbody>\n<tr>\n<th><strong>Th\u00f4ng s\u1ed1 k\u1ef9 thu\u1eadt<\/strong><\/th>\n<th><strong>Chi ti\u1ebft<\/strong><\/th>\n<\/tr>\n<tr>\n<td>M\u00e3 s\u1ea3n ph\u1ea9m<\/td>\n<td>XG-8500<\/td>\n<\/tr>\n<tr>\n<td>Lo\u1ea1i b\u1ed9 \u0111i\u1ec1u khi\u1ec3n<\/td>\n<td>Kh\u1ed1i ch\u00ednh (B\u1ed9 \u0111i\u1ec1u khi\u1ec3n trung t\u00e2m)<\/td>\n<\/tr>\n<tr>\n<td>S\u1ed1 l\u01b0\u1ee3ng camera c\u00f3 th\u1ec3 k\u1ebft n\u1ed1i<\/td>\n<td>T\u1ed1i \u0111a 2 camera (C\u00f3 th\u1ec3 m\u1edf r\u1ed9ng l\u00ean t\u1ed1i \u0111a 8 camera khi s\u1eed d\u1ee5ng c\u00e1c \u0111\u01a1n v\u1ecb m\u1edf r\u1ed9ng)<\/td>\n<\/tr>\n<tr>\n<td>Ki\u1ec3u ng\u00f5 v\u00e0o v\u00e0 ng\u00f5 ra<\/td>\n<td>NPN<\/td>\n<\/tr>\n<tr>\n<td>H\u1ec7 \u0111i\u1ec1u h\u00e0nh<\/td>\n<td>Windows CE 6.0<\/td>\n<\/tr>\n<tr>\n<td>\u0110i\u1ec7n \u00e1p ngu\u1ed3n cung c\u1ea5p<\/td>\n<td>24 Volt d\u00f2ng \u0111i\u1ec7n m\u1ed9t chi\u1ec1u \u00b1 10 ph\u1ea7n tr\u0103m<\/td>\n<\/tr>\n<tr>\n<td>D\u00f2ng \u0111i\u1ec7n ti\u00eau th\u1ee5 \u0111\u1ecbnh m\u1ee9c<\/td>\n<td>2,4 Ampe ho\u1eb7c \u00edt h\u01a1n (khi k\u1ebft n\u1ed1i 2 camera)<\/td>\n<\/tr>\n<tr>\n<td>Nhi\u1ec7t \u0111\u1ed9 m\u00f4i tr\u01b0\u1eddng ho\u1ea1t \u0111\u1ed9ng<\/td>\n<td>0 \u0111\u1ebfn +45 \u0111\u1ed9 C (khi l\u1eafp \u0111\u1eb7t tr\u00ean thanh ray DIN)<\/td>\n<\/tr>\n<tr>\n<td>\u0110\u1ed9 \u1ea9m m\u00f4i tr\u01b0\u1eddng ho\u1ea1t \u0111\u1ed9ng<\/td>\n<td>35 \u0111\u1ebfn 85 ph\u1ea7n tr\u0103m \u0111\u1ed9 \u1ea9m t\u01b0\u01a1ng \u0111\u1ed1i (kh\u00f4ng ng\u01b0ng t\u1ee5)<\/td>\n<\/tr>\n<tr>\n<td>Nhi\u1ec7t \u0111\u1ed9 l\u01b0u tr\u1eef<\/td>\n<td>-20 \u0111\u1ebfn +70 \u0111\u1ed9 C<\/td>\n<\/tr>\n<tr>\n<td>Kh\u1ed1i l\u01b0\u1ee3ng<\/td>\n<td>Kho\u1ea3ng 1500 gam<\/td>\n<\/tr>\n<tr>\n<td>Ph\u01b0\u01a1ng th\u1ee9c l\u01b0u tr\u1eef d\u1eef li\u1ec7u<\/td>\n<td>Th\u1ebb nh\u1edb SD khe c\u1eafm 1 v\u00e0 khe c\u1eafm 2 (h\u1ed7 tr\u1ee3 SDHC)<\/td>\n<\/tr>\n<tr>\n<td>C\u1ed5ng giao ti\u1ebfp t\u00edch h\u1ee3p<\/td>\n<td>Ethernet, USB, RS-232C<\/td>\n<\/tr>\n<\/tbody>\n<\/table>\n<\/div>\n<p>\u0110\u1ea1i l\u00fd KEYENCE vietnam, KEYENCE viet nam, KEYENCE vietnam distributor, Ph\u00e2n ph\u1ed1i KEYENCE t\u1ea1i vi\u1ec7t nam<\/p>\n<p>\u0110\u1ea1i l\u00fd KEYENCE vietnam, KEYENCE viet nam, KEYENCE vietnam distributor, Ph\u00e2n ph\u1ed1i KEYENCE t\u1ea1i vi\u1ec7t nam<\/p>\n<p>\u0110\u1ea1i l\u00fd KEYENCE vietnam, KEYENCE viet nam, KEYENCE vietnam distributor, Ph\u00e2n ph\u1ed1i KEYENCE t\u1ea1i vi\u1ec7t nam<\/p>\n<\/div>\n","protected":false},"excerpt":{"rendered":"<p>KEYENCE XG-8500 KEYENCE XG-8500L\u00a0 KEYENCE XG-HL02M\u00a0 KEYENCE CA-CH10\u00a0 KEYENCE OP-84231 Th\u00f4ng s\u1ed1 k\u1ef9 thu\u1eadt XG-8500 Th\u00f4ng s\u1ed1 k\u1ef9 thu\u1eadt Chi ti\u1ebft M\u00e3 s\u1ea3n ph\u1ea9m XG-8500 Lo\u1ea1i b\u1ed9 \u0111i\u1ec1u khi\u1ec3n Kh\u1ed1i ch\u00ednh (B\u1ed9 \u0111i\u1ec1u khi\u1ec3n trung t\u00e2m) S\u1ed1 l\u01b0\u1ee3ng camera c\u00f3 th\u1ec3 k\u1ebft n\u1ed1i T\u1ed1i \u0111a 2 camera (C\u00f3 th\u1ec3 m\u1edf&hellip; <\/p>\n","protected":false},"featured_media":4758,"comment_status":"open","ping_status":"closed","template":"","meta":[],"product_cat":[292],"product_tag":[167,114,113],"class_list":{"0":"post-4757","1":"product","2":"type-product","3":"status-publish","4":"has-post-thumbnail","6":"product_cat-keyence","7":"product_tag-bo-dieu-khien","8":"product_tag-dai-ly-keyence-viet-nam","9":"product_tag-keyence-viet-nam","11":"first","12":"instock","13":"shipping-taxable","14":"product-type-simple"},"yoast_head":"<!-- This site is optimized with the Yoast SEO plugin v22.8 - https:\/\/yoast.com\/wordpress\/plugins\/seo\/ -->\n<title>KEYENCE XG-8500 - OMANI VI\u1ec6T NAM<\/title>\n<meta name=\"description\" content=\"KEYENCE XG-8500 Line Scan Camera Supporting Controller\" \/>\n<meta name=\"robots\" content=\"index, follow, max-snippet:-1, max-image-preview:large, max-video-preview:-1\" \/>\n<link rel=\"canonical\" href=\"https:\/\/omanivietnam.com\/index.php\/san-pham\/keyence-xg-8500\/\" \/>\n<meta property=\"og:locale\" content=\"vi_VN\" \/>\n<meta property=\"og:type\" content=\"article\" \/>\n<meta property=\"og:title\" content=\"KEYENCE XG-8500 - OMANI VI\u1ec6T NAM\" \/>\n<meta property=\"og:description\" content=\"KEYENCE XG-8500 Line Scan Camera Supporting Controller\" \/>\n<meta property=\"og:url\" content=\"https:\/\/omanivietnam.com\/index.php\/san-pham\/keyence-xg-8500\/\" \/>\n<meta property=\"og:site_name\" content=\"OMANI VI\u1ec6T NAM\" \/>\n<meta property=\"article:modified_time\" content=\"2026-01-31T15:50:05+00:00\" \/>\n<meta property=\"og:image\" content=\"https:\/\/omanivietnam.com\/wp-content\/uploads\/2026\/01\/XG-8500.png\" \/>\n\t<meta property=\"og:image:width\" content=\"568\" \/>\n\t<meta property=\"og:image:height\" content=\"477\" \/>\n\t<meta property=\"og:image:type\" content=\"image\/png\" \/>\n<meta name=\"twitter:card\" content=\"summary_large_image\" \/>\n<meta name=\"twitter:label1\" content=\"\u01af\u1edbc t\u00ednh th\u1eddi gian \u0111\u1ecdc\" \/>\n\t<meta name=\"twitter:data1\" content=\"2 ph\u00fat\" \/>\n<script type=\"application\/ld+json\" class=\"yoast-schema-graph\">{\"@context\":\"https:\/\/schema.org\",\"@graph\":[{\"@type\":\"WebPage\",\"@id\":\"https:\/\/omanivietnam.com\/index.php\/san-pham\/keyence-xg-8500\/\",\"url\":\"https:\/\/omanivietnam.com\/index.php\/san-pham\/keyence-xg-8500\/\",\"name\":\"KEYENCE XG-8500 - OMANI VI\u1ec6T NAM\",\"isPartOf\":{\"@id\":\"https:\/\/omanivietnam.com\/#website\"},\"primaryImageOfPage\":{\"@id\":\"https:\/\/omanivietnam.com\/index.php\/san-pham\/keyence-xg-8500\/#primaryimage\"},\"image\":{\"@id\":\"https:\/\/omanivietnam.com\/index.php\/san-pham\/keyence-xg-8500\/#primaryimage\"},\"thumbnailUrl\":\"https:\/\/omanivietnam.com\/wp-content\/uploads\/2026\/01\/XG-8500.png\",\"datePublished\":\"2026-01-31T15:48:44+00:00\",\"dateModified\":\"2026-01-31T15:50:05+00:00\",\"description\":\"KEYENCE XG-8500 Line Scan Camera Supporting Controller\",\"breadcrumb\":{\"@id\":\"https:\/\/omanivietnam.com\/index.php\/san-pham\/keyence-xg-8500\/#breadcrumb\"},\"inLanguage\":\"vi\",\"potentialAction\":[{\"@type\":\"ReadAction\",\"target\":[\"https:\/\/omanivietnam.com\/index.php\/san-pham\/keyence-xg-8500\/\"]}]},{\"@type\":\"ImageObject\",\"inLanguage\":\"vi\",\"@id\":\"https:\/\/omanivietnam.com\/index.php\/san-pham\/keyence-xg-8500\/#primaryimage\",\"url\":\"https:\/\/omanivietnam.com\/wp-content\/uploads\/2026\/01\/XG-8500.png\",\"contentUrl\":\"https:\/\/omanivietnam.com\/wp-content\/uploads\/2026\/01\/XG-8500.png\",\"width\":568,\"height\":477},{\"@type\":\"BreadcrumbList\",\"@id\":\"https:\/\/omanivietnam.com\/index.php\/san-pham\/keyence-xg-8500\/#breadcrumb\",\"itemListElement\":[{\"@type\":\"ListItem\",\"position\":1,\"name\":\"Home\",\"item\":\"https:\/\/omanivietnam.com\/\"},{\"@type\":\"ListItem\",\"position\":2,\"name\":\"S\u1ea2N PH\u1ea8M\",\"item\":\"https:\/\/omanivietnam.com\/index.php\/cua-hang\/\"},{\"@type\":\"ListItem\",\"position\":3,\"name\":\"KEYENCE XG-8500\"}]},{\"@type\":\"WebSite\",\"@id\":\"https:\/\/omanivietnam.com\/#website\",\"url\":\"https:\/\/omanivietnam.com\/\",\"name\":\"OMANI VI\u1ec6T NAM\",\"description\":\"Nh\u00e0 ph\u00e2n ph\u1ed1i thi\u1ebft b\u1ecb kh\u00ed n\u00e9n v\u00e0 thi\u1ebft b\u1ecb t\u1ef1 \u0111\u1ed9ng h\u00f3a trong c\u00f4ng nghi\u1ec7p\",\"publisher\":{\"@id\":\"https:\/\/omanivietnam.com\/#\/schema\/person\/0ad398a980dc3fd696111c2c5c8fa897\"},\"potentialAction\":[{\"@type\":\"SearchAction\",\"target\":{\"@type\":\"EntryPoint\",\"urlTemplate\":\"https:\/\/omanivietnam.com\/?s={search_term_string}\"},\"query-input\":\"required name=search_term_string\"}],\"inLanguage\":\"vi\"},{\"@type\":[\"Person\",\"Organization\"],\"@id\":\"https:\/\/omanivietnam.com\/#\/schema\/person\/0ad398a980dc3fd696111c2c5c8fa897\",\"name\":\"Nguy\u1ec5n V\u0103n Kh\u00e1nh\",\"image\":{\"@type\":\"ImageObject\",\"inLanguage\":\"vi\",\"@id\":\"https:\/\/omanivietnam.com\/#\/schema\/person\/image\/\",\"url\":\"https:\/\/omanivietnam.com\/wp-content\/uploads\/2024\/06\/logo-1024x1024.png\",\"contentUrl\":\"https:\/\/omanivietnam.com\/wp-content\/uploads\/2024\/06\/logo-1024x1024.png\",\"width\":1024,\"height\":1024,\"caption\":\"Nguy\u1ec5n V\u0103n Kh\u00e1nh\"},\"logo\":{\"@id\":\"https:\/\/omanivietnam.com\/#\/schema\/person\/image\/\"},\"sameAs\":[\"https:\/\/omanivietnam.com\"]}]}<\/script>\n<!-- \/ Yoast SEO plugin. -->","yoast_head_json":{"title":"KEYENCE XG-8500 - OMANI VI\u1ec6T NAM","description":"KEYENCE XG-8500 Line Scan Camera Supporting Controller","robots":{"index":"index","follow":"follow","max-snippet":"max-snippet:-1","max-image-preview":"max-image-preview:large","max-video-preview":"max-video-preview:-1"},"canonical":"https:\/\/omanivietnam.com\/index.php\/san-pham\/keyence-xg-8500\/","og_locale":"vi_VN","og_type":"article","og_title":"KEYENCE XG-8500 - OMANI VI\u1ec6T NAM","og_description":"KEYENCE XG-8500 Line Scan Camera Supporting Controller","og_url":"https:\/\/omanivietnam.com\/index.php\/san-pham\/keyence-xg-8500\/","og_site_name":"OMANI VI\u1ec6T NAM","article_modified_time":"2026-01-31T15:50:05+00:00","og_image":[{"width":568,"height":477,"url":"https:\/\/omanivietnam.com\/wp-content\/uploads\/2026\/01\/XG-8500.png","type":"image\/png"}],"twitter_card":"summary_large_image","twitter_misc":{"\u01af\u1edbc t\u00ednh th\u1eddi gian \u0111\u1ecdc":"2 ph\u00fat"},"schema":{"@context":"https:\/\/schema.org","@graph":[{"@type":"WebPage","@id":"https:\/\/omanivietnam.com\/index.php\/san-pham\/keyence-xg-8500\/","url":"https:\/\/omanivietnam.com\/index.php\/san-pham\/keyence-xg-8500\/","name":"KEYENCE XG-8500 - OMANI VI\u1ec6T NAM","isPartOf":{"@id":"https:\/\/omanivietnam.com\/#website"},"primaryImageOfPage":{"@id":"https:\/\/omanivietnam.com\/index.php\/san-pham\/keyence-xg-8500\/#primaryimage"},"image":{"@id":"https:\/\/omanivietnam.com\/index.php\/san-pham\/keyence-xg-8500\/#primaryimage"},"thumbnailUrl":"https:\/\/omanivietnam.com\/wp-content\/uploads\/2026\/01\/XG-8500.png","datePublished":"2026-01-31T15:48:44+00:00","dateModified":"2026-01-31T15:50:05+00:00","description":"KEYENCE XG-8500 Line Scan Camera Supporting Controller","breadcrumb":{"@id":"https:\/\/omanivietnam.com\/index.php\/san-pham\/keyence-xg-8500\/#breadcrumb"},"inLanguage":"vi","potentialAction":[{"@type":"ReadAction","target":["https:\/\/omanivietnam.com\/index.php\/san-pham\/keyence-xg-8500\/"]}]},{"@type":"ImageObject","inLanguage":"vi","@id":"https:\/\/omanivietnam.com\/index.php\/san-pham\/keyence-xg-8500\/#primaryimage","url":"https:\/\/omanivietnam.com\/wp-content\/uploads\/2026\/01\/XG-8500.png","contentUrl":"https:\/\/omanivietnam.com\/wp-content\/uploads\/2026\/01\/XG-8500.png","width":568,"height":477},{"@type":"BreadcrumbList","@id":"https:\/\/omanivietnam.com\/index.php\/san-pham\/keyence-xg-8500\/#breadcrumb","itemListElement":[{"@type":"ListItem","position":1,"name":"Home","item":"https:\/\/omanivietnam.com\/"},{"@type":"ListItem","position":2,"name":"S\u1ea2N PH\u1ea8M","item":"https:\/\/omanivietnam.com\/index.php\/cua-hang\/"},{"@type":"ListItem","position":3,"name":"KEYENCE XG-8500"}]},{"@type":"WebSite","@id":"https:\/\/omanivietnam.com\/#website","url":"https:\/\/omanivietnam.com\/","name":"OMANI VI\u1ec6T NAM","description":"Nh\u00e0 ph\u00e2n ph\u1ed1i thi\u1ebft b\u1ecb kh\u00ed n\u00e9n v\u00e0 thi\u1ebft b\u1ecb t\u1ef1 \u0111\u1ed9ng h\u00f3a trong c\u00f4ng nghi\u1ec7p","publisher":{"@id":"https:\/\/omanivietnam.com\/#\/schema\/person\/0ad398a980dc3fd696111c2c5c8fa897"},"potentialAction":[{"@type":"SearchAction","target":{"@type":"EntryPoint","urlTemplate":"https:\/\/omanivietnam.com\/?s={search_term_string}"},"query-input":"required name=search_term_string"}],"inLanguage":"vi"},{"@type":["Person","Organization"],"@id":"https:\/\/omanivietnam.com\/#\/schema\/person\/0ad398a980dc3fd696111c2c5c8fa897","name":"Nguy\u1ec5n V\u0103n Kh\u00e1nh","image":{"@type":"ImageObject","inLanguage":"vi","@id":"https:\/\/omanivietnam.com\/#\/schema\/person\/image\/","url":"https:\/\/omanivietnam.com\/wp-content\/uploads\/2024\/06\/logo-1024x1024.png","contentUrl":"https:\/\/omanivietnam.com\/wp-content\/uploads\/2024\/06\/logo-1024x1024.png","width":1024,"height":1024,"caption":"Nguy\u1ec5n V\u0103n Kh\u00e1nh"},"logo":{"@id":"https:\/\/omanivietnam.com\/#\/schema\/person\/image\/"},"sameAs":["https:\/\/omanivietnam.com"]}]}},"_links":{"self":[{"href":"https:\/\/omanivietnam.com\/index.php\/wp-json\/wp\/v2\/product\/4757","targetHints":{"allow":["GET"]}}],"collection":[{"href":"https:\/\/omanivietnam.com\/index.php\/wp-json\/wp\/v2\/product"}],"about":[{"href":"https:\/\/omanivietnam.com\/index.php\/wp-json\/wp\/v2\/types\/product"}],"replies":[{"embeddable":true,"href":"https:\/\/omanivietnam.com\/index.php\/wp-json\/wp\/v2\/comments?post=4757"}],"wp:featuredmedia":[{"embeddable":true,"href":"https:\/\/omanivietnam.com\/index.php\/wp-json\/wp\/v2\/media\/4758"}],"wp:attachment":[{"href":"https:\/\/omanivietnam.com\/index.php\/wp-json\/wp\/v2\/media?parent=4757"}],"wp:term":[{"taxonomy":"product_cat","embeddable":true,"href":"https:\/\/omanivietnam.com\/index.php\/wp-json\/wp\/v2\/product_cat?post=4757"},{"taxonomy":"product_tag","embeddable":true,"href":"https:\/\/omanivietnam.com\/index.php\/wp-json\/wp\/v2\/product_tag?post=4757"}],"curies":[{"name":"wp","href":"https:\/\/api.w.org\/{rel}","templated":true}]}}