{"id":4759,"date":"2026-01-31T23:12:16","date_gmt":"2026-01-31T16:12:16","guid":{"rendered":"https:\/\/omanivietnam.com\/?post_type=product&#038;p=4759"},"modified":"2026-04-04T11:43:18","modified_gmt":"2026-04-04T04:43:18","slug":"rosemount-2051cd1a02a1bhkb1m4q4","status":"publish","type":"product","link":"https:\/\/omanivietnam.com\/index.php\/san-pham\/rosemount-2051cd1a02a1bhkb1m4q4\/","title":{"rendered":"ROSEMOUNT 2051CD1A02A1BHKB1M4Q4"},"content":{"rendered":"<p>ROSEMOUNT 2051CD1A02A1BHKB1M4Q4<\/p>\n<p><strong>\u0110\u1eb6C \u0110I\u1ec2M N\u1ed4I B\u1eacT C\u1ea2M BI\u1ebeN \u00c1P SU\u1ea4T\u00a0<\/strong><strong>ROSEMOUNT<\/strong><strong>\u00a02051<\/strong><strong>\u00a0COPLANAR<\/strong><strong>\u2122<\/strong><\/p>\n<ul>\n<li>Hi\u1ec7u su\u1ea5t l\u00ean t\u1edbi 0,05% \u0111\u1ed9 ch\u00ednh x\u00e1c nh\u1ecbp.<\/li>\n<li>C\u00f4ng ngh\u1ec7 coplanar \u0111\u01b0\u1ee3c c\u1ea5p b\u1eb1ng s\u00e1ng ch\u1ebf cho ph\u00e9p g\u1eafn tr\u1ef1c ti\u1ebfp c\u00e1c gi\u1ea3i ph\u00e1p \u00e1p su\u1ea5t, l\u01b0u l\u01b0\u1ee3ng ho\u1eb7c \u0111o m\u1ee9c trong vi\u1ec7c c\u00e0i \u0111\u1eb7t m\u1ed9t c\u00e1ch linh ho\u1ea1t.<\/li>\n<li>\u0110\u01b0\u1ee3c l\u1eafp r\u00e1p ho\u00e0n ch\u1ec9nh v\u1edbi van ph\u00e2n ph\u1ed1i manifold, m\u00e0ng ng\u0103n \u00e1p su\u1ea5t ho\u1eb7c c\u00e1c c\u1ea3m bi\u1ebfn d\u00f3ng ch\u1ea3y gi\u00fap c\u00e0i \u0111\u1eb7t m\u1ed9t c\u00e1ch \u0111\u01a1n gi\u1ea3n.<\/li>\n<li>Giao di\u1ec7n v\u1eadn h\u00e0nh v\u1edbi menu d\u1ec5 s\u1eed d\u1ee5ng v\u00e0 c\u00e1c n\u00fat c\u1ea5u h\u00ecnh t\u00edch h\u1ee3p \u0111\u1ec3 v\u1eadn h\u00e0nh m\u1ed9t c\u00e1ch \u0111\u01a1n gi\u1ea3n &amp; h\u1ee3p l\u00fd.<\/li>\n<li>SIL 2\/3 \u0111\u01b0\u1ee3c ch\u1ee9ng nh\u1eadn theo ti\u00eau chu\u1ea9n IEC 61508 (th\u00f4ng qua b\u00ean th\u1ee9 3) v\u00e0 ch\u1ee9ng nh\u1eadn s\u1eed d\u1ee5ng tr\u01b0\u1edbc d\u1eef li\u1ec7u FMEDA \u0111\u1ec3 c\u00e0i \u0111\u1eb7t an to\u00e0n.<\/li>\n<li>S\u1eed d\u1ee5ng giao di\u1ec7n FOUNDATION fieldbus, c\u00f3 th\u1ec3 nhanh ch\u00f3ng \u0111\u01b0a v\u00e0o v\u1eadn h\u00e0nh v\u00e0 d\u1ec5 d\u00e0ng truy c\u1eadp, theo d\u00f5i th\u00f4ng tin v\u1ec1 ho\u1ea1t \u0111\u1ed9ng c\u1ee7a thi\u1ebft b\u1ecb c\u1ee7a thi\u1ebft b\u1ecb.<\/li>\n<li>C\u00e1c thi\u1ebft b\u1ecb \u0111i k\u00e8m \u0111\u01b0\u1ee3c ki\u1ec3m tra r\u00f2 r\u1ec9 v\u00e0 hi\u1ec7u chu\u1ea9n \u0111\u1ec3 gi\u1ea3m \u0111i\u1ec3m r\u00f2 r\u1ec9 t\u1edbi 70% v\u00e0 \u0111\u01a1n gi\u1ea3n h\u00f3a vi\u1ec7c l\u1eafp \u0111\u1eb7t.<\/li>\n<li>C\u1ea3m bi\u1ebfn \u00e1p su\u1ea5t Rosemount2051 Coplanar\u2122 Pressure Transmitter \u0111\u01b0\u1ee3c s\u1eed d\u1ee5ng r\u1ed9ng r\u00e3i trong r\u1ea5t nhi\u1ec1u ng\u00e0nh c\u00f4ng nghi\u1ec7p: ng\u00e0nh c\u00f4ng nghi\u1ec7p d\u1ea7u kh\u00ed, h\u00f3a h\u1ecdc v\u00e0 tinh ch\u1ebf, ng\u00e0nh th\u1ef1c ph\u1ea9m v\u00e0 n\u01b0\u1edbc gi\u1ea3i kh\u00e1t, b\u1ed9t gi\u1ea5y v\u00e0 gi\u1ea5y, qu\u1ea3n l\u00fd ch\u1ea5t th\u1ea3i,\u2026<\/li>\n<\/ul>\n<h2><strong>TH\u00d4NG S\u1ed0 K\u1ef8 THU\u1eacT C\u1ea2M BI\u1ebeN \u00c1P SU\u1ea4T\u00a0<\/strong><strong>ROSEMOUNT<\/strong><strong>\u2122\u00a02051<\/strong><strong>\u00a0COPLANAR<\/strong><strong>\u2122<\/strong><\/h2>\n<table>\n<tbody>\n<tr>\n<td>Warranty<\/td>\n<td>Up to 5-year limited warranty<\/td>\n<\/tr>\n<tr>\n<td>Rangedown<\/td>\n<td>Up To 100:1<\/td>\n<\/tr>\n<tr>\n<td>Communication Protocol<\/td>\n<td>4-20 mA HART\u00ae,\u00a0<em>Wireless<\/em>HART\u00ae, FOUNDATION\u2122 Fieldbus, PROFIBUS\u00ae, 1-5 V Low Power HART\u00ae<\/td>\n<\/tr>\n<tr>\n<td>Measurement Range<\/td>\n<td>Up to 2000 psi (137,9 bar) Differential, Up to 2000 psig (137,9 bar) Gage<\/td>\n<\/tr>\n<tr>\n<td>Process Wetted Material<\/td>\n<td>316L SST, Alloy C-276, Tantalum<\/td>\n<\/tr>\n<tr>\n<td>Diagnostics<\/td>\n<td>Basic Diagnostics<\/td>\n<\/tr>\n<tr>\n<td>Certifications\/Approvals<\/td>\n<td>SIL 2\/3 certified to IEC 61508 by an independent 3rd party, NSF, NACE\u00ae, hazardous location, see full specs for complete list of certifications<\/td>\n<\/tr>\n<\/tbody>\n<\/table>\n<p>&nbsp;<\/p>\n<p>1. TEMPERATURE SENSOR 450 \u00b0C<br \/>\nRTD 4 Wire, Pt100-385 &#8211; Temperature sensor probe<br \/>\nSensor diameter: 6mm<br \/>\nModel: 0068, Platinum Thin Film Temperature Sensors and Sensor<br \/>\nAssemblies<br \/>\nSensor Lead Wire Termination: Sensor only with 6-in.<br \/>\nPTFE-insulated, 22-gauge lead wires<br \/>\nSensor Type (single element -50 to 400 \u00b0C (-58 to 752 \u00b0F)):<br \/>\nSpring-loaded style<br \/>\nExtension Type: None<br \/>\nExtension Length (E): 0.0 inch<br \/>\nNo thermowell required<br \/>\nSensor length: 40 cm<br \/>\nConnection: 1\/2, both sides<br \/>\nHazardous Area Approval: ATEX Flameproof \/ Explosion-proof (E1 code)<br \/>\nPart number: 0068N21N00N155E1<br \/>\nBrand: Rosemount Emerson<\/p>\n<p>2. PRESSURE TRANSMITTER<br \/>\n&#8211; Pressure type: In-Line Gage Pressure Transmitter<br \/>\n&#8211; Pressure range: \u201314.7 to 10000 psi (-1.01 to 689.47 bar)<br \/>\n&#8211; Transmitter output: 4\u201320 mA with digital signal based on HART\u00ae Protocol<br \/>\n&#8211; Process connection style: \u00bd-14 NPT female (range 0-5 only)<br \/>\n&#8211; Isolating diaphragm: Alloy C-276<br \/>\n&#8211; Sensor fill fluid: Silicone<br \/>\n&#8211; Housing material: Stainless steel; Conduit entry size: \u00bd-14 NPT<br \/>\n&#8211; Mounting bracket: Bracket for 2-in. pipe or panel mounting, all stainless steel<br \/>\n&#8211; Product certifications: ATEX Flameproof LCD display<br \/>\nPart number: 3051TG5A2B31JB4E8M5<br \/>\nBrand: Rosemount Emerson<\/p>\n<p>3. PRESSURE TRANSMITTER<br \/>\n&#8211; In-line gauge pressure transmitter type<br \/>\n&#8211; Pressure range: \u201314.7 to 800 psi<br \/>\n&#8211; Range calibration: 0-700 psi<br \/>\n&#8211; Transmitter output: 4\u201320 mA with Digital Signal Based on HART Protocol<br \/>\n&#8211; Process connection style: 1\/2\u201314 NPT female (range 1\u20135 only)<br \/>\n&#8211; Isolating diaphragm: 316L SST, Process connection wetted parts material: 316L SST<br \/>\n&#8211; Sensor fill fluid: Silicone<br \/>\n&#8211; Housing material: 316L SST<br \/>\n&#8211; Cable entry: \u00bd\u2019\u2019 NPTF with 01 blind plug<br \/>\n&#8211; IP66, SIL 2 as minimum<br \/>\n&#8211; Classification: Zone 2, Ex \u201cd\u201d, IIA, T5<br \/>\n&#8211; Product certifications: FM, CSA, and ATEX Explosion-proof, Intrinsically Safe<br \/>\n&#8211; Display and interface options: LCD display<br \/>\nPart number: 3051TG3A2B21JKDM5<br \/>\nBrand: Rosemount Emerson<\/p>\n<p>D\u00f2ng s\u1ea3n ph\u1ea9m t\u01b0\u01a1ng t\u1ef1<\/p>\n<p>ROSEMOUNT 644HWNAF5Q4<\/p>\n<p>ROSEMOUNT 8732EMT2A2M5C1<\/p>\n<p>ROSEMOUNT 8705TTE005SHW0B3Q4Q8PD<\/p>\n<p>ROSEMOUNT 2051CD1A22A1BL4M5Q4<\/p>\n<p>ROSEMOUNT 3051CD1A23A1AB4DFQ4<\/p>\n<p>\u0110\u1ea1i l\u00fd ROSEMOUNT vietnam, ROSEMOUNT viet nam, ROSEMOUNT vietnam distributor, Ph\u00e2n ph\u1ed1i ROSEMOUNT t\u1ea1i vi\u1ec7t nam<\/p>\n<p>\u0110\u1ea1i l\u00fd ROSEMOUNT vietnam, ROSEMOUNT viet nam, ROSEMOUNT vietnam distributor, Ph\u00e2n ph\u1ed1i ROSEMOUNT t\u1ea1i vi\u1ec7t nam<\/p>\n<p>\u0110\u1ea1i l\u00fd ROSEMOUNT vietnam, ROSEMOUNT viet nam, ROSEMOUNT vietnam distributor, Ph\u00e2n ph\u1ed1i ROSEMOUNT t\u1ea1i vi\u1ec7t nam<\/p>\n","protected":false},"excerpt":{"rendered":"<p>ROSEMOUNT 2051CD1A02A1BHKB1M4Q4 \u0110\u1eb6C \u0110I\u1ec2M N\u1ed4I B\u1eacT C\u1ea2M BI\u1ebeN \u00c1P SU\u1ea4T\u00a0ROSEMOUNT\u00a02051\u00a0COPLANAR\u2122 Hi\u1ec7u su\u1ea5t l\u00ean t\u1edbi 0,05% \u0111\u1ed9 ch\u00ednh x\u00e1c nh\u1ecbp. C\u00f4ng ngh\u1ec7 coplanar \u0111\u01b0\u1ee3c c\u1ea5p b\u1eb1ng s\u00e1ng ch\u1ebf cho ph\u00e9p g\u1eafn tr\u1ef1c ti\u1ebfp c\u00e1c gi\u1ea3i ph\u00e1p \u00e1p su\u1ea5t, l\u01b0u l\u01b0\u1ee3ng ho\u1eb7c \u0111o m\u1ee9c trong vi\u1ec7c c\u00e0i \u0111\u1eb7t m\u1ed9t c\u00e1ch linh ho\u1ea1t.&hellip; <\/p>\n","protected":false},"featured_media":4761,"comment_status":"open","ping_status":"closed","template":"","meta":[],"product_cat":[904],"product_tag":[852,906,905],"class_list":{"0":"post-4759","1":"product","2":"type-product","3":"status-publish","4":"has-post-thumbnail","6":"product_cat-rosemount","7":"product_tag-cam-bien-ap-suat","8":"product_tag-dai-ly-rosemount-viet-nam","9":"product_tag-rosemount-viet-nam","11":"first","12":"instock","13":"shipping-taxable","14":"product-type-simple"},"yoast_head":"<!-- This site is optimized with the Yoast SEO plugin v22.8 - https:\/\/yoast.com\/wordpress\/plugins\/seo\/ -->\n<title>ROSEMOUNT 2051CD1A02A1BHKB1M4Q4 - OMANI VI\u1ec6T NAM<\/title>\n<meta name=\"description\" content=\"ROSEMOUNT 2051CD1A02A1BHKB1M4Q4 Pressure Transmitter\" \/>\n<meta name=\"robots\" content=\"index, follow, max-snippet:-1, max-image-preview:large, max-video-preview:-1\" \/>\n<link rel=\"canonical\" href=\"https:\/\/omanivietnam.com\/index.php\/san-pham\/rosemount-2051cd1a02a1bhkb1m4q4\/\" \/>\n<meta property=\"og:locale\" content=\"vi_VN\" \/>\n<meta property=\"og:type\" content=\"article\" \/>\n<meta property=\"og:title\" content=\"ROSEMOUNT 2051CD1A02A1BHKB1M4Q4 - OMANI VI\u1ec6T NAM\" \/>\n<meta property=\"og:description\" content=\"ROSEMOUNT 2051CD1A02A1BHKB1M4Q4 Pressure Transmitter\" \/>\n<meta property=\"og:url\" content=\"https:\/\/omanivietnam.com\/index.php\/san-pham\/rosemount-2051cd1a02a1bhkb1m4q4\/\" \/>\n<meta property=\"og:site_name\" content=\"OMANI VI\u1ec6T NAM\" \/>\n<meta property=\"article:modified_time\" content=\"2026-04-04T04:43:18+00:00\" \/>\n<meta property=\"og:image\" content=\"https:\/\/omanivietnam.com\/wp-content\/uploads\/2026\/01\/2051CD1A02A1BHKB1M4Q4.png\" \/>\n\t<meta property=\"og:image:width\" content=\"669\" \/>\n\t<meta property=\"og:image:height\" content=\"309\" \/>\n\t<meta property=\"og:image:type\" content=\"image\/png\" \/>\n<meta name=\"twitter:card\" content=\"summary_large_image\" \/>\n<meta name=\"twitter:label1\" content=\"\u01af\u1edbc t\u00ednh th\u1eddi gian \u0111\u1ecdc\" \/>\n\t<meta name=\"twitter:data1\" content=\"4 ph\u00fat\" \/>\n<script type=\"application\/ld+json\" class=\"yoast-schema-graph\">{\"@context\":\"https:\/\/schema.org\",\"@graph\":[{\"@type\":\"WebPage\",\"@id\":\"https:\/\/omanivietnam.com\/index.php\/san-pham\/rosemount-2051cd1a02a1bhkb1m4q4\/\",\"url\":\"https:\/\/omanivietnam.com\/index.php\/san-pham\/rosemount-2051cd1a02a1bhkb1m4q4\/\",\"name\":\"ROSEMOUNT 2051CD1A02A1BHKB1M4Q4 - OMANI VI\u1ec6T NAM\",\"isPartOf\":{\"@id\":\"https:\/\/omanivietnam.com\/#website\"},\"primaryImageOfPage\":{\"@id\":\"https:\/\/omanivietnam.com\/index.php\/san-pham\/rosemount-2051cd1a02a1bhkb1m4q4\/#primaryimage\"},\"image\":{\"@id\":\"https:\/\/omanivietnam.com\/index.php\/san-pham\/rosemount-2051cd1a02a1bhkb1m4q4\/#primaryimage\"},\"thumbnailUrl\":\"https:\/\/omanivietnam.com\/wp-content\/uploads\/2026\/01\/2051CD1A02A1BHKB1M4Q4.png\",\"datePublished\":\"2026-01-31T16:12:16+00:00\",\"dateModified\":\"2026-04-04T04:43:18+00:00\",\"description\":\"ROSEMOUNT 2051CD1A02A1BHKB1M4Q4 Pressure Transmitter\",\"breadcrumb\":{\"@id\":\"https:\/\/omanivietnam.com\/index.php\/san-pham\/rosemount-2051cd1a02a1bhkb1m4q4\/#breadcrumb\"},\"inLanguage\":\"vi\",\"potentialAction\":[{\"@type\":\"ReadAction\",\"target\":[\"https:\/\/omanivietnam.com\/index.php\/san-pham\/rosemount-2051cd1a02a1bhkb1m4q4\/\"]}]},{\"@type\":\"ImageObject\",\"inLanguage\":\"vi\",\"@id\":\"https:\/\/omanivietnam.com\/index.php\/san-pham\/rosemount-2051cd1a02a1bhkb1m4q4\/#primaryimage\",\"url\":\"https:\/\/omanivietnam.com\/wp-content\/uploads\/2026\/01\/2051CD1A02A1BHKB1M4Q4.png\",\"contentUrl\":\"https:\/\/omanivietnam.com\/wp-content\/uploads\/2026\/01\/2051CD1A02A1BHKB1M4Q4.png\",\"width\":669,\"height\":309},{\"@type\":\"BreadcrumbList\",\"@id\":\"https:\/\/omanivietnam.com\/index.php\/san-pham\/rosemount-2051cd1a02a1bhkb1m4q4\/#breadcrumb\",\"itemListElement\":[{\"@type\":\"ListItem\",\"position\":1,\"name\":\"Home\",\"item\":\"https:\/\/omanivietnam.com\/\"},{\"@type\":\"ListItem\",\"position\":2,\"name\":\"S\u1ea2N PH\u1ea8M\",\"item\":\"https:\/\/omanivietnam.com\/index.php\/cua-hang\/\"},{\"@type\":\"ListItem\",\"position\":3,\"name\":\"ROSEMOUNT 2051CD1A02A1BHKB1M4Q4\"}]},{\"@type\":\"WebSite\",\"@id\":\"https:\/\/omanivietnam.com\/#website\",\"url\":\"https:\/\/omanivietnam.com\/\",\"name\":\"OMANI VI\u1ec6T NAM\",\"description\":\"Nh\u00e0 ph\u00e2n ph\u1ed1i thi\u1ebft b\u1ecb kh\u00ed n\u00e9n v\u00e0 thi\u1ebft b\u1ecb t\u1ef1 \u0111\u1ed9ng h\u00f3a trong c\u00f4ng nghi\u1ec7p\",\"publisher\":{\"@id\":\"https:\/\/omanivietnam.com\/#\/schema\/person\/0ad398a980dc3fd696111c2c5c8fa897\"},\"potentialAction\":[{\"@type\":\"SearchAction\",\"target\":{\"@type\":\"EntryPoint\",\"urlTemplate\":\"https:\/\/omanivietnam.com\/?s={search_term_string}\"},\"query-input\":\"required name=search_term_string\"}],\"inLanguage\":\"vi\"},{\"@type\":[\"Person\",\"Organization\"],\"@id\":\"https:\/\/omanivietnam.com\/#\/schema\/person\/0ad398a980dc3fd696111c2c5c8fa897\",\"name\":\"Nguy\u1ec5n V\u0103n Kh\u00e1nh\",\"image\":{\"@type\":\"ImageObject\",\"inLanguage\":\"vi\",\"@id\":\"https:\/\/omanivietnam.com\/#\/schema\/person\/image\/\",\"url\":\"https:\/\/omanivietnam.com\/wp-content\/uploads\/2024\/06\/logo-1024x1024.png\",\"contentUrl\":\"https:\/\/omanivietnam.com\/wp-content\/uploads\/2024\/06\/logo-1024x1024.png\",\"width\":1024,\"height\":1024,\"caption\":\"Nguy\u1ec5n V\u0103n Kh\u00e1nh\"},\"logo\":{\"@id\":\"https:\/\/omanivietnam.com\/#\/schema\/person\/image\/\"},\"sameAs\":[\"https:\/\/omanivietnam.com\"]}]}<\/script>\n<!-- \/ Yoast SEO plugin. -->","yoast_head_json":{"title":"ROSEMOUNT 2051CD1A02A1BHKB1M4Q4 - OMANI VI\u1ec6T NAM","description":"ROSEMOUNT 2051CD1A02A1BHKB1M4Q4 Pressure Transmitter","robots":{"index":"index","follow":"follow","max-snippet":"max-snippet:-1","max-image-preview":"max-image-preview:large","max-video-preview":"max-video-preview:-1"},"canonical":"https:\/\/omanivietnam.com\/index.php\/san-pham\/rosemount-2051cd1a02a1bhkb1m4q4\/","og_locale":"vi_VN","og_type":"article","og_title":"ROSEMOUNT 2051CD1A02A1BHKB1M4Q4 - OMANI VI\u1ec6T NAM","og_description":"ROSEMOUNT 2051CD1A02A1BHKB1M4Q4 Pressure Transmitter","og_url":"https:\/\/omanivietnam.com\/index.php\/san-pham\/rosemount-2051cd1a02a1bhkb1m4q4\/","og_site_name":"OMANI VI\u1ec6T NAM","article_modified_time":"2026-04-04T04:43:18+00:00","og_image":[{"width":669,"height":309,"url":"https:\/\/omanivietnam.com\/wp-content\/uploads\/2026\/01\/2051CD1A02A1BHKB1M4Q4.png","type":"image\/png"}],"twitter_card":"summary_large_image","twitter_misc":{"\u01af\u1edbc t\u00ednh th\u1eddi gian \u0111\u1ecdc":"4 ph\u00fat"},"schema":{"@context":"https:\/\/schema.org","@graph":[{"@type":"WebPage","@id":"https:\/\/omanivietnam.com\/index.php\/san-pham\/rosemount-2051cd1a02a1bhkb1m4q4\/","url":"https:\/\/omanivietnam.com\/index.php\/san-pham\/rosemount-2051cd1a02a1bhkb1m4q4\/","name":"ROSEMOUNT 2051CD1A02A1BHKB1M4Q4 - OMANI VI\u1ec6T NAM","isPartOf":{"@id":"https:\/\/omanivietnam.com\/#website"},"primaryImageOfPage":{"@id":"https:\/\/omanivietnam.com\/index.php\/san-pham\/rosemount-2051cd1a02a1bhkb1m4q4\/#primaryimage"},"image":{"@id":"https:\/\/omanivietnam.com\/index.php\/san-pham\/rosemount-2051cd1a02a1bhkb1m4q4\/#primaryimage"},"thumbnailUrl":"https:\/\/omanivietnam.com\/wp-content\/uploads\/2026\/01\/2051CD1A02A1BHKB1M4Q4.png","datePublished":"2026-01-31T16:12:16+00:00","dateModified":"2026-04-04T04:43:18+00:00","description":"ROSEMOUNT 2051CD1A02A1BHKB1M4Q4 Pressure Transmitter","breadcrumb":{"@id":"https:\/\/omanivietnam.com\/index.php\/san-pham\/rosemount-2051cd1a02a1bhkb1m4q4\/#breadcrumb"},"inLanguage":"vi","potentialAction":[{"@type":"ReadAction","target":["https:\/\/omanivietnam.com\/index.php\/san-pham\/rosemount-2051cd1a02a1bhkb1m4q4\/"]}]},{"@type":"ImageObject","inLanguage":"vi","@id":"https:\/\/omanivietnam.com\/index.php\/san-pham\/rosemount-2051cd1a02a1bhkb1m4q4\/#primaryimage","url":"https:\/\/omanivietnam.com\/wp-content\/uploads\/2026\/01\/2051CD1A02A1BHKB1M4Q4.png","contentUrl":"https:\/\/omanivietnam.com\/wp-content\/uploads\/2026\/01\/2051CD1A02A1BHKB1M4Q4.png","width":669,"height":309},{"@type":"BreadcrumbList","@id":"https:\/\/omanivietnam.com\/index.php\/san-pham\/rosemount-2051cd1a02a1bhkb1m4q4\/#breadcrumb","itemListElement":[{"@type":"ListItem","position":1,"name":"Home","item":"https:\/\/omanivietnam.com\/"},{"@type":"ListItem","position":2,"name":"S\u1ea2N PH\u1ea8M","item":"https:\/\/omanivietnam.com\/index.php\/cua-hang\/"},{"@type":"ListItem","position":3,"name":"ROSEMOUNT 2051CD1A02A1BHKB1M4Q4"}]},{"@type":"WebSite","@id":"https:\/\/omanivietnam.com\/#website","url":"https:\/\/omanivietnam.com\/","name":"OMANI VI\u1ec6T NAM","description":"Nh\u00e0 ph\u00e2n ph\u1ed1i thi\u1ebft b\u1ecb kh\u00ed n\u00e9n v\u00e0 thi\u1ebft b\u1ecb t\u1ef1 \u0111\u1ed9ng h\u00f3a trong c\u00f4ng nghi\u1ec7p","publisher":{"@id":"https:\/\/omanivietnam.com\/#\/schema\/person\/0ad398a980dc3fd696111c2c5c8fa897"},"potentialAction":[{"@type":"SearchAction","target":{"@type":"EntryPoint","urlTemplate":"https:\/\/omanivietnam.com\/?s={search_term_string}"},"query-input":"required name=search_term_string"}],"inLanguage":"vi"},{"@type":["Person","Organization"],"@id":"https:\/\/omanivietnam.com\/#\/schema\/person\/0ad398a980dc3fd696111c2c5c8fa897","name":"Nguy\u1ec5n V\u0103n Kh\u00e1nh","image":{"@type":"ImageObject","inLanguage":"vi","@id":"https:\/\/omanivietnam.com\/#\/schema\/person\/image\/","url":"https:\/\/omanivietnam.com\/wp-content\/uploads\/2024\/06\/logo-1024x1024.png","contentUrl":"https:\/\/omanivietnam.com\/wp-content\/uploads\/2024\/06\/logo-1024x1024.png","width":1024,"height":1024,"caption":"Nguy\u1ec5n V\u0103n Kh\u00e1nh"},"logo":{"@id":"https:\/\/omanivietnam.com\/#\/schema\/person\/image\/"},"sameAs":["https:\/\/omanivietnam.com"]}]}},"_links":{"self":[{"href":"https:\/\/omanivietnam.com\/index.php\/wp-json\/wp\/v2\/product\/4759","targetHints":{"allow":["GET"]}}],"collection":[{"href":"https:\/\/omanivietnam.com\/index.php\/wp-json\/wp\/v2\/product"}],"about":[{"href":"https:\/\/omanivietnam.com\/index.php\/wp-json\/wp\/v2\/types\/product"}],"replies":[{"embeddable":true,"href":"https:\/\/omanivietnam.com\/index.php\/wp-json\/wp\/v2\/comments?post=4759"}],"wp:featuredmedia":[{"embeddable":true,"href":"https:\/\/omanivietnam.com\/index.php\/wp-json\/wp\/v2\/media\/4761"}],"wp:attachment":[{"href":"https:\/\/omanivietnam.com\/index.php\/wp-json\/wp\/v2\/media?parent=4759"}],"wp:term":[{"taxonomy":"product_cat","embeddable":true,"href":"https:\/\/omanivietnam.com\/index.php\/wp-json\/wp\/v2\/product_cat?post=4759"},{"taxonomy":"product_tag","embeddable":true,"href":"https:\/\/omanivietnam.com\/index.php\/wp-json\/wp\/v2\/product_tag?post=4759"}],"curies":[{"name":"wp","href":"https:\/\/api.w.org\/{rel}","templated":true}]}}