{"id":4791,"date":"2026-02-13T21:45:46","date_gmt":"2026-02-13T14:45:46","guid":{"rendered":"https:\/\/omanivietnam.com\/?post_type=product&#038;p=4791"},"modified":"2026-02-13T21:48:04","modified_gmt":"2026-02-13T14:48:04","slug":"smc-vt307-5g1-01","status":"publish","type":"product","link":"https:\/\/omanivietnam.com\/index.php\/san-pham\/smc-vt307-5g1-01\/","title":{"rendered":"SMC VT307-5G1-01"},"content":{"rendered":"<p>SMC VT307-5G1-01<\/p>\n<p>SMC VT307-5G1-02<\/p>\n<p>VT307-5G1-02 VT307-4G1-02 VT307V-5G1-02 VT307-5G1-01<\/p>\n<div class=\"spec spec-exp\"><span class=\"font-600\">Technical<\/span><\/div>\n<div class=\"spec spec-exp\"><span class=\"ask\">Body type:<\/span><span class=\"answer\">Body ported<\/span><\/div>\n<div class=\"spec spec-exp\"><span class=\"ask\">Pressure specifications:<\/span><span class=\"answer\">Standard type (0.7 MPa)<\/span><\/div>\n<div class=\"spec spec-exp\"><span class=\"ask\">Rated voltage:<\/span><span class=\"answer\">24 VDC<\/span><\/div>\n<div class=\"spec spec-exp\"><span class=\"ask\">Electrical entry:<\/span><span class=\"answer\">300 mm lead wire<\/span><\/div>\n<div class=\"spec spec-exp\"><span class=\"ask\">Light\/Surge voltage suppressor:<\/span><span class=\"answer\">None<\/span><\/div>\n<div class=\"spec spec-exp\"><span class=\"ask\">Port size:<\/span><span class=\"answer\">1\/8 (6A)<\/span><\/div>\n<div class=\"spec spec-exp\"><span class=\"ask\">Thread type:<\/span><span class=\"answer\">Rc<\/span><\/div>\n<div class=\"spec spec-exp\"><span class=\"ask\">Bracket:<\/span><span class=\"answer\">None<\/span><\/div>\n<div><\/div>\n<p>\u0110\u1eb7c \u0110i\u1ec3m:<\/p>\n<p>&#8211; C\u00f4ng su\u1ea5t ti\u00eau th\u1ee5 th\u1ea5p.<\/p>\n<p>&#8211; \u0110\u00e2y l\u00e0 d\u00f2ng van \u0111\u01b0\u1ee3c thi\u1ebft k\u1ebf d\u00f9ng cho kh\u00ed, h\u01a1i c\u00f3 nhi\u1ec7t \u0111\u1ed9 cao, \u00e1p su\u1ea5t l\u1edbn.<\/p>\n<p>&#8211; Van \u0111\u00f3ng m\u1edf nhanh, \u0111\u1ed9 b\u1ec1n cao, k\u1ebft c\u1ea5u \u0111\u01a1n gi\u1ea3n, gi\u00e1 th\u00e0nh ph\u1ea3i ch\u0103ng.<\/p>\n<p>&#8211; Van k\u00edch ho\u1ea1t b\u1eb1ng \u0111i\u1ec7n, s\u1eed d\u1ee5ng d\u00f2ng \u0111i\u1ec7n \u0111\u1ec3 \u0111\u00f3ng m\u1edf c\u1eeda van, \u0111i\u1ec1u khi\u1ec3n kh\u00ed n\u00e9n.<\/p>\n<p>\u1ee8ng D\u1ee5ng Nguy\u00ean Li\u1ec7u:<\/p>\n<p>Kh\u00ed \u1ee8ng D\u1ee5ng S\u1eed D\u1ee5ng:<\/p>\n<p>&#8211; Van \u0111\u01b0\u1ee3c s\u1eed d\u1ee5ng \u0111\u1ec3 \u0111\u00f3ng, m\u1edf, ph\u00e2n chia, tr\u1ed9n l\u1eabn kh\u00ed n\u00e9n t\u1eeb m\u00e1y n\u00e9n kh\u00ed.<\/p>\n<p>&#8211; Ch\u1ee9c n\u0103ng c\u1ee7a van l\u00e0 cung c\u1ea5p v\u00e0 \u0111i\u1ec1u khi\u1ec3n kh\u00ed n\u00e9n cho c\u00e1c lo\u1ea1i xi lanh, \u0111i\u1ec1u \u00e1p, b\u1ed9 l\u1ecdc ho\u1ea1t \u0111\u1ed9ng.<\/p>\n<p>\u1ee8ng d\u1ee5ng phong ph\u00fa nh\u1ea5t l\u00e0 trong c\u00e1c h\u1ec7 th\u1ed1ng s\u1ea3n xu\u1ea5t kh\u00ed n\u00e9n c\u1ee7a nh\u00e0 m\u00e1y: d\u1ec7t may, l\u1eafp r\u00e1p linh ki\u1ec7n \u0111i\u1ec7n t\u1eed, s\u1ea3n xu\u1ea5t gi\u1ea5y, h\u00f3a ch\u1ea5t, xi m\u0103ng, s\u1ea3n xu\u1ea5t \u00f4 t\u00f4\u2026<\/p>\n<p>\u0110\u01a1n v\u1ecb:<\/p>\n<p>C\u00e1i Th\u00f4ng tin k\u0129 thu\u1eadt c\u1ee7a van:<\/p>\n<p>\u00c1p su\u1ea5t ho\u1ea1t \u0111\u1ed9ng 0-0.7 MPa<\/p>\n<p>Nhi\u1ec7t \u0111\u1ed9 ho\u1ea1t \u0111\u1ed9ng -10 ~ 50 (kh\u00f4ng \u0111\u00f3ng b\u0103ng)<\/p>\n<p>Th\u1eddi gian \u0111\u00e1p \u1ee9ng 20 ms ho\u1eb7c nh\u1ecf h\u01a1n (\u1edf \u00e1p su\u1ea5t 0.5 Mpa)<\/p>\n<p>T\u1ea7n s\u1ed1 ho\u1ea1t \u0111\u1ed9ng t\u1ed1i \u0111a 10 Hz<\/p>\n<p>K\u00edch th\u01b0\u1edbc c\u1ed5ng k\u1ebft n\u1ed1i\u00a0 13 mm \u0110\u1ed9 ch\u1ed1ng va \u0111\u1eadp \/ ch\u1ed1ng rung (m\/s2) 150\/50<\/p>\n<p>\u0110\u1ea1i l\u00fd SMC vietnam, SMC viet nam, SMC vietnam distributor, Ph\u00e2n ph\u1ed1i SMC t\u1ea1i vi\u1ec7t nam<\/p>\n<p>\u0110\u1ea1i l\u00fd SMC vietnam, SMC viet nam, SMC vietnam distributor, Ph\u00e2n ph\u1ed1i SMC t\u1ea1i vi\u1ec7t nam<\/p>\n<p>\u0110\u1ea1i l\u00fd SMC vietnam, SMC viet nam, SMC vietnam distributor, Ph\u00e2n ph\u1ed1i SMC t\u1ea1i vi\u1ec7t nam<\/p>\n","protected":false},"excerpt":{"rendered":"<p>SMC VT307-5G1-01 SMC VT307-5G1-02 VT307-5G1-02 VT307-4G1-02 VT307V-5G1-02 VT307-5G1-01 Technical Body type:Body ported Pressure specifications:Standard type (0.7 MPa) Rated voltage:24 VDC Electrical entry:300 mm lead wire Light\/Surge voltage suppressor:None Port size:1\/8 (6A) Thread type:Rc Bracket:None \u0110\u1eb7c \u0110i\u1ec3m: &#8211; C\u00f4ng su\u1ea5t ti\u00eau th\u1ee5 th\u1ea5p. &#8211; \u0110\u00e2y l\u00e0 d\u00f2ng van \u0111\u01b0\u1ee3c thi\u1ebft k\u1ebf&hellip; <\/p>\n","protected":false},"featured_media":4792,"comment_status":"open","ping_status":"closed","template":"","meta":[],"product_cat":[283],"product_tag":[93,92,690],"class_list":{"0":"post-4791","1":"product","2":"type-product","3":"status-publish","4":"has-post-thumbnail","6":"product_cat-smc","7":"product_tag-dai-ly-smc-viet-nam","8":"product_tag-smc-viet-nam","9":"product_tag-van-dien-tu","11":"first","12":"instock","13":"shipping-taxable","14":"product-type-simple"},"yoast_head":"<!-- This site is optimized with the Yoast SEO plugin v22.8 - https:\/\/yoast.com\/wordpress\/plugins\/seo\/ -->\n<title>SMC VT307-5G1-01 - OMANI VI\u1ec6T NAM<\/title>\n<meta name=\"description\" content=\"SMC VT307-5G1-01 Valve\" \/>\n<meta name=\"robots\" content=\"index, follow, max-snippet:-1, max-image-preview:large, max-video-preview:-1\" \/>\n<link rel=\"canonical\" href=\"https:\/\/omanivietnam.com\/index.php\/san-pham\/smc-vt307-5g1-01\/\" \/>\n<meta property=\"og:locale\" content=\"vi_VN\" \/>\n<meta property=\"og:type\" content=\"article\" \/>\n<meta property=\"og:title\" content=\"SMC VT307-5G1-01 - OMANI VI\u1ec6T NAM\" \/>\n<meta property=\"og:description\" content=\"SMC VT307-5G1-01 Valve\" \/>\n<meta property=\"og:url\" content=\"https:\/\/omanivietnam.com\/index.php\/san-pham\/smc-vt307-5g1-01\/\" \/>\n<meta property=\"og:site_name\" content=\"OMANI VI\u1ec6T NAM\" \/>\n<meta property=\"article:modified_time\" content=\"2026-02-13T14:48:04+00:00\" \/>\n<meta property=\"og:image\" content=\"https:\/\/omanivietnam.com\/wp-content\/uploads\/2026\/02\/VT307-5G1-01.png\" \/>\n\t<meta property=\"og:image:width\" content=\"625\" \/>\n\t<meta property=\"og:image:height\" content=\"419\" \/>\n\t<meta property=\"og:image:type\" content=\"image\/png\" \/>\n<meta name=\"twitter:card\" content=\"summary_large_image\" \/>\n<meta name=\"twitter:label1\" content=\"\u01af\u1edbc t\u00ednh th\u1eddi gian \u0111\u1ecdc\" \/>\n\t<meta name=\"twitter:data1\" content=\"2 ph\u00fat\" \/>\n<script type=\"application\/ld+json\" class=\"yoast-schema-graph\">{\"@context\":\"https:\/\/schema.org\",\"@graph\":[{\"@type\":\"WebPage\",\"@id\":\"https:\/\/omanivietnam.com\/index.php\/san-pham\/smc-vt307-5g1-01\/\",\"url\":\"https:\/\/omanivietnam.com\/index.php\/san-pham\/smc-vt307-5g1-01\/\",\"name\":\"SMC VT307-5G1-01 - OMANI VI\u1ec6T NAM\",\"isPartOf\":{\"@id\":\"https:\/\/omanivietnam.com\/#website\"},\"primaryImageOfPage\":{\"@id\":\"https:\/\/omanivietnam.com\/index.php\/san-pham\/smc-vt307-5g1-01\/#primaryimage\"},\"image\":{\"@id\":\"https:\/\/omanivietnam.com\/index.php\/san-pham\/smc-vt307-5g1-01\/#primaryimage\"},\"thumbnailUrl\":\"https:\/\/omanivietnam.com\/wp-content\/uploads\/2026\/02\/VT307-5G1-01.png\",\"datePublished\":\"2026-02-13T14:45:46+00:00\",\"dateModified\":\"2026-02-13T14:48:04+00:00\",\"description\":\"SMC VT307-5G1-01 Valve\",\"breadcrumb\":{\"@id\":\"https:\/\/omanivietnam.com\/index.php\/san-pham\/smc-vt307-5g1-01\/#breadcrumb\"},\"inLanguage\":\"vi\",\"potentialAction\":[{\"@type\":\"ReadAction\",\"target\":[\"https:\/\/omanivietnam.com\/index.php\/san-pham\/smc-vt307-5g1-01\/\"]}]},{\"@type\":\"ImageObject\",\"inLanguage\":\"vi\",\"@id\":\"https:\/\/omanivietnam.com\/index.php\/san-pham\/smc-vt307-5g1-01\/#primaryimage\",\"url\":\"https:\/\/omanivietnam.com\/wp-content\/uploads\/2026\/02\/VT307-5G1-01.png\",\"contentUrl\":\"https:\/\/omanivietnam.com\/wp-content\/uploads\/2026\/02\/VT307-5G1-01.png\",\"width\":625,\"height\":419},{\"@type\":\"BreadcrumbList\",\"@id\":\"https:\/\/omanivietnam.com\/index.php\/san-pham\/smc-vt307-5g1-01\/#breadcrumb\",\"itemListElement\":[{\"@type\":\"ListItem\",\"position\":1,\"name\":\"Home\",\"item\":\"https:\/\/omanivietnam.com\/\"},{\"@type\":\"ListItem\",\"position\":2,\"name\":\"S\u1ea2N PH\u1ea8M\",\"item\":\"https:\/\/omanivietnam.com\/index.php\/cua-hang\/\"},{\"@type\":\"ListItem\",\"position\":3,\"name\":\"SMC VT307-5G1-01\"}]},{\"@type\":\"WebSite\",\"@id\":\"https:\/\/omanivietnam.com\/#website\",\"url\":\"https:\/\/omanivietnam.com\/\",\"name\":\"OMANI VI\u1ec6T NAM\",\"description\":\"Nh\u00e0 ph\u00e2n ph\u1ed1i thi\u1ebft b\u1ecb kh\u00ed n\u00e9n v\u00e0 thi\u1ebft b\u1ecb t\u1ef1 \u0111\u1ed9ng h\u00f3a trong c\u00f4ng nghi\u1ec7p\",\"publisher\":{\"@id\":\"https:\/\/omanivietnam.com\/#\/schema\/person\/0ad398a980dc3fd696111c2c5c8fa897\"},\"potentialAction\":[{\"@type\":\"SearchAction\",\"target\":{\"@type\":\"EntryPoint\",\"urlTemplate\":\"https:\/\/omanivietnam.com\/?s={search_term_string}\"},\"query-input\":\"required name=search_term_string\"}],\"inLanguage\":\"vi\"},{\"@type\":[\"Person\",\"Organization\"],\"@id\":\"https:\/\/omanivietnam.com\/#\/schema\/person\/0ad398a980dc3fd696111c2c5c8fa897\",\"name\":\"Nguy\u1ec5n V\u0103n Kh\u00e1nh\",\"image\":{\"@type\":\"ImageObject\",\"inLanguage\":\"vi\",\"@id\":\"https:\/\/omanivietnam.com\/#\/schema\/person\/image\/\",\"url\":\"https:\/\/omanivietnam.com\/wp-content\/uploads\/2024\/06\/logo-1024x1024.png\",\"contentUrl\":\"https:\/\/omanivietnam.com\/wp-content\/uploads\/2024\/06\/logo-1024x1024.png\",\"width\":1024,\"height\":1024,\"caption\":\"Nguy\u1ec5n V\u0103n Kh\u00e1nh\"},\"logo\":{\"@id\":\"https:\/\/omanivietnam.com\/#\/schema\/person\/image\/\"},\"sameAs\":[\"https:\/\/omanivietnam.com\"]}]}<\/script>\n<!-- \/ Yoast SEO plugin. -->","yoast_head_json":{"title":"SMC VT307-5G1-01 - OMANI VI\u1ec6T NAM","description":"SMC VT307-5G1-01 Valve","robots":{"index":"index","follow":"follow","max-snippet":"max-snippet:-1","max-image-preview":"max-image-preview:large","max-video-preview":"max-video-preview:-1"},"canonical":"https:\/\/omanivietnam.com\/index.php\/san-pham\/smc-vt307-5g1-01\/","og_locale":"vi_VN","og_type":"article","og_title":"SMC VT307-5G1-01 - OMANI VI\u1ec6T NAM","og_description":"SMC VT307-5G1-01 Valve","og_url":"https:\/\/omanivietnam.com\/index.php\/san-pham\/smc-vt307-5g1-01\/","og_site_name":"OMANI VI\u1ec6T NAM","article_modified_time":"2026-02-13T14:48:04+00:00","og_image":[{"width":625,"height":419,"url":"https:\/\/omanivietnam.com\/wp-content\/uploads\/2026\/02\/VT307-5G1-01.png","type":"image\/png"}],"twitter_card":"summary_large_image","twitter_misc":{"\u01af\u1edbc t\u00ednh th\u1eddi gian \u0111\u1ecdc":"2 ph\u00fat"},"schema":{"@context":"https:\/\/schema.org","@graph":[{"@type":"WebPage","@id":"https:\/\/omanivietnam.com\/index.php\/san-pham\/smc-vt307-5g1-01\/","url":"https:\/\/omanivietnam.com\/index.php\/san-pham\/smc-vt307-5g1-01\/","name":"SMC VT307-5G1-01 - OMANI VI\u1ec6T NAM","isPartOf":{"@id":"https:\/\/omanivietnam.com\/#website"},"primaryImageOfPage":{"@id":"https:\/\/omanivietnam.com\/index.php\/san-pham\/smc-vt307-5g1-01\/#primaryimage"},"image":{"@id":"https:\/\/omanivietnam.com\/index.php\/san-pham\/smc-vt307-5g1-01\/#primaryimage"},"thumbnailUrl":"https:\/\/omanivietnam.com\/wp-content\/uploads\/2026\/02\/VT307-5G1-01.png","datePublished":"2026-02-13T14:45:46+00:00","dateModified":"2026-02-13T14:48:04+00:00","description":"SMC VT307-5G1-01 Valve","breadcrumb":{"@id":"https:\/\/omanivietnam.com\/index.php\/san-pham\/smc-vt307-5g1-01\/#breadcrumb"},"inLanguage":"vi","potentialAction":[{"@type":"ReadAction","target":["https:\/\/omanivietnam.com\/index.php\/san-pham\/smc-vt307-5g1-01\/"]}]},{"@type":"ImageObject","inLanguage":"vi","@id":"https:\/\/omanivietnam.com\/index.php\/san-pham\/smc-vt307-5g1-01\/#primaryimage","url":"https:\/\/omanivietnam.com\/wp-content\/uploads\/2026\/02\/VT307-5G1-01.png","contentUrl":"https:\/\/omanivietnam.com\/wp-content\/uploads\/2026\/02\/VT307-5G1-01.png","width":625,"height":419},{"@type":"BreadcrumbList","@id":"https:\/\/omanivietnam.com\/index.php\/san-pham\/smc-vt307-5g1-01\/#breadcrumb","itemListElement":[{"@type":"ListItem","position":1,"name":"Home","item":"https:\/\/omanivietnam.com\/"},{"@type":"ListItem","position":2,"name":"S\u1ea2N PH\u1ea8M","item":"https:\/\/omanivietnam.com\/index.php\/cua-hang\/"},{"@type":"ListItem","position":3,"name":"SMC VT307-5G1-01"}]},{"@type":"WebSite","@id":"https:\/\/omanivietnam.com\/#website","url":"https:\/\/omanivietnam.com\/","name":"OMANI VI\u1ec6T NAM","description":"Nh\u00e0 ph\u00e2n ph\u1ed1i thi\u1ebft b\u1ecb kh\u00ed n\u00e9n v\u00e0 thi\u1ebft b\u1ecb t\u1ef1 \u0111\u1ed9ng h\u00f3a trong c\u00f4ng nghi\u1ec7p","publisher":{"@id":"https:\/\/omanivietnam.com\/#\/schema\/person\/0ad398a980dc3fd696111c2c5c8fa897"},"potentialAction":[{"@type":"SearchAction","target":{"@type":"EntryPoint","urlTemplate":"https:\/\/omanivietnam.com\/?s={search_term_string}"},"query-input":"required name=search_term_string"}],"inLanguage":"vi"},{"@type":["Person","Organization"],"@id":"https:\/\/omanivietnam.com\/#\/schema\/person\/0ad398a980dc3fd696111c2c5c8fa897","name":"Nguy\u1ec5n V\u0103n Kh\u00e1nh","image":{"@type":"ImageObject","inLanguage":"vi","@id":"https:\/\/omanivietnam.com\/#\/schema\/person\/image\/","url":"https:\/\/omanivietnam.com\/wp-content\/uploads\/2024\/06\/logo-1024x1024.png","contentUrl":"https:\/\/omanivietnam.com\/wp-content\/uploads\/2024\/06\/logo-1024x1024.png","width":1024,"height":1024,"caption":"Nguy\u1ec5n V\u0103n Kh\u00e1nh"},"logo":{"@id":"https:\/\/omanivietnam.com\/#\/schema\/person\/image\/"},"sameAs":["https:\/\/omanivietnam.com"]}]}},"_links":{"self":[{"href":"https:\/\/omanivietnam.com\/index.php\/wp-json\/wp\/v2\/product\/4791","targetHints":{"allow":["GET"]}}],"collection":[{"href":"https:\/\/omanivietnam.com\/index.php\/wp-json\/wp\/v2\/product"}],"about":[{"href":"https:\/\/omanivietnam.com\/index.php\/wp-json\/wp\/v2\/types\/product"}],"replies":[{"embeddable":true,"href":"https:\/\/omanivietnam.com\/index.php\/wp-json\/wp\/v2\/comments?post=4791"}],"wp:featuredmedia":[{"embeddable":true,"href":"https:\/\/omanivietnam.com\/index.php\/wp-json\/wp\/v2\/media\/4792"}],"wp:attachment":[{"href":"https:\/\/omanivietnam.com\/index.php\/wp-json\/wp\/v2\/media?parent=4791"}],"wp:term":[{"taxonomy":"product_cat","embeddable":true,"href":"https:\/\/omanivietnam.com\/index.php\/wp-json\/wp\/v2\/product_cat?post=4791"},{"taxonomy":"product_tag","embeddable":true,"href":"https:\/\/omanivietnam.com\/index.php\/wp-json\/wp\/v2\/product_tag?post=4791"}],"curies":[{"name":"wp","href":"https:\/\/api.w.org\/{rel}","templated":true}]}}