{"id":4809,"date":"2026-03-15T14:49:19","date_gmt":"2026-03-15T07:49:19","guid":{"rendered":"https:\/\/omanivietnam.com\/?post_type=product&#038;p=4809"},"modified":"2026-03-15T14:51:09","modified_gmt":"2026-03-15T07:51:09","slug":"sick-ds50-p1122","status":"publish","type":"product","link":"https:\/\/omanivietnam.com\/index.php\/san-pham\/sick-ds50-p1122\/","title":{"rendered":"SICK DS50-P1122"},"content":{"rendered":"<p>SICK DS50-P1122<\/p>\n<p>Sick Distance Sensors DS50-P1122 DS50-P1112 DS50-P1113<\/p>\n<h4>Product Details<\/h4>\n<ul class=\"classifications offset_top_small\">\n<li>Sick Distance Sensors DS50-P1122 DS50-P1112 DS50-P1113<\/li>\n<li>We are First Class Sick sensor dealer and Sick sensor distributor in China.<\/li>\n<li>We can Supply all kinds of\u00a0 Sick sensor parts,such as\u00a0<a>Sick Capacitive Proximity Sensors,<\/a><a>Sick Contrast Sensors,<\/a><a>Sick Fork Sensors,<\/a><a>Sick Magnetic Proximity Sensors,<\/a><a>Sick Photoelectric Sensors,<\/a><a>Sick Distance Sensors and\u00a0<\/a><a>Sick Fiber Sensors<\/a>.<\/li>\n<li>All parts are 100% Original and new in stock by Sick and fast delivery time within 1 day<\/li>\n<li>100% after sale service and technology Support<\/li>\n<\/ul>\n<h2>Specification<\/h2>\n<table>\n<tbody>\n<tr>\n<td width=\"235\"><strong><b>Supply voltage V<\/b><\/strong><strong><b>s<\/b><\/strong><\/td>\n<td width=\"441\">DC 10 V \u2026 30 V\u00a01)<\/td>\n<\/tr>\n<tr>\n<td width=\"235\"><strong><b>Ripple<\/b><\/strong><\/td>\n<td width=\"441\">\u2264 5 Vpp\u00a02)<\/td>\n<\/tr>\n<tr>\n<td width=\"235\"><strong><b>Power consumption<\/b><\/strong><\/td>\n<td width=\"441\">\u2264 1.85 W\u00a03)<\/td>\n<\/tr>\n<tr>\n<td width=\"235\"><strong><b>Initialization time<\/b><\/strong><\/td>\n<td width=\"441\">\u2264 350 ms<\/td>\n<\/tr>\n<tr>\n<td width=\"235\"><strong><b>Warm-up time<\/b><\/strong><\/td>\n<td width=\"441\">\u2264 15 min<\/td>\n<\/tr>\n<tr>\n<td width=\"235\"><strong><b>Housing material<\/b><\/strong><\/td>\n<td width=\"441\">Metal (Zinc diecast)<\/td>\n<\/tr>\n<tr>\n<td width=\"235\"><strong><b>Window material<\/b><\/strong><\/td>\n<td width=\"441\">Plastic (PMMA)<\/td>\n<\/tr>\n<tr>\n<td width=\"235\"><strong><b>Connection type<\/b><\/strong><\/td>\n<td width=\"441\">Male connector, M12, 5-pin<\/td>\n<\/tr>\n<tr>\n<td width=\"235\"><strong><b>Indication<\/b><\/strong><\/td>\n<td width=\"441\">LC display, 2 x LED<\/td>\n<\/tr>\n<tr>\n<td width=\"235\"><strong><b>Weight<\/b><\/strong><\/td>\n<td width=\"441\">200 g<\/td>\n<\/tr>\n<tr>\n<td width=\"235\"><strong><b>Dimensions (W x H x D)<\/b><\/strong><\/td>\n<td width=\"441\">36.1 mm x 62.7 mm x 57.7 mm<\/td>\n<\/tr>\n<tr>\n<td width=\"235\"><strong><b>Enclosure rating<\/b><\/strong><\/td>\n<td width=\"441\">IP65<\/td>\n<\/tr>\n<tr>\n<td width=\"235\"><strong><b>Protection class<\/b><\/strong><\/td>\n<td width=\"441\">III<\/td>\n<\/tr>\n<tr>\n<td width=\"235\"><strong><b>Measuring range<\/b><\/strong><\/td>\n<td width=\"441\">200 mm \u2026 10,000 mm, 90 % remission<\/p>\n<p>200 mm \u2026 6,000 mm, 18 % remission<\/p>\n<p>200 mm \u2026 4,000 mm, 6 % remission<\/td>\n<\/tr>\n<tr>\n<td width=\"235\"><strong><b>Target<\/b><\/strong><\/td>\n<td width=\"441\">Natural objects<\/td>\n<\/tr>\n<tr>\n<td width=\"235\"><strong><b>Resolution<\/b><\/strong><\/td>\n<td width=\"441\">1 mm\u00a01)<\/td>\n<\/tr>\n<tr>\n<td width=\"235\"><strong><b>Repeatability<\/b><\/strong><\/td>\n<td width=\"441\">\u2265 2.5 mm\u00a02)\u00a03)\u00a04)<\/td>\n<\/tr>\n<tr>\n<td width=\"235\"><strong><b>Accuracy<\/b><\/strong><\/td>\n<td width=\"441\">\u00b1 10 mm\u00a01)\u00a05)<\/td>\n<\/tr>\n<tr>\n<td width=\"235\"><strong><b>Response time<\/b><\/strong><\/td>\n<td width=\"441\">10 ms \u2026 50 ms, 10 ms \/ 50 ms\u00a04)<\/td>\n<\/tr>\n<tr>\n<td width=\"235\"><strong><b>Switching frequency<\/b><\/strong><\/td>\n<td width=\"441\">50 Hz \/ 10 Hz\u00a04)<\/td>\n<\/tr>\n<tr>\n<td width=\"235\"><strong><b>Light source<\/b><\/strong><\/td>\n<td width=\"441\">Laser, red<br \/>\nvisible red light<\/td>\n<\/tr>\n<tr>\n<td width=\"235\"><strong><b>Laser class<\/b><\/strong><\/td>\n<td width=\"441\">2 (IEC 60825-1:2014, EN 60825-1:2014)\u00a06)<\/td>\n<\/tr>\n<tr>\n<td width=\"235\"><strong><b>Typ. light spot size (distance)<\/b><\/strong><\/td>\n<td width=\"441\">15 mm x 15 mm (10 m)<\/td>\n<\/tr>\n<tr>\n<td width=\"235\"><strong><b>Additional function<\/b><\/strong><\/td>\n<td width=\"441\">Set moving average: fast\/slow, adjustable operating modes: Switching point (DtO) \/ Switching window\/Background (ObSB), teach-in, scaling and inversion of digital output, set hysteresis, Multifunctional input: laser off \/ external teach \/ deactivated, Unique measurement value, crosstalk safety, switch-off display, reset to factory default, lock user interface<\/td>\n<\/tr>\n<\/tbody>\n<\/table>\n<p>&nbsp;<\/p>\n<p>\u0110\u1ea1i l\u00fd SICK vietnam, SICK viet nam, SICK vietnam distributor, Ph\u00e2n ph\u1ed1i SICK t\u1ea1i vi\u1ec7t nam<\/p>\n<p>\u0110\u1ea1i l\u00fd SICK vietnam, SICK viet nam, SICK vietnam distributor, Ph\u00e2n ph\u1ed1i SICK t\u1ea1i vi\u1ec7t nam<\/p>\n<p>\u0110\u1ea1i l\u00fd SICK vietnam, SICK viet nam, SICK vietnam distributor, Ph\u00e2n ph\u1ed1i SICK t\u1ea1i vi\u1ec7t nam<\/p>\n","protected":false},"excerpt":{"rendered":"<p>SICK DS50-P1122 Sick Distance Sensors DS50-P1122 DS50-P1112 DS50-P1113 Product Details Sick Distance Sensors DS50-P1122 DS50-P1112 DS50-P1113 We are First Class Sick sensor dealer and Sick sensor distributor in China. We can Supply all kinds of\u00a0 Sick sensor parts,such as\u00a0Sick Capacitive Proximity Sensors,Sick Contrast Sensors,Sick Fork Sensors,Sick Magnetic Proximity Sensors,Sick Photoelectric&hellip; <\/p>\n","protected":false},"featured_media":4810,"comment_status":"open","ping_status":"closed","template":"","meta":[],"product_cat":[297],"product_tag":[88,89,90],"class_list":{"0":"post-4809","1":"product","2":"type-product","3":"status-publish","4":"has-post-thumbnail","6":"product_cat-sick","7":"product_tag-cam-bien","8":"product_tag-dai-ly-sick-viet-nam","9":"product_tag-sick-viet-nam","11":"first","12":"instock","13":"shipping-taxable","14":"product-type-simple"},"yoast_head":"<!-- This site is optimized with the Yoast SEO plugin v22.8 - https:\/\/yoast.com\/wordpress\/plugins\/seo\/ -->\n<title>SICK DS50-P1122 - OMANI VI\u1ec6T NAM<\/title>\n<meta name=\"description\" content=\"SICK DS50-P1122 Distance Sensors\" \/>\n<meta name=\"robots\" content=\"index, follow, max-snippet:-1, max-image-preview:large, max-video-preview:-1\" \/>\n<link rel=\"canonical\" href=\"https:\/\/omanivietnam.com\/index.php\/san-pham\/sick-ds50-p1122\/\" \/>\n<meta property=\"og:locale\" content=\"vi_VN\" \/>\n<meta property=\"og:type\" content=\"article\" \/>\n<meta property=\"og:title\" content=\"SICK DS50-P1122 - OMANI VI\u1ec6T NAM\" \/>\n<meta property=\"og:description\" content=\"SICK DS50-P1122 Distance Sensors\" \/>\n<meta property=\"og:url\" content=\"https:\/\/omanivietnam.com\/index.php\/san-pham\/sick-ds50-p1122\/\" \/>\n<meta property=\"og:site_name\" content=\"OMANI VI\u1ec6T NAM\" \/>\n<meta property=\"article:modified_time\" content=\"2026-03-15T07:51:09+00:00\" \/>\n<meta property=\"og:image\" content=\"https:\/\/omanivietnam.com\/wp-content\/uploads\/2026\/03\/DS50-P1122.png\" \/>\n\t<meta property=\"og:image:width\" content=\"918\" \/>\n\t<meta property=\"og:image:height\" content=\"780\" \/>\n\t<meta property=\"og:image:type\" content=\"image\/png\" \/>\n<meta name=\"twitter:card\" content=\"summary_large_image\" \/>\n<meta name=\"twitter:label1\" content=\"\u01af\u1edbc t\u00ednh th\u1eddi gian \u0111\u1ecdc\" \/>\n\t<meta name=\"twitter:data1\" content=\"3 ph\u00fat\" \/>\n<script type=\"application\/ld+json\" class=\"yoast-schema-graph\">{\"@context\":\"https:\/\/schema.org\",\"@graph\":[{\"@type\":\"WebPage\",\"@id\":\"https:\/\/omanivietnam.com\/index.php\/san-pham\/sick-ds50-p1122\/\",\"url\":\"https:\/\/omanivietnam.com\/index.php\/san-pham\/sick-ds50-p1122\/\",\"name\":\"SICK DS50-P1122 - OMANI VI\u1ec6T NAM\",\"isPartOf\":{\"@id\":\"https:\/\/omanivietnam.com\/#website\"},\"primaryImageOfPage\":{\"@id\":\"https:\/\/omanivietnam.com\/index.php\/san-pham\/sick-ds50-p1122\/#primaryimage\"},\"image\":{\"@id\":\"https:\/\/omanivietnam.com\/index.php\/san-pham\/sick-ds50-p1122\/#primaryimage\"},\"thumbnailUrl\":\"https:\/\/omanivietnam.com\/wp-content\/uploads\/2026\/03\/DS50-P1122.png\",\"datePublished\":\"2026-03-15T07:49:19+00:00\",\"dateModified\":\"2026-03-15T07:51:09+00:00\",\"description\":\"SICK DS50-P1122 Distance Sensors\",\"breadcrumb\":{\"@id\":\"https:\/\/omanivietnam.com\/index.php\/san-pham\/sick-ds50-p1122\/#breadcrumb\"},\"inLanguage\":\"vi\",\"potentialAction\":[{\"@type\":\"ReadAction\",\"target\":[\"https:\/\/omanivietnam.com\/index.php\/san-pham\/sick-ds50-p1122\/\"]}]},{\"@type\":\"ImageObject\",\"inLanguage\":\"vi\",\"@id\":\"https:\/\/omanivietnam.com\/index.php\/san-pham\/sick-ds50-p1122\/#primaryimage\",\"url\":\"https:\/\/omanivietnam.com\/wp-content\/uploads\/2026\/03\/DS50-P1122.png\",\"contentUrl\":\"https:\/\/omanivietnam.com\/wp-content\/uploads\/2026\/03\/DS50-P1122.png\",\"width\":918,\"height\":780},{\"@type\":\"BreadcrumbList\",\"@id\":\"https:\/\/omanivietnam.com\/index.php\/san-pham\/sick-ds50-p1122\/#breadcrumb\",\"itemListElement\":[{\"@type\":\"ListItem\",\"position\":1,\"name\":\"Home\",\"item\":\"https:\/\/omanivietnam.com\/\"},{\"@type\":\"ListItem\",\"position\":2,\"name\":\"S\u1ea2N PH\u1ea8M\",\"item\":\"https:\/\/omanivietnam.com\/index.php\/cua-hang\/\"},{\"@type\":\"ListItem\",\"position\":3,\"name\":\"SICK DS50-P1122\"}]},{\"@type\":\"WebSite\",\"@id\":\"https:\/\/omanivietnam.com\/#website\",\"url\":\"https:\/\/omanivietnam.com\/\",\"name\":\"OMANI VI\u1ec6T NAM\",\"description\":\"Nh\u00e0 ph\u00e2n ph\u1ed1i thi\u1ebft b\u1ecb kh\u00ed n\u00e9n v\u00e0 thi\u1ebft b\u1ecb t\u1ef1 \u0111\u1ed9ng h\u00f3a trong c\u00f4ng nghi\u1ec7p\",\"publisher\":{\"@id\":\"https:\/\/omanivietnam.com\/#\/schema\/person\/0ad398a980dc3fd696111c2c5c8fa897\"},\"potentialAction\":[{\"@type\":\"SearchAction\",\"target\":{\"@type\":\"EntryPoint\",\"urlTemplate\":\"https:\/\/omanivietnam.com\/?s={search_term_string}\"},\"query-input\":\"required name=search_term_string\"}],\"inLanguage\":\"vi\"},{\"@type\":[\"Person\",\"Organization\"],\"@id\":\"https:\/\/omanivietnam.com\/#\/schema\/person\/0ad398a980dc3fd696111c2c5c8fa897\",\"name\":\"Nguy\u1ec5n V\u0103n Kh\u00e1nh\",\"image\":{\"@type\":\"ImageObject\",\"inLanguage\":\"vi\",\"@id\":\"https:\/\/omanivietnam.com\/#\/schema\/person\/image\/\",\"url\":\"https:\/\/omanivietnam.com\/wp-content\/uploads\/2024\/06\/logo-1024x1024.png\",\"contentUrl\":\"https:\/\/omanivietnam.com\/wp-content\/uploads\/2024\/06\/logo-1024x1024.png\",\"width\":1024,\"height\":1024,\"caption\":\"Nguy\u1ec5n V\u0103n Kh\u00e1nh\"},\"logo\":{\"@id\":\"https:\/\/omanivietnam.com\/#\/schema\/person\/image\/\"},\"sameAs\":[\"https:\/\/omanivietnam.com\"]}]}<\/script>\n<!-- \/ Yoast SEO plugin. -->","yoast_head_json":{"title":"SICK DS50-P1122 - OMANI VI\u1ec6T NAM","description":"SICK DS50-P1122 Distance Sensors","robots":{"index":"index","follow":"follow","max-snippet":"max-snippet:-1","max-image-preview":"max-image-preview:large","max-video-preview":"max-video-preview:-1"},"canonical":"https:\/\/omanivietnam.com\/index.php\/san-pham\/sick-ds50-p1122\/","og_locale":"vi_VN","og_type":"article","og_title":"SICK DS50-P1122 - OMANI VI\u1ec6T NAM","og_description":"SICK DS50-P1122 Distance Sensors","og_url":"https:\/\/omanivietnam.com\/index.php\/san-pham\/sick-ds50-p1122\/","og_site_name":"OMANI VI\u1ec6T NAM","article_modified_time":"2026-03-15T07:51:09+00:00","og_image":[{"width":918,"height":780,"url":"https:\/\/omanivietnam.com\/wp-content\/uploads\/2026\/03\/DS50-P1122.png","type":"image\/png"}],"twitter_card":"summary_large_image","twitter_misc":{"\u01af\u1edbc t\u00ednh th\u1eddi gian \u0111\u1ecdc":"3 ph\u00fat"},"schema":{"@context":"https:\/\/schema.org","@graph":[{"@type":"WebPage","@id":"https:\/\/omanivietnam.com\/index.php\/san-pham\/sick-ds50-p1122\/","url":"https:\/\/omanivietnam.com\/index.php\/san-pham\/sick-ds50-p1122\/","name":"SICK DS50-P1122 - OMANI VI\u1ec6T NAM","isPartOf":{"@id":"https:\/\/omanivietnam.com\/#website"},"primaryImageOfPage":{"@id":"https:\/\/omanivietnam.com\/index.php\/san-pham\/sick-ds50-p1122\/#primaryimage"},"image":{"@id":"https:\/\/omanivietnam.com\/index.php\/san-pham\/sick-ds50-p1122\/#primaryimage"},"thumbnailUrl":"https:\/\/omanivietnam.com\/wp-content\/uploads\/2026\/03\/DS50-P1122.png","datePublished":"2026-03-15T07:49:19+00:00","dateModified":"2026-03-15T07:51:09+00:00","description":"SICK DS50-P1122 Distance Sensors","breadcrumb":{"@id":"https:\/\/omanivietnam.com\/index.php\/san-pham\/sick-ds50-p1122\/#breadcrumb"},"inLanguage":"vi","potentialAction":[{"@type":"ReadAction","target":["https:\/\/omanivietnam.com\/index.php\/san-pham\/sick-ds50-p1122\/"]}]},{"@type":"ImageObject","inLanguage":"vi","@id":"https:\/\/omanivietnam.com\/index.php\/san-pham\/sick-ds50-p1122\/#primaryimage","url":"https:\/\/omanivietnam.com\/wp-content\/uploads\/2026\/03\/DS50-P1122.png","contentUrl":"https:\/\/omanivietnam.com\/wp-content\/uploads\/2026\/03\/DS50-P1122.png","width":918,"height":780},{"@type":"BreadcrumbList","@id":"https:\/\/omanivietnam.com\/index.php\/san-pham\/sick-ds50-p1122\/#breadcrumb","itemListElement":[{"@type":"ListItem","position":1,"name":"Home","item":"https:\/\/omanivietnam.com\/"},{"@type":"ListItem","position":2,"name":"S\u1ea2N PH\u1ea8M","item":"https:\/\/omanivietnam.com\/index.php\/cua-hang\/"},{"@type":"ListItem","position":3,"name":"SICK DS50-P1122"}]},{"@type":"WebSite","@id":"https:\/\/omanivietnam.com\/#website","url":"https:\/\/omanivietnam.com\/","name":"OMANI VI\u1ec6T NAM","description":"Nh\u00e0 ph\u00e2n ph\u1ed1i thi\u1ebft b\u1ecb kh\u00ed n\u00e9n v\u00e0 thi\u1ebft b\u1ecb t\u1ef1 \u0111\u1ed9ng h\u00f3a trong c\u00f4ng nghi\u1ec7p","publisher":{"@id":"https:\/\/omanivietnam.com\/#\/schema\/person\/0ad398a980dc3fd696111c2c5c8fa897"},"potentialAction":[{"@type":"SearchAction","target":{"@type":"EntryPoint","urlTemplate":"https:\/\/omanivietnam.com\/?s={search_term_string}"},"query-input":"required name=search_term_string"}],"inLanguage":"vi"},{"@type":["Person","Organization"],"@id":"https:\/\/omanivietnam.com\/#\/schema\/person\/0ad398a980dc3fd696111c2c5c8fa897","name":"Nguy\u1ec5n V\u0103n Kh\u00e1nh","image":{"@type":"ImageObject","inLanguage":"vi","@id":"https:\/\/omanivietnam.com\/#\/schema\/person\/image\/","url":"https:\/\/omanivietnam.com\/wp-content\/uploads\/2024\/06\/logo-1024x1024.png","contentUrl":"https:\/\/omanivietnam.com\/wp-content\/uploads\/2024\/06\/logo-1024x1024.png","width":1024,"height":1024,"caption":"Nguy\u1ec5n V\u0103n Kh\u00e1nh"},"logo":{"@id":"https:\/\/omanivietnam.com\/#\/schema\/person\/image\/"},"sameAs":["https:\/\/omanivietnam.com"]}]}},"_links":{"self":[{"href":"https:\/\/omanivietnam.com\/index.php\/wp-json\/wp\/v2\/product\/4809","targetHints":{"allow":["GET"]}}],"collection":[{"href":"https:\/\/omanivietnam.com\/index.php\/wp-json\/wp\/v2\/product"}],"about":[{"href":"https:\/\/omanivietnam.com\/index.php\/wp-json\/wp\/v2\/types\/product"}],"replies":[{"embeddable":true,"href":"https:\/\/omanivietnam.com\/index.php\/wp-json\/wp\/v2\/comments?post=4809"}],"wp:featuredmedia":[{"embeddable":true,"href":"https:\/\/omanivietnam.com\/index.php\/wp-json\/wp\/v2\/media\/4810"}],"wp:attachment":[{"href":"https:\/\/omanivietnam.com\/index.php\/wp-json\/wp\/v2\/media?parent=4809"}],"wp:term":[{"taxonomy":"product_cat","embeddable":true,"href":"https:\/\/omanivietnam.com\/index.php\/wp-json\/wp\/v2\/product_cat?post=4809"},{"taxonomy":"product_tag","embeddable":true,"href":"https:\/\/omanivietnam.com\/index.php\/wp-json\/wp\/v2\/product_tag?post=4809"}],"curies":[{"name":"wp","href":"https:\/\/api.w.org\/{rel}","templated":true}]}}