{"id":4814,"date":"2026-03-20T14:56:23","date_gmt":"2026-03-20T07:56:23","guid":{"rendered":"https:\/\/omanivietnam.com\/?post_type=product&#038;p=4814"},"modified":"2026-03-20T14:57:28","modified_gmt":"2026-03-20T07:57:28","slug":"endresshauser-ftc260-ab4b1","status":"publish","type":"product","link":"https:\/\/omanivietnam.com\/index.php\/san-pham\/endresshauser-ftc260-ab4b1\/","title":{"rendered":"ENDRESS+HAUSER FTC260-AB4B1"},"content":{"rendered":"<p>ENDRESS+HAUSER FTC260-AB4B1<\/p>\n<p>ENDRESS+HAUSER <strong>FTC260-AA2D1<\/strong><\/p>\n<p><strong>\u1ee8ng d\u1ee5ng c\u1ea3m bi\u1ebfn m\u1ee9c FTC260-AA2D1 Endress Hauser:<\/strong><\/p>\n<p class=\"eh-generic--text\">For point level detection of light bulk solids, with a grain size up to max. 30mm and a dielectric constant \u03b5r \u2265 1.6.<br \/>\nTypical applications: Grain products, flour, milk powder, animal feed, cement, chalk or gypsum.<\/p>\n<ul class=\"eh-list-01 eh-generic--list\">\n<li class=\"eh-list--item\">\n<p class=\"eh-generic--text\">Process connection: Threads<\/p>\n<\/li>\n<li class=\"eh-list--item\">\n<p class=\"eh-generic--text\">Temperature: -40 \u00b0C to +80 \u00b0C<\/p>\n<\/li>\n<li class=\"eh-list--item\">\n<p class=\"eh-generic--text\">Pressure: -1 to +25 bar<\/p>\n<\/li>\n<li class=\"eh-list--item\">\n<p class=\"eh-generic--text\">Sensor length: 140 mm<\/p>\n<\/li>\n<li class=\"eh-list--item\">\n<p class=\"eh-generic--text\">International explosion protection certificates, overfill prevention WHG<\/p>\n<\/li>\n<\/ul>\n<p><strong>\u01afu \u0111i\u1ec3m:<\/strong><\/p>\n<ul class=\"eh-list-01 eh-generic--list\">\n<li class=\"eh-list--item\">\n<p class=\"eh-generic--text\">Simple mounting and commissioning without calibration<\/p>\n<\/li>\n<li class=\"eh-list--item\">\n<p class=\"eh-generic--text\">Mechanical safety, cost-efficiency and long operating life due to no wearing parts<\/p>\n<\/li>\n<li class=\"eh-list--item\">\n<p class=\"eh-generic--text\">High operational safety and reliability due to active build-up compensation<\/p>\n<\/li>\n<\/ul>\n<p>M\u1ed9t s\u1ed1 m\u00e3 h\u00e0ng th\u00f4ng d\u1ee5ng<\/p>\n<p>ENDRESS HAUSER FTC260-BA4J1 FTC260-AA2D2 FTM50-2TD2A4A72AA<\/p>\n<p>FTC260-AA2C1; FTC260-AA4D1; FTC260-AA2D1; FTC260-AB4B1 FTC260-AA2B1; FTC260-AA4B1; FTC260-AA4C1; FTC262-AA44D2; FTC262-AA44D1; FTC262-AA32D1; FTC262-AA42D1; FTC262-BA64C1<\/p>\n<p>FTC260-AA4D1<br \/>\nFTC260-AA2D1<br \/>\nFTC260-AB4B1<br \/>\nFTC260-AA4B1<br \/>\nFTC260-AB2B1<br \/>\nFTC260-BA4J1<br \/>\nFTC260-AB2D1<br \/>\nFTC260-AB4D1<br \/>\nFTC260-BA2J1<br \/>\nFTC260-AA2D2<br \/>\nFTC260-BA2D1<br \/>\nFTC260-2A4J1<br \/>\nFTC260-AB4D2<br \/>\nFTC260-AA4D2<br \/>\nFTC260-BA4D1<br \/>\nFTC262-AA14D1<br \/>\nFTC262-AA42D1<br \/>\nFTC262-AA44D1<br \/>\nFTC262-AB14D1<br \/>\nFTC262-AA34D1<br \/>\nFTC262-AA64D1<br \/>\nFTC262-AA12D1<br \/>\nFTC262-BA44D1<br \/>\nFTC262-AA32D1<br \/>\nFTC325-A2A31<br \/>\nFTC325-A2B31<br \/>\nFTC325-C1A11<br \/>\nFTC325-A1A11<br \/>\nFTC325-C1B11<\/p>\n<p>FTL31-AA1U2AAWB\u00a0\u00a0\u00a0\u00a0\u00a0\u00a0\u00a0\u00a0 \u00a0\u00a0\u00a0 Point level switch\u00a0\u00a0\u00a0\u00a0\u00a0\u00a0\u00a0\u00a0 Endress+Hauser<\/p>\n<p>FTL31-AA1U2AAW5J\u00a0\u00a0\u00a0\u00a0\u00a0\u00a0\u00a0 \u00a0\u00a0\u00a0 Point level switch\u00a0\u00a0\u00a0\u00a0\u00a0\u00a0\u00a0\u00a0 Endress+Hauser<\/p>\n<p>FTL31-AA1U2AAWDJ\u00a0\u00a0\u00a0 Point level switch\u00a0\u00a0\u00a0\u00a0\u00a0\u00a0\u00a0\u00a0\u00a0\u00a0\u00a0\u00a0\u00a0\u00a0 Endress+Hauser<\/p>\n<p>FTL31-AA1U2AAWSJ\u00a0\u00a0\u00a0\u00a0\u00a0\u00a0\u00a0 \u00a0\u00a0\u00a0 Point level switch\u00a0\u00a0\u00a0\u00a0\u00a0\u00a0\u00a0\u00a0 Endress+Hauser<\/p>\n<p>FTL31-AA1U3AAWB\u00a0\u00a0\u00a0\u00a0\u00a0\u00a0\u00a0\u00a0 \u00a0\u00a0\u00a0 Point level switch\u00a0\u00a0\u00a0\u00a0\u00a0\u00a0\u00a0\u00a0 Endress+Hauser<\/p>\n<p>FTL31-AA1U3AAW5J\u00a0\u00a0\u00a0\u00a0\u00a0\u00a0\u00a0 \u00a0\u00a0\u00a0 Point level switch\u00a0\u00a0\u00a0\u00a0\u00a0\u00a0\u00a0\u00a0 Endress+Hauser<\/p>\n<p>FTL31-AA1U3AAWDJ\u00a0\u00a0\u00a0 Point level switch\u00a0\u00a0\u00a0\u00a0\u00a0\u00a0\u00a0\u00a0\u00a0\u00a0\u00a0\u00a0\u00a0\u00a0 Endress+Hauser<\/p>\n<p>FTL31-AA1U3AAWSJ\u00a0\u00a0\u00a0\u00a0\u00a0\u00a0\u00a0 \u00a0\u00a0\u00a0 Point level switch\u00a0\u00a0\u00a0\u00a0\u00a0\u00a0\u00a0\u00a0 Endress+Hauser<\/p>\n<p>FTL31-AA1U2BAWBJ\u00a0\u00a0\u00a0\u00a0\u00a0\u00a0 \u00a0\u00a0\u00a0 Point level switch\u00a0\u00a0\u00a0\u00a0\u00a0\u00a0\u00a0\u00a0 Endress+Hauser<\/p>\n<p>FTL31-AA1U2BAW5J\u00a0\u00a0\u00a0\u00a0\u00a0\u00a0\u00a0 \u00a0\u00a0\u00a0 Point level switch\u00a0\u00a0\u00a0\u00a0\u00a0\u00a0\u00a0\u00a0 Endress+Hauser<\/p>\n<p>FTL31-AA1U2BAWDJ\u00a0\u00a0\u00a0 Point level switch\u00a0\u00a0\u00a0\u00a0\u00a0\u00a0\u00a0\u00a0\u00a0\u00a0\u00a0\u00a0\u00a0\u00a0 Endress+Hauser<\/p>\n<p>FTL31-AA1U2BAWSJ\u00a0\u00a0\u00a0\u00a0\u00a0\u00a0\u00a0 \u00a0\u00a0 Point level switch\u00a0\u00a0\u00a0\u00a0\u00a0\u00a0\u00a0\u00a0\u00a0 Endress+Hauser<\/p>\n<p>FTL31-AA1U3BAWBJ\u00a0\u00a0\u00a0\u00a0\u00a0\u00a0 \u00a0\u00a0 Point level switch\u00a0\u00a0\u00a0\u00a0\u00a0\u00a0\u00a0\u00a0\u00a0 Endress+Hauser<\/p>\n<p>FTL31-AA1U3BAW5J\u00a0\u00a0\u00a0\u00a0\u00a0\u00a0\u00a0 \u00a0\u00a0 Point level switch\u00a0\u00a0\u00a0\u00a0\u00a0\u00a0\u00a0\u00a0\u00a0 Endress+Hauser<\/p>\n<p>FTL31-AA1U3BAWDJ\u00a0\u00a0 Point level switch Endress+Hauser<\/p>\n<p>FTL31-AA1U3BAWSJ\u00a0\u00a0\u00a0\u00a0\u00a0\u00a0\u00a0 \u00a0\u00a0 Point level switch\u00a0\u00a0\u00a0\u00a0\u00a0\u00a0\u00a0\u00a0\u00a0 Endress+Hauser<\/p>\n<p>FTL31-AA1V2AAWB\u00a0\u00a0\u00a0\u00a0\u00a0\u00a0\u00a0\u00a0 \u00a0\u00a0 Point level switch\u00a0\u00a0\u00a0\u00a0\u00a0\u00a0\u00a0\u00a0\u00a0 Endress+Hauser<\/p>\n<p>FTL31-AA1V2AAW5J\u00a0\u00a0\u00a0\u00a0\u00a0\u00a0\u00a0 \u00a0\u00a0 Point level switch\u00a0\u00a0\u00a0\u00a0\u00a0\u00a0\u00a0\u00a0\u00a0 Endress+Hauser<\/p>\n<p>FTL31-AA1V2AAWDJ\u00a0\u00a0 Point level switch Endress+Hauser<\/p>\n<p>FTL31-AA1V2AAWSJ\u00a0\u00a0\u00a0\u00a0\u00a0\u00a0\u00a0 \u00a0 Point level switch\u00a0\u00a0\u00a0\u00a0\u00a0\u00a0\u00a0\u00a0\u00a0\u00a0 Endress+Hauser<\/p>\n<p>FTL31-AA1V3AAWB\u00a0\u00a0\u00a0\u00a0\u00a0\u00a0\u00a0\u00a0 \u00a0 Point level switch\u00a0\u00a0\u00a0\u00a0\u00a0\u00a0\u00a0\u00a0\u00a0\u00a0 Endress+Hauser<\/p>\n<p>FTL31-AA1V3AAW5J\u00a0\u00a0\u00a0\u00a0\u00a0\u00a0\u00a0 \u00a0 Point level switch\u00a0\u00a0\u00a0\u00a0\u00a0\u00a0\u00a0\u00a0\u00a0\u00a0 Endress+Hauser<\/p>\n<p>FTL31-AA1V3AAWDJ\u00a0\u00a0 Point level switch Endress+Hauser<\/p>\n<p>FTL31-AA1V3AAWSJ\u00a0\u00a0\u00a0\u00a0\u00a0\u00a0\u00a0 \u00a0 Point level switch\u00a0\u00a0\u00a0\u00a0\u00a0\u00a0\u00a0\u00a0\u00a0\u00a0 Endress+Hauser<\/p>\n<p>FTL31-AA1V2BAWBJ\u00a0\u00a0\u00a0\u00a0\u00a0\u00a0\u00a0 \u00a0 Point level switch\u00a0\u00a0\u00a0\u00a0\u00a0\u00a0\u00a0\u00a0\u00a0\u00a0 Endress+Hauser<\/p>\n<p>FTL31-AA1V2BAW5J\u00a0\u00a0\u00a0\u00a0\u00a0\u00a0\u00a0 Point level switch\u00a0\u00a0\u00a0\u00a0\u00a0\u00a0\u00a0\u00a0\u00a0\u00a0\u00a0 Endress+Hauser<\/p>\n<p>FTL31-AA1V2BAWDJ\u00a0 Point level switch\u00a0 Endress+Hauser<\/p>\n<p>FTL31-AA1V2BAWSJ\u00a0\u00a0\u00a0\u00a0\u00a0\u00a0\u00a0 Point level switch\u00a0\u00a0\u00a0\u00a0\u00a0\u00a0\u00a0\u00a0\u00a0\u00a0\u00a0 Endress+Hauser<\/p>\n<p>FTL31-AA1V3BAWBJ\u00a0\u00a0\u00a0\u00a0\u00a0\u00a0\u00a0 Point level switch\u00a0\u00a0\u00a0\u00a0\u00a0\u00a0\u00a0\u00a0\u00a0\u00a0\u00a0\u00a0 Endress+Hauser<\/p>\n<p>FTL31-AA1V3BAW5J\u00a0\u00a0\u00a0\u00a0\u00a0\u00a0\u00a0 Point level switch\u00a0\u00a0\u00a0\u00a0\u00a0\u00a0\u00a0\u00a0\u00a0\u00a0\u00a0\u00a0 Endress+Hauser<\/p>\n<p>FTL31-AA1V3BAWDJ\u00a0\u00a0\u00a0\u00a0\u00a0\u00a0\u00a0 Point level switch\u00a0\u00a0\u00a0\u00a0\u00a0\u00a0\u00a0\u00a0\u00a0\u00a0\u00a0\u00a0 Endress+Hauser<\/p>\n<p>FTL31-AA1V3BAWSJ\u00a0\u00a0\u00a0\u00a0\u00a0\u00a0\u00a0 Point level switch\u00a0\u00a0\u00a0\u00a0\u00a0\u00a0\u00a0\u00a0\u00a0\u00a0\u00a0\u00a0 Endress+Hauser<\/p>\n<p>FTL31-AA4 M2AAWBJ\u00a0\u00a0\u00a0\u00a0 Point level switch\u00a0\u00a0\u00a0\u00a0\u00a0\u00a0\u00a0\u00a0\u00a0\u00a0\u00a0\u00a0 Endress+Hauser<\/p>\n<p>FTL31-AA4 M2AAW5J\u00a0\u00a0\u00a0\u00a0 Point level switch\u00a0\u00a0\u00a0\u00a0\u00a0\u00a0\u00a0\u00a0\u00a0\u00a0\u00a0\u00a0 Endress+Hauser<\/p>\n<p>FTL31-AA4M2AAWDJ\u00a0\u00a0\u00a0\u00a0\u00a0 Point level switch\u00a0\u00a0\u00a0\u00a0\u00a0\u00a0\u00a0\u00a0\u00a0\u00a0\u00a0\u00a0 Endress+Hauser<\/p>\n<p>FTL31-AA4M2AAWSJ\u00a0\u00a0\u00a0\u00a0\u00a0\u00a0 Point level switch\u00a0\u00a0\u00a0\u00a0\u00a0\u00a0\u00a0\u00a0\u00a0\u00a0\u00a0\u00a0 Endress+Hauser<\/p>\n<p>FTL31-AA4M2AAWSJ\u00a0\u00a0\u00a0\u00a0\u00a0\u00a0 Point level switch\u00a0\u00a0\u00a0\u00a0\u00a0\u00a0\u00a0\u00a0\u00a0\u00a0\u00a0\u00a0 Endress+Hauser<\/p>\n<p>FTL31-AA4M3AAW5J\u00a0\u00a0\u00a0\u00a0\u00a0\u00a0 Point level switch\u00a0\u00a0\u00a0\u00a0\u00a0\u00a0\u00a0\u00a0\u00a0\u00a0\u00a0\u00a0 Endress+Hauser<\/p>\n<p>FTL31-AA4M3AAWDJ\u00a0\u00a0\u00a0\u00a0\u00a0 Point level switch\u00a0\u00a0\u00a0\u00a0\u00a0\u00a0\u00a0\u00a0\u00a0\u00a0\u00a0\u00a0 Endress+Hauser<\/p>\n<p>FTL31-AA4M3AAWSJ\u00a0\u00a0\u00a0\u00a0\u00a0\u00a0 Point level switch\u00a0\u00a0\u00a0\u00a0\u00a0\u00a0\u00a0\u00a0\u00a0\u00a0\u00a0\u00a0 Endress+Hauser<\/p>\n<p>FTL31-AA4M2BAWBJ\u00a0\u00a0\u00a0\u00a0\u00a0\u00a0 Point level switch\u00a0\u00a0\u00a0\u00a0\u00a0\u00a0\u00a0\u00a0\u00a0\u00a0\u00a0\u00a0 Endress+Hauser<\/p>\n<p>FTL31-AA4M2BAW5J\u00a0\u00a0\u00a0\u00a0\u00a0\u00a0 Point level switch\u00a0\u00a0\u00a0\u00a0\u00a0\u00a0\u00a0\u00a0\u00a0\u00a0\u00a0\u00a0 Endress+Hauser<\/p>\n<p>FTL31-AA4M2BAWDJ\u00a0\u00a0\u00a0\u00a0\u00a0 Point level switch\u00a0\u00a0\u00a0\u00a0\u00a0\u00a0\u00a0\u00a0\u00a0\u00a0\u00a0\u00a0 Endress+Hauser<\/p>\n<p>FTL31-AA4M2BAWSJ\u00a0\u00a0\u00a0\u00a0\u00a0\u00a0 Point level switch\u00a0\u00a0\u00a0\u00a0\u00a0\u00a0\u00a0\u00a0\u00a0\u00a0\u00a0\u00a0 Endress+Hauser<\/p>\n<p>FTL31-AA4M3BAWBJ\u00a0\u00a0\u00a0\u00a0\u00a0\u00a0 Point level switch\u00a0\u00a0\u00a0\u00a0\u00a0\u00a0\u00a0\u00a0\u00a0\u00a0\u00a0\u00a0 Endress+Hauser<\/p>\n<p>FTL31-AA4M3BAW5J\u00a0\u00a0\u00a0\u00a0\u00a0\u00a0 Point level switch\u00a0\u00a0\u00a0\u00a0\u00a0\u00a0\u00a0\u00a0\u00a0\u00a0\u00a0\u00a0 Endress+Hauser<\/p>\n<p>FTL31-AA4M3BAWDJ\u00a0\u00a0\u00a0\u00a0\u00a0 Point level switch\u00a0\u00a0\u00a0\u00a0\u00a0\u00a0\u00a0\u00a0\u00a0\u00a0\u00a0\u00a0 Endress+Hauser<\/p>\n<p>FTL31-AA4M3BAWSJ\u00a0\u00a0\u00a0\u00a0\u00a0\u00a0 Point level switch\u00a0\u00a0\u00a0\u00a0\u00a0\u00a0\u00a0\u00a0\u00a0\u00a0\u00a0\u00a0 Endress+Hauser<\/p>\n<p>FTL31-AA4U2AAWBJ\u00a0\u00a0\u00a0\u00a0\u00a0\u00a0 Point level switch\u00a0\u00a0\u00a0\u00a0\u00a0\u00a0\u00a0\u00a0\u00a0\u00a0\u00a0\u00a0 Endress+Hauser<\/p>\n<p>FTL31-AA4U2AAW5J\u00a0\u00a0\u00a0\u00a0\u00a0\u00a0\u00a0 Point level switch\u00a0\u00a0\u00a0\u00a0\u00a0\u00a0\u00a0\u00a0\u00a0\u00a0\u00a0\u00a0 Endress+Hauser<\/p>\n<p>FTL31-AA4U2AAWDJ\u00a0\u00a0\u00a0\u00a0\u00a0\u00a0 Point level switch\u00a0\u00a0\u00a0\u00a0\u00a0\u00a0\u00a0\u00a0\u00a0\u00a0\u00a0\u00a0 Endress+Hauser<\/p>\n<p>FTL31-AA4U2AAWSJ\u00a0\u00a0\u00a0\u00a0\u00a0\u00a0\u00a0 Point level switch\u00a0\u00a0\u00a0\u00a0\u00a0\u00a0\u00a0\u00a0\u00a0\u00a0\u00a0\u00a0 Endress+Hauser<\/p>\n<p>FTL31-AA4U2AAWSJ\u00a0\u00a0\u00a0\u00a0\u00a0\u00a0\u00a0 Point level switch\u00a0\u00a0\u00a0\u00a0\u00a0\u00a0\u00a0\u00a0\u00a0\u00a0\u00a0\u00a0 Endress+Hauser<\/p>\n<p>FTL31-AA4U3AAW5J\u00a0\u00a0\u00a0\u00a0\u00a0\u00a0\u00a0 Point level switch\u00a0\u00a0\u00a0\u00a0\u00a0\u00a0\u00a0\u00a0\u00a0\u00a0\u00a0\u00a0 Endress+Hauser<\/p>\n<p>FTL31-AA4U3AAWDJ\u00a0\u00a0\u00a0\u00a0\u00a0\u00a0 Point level switch\u00a0\u00a0\u00a0\u00a0\u00a0\u00a0\u00a0\u00a0\u00a0\u00a0\u00a0\u00a0 Endress+Hauser<\/p>\n<p>FTL31-AA4U3AAWSJ\u00a0\u00a0\u00a0\u00a0\u00a0\u00a0\u00a0 Point level switch\u00a0\u00a0\u00a0\u00a0\u00a0\u00a0\u00a0\u00a0\u00a0\u00a0\u00a0\u00a0 Endress+Hauser<\/p>\n<p>FTL31-AA4U2BAWBJ\u00a0\u00a0\u00a0\u00a0\u00a0\u00a0 Point level switch\u00a0\u00a0\u00a0\u00a0\u00a0\u00a0\u00a0\u00a0\u00a0\u00a0\u00a0\u00a0 Endress+Hauser<\/p>\n<p>FTL31-AA4U2BAW5J\u00a0\u00a0\u00a0\u00a0\u00a0\u00a0\u00a0 Point level switch\u00a0\u00a0\u00a0\u00a0\u00a0\u00a0\u00a0\u00a0\u00a0\u00a0\u00a0\u00a0 Endress+Hauser<\/p>\n<p>FTL31-AA4U2BAWDJ\u00a0\u00a0\u00a0\u00a0\u00a0\u00a0 Point level switch\u00a0\u00a0\u00a0\u00a0\u00a0\u00a0\u00a0\u00a0\u00a0\u00a0\u00a0\u00a0 Endress+Hauser<\/p>\n<p>FTL31-AA4U2BAWSJ\u00a0\u00a0\u00a0\u00a0\u00a0\u00a0\u00a0 Point level switch\u00a0\u00a0\u00a0\u00a0\u00a0\u00a0\u00a0\u00a0\u00a0\u00a0\u00a0\u00a0 Endress+Hauser<\/p>\n<p>FTL31-AA4U3BAWBJ\u00a0\u00a0\u00a0\u00a0\u00a0\u00a0 Point level switch\u00a0\u00a0\u00a0\u00a0\u00a0\u00a0\u00a0\u00a0\u00a0\u00a0\u00a0\u00a0 Endress+Hauser<\/p>\n<p>FTL31-AA4U3BAW5J\u00a0\u00a0\u00a0\u00a0\u00a0\u00a0\u00a0 Point level switch\u00a0\u00a0\u00a0\u00a0\u00a0\u00a0\u00a0\u00a0\u00a0\u00a0\u00a0\u00a0 Endress+Hauser<\/p>\n<p>FTL31-AA4U3BAWDJ\u00a0\u00a0\u00a0\u00a0\u00a0\u00a0 Point level switch\u00a0\u00a0\u00a0\u00a0\u00a0\u00a0\u00a0\u00a0\u00a0\u00a0\u00a0\u00a0 Endress+Hauser<\/p>\n<p>FTL31-AA4U3BAWSJ\u00a0\u00a0\u00a0\u00a0\u00a0\u00a0\u00a0 Point level switch\u00a0\u00a0\u00a0\u00a0\u00a0\u00a0\u00a0\u00a0\u00a0\u00a0\u00a0\u00a0 Endress+Hauser<\/p>\n<p>FTL31-AA4V2AAWBJ\u00a0\u00a0\u00a0\u00a0\u00a0\u00a0\u00a0 Point level switch\u00a0\u00a0\u00a0\u00a0\u00a0\u00a0\u00a0\u00a0\u00a0\u00a0\u00a0\u00a0 Endress+Hauser<\/p>\n<p>FTL31-AA4V2AAW5J\u00a0\u00a0\u00a0\u00a0\u00a0\u00a0\u00a0 Point level switch\u00a0\u00a0\u00a0\u00a0\u00a0\u00a0\u00a0\u00a0\u00a0\u00a0\u00a0\u00a0 Endress+Hauser<\/p>\n<p>FTL31-AA4V2AAWDJ\u00a0\u00a0\u00a0\u00a0\u00a0\u00a0\u00a0 Point level switch\u00a0\u00a0\u00a0\u00a0\u00a0\u00a0\u00a0\u00a0\u00a0\u00a0\u00a0\u00a0 Endress+Hauser<\/p>\n<p>FTL31-AA4V2AAWSJ\u00a0\u00a0\u00a0\u00a0\u00a0\u00a0\u00a0 Point level switch\u00a0\u00a0\u00a0\u00a0\u00a0\u00a0\u00a0\u00a0\u00a0\u00a0\u00a0\u00a0 Endress+Hauser<\/p>\n<p>FTL31-AA4V2AAWSJ\u00a0\u00a0\u00a0\u00a0\u00a0\u00a0\u00a0 Point level switch\u00a0\u00a0\u00a0\u00a0\u00a0\u00a0\u00a0\u00a0\u00a0\u00a0\u00a0\u00a0 Endress+Hauser<\/p>\n<p>FTL31-AA4V3AAW5J\u00a0\u00a0\u00a0\u00a0\u00a0\u00a0\u00a0 Point level switch\u00a0\u00a0\u00a0\u00a0\u00a0\u00a0\u00a0\u00a0\u00a0\u00a0\u00a0\u00a0 Endress+Hauser<\/p>\n<p>FTL31-AA4V3AAWDJ\u00a0\u00a0\u00a0\u00a0\u00a0\u00a0\u00a0 Point level switch\u00a0 \u00a0 \u00a0 \u00a0 \u00a0 \u00a0 \u00a0Endress+Hauser<\/p>\n<p>\u0110\u1ea1i l\u00fd Endress+Hauser vietnam, Endress+Hauser viet nam, Endress+Hauser vietnam distributor, Ph\u00e2n ph\u1ed1i Endress+Hauser t\u1ea1i vi\u1ec7t nam<\/p>\n<p>\u0110\u1ea1i l\u00fd Endress+Hauser vietnam, Endress+Hauser viet nam, Endress+Hauser vietnam distributor, Ph\u00e2n ph\u1ed1i Endress+Hauser t\u1ea1i vi\u1ec7t nam<\/p>\n<p>\u0110\u1ea1i l\u00fd Endress+Hauser vietnam, Endress+Hauser viet nam, Endress+Hauser vietnam distributor, Ph\u00e2n ph\u1ed1i Endress+Hauser t\u1ea1i vi\u1ec7t nam<\/p>\n<p>&nbsp;<\/p>\n","protected":false},"excerpt":{"rendered":"<p>ENDRESS+HAUSER FTC260-AB4B1 ENDRESS+HAUSER FTC260-AA2D1 \u1ee8ng d\u1ee5ng c\u1ea3m bi\u1ebfn m\u1ee9c FTC260-AA2D1 Endress Hauser: For point level detection of light bulk solids, with a grain size up to max. 30mm and a dielectric constant \u03b5r \u2265 1.6. Typical applications: Grain products, flour, milk powder, animal feed, cement, chalk or gypsum. Process connection:&hellip; <\/p>\n","protected":false},"featured_media":4815,"comment_status":"open","ping_status":"closed","template":"","meta":[],"product_cat":[789],"product_tag":[88,791,790],"class_list":{"0":"post-4814","1":"product","2":"type-product","3":"status-publish","4":"has-post-thumbnail","6":"product_cat-endresshauser","7":"product_tag-cam-bien","8":"product_tag-dai-ly-endresshauser-viet-nam","9":"product_tag-endresshauser-viet-nam","11":"first","12":"instock","13":"shipping-taxable","14":"product-type-simple"},"yoast_head":"<!-- This site is optimized with the Yoast SEO plugin v22.8 - https:\/\/yoast.com\/wordpress\/plugins\/seo\/ -->\n<title>ENDRESS+HAUSER FTC260-AB4B1 - OMANI VI\u1ec6T NAM<\/title>\n<meta name=\"description\" content=\"ENDRESS+HAUSER FTC260-AB4B1 level switch\" \/>\n<meta name=\"robots\" content=\"index, follow, max-snippet:-1, max-image-preview:large, max-video-preview:-1\" \/>\n<link rel=\"canonical\" href=\"https:\/\/omanivietnam.com\/index.php\/san-pham\/endresshauser-ftc260-ab4b1\/\" \/>\n<meta property=\"og:locale\" content=\"vi_VN\" \/>\n<meta property=\"og:type\" content=\"article\" \/>\n<meta property=\"og:title\" content=\"ENDRESS+HAUSER FTC260-AB4B1 - OMANI VI\u1ec6T NAM\" \/>\n<meta property=\"og:description\" content=\"ENDRESS+HAUSER FTC260-AB4B1 level switch\" \/>\n<meta property=\"og:url\" content=\"https:\/\/omanivietnam.com\/index.php\/san-pham\/endresshauser-ftc260-ab4b1\/\" \/>\n<meta property=\"og:site_name\" content=\"OMANI VI\u1ec6T NAM\" \/>\n<meta property=\"article:modified_time\" content=\"2026-03-20T07:57:28+00:00\" \/>\n<meta property=\"og:image\" content=\"https:\/\/omanivietnam.com\/wp-content\/uploads\/2026\/03\/FTC260-AB4B1.png\" \/>\n\t<meta property=\"og:image:width\" content=\"1487\" \/>\n\t<meta property=\"og:image:height\" content=\"929\" \/>\n\t<meta property=\"og:image:type\" content=\"image\/png\" \/>\n<meta name=\"twitter:card\" content=\"summary_large_image\" \/>\n<meta name=\"twitter:label1\" content=\"\u01af\u1edbc t\u00ednh th\u1eddi gian \u0111\u1ecdc\" \/>\n\t<meta name=\"twitter:data1\" content=\"4 ph\u00fat\" \/>\n<script type=\"application\/ld+json\" class=\"yoast-schema-graph\">{\"@context\":\"https:\/\/schema.org\",\"@graph\":[{\"@type\":\"WebPage\",\"@id\":\"https:\/\/omanivietnam.com\/index.php\/san-pham\/endresshauser-ftc260-ab4b1\/\",\"url\":\"https:\/\/omanivietnam.com\/index.php\/san-pham\/endresshauser-ftc260-ab4b1\/\",\"name\":\"ENDRESS+HAUSER FTC260-AB4B1 - OMANI VI\u1ec6T NAM\",\"isPartOf\":{\"@id\":\"https:\/\/omanivietnam.com\/#website\"},\"primaryImageOfPage\":{\"@id\":\"https:\/\/omanivietnam.com\/index.php\/san-pham\/endresshauser-ftc260-ab4b1\/#primaryimage\"},\"image\":{\"@id\":\"https:\/\/omanivietnam.com\/index.php\/san-pham\/endresshauser-ftc260-ab4b1\/#primaryimage\"},\"thumbnailUrl\":\"https:\/\/omanivietnam.com\/wp-content\/uploads\/2026\/03\/FTC260-AB4B1.png\",\"datePublished\":\"2026-03-20T07:56:23+00:00\",\"dateModified\":\"2026-03-20T07:57:28+00:00\",\"description\":\"ENDRESS+HAUSER FTC260-AB4B1 level switch\",\"breadcrumb\":{\"@id\":\"https:\/\/omanivietnam.com\/index.php\/san-pham\/endresshauser-ftc260-ab4b1\/#breadcrumb\"},\"inLanguage\":\"vi\",\"potentialAction\":[{\"@type\":\"ReadAction\",\"target\":[\"https:\/\/omanivietnam.com\/index.php\/san-pham\/endresshauser-ftc260-ab4b1\/\"]}]},{\"@type\":\"ImageObject\",\"inLanguage\":\"vi\",\"@id\":\"https:\/\/omanivietnam.com\/index.php\/san-pham\/endresshauser-ftc260-ab4b1\/#primaryimage\",\"url\":\"https:\/\/omanivietnam.com\/wp-content\/uploads\/2026\/03\/FTC260-AB4B1.png\",\"contentUrl\":\"https:\/\/omanivietnam.com\/wp-content\/uploads\/2026\/03\/FTC260-AB4B1.png\",\"width\":1487,\"height\":929},{\"@type\":\"BreadcrumbList\",\"@id\":\"https:\/\/omanivietnam.com\/index.php\/san-pham\/endresshauser-ftc260-ab4b1\/#breadcrumb\",\"itemListElement\":[{\"@type\":\"ListItem\",\"position\":1,\"name\":\"Home\",\"item\":\"https:\/\/omanivietnam.com\/\"},{\"@type\":\"ListItem\",\"position\":2,\"name\":\"S\u1ea2N PH\u1ea8M\",\"item\":\"https:\/\/omanivietnam.com\/index.php\/cua-hang\/\"},{\"@type\":\"ListItem\",\"position\":3,\"name\":\"ENDRESS+HAUSER FTC260-AB4B1\"}]},{\"@type\":\"WebSite\",\"@id\":\"https:\/\/omanivietnam.com\/#website\",\"url\":\"https:\/\/omanivietnam.com\/\",\"name\":\"OMANI VI\u1ec6T NAM\",\"description\":\"Nh\u00e0 ph\u00e2n ph\u1ed1i thi\u1ebft b\u1ecb kh\u00ed n\u00e9n v\u00e0 thi\u1ebft b\u1ecb t\u1ef1 \u0111\u1ed9ng h\u00f3a trong c\u00f4ng nghi\u1ec7p\",\"publisher\":{\"@id\":\"https:\/\/omanivietnam.com\/#\/schema\/person\/0ad398a980dc3fd696111c2c5c8fa897\"},\"potentialAction\":[{\"@type\":\"SearchAction\",\"target\":{\"@type\":\"EntryPoint\",\"urlTemplate\":\"https:\/\/omanivietnam.com\/?s={search_term_string}\"},\"query-input\":\"required name=search_term_string\"}],\"inLanguage\":\"vi\"},{\"@type\":[\"Person\",\"Organization\"],\"@id\":\"https:\/\/omanivietnam.com\/#\/schema\/person\/0ad398a980dc3fd696111c2c5c8fa897\",\"name\":\"Nguy\u1ec5n V\u0103n Kh\u00e1nh\",\"image\":{\"@type\":\"ImageObject\",\"inLanguage\":\"vi\",\"@id\":\"https:\/\/omanivietnam.com\/#\/schema\/person\/image\/\",\"url\":\"https:\/\/omanivietnam.com\/wp-content\/uploads\/2024\/06\/logo-1024x1024.png\",\"contentUrl\":\"https:\/\/omanivietnam.com\/wp-content\/uploads\/2024\/06\/logo-1024x1024.png\",\"width\":1024,\"height\":1024,\"caption\":\"Nguy\u1ec5n V\u0103n Kh\u00e1nh\"},\"logo\":{\"@id\":\"https:\/\/omanivietnam.com\/#\/schema\/person\/image\/\"},\"sameAs\":[\"https:\/\/omanivietnam.com\"]}]}<\/script>\n<!-- \/ Yoast SEO plugin. -->","yoast_head_json":{"title":"ENDRESS+HAUSER FTC260-AB4B1 - OMANI VI\u1ec6T NAM","description":"ENDRESS+HAUSER FTC260-AB4B1 level switch","robots":{"index":"index","follow":"follow","max-snippet":"max-snippet:-1","max-image-preview":"max-image-preview:large","max-video-preview":"max-video-preview:-1"},"canonical":"https:\/\/omanivietnam.com\/index.php\/san-pham\/endresshauser-ftc260-ab4b1\/","og_locale":"vi_VN","og_type":"article","og_title":"ENDRESS+HAUSER FTC260-AB4B1 - OMANI VI\u1ec6T NAM","og_description":"ENDRESS+HAUSER FTC260-AB4B1 level switch","og_url":"https:\/\/omanivietnam.com\/index.php\/san-pham\/endresshauser-ftc260-ab4b1\/","og_site_name":"OMANI VI\u1ec6T NAM","article_modified_time":"2026-03-20T07:57:28+00:00","og_image":[{"width":1487,"height":929,"url":"https:\/\/omanivietnam.com\/wp-content\/uploads\/2026\/03\/FTC260-AB4B1.png","type":"image\/png"}],"twitter_card":"summary_large_image","twitter_misc":{"\u01af\u1edbc t\u00ednh th\u1eddi gian \u0111\u1ecdc":"4 ph\u00fat"},"schema":{"@context":"https:\/\/schema.org","@graph":[{"@type":"WebPage","@id":"https:\/\/omanivietnam.com\/index.php\/san-pham\/endresshauser-ftc260-ab4b1\/","url":"https:\/\/omanivietnam.com\/index.php\/san-pham\/endresshauser-ftc260-ab4b1\/","name":"ENDRESS+HAUSER FTC260-AB4B1 - OMANI VI\u1ec6T NAM","isPartOf":{"@id":"https:\/\/omanivietnam.com\/#website"},"primaryImageOfPage":{"@id":"https:\/\/omanivietnam.com\/index.php\/san-pham\/endresshauser-ftc260-ab4b1\/#primaryimage"},"image":{"@id":"https:\/\/omanivietnam.com\/index.php\/san-pham\/endresshauser-ftc260-ab4b1\/#primaryimage"},"thumbnailUrl":"https:\/\/omanivietnam.com\/wp-content\/uploads\/2026\/03\/FTC260-AB4B1.png","datePublished":"2026-03-20T07:56:23+00:00","dateModified":"2026-03-20T07:57:28+00:00","description":"ENDRESS+HAUSER FTC260-AB4B1 level switch","breadcrumb":{"@id":"https:\/\/omanivietnam.com\/index.php\/san-pham\/endresshauser-ftc260-ab4b1\/#breadcrumb"},"inLanguage":"vi","potentialAction":[{"@type":"ReadAction","target":["https:\/\/omanivietnam.com\/index.php\/san-pham\/endresshauser-ftc260-ab4b1\/"]}]},{"@type":"ImageObject","inLanguage":"vi","@id":"https:\/\/omanivietnam.com\/index.php\/san-pham\/endresshauser-ftc260-ab4b1\/#primaryimage","url":"https:\/\/omanivietnam.com\/wp-content\/uploads\/2026\/03\/FTC260-AB4B1.png","contentUrl":"https:\/\/omanivietnam.com\/wp-content\/uploads\/2026\/03\/FTC260-AB4B1.png","width":1487,"height":929},{"@type":"BreadcrumbList","@id":"https:\/\/omanivietnam.com\/index.php\/san-pham\/endresshauser-ftc260-ab4b1\/#breadcrumb","itemListElement":[{"@type":"ListItem","position":1,"name":"Home","item":"https:\/\/omanivietnam.com\/"},{"@type":"ListItem","position":2,"name":"S\u1ea2N PH\u1ea8M","item":"https:\/\/omanivietnam.com\/index.php\/cua-hang\/"},{"@type":"ListItem","position":3,"name":"ENDRESS+HAUSER FTC260-AB4B1"}]},{"@type":"WebSite","@id":"https:\/\/omanivietnam.com\/#website","url":"https:\/\/omanivietnam.com\/","name":"OMANI VI\u1ec6T NAM","description":"Nh\u00e0 ph\u00e2n ph\u1ed1i thi\u1ebft b\u1ecb kh\u00ed n\u00e9n v\u00e0 thi\u1ebft b\u1ecb t\u1ef1 \u0111\u1ed9ng h\u00f3a trong c\u00f4ng nghi\u1ec7p","publisher":{"@id":"https:\/\/omanivietnam.com\/#\/schema\/person\/0ad398a980dc3fd696111c2c5c8fa897"},"potentialAction":[{"@type":"SearchAction","target":{"@type":"EntryPoint","urlTemplate":"https:\/\/omanivietnam.com\/?s={search_term_string}"},"query-input":"required name=search_term_string"}],"inLanguage":"vi"},{"@type":["Person","Organization"],"@id":"https:\/\/omanivietnam.com\/#\/schema\/person\/0ad398a980dc3fd696111c2c5c8fa897","name":"Nguy\u1ec5n V\u0103n Kh\u00e1nh","image":{"@type":"ImageObject","inLanguage":"vi","@id":"https:\/\/omanivietnam.com\/#\/schema\/person\/image\/","url":"https:\/\/omanivietnam.com\/wp-content\/uploads\/2024\/06\/logo-1024x1024.png","contentUrl":"https:\/\/omanivietnam.com\/wp-content\/uploads\/2024\/06\/logo-1024x1024.png","width":1024,"height":1024,"caption":"Nguy\u1ec5n V\u0103n Kh\u00e1nh"},"logo":{"@id":"https:\/\/omanivietnam.com\/#\/schema\/person\/image\/"},"sameAs":["https:\/\/omanivietnam.com"]}]}},"_links":{"self":[{"href":"https:\/\/omanivietnam.com\/index.php\/wp-json\/wp\/v2\/product\/4814","targetHints":{"allow":["GET"]}}],"collection":[{"href":"https:\/\/omanivietnam.com\/index.php\/wp-json\/wp\/v2\/product"}],"about":[{"href":"https:\/\/omanivietnam.com\/index.php\/wp-json\/wp\/v2\/types\/product"}],"replies":[{"embeddable":true,"href":"https:\/\/omanivietnam.com\/index.php\/wp-json\/wp\/v2\/comments?post=4814"}],"wp:featuredmedia":[{"embeddable":true,"href":"https:\/\/omanivietnam.com\/index.php\/wp-json\/wp\/v2\/media\/4815"}],"wp:attachment":[{"href":"https:\/\/omanivietnam.com\/index.php\/wp-json\/wp\/v2\/media?parent=4814"}],"wp:term":[{"taxonomy":"product_cat","embeddable":true,"href":"https:\/\/omanivietnam.com\/index.php\/wp-json\/wp\/v2\/product_cat?post=4814"},{"taxonomy":"product_tag","embeddable":true,"href":"https:\/\/omanivietnam.com\/index.php\/wp-json\/wp\/v2\/product_tag?post=4814"}],"curies":[{"name":"wp","href":"https:\/\/api.w.org\/{rel}","templated":true}]}}