{"id":4819,"date":"2026-03-21T16:23:49","date_gmt":"2026-03-21T09:23:49","guid":{"rendered":"https:\/\/omanivietnam.com\/?post_type=product&#038;p=4819"},"modified":"2026-03-21T16:27:10","modified_gmt":"2026-03-21T09:27:10","slug":"festo-lfr-3-8-d-5m-o-midi-a","status":"publish","type":"product","link":"https:\/\/omanivietnam.com\/index.php\/san-pham\/festo-lfr-3-8-d-5m-o-midi-a\/","title":{"rendered":"FESTO LFR-3\/8-D-5M-O-MIDI-A"},"content":{"rendered":"<p>FESTO LFR-3\/8-D-5M-O-MIDI-A<\/p>\n<p>FESTO LFR-3\/4-D-5M-O-MIDI-A<\/p>\n<p>FESTO MSB6-AGD:C4:J82:I30:I29:L4:G7-WP<\/p>\n<p>Filter regulators LFR\/LFRS, D series<\/p>\n<p>Festo LFR-1\/2-D, Festo LFR-1\/8-D, Festo LFR-1\/4-D, Festo LFR-3\/4-D, Festo LFR-3\/8-D<\/p>\n<p>Festo LFR-1\/4-D-MINI-A-MPA (<span data-teams=\"true\">8002283),\u00a0<\/span>Festo LFR-1\/4-D-MINI-MPA, Festo\u00a0LFR-D-5M-MINI<\/p>\n<p>Festo\u00a0LFR-1\/2-D-MIDI-MPA, Festo\u00a0LFR-3\/8-D-MIDI-A-MPA,\u00a0LFR-3\/4-D-5M-O-MIDI-A<\/p>\n<h3 class=\"h4\">Features<\/h3>\n<ul>\n<li>Midi size<\/li>\n<li>D series<\/li>\n<li>Rotary knob with detent actuator lock<\/li>\n<li>Vertical +\/-5\u00b0 mounting position<\/li>\n<li>5MIM grade of filtration<\/li>\n<li>Fully automatic condensate drain<\/li>\n<li>Filter regulator without pressure gauge design<\/li>\n<li>43CCM max. condensate volume<\/li>\n<li>Metal bowl guard bowl guard<\/li>\n<li>991584 symbol<\/li>\n<li>Prepared for G1\/4 pressure gauge (ANALOG) or pressure display (DIGITAL)<\/li>\n<li>0.2BAR max. pressure hysteresis<\/li>\n<li>2600L2 standard nominal flow rate<\/li>\n<li>Compressed air to ISO 8573-1:2010 [7:9:-] operating medium<\/li>\n<li>Inert gases operating medium<\/li>\n<li>Lubricated operation possible (in which case lubricated operation will always be required) note on operating and pilot medium<\/li>\n<li>2 &#8211; Moderate corrosion stress corrosion resistance class cRC<\/li>\n<li>VDMA24364-B1\/B2-L lABS (PWIS) conformity<\/li>\n<li>Compressed air to ISO 8573-1:2010 [6:8:4] air purity class at output<\/li>\n<li>Inert gases air purity class at output<\/li>\n<li>5GC media temperature<\/li>\n<li>60GC media temperature<\/li>\n<li>900G product weight<\/li>\n<li>Either: type of mounting<\/li>\n<li>In-line installation type of mounting<\/li>\n<li>With accessories type of mounting<\/li>\n<li>RoHS-compliant note on materials<\/li>\n<li>Die-cast zinc material housing<\/li>\n<li>PC material bowl<\/li>\n<li>2BAR to 12BAR operating pressure<\/li>\n<li>0.5BAR to 12BAR pressure regulation range<\/li>\n<li>5GC ambient temperature to 60GC ambient temperature<\/li>\n<li>-10GC to 60GC storage temperature<\/li>\n<li>Pneumatic connection g3\/4 , port 1<\/li>\n<li>Pneumatic connection g3\/4 , port 2<\/li>\n<\/ul>\n<h3>C\u00e1c m\u00e3 h\u00e0ng t\u01b0\u01a1ng \u0111\u01b0\u01a1ng B\u1ed9 l\u1ecdc :<\/h3>\n<div>\n<div>\n<div>LFR-1\/2-D-5M-MIDI-MPA<\/div>\n<div>LFR-1\/2-D-MIDI 159584<\/div>\n<div>LFR-1\/4-D-MINI 159631<\/div>\n<div>LFR-1\/8-D-7-MINI 162702<\/div>\n<div>LFR-1\/8-D-7-MINI-MPA 8002300<\/div>\n<div>LFR-12-D-MIDI<\/div>\n<div>LFR-3\/4-D-5M-MAXI-A-MPA<\/div>\n<div>LFR-3\/8-D-5M-O-MIDI-A<\/div>\n<div>LFR-3\/8-D-MIDI 159582<\/div>\n<div>LFR-3\/8-D-MINI-MPA<\/div>\n<div>LFR-3\/8-D-MINI-A-MPA 8002259<\/div>\n<\/div>\n<\/div>\n<p>&nbsp;<\/p>\n<p>\u0110\u1ea1i l\u00fd FESTO vietnam, FESTO viet nam, FESTO vietnam distributor, Ph\u00e2n ph\u1ed1i FESTO t\u1ea1i vi\u1ec7t nam<\/p>\n<p>\u0110\u1ea1i l\u00fd FESTO vietnam, FESTO viet nam, FESTO vietnam distributor, Ph\u00e2n ph\u1ed1i FESTO t\u1ea1i vi\u1ec7t nam<\/p>\n<p>\u0110\u1ea1i l\u00fd FESTO vietnam, FESTO viet nam, FESTO vietnam distributor, Ph\u00e2n ph\u1ed1i FESTO t\u1ea1i vi\u1ec7t nam<\/p>\n","protected":false},"excerpt":{"rendered":"<p>FESTO LFR-3\/8-D-5M-O-MIDI-A FESTO LFR-3\/4-D-5M-O-MIDI-A FESTO MSB6-AGD:C4:J82:I30:I29:L4:G7-WP Filter regulators LFR\/LFRS, D series Festo LFR-1\/2-D, Festo LFR-1\/8-D, Festo LFR-1\/4-D, Festo LFR-3\/4-D, Festo LFR-3\/8-D Festo LFR-1\/4-D-MINI-A-MPA (8002283),\u00a0Festo LFR-1\/4-D-MINI-MPA, Festo\u00a0LFR-D-5M-MINI Festo\u00a0LFR-1\/2-D-MIDI-MPA, Festo\u00a0LFR-3\/8-D-MIDI-A-MPA,\u00a0LFR-3\/4-D-5M-O-MIDI-A Features Midi size D series Rotary knob with detent actuator lock Vertical +\/-5\u00b0 mounting position 5MIM grade of filtration Fully automatic condensate&hellip; <\/p>\n","protected":false},"featured_media":4820,"comment_status":"open","ping_status":"closed","template":"","meta":[],"product_cat":[284],"product_tag":[238,364,363],"class_list":{"0":"post-4819","1":"product","2":"type-product","3":"status-publish","4":"has-post-thumbnail","6":"product_cat-festo","7":"product_tag-bo-loc","8":"product_tag-dai-ly-festo-viet-nam","9":"product_tag-festo-viet-nam","11":"first","12":"instock","13":"shipping-taxable","14":"product-type-simple"},"yoast_head":"<!-- This site is optimized with the Yoast SEO plugin v22.8 - https:\/\/yoast.com\/wordpress\/plugins\/seo\/ -->\n<title>FESTO LFR-3\/8-D-5M-O-MIDI-A - OMANI VI\u1ec6T NAM<\/title>\n<meta name=\"description\" content=\"FESTO LFR-3\/8-D-5M-O-MIDI-A Filter Regulator\" \/>\n<meta name=\"robots\" content=\"index, follow, max-snippet:-1, max-image-preview:large, max-video-preview:-1\" \/>\n<link rel=\"canonical\" href=\"https:\/\/omanivietnam.com\/index.php\/san-pham\/festo-lfr-3-8-d-5m-o-midi-a\/\" \/>\n<meta property=\"og:locale\" content=\"vi_VN\" \/>\n<meta property=\"og:type\" content=\"article\" \/>\n<meta property=\"og:title\" content=\"FESTO LFR-3\/8-D-5M-O-MIDI-A - OMANI VI\u1ec6T NAM\" \/>\n<meta property=\"og:description\" content=\"FESTO LFR-3\/8-D-5M-O-MIDI-A Filter Regulator\" \/>\n<meta property=\"og:url\" content=\"https:\/\/omanivietnam.com\/index.php\/san-pham\/festo-lfr-3-8-d-5m-o-midi-a\/\" \/>\n<meta property=\"og:site_name\" content=\"OMANI VI\u1ec6T NAM\" \/>\n<meta property=\"article:modified_time\" content=\"2026-03-21T09:27:10+00:00\" \/>\n<meta property=\"og:image\" content=\"https:\/\/omanivietnam.com\/wp-content\/uploads\/2026\/03\/LFR-3-8-D-5M-O-MIDI-A.png\" \/>\n\t<meta property=\"og:image:width\" content=\"699\" \/>\n\t<meta property=\"og:image:height\" content=\"920\" \/>\n\t<meta property=\"og:image:type\" content=\"image\/png\" \/>\n<meta name=\"twitter:card\" content=\"summary_large_image\" \/>\n<meta name=\"twitter:label1\" content=\"\u01af\u1edbc t\u00ednh th\u1eddi gian \u0111\u1ecdc\" \/>\n\t<meta name=\"twitter:data1\" content=\"2 ph\u00fat\" \/>\n<script type=\"application\/ld+json\" class=\"yoast-schema-graph\">{\"@context\":\"https:\/\/schema.org\",\"@graph\":[{\"@type\":\"WebPage\",\"@id\":\"https:\/\/omanivietnam.com\/index.php\/san-pham\/festo-lfr-3-8-d-5m-o-midi-a\/\",\"url\":\"https:\/\/omanivietnam.com\/index.php\/san-pham\/festo-lfr-3-8-d-5m-o-midi-a\/\",\"name\":\"FESTO LFR-3\/8-D-5M-O-MIDI-A - OMANI VI\u1ec6T NAM\",\"isPartOf\":{\"@id\":\"https:\/\/omanivietnam.com\/#website\"},\"primaryImageOfPage\":{\"@id\":\"https:\/\/omanivietnam.com\/index.php\/san-pham\/festo-lfr-3-8-d-5m-o-midi-a\/#primaryimage\"},\"image\":{\"@id\":\"https:\/\/omanivietnam.com\/index.php\/san-pham\/festo-lfr-3-8-d-5m-o-midi-a\/#primaryimage\"},\"thumbnailUrl\":\"https:\/\/omanivietnam.com\/wp-content\/uploads\/2026\/03\/LFR-3-8-D-5M-O-MIDI-A.png\",\"datePublished\":\"2026-03-21T09:23:49+00:00\",\"dateModified\":\"2026-03-21T09:27:10+00:00\",\"description\":\"FESTO LFR-3\/8-D-5M-O-MIDI-A Filter Regulator\",\"breadcrumb\":{\"@id\":\"https:\/\/omanivietnam.com\/index.php\/san-pham\/festo-lfr-3-8-d-5m-o-midi-a\/#breadcrumb\"},\"inLanguage\":\"vi\",\"potentialAction\":[{\"@type\":\"ReadAction\",\"target\":[\"https:\/\/omanivietnam.com\/index.php\/san-pham\/festo-lfr-3-8-d-5m-o-midi-a\/\"]}]},{\"@type\":\"ImageObject\",\"inLanguage\":\"vi\",\"@id\":\"https:\/\/omanivietnam.com\/index.php\/san-pham\/festo-lfr-3-8-d-5m-o-midi-a\/#primaryimage\",\"url\":\"https:\/\/omanivietnam.com\/wp-content\/uploads\/2026\/03\/LFR-3-8-D-5M-O-MIDI-A.png\",\"contentUrl\":\"https:\/\/omanivietnam.com\/wp-content\/uploads\/2026\/03\/LFR-3-8-D-5M-O-MIDI-A.png\",\"width\":699,\"height\":920},{\"@type\":\"BreadcrumbList\",\"@id\":\"https:\/\/omanivietnam.com\/index.php\/san-pham\/festo-lfr-3-8-d-5m-o-midi-a\/#breadcrumb\",\"itemListElement\":[{\"@type\":\"ListItem\",\"position\":1,\"name\":\"Home\",\"item\":\"https:\/\/omanivietnam.com\/\"},{\"@type\":\"ListItem\",\"position\":2,\"name\":\"S\u1ea2N PH\u1ea8M\",\"item\":\"https:\/\/omanivietnam.com\/index.php\/cua-hang\/\"},{\"@type\":\"ListItem\",\"position\":3,\"name\":\"FESTO LFR-3\/8-D-5M-O-MIDI-A\"}]},{\"@type\":\"WebSite\",\"@id\":\"https:\/\/omanivietnam.com\/#website\",\"url\":\"https:\/\/omanivietnam.com\/\",\"name\":\"OMANI VI\u1ec6T NAM\",\"description\":\"Nh\u00e0 ph\u00e2n ph\u1ed1i thi\u1ebft b\u1ecb kh\u00ed n\u00e9n v\u00e0 thi\u1ebft b\u1ecb t\u1ef1 \u0111\u1ed9ng h\u00f3a trong c\u00f4ng nghi\u1ec7p\",\"publisher\":{\"@id\":\"https:\/\/omanivietnam.com\/#\/schema\/person\/0ad398a980dc3fd696111c2c5c8fa897\"},\"potentialAction\":[{\"@type\":\"SearchAction\",\"target\":{\"@type\":\"EntryPoint\",\"urlTemplate\":\"https:\/\/omanivietnam.com\/?s={search_term_string}\"},\"query-input\":\"required name=search_term_string\"}],\"inLanguage\":\"vi\"},{\"@type\":[\"Person\",\"Organization\"],\"@id\":\"https:\/\/omanivietnam.com\/#\/schema\/person\/0ad398a980dc3fd696111c2c5c8fa897\",\"name\":\"Nguy\u1ec5n V\u0103n Kh\u00e1nh\",\"image\":{\"@type\":\"ImageObject\",\"inLanguage\":\"vi\",\"@id\":\"https:\/\/omanivietnam.com\/#\/schema\/person\/image\/\",\"url\":\"https:\/\/omanivietnam.com\/wp-content\/uploads\/2024\/06\/logo-1024x1024.png\",\"contentUrl\":\"https:\/\/omanivietnam.com\/wp-content\/uploads\/2024\/06\/logo-1024x1024.png\",\"width\":1024,\"height\":1024,\"caption\":\"Nguy\u1ec5n V\u0103n Kh\u00e1nh\"},\"logo\":{\"@id\":\"https:\/\/omanivietnam.com\/#\/schema\/person\/image\/\"},\"sameAs\":[\"https:\/\/omanivietnam.com\"]}]}<\/script>\n<!-- \/ Yoast SEO plugin. -->","yoast_head_json":{"title":"FESTO LFR-3\/8-D-5M-O-MIDI-A - OMANI VI\u1ec6T NAM","description":"FESTO LFR-3\/8-D-5M-O-MIDI-A Filter Regulator","robots":{"index":"index","follow":"follow","max-snippet":"max-snippet:-1","max-image-preview":"max-image-preview:large","max-video-preview":"max-video-preview:-1"},"canonical":"https:\/\/omanivietnam.com\/index.php\/san-pham\/festo-lfr-3-8-d-5m-o-midi-a\/","og_locale":"vi_VN","og_type":"article","og_title":"FESTO LFR-3\/8-D-5M-O-MIDI-A - OMANI VI\u1ec6T NAM","og_description":"FESTO LFR-3\/8-D-5M-O-MIDI-A Filter Regulator","og_url":"https:\/\/omanivietnam.com\/index.php\/san-pham\/festo-lfr-3-8-d-5m-o-midi-a\/","og_site_name":"OMANI VI\u1ec6T NAM","article_modified_time":"2026-03-21T09:27:10+00:00","og_image":[{"width":699,"height":920,"url":"https:\/\/omanivietnam.com\/wp-content\/uploads\/2026\/03\/LFR-3-8-D-5M-O-MIDI-A.png","type":"image\/png"}],"twitter_card":"summary_large_image","twitter_misc":{"\u01af\u1edbc t\u00ednh th\u1eddi gian \u0111\u1ecdc":"2 ph\u00fat"},"schema":{"@context":"https:\/\/schema.org","@graph":[{"@type":"WebPage","@id":"https:\/\/omanivietnam.com\/index.php\/san-pham\/festo-lfr-3-8-d-5m-o-midi-a\/","url":"https:\/\/omanivietnam.com\/index.php\/san-pham\/festo-lfr-3-8-d-5m-o-midi-a\/","name":"FESTO LFR-3\/8-D-5M-O-MIDI-A - OMANI VI\u1ec6T NAM","isPartOf":{"@id":"https:\/\/omanivietnam.com\/#website"},"primaryImageOfPage":{"@id":"https:\/\/omanivietnam.com\/index.php\/san-pham\/festo-lfr-3-8-d-5m-o-midi-a\/#primaryimage"},"image":{"@id":"https:\/\/omanivietnam.com\/index.php\/san-pham\/festo-lfr-3-8-d-5m-o-midi-a\/#primaryimage"},"thumbnailUrl":"https:\/\/omanivietnam.com\/wp-content\/uploads\/2026\/03\/LFR-3-8-D-5M-O-MIDI-A.png","datePublished":"2026-03-21T09:23:49+00:00","dateModified":"2026-03-21T09:27:10+00:00","description":"FESTO LFR-3\/8-D-5M-O-MIDI-A Filter Regulator","breadcrumb":{"@id":"https:\/\/omanivietnam.com\/index.php\/san-pham\/festo-lfr-3-8-d-5m-o-midi-a\/#breadcrumb"},"inLanguage":"vi","potentialAction":[{"@type":"ReadAction","target":["https:\/\/omanivietnam.com\/index.php\/san-pham\/festo-lfr-3-8-d-5m-o-midi-a\/"]}]},{"@type":"ImageObject","inLanguage":"vi","@id":"https:\/\/omanivietnam.com\/index.php\/san-pham\/festo-lfr-3-8-d-5m-o-midi-a\/#primaryimage","url":"https:\/\/omanivietnam.com\/wp-content\/uploads\/2026\/03\/LFR-3-8-D-5M-O-MIDI-A.png","contentUrl":"https:\/\/omanivietnam.com\/wp-content\/uploads\/2026\/03\/LFR-3-8-D-5M-O-MIDI-A.png","width":699,"height":920},{"@type":"BreadcrumbList","@id":"https:\/\/omanivietnam.com\/index.php\/san-pham\/festo-lfr-3-8-d-5m-o-midi-a\/#breadcrumb","itemListElement":[{"@type":"ListItem","position":1,"name":"Home","item":"https:\/\/omanivietnam.com\/"},{"@type":"ListItem","position":2,"name":"S\u1ea2N PH\u1ea8M","item":"https:\/\/omanivietnam.com\/index.php\/cua-hang\/"},{"@type":"ListItem","position":3,"name":"FESTO LFR-3\/8-D-5M-O-MIDI-A"}]},{"@type":"WebSite","@id":"https:\/\/omanivietnam.com\/#website","url":"https:\/\/omanivietnam.com\/","name":"OMANI VI\u1ec6T NAM","description":"Nh\u00e0 ph\u00e2n ph\u1ed1i thi\u1ebft b\u1ecb kh\u00ed n\u00e9n v\u00e0 thi\u1ebft b\u1ecb t\u1ef1 \u0111\u1ed9ng h\u00f3a trong c\u00f4ng nghi\u1ec7p","publisher":{"@id":"https:\/\/omanivietnam.com\/#\/schema\/person\/0ad398a980dc3fd696111c2c5c8fa897"},"potentialAction":[{"@type":"SearchAction","target":{"@type":"EntryPoint","urlTemplate":"https:\/\/omanivietnam.com\/?s={search_term_string}"},"query-input":"required name=search_term_string"}],"inLanguage":"vi"},{"@type":["Person","Organization"],"@id":"https:\/\/omanivietnam.com\/#\/schema\/person\/0ad398a980dc3fd696111c2c5c8fa897","name":"Nguy\u1ec5n V\u0103n Kh\u00e1nh","image":{"@type":"ImageObject","inLanguage":"vi","@id":"https:\/\/omanivietnam.com\/#\/schema\/person\/image\/","url":"https:\/\/omanivietnam.com\/wp-content\/uploads\/2024\/06\/logo-1024x1024.png","contentUrl":"https:\/\/omanivietnam.com\/wp-content\/uploads\/2024\/06\/logo-1024x1024.png","width":1024,"height":1024,"caption":"Nguy\u1ec5n V\u0103n Kh\u00e1nh"},"logo":{"@id":"https:\/\/omanivietnam.com\/#\/schema\/person\/image\/"},"sameAs":["https:\/\/omanivietnam.com"]}]}},"_links":{"self":[{"href":"https:\/\/omanivietnam.com\/index.php\/wp-json\/wp\/v2\/product\/4819","targetHints":{"allow":["GET"]}}],"collection":[{"href":"https:\/\/omanivietnam.com\/index.php\/wp-json\/wp\/v2\/product"}],"about":[{"href":"https:\/\/omanivietnam.com\/index.php\/wp-json\/wp\/v2\/types\/product"}],"replies":[{"embeddable":true,"href":"https:\/\/omanivietnam.com\/index.php\/wp-json\/wp\/v2\/comments?post=4819"}],"wp:featuredmedia":[{"embeddable":true,"href":"https:\/\/omanivietnam.com\/index.php\/wp-json\/wp\/v2\/media\/4820"}],"wp:attachment":[{"href":"https:\/\/omanivietnam.com\/index.php\/wp-json\/wp\/v2\/media?parent=4819"}],"wp:term":[{"taxonomy":"product_cat","embeddable":true,"href":"https:\/\/omanivietnam.com\/index.php\/wp-json\/wp\/v2\/product_cat?post=4819"},{"taxonomy":"product_tag","embeddable":true,"href":"https:\/\/omanivietnam.com\/index.php\/wp-json\/wp\/v2\/product_tag?post=4819"}],"curies":[{"name":"wp","href":"https:\/\/api.w.org\/{rel}","templated":true}]}}