{"id":4828,"date":"2026-03-27T21:46:05","date_gmt":"2026-03-27T14:46:05","guid":{"rendered":"https:\/\/omanivietnam.com\/?post_type=product&#038;p=4828"},"modified":"2026-03-27T22:13:04","modified_gmt":"2026-03-27T15:13:04","slug":"endresshauser-ftl31-aa4m2aawbj-sensor-ftl31-1102-0","status":"publish","type":"product","link":"https:\/\/omanivietnam.com\/index.php\/san-pham\/endresshauser-ftl31-aa4m2aawbj-sensor-ftl31-1102-0\/","title":{"rendered":"ENDRESS+HAUSER FTL31-AA4M2AAWBJ"},"content":{"rendered":"<p>ENDRESS+HAUSER FTL31-AA4M2AAWBJ Order code FTL31-1102\/0<\/p>\n<p><span class=\"fontstyle0\">ENDRESS+HAUSER l\u00e0 t\u1eadp \u0111o\u00e0n h\u00e0ng \u0111\u1ea7u th\u1ebf gi\u1edbi chuy\u00ean cung c\u1ea5p c\u00e1c thi\u1ebft b\u1ecb \u0111o l\u01b0\u1eddng v\u00e0 gi\u1ea3i ph\u00e1p t\u1ef1 \u0111\u1ed9ng h\u00f3a c\u00f4ng nghi\u1ec7p. \u0110\u01b0\u1ee3c th\u00e0nh l\u1eadp t\u1eeb n\u0103m 1953 b\u1edfi hai s\u00e1ng l\u1eadp vi\u00ean l\u00e0 \u00f4ng Georg H Endress v\u00e0 \u00f4ng Ludwig Hauser, sau h\u01a1n s\u00e1u th\u1eadp k\u1ef7 ph\u00e1t tri\u1ec3n \u1ed5n \u0111\u1ecbnh v\u00e0 b\u1ec1n v\u1eefng, hi\u1ec7n nay c\u00f4ng ty \u0111\u00e3 x\u00e2y d\u1ef1ng \u0111\u01b0\u1ee3c m\u1ed9t m\u1ea1ng l\u01b0\u1edbi kinh doanh r\u1ed9ng kh\u1eafp to\u00e0n c\u1ea7u, ho\u1ea1t \u0111\u1ed9ng d\u01b0\u1edbi s\u1ef1 \u0111i\u1ec1u h\u00e0nh c\u1ee7a c\u00f4ng ty m\u1eb9 \u0111\u1eb7t t\u1ea1i Reinach, Th\u1ee5y S\u0129.<\/span><\/p>\n<p><span class=\"fontstyle0\">\u00a0 \u00a0 \u00a0C\u00e1c ng\u00e0nh c\u00f4ng nghi\u1ec7p m\u0169i nh\u1ecdn c\u1ee7a t\u1eadp \u0111o\u00e0n Endress+Hauser bao g\u1ed3m: Th\u1ef1c ph\u1ea9m v\u00e0 \u0110\u1ed3 u\u1ed1ng, H\u00f3a ch\u1ea5t, D\u1ea7u kh\u00ed, N\u01b0\u1edbc &#8211; N\u01b0\u1edbc th\u1ea3i, Khai kho\u00e1ng v\u00e0 Kim lo\u1ea1i n\u1eb7ng, H\u00f3a &#8211; D\u01b0\u1ee3c ph\u1ea9m, N\u0103ng l\u01b0\u1ee3ng.<\/span><\/p>\n<p>Endress + Hauser l\u00e0 c\u00f4ng ty h\u00e0ng \u0111\u1ea7u to\u00e0n c\u1ea7u v\u1ec1 thi\u1ebft b\u1ecb \u0111o l\u01b0\u1eddng, d\u1ecbch v\u1ee5 v\u00e0 gi\u1ea3i ph\u00e1p cho k\u1ef9 thu\u1eadt quy tr\u00ecnh c\u00f4ng nghi\u1ec7p. Ch\u00fang t\u00f4i cung c\u1ea5p c\u00e1c gi\u1ea3i ph\u00e1p quy tr\u00ecnh v\u1ec1 l\u01b0u l\u01b0\u1ee3ng, m\u1ee9c \u0111\u1ed9, \u00e1p su\u1ea5t, ph\u00e2n t\u00edch, nhi\u1ec7t \u0111\u1ed9, ghi \u00e2m v\u00e0 truy\u1ec1n th\u00f4ng k\u1ef9 thu\u1eadt s\u1ed1, t\u1ed1i \u01b0u h\u00f3a quy tr\u00ecnh v\u1ec1 hi\u1ec7u qu\u1ea3 kinh t\u1ebf, an to\u00e0n v\u00e0 t\u00e1c \u0111\u1ed9ng m\u00f4i tr\u01b0\u1eddng. Kh\u00e1ch h\u00e0ng c\u1ee7a ch\u00fang t\u00f4i \u0111\u1ebfn t\u1eeb nhi\u1ec1u ng\u00e0nh kh\u00e1c nhau, bao g\u1ed3m h\u00f3a ch\u1ea5t, th\u1ef1c ph\u1ea9m v\u00e0 \u0111\u1ed3 u\u1ed1ng, khoa h\u1ecdc \u0111\u1eddi s\u1ed1ng, n\u0103ng l\u01b0\u1ee3ng v\u00e0 n\u0103ng l\u01b0\u1ee3ng, khai th\u00e1c m\u1ecf, kho\u00e1ng s\u1ea3n &amp; kim lo\u1ea1i, d\u1ea7u kh\u00ed v\u00e0 n\u01b0\u1edbc &amp; n\u01b0\u1edbc th\u1ea3i.<\/p>\n<p>G\u1eb7p g\u1ee1 \u2018Nh\u1eefng ng\u01b0\u1eddi l\u00e0m qu\u00e1 tr\u00ecnh t\u1ef1 \u0111\u1ed9ng h\u00f3a\u2019<\/p>\n<p>Ch\u00fang t\u00f4i l\u00e0 nh\u00e0 cung c\u1ea5p h\u00e0ng \u0111\u1ea7u c\u00e1c s\u1ea3n ph\u1ea9m, gi\u1ea3i ph\u00e1p v\u00e0 d\u1ecbch v\u1ee5 v\u1ec1 \u0111o l\u01b0\u1eddng v\u00e0 t\u1ef1 \u0111\u1ed9ng h\u00f3a quy tr\u00ecnh c\u00f4ng nghi\u1ec7p. Ch\u00fang t\u00f4i cung c\u1ea5p c\u00e1c gi\u1ea3i ph\u00e1p quy tr\u00ecnh to\u00e0n di\u1ec7n cho l\u01b0u l\u01b0\u1ee3ng, m\u1ee9c \u0111\u1ed9, \u00e1p su\u1ea5t, ph\u00e2n t\u00edch, nhi\u1ec7t \u0111\u1ed9, ghi \u00e2m v\u00e0 truy\u1ec1n th\u00f4ng k\u1ef9 thu\u1eadt s\u1ed1 trong nhi\u1ec1u ng\u00e0nh c\u00f4ng nghi\u1ec7p, t\u1ed1i \u01b0u h\u00f3a c\u00e1c quy tr\u00ecnh li\u00ean quan \u0111\u1ebfn hi\u1ec7u qu\u1ea3 kinh t\u1ebf, an to\u00e0n v\u00e0 b\u1ea3o v\u1ec7 m\u00f4i tr\u01b0\u1eddng.<\/p>\n<p><strong>C\u00e1c s\u1ea3n d\u00f2ng s\u1ea3n ph\u1ea9m c\u1ee7a E+H bao g\u1ed3m :<\/strong><\/p>\n<p>Ph\u00e2n t\u00edch ch\u1ea5t l\u1ecfng \/ Liquid Analizer<\/p>\n<p>\u0110o l\u01b0u l\u01b0\u1ee3ng n\u01b0\u1edbc, kh\u00ed v\u00e0 h\u01a1i \/ Flow measurement for liquids, gases and steam<\/p>\n<p>\u0110o m\u1ef1c n\u01b0\u1edbc \/ Level Measurement<\/p>\n<p>\u0110o \u00e1p su\u1ea5t \/ Pressure measurement<\/p>\n<p>\u0110o nhi\u1ec7t \u0111\u1ed9\/ Temperature measurement\/<\/p>\n<p>C\u00f4ng t\u1eafc m\u1ee9c \u0111i\u1ec3m cho ch\u1ea5t l\u1ecfng c\u00f3 thi\u1ebft k\u1ebf nh\u1ecf g\u1ecdn v\u1edbi v\u1ecf th\u00e9p kh\u00f4ng g\u1ec9<\/p>\n<p>Liquiphant FTL31 l\u00e0 c\u00f4ng t\u1eafc \u0111o m\u1ee9c \u0111i\u1ec3m cho ch\u1ea5t l\u1ecfng.E+H FTL31 \u0111\u01b0\u1ee3c thi\u1ebft k\u1ebf cho c\u00e1c \u1ee9ng d\u1ee5ng c\u00f4ng nghi\u1ec7p trong t\u1ea5t c\u1ea3 c\u00e1c ng\u00e0nh c\u00f4ng nghi\u1ec7p, ch\u1ee7 y\u1ebfu l\u00e0 ng\u00e0nh c\u00f4ng nghi\u1ec7p m\u00e1y m\u00f3c. Liquiphant \u0111\u01b0\u1ee3c s\u1eed d\u1ee5ng \u0111\u1ec3 ng\u0103n ch\u1eb7n qu\u00e1 m\u1ee9c ho\u1eb7c b\u1ea3o v\u1ec7 m\u00e1y b\u01a1m ch\u1ea1y kh\u00f4 trong h\u1ec7 th\u1ed1ng l\u00e0m s\u1ea1ch. Kh\u1ea3 n\u0103ng IO-Link cho ph\u00e9p c\u00e0i \u0111\u1eb7t th\u00f4ng s\u1ed1 d\u1ec5 d\u00e0ng.<\/p>\n<p><em>G\u1ecdn nh\u1eb9:<\/em><\/p>\n<p>\u2013 C\u1ea3m bi\u1ebfn rung nh\u1ecf nh\u1ea5t tr\u00ean th\u1ecb tr\u01b0\u1eddng<\/p>\n<p><em>An to\u00e0n:<\/em><\/p>\n<p>\u2013 T\u1ef1 gi\u00e1m s\u00e1t li\u00ean t\u1ee5c<\/p>\n<p>-Chuy\u1ec3n \u0111\u1ed5i \u0111\u00e1ng tin c\u1eady \u0111\u1ed9c l\u1eadp v\u1edbi c\u00e1c thu\u1ed9c t\u00ednh ph\u01b0\u01a1ng ti\u1ec7n<\/p>\n<p><em>D\u1ec5 d\u00e0ng s\u1eed d\u1ee5ng:<\/em><\/p>\n<p>\u2013 Kh\u00f4ng c\u00f3 hi\u1ec7u chu\u1ea9n<\/p>\n<p>\u2013 C\u1eafm v\u00e0 ch\u1ea1y<\/p>\n<p>\u2013 K\u1ebft n\u1ed1i IO-Link<\/p>\n<p><strong><u>C\u00e1c m\u00e3 th\u01b0\u1eddng d\u00f9ng cho th\u1ecb tr\u01b0\u1eddng Vi\u1ec7t Nam:<\/u><\/strong><\/p>\n<p>M\u00e3 \u0111\u1eb7t h\u00e0ng: FTL31-AA4M3AAWDJ<\/p>\n<p>Nh\u00f3m s\u1ea3n ph\u1ea9m: C\u1ea3m bi\u1ebfn \u0111o m\u1ee9c \/ c\u00f4ng t\u1eafc m\u1ee9c E+H<\/p>\n<p>Nh\u00e0 s\u1ea3n xu\u1ea5t: E+H \/ Endress + Hauser<\/p>\n<p>&nbsp;<\/p>\n<p>M\u00e3 \u0111\u1eb7t h\u00e0ng: FTL31-AA4U2AAW5J<\/p>\n<p>Nh\u00f3m s\u1ea3n ph\u1ea9m: C\u1ea3m bi\u1ebfn \u0111o m\u1ee9c \/ c\u00f4ng t\u1eafc m\u1ee9c E+H<\/p>\n<p>Nh\u00e0 s\u1ea3n xu\u1ea5t: E+H \/ Endress + Hauser<\/p>\n<p>&nbsp;<\/p>\n<p>M\u00e3 \u0111\u1eb7t h\u00e0ng: FTL31-AA4U2AAWBJ<\/p>\n<p>Nh\u00f3m s\u1ea3n ph\u1ea9m: C\u1ea3m bi\u1ebfn \u0111o m\u1ee9c \/ c\u00f4ng t\u1eafc m\u1ee9c E+H<\/p>\n<p>Nh\u00e0 s\u1ea3n xu\u1ea5t: E+H \/ Endress + Hauser<\/p>\n<p>&nbsp;<\/p>\n<p>M\u00e3 \u0111\u1eb7t h\u00e0ng: FTL31-AA4M2AAWCJ + R1<\/p>\n<p>Nh\u00f3m s\u1ea3n ph\u1ea9m: C\u1ea3m bi\u1ebfn \u0111o m\u1ee9c \/ c\u00f4ng t\u1eafc m\u1ee9c E+H<\/p>\n<p>Nh\u00e0 s\u1ea3n xu\u1ea5t: E+H \/ Endress + Hauser<\/p>\n<p>&nbsp;<\/p>\n<p>M\u00e3 \u0111\u1eb7t h\u00e0ng: FTL31-AA4U3AAWDJ<\/p>\n<p>Nh\u00f3m s\u1ea3n ph\u1ea9m: C\u1ea3m bi\u1ebfn \u0111o m\u1ee9c \/ c\u00f4ng t\u1eafc m\u1ee9c E+H<\/p>\n<p>Nh\u00e0 s\u1ea3n xu\u1ea5t: E+H \/ Endress + Hauser<\/p>\n<table width=\"884\">\n<tbody>\n<tr>\n<td>FTL33-AA 2ABW5J<\/td>\n<td>Point level switch<\/td>\n<td>C\u00f4ng t\u1eafc m\u1ee9c<\/td>\n<\/tr>\n<tr>\n<td>FTL33-AA 2ABWSJ<\/td>\n<td>Point level switch<\/td>\n<td>C\u00f4ng t\u1eafc m\u1ee9c<\/td>\n<\/tr>\n<tr>\n<td>FTL33-AA 2ABX2J<\/td>\n<td>Point level switch<\/td>\n<td>C\u00f4ng t\u1eafc m\u1ee9c<\/td>\n<\/tr>\n<tr>\n<td>\u00a0FTL33-AA 3ABW5J<\/td>\n<td>Point level switch<\/td>\n<td>C\u00f4ng t\u1eafc m\u1ee9c<\/td>\n<\/tr>\n<tr>\n<td>FTL33-AA 3ABWSJ<\/td>\n<td>Point level switch<\/td>\n<td>C\u00f4ng t\u1eafc m\u1ee9c<\/td>\n<\/tr>\n<tr>\n<td>FTL33-AA 3ABX2J<\/td>\n<td>Point level switch<\/td>\n<td>C\u00f4ng t\u1eafc m\u1ee9c<\/td>\n<\/tr>\n<tr>\n<td>\u00a0FTL33-AA 2ACW5J<\/td>\n<td>Point level switch<\/td>\n<td>C\u00f4ng t\u1eafc m\u1ee9c<\/td>\n<\/tr>\n<tr>\n<td>\u00a0FTL33-AA 2ACWSJ<\/td>\n<td>Point level switch<\/td>\n<td>C\u00f4ng t\u1eafc m\u1ee9c<\/td>\n<\/tr>\n<tr>\n<td>FTL33-AA 2ACX2J<\/td>\n<td>Point level switch<\/td>\n<td>C\u00f4ng t\u1eafc m\u1ee9c<\/td>\n<\/tr>\n<tr>\n<td>\u00a0FTL33-AA 3ACW5J<\/td>\n<td>Point level switch<\/td>\n<td>C\u00f4ng t\u1eafc m\u1ee9c<\/td>\n<\/tr>\n<tr>\n<td>\u00a0FTL33-AA 3ACWSJ<\/td>\n<td>Point level switch<\/td>\n<td>C\u00f4ng t\u1eafc m\u1ee9c<\/td>\n<\/tr>\n<tr>\n<td>\u00a0FTL33-AA 3ACX2J<\/td>\n<td>Point level switch<\/td>\n<td>C\u00f4ng t\u1eafc m\u1ee9c<\/td>\n<\/tr>\n<tr>\n<td>FTL33-AA4N2ABW5J<\/td>\n<td>Point level switch<\/td>\n<td>C\u00f4ng t\u1eafc m\u1ee9c<\/td>\n<\/tr>\n<tr>\n<td>FTL33-AA4N2ABWSJ<\/td>\n<td>Point level switch<\/td>\n<td>C\u00f4ng t\u1eafc m\u1ee9c<\/td>\n<\/tr>\n<tr>\n<td>FTL33-AA4N2ABX2J<\/td>\n<td>Point level switch<\/td>\n<td>C\u00f4ng t\u1eafc m\u1ee9c<\/td>\n<\/tr>\n<tr>\n<td>\u00a0FTL33-AA4N3ABW5J<\/td>\n<td>Point level switch<\/td>\n<td>C\u00f4ng t\u1eafc m\u1ee9c<\/td>\n<\/tr>\n<tr>\n<td>FTL33-AA4N3ABWSJ<\/td>\n<td>Point level switch<\/td>\n<td>C\u00f4ng t\u1eafc m\u1ee9c<\/td>\n<\/tr>\n<tr>\n<td>\u00a0FTL33-AA4N3ABX2J<\/td>\n<td>Point level switch<\/td>\n<td>C\u00f4ng t\u1eafc m\u1ee9c<\/td>\n<\/tr>\n<tr>\n<td>FTL33-AA4N2ACW5J<\/td>\n<td>Point level switch<\/td>\n<td>C\u00f4ng t\u1eafc m\u1ee9c<\/td>\n<\/tr>\n<tr>\n<td>FTL33-AA4N2ACWSJ<\/td>\n<td>Point level switch<\/td>\n<td>C\u00f4ng t\u1eafc m\u1ee9c<\/td>\n<\/tr>\n<tr>\n<td>FTL33-AA4N2ACX2J<\/td>\n<td>Point level switch<\/td>\n<td>C\u00f4ng t\u1eafc m\u1ee9c<\/td>\n<\/tr>\n<tr>\n<td>FTL33-AA4N3ACW5J<\/td>\n<td>Point level switch<\/td>\n<td>C\u00f4ng t\u1eafc m\u1ee9c<\/td>\n<\/tr>\n<tr>\n<td>\u00a0FTL33-AA4N3ACWSJ<\/td>\n<td>Point level switch<\/td>\n<td>C\u00f4ng t\u1eafc m\u1ee9c<\/td>\n<\/tr>\n<tr>\n<td>FTL33-AA4N3ACX2J<\/td>\n<td>Point level switch<\/td>\n<td>C\u00f4ng t\u1eafc m\u1ee9c<\/td>\n<\/tr>\n<\/tbody>\n<\/table>\n","protected":false},"excerpt":{"rendered":"<p>ENDRESS+HAUSER FTL31-AA4M2AAWBJ Order code FTL31-1102\/0 ENDRESS+HAUSER l\u00e0 t\u1eadp \u0111o\u00e0n h\u00e0ng \u0111\u1ea7u th\u1ebf gi\u1edbi chuy\u00ean cung c\u1ea5p c\u00e1c thi\u1ebft b\u1ecb \u0111o l\u01b0\u1eddng v\u00e0 gi\u1ea3i ph\u00e1p t\u1ef1 \u0111\u1ed9ng h\u00f3a c\u00f4ng nghi\u1ec7p. \u0110\u01b0\u1ee3c th\u00e0nh l\u1eadp t\u1eeb n\u0103m 1953 b\u1edfi hai s\u00e1ng l\u1eadp vi\u00ean l\u00e0 \u00f4ng Georg H Endress v\u00e0 \u00f4ng Ludwig Hauser, sau&hellip; <\/p>\n","protected":false},"featured_media":4823,"comment_status":"open","ping_status":"closed","template":"","meta":[],"product_cat":[789],"product_tag":[88,791,790],"class_list":{"0":"post-4828","1":"product","2":"type-product","3":"status-publish","4":"has-post-thumbnail","6":"product_cat-endresshauser","7":"product_tag-cam-bien","8":"product_tag-dai-ly-endresshauser-viet-nam","9":"product_tag-endresshauser-viet-nam","11":"first","12":"instock","13":"shipping-taxable","14":"product-type-simple"},"yoast_head":"<!-- This site is optimized with the Yoast SEO plugin v22.8 - https:\/\/yoast.com\/wordpress\/plugins\/seo\/ -->\n<title>ENDRESS+HAUSER FTL31-AA4M2AAWBJ - OMANI VI\u1ec6T NAM<\/title>\n<meta name=\"description\" content=\"ENDRESS+HAUSER FTL31-AA4M2AAWBJ Sensor\" \/>\n<meta name=\"robots\" content=\"index, follow, max-snippet:-1, max-image-preview:large, max-video-preview:-1\" \/>\n<link rel=\"canonical\" href=\"https:\/\/omanivietnam.com\/index.php\/san-pham\/endresshauser-ftl31-aa4m2aawbj-sensor-ftl31-1102-0\/\" \/>\n<meta property=\"og:locale\" content=\"vi_VN\" \/>\n<meta property=\"og:type\" content=\"article\" \/>\n<meta property=\"og:title\" content=\"ENDRESS+HAUSER FTL31-AA4M2AAWBJ - OMANI VI\u1ec6T NAM\" \/>\n<meta property=\"og:description\" content=\"ENDRESS+HAUSER FTL31-AA4M2AAWBJ Sensor\" \/>\n<meta property=\"og:url\" content=\"https:\/\/omanivietnam.com\/index.php\/san-pham\/endresshauser-ftl31-aa4m2aawbj-sensor-ftl31-1102-0\/\" \/>\n<meta property=\"og:site_name\" content=\"OMANI VI\u1ec6T NAM\" \/>\n<meta property=\"article:modified_time\" content=\"2026-03-27T15:13:04+00:00\" \/>\n<meta property=\"og:image\" content=\"https:\/\/omanivietnam.com\/wp-content\/uploads\/2026\/03\/FTL31-AA4M2AAWBJ.png\" \/>\n\t<meta property=\"og:image:width\" content=\"603\" \/>\n\t<meta property=\"og:image:height\" content=\"609\" \/>\n\t<meta property=\"og:image:type\" content=\"image\/png\" \/>\n<meta name=\"twitter:card\" content=\"summary_large_image\" \/>\n<meta name=\"twitter:label1\" content=\"\u01af\u1edbc t\u00ednh th\u1eddi gian \u0111\u1ecdc\" \/>\n\t<meta name=\"twitter:data1\" content=\"5 ph\u00fat\" \/>\n<script type=\"application\/ld+json\" class=\"yoast-schema-graph\">{\"@context\":\"https:\/\/schema.org\",\"@graph\":[{\"@type\":\"WebPage\",\"@id\":\"https:\/\/omanivietnam.com\/index.php\/san-pham\/endresshauser-ftl31-aa4m2aawbj-sensor-ftl31-1102-0\/\",\"url\":\"https:\/\/omanivietnam.com\/index.php\/san-pham\/endresshauser-ftl31-aa4m2aawbj-sensor-ftl31-1102-0\/\",\"name\":\"ENDRESS+HAUSER FTL31-AA4M2AAWBJ - OMANI VI\u1ec6T NAM\",\"isPartOf\":{\"@id\":\"https:\/\/omanivietnam.com\/#website\"},\"primaryImageOfPage\":{\"@id\":\"https:\/\/omanivietnam.com\/index.php\/san-pham\/endresshauser-ftl31-aa4m2aawbj-sensor-ftl31-1102-0\/#primaryimage\"},\"image\":{\"@id\":\"https:\/\/omanivietnam.com\/index.php\/san-pham\/endresshauser-ftl31-aa4m2aawbj-sensor-ftl31-1102-0\/#primaryimage\"},\"thumbnailUrl\":\"https:\/\/omanivietnam.com\/wp-content\/uploads\/2026\/03\/FTL31-AA4M2AAWBJ.png\",\"datePublished\":\"2026-03-27T14:46:05+00:00\",\"dateModified\":\"2026-03-27T15:13:04+00:00\",\"description\":\"ENDRESS+HAUSER FTL31-AA4M2AAWBJ Sensor\",\"breadcrumb\":{\"@id\":\"https:\/\/omanivietnam.com\/index.php\/san-pham\/endresshauser-ftl31-aa4m2aawbj-sensor-ftl31-1102-0\/#breadcrumb\"},\"inLanguage\":\"vi\",\"potentialAction\":[{\"@type\":\"ReadAction\",\"target\":[\"https:\/\/omanivietnam.com\/index.php\/san-pham\/endresshauser-ftl31-aa4m2aawbj-sensor-ftl31-1102-0\/\"]}]},{\"@type\":\"ImageObject\",\"inLanguage\":\"vi\",\"@id\":\"https:\/\/omanivietnam.com\/index.php\/san-pham\/endresshauser-ftl31-aa4m2aawbj-sensor-ftl31-1102-0\/#primaryimage\",\"url\":\"https:\/\/omanivietnam.com\/wp-content\/uploads\/2026\/03\/FTL31-AA4M2AAWBJ.png\",\"contentUrl\":\"https:\/\/omanivietnam.com\/wp-content\/uploads\/2026\/03\/FTL31-AA4M2AAWBJ.png\",\"width\":603,\"height\":609},{\"@type\":\"BreadcrumbList\",\"@id\":\"https:\/\/omanivietnam.com\/index.php\/san-pham\/endresshauser-ftl31-aa4m2aawbj-sensor-ftl31-1102-0\/#breadcrumb\",\"itemListElement\":[{\"@type\":\"ListItem\",\"position\":1,\"name\":\"Home\",\"item\":\"https:\/\/omanivietnam.com\/\"},{\"@type\":\"ListItem\",\"position\":2,\"name\":\"S\u1ea2N PH\u1ea8M\",\"item\":\"https:\/\/omanivietnam.com\/index.php\/cua-hang\/\"},{\"@type\":\"ListItem\",\"position\":3,\"name\":\"ENDRESS+HAUSER FTL31-AA4M2AAWBJ\"}]},{\"@type\":\"WebSite\",\"@id\":\"https:\/\/omanivietnam.com\/#website\",\"url\":\"https:\/\/omanivietnam.com\/\",\"name\":\"OMANI VI\u1ec6T NAM\",\"description\":\"Nh\u00e0 ph\u00e2n ph\u1ed1i thi\u1ebft b\u1ecb kh\u00ed n\u00e9n v\u00e0 thi\u1ebft b\u1ecb t\u1ef1 \u0111\u1ed9ng h\u00f3a trong c\u00f4ng nghi\u1ec7p\",\"publisher\":{\"@id\":\"https:\/\/omanivietnam.com\/#\/schema\/person\/0ad398a980dc3fd696111c2c5c8fa897\"},\"potentialAction\":[{\"@type\":\"SearchAction\",\"target\":{\"@type\":\"EntryPoint\",\"urlTemplate\":\"https:\/\/omanivietnam.com\/?s={search_term_string}\"},\"query-input\":\"required name=search_term_string\"}],\"inLanguage\":\"vi\"},{\"@type\":[\"Person\",\"Organization\"],\"@id\":\"https:\/\/omanivietnam.com\/#\/schema\/person\/0ad398a980dc3fd696111c2c5c8fa897\",\"name\":\"Nguy\u1ec5n V\u0103n Kh\u00e1nh\",\"image\":{\"@type\":\"ImageObject\",\"inLanguage\":\"vi\",\"@id\":\"https:\/\/omanivietnam.com\/#\/schema\/person\/image\/\",\"url\":\"https:\/\/omanivietnam.com\/wp-content\/uploads\/2024\/06\/logo-1024x1024.png\",\"contentUrl\":\"https:\/\/omanivietnam.com\/wp-content\/uploads\/2024\/06\/logo-1024x1024.png\",\"width\":1024,\"height\":1024,\"caption\":\"Nguy\u1ec5n V\u0103n Kh\u00e1nh\"},\"logo\":{\"@id\":\"https:\/\/omanivietnam.com\/#\/schema\/person\/image\/\"},\"sameAs\":[\"https:\/\/omanivietnam.com\"]}]}<\/script>\n<!-- \/ Yoast SEO plugin. -->","yoast_head_json":{"title":"ENDRESS+HAUSER FTL31-AA4M2AAWBJ - OMANI VI\u1ec6T NAM","description":"ENDRESS+HAUSER FTL31-AA4M2AAWBJ Sensor","robots":{"index":"index","follow":"follow","max-snippet":"max-snippet:-1","max-image-preview":"max-image-preview:large","max-video-preview":"max-video-preview:-1"},"canonical":"https:\/\/omanivietnam.com\/index.php\/san-pham\/endresshauser-ftl31-aa4m2aawbj-sensor-ftl31-1102-0\/","og_locale":"vi_VN","og_type":"article","og_title":"ENDRESS+HAUSER FTL31-AA4M2AAWBJ - OMANI VI\u1ec6T NAM","og_description":"ENDRESS+HAUSER FTL31-AA4M2AAWBJ Sensor","og_url":"https:\/\/omanivietnam.com\/index.php\/san-pham\/endresshauser-ftl31-aa4m2aawbj-sensor-ftl31-1102-0\/","og_site_name":"OMANI VI\u1ec6T NAM","article_modified_time":"2026-03-27T15:13:04+00:00","og_image":[{"width":603,"height":609,"url":"https:\/\/omanivietnam.com\/wp-content\/uploads\/2026\/03\/FTL31-AA4M2AAWBJ.png","type":"image\/png"}],"twitter_card":"summary_large_image","twitter_misc":{"\u01af\u1edbc t\u00ednh th\u1eddi gian \u0111\u1ecdc":"5 ph\u00fat"},"schema":{"@context":"https:\/\/schema.org","@graph":[{"@type":"WebPage","@id":"https:\/\/omanivietnam.com\/index.php\/san-pham\/endresshauser-ftl31-aa4m2aawbj-sensor-ftl31-1102-0\/","url":"https:\/\/omanivietnam.com\/index.php\/san-pham\/endresshauser-ftl31-aa4m2aawbj-sensor-ftl31-1102-0\/","name":"ENDRESS+HAUSER FTL31-AA4M2AAWBJ - OMANI VI\u1ec6T NAM","isPartOf":{"@id":"https:\/\/omanivietnam.com\/#website"},"primaryImageOfPage":{"@id":"https:\/\/omanivietnam.com\/index.php\/san-pham\/endresshauser-ftl31-aa4m2aawbj-sensor-ftl31-1102-0\/#primaryimage"},"image":{"@id":"https:\/\/omanivietnam.com\/index.php\/san-pham\/endresshauser-ftl31-aa4m2aawbj-sensor-ftl31-1102-0\/#primaryimage"},"thumbnailUrl":"https:\/\/omanivietnam.com\/wp-content\/uploads\/2026\/03\/FTL31-AA4M2AAWBJ.png","datePublished":"2026-03-27T14:46:05+00:00","dateModified":"2026-03-27T15:13:04+00:00","description":"ENDRESS+HAUSER FTL31-AA4M2AAWBJ Sensor","breadcrumb":{"@id":"https:\/\/omanivietnam.com\/index.php\/san-pham\/endresshauser-ftl31-aa4m2aawbj-sensor-ftl31-1102-0\/#breadcrumb"},"inLanguage":"vi","potentialAction":[{"@type":"ReadAction","target":["https:\/\/omanivietnam.com\/index.php\/san-pham\/endresshauser-ftl31-aa4m2aawbj-sensor-ftl31-1102-0\/"]}]},{"@type":"ImageObject","inLanguage":"vi","@id":"https:\/\/omanivietnam.com\/index.php\/san-pham\/endresshauser-ftl31-aa4m2aawbj-sensor-ftl31-1102-0\/#primaryimage","url":"https:\/\/omanivietnam.com\/wp-content\/uploads\/2026\/03\/FTL31-AA4M2AAWBJ.png","contentUrl":"https:\/\/omanivietnam.com\/wp-content\/uploads\/2026\/03\/FTL31-AA4M2AAWBJ.png","width":603,"height":609},{"@type":"BreadcrumbList","@id":"https:\/\/omanivietnam.com\/index.php\/san-pham\/endresshauser-ftl31-aa4m2aawbj-sensor-ftl31-1102-0\/#breadcrumb","itemListElement":[{"@type":"ListItem","position":1,"name":"Home","item":"https:\/\/omanivietnam.com\/"},{"@type":"ListItem","position":2,"name":"S\u1ea2N PH\u1ea8M","item":"https:\/\/omanivietnam.com\/index.php\/cua-hang\/"},{"@type":"ListItem","position":3,"name":"ENDRESS+HAUSER FTL31-AA4M2AAWBJ"}]},{"@type":"WebSite","@id":"https:\/\/omanivietnam.com\/#website","url":"https:\/\/omanivietnam.com\/","name":"OMANI VI\u1ec6T NAM","description":"Nh\u00e0 ph\u00e2n ph\u1ed1i thi\u1ebft b\u1ecb kh\u00ed n\u00e9n v\u00e0 thi\u1ebft b\u1ecb t\u1ef1 \u0111\u1ed9ng h\u00f3a trong c\u00f4ng nghi\u1ec7p","publisher":{"@id":"https:\/\/omanivietnam.com\/#\/schema\/person\/0ad398a980dc3fd696111c2c5c8fa897"},"potentialAction":[{"@type":"SearchAction","target":{"@type":"EntryPoint","urlTemplate":"https:\/\/omanivietnam.com\/?s={search_term_string}"},"query-input":"required name=search_term_string"}],"inLanguage":"vi"},{"@type":["Person","Organization"],"@id":"https:\/\/omanivietnam.com\/#\/schema\/person\/0ad398a980dc3fd696111c2c5c8fa897","name":"Nguy\u1ec5n V\u0103n Kh\u00e1nh","image":{"@type":"ImageObject","inLanguage":"vi","@id":"https:\/\/omanivietnam.com\/#\/schema\/person\/image\/","url":"https:\/\/omanivietnam.com\/wp-content\/uploads\/2024\/06\/logo-1024x1024.png","contentUrl":"https:\/\/omanivietnam.com\/wp-content\/uploads\/2024\/06\/logo-1024x1024.png","width":1024,"height":1024,"caption":"Nguy\u1ec5n V\u0103n Kh\u00e1nh"},"logo":{"@id":"https:\/\/omanivietnam.com\/#\/schema\/person\/image\/"},"sameAs":["https:\/\/omanivietnam.com"]}]}},"_links":{"self":[{"href":"https:\/\/omanivietnam.com\/index.php\/wp-json\/wp\/v2\/product\/4828","targetHints":{"allow":["GET"]}}],"collection":[{"href":"https:\/\/omanivietnam.com\/index.php\/wp-json\/wp\/v2\/product"}],"about":[{"href":"https:\/\/omanivietnam.com\/index.php\/wp-json\/wp\/v2\/types\/product"}],"replies":[{"embeddable":true,"href":"https:\/\/omanivietnam.com\/index.php\/wp-json\/wp\/v2\/comments?post=4828"}],"wp:featuredmedia":[{"embeddable":true,"href":"https:\/\/omanivietnam.com\/index.php\/wp-json\/wp\/v2\/media\/4823"}],"wp:attachment":[{"href":"https:\/\/omanivietnam.com\/index.php\/wp-json\/wp\/v2\/media?parent=4828"}],"wp:term":[{"taxonomy":"product_cat","embeddable":true,"href":"https:\/\/omanivietnam.com\/index.php\/wp-json\/wp\/v2\/product_cat?post=4828"},{"taxonomy":"product_tag","embeddable":true,"href":"https:\/\/omanivietnam.com\/index.php\/wp-json\/wp\/v2\/product_tag?post=4828"}],"curies":[{"name":"wp","href":"https:\/\/api.w.org\/{rel}","templated":true}]}}