{"id":4834,"date":"2026-03-29T13:54:30","date_gmt":"2026-03-29T06:54:30","guid":{"rendered":"https:\/\/omanivietnam.com\/?post_type=product&#038;p=4834"},"modified":"2026-03-29T13:56:07","modified_gmt":"2026-03-29T06:56:07","slug":"hengstler0547895-ad58-1217a1-0kbib-a25-x5992","status":"publish","type":"product","link":"https:\/\/omanivietnam.com\/index.php\/san-pham\/hengstler0547895-ad58-1217a1-0kbib-a25-x5992\/","title":{"rendered":"HENGSTLER\t0547895 AD58\/1217A1.0KBIB-A25-X:5992"},"content":{"rendered":"<p>HENGSTLER 0547895 AD58\/1217A1.0KBIB-A25-X:5992<\/p>\n<h1 class=\"product-name\">Hengstler AD58\/1217A1.0KBIB-A25-X:5992 | 0547895 | B\u1ed9 m\u00e3 ho\u00e1 |<\/h1>\n<p>Housing diameter 58 mm<\/p>\n<p>Shaft diameter 10 mm (Cone hollow shaft)<\/p>\n<p>10 mm (Cone solid shaft)<\/p>\n<p>Flange<\/p>\n<p>(Mounting of housing)<\/p>\n<p>Tether<\/p>\n<p>Protection class shaft input<\/p>\n<p>(EN 60529)<\/p>\n<p>IP40<\/p>\n<p>Protection class housing<\/p>\n<p>(EN 60529)<\/p>\n<p>IP40<\/p>\n<p>Axial endplay of mounting<\/p>\n<p>shaft (hubshaft)<\/p>\n<p>\u00b1 0.5 mm<\/p>\n<p>Radial runout of mating<\/p>\n<p>shaft (hubshaft)<\/p>\n<p>\u00b1 0.1 mm<\/p>\n<p>Max. speed max. 10 000 rpm (continuous), max. 12 000 rpm (short term)<\/p>\n<p>Starting torque typ. \u2264 1 Ncm<\/p>\n<p>Moment of inertia ca. 3.8 x 10 -6 kgm\u00b2<\/p>\n<p>Vibration resistance<\/p>\n<p>(DIN EN 60068-2-6)<\/p>\n<p>100 m\/s\u00b2 (10 &#8230; 2000 Hz)<\/p>\n<p>Shock resistance<\/p>\n<p>(DIN EN 60068-2-27)<\/p>\n<p>1000 m\/s\u00b2 (6 ms)<\/p>\n<p>Operating temperature -15 \u00b0C &#8230; +120 \u00b0C<\/p>\n<p>Storage temperature 1 -15 \u00b0C &#8230; +85 \u00b0C<\/p>\n<p>Weight approx. 260 g (ST) \/ 310 g (MT)<\/p>\n<p>Connection PCB connector, 12 pole<\/p>\n<p>\u0110\u1ea1i l\u00fd HENGSTLER vietnam, HENGSTLER viet nam, HENGSTLER vietnam distributor, Ph\u00e2n ph\u1ed1i HENGSTLER t\u1ea1i vi\u1ec7t nam<\/p>\n<p>\u0110\u1ea1i l\u00fd HENGSTLER vietnam, HENGSTLER viet nam, HENGSTLER vietnam distributor, Ph\u00e2n ph\u1ed1i HENGSTLER t\u1ea1i vi\u1ec7t nam<\/p>\n<p>\u0110\u1ea1i l\u00fd HENGSTLER vietnam, HENGSTLER viet nam, HENGSTLER vietnam distributor, Ph\u00e2n ph\u1ed1i HENGSTLER t\u1ea1i vi\u1ec7t nam<\/p>\n","protected":false},"excerpt":{"rendered":"<p>HENGSTLER 0547895 AD58\/1217A1.0KBIB-A25-X:5992 Hengstler AD58\/1217A1.0KBIB-A25-X:5992 | 0547895 | B\u1ed9 m\u00e3 ho\u00e1 | Housing diameter 58 mm Shaft diameter 10 mm (Cone hollow shaft) 10 mm (Cone solid shaft) Flange (Mounting of housing) Tether Protection class shaft input (EN 60529) IP40 Protection class housing (EN 60529) IP40 Axial endplay of mounting&hellip; <\/p>\n","protected":false},"featured_media":4835,"comment_status":"open","ping_status":"closed","template":"","meta":[],"product_cat":[393],"product_tag":[174,395,394],"class_list":{"0":"post-4834","1":"product","2":"type-product","3":"status-publish","4":"has-post-thumbnail","6":"product_cat-hengstler","7":"product_tag-bo-ma-hoa","8":"product_tag-dai-ly-hengstler-viet-nam","9":"product_tag-hengstler-viet-nam","11":"first","12":"instock","13":"shipping-taxable","14":"product-type-simple"},"yoast_head":"<!-- This site is optimized with the Yoast SEO plugin v22.8 - https:\/\/yoast.com\/wordpress\/plugins\/seo\/ -->\n<title>HENGSTLER 0547895 AD58\/1217A1.0KBIB-A25-X:5992 - OMANI VI\u1ec6T NAM<\/title>\n<meta name=\"description\" content=\"HENGSTLER 0547895 AD58\/1217A1.0KBIB-A25-X:5992 Encoder\" \/>\n<meta name=\"robots\" content=\"index, follow, max-snippet:-1, max-image-preview:large, max-video-preview:-1\" \/>\n<link rel=\"canonical\" href=\"https:\/\/omanivietnam.com\/index.php\/san-pham\/hengstler0547895-ad58-1217a1-0kbib-a25-x5992\/\" \/>\n<meta property=\"og:locale\" content=\"vi_VN\" \/>\n<meta property=\"og:type\" content=\"article\" \/>\n<meta property=\"og:title\" content=\"HENGSTLER 0547895 AD58\/1217A1.0KBIB-A25-X:5992 - OMANI VI\u1ec6T NAM\" \/>\n<meta property=\"og:description\" content=\"HENGSTLER 0547895 AD58\/1217A1.0KBIB-A25-X:5992 Encoder\" \/>\n<meta property=\"og:url\" content=\"https:\/\/omanivietnam.com\/index.php\/san-pham\/hengstler0547895-ad58-1217a1-0kbib-a25-x5992\/\" \/>\n<meta property=\"og:site_name\" content=\"OMANI VI\u1ec6T NAM\" \/>\n<meta property=\"article:modified_time\" content=\"2026-03-29T06:56:07+00:00\" \/>\n<meta property=\"og:image\" content=\"https:\/\/omanivietnam.com\/wp-content\/uploads\/2026\/03\/0547895.png\" \/>\n\t<meta property=\"og:image:width\" content=\"563\" \/>\n\t<meta property=\"og:image:height\" content=\"432\" \/>\n\t<meta property=\"og:image:type\" content=\"image\/png\" \/>\n<meta name=\"twitter:card\" content=\"summary_large_image\" \/>\n<meta name=\"twitter:label1\" content=\"\u01af\u1edbc t\u00ednh th\u1eddi gian \u0111\u1ecdc\" \/>\n\t<meta name=\"twitter:data1\" content=\"2 ph\u00fat\" \/>\n<script type=\"application\/ld+json\" class=\"yoast-schema-graph\">{\"@context\":\"https:\/\/schema.org\",\"@graph\":[{\"@type\":\"WebPage\",\"@id\":\"https:\/\/omanivietnam.com\/index.php\/san-pham\/hengstler0547895-ad58-1217a1-0kbib-a25-x5992\/\",\"url\":\"https:\/\/omanivietnam.com\/index.php\/san-pham\/hengstler0547895-ad58-1217a1-0kbib-a25-x5992\/\",\"name\":\"HENGSTLER 0547895 AD58\/1217A1.0KBIB-A25-X:5992 - OMANI VI\u1ec6T NAM\",\"isPartOf\":{\"@id\":\"https:\/\/omanivietnam.com\/#website\"},\"primaryImageOfPage\":{\"@id\":\"https:\/\/omanivietnam.com\/index.php\/san-pham\/hengstler0547895-ad58-1217a1-0kbib-a25-x5992\/#primaryimage\"},\"image\":{\"@id\":\"https:\/\/omanivietnam.com\/index.php\/san-pham\/hengstler0547895-ad58-1217a1-0kbib-a25-x5992\/#primaryimage\"},\"thumbnailUrl\":\"https:\/\/omanivietnam.com\/wp-content\/uploads\/2026\/03\/0547895.png\",\"datePublished\":\"2026-03-29T06:54:30+00:00\",\"dateModified\":\"2026-03-29T06:56:07+00:00\",\"description\":\"HENGSTLER 0547895 AD58\/1217A1.0KBIB-A25-X:5992 Encoder\",\"breadcrumb\":{\"@id\":\"https:\/\/omanivietnam.com\/index.php\/san-pham\/hengstler0547895-ad58-1217a1-0kbib-a25-x5992\/#breadcrumb\"},\"inLanguage\":\"vi\",\"potentialAction\":[{\"@type\":\"ReadAction\",\"target\":[\"https:\/\/omanivietnam.com\/index.php\/san-pham\/hengstler0547895-ad58-1217a1-0kbib-a25-x5992\/\"]}]},{\"@type\":\"ImageObject\",\"inLanguage\":\"vi\",\"@id\":\"https:\/\/omanivietnam.com\/index.php\/san-pham\/hengstler0547895-ad58-1217a1-0kbib-a25-x5992\/#primaryimage\",\"url\":\"https:\/\/omanivietnam.com\/wp-content\/uploads\/2026\/03\/0547895.png\",\"contentUrl\":\"https:\/\/omanivietnam.com\/wp-content\/uploads\/2026\/03\/0547895.png\",\"width\":563,\"height\":432},{\"@type\":\"BreadcrumbList\",\"@id\":\"https:\/\/omanivietnam.com\/index.php\/san-pham\/hengstler0547895-ad58-1217a1-0kbib-a25-x5992\/#breadcrumb\",\"itemListElement\":[{\"@type\":\"ListItem\",\"position\":1,\"name\":\"Home\",\"item\":\"https:\/\/omanivietnam.com\/\"},{\"@type\":\"ListItem\",\"position\":2,\"name\":\"S\u1ea2N PH\u1ea8M\",\"item\":\"https:\/\/omanivietnam.com\/index.php\/cua-hang\/\"},{\"@type\":\"ListItem\",\"position\":3,\"name\":\"HENGSTLER 0547895 AD58\/1217A1.0KBIB-A25-X:5992\"}]},{\"@type\":\"WebSite\",\"@id\":\"https:\/\/omanivietnam.com\/#website\",\"url\":\"https:\/\/omanivietnam.com\/\",\"name\":\"OMANI VI\u1ec6T NAM\",\"description\":\"Nh\u00e0 ph\u00e2n ph\u1ed1i thi\u1ebft b\u1ecb kh\u00ed n\u00e9n v\u00e0 thi\u1ebft b\u1ecb t\u1ef1 \u0111\u1ed9ng h\u00f3a trong c\u00f4ng nghi\u1ec7p\",\"publisher\":{\"@id\":\"https:\/\/omanivietnam.com\/#\/schema\/person\/0ad398a980dc3fd696111c2c5c8fa897\"},\"potentialAction\":[{\"@type\":\"SearchAction\",\"target\":{\"@type\":\"EntryPoint\",\"urlTemplate\":\"https:\/\/omanivietnam.com\/?s={search_term_string}\"},\"query-input\":\"required name=search_term_string\"}],\"inLanguage\":\"vi\"},{\"@type\":[\"Person\",\"Organization\"],\"@id\":\"https:\/\/omanivietnam.com\/#\/schema\/person\/0ad398a980dc3fd696111c2c5c8fa897\",\"name\":\"Nguy\u1ec5n V\u0103n Kh\u00e1nh\",\"image\":{\"@type\":\"ImageObject\",\"inLanguage\":\"vi\",\"@id\":\"https:\/\/omanivietnam.com\/#\/schema\/person\/image\/\",\"url\":\"https:\/\/omanivietnam.com\/wp-content\/uploads\/2024\/06\/logo-1024x1024.png\",\"contentUrl\":\"https:\/\/omanivietnam.com\/wp-content\/uploads\/2024\/06\/logo-1024x1024.png\",\"width\":1024,\"height\":1024,\"caption\":\"Nguy\u1ec5n V\u0103n Kh\u00e1nh\"},\"logo\":{\"@id\":\"https:\/\/omanivietnam.com\/#\/schema\/person\/image\/\"},\"sameAs\":[\"https:\/\/omanivietnam.com\"]}]}<\/script>\n<!-- \/ Yoast SEO plugin. -->","yoast_head_json":{"title":"HENGSTLER 0547895 AD58\/1217A1.0KBIB-A25-X:5992 - OMANI VI\u1ec6T NAM","description":"HENGSTLER 0547895 AD58\/1217A1.0KBIB-A25-X:5992 Encoder","robots":{"index":"index","follow":"follow","max-snippet":"max-snippet:-1","max-image-preview":"max-image-preview:large","max-video-preview":"max-video-preview:-1"},"canonical":"https:\/\/omanivietnam.com\/index.php\/san-pham\/hengstler0547895-ad58-1217a1-0kbib-a25-x5992\/","og_locale":"vi_VN","og_type":"article","og_title":"HENGSTLER 0547895 AD58\/1217A1.0KBIB-A25-X:5992 - OMANI VI\u1ec6T NAM","og_description":"HENGSTLER 0547895 AD58\/1217A1.0KBIB-A25-X:5992 Encoder","og_url":"https:\/\/omanivietnam.com\/index.php\/san-pham\/hengstler0547895-ad58-1217a1-0kbib-a25-x5992\/","og_site_name":"OMANI VI\u1ec6T NAM","article_modified_time":"2026-03-29T06:56:07+00:00","og_image":[{"width":563,"height":432,"url":"https:\/\/omanivietnam.com\/wp-content\/uploads\/2026\/03\/0547895.png","type":"image\/png"}],"twitter_card":"summary_large_image","twitter_misc":{"\u01af\u1edbc t\u00ednh th\u1eddi gian \u0111\u1ecdc":"2 ph\u00fat"},"schema":{"@context":"https:\/\/schema.org","@graph":[{"@type":"WebPage","@id":"https:\/\/omanivietnam.com\/index.php\/san-pham\/hengstler0547895-ad58-1217a1-0kbib-a25-x5992\/","url":"https:\/\/omanivietnam.com\/index.php\/san-pham\/hengstler0547895-ad58-1217a1-0kbib-a25-x5992\/","name":"HENGSTLER 0547895 AD58\/1217A1.0KBIB-A25-X:5992 - OMANI VI\u1ec6T NAM","isPartOf":{"@id":"https:\/\/omanivietnam.com\/#website"},"primaryImageOfPage":{"@id":"https:\/\/omanivietnam.com\/index.php\/san-pham\/hengstler0547895-ad58-1217a1-0kbib-a25-x5992\/#primaryimage"},"image":{"@id":"https:\/\/omanivietnam.com\/index.php\/san-pham\/hengstler0547895-ad58-1217a1-0kbib-a25-x5992\/#primaryimage"},"thumbnailUrl":"https:\/\/omanivietnam.com\/wp-content\/uploads\/2026\/03\/0547895.png","datePublished":"2026-03-29T06:54:30+00:00","dateModified":"2026-03-29T06:56:07+00:00","description":"HENGSTLER 0547895 AD58\/1217A1.0KBIB-A25-X:5992 Encoder","breadcrumb":{"@id":"https:\/\/omanivietnam.com\/index.php\/san-pham\/hengstler0547895-ad58-1217a1-0kbib-a25-x5992\/#breadcrumb"},"inLanguage":"vi","potentialAction":[{"@type":"ReadAction","target":["https:\/\/omanivietnam.com\/index.php\/san-pham\/hengstler0547895-ad58-1217a1-0kbib-a25-x5992\/"]}]},{"@type":"ImageObject","inLanguage":"vi","@id":"https:\/\/omanivietnam.com\/index.php\/san-pham\/hengstler0547895-ad58-1217a1-0kbib-a25-x5992\/#primaryimage","url":"https:\/\/omanivietnam.com\/wp-content\/uploads\/2026\/03\/0547895.png","contentUrl":"https:\/\/omanivietnam.com\/wp-content\/uploads\/2026\/03\/0547895.png","width":563,"height":432},{"@type":"BreadcrumbList","@id":"https:\/\/omanivietnam.com\/index.php\/san-pham\/hengstler0547895-ad58-1217a1-0kbib-a25-x5992\/#breadcrumb","itemListElement":[{"@type":"ListItem","position":1,"name":"Home","item":"https:\/\/omanivietnam.com\/"},{"@type":"ListItem","position":2,"name":"S\u1ea2N PH\u1ea8M","item":"https:\/\/omanivietnam.com\/index.php\/cua-hang\/"},{"@type":"ListItem","position":3,"name":"HENGSTLER 0547895 AD58\/1217A1.0KBIB-A25-X:5992"}]},{"@type":"WebSite","@id":"https:\/\/omanivietnam.com\/#website","url":"https:\/\/omanivietnam.com\/","name":"OMANI VI\u1ec6T NAM","description":"Nh\u00e0 ph\u00e2n ph\u1ed1i thi\u1ebft b\u1ecb kh\u00ed n\u00e9n v\u00e0 thi\u1ebft b\u1ecb t\u1ef1 \u0111\u1ed9ng h\u00f3a trong c\u00f4ng nghi\u1ec7p","publisher":{"@id":"https:\/\/omanivietnam.com\/#\/schema\/person\/0ad398a980dc3fd696111c2c5c8fa897"},"potentialAction":[{"@type":"SearchAction","target":{"@type":"EntryPoint","urlTemplate":"https:\/\/omanivietnam.com\/?s={search_term_string}"},"query-input":"required name=search_term_string"}],"inLanguage":"vi"},{"@type":["Person","Organization"],"@id":"https:\/\/omanivietnam.com\/#\/schema\/person\/0ad398a980dc3fd696111c2c5c8fa897","name":"Nguy\u1ec5n V\u0103n Kh\u00e1nh","image":{"@type":"ImageObject","inLanguage":"vi","@id":"https:\/\/omanivietnam.com\/#\/schema\/person\/image\/","url":"https:\/\/omanivietnam.com\/wp-content\/uploads\/2024\/06\/logo-1024x1024.png","contentUrl":"https:\/\/omanivietnam.com\/wp-content\/uploads\/2024\/06\/logo-1024x1024.png","width":1024,"height":1024,"caption":"Nguy\u1ec5n V\u0103n Kh\u00e1nh"},"logo":{"@id":"https:\/\/omanivietnam.com\/#\/schema\/person\/image\/"},"sameAs":["https:\/\/omanivietnam.com"]}]}},"_links":{"self":[{"href":"https:\/\/omanivietnam.com\/index.php\/wp-json\/wp\/v2\/product\/4834","targetHints":{"allow":["GET"]}}],"collection":[{"href":"https:\/\/omanivietnam.com\/index.php\/wp-json\/wp\/v2\/product"}],"about":[{"href":"https:\/\/omanivietnam.com\/index.php\/wp-json\/wp\/v2\/types\/product"}],"replies":[{"embeddable":true,"href":"https:\/\/omanivietnam.com\/index.php\/wp-json\/wp\/v2\/comments?post=4834"}],"wp:featuredmedia":[{"embeddable":true,"href":"https:\/\/omanivietnam.com\/index.php\/wp-json\/wp\/v2\/media\/4835"}],"wp:attachment":[{"href":"https:\/\/omanivietnam.com\/index.php\/wp-json\/wp\/v2\/media?parent=4834"}],"wp:term":[{"taxonomy":"product_cat","embeddable":true,"href":"https:\/\/omanivietnam.com\/index.php\/wp-json\/wp\/v2\/product_cat?post=4834"},{"taxonomy":"product_tag","embeddable":true,"href":"https:\/\/omanivietnam.com\/index.php\/wp-json\/wp\/v2\/product_tag?post=4834"}],"curies":[{"name":"wp","href":"https:\/\/api.w.org\/{rel}","templated":true}]}}