{"id":4836,"date":"2026-04-03T13:11:00","date_gmt":"2026-04-03T06:11:00","guid":{"rendered":"https:\/\/omanivietnam.com\/?post_type=product&#038;p=4836"},"modified":"2026-04-03T13:12:23","modified_gmt":"2026-04-03T06:12:23","slug":"pepperlfuchs-nbn40-u1-a2-m","status":"publish","type":"product","link":"https:\/\/omanivietnam.com\/index.php\/san-pham\/pepperlfuchs-nbn40-u1-a2-m\/","title":{"rendered":"PEPPERL+FUCHS NBN40-U1-A2-M"},"content":{"rendered":"<p>PEPPERL+FUCHS NBN40-U1-A2-M<\/p>\n<h2 class=\"product-detail-header__usp-headline\">Key Benefits at a Glance<\/h2>\n<ul class=\"product-detail-header__usp-list\">\n<li class=\"product-detail-header__usp-list-item\">Sensor head bidirectional and rotatable<\/li>\n<li class=\"product-detail-header__usp-list-item\">40 mm non-flush<\/li>\n<li class=\"product-detail-header__usp-list-item\">E1-Type approval<\/li>\n<li class=\"product-detail-header__usp-list-item\">Extended temperature range<br \/>\n-40\u00a0&#8230;\u00a0+85\u00a0\u00b0C<\/li>\n<li class=\"product-detail-header__usp-list-item\">4 LEDs indicator for 360\u00b0 visibility<\/li>\n<\/ul>\n<h2 class=\"accordion-tab__headline\">Technical data of NBN40-U1-A2-M<\/h2>\n<div class=\"accordion-tab__template\">\n<div class=\"accordion-tab__panel\">\n<div class=\"accordion-tab__panel-inner\">\n<table>\n<tbody>\n<tr>\n<td>Switching function<\/td>\n<td><\/td>\n<td>complementary<\/td>\n<\/tr>\n<tr>\n<td>Output type<\/td>\n<td><\/td>\n<td>PNP<\/td>\n<\/tr>\n<tr>\n<td>Rated operating distance<\/td>\n<td>s<sub>n<\/sub><\/td>\n<td>40 mm<\/td>\n<\/tr>\n<tr>\n<td>Installation<\/td>\n<td><\/td>\n<td>non-flush<\/td>\n<\/tr>\n<tr>\n<td>Output polarity<\/td>\n<td><\/td>\n<td>DC<\/td>\n<\/tr>\n<tr>\n<td>Assured operating distance<\/td>\n<td>s<sub>a<\/sub><\/td>\n<td>0 &#8230; 32.4 mm<\/td>\n<\/tr>\n<tr>\n<td>Actual operating distance<\/td>\n<td>s<sub>r<\/sub><\/td>\n<td>36 &#8230; 44 mm<\/td>\n<\/tr>\n<tr>\n<td>Reduction factor r<sub>Al<\/sub><\/td>\n<td><\/td>\n<td>0.34<\/td>\n<\/tr>\n<tr>\n<td>Reduction factor r<sub>Cu<\/sub><\/td>\n<td><\/td>\n<td>0.3<\/td>\n<\/tr>\n<tr>\n<td>Reduction factor r<sub>304<\/sub><\/td>\n<td><\/td>\n<td>0.81<\/td>\n<\/tr>\n<tr>\n<td>Reduction factor r<sub>St37<\/sub><\/td>\n<td><\/td>\n<td>1<\/td>\n<\/tr>\n<tr>\n<td>Reduction factor r<sub>Brass<\/sub><\/td>\n<td><\/td>\n<td>0.4<\/td>\n<\/tr>\n<tr>\n<td>Output type<\/td>\n<td><\/td>\n<td>4-wire<\/td>\n<\/tr>\n<\/tbody>\n<\/table>\n<\/div>\n<p>\u0110\u1ea1i l\u00fd PEPPERL+FUCHS vietnam, PEPPERL+FUCHS viet nam, PEPPERL+FUCHS vietnam distributor, Ph\u00e2n ph\u1ed1i PEPPERL+FUCHS t\u1ea1i vi\u1ec7t nam<\/p>\n<p>\u0110\u1ea1i l\u00fd PEPPERL+FUCHS vietnam, PEPPERL+FUCHS viet nam, PEPPERL+FUCHS vietnam distributor, Ph\u00e2n ph\u1ed1i PEPPERL+FUCHS t\u1ea1i vi\u1ec7t nam<\/p>\n<p>\u0110\u1ea1i l\u00fd PEPPERL+FUCHS vietnam, PEPPERL+FUCHS viet nam, PEPPERL+FUCHS vietnam distributor, Ph\u00e2n ph\u1ed1i PEPPERL+FUCHS t\u1ea1i vi\u1ec7t nam<\/p>\n<\/div>\n<\/div>\n","protected":false},"excerpt":{"rendered":"<p>PEPPERL+FUCHS NBN40-U1-A2-M Key Benefits at a Glance Sensor head bidirectional and rotatable 40 mm non-flush E1-Type approval Extended temperature range -40\u00a0&#8230;\u00a0+85\u00a0\u00b0C 4 LEDs indicator for 360\u00b0 visibility Technical data of NBN40-U1-A2-M Switching function complementary Output type PNP Rated operating distance sn 40 mm Installation non-flush Output polarity DC Assured operating&hellip; <\/p>\n","protected":false},"featured_media":4837,"comment_status":"open","ping_status":"closed","template":"","meta":[],"product_cat":[595],"product_tag":[88,597,596],"class_list":{"0":"post-4836","1":"product","2":"type-product","3":"status-publish","4":"has-post-thumbnail","6":"product_cat-pepperlfuchs","7":"product_tag-cam-bien","8":"product_tag-dai-ly-pepperlfuchs-viet-nam","9":"product_tag-pepperlfuchs-viet-nam","11":"first","12":"instock","13":"shipping-taxable","14":"product-type-simple"},"yoast_head":"<!-- This site is optimized with the Yoast SEO plugin v22.8 - https:\/\/yoast.com\/wordpress\/plugins\/seo\/ -->\n<title>PEPPERL+FUCHS NBN40-U1-A2-M - OMANI VI\u1ec6T NAM<\/title>\n<meta name=\"description\" content=\"PEPPERL+FUCHS NBN40-U1-A2-M Sensor\" \/>\n<meta name=\"robots\" content=\"index, follow, max-snippet:-1, max-image-preview:large, max-video-preview:-1\" \/>\n<link rel=\"canonical\" href=\"https:\/\/omanivietnam.com\/index.php\/san-pham\/pepperlfuchs-nbn40-u1-a2-m\/\" \/>\n<meta property=\"og:locale\" content=\"vi_VN\" \/>\n<meta property=\"og:type\" content=\"article\" \/>\n<meta property=\"og:title\" content=\"PEPPERL+FUCHS NBN40-U1-A2-M - OMANI VI\u1ec6T NAM\" \/>\n<meta property=\"og:description\" content=\"PEPPERL+FUCHS NBN40-U1-A2-M Sensor\" \/>\n<meta property=\"og:url\" content=\"https:\/\/omanivietnam.com\/index.php\/san-pham\/pepperlfuchs-nbn40-u1-a2-m\/\" \/>\n<meta property=\"og:site_name\" content=\"OMANI VI\u1ec6T NAM\" \/>\n<meta property=\"article:modified_time\" content=\"2026-04-03T06:12:23+00:00\" \/>\n<meta property=\"og:image\" content=\"https:\/\/omanivietnam.com\/wp-content\/uploads\/2026\/04\/NBN40-U1-A2-M.png\" \/>\n\t<meta property=\"og:image:width\" content=\"1508\" \/>\n\t<meta property=\"og:image:height\" content=\"686\" \/>\n\t<meta property=\"og:image:type\" content=\"image\/png\" \/>\n<meta name=\"twitter:card\" content=\"summary_large_image\" \/>\n<meta name=\"twitter:label1\" content=\"\u01af\u1edbc t\u00ednh th\u1eddi gian \u0111\u1ecdc\" \/>\n\t<meta name=\"twitter:data1\" content=\"1 ph\u00fat\" \/>\n<script type=\"application\/ld+json\" class=\"yoast-schema-graph\">{\"@context\":\"https:\/\/schema.org\",\"@graph\":[{\"@type\":\"WebPage\",\"@id\":\"https:\/\/omanivietnam.com\/index.php\/san-pham\/pepperlfuchs-nbn40-u1-a2-m\/\",\"url\":\"https:\/\/omanivietnam.com\/index.php\/san-pham\/pepperlfuchs-nbn40-u1-a2-m\/\",\"name\":\"PEPPERL+FUCHS NBN40-U1-A2-M - OMANI VI\u1ec6T NAM\",\"isPartOf\":{\"@id\":\"https:\/\/omanivietnam.com\/#website\"},\"primaryImageOfPage\":{\"@id\":\"https:\/\/omanivietnam.com\/index.php\/san-pham\/pepperlfuchs-nbn40-u1-a2-m\/#primaryimage\"},\"image\":{\"@id\":\"https:\/\/omanivietnam.com\/index.php\/san-pham\/pepperlfuchs-nbn40-u1-a2-m\/#primaryimage\"},\"thumbnailUrl\":\"https:\/\/omanivietnam.com\/wp-content\/uploads\/2026\/04\/NBN40-U1-A2-M.png\",\"datePublished\":\"2026-04-03T06:11:00+00:00\",\"dateModified\":\"2026-04-03T06:12:23+00:00\",\"description\":\"PEPPERL+FUCHS NBN40-U1-A2-M Sensor\",\"breadcrumb\":{\"@id\":\"https:\/\/omanivietnam.com\/index.php\/san-pham\/pepperlfuchs-nbn40-u1-a2-m\/#breadcrumb\"},\"inLanguage\":\"vi\",\"potentialAction\":[{\"@type\":\"ReadAction\",\"target\":[\"https:\/\/omanivietnam.com\/index.php\/san-pham\/pepperlfuchs-nbn40-u1-a2-m\/\"]}]},{\"@type\":\"ImageObject\",\"inLanguage\":\"vi\",\"@id\":\"https:\/\/omanivietnam.com\/index.php\/san-pham\/pepperlfuchs-nbn40-u1-a2-m\/#primaryimage\",\"url\":\"https:\/\/omanivietnam.com\/wp-content\/uploads\/2026\/04\/NBN40-U1-A2-M.png\",\"contentUrl\":\"https:\/\/omanivietnam.com\/wp-content\/uploads\/2026\/04\/NBN40-U1-A2-M.png\",\"width\":1508,\"height\":686},{\"@type\":\"BreadcrumbList\",\"@id\":\"https:\/\/omanivietnam.com\/index.php\/san-pham\/pepperlfuchs-nbn40-u1-a2-m\/#breadcrumb\",\"itemListElement\":[{\"@type\":\"ListItem\",\"position\":1,\"name\":\"Home\",\"item\":\"https:\/\/omanivietnam.com\/\"},{\"@type\":\"ListItem\",\"position\":2,\"name\":\"S\u1ea2N PH\u1ea8M\",\"item\":\"https:\/\/omanivietnam.com\/index.php\/cua-hang\/\"},{\"@type\":\"ListItem\",\"position\":3,\"name\":\"PEPPERL+FUCHS NBN40-U1-A2-M\"}]},{\"@type\":\"WebSite\",\"@id\":\"https:\/\/omanivietnam.com\/#website\",\"url\":\"https:\/\/omanivietnam.com\/\",\"name\":\"OMANI VI\u1ec6T NAM\",\"description\":\"Nh\u00e0 ph\u00e2n ph\u1ed1i thi\u1ebft b\u1ecb kh\u00ed n\u00e9n v\u00e0 thi\u1ebft b\u1ecb t\u1ef1 \u0111\u1ed9ng h\u00f3a trong c\u00f4ng nghi\u1ec7p\",\"publisher\":{\"@id\":\"https:\/\/omanivietnam.com\/#\/schema\/person\/0ad398a980dc3fd696111c2c5c8fa897\"},\"potentialAction\":[{\"@type\":\"SearchAction\",\"target\":{\"@type\":\"EntryPoint\",\"urlTemplate\":\"https:\/\/omanivietnam.com\/?s={search_term_string}\"},\"query-input\":\"required name=search_term_string\"}],\"inLanguage\":\"vi\"},{\"@type\":[\"Person\",\"Organization\"],\"@id\":\"https:\/\/omanivietnam.com\/#\/schema\/person\/0ad398a980dc3fd696111c2c5c8fa897\",\"name\":\"Nguy\u1ec5n V\u0103n Kh\u00e1nh\",\"image\":{\"@type\":\"ImageObject\",\"inLanguage\":\"vi\",\"@id\":\"https:\/\/omanivietnam.com\/#\/schema\/person\/image\/\",\"url\":\"https:\/\/omanivietnam.com\/wp-content\/uploads\/2024\/06\/logo-1024x1024.png\",\"contentUrl\":\"https:\/\/omanivietnam.com\/wp-content\/uploads\/2024\/06\/logo-1024x1024.png\",\"width\":1024,\"height\":1024,\"caption\":\"Nguy\u1ec5n V\u0103n Kh\u00e1nh\"},\"logo\":{\"@id\":\"https:\/\/omanivietnam.com\/#\/schema\/person\/image\/\"},\"sameAs\":[\"https:\/\/omanivietnam.com\"]}]}<\/script>\n<!-- \/ Yoast SEO plugin. -->","yoast_head_json":{"title":"PEPPERL+FUCHS NBN40-U1-A2-M - OMANI VI\u1ec6T NAM","description":"PEPPERL+FUCHS NBN40-U1-A2-M Sensor","robots":{"index":"index","follow":"follow","max-snippet":"max-snippet:-1","max-image-preview":"max-image-preview:large","max-video-preview":"max-video-preview:-1"},"canonical":"https:\/\/omanivietnam.com\/index.php\/san-pham\/pepperlfuchs-nbn40-u1-a2-m\/","og_locale":"vi_VN","og_type":"article","og_title":"PEPPERL+FUCHS NBN40-U1-A2-M - OMANI VI\u1ec6T NAM","og_description":"PEPPERL+FUCHS NBN40-U1-A2-M Sensor","og_url":"https:\/\/omanivietnam.com\/index.php\/san-pham\/pepperlfuchs-nbn40-u1-a2-m\/","og_site_name":"OMANI VI\u1ec6T NAM","article_modified_time":"2026-04-03T06:12:23+00:00","og_image":[{"width":1508,"height":686,"url":"https:\/\/omanivietnam.com\/wp-content\/uploads\/2026\/04\/NBN40-U1-A2-M.png","type":"image\/png"}],"twitter_card":"summary_large_image","twitter_misc":{"\u01af\u1edbc t\u00ednh th\u1eddi gian \u0111\u1ecdc":"1 ph\u00fat"},"schema":{"@context":"https:\/\/schema.org","@graph":[{"@type":"WebPage","@id":"https:\/\/omanivietnam.com\/index.php\/san-pham\/pepperlfuchs-nbn40-u1-a2-m\/","url":"https:\/\/omanivietnam.com\/index.php\/san-pham\/pepperlfuchs-nbn40-u1-a2-m\/","name":"PEPPERL+FUCHS NBN40-U1-A2-M - OMANI VI\u1ec6T NAM","isPartOf":{"@id":"https:\/\/omanivietnam.com\/#website"},"primaryImageOfPage":{"@id":"https:\/\/omanivietnam.com\/index.php\/san-pham\/pepperlfuchs-nbn40-u1-a2-m\/#primaryimage"},"image":{"@id":"https:\/\/omanivietnam.com\/index.php\/san-pham\/pepperlfuchs-nbn40-u1-a2-m\/#primaryimage"},"thumbnailUrl":"https:\/\/omanivietnam.com\/wp-content\/uploads\/2026\/04\/NBN40-U1-A2-M.png","datePublished":"2026-04-03T06:11:00+00:00","dateModified":"2026-04-03T06:12:23+00:00","description":"PEPPERL+FUCHS NBN40-U1-A2-M Sensor","breadcrumb":{"@id":"https:\/\/omanivietnam.com\/index.php\/san-pham\/pepperlfuchs-nbn40-u1-a2-m\/#breadcrumb"},"inLanguage":"vi","potentialAction":[{"@type":"ReadAction","target":["https:\/\/omanivietnam.com\/index.php\/san-pham\/pepperlfuchs-nbn40-u1-a2-m\/"]}]},{"@type":"ImageObject","inLanguage":"vi","@id":"https:\/\/omanivietnam.com\/index.php\/san-pham\/pepperlfuchs-nbn40-u1-a2-m\/#primaryimage","url":"https:\/\/omanivietnam.com\/wp-content\/uploads\/2026\/04\/NBN40-U1-A2-M.png","contentUrl":"https:\/\/omanivietnam.com\/wp-content\/uploads\/2026\/04\/NBN40-U1-A2-M.png","width":1508,"height":686},{"@type":"BreadcrumbList","@id":"https:\/\/omanivietnam.com\/index.php\/san-pham\/pepperlfuchs-nbn40-u1-a2-m\/#breadcrumb","itemListElement":[{"@type":"ListItem","position":1,"name":"Home","item":"https:\/\/omanivietnam.com\/"},{"@type":"ListItem","position":2,"name":"S\u1ea2N PH\u1ea8M","item":"https:\/\/omanivietnam.com\/index.php\/cua-hang\/"},{"@type":"ListItem","position":3,"name":"PEPPERL+FUCHS NBN40-U1-A2-M"}]},{"@type":"WebSite","@id":"https:\/\/omanivietnam.com\/#website","url":"https:\/\/omanivietnam.com\/","name":"OMANI VI\u1ec6T NAM","description":"Nh\u00e0 ph\u00e2n ph\u1ed1i thi\u1ebft b\u1ecb kh\u00ed n\u00e9n v\u00e0 thi\u1ebft b\u1ecb t\u1ef1 \u0111\u1ed9ng h\u00f3a trong c\u00f4ng nghi\u1ec7p","publisher":{"@id":"https:\/\/omanivietnam.com\/#\/schema\/person\/0ad398a980dc3fd696111c2c5c8fa897"},"potentialAction":[{"@type":"SearchAction","target":{"@type":"EntryPoint","urlTemplate":"https:\/\/omanivietnam.com\/?s={search_term_string}"},"query-input":"required name=search_term_string"}],"inLanguage":"vi"},{"@type":["Person","Organization"],"@id":"https:\/\/omanivietnam.com\/#\/schema\/person\/0ad398a980dc3fd696111c2c5c8fa897","name":"Nguy\u1ec5n V\u0103n Kh\u00e1nh","image":{"@type":"ImageObject","inLanguage":"vi","@id":"https:\/\/omanivietnam.com\/#\/schema\/person\/image\/","url":"https:\/\/omanivietnam.com\/wp-content\/uploads\/2024\/06\/logo-1024x1024.png","contentUrl":"https:\/\/omanivietnam.com\/wp-content\/uploads\/2024\/06\/logo-1024x1024.png","width":1024,"height":1024,"caption":"Nguy\u1ec5n V\u0103n Kh\u00e1nh"},"logo":{"@id":"https:\/\/omanivietnam.com\/#\/schema\/person\/image\/"},"sameAs":["https:\/\/omanivietnam.com"]}]}},"_links":{"self":[{"href":"https:\/\/omanivietnam.com\/index.php\/wp-json\/wp\/v2\/product\/4836","targetHints":{"allow":["GET"]}}],"collection":[{"href":"https:\/\/omanivietnam.com\/index.php\/wp-json\/wp\/v2\/product"}],"about":[{"href":"https:\/\/omanivietnam.com\/index.php\/wp-json\/wp\/v2\/types\/product"}],"replies":[{"embeddable":true,"href":"https:\/\/omanivietnam.com\/index.php\/wp-json\/wp\/v2\/comments?post=4836"}],"wp:featuredmedia":[{"embeddable":true,"href":"https:\/\/omanivietnam.com\/index.php\/wp-json\/wp\/v2\/media\/4837"}],"wp:attachment":[{"href":"https:\/\/omanivietnam.com\/index.php\/wp-json\/wp\/v2\/media?parent=4836"}],"wp:term":[{"taxonomy":"product_cat","embeddable":true,"href":"https:\/\/omanivietnam.com\/index.php\/wp-json\/wp\/v2\/product_cat?post=4836"},{"taxonomy":"product_tag","embeddable":true,"href":"https:\/\/omanivietnam.com\/index.php\/wp-json\/wp\/v2\/product_tag?post=4836"}],"curies":[{"name":"wp","href":"https:\/\/api.w.org\/{rel}","templated":true}]}}