{"id":4838,"date":"2026-04-04T11:28:18","date_gmt":"2026-04-04T04:28:18","guid":{"rendered":"https:\/\/omanivietnam.com\/?post_type=product&#038;p=4838"},"modified":"2026-04-04T11:47:06","modified_gmt":"2026-04-04T04:47:06","slug":"endresshauser-fmp51-2c9v5-0-fmp51-bcaccbuaa4agjebja","status":"publish","type":"product","link":"https:\/\/omanivietnam.com\/index.php\/san-pham\/endresshauser-fmp51-2c9v5-0-fmp51-bcaccbuaa4agjebja\/","title":{"rendered":"ENDRESS+HAUSER FMP51-2C9V5\/0  FMP51-BCACCBUAA4AGJ+EBJA"},"content":{"rendered":"<p>ENDRESS+HAUSER FMP51-2C9V5\/0 FMP51-BCACCBUAA4AGJ+EBJA<\/p>\n<p>Levelflex FMP51<br \/>\nFMP51-2C9V5\/0<br \/>\nFMP51-BCACCBUAA4AGJ+EBJA<\/p>\n<h3 class=\"eh-headline-03 eh-p-b eh-m-t-xxlg\">Specs at a glance<\/h3>\n<ul class=\"eh-result-list eh-product-info-category--items\">\n<li class=\"eh-product-info-category--item eh-p-v\">\n<div class=\"eh-grid eh-grid--no-spacing\">\n<div class=\"eh-cell eh-cell--12-col\">\n<h4 class=\"eh-headline--04 eh-font-bold eh-p-b-2\">Accuracy<\/h4>\n<\/div>\n<div class=\"eh-cell eh-cell--12-col\">\n<p>Rod probe :+\/- 2 mm (0.08 in)<br \/>\nRope probe &lt;= 15 m (49 ft): +\/- 2 mm (0.08 in)<br \/>\nRope probe &gt; 15 m (49 ft): +\/- 10 mm (0.39 in)<br \/>\nCoaxial probe: +\/- 2 mm (0.08 in)<\/p>\n<\/div>\n<\/div>\n<\/li>\n<li class=\"eh-product-info-category--item eh-p-v\">\n<div class=\"eh-grid eh-grid--no-spacing\">\n<div class=\"eh-cell eh-cell--12-col\">\n<h4 class=\"eh-headline--04 eh-font-bold eh-p-b-2\">Process temperature<\/h4>\n<\/div>\n<div class=\"eh-cell eh-cell--12-col\">\n<p>-50&#8230;+200 \u00b0C<br \/>\n(-58&#8230;+392 \u00b0F)<\/p>\n<\/div>\n<\/div>\n<\/li>\n<li class=\"eh-product-info-category--item eh-p-v\">\n<div class=\"eh-grid eh-grid--no-spacing\">\n<div class=\"eh-cell eh-cell--12-col\">\n<h4 class=\"eh-headline--04 eh-font-bold eh-p-b-2\">Process pressure \/ max. overpressure limit<\/h4>\n<\/div>\n<div class=\"eh-cell eh-cell--12-col\">\n<p>Vacuum&#8230;40 bar<br \/>\n(Vacuum&#8230;580 psi)<\/p>\n<\/div>\n<\/div>\n<\/li>\n<li class=\"eh-product-info-category--item eh-p-v\">\n<div class=\"eh-grid eh-grid--no-spacing\">\n<div class=\"eh-cell eh-cell--12-col\">\n<h4 class=\"eh-headline--04 eh-font-bold eh-p-b-2\">Max. measurement distance<\/h4>\n<\/div>\n<div class=\"eh-cell eh-cell--12-col\">\n<p>Rod: 10 m (33 ft) Min DK&gt;1.6<br \/>\nRope: 25 m&#8230;30 m (82ft&#8230;98 ft) Min DK&gt;1.6;<br \/>\n30m&#8230;45 m (98ft&#8230;148 ft) Min DK&gt;1,9<br \/>\nCoaxial probe: 6 m (20 ft) Min DK&gt;1.4<\/p>\n<\/div>\n<\/div>\n<\/li>\n<li class=\"eh-product-info-category--item eh-p-v\">\n<div class=\"eh-grid eh-grid--no-spacing\">\n<div class=\"eh-cell eh-cell--12-col\">\n<h4 class=\"eh-headline--04 eh-font-bold eh-p-b-2\">Main wetted parts<\/h4>\n<\/div>\n<div class=\"eh-cell eh-cell--12-col\">\n<p>Rod probe:<br \/>\n316L, Alloy C, Ceramic<br \/>\nRope probe:<br \/>\n316, 316L, Alloy C, Ceramic<br \/>\nCoaxial probe:<br \/>\n316L, Alloy C, Ceramic, PFA<\/p>\n<div class=\"eh-cell eh-cell--6-col-large eh-cell--6-col-medium eh-cell eh-cell--12-col-small eh-cell eh-cell--4-col-x-small\">\n<div class=\"eh-upid-field-of-application eh-p-r--large eh-p-r--medium\" data-cs-tracking-ps-name=\"PS.RichText\">\n<h3 class=\"eh-headline-03 eh-p-b eh-m-t-xxlg\">Field of application<\/h3>\n<p class=\"eh-p-v\">Levelflex FMP51 for level measurement even under extreme process conditions like<br \/>\nhigh temperature and high pressure in the process industry. FMP51 offers maximum reliability even in case of moved surface and foam or when numerous tank baffles interfere with the measurement. Levelflex FMP51 is used for continuous level measurement of liquids, pastes and slurries but also for interface measurement. The measurement is not affected by changing media, temperature changes, gas blankets or vapors.<\/p>\n<div class=\"eh-p-b-lg\"><\/div>\n<div class=\"eh-rich-content-content\">\n<p class=\"eh-generic--text\">Version with rod, rope or coax probe.<\/p>\n<ul class=\"eh-list-01 eh-generic--list\">\n<li class=\"eh-list--item\">\n<p class=\"eh-generic--text\">Process connections: Threads or flange<\/p>\n<\/li>\n<li class=\"eh-list--item\">\n<p class=\"eh-generic--text\">Temperature: -50 to +200\u00b0C (-58 to +392\u00b0F)<\/p>\n<\/li>\n<li class=\"eh-list--item\">\n<p class=\"eh-generic--text\">Pressure: -1 to +40bar (-14.5 to +580psi)<\/p>\n<\/li>\n<li class=\"eh-list--item\">\n<p class=\"eh-generic--text\">Maximum measuring range: Rod 10m (33ft), rope 45m (148ft), coax 6m (20ft)<\/p>\n<\/li>\n<li class=\"eh-list--item\">\n<p class=\"eh-generic--text\">Accuracy: \u00b12mm (0.08&#8243;)<\/p>\n<\/li>\n<li class=\"eh-list--item\">\n<p class=\"eh-generic--text\">International explosion protection certificates, overfill prevention WHG, SIL, marine approval, 5-point linearity protocol<\/p>\n<\/li>\n<\/ul>\n<\/div>\n<\/div>\n<\/div>\n<div class=\"eh-cell eh-cell--6-col-large eh-cell--6-col-medium eh-cell eh-cell--12-col-small eh-cell eh-cell--4-col-x-small\">\n<div class=\"eh-upid-benefits eh-p-l--large eh-p-l--medium\" data-cs-tracking-ps-name=\"PS.BulletList\">\n<h3 class=\"eh-headline-03 eh-p-b eh-m-t-xxlg\">Benefits<\/h3>\n<ul class=\"eh-list-01 eh-generic--list\">\n<li class=\"eh-list--item\">\n<p class=\"eh-generic--text\">Reliable measurement even for changing product and process conditions<\/p>\n<\/li>\n<li class=\"eh-list--item\">\n<p class=\"eh-generic--text\">HistoROM data management concept for fast and easy commissioning, maintenance and diagnostics<\/p>\n<\/li>\n<li class=\"eh-list--item\">\n<p class=\"eh-generic--text\">Highest reliability due to new Multi-Echo Tracking evaluation<\/p>\n<\/li>\n<li class=\"eh-list--item\">\n<p class=\"eh-generic--text\">Hardware and software developed according to IEC 61508 up to SIL3<\/p>\n<\/li>\n<li class=\"eh-list--item\">\n<p class=\"eh-generic--text\">Heartbeat Technology for a cost-effective and safe plant operation during the entire life cycle<\/p>\n<\/li>\n<li class=\"eh-list--item\">\n<p class=\"eh-generic--text\">Seamless integration into control or asset management systems and intuitive, menu-guided operation concept (on-site or via the control system)<\/p>\n<\/li>\n<li class=\"eh-list--item\">\n<p class=\"eh-generic--text\">World&#8217;s easiest proof test for SIL and WHG saves time and costs<\/p>\n<\/li>\n<\/ul>\n<p>Model:<\/p>\n<p>Levelflex FMP51<br \/>\nFMP51-2C9V5\/0<br \/>\nFMP51-BCACCBUAA4AGJ+EBJA<\/p>\n<p>\u0110\u1ea1i l\u00fd Endress+Hauser vietnam, Endress+Hauser viet nam, Endress+Hauser vietnam distributor, Ph\u00e2n ph\u1ed1i Endress+Hauser t\u1ea1i vi\u1ec7t nam<\/p>\n<p>\u0110\u1ea1i l\u00fd Endress+Hauser vietnam, Endress+Hauser viet nam, Endress+Hauser vietnam distributor, Ph\u00e2n ph\u1ed1i Endress+Hauser t\u1ea1i vi\u1ec7t nam<\/p>\n<p>\u0110\u1ea1i l\u00fd Endress+Hauser vietnam, Endress+Hauser viet nam, Endress+Hauser vietnam distributor, Ph\u00e2n ph\u1ed1i Endress+Hauser t\u1ea1i vi\u1ec7t nam<\/p>\n<\/div>\n<\/div>\n<\/div>\n<\/div>\n<\/li>\n<\/ul>\n","protected":false},"excerpt":{"rendered":"<p>ENDRESS+HAUSER FMP51-2C9V5\/0 FMP51-BCACCBUAA4AGJ+EBJA Levelflex FMP51 FMP51-2C9V5\/0 FMP51-BCACCBUAA4AGJ+EBJA Specs at a glance Accuracy Rod probe :+\/- 2 mm (0.08 in) Rope probe &lt;= 15 m (49 ft): +\/- 2 mm (0.08 in) Rope probe &gt; 15 m (49 ft): +\/- 10 mm (0.39 in) Coaxial probe: +\/- 2 mm (0.08 in)&hellip; <\/p>\n","protected":false},"featured_media":4839,"comment_status":"open","ping_status":"closed","template":"","meta":[],"product_cat":[789],"product_tag":[88,791,790],"class_list":{"0":"post-4838","1":"product","2":"type-product","3":"status-publish","4":"has-post-thumbnail","6":"product_cat-endresshauser","7":"product_tag-cam-bien","8":"product_tag-dai-ly-endresshauser-viet-nam","9":"product_tag-endresshauser-viet-nam","11":"first","12":"instock","13":"shipping-taxable","14":"product-type-simple"},"yoast_head":"<!-- This site is optimized with the Yoast SEO plugin v22.8 - https:\/\/yoast.com\/wordpress\/plugins\/seo\/ -->\n<title>ENDRESS+HAUSER FMP51-2C9V5\/0 FMP51-BCACCBUAA4AGJ+EBJA - OMANI VI\u1ec6T NAM<\/title>\n<meta name=\"description\" content=\"ENDRESS+HAUSER FMP51-2C9V5\/0 FMP51-BCACCBUAA4AGJ+EBJA Guided radar measurement Time-of-Flight Levelflex\" \/>\n<meta name=\"robots\" content=\"index, follow, max-snippet:-1, max-image-preview:large, max-video-preview:-1\" \/>\n<link rel=\"canonical\" href=\"https:\/\/omanivietnam.com\/index.php\/san-pham\/endresshauser-fmp51-2c9v5-0-fmp51-bcaccbuaa4agjebja\/\" \/>\n<meta property=\"og:locale\" content=\"vi_VN\" \/>\n<meta property=\"og:type\" content=\"article\" \/>\n<meta property=\"og:title\" content=\"ENDRESS+HAUSER FMP51-2C9V5\/0 FMP51-BCACCBUAA4AGJ+EBJA - OMANI VI\u1ec6T NAM\" \/>\n<meta property=\"og:description\" content=\"ENDRESS+HAUSER FMP51-2C9V5\/0 FMP51-BCACCBUAA4AGJ+EBJA Guided radar measurement Time-of-Flight Levelflex\" \/>\n<meta property=\"og:url\" content=\"https:\/\/omanivietnam.com\/index.php\/san-pham\/endresshauser-fmp51-2c9v5-0-fmp51-bcaccbuaa4agjebja\/\" \/>\n<meta property=\"og:site_name\" content=\"OMANI VI\u1ec6T NAM\" \/>\n<meta property=\"article:modified_time\" content=\"2026-04-04T04:47:06+00:00\" \/>\n<meta property=\"og:image\" content=\"https:\/\/omanivietnam.com\/wp-content\/uploads\/2026\/04\/FMP51-BCACCBUAA4AGJEBJA.png\" \/>\n\t<meta property=\"og:image:width\" content=\"559\" \/>\n\t<meta property=\"og:image:height\" content=\"514\" \/>\n\t<meta property=\"og:image:type\" content=\"image\/png\" \/>\n<meta name=\"twitter:card\" content=\"summary_large_image\" \/>\n<meta name=\"twitter:label1\" content=\"\u01af\u1edbc t\u00ednh th\u1eddi gian \u0111\u1ecdc\" \/>\n\t<meta name=\"twitter:data1\" content=\"3 ph\u00fat\" \/>\n<script type=\"application\/ld+json\" class=\"yoast-schema-graph\">{\"@context\":\"https:\/\/schema.org\",\"@graph\":[{\"@type\":\"WebPage\",\"@id\":\"https:\/\/omanivietnam.com\/index.php\/san-pham\/endresshauser-fmp51-2c9v5-0-fmp51-bcaccbuaa4agjebja\/\",\"url\":\"https:\/\/omanivietnam.com\/index.php\/san-pham\/endresshauser-fmp51-2c9v5-0-fmp51-bcaccbuaa4agjebja\/\",\"name\":\"ENDRESS+HAUSER FMP51-2C9V5\/0 FMP51-BCACCBUAA4AGJ+EBJA - OMANI VI\u1ec6T NAM\",\"isPartOf\":{\"@id\":\"https:\/\/omanivietnam.com\/#website\"},\"primaryImageOfPage\":{\"@id\":\"https:\/\/omanivietnam.com\/index.php\/san-pham\/endresshauser-fmp51-2c9v5-0-fmp51-bcaccbuaa4agjebja\/#primaryimage\"},\"image\":{\"@id\":\"https:\/\/omanivietnam.com\/index.php\/san-pham\/endresshauser-fmp51-2c9v5-0-fmp51-bcaccbuaa4agjebja\/#primaryimage\"},\"thumbnailUrl\":\"https:\/\/omanivietnam.com\/wp-content\/uploads\/2026\/04\/FMP51-BCACCBUAA4AGJEBJA.png\",\"datePublished\":\"2026-04-04T04:28:18+00:00\",\"dateModified\":\"2026-04-04T04:47:06+00:00\",\"description\":\"ENDRESS+HAUSER FMP51-2C9V5\/0 FMP51-BCACCBUAA4AGJ+EBJA Guided radar measurement Time-of-Flight Levelflex\",\"breadcrumb\":{\"@id\":\"https:\/\/omanivietnam.com\/index.php\/san-pham\/endresshauser-fmp51-2c9v5-0-fmp51-bcaccbuaa4agjebja\/#breadcrumb\"},\"inLanguage\":\"vi\",\"potentialAction\":[{\"@type\":\"ReadAction\",\"target\":[\"https:\/\/omanivietnam.com\/index.php\/san-pham\/endresshauser-fmp51-2c9v5-0-fmp51-bcaccbuaa4agjebja\/\"]}]},{\"@type\":\"ImageObject\",\"inLanguage\":\"vi\",\"@id\":\"https:\/\/omanivietnam.com\/index.php\/san-pham\/endresshauser-fmp51-2c9v5-0-fmp51-bcaccbuaa4agjebja\/#primaryimage\",\"url\":\"https:\/\/omanivietnam.com\/wp-content\/uploads\/2026\/04\/FMP51-BCACCBUAA4AGJEBJA.png\",\"contentUrl\":\"https:\/\/omanivietnam.com\/wp-content\/uploads\/2026\/04\/FMP51-BCACCBUAA4AGJEBJA.png\",\"width\":559,\"height\":514},{\"@type\":\"BreadcrumbList\",\"@id\":\"https:\/\/omanivietnam.com\/index.php\/san-pham\/endresshauser-fmp51-2c9v5-0-fmp51-bcaccbuaa4agjebja\/#breadcrumb\",\"itemListElement\":[{\"@type\":\"ListItem\",\"position\":1,\"name\":\"Home\",\"item\":\"https:\/\/omanivietnam.com\/\"},{\"@type\":\"ListItem\",\"position\":2,\"name\":\"S\u1ea2N PH\u1ea8M\",\"item\":\"https:\/\/omanivietnam.com\/index.php\/cua-hang\/\"},{\"@type\":\"ListItem\",\"position\":3,\"name\":\"ENDRESS+HAUSER FMP51-2C9V5\/0 FMP51-BCACCBUAA4AGJ+EBJA\"}]},{\"@type\":\"WebSite\",\"@id\":\"https:\/\/omanivietnam.com\/#website\",\"url\":\"https:\/\/omanivietnam.com\/\",\"name\":\"OMANI VI\u1ec6T NAM\",\"description\":\"Nh\u00e0 ph\u00e2n ph\u1ed1i thi\u1ebft b\u1ecb kh\u00ed n\u00e9n v\u00e0 thi\u1ebft b\u1ecb t\u1ef1 \u0111\u1ed9ng h\u00f3a trong c\u00f4ng nghi\u1ec7p\",\"publisher\":{\"@id\":\"https:\/\/omanivietnam.com\/#\/schema\/person\/0ad398a980dc3fd696111c2c5c8fa897\"},\"potentialAction\":[{\"@type\":\"SearchAction\",\"target\":{\"@type\":\"EntryPoint\",\"urlTemplate\":\"https:\/\/omanivietnam.com\/?s={search_term_string}\"},\"query-input\":\"required name=search_term_string\"}],\"inLanguage\":\"vi\"},{\"@type\":[\"Person\",\"Organization\"],\"@id\":\"https:\/\/omanivietnam.com\/#\/schema\/person\/0ad398a980dc3fd696111c2c5c8fa897\",\"name\":\"Nguy\u1ec5n V\u0103n Kh\u00e1nh\",\"image\":{\"@type\":\"ImageObject\",\"inLanguage\":\"vi\",\"@id\":\"https:\/\/omanivietnam.com\/#\/schema\/person\/image\/\",\"url\":\"https:\/\/omanivietnam.com\/wp-content\/uploads\/2024\/06\/logo-1024x1024.png\",\"contentUrl\":\"https:\/\/omanivietnam.com\/wp-content\/uploads\/2024\/06\/logo-1024x1024.png\",\"width\":1024,\"height\":1024,\"caption\":\"Nguy\u1ec5n V\u0103n Kh\u00e1nh\"},\"logo\":{\"@id\":\"https:\/\/omanivietnam.com\/#\/schema\/person\/image\/\"},\"sameAs\":[\"https:\/\/omanivietnam.com\"]}]}<\/script>\n<!-- \/ Yoast SEO plugin. -->","yoast_head_json":{"title":"ENDRESS+HAUSER FMP51-2C9V5\/0 FMP51-BCACCBUAA4AGJ+EBJA - OMANI VI\u1ec6T NAM","description":"ENDRESS+HAUSER FMP51-2C9V5\/0 FMP51-BCACCBUAA4AGJ+EBJA Guided radar measurement Time-of-Flight Levelflex","robots":{"index":"index","follow":"follow","max-snippet":"max-snippet:-1","max-image-preview":"max-image-preview:large","max-video-preview":"max-video-preview:-1"},"canonical":"https:\/\/omanivietnam.com\/index.php\/san-pham\/endresshauser-fmp51-2c9v5-0-fmp51-bcaccbuaa4agjebja\/","og_locale":"vi_VN","og_type":"article","og_title":"ENDRESS+HAUSER FMP51-2C9V5\/0 FMP51-BCACCBUAA4AGJ+EBJA - OMANI VI\u1ec6T NAM","og_description":"ENDRESS+HAUSER FMP51-2C9V5\/0 FMP51-BCACCBUAA4AGJ+EBJA Guided radar measurement Time-of-Flight Levelflex","og_url":"https:\/\/omanivietnam.com\/index.php\/san-pham\/endresshauser-fmp51-2c9v5-0-fmp51-bcaccbuaa4agjebja\/","og_site_name":"OMANI VI\u1ec6T NAM","article_modified_time":"2026-04-04T04:47:06+00:00","og_image":[{"width":559,"height":514,"url":"https:\/\/omanivietnam.com\/wp-content\/uploads\/2026\/04\/FMP51-BCACCBUAA4AGJEBJA.png","type":"image\/png"}],"twitter_card":"summary_large_image","twitter_misc":{"\u01af\u1edbc t\u00ednh th\u1eddi gian \u0111\u1ecdc":"3 ph\u00fat"},"schema":{"@context":"https:\/\/schema.org","@graph":[{"@type":"WebPage","@id":"https:\/\/omanivietnam.com\/index.php\/san-pham\/endresshauser-fmp51-2c9v5-0-fmp51-bcaccbuaa4agjebja\/","url":"https:\/\/omanivietnam.com\/index.php\/san-pham\/endresshauser-fmp51-2c9v5-0-fmp51-bcaccbuaa4agjebja\/","name":"ENDRESS+HAUSER FMP51-2C9V5\/0 FMP51-BCACCBUAA4AGJ+EBJA - OMANI VI\u1ec6T NAM","isPartOf":{"@id":"https:\/\/omanivietnam.com\/#website"},"primaryImageOfPage":{"@id":"https:\/\/omanivietnam.com\/index.php\/san-pham\/endresshauser-fmp51-2c9v5-0-fmp51-bcaccbuaa4agjebja\/#primaryimage"},"image":{"@id":"https:\/\/omanivietnam.com\/index.php\/san-pham\/endresshauser-fmp51-2c9v5-0-fmp51-bcaccbuaa4agjebja\/#primaryimage"},"thumbnailUrl":"https:\/\/omanivietnam.com\/wp-content\/uploads\/2026\/04\/FMP51-BCACCBUAA4AGJEBJA.png","datePublished":"2026-04-04T04:28:18+00:00","dateModified":"2026-04-04T04:47:06+00:00","description":"ENDRESS+HAUSER FMP51-2C9V5\/0 FMP51-BCACCBUAA4AGJ+EBJA Guided radar measurement Time-of-Flight Levelflex","breadcrumb":{"@id":"https:\/\/omanivietnam.com\/index.php\/san-pham\/endresshauser-fmp51-2c9v5-0-fmp51-bcaccbuaa4agjebja\/#breadcrumb"},"inLanguage":"vi","potentialAction":[{"@type":"ReadAction","target":["https:\/\/omanivietnam.com\/index.php\/san-pham\/endresshauser-fmp51-2c9v5-0-fmp51-bcaccbuaa4agjebja\/"]}]},{"@type":"ImageObject","inLanguage":"vi","@id":"https:\/\/omanivietnam.com\/index.php\/san-pham\/endresshauser-fmp51-2c9v5-0-fmp51-bcaccbuaa4agjebja\/#primaryimage","url":"https:\/\/omanivietnam.com\/wp-content\/uploads\/2026\/04\/FMP51-BCACCBUAA4AGJEBJA.png","contentUrl":"https:\/\/omanivietnam.com\/wp-content\/uploads\/2026\/04\/FMP51-BCACCBUAA4AGJEBJA.png","width":559,"height":514},{"@type":"BreadcrumbList","@id":"https:\/\/omanivietnam.com\/index.php\/san-pham\/endresshauser-fmp51-2c9v5-0-fmp51-bcaccbuaa4agjebja\/#breadcrumb","itemListElement":[{"@type":"ListItem","position":1,"name":"Home","item":"https:\/\/omanivietnam.com\/"},{"@type":"ListItem","position":2,"name":"S\u1ea2N PH\u1ea8M","item":"https:\/\/omanivietnam.com\/index.php\/cua-hang\/"},{"@type":"ListItem","position":3,"name":"ENDRESS+HAUSER FMP51-2C9V5\/0 FMP51-BCACCBUAA4AGJ+EBJA"}]},{"@type":"WebSite","@id":"https:\/\/omanivietnam.com\/#website","url":"https:\/\/omanivietnam.com\/","name":"OMANI VI\u1ec6T NAM","description":"Nh\u00e0 ph\u00e2n ph\u1ed1i thi\u1ebft b\u1ecb kh\u00ed n\u00e9n v\u00e0 thi\u1ebft b\u1ecb t\u1ef1 \u0111\u1ed9ng h\u00f3a trong c\u00f4ng nghi\u1ec7p","publisher":{"@id":"https:\/\/omanivietnam.com\/#\/schema\/person\/0ad398a980dc3fd696111c2c5c8fa897"},"potentialAction":[{"@type":"SearchAction","target":{"@type":"EntryPoint","urlTemplate":"https:\/\/omanivietnam.com\/?s={search_term_string}"},"query-input":"required name=search_term_string"}],"inLanguage":"vi"},{"@type":["Person","Organization"],"@id":"https:\/\/omanivietnam.com\/#\/schema\/person\/0ad398a980dc3fd696111c2c5c8fa897","name":"Nguy\u1ec5n V\u0103n Kh\u00e1nh","image":{"@type":"ImageObject","inLanguage":"vi","@id":"https:\/\/omanivietnam.com\/#\/schema\/person\/image\/","url":"https:\/\/omanivietnam.com\/wp-content\/uploads\/2024\/06\/logo-1024x1024.png","contentUrl":"https:\/\/omanivietnam.com\/wp-content\/uploads\/2024\/06\/logo-1024x1024.png","width":1024,"height":1024,"caption":"Nguy\u1ec5n V\u0103n Kh\u00e1nh"},"logo":{"@id":"https:\/\/omanivietnam.com\/#\/schema\/person\/image\/"},"sameAs":["https:\/\/omanivietnam.com"]}]}},"_links":{"self":[{"href":"https:\/\/omanivietnam.com\/index.php\/wp-json\/wp\/v2\/product\/4838","targetHints":{"allow":["GET"]}}],"collection":[{"href":"https:\/\/omanivietnam.com\/index.php\/wp-json\/wp\/v2\/product"}],"about":[{"href":"https:\/\/omanivietnam.com\/index.php\/wp-json\/wp\/v2\/types\/product"}],"replies":[{"embeddable":true,"href":"https:\/\/omanivietnam.com\/index.php\/wp-json\/wp\/v2\/comments?post=4838"}],"wp:featuredmedia":[{"embeddable":true,"href":"https:\/\/omanivietnam.com\/index.php\/wp-json\/wp\/v2\/media\/4839"}],"wp:attachment":[{"href":"https:\/\/omanivietnam.com\/index.php\/wp-json\/wp\/v2\/media?parent=4838"}],"wp:term":[{"taxonomy":"product_cat","embeddable":true,"href":"https:\/\/omanivietnam.com\/index.php\/wp-json\/wp\/v2\/product_cat?post=4838"},{"taxonomy":"product_tag","embeddable":true,"href":"https:\/\/omanivietnam.com\/index.php\/wp-json\/wp\/v2\/product_tag?post=4838"}],"curies":[{"name":"wp","href":"https:\/\/api.w.org\/{rel}","templated":true}]}}