{"id":4854,"date":"2026-04-10T21:23:39","date_gmt":"2026-04-10T14:23:39","guid":{"rendered":"https:\/\/omanivietnam.com\/?post_type=product&#038;p=4854"},"modified":"2026-04-10T21:25:06","modified_gmt":"2026-04-10T14:25:06","slug":"union-up400s24-f","status":"publish","type":"product","link":"https:\/\/omanivietnam.com\/index.php\/san-pham\/union-up400s24-f\/","title":{"rendered":"UNION UP400S24-F"},"content":{"rendered":"<div class=\"elementor-element elementor-element-7a2bd280 elementor-widget elementor-widget-woocommerce-product-title elementor-page-title elementor-widget-heading\" data-id=\"7a2bd280\" data-element_type=\"widget\" data-widget_type=\"woocommerce-product-title.default\">\n<div class=\"elementor-widget-container\">\n<p class=\"product_title entry-title elementor-heading-title elementor-size-default\">UNION UP400S24-F DC24V<\/p>\n<p class=\"product_title entry-title elementor-heading-title elementor-size-default\">B\u1ed9 ngu\u1ed3n Union UP400S24-F<\/p>\n<\/div>\n<\/div>\n<div class=\"elementor-element elementor-element-61ece648 elementor-widget elementor-widget-woocommerce-product-short-description\" data-id=\"61ece648\" data-element_type=\"widget\" data-widget_type=\"woocommerce-product-short-description.default\">\n<div class=\"elementor-widget-container\">\n<div class=\"woocommerce-product-details__short-description\">\n<p>B\u1ed9 ngu\u1ed3n Union UP400S24, Power Supply Union UP400S24-F<\/p>\n<p>H\u00e3ng s\u1ea3n xu\u1ea5t: Union Elecom<\/p>\n<p>Xu\u1ea5t x\u1ee9: H\u00e0n Qu\u1ed1c<\/p>\n<p>B\u1ed9 ngu\u1ed3n UP400S24-F DC24V 24V 400W \u0111\u01b0\u1ee3c s\u1eed d\u1ee5ng ph\u1ed5 bi\u1ebfn . C\u00e1c b\u1ed9 c\u1ea5p ngu\u1ed3n n\u00e0y \u0111\u01b0\u1ee3c thi\u1ebft k\u1ebf \u0111\u1ec3 chuy\u1ec3n \u0111\u1ed5i \u0111i\u1ec7n \u00e1p d\u00f2ng AC th\u00e0nh ngu\u1ed3n \u0111i\u1ec7n DC 24V ph\u00f9 h\u1ee3p \u0111\u1ec3 c\u1ea5p ngu\u1ed3n cho nhi\u1ec1u lo\u1ea1i m\u00e1y b\u01a1m. \u0110\u1ecbnh m\u1ee9c 400W cung c\u1ea5p \u0111\u1ee7 n\u0103ng l\u01b0\u1ee3ng \u0111\u1ec3 ho\u1ea1t \u0111\u1ed9ng v\u1edbi h\u1ea7u h\u1ebft c\u00e1c m\u00e1y b\u01a1m c\u1ee1 trung b\u00ecnh, trong khi \u0111\u1ea7u ra 24V \u0111\u1ea3m b\u1ea3o kh\u1ea3 n\u0103ng t\u01b0\u01a1ng th\u00edch v\u1edbi h\u1ea7u h\u1ebft m\u1ecdi m\u00e1y b\u01a1m tr\u00ean th\u1ecb tr\u01b0\u1eddng.<\/p>\n<\/div>\n<p>&nbsp;<\/p>\n<\/div>\n<table class=\"table\" border=\"1\" width=\"827\" cellspacing=\"1\" cellpadding=\"1\" align=\"center\">\n<tbody>\n<tr>\n<td colspan=\"2\">M\u1eabu s\u1ed1<\/p>\n<p>Tham s\u1ed1<\/td>\n<td>UP400S12<\/td>\n<td>UP400S24<\/td>\n<td>UP400S28<\/td>\n<td>UP400S36<\/td>\n<td>UP400S48<\/td>\n<td>UP400S60<\/td>\n<\/tr>\n<tr>\n<td colspan=\"1\" rowspan=\"11\">&nbsp;<\/p>\n<p>&nbsp;<\/p>\n<p>&nbsp;<\/p>\n<p>&nbsp;<\/p>\n<p>&nbsp;<\/p>\n<p>&nbsp;<\/p>\n<p>&nbsp;<\/p>\n<p>&nbsp;<\/p>\n<p>\u0111\u1ea7u ra<\/p>\n<p>&nbsp;<\/p>\n<p>&nbsp;<\/p>\n<p>&nbsp;<\/p>\n<p>&nbsp;<\/p>\n<p>&nbsp;<\/p>\n<p>&nbsp;<\/p>\n<p>&nbsp;<\/p>\n<p>&nbsp;<\/p>\n<p>&nbsp;<\/p>\n<p>&nbsp;<\/td>\n<td>\u0110i\u1ec7n \u00e1p \u0111\u1ea7u ra<\/td>\n<td>c\u1ed9ng th\u00eam 12V<\/td>\n<td>c\u1ed9ng v\u1edbi 24V<\/td>\n<td>c\u1ed9ng 28V<\/td>\n<td>c\u1ed9ng 36V<\/td>\n<td>c\u1ed9ng 48V<\/td>\n<td>c\u1ed9ng 60V<\/td>\n<\/tr>\n<tr>\n<td>\u0110\u00e1nh gi\u00e1 hi\u1ec7n t\u1ea1i<\/td>\n<td>33.4A<\/td>\n<td>16.7A<\/td>\n<td>14.3A<\/td>\n<td>11A<\/td>\n<td>8.3A<\/td>\n<td>6.7A<\/td>\n<\/tr>\n<tr>\n<td>ph\u1ea1m vi hi\u1ec7n t\u1ea1i<\/td>\n<td>0-33.4A<\/td>\n<td>0-16.7A<\/td>\n<td>0-14.3A<\/td>\n<td>0-11A<\/td>\n<td>0-8.3A<\/td>\n<td>0-6.7A<\/td>\n<\/tr>\n<tr>\n<td>C\u00f4ng su\u1ea5t \u0111\u1ecbnh m\u1ee9c (l\u00e0m m\u00e1t t\u1ef1 nhi\u00ean)<\/td>\n<td colspan=\"6\">350W<\/p>\n<p>&nbsp;<\/td>\n<\/tr>\n<tr>\n<td>C\u00f4ng su\u1ea5t \u0111\u1ecbnh m\u1ee9c (c\u00f3 qu\u1ea1t l\u00e0m m\u00e1t)<\/td>\n<td colspan=\"6\">400W<\/p>\n<p>&nbsp;<\/td>\n<\/tr>\n<tr>\n<td>G\u1ee3n s\u00f3ng<\/td>\n<td>200mVp-p<\/td>\n<td>240mVp-p<\/td>\n<td>280mVp-p<\/td>\n<td>360mVp-p<\/td>\n<td>480mVp-p<\/td>\n<td>600mVp-p<\/td>\n<\/tr>\n<tr>\n<td>Ph\u1ea1m vi \u0111i\u1ec7n \u00e1p \u0111\u1ea7u ra c\u00f3 th\u1ec3 \u0111i\u1ec1u ch\u1ec9nh<\/td>\n<td colspan=\"6\">\u00b15 ph\u1ea7n tr\u0103m<\/td>\n<\/tr>\n<tr>\n<td>\u0110\u1ed9 ch\u00ednh x\u00e1c \u0111\u1ea7u ra<\/td>\n<td colspan=\"6\">\u00b11 ph\u1ea7n tr\u0103m<\/td>\n<\/tr>\n<tr>\n<td>quy \u0111\u1ecbnh d\u00f2ng<\/td>\n<td colspan=\"6\">\u00b10.5 ph\u1ea7n tr\u0103m<\/td>\n<\/tr>\n<tr>\n<td>Quy \u0111\u1ecbnh t\u1ea3i<\/td>\n<td colspan=\"6\">\u00b10.5 ph\u1ea7n tr\u0103m<\/td>\n<\/tr>\n<tr>\n<td>Thi\u1ebft l\u1eadp, tr\u1ed7i d\u1eady, gi\u1eef \u0111\u00fang gi\u1edd<\/td>\n<td colspan=\"6\">500ms,50ms,5ms<\/td>\n<\/tr>\n<tr>\n<td colspan=\"1\" rowspan=\"7\">&nbsp;<\/p>\n<p>&nbsp;<\/p>\n<p>&nbsp;<\/p>\n<p>&nbsp;<\/p>\n<p>&nbsp;<\/p>\n<p>\u0110\u1ea7u v\u00e0o<\/p>\n<p>&nbsp;<\/p>\n<p>&nbsp;<\/p>\n<p>&nbsp;<\/p>\n<p>&nbsp;<\/p>\n<p>&nbsp;<\/p>\n<p>&nbsp;<\/td>\n<td>D\u1ea3i \u0111i\u1ec7n \u00e1p \u0111\u1ea7u v\u00e0o<\/td>\n<td colspan=\"6\">90-264V AC<\/td>\n<\/tr>\n<tr>\n<td>\u0110\u1ea7u v\u00e0o hi\u1ec7n t\u1ea1i<\/td>\n<td colspan=\"6\">3A @ 220V xoay chi\u1ec1u<\/td>\n<\/tr>\n<tr>\n<td>T\u00ednh th\u01b0\u1eddng xuy\u00ean<\/td>\n<td colspan=\"6\">47-63 Hz<\/td>\n<\/tr>\n<tr>\n<td>Hi\u1ec7u qu\u1ea3<\/td>\n<td>90 ph\u1ea7n tr\u0103m<\/td>\n<td>92 ph\u1ea7n tr\u0103m<\/td>\n<td>93 ph\u1ea7n tr\u0103m<\/td>\n<td>93 ph\u1ea7n tr\u0103m<\/td>\n<td>93 ph\u1ea7n tr\u0103m<\/td>\n<td>93 ph\u1ea7n tr\u0103m<\/td>\n<\/tr>\n<tr>\n<td>H\u1ec7 s\u1ed1 c\u00f4ng su\u1ea5t<\/td>\n<td colspan=\"6\">&gt;0.99@110V;&gt;0.95@220V<\/td>\n<\/tr>\n<tr>\n<td>x\u00e2m nh\u1eadp hi\u1ec7n t\u1ea1i<\/td>\n<td colspan=\"6\">Kh\u1edfi \u0111\u1ed9ng ngu\u1ed9i 15A\/115V,30A\/230V<\/td>\n<\/tr>\n<tr>\n<td>S\u1ef1 r\u00f2 r\u1ec9<\/td>\n<td colspan=\"6\">&lt;3.5mA@240V AC<\/td>\n<\/tr>\n<tr>\n<td colspan=\"1\" rowspan=\"3\">&nbsp;<\/p>\n<p>&nbsp;<\/p>\n<p>S\u1ef1 b\u1ea3o v\u1ec7<\/p>\n<p>&nbsp;<\/td>\n<td>B\u1ea3o v\u1ec7 qu\u00e1 t\u1ea3i<\/td>\n<td colspan=\"6\">110~200 ph\u1ea7n tr\u0103m, B\u1ea3o v\u1ec7 n\u1ea5c c\u1ee5t, ph\u1ee5c h\u1ed3i t\u1ef1 \u0111\u1ed9ng<\/td>\n<\/tr>\n<tr>\n<td>B\u1ea3o v\u1ec7 qu\u00e1 \u0111i\u1ec7n \u00e1p \u0111\u1ea7u ra<\/td>\n<td>15-18V<\/td>\n<td>28-33V<\/td>\n<td>32-36V<\/td>\n<td>42-46V<\/td>\n<td>55-60V<\/td>\n<td>70~80V<\/td>\n<\/tr>\n<tr>\n<td>Nhi\u1ec7t \u0111\u1ed9 cao. s\u1ef1 b\u1ea3o v\u1ec7<\/td>\n<td colspan=\"6\">The cover temp.&gt;105 \u0111\u1ed9, im l\u1eb7ng, ph\u1ee5c h\u1ed3i t\u1ef1 \u0111\u1ed9ng<\/td>\n<\/tr>\n<tr>\n<td colspan=\"1\" rowspan=\"4\">&nbsp;<\/p>\n<p>&nbsp;<\/p>\n<p>&nbsp;<\/p>\n<p>M\u00f4i tr\u01b0\u1eddng<\/p>\n<p>&nbsp;<\/td>\n<td>Nhi\u1ec7t \u0111\u1ed9 l\u00e0m vi\u1ec7c, \u0111\u1ed9 \u1ea9m<\/td>\n<td colspan=\"6\">-20~60 \u0111\u1ed9, 10~90 ph\u1ea7n tr\u0103m RH, Kh\u00f4ng ng\u01b0ng t\u1ee5<\/td>\n<\/tr>\n<tr>\n<td>nhi\u1ec7t \u0111\u1ed9 b\u1ea3o qu\u1ea3n, \u0111\u1ed9 \u1ea9m<\/td>\n<td colspan=\"6\">-20~85 \u0111\u1ed9, 10~95 ph\u1ea7n tr\u0103m RH<\/td>\n<\/tr>\n<tr>\n<td>nhi\u1ec7t \u0111\u1ed9 tr\u00f4i<\/td>\n<td colspan=\"6\">\u00b1{{0}}.03 ph\u1ea7n tr\u0103m \/ \u0111\u1ed9 (0~50 \u0111\u1ed9 )<\/td>\n<\/tr>\n<tr>\n<td>Rung \u0111\u1ed9ng<\/td>\n<td colspan=\"6\">10~500Hz, 2G 10 ph\u00fat\/1 chu k\u1ef3, TH\u1edcI GIAN 60 ph\u00fat. M\u1ed6I TR\u1ee4C<\/td>\n<\/tr>\n<tr>\n<td colspan=\"1\" rowspan=\"4\">&nbsp;<\/p>\n<p>&nbsp;<\/p>\n<p>Ti\u00eau chu\u1ea9n an to\u00e0n &amp; EMC<\/p>\n<p>&nbsp;<\/td>\n<td>Ti\u00eau chu\u1ea9n an to\u00e0n<\/td>\n<td colspan=\"6\"><strong>GB4943,EN60950-1:2006<\/strong><\/td>\n<\/tr>\n<tr>\n<td>ch\u1ecbu \u0111\u01b0\u1ee3c \u0111i\u1ec7n \u00e1p<\/td>\n<td colspan=\"6\">I\/PO\/P:3KVAC; I\/P-FG:1.5KVAC; O\/P-FG:500VAC<\/td>\n<\/tr>\n<tr>\n<td>V\u1eadt li\u1ec7u ch\u1ed1ng \u0111i\u1ec7n<\/td>\n<td colspan=\"6\">I\/PO\/P, I\/P-FG, O\/P-FG:500VDC \/ 100M Ohms<\/td>\n<\/tr>\n<tr>\n<td>Ti\u00eau chu\u1ea9n EMC<\/td>\n<td colspan=\"6\"><strong>EN550<\/strong><strong>15<\/strong><strong>L\u1edaP H\u1eccC<\/strong><strong>B<\/strong><strong>; VI61000-3-2<\/strong><\/td>\n<\/tr>\n<tr>\n<td colspan=\"1\" rowspan=\"2\">&nbsp;<\/p>\n<p>Ng\u01b0\u1eddi kh\u00e1c<\/td>\n<td>K\u00edch th\u01b0\u1edbc<\/td>\n<td colspan=\"6\">127*82*39mm<\/td>\n<\/tr>\n<tr>\n<td>C\u00e2n n\u1eb7ng<\/td>\n<td colspan=\"6\">0.6Kg<\/td>\n<\/tr>\n<\/tbody>\n<\/table>\n<p>M\u1ed9t s\u1ed1 d\u00f2ng b\u1ed9 ngu\u1ed3n Union:<\/p>\n<table border=\"0\" cellspacing=\"0\" cellpadding=\"0\">\n<colgroup>\n<col width=\"99\" \/><\/colgroup>\n<tbody>\n<tr>\n<td class=\"xl65\" width=\"99\" height=\"19\">UP15S05<\/td>\n<\/tr>\n<tr>\n<td class=\"xl65\" height=\"19\">UP15S09<\/td>\n<\/tr>\n<tr>\n<td class=\"xl65\" height=\"19\">UP15S12<\/td>\n<\/tr>\n<tr>\n<td class=\"xl65\" height=\"19\">UP15S15<\/td>\n<\/tr>\n<tr>\n<td class=\"xl65\" height=\"19\">UP15S24<\/td>\n<\/tr>\n<tr>\n<td class=\"xl65\" height=\"19\">UP30S05<\/td>\n<\/tr>\n<tr>\n<td class=\"xl65\" height=\"19\">UP30S09<\/td>\n<\/tr>\n<tr>\n<td class=\"xl65\" height=\"19\">UP30S12<\/td>\n<\/tr>\n<tr>\n<td class=\"xl65\" height=\"19\">UP30S15<\/td>\n<\/tr>\n<tr>\n<td class=\"xl65\" height=\"19\">UP30S24<\/td>\n<\/tr>\n<tr>\n<td class=\"xl65\" height=\"19\">UP50S05<\/td>\n<\/tr>\n<tr>\n<td class=\"xl65\" height=\"19\">UP50S09<\/td>\n<\/tr>\n<tr>\n<td class=\"xl65\" height=\"19\">UP50S12<\/td>\n<\/tr>\n<tr>\n<td class=\"xl65\" height=\"19\">UP50S15<\/td>\n<\/tr>\n<tr>\n<td class=\"xl65\" height=\"19\">UP50S24<\/td>\n<\/tr>\n<tr>\n<td class=\"xl65\" height=\"19\">UP75S05<\/td>\n<\/tr>\n<tr>\n<td class=\"xl65\" height=\"19\">UP75S12<\/td>\n<\/tr>\n<tr>\n<td class=\"xl65\" height=\"19\">UP75S15<\/td>\n<\/tr>\n<tr>\n<td class=\"xl65\" height=\"19\">UP75S24<\/td>\n<\/tr>\n<tr>\n<td class=\"xl65\" height=\"19\">UP100S12<\/td>\n<\/tr>\n<tr>\n<td class=\"xl65\" height=\"19\">UP100S15<\/td>\n<\/tr>\n<tr>\n<td class=\"xl65\" height=\"19\">UP100S24<\/td>\n<\/tr>\n<tr>\n<td class=\"xl65\" height=\"19\">UP150S05<\/td>\n<\/tr>\n<tr>\n<td class=\"xl65\" height=\"19\">UP150S12<\/td>\n<\/tr>\n<tr>\n<td class=\"xl65\" height=\"19\">UP150S15<\/td>\n<\/tr>\n<tr>\n<td class=\"xl65\" height=\"19\">UP150S24<\/td>\n<\/tr>\n<tr>\n<td class=\"xl65\" height=\"19\">UP200S12<\/td>\n<\/tr>\n<tr>\n<td class=\"xl65\" height=\"19\">UP200S15<\/td>\n<\/tr>\n<tr>\n<td class=\"xl65\" height=\"19\">UP200S24<\/td>\n<\/tr>\n<tr>\n<td class=\"xl65\" height=\"19\">UP220S12<\/td>\n<\/tr>\n<tr>\n<td class=\"xl65\" height=\"19\">UP220S15<\/td>\n<\/tr>\n<tr>\n<td class=\"xl65\" height=\"19\">UP220S24<\/td>\n<\/tr>\n<tr>\n<td class=\"xl65\" height=\"19\">UP300S12<\/td>\n<\/tr>\n<tr>\n<td class=\"xl65\" height=\"19\">UP300S24<\/td>\n<\/tr>\n<tr>\n<td class=\"xl65\" height=\"19\">UP400S12<\/td>\n<\/tr>\n<tr>\n<td class=\"xl65\" height=\"19\">UP400S24<\/td>\n<\/tr>\n<tr>\n<td class=\"xl65\" height=\"19\">UP500S12<\/td>\n<\/tr>\n<tr>\n<td class=\"xl65\" height=\"19\">UP500S24<\/td>\n<\/tr>\n<tr>\n<td class=\"xl65\" height=\"19\">UP600S12<\/td>\n<\/tr>\n<tr>\n<td class=\"xl65\" height=\"19\">UP600S24<\/td>\n<\/tr>\n<tr>\n<td class=\"xl65\" height=\"19\">UP750S12<\/td>\n<\/tr>\n<tr>\n<td class=\"xl65\" height=\"19\">UP750S24<\/td>\n<\/tr>\n<tr>\n<td class=\"xl65\" height=\"19\">UP850S12<\/td>\n<\/tr>\n<tr>\n<td class=\"xl65\" height=\"19\">UP850S24<\/td>\n<\/tr>\n<tr>\n<td class=\"xl65\" height=\"19\">UP1000S12<\/td>\n<\/tr>\n<tr>\n<td class=\"xl65\" height=\"19\">UP1000S24<\/td>\n<\/tr>\n<tr>\n<td class=\"xl65\" height=\"19\">UP1200S12<\/td>\n<\/tr>\n<tr>\n<td class=\"xl65\" height=\"19\">UP1200S24<\/td>\n<\/tr>\n<tr>\n<td class=\"xl65\" height=\"19\">UP1500S24<\/td>\n<\/tr>\n<tr>\n<td class=\"xl66\" height=\"19\">UP400S24-F<\/td>\n<\/tr>\n<\/tbody>\n<\/table>\n<p>\u0110\u1ea1i l\u00fd UNION vietnam, UNION viet nam, UNION vietnam distributor, Ph\u00e2n ph\u1ed1iUNION t\u1ea1i vi\u1ec7t nam<\/p>\n<p>\u0110\u1ea1i l\u00fd UNION vietnam, UNION viet nam, UNION vietnam distributor, Ph\u00e2n ph\u1ed1iUNION t\u1ea1i vi\u1ec7t nam<\/p>\n<p>\u0110\u1ea1i l\u00fd UNION vietnam, UNION viet nam, UNION vietnam distributor, Ph\u00e2n ph\u1ed1iUNION t\u1ea1i vi\u1ec7t nam<\/p>\n<\/div>\n","protected":false},"excerpt":{"rendered":"<p>UNION UP400S24-F DC24V B\u1ed9 ngu\u1ed3n Union UP400S24-F B\u1ed9 ngu\u1ed3n Union UP400S24, Power Supply Union UP400S24-F H\u00e3ng s\u1ea3n xu\u1ea5t: Union Elecom Xu\u1ea5t x\u1ee9: H\u00e0n Qu\u1ed1c B\u1ed9 ngu\u1ed3n UP400S24-F DC24V 24V 400W \u0111\u01b0\u1ee3c s\u1eed d\u1ee5ng ph\u1ed5 bi\u1ebfn . C\u00e1c b\u1ed9 c\u1ea5p ngu\u1ed3n n\u00e0y \u0111\u01b0\u1ee3c thi\u1ebft k\u1ebf \u0111\u1ec3 chuy\u1ec3n \u0111\u1ed5i \u0111i\u1ec7n \u00e1p d\u00f2ng&hellip; <\/p>\n","protected":false},"featured_media":4855,"comment_status":"open","ping_status":"closed","template":"","meta":[],"product_cat":[372],"product_tag":[221,374,373],"class_list":{"0":"post-4854","1":"product","2":"type-product","3":"status-publish","4":"has-post-thumbnail","6":"product_cat-union","7":"product_tag-bo-nguon","8":"product_tag-dai-ly-union-viet-nam","9":"product_tag-union-viet-nam","11":"first","12":"instock","13":"shipping-taxable","14":"product-type-simple"},"yoast_head":"<!-- This site is optimized with the Yoast SEO plugin v22.8 - https:\/\/yoast.com\/wordpress\/plugins\/seo\/ -->\n<title>UNION UP400S24-F - OMANI VI\u1ec6T NAM<\/title>\n<meta name=\"description\" content=\"UNION UP400S24-F Power Supply\" \/>\n<meta name=\"robots\" content=\"index, follow, max-snippet:-1, max-image-preview:large, max-video-preview:-1\" \/>\n<link rel=\"canonical\" href=\"https:\/\/omanivietnam.com\/index.php\/san-pham\/union-up400s24-f\/\" \/>\n<meta property=\"og:locale\" content=\"vi_VN\" \/>\n<meta property=\"og:type\" content=\"article\" \/>\n<meta property=\"og:title\" content=\"UNION UP400S24-F - OMANI VI\u1ec6T NAM\" \/>\n<meta property=\"og:description\" content=\"UNION UP400S24-F Power Supply\" \/>\n<meta property=\"og:url\" content=\"https:\/\/omanivietnam.com\/index.php\/san-pham\/union-up400s24-f\/\" \/>\n<meta property=\"og:site_name\" content=\"OMANI VI\u1ec6T NAM\" \/>\n<meta property=\"article:modified_time\" content=\"2026-04-10T14:25:06+00:00\" \/>\n<meta property=\"og:image\" content=\"https:\/\/omanivietnam.com\/wp-content\/uploads\/2026\/04\/UP400S24-F.png\" \/>\n\t<meta property=\"og:image:width\" content=\"563\" \/>\n\t<meta property=\"og:image:height\" content=\"759\" \/>\n\t<meta property=\"og:image:type\" content=\"image\/png\" \/>\n<meta name=\"twitter:card\" content=\"summary_large_image\" \/>\n<meta name=\"twitter:label1\" content=\"\u01af\u1edbc t\u00ednh th\u1eddi gian \u0111\u1ecdc\" \/>\n\t<meta name=\"twitter:data1\" content=\"4 ph\u00fat\" \/>\n<script type=\"application\/ld+json\" class=\"yoast-schema-graph\">{\"@context\":\"https:\/\/schema.org\",\"@graph\":[{\"@type\":\"WebPage\",\"@id\":\"https:\/\/omanivietnam.com\/index.php\/san-pham\/union-up400s24-f\/\",\"url\":\"https:\/\/omanivietnam.com\/index.php\/san-pham\/union-up400s24-f\/\",\"name\":\"UNION UP400S24-F - OMANI VI\u1ec6T NAM\",\"isPartOf\":{\"@id\":\"https:\/\/omanivietnam.com\/#website\"},\"primaryImageOfPage\":{\"@id\":\"https:\/\/omanivietnam.com\/index.php\/san-pham\/union-up400s24-f\/#primaryimage\"},\"image\":{\"@id\":\"https:\/\/omanivietnam.com\/index.php\/san-pham\/union-up400s24-f\/#primaryimage\"},\"thumbnailUrl\":\"https:\/\/omanivietnam.com\/wp-content\/uploads\/2026\/04\/UP400S24-F.png\",\"datePublished\":\"2026-04-10T14:23:39+00:00\",\"dateModified\":\"2026-04-10T14:25:06+00:00\",\"description\":\"UNION UP400S24-F Power Supply\",\"breadcrumb\":{\"@id\":\"https:\/\/omanivietnam.com\/index.php\/san-pham\/union-up400s24-f\/#breadcrumb\"},\"inLanguage\":\"vi\",\"potentialAction\":[{\"@type\":\"ReadAction\",\"target\":[\"https:\/\/omanivietnam.com\/index.php\/san-pham\/union-up400s24-f\/\"]}]},{\"@type\":\"ImageObject\",\"inLanguage\":\"vi\",\"@id\":\"https:\/\/omanivietnam.com\/index.php\/san-pham\/union-up400s24-f\/#primaryimage\",\"url\":\"https:\/\/omanivietnam.com\/wp-content\/uploads\/2026\/04\/UP400S24-F.png\",\"contentUrl\":\"https:\/\/omanivietnam.com\/wp-content\/uploads\/2026\/04\/UP400S24-F.png\",\"width\":563,\"height\":759},{\"@type\":\"BreadcrumbList\",\"@id\":\"https:\/\/omanivietnam.com\/index.php\/san-pham\/union-up400s24-f\/#breadcrumb\",\"itemListElement\":[{\"@type\":\"ListItem\",\"position\":1,\"name\":\"Home\",\"item\":\"https:\/\/omanivietnam.com\/\"},{\"@type\":\"ListItem\",\"position\":2,\"name\":\"S\u1ea2N PH\u1ea8M\",\"item\":\"https:\/\/omanivietnam.com\/index.php\/cua-hang\/\"},{\"@type\":\"ListItem\",\"position\":3,\"name\":\"UNION UP400S24-F\"}]},{\"@type\":\"WebSite\",\"@id\":\"https:\/\/omanivietnam.com\/#website\",\"url\":\"https:\/\/omanivietnam.com\/\",\"name\":\"OMANI VI\u1ec6T NAM\",\"description\":\"Nh\u00e0 ph\u00e2n ph\u1ed1i thi\u1ebft b\u1ecb kh\u00ed n\u00e9n v\u00e0 thi\u1ebft b\u1ecb t\u1ef1 \u0111\u1ed9ng h\u00f3a trong c\u00f4ng nghi\u1ec7p\",\"publisher\":{\"@id\":\"https:\/\/omanivietnam.com\/#\/schema\/person\/0ad398a980dc3fd696111c2c5c8fa897\"},\"potentialAction\":[{\"@type\":\"SearchAction\",\"target\":{\"@type\":\"EntryPoint\",\"urlTemplate\":\"https:\/\/omanivietnam.com\/?s={search_term_string}\"},\"query-input\":\"required name=search_term_string\"}],\"inLanguage\":\"vi\"},{\"@type\":[\"Person\",\"Organization\"],\"@id\":\"https:\/\/omanivietnam.com\/#\/schema\/person\/0ad398a980dc3fd696111c2c5c8fa897\",\"name\":\"Nguy\u1ec5n V\u0103n Kh\u00e1nh\",\"image\":{\"@type\":\"ImageObject\",\"inLanguage\":\"vi\",\"@id\":\"https:\/\/omanivietnam.com\/#\/schema\/person\/image\/\",\"url\":\"https:\/\/omanivietnam.com\/wp-content\/uploads\/2024\/06\/logo-1024x1024.png\",\"contentUrl\":\"https:\/\/omanivietnam.com\/wp-content\/uploads\/2024\/06\/logo-1024x1024.png\",\"width\":1024,\"height\":1024,\"caption\":\"Nguy\u1ec5n V\u0103n Kh\u00e1nh\"},\"logo\":{\"@id\":\"https:\/\/omanivietnam.com\/#\/schema\/person\/image\/\"},\"sameAs\":[\"https:\/\/omanivietnam.com\"]}]}<\/script>\n<!-- \/ Yoast SEO plugin. -->","yoast_head_json":{"title":"UNION UP400S24-F - OMANI VI\u1ec6T NAM","description":"UNION UP400S24-F Power Supply","robots":{"index":"index","follow":"follow","max-snippet":"max-snippet:-1","max-image-preview":"max-image-preview:large","max-video-preview":"max-video-preview:-1"},"canonical":"https:\/\/omanivietnam.com\/index.php\/san-pham\/union-up400s24-f\/","og_locale":"vi_VN","og_type":"article","og_title":"UNION UP400S24-F - OMANI VI\u1ec6T NAM","og_description":"UNION UP400S24-F Power Supply","og_url":"https:\/\/omanivietnam.com\/index.php\/san-pham\/union-up400s24-f\/","og_site_name":"OMANI VI\u1ec6T NAM","article_modified_time":"2026-04-10T14:25:06+00:00","og_image":[{"width":563,"height":759,"url":"https:\/\/omanivietnam.com\/wp-content\/uploads\/2026\/04\/UP400S24-F.png","type":"image\/png"}],"twitter_card":"summary_large_image","twitter_misc":{"\u01af\u1edbc t\u00ednh th\u1eddi gian \u0111\u1ecdc":"4 ph\u00fat"},"schema":{"@context":"https:\/\/schema.org","@graph":[{"@type":"WebPage","@id":"https:\/\/omanivietnam.com\/index.php\/san-pham\/union-up400s24-f\/","url":"https:\/\/omanivietnam.com\/index.php\/san-pham\/union-up400s24-f\/","name":"UNION UP400S24-F - OMANI VI\u1ec6T NAM","isPartOf":{"@id":"https:\/\/omanivietnam.com\/#website"},"primaryImageOfPage":{"@id":"https:\/\/omanivietnam.com\/index.php\/san-pham\/union-up400s24-f\/#primaryimage"},"image":{"@id":"https:\/\/omanivietnam.com\/index.php\/san-pham\/union-up400s24-f\/#primaryimage"},"thumbnailUrl":"https:\/\/omanivietnam.com\/wp-content\/uploads\/2026\/04\/UP400S24-F.png","datePublished":"2026-04-10T14:23:39+00:00","dateModified":"2026-04-10T14:25:06+00:00","description":"UNION UP400S24-F Power Supply","breadcrumb":{"@id":"https:\/\/omanivietnam.com\/index.php\/san-pham\/union-up400s24-f\/#breadcrumb"},"inLanguage":"vi","potentialAction":[{"@type":"ReadAction","target":["https:\/\/omanivietnam.com\/index.php\/san-pham\/union-up400s24-f\/"]}]},{"@type":"ImageObject","inLanguage":"vi","@id":"https:\/\/omanivietnam.com\/index.php\/san-pham\/union-up400s24-f\/#primaryimage","url":"https:\/\/omanivietnam.com\/wp-content\/uploads\/2026\/04\/UP400S24-F.png","contentUrl":"https:\/\/omanivietnam.com\/wp-content\/uploads\/2026\/04\/UP400S24-F.png","width":563,"height":759},{"@type":"BreadcrumbList","@id":"https:\/\/omanivietnam.com\/index.php\/san-pham\/union-up400s24-f\/#breadcrumb","itemListElement":[{"@type":"ListItem","position":1,"name":"Home","item":"https:\/\/omanivietnam.com\/"},{"@type":"ListItem","position":2,"name":"S\u1ea2N PH\u1ea8M","item":"https:\/\/omanivietnam.com\/index.php\/cua-hang\/"},{"@type":"ListItem","position":3,"name":"UNION UP400S24-F"}]},{"@type":"WebSite","@id":"https:\/\/omanivietnam.com\/#website","url":"https:\/\/omanivietnam.com\/","name":"OMANI VI\u1ec6T NAM","description":"Nh\u00e0 ph\u00e2n ph\u1ed1i thi\u1ebft b\u1ecb kh\u00ed n\u00e9n v\u00e0 thi\u1ebft b\u1ecb t\u1ef1 \u0111\u1ed9ng h\u00f3a trong c\u00f4ng nghi\u1ec7p","publisher":{"@id":"https:\/\/omanivietnam.com\/#\/schema\/person\/0ad398a980dc3fd696111c2c5c8fa897"},"potentialAction":[{"@type":"SearchAction","target":{"@type":"EntryPoint","urlTemplate":"https:\/\/omanivietnam.com\/?s={search_term_string}"},"query-input":"required name=search_term_string"}],"inLanguage":"vi"},{"@type":["Person","Organization"],"@id":"https:\/\/omanivietnam.com\/#\/schema\/person\/0ad398a980dc3fd696111c2c5c8fa897","name":"Nguy\u1ec5n V\u0103n Kh\u00e1nh","image":{"@type":"ImageObject","inLanguage":"vi","@id":"https:\/\/omanivietnam.com\/#\/schema\/person\/image\/","url":"https:\/\/omanivietnam.com\/wp-content\/uploads\/2024\/06\/logo-1024x1024.png","contentUrl":"https:\/\/omanivietnam.com\/wp-content\/uploads\/2024\/06\/logo-1024x1024.png","width":1024,"height":1024,"caption":"Nguy\u1ec5n V\u0103n Kh\u00e1nh"},"logo":{"@id":"https:\/\/omanivietnam.com\/#\/schema\/person\/image\/"},"sameAs":["https:\/\/omanivietnam.com"]}]}},"_links":{"self":[{"href":"https:\/\/omanivietnam.com\/index.php\/wp-json\/wp\/v2\/product\/4854","targetHints":{"allow":["GET"]}}],"collection":[{"href":"https:\/\/omanivietnam.com\/index.php\/wp-json\/wp\/v2\/product"}],"about":[{"href":"https:\/\/omanivietnam.com\/index.php\/wp-json\/wp\/v2\/types\/product"}],"replies":[{"embeddable":true,"href":"https:\/\/omanivietnam.com\/index.php\/wp-json\/wp\/v2\/comments?post=4854"}],"wp:featuredmedia":[{"embeddable":true,"href":"https:\/\/omanivietnam.com\/index.php\/wp-json\/wp\/v2\/media\/4855"}],"wp:attachment":[{"href":"https:\/\/omanivietnam.com\/index.php\/wp-json\/wp\/v2\/media?parent=4854"}],"wp:term":[{"taxonomy":"product_cat","embeddable":true,"href":"https:\/\/omanivietnam.com\/index.php\/wp-json\/wp\/v2\/product_cat?post=4854"},{"taxonomy":"product_tag","embeddable":true,"href":"https:\/\/omanivietnam.com\/index.php\/wp-json\/wp\/v2\/product_tag?post=4854"}],"curies":[{"name":"wp","href":"https:\/\/api.w.org\/{rel}","templated":true}]}}