{"id":4856,"date":"2026-04-10T21:46:21","date_gmt":"2026-04-10T14:46:21","guid":{"rendered":"https:\/\/omanivietnam.com\/?post_type=product&#038;p=4856"},"modified":"2026-04-10T21:47:24","modified_gmt":"2026-04-10T14:47:24","slug":"rosemount-644hwnaf5q4","status":"publish","type":"product","link":"https:\/\/omanivietnam.com\/index.php\/san-pham\/rosemount-644hwnaf5q4\/","title":{"rendered":"ROSEMOUNT 644HWNAF5Q4"},"content":{"rendered":"<p>ROSEMOUNT 644HWNAF5Q4<\/p>\n<p>Temperature Transmitter 644HWNAF5Q4 revised to 644HWNAJ6F5Q4 ( Rosemount )<\/p>\n<p><strong>Rosemount\u00a0 644HWNAF5Q4J6<\/strong><\/p>\n<div class=\"top namePartPriceContainer\">\n<div class=\"field_group ev-prd-sku\"><\/div>\n<\/div>\n<p>Rosemount\u2122 644 Temperature Transmitter<\/p>\n<p>\u0110\u01b0\u1ee3c thi\u1ebft k\u1ebf \u0111\u1ec3 c\u00f3 t\u00ednh linh ho\u1ea1t, B\u1ed9 truy\u1ec1n nhi\u1ec7t \u0111\u1ed9 Rosemount 644 c\u00f3 s\u1eb5n v\u1edbi c\u00e1c giao th\u1ee9c HART\u00ae, FOUNDATION \u2122 Fieldbus ho\u1eb7c PROFIBUS\u00ae trong c\u00e1c ki\u1ec3u g\u1eafn \u0111\u1ea7u, tr\u01b0\u1eddng ho\u1eb7c \u0111\u01b0\u1eddng ray v\u00e0 nhi\u1ec1u t\u00f9y ch\u1ecdn bao quanh. B\u1eb1ng c\u00e1ch th\u00eam Giao di\u1ec7n nh\u00e0 \u0111i\u1ec1u h\u00e0nh c\u1ee5c b\u1ed9 (LOI), b\u1ea1n c\u00f3 th\u1ec3 c\u1eadp nh\u1eadt c\u1ea5u h\u00ecnh m\u00e1y ph\u00e1t c\u1ee7a m\u00ecnh trong tr\u01b0\u1eddng m\u00e0 kh\u00f4ng c\u1ea7n c\u00f4ng c\u1ee5. \u0110\u1ed1i v\u1edbi c\u00e1c y\u00eau c\u1ea7u \u1ee9ng d\u1ee5ng \u0111a d\u1ea1ng, b\u1ed9 ph\u00e1t n\u00e0y bao g\u1ed3m c\u00e1c kh\u1ea3 n\u0103ng ch\u1ea9n \u0111o\u00e1n, ch\u1eb3ng h\u1ea1n nh\u01b0 kh\u1ea3 n\u0103ng Hot Backup \u2122, c\u1ea3nh b\u00e1o \u0111\u1ed9 l\u1ec7ch c\u1ea3m bi\u1ebfn v\u00e0 suy gi\u1ea3m c\u1eb7p nhi\u1ec7t \u0111i\u1ec7n.<\/p>\n<p><strong>Th\u00f4ng s\u1ed1 k\u1ef9 thu\u1eadt<\/strong><br \/>\n\u0110\u1ea7u v\u00e0o Kh\u1ea3 n\u0103ng c\u1ea3m bi\u1ebfn k\u00e9p v\u00e0 \u0111\u01a1n v\u1edbi c\u00e1c \u0111\u1ea7u v\u00e0o c\u1ea3m bi\u1ebfn \u0111a n\u0103ng (RTD, T \/ C, mV, ohms)<br \/>\nT\u00edn hi\u1ec7u \u0111\u1ea7u ra Giao th\u1ee9c 4-20 mA \/ HART\u00ae, giao th\u1ee9c bus tr\u01b0\u1eddng FOUNDATION \u2122, giao th\u1ee9c PROFIBUS\u00ae PA<br \/>\nHousingField mount, DIN A head mount ho\u1eb7c rail mount<br \/>\nM\u00e0n h\u00ecnh \/ Giao di\u1ec7n M\u00e0n h\u00ecnh LCD, M\u00e0n h\u00ecnh LCD v\u1edbi Giao di\u1ec7n Nh\u00e0 \u0111i\u1ec1u h\u00e0nh C\u1ee5c b\u1ed9 (LOI) ho\u1eb7c LED<br \/>\nCh\u1ea9n \u0111o\u00e1n Ch\u1ea9n \u0111o\u00e1n c\u01a1 b\u1ea3n, kh\u1ea3 n\u0103ng Hot Backup \u2122, c\u1ea3nh b\u00e1o \u0111\u1ed9 l\u1ec7ch c\u1ea3m bi\u1ebfn, suy gi\u1ea3m c\u1eb7p nhi\u1ec7t \u0111i\u1ec7n, theo d\u00f5i t\u1ed1i thi\u1ec3u \/ t\u1ed1i \u0111a<br \/>\nC\u00e1c t\u00f9y ch\u1ecdn hi\u1ec7u chu\u1ea9n Kh\u1edbp m\u00e1y ph\u00e1t-c\u1ea3m bi\u1ebfn (h\u1eb1ng s\u1ed1 Callendar-Van Dusen), hi\u1ec7u chu\u1ea9n 5 \u0111i\u1ec3m<br \/>\nCh\u1ee9ng nh\u1eadn \/ Ph\u00ea duy\u1ec7tSIL 2\/3 \u0111\u01b0\u1ee3c ch\u1ee9ng nh\u1eadn theo ti\u00eau chu\u1ea9n IEC 61508 b\u1edfi b\u00ean th\u1ee9 3 \u0111\u1ed9c l\u1eadp, v\u1ecb tr\u00ed nguy hi\u1ec3m, lo\u1ea1i bi\u1ec3n, xem th\u00f4ng s\u1ed1 k\u1ef9 thu\u1eadt \u0111\u1ea7y \u0111\u1ee7 \u0111\u1ec3 bi\u1ebft danh s\u00e1ch \u0111\u1ea7y \u0111\u1ee7 c\u00e1c ch\u1ee9ng nh\u1eadn<br \/>\n<strong>\u0110\u1eb7c tr\u01b0ng<\/strong><br \/>\nB\u1ed9 ph\u00e1t nhi\u1ec7t \u0111\u1ed9 c\u1ef1c k\u1ef3 linh ho\u1ea1t c\u00f3 s\u1eb5n trong c\u00e1c giao th\u1ee9c HART\u00ae, FOUNDATION \u2122 Fieldbus ho\u1eb7c PROFIBUS\u00ae<br \/>\nC\u00e1c c\u1ea5u h\u00ecnh l\u1eafp \u0111\u1eb7t \u0111a d\u1ea1ng bao g\u1ed3m \u0111\u1ea7u, tr\u01b0\u1eddng ho\u1eb7c g\u1eafn ray v\u1edbi nhi\u1ec1u t\u00f9y ch\u1ecdn bao v\u00e2y<br \/>\nT\u00f9y ch\u1ecdn LOI lo\u1ea1i b\u1ecf nhu c\u1ea7u v\u1ec1 c\u00e1c c\u00f4ng c\u1ee5 c\u1ea5u h\u00ecnh \u0111\u1eb7c bi\u1ec7t (t\u1ee9c l\u00e0 b\u1ed9 giao ti\u1ebfp tr\u01b0\u1eddng) \u0111\u1ec3 d\u1ec5 s\u1eed d\u1ee5ng<br \/>\nK\u1ebft h\u1ee3p c\u1ea3m bi\u1ebfn-m\u00e1y ph\u00e1t v\u1edbi h\u1eb1ng s\u1ed1 Callendar-Van Dusen gi\u00fap gi\u1ea3m t\u1ed5ng sai s\u1ed1 \u0111o<br \/>\nKh\u1ea3 n\u0103ng Hot Backup \u2122 v\u00e0 c\u1ea3nh b\u00e1o tr\u00f4i c\u1ea3m bi\u1ebfn v\u1edbi c\u1ea3m bi\u1ebfn k\u00e9p \u0111\u1ea3m b\u1ea3o t\u00ednh to\u00e0n v\u1eb9n c\u1ee7a ph\u00e9p \u0111o<br \/>\nCh\u1ea9n \u0111o\u00e1n suy tho\u00e1i c\u1eb7p nhi\u1ec7t \u0111i\u1ec7n theo d\u00f5i t\u00ecnh tr\u1ea1ng c\u1ee7a c\u1eb7p nhi\u1ec7t \u0111\u1ec3 ph\u00e1t hi\u1ec7n s\u1ef1 xu\u1ed1ng c\u1ea5p tr\u01b0\u1edbc khi h\u1ecfng<br \/>\nTheo d\u00f5i nhi\u1ec7t \u0111\u1ed9 t\u1ed1i thi\u1ec3u v\u00e0 t\u1ed1i \u0111a quan s\u00e1t c\u00e1c nhi\u1ec7t \u0111\u1ed9 cao nh\u1ea5t \u0111\u1ec3 kh\u1eafc ph\u1ee5c s\u1ef1 c\u1ed1 d\u1ec5 d\u00e0ng<br \/>\nB\u1ea3ng \u0111i\u1ec1u khi\u1ec3n thi\u1ebft b\u1ecb cung c\u1ea5p giao di\u1ec7n d\u1ec5 d\u00e0ng \u0111\u1ec3 c\u1ea5u h\u00ecnh thi\u1ebft b\u1ecb \u0111\u01b0\u1ee3c \u0111\u01a1n gi\u1ea3n h\u00f3a v\u00e0 kh\u1eafc ph\u1ee5c s\u1ef1 c\u1ed1 ch\u1ea9n \u0111o\u00e1n<\/p>\n<p>D\u00f2ng s\u1ea3n ph\u1ea9m t\u01b0\u01a1ng t\u1ef1<\/p>\n<p>ROSEMOUNT 644HWNAF5Q4<\/p>\n<p>ROSEMOUNT 8732EMT2A2M5C1<\/p>\n<p>ROSEMOUNT 8705TTE005SHW0B3Q4Q8PD<\/p>\n<p>ROSEMOUNT 2051CD1A22A1BL4M5Q4<\/p>\n<p>ROSEMOUNT 3051CD1A23A1AB4DFQ4<\/p>\n<p>\u0110\u1ea1i l\u00fd ROSEMOUNT vietnam, ROSEMOUNT viet nam, ROSEMOUNT vietnam distributor, Ph\u00e2n ph\u1ed1i ROSEMOUNT t\u1ea1i vi\u1ec7t nam<\/p>\n<p>\u0110\u1ea1i l\u00fd ROSEMOUNT vietnam, ROSEMOUNT viet nam, ROSEMOUNT vietnam distributor, Ph\u00e2n ph\u1ed1i ROSEMOUNT t\u1ea1i vi\u1ec7t nam<\/p>\n<p>\u0110\u1ea1i l\u00fd ROSEMOUNT vietnam, ROSEMOUNT viet nam, ROSEMOUNT vietnam distributor, Ph\u00e2n ph\u1ed1i ROSEMOUNT t\u1ea1i vi\u1ec7t nam<\/p>\n","protected":false},"excerpt":{"rendered":"<p>ROSEMOUNT 644HWNAF5Q4 Temperature Transmitter 644HWNAF5Q4 revised to 644HWNAJ6F5Q4 ( Rosemount ) Rosemount\u00a0 644HWNAF5Q4J6 Rosemount\u2122 644 Temperature Transmitter \u0110\u01b0\u1ee3c thi\u1ebft k\u1ebf \u0111\u1ec3 c\u00f3 t\u00ednh linh ho\u1ea1t, B\u1ed9 truy\u1ec1n nhi\u1ec7t \u0111\u1ed9 Rosemount 644 c\u00f3 s\u1eb5n v\u1edbi c\u00e1c giao th\u1ee9c HART\u00ae, FOUNDATION \u2122 Fieldbus ho\u1eb7c PROFIBUS\u00ae trong c\u00e1c ki\u1ec3u g\u1eafn \u0111\u1ea7u, tr\u01b0\u1eddng ho\u1eb7c&hellip; <\/p>\n","protected":false},"featured_media":4857,"comment_status":"open","ping_status":"closed","template":"","meta":[],"product_cat":[904],"product_tag":[649,906,905],"class_list":{"0":"post-4856","1":"product","2":"type-product","3":"status-publish","4":"has-post-thumbnail","6":"product_cat-rosemount","7":"product_tag-cam-bien-luu-luong","8":"product_tag-dai-ly-rosemount-viet-nam","9":"product_tag-rosemount-viet-nam","11":"first","12":"instock","13":"shipping-taxable","14":"product-type-simple"},"yoast_head":"<!-- This site is optimized with the Yoast SEO plugin v22.8 - https:\/\/yoast.com\/wordpress\/plugins\/seo\/ -->\n<title>ROSEMOUNT 644HWNAF5Q4 - OMANI VI\u1ec6T NAM<\/title>\n<meta name=\"description\" content=\"ROSEMOUNT 644HWNAF5Q4 Temperature Transmitter\" \/>\n<meta name=\"robots\" content=\"index, follow, max-snippet:-1, max-image-preview:large, max-video-preview:-1\" \/>\n<link rel=\"canonical\" href=\"https:\/\/omanivietnam.com\/index.php\/san-pham\/rosemount-644hwnaf5q4\/\" \/>\n<meta property=\"og:locale\" content=\"vi_VN\" \/>\n<meta property=\"og:type\" content=\"article\" \/>\n<meta property=\"og:title\" content=\"ROSEMOUNT 644HWNAF5Q4 - OMANI VI\u1ec6T NAM\" \/>\n<meta property=\"og:description\" content=\"ROSEMOUNT 644HWNAF5Q4 Temperature Transmitter\" \/>\n<meta property=\"og:url\" content=\"https:\/\/omanivietnam.com\/index.php\/san-pham\/rosemount-644hwnaf5q4\/\" \/>\n<meta property=\"og:site_name\" content=\"OMANI VI\u1ec6T NAM\" \/>\n<meta property=\"article:modified_time\" content=\"2026-04-10T14:47:24+00:00\" \/>\n<meta property=\"og:image\" content=\"https:\/\/omanivietnam.com\/wp-content\/uploads\/2026\/04\/644HWNAF5Q4.png\" \/>\n\t<meta property=\"og:image:width\" content=\"507\" \/>\n\t<meta property=\"og:image:height\" content=\"517\" \/>\n\t<meta property=\"og:image:type\" content=\"image\/png\" \/>\n<meta name=\"twitter:card\" content=\"summary_large_image\" \/>\n<meta name=\"twitter:label1\" content=\"\u01af\u1edbc t\u00ednh th\u1eddi gian \u0111\u1ecdc\" \/>\n\t<meta name=\"twitter:data1\" content=\"4 ph\u00fat\" \/>\n<script type=\"application\/ld+json\" class=\"yoast-schema-graph\">{\"@context\":\"https:\/\/schema.org\",\"@graph\":[{\"@type\":\"WebPage\",\"@id\":\"https:\/\/omanivietnam.com\/index.php\/san-pham\/rosemount-644hwnaf5q4\/\",\"url\":\"https:\/\/omanivietnam.com\/index.php\/san-pham\/rosemount-644hwnaf5q4\/\",\"name\":\"ROSEMOUNT 644HWNAF5Q4 - OMANI VI\u1ec6T NAM\",\"isPartOf\":{\"@id\":\"https:\/\/omanivietnam.com\/#website\"},\"primaryImageOfPage\":{\"@id\":\"https:\/\/omanivietnam.com\/index.php\/san-pham\/rosemount-644hwnaf5q4\/#primaryimage\"},\"image\":{\"@id\":\"https:\/\/omanivietnam.com\/index.php\/san-pham\/rosemount-644hwnaf5q4\/#primaryimage\"},\"thumbnailUrl\":\"https:\/\/omanivietnam.com\/wp-content\/uploads\/2026\/04\/644HWNAF5Q4.png\",\"datePublished\":\"2026-04-10T14:46:21+00:00\",\"dateModified\":\"2026-04-10T14:47:24+00:00\",\"description\":\"ROSEMOUNT 644HWNAF5Q4 Temperature Transmitter\",\"breadcrumb\":{\"@id\":\"https:\/\/omanivietnam.com\/index.php\/san-pham\/rosemount-644hwnaf5q4\/#breadcrumb\"},\"inLanguage\":\"vi\",\"potentialAction\":[{\"@type\":\"ReadAction\",\"target\":[\"https:\/\/omanivietnam.com\/index.php\/san-pham\/rosemount-644hwnaf5q4\/\"]}]},{\"@type\":\"ImageObject\",\"inLanguage\":\"vi\",\"@id\":\"https:\/\/omanivietnam.com\/index.php\/san-pham\/rosemount-644hwnaf5q4\/#primaryimage\",\"url\":\"https:\/\/omanivietnam.com\/wp-content\/uploads\/2026\/04\/644HWNAF5Q4.png\",\"contentUrl\":\"https:\/\/omanivietnam.com\/wp-content\/uploads\/2026\/04\/644HWNAF5Q4.png\",\"width\":507,\"height\":517},{\"@type\":\"BreadcrumbList\",\"@id\":\"https:\/\/omanivietnam.com\/index.php\/san-pham\/rosemount-644hwnaf5q4\/#breadcrumb\",\"itemListElement\":[{\"@type\":\"ListItem\",\"position\":1,\"name\":\"Home\",\"item\":\"https:\/\/omanivietnam.com\/\"},{\"@type\":\"ListItem\",\"position\":2,\"name\":\"S\u1ea2N PH\u1ea8M\",\"item\":\"https:\/\/omanivietnam.com\/index.php\/cua-hang\/\"},{\"@type\":\"ListItem\",\"position\":3,\"name\":\"ROSEMOUNT 644HWNAF5Q4\"}]},{\"@type\":\"WebSite\",\"@id\":\"https:\/\/omanivietnam.com\/#website\",\"url\":\"https:\/\/omanivietnam.com\/\",\"name\":\"OMANI VI\u1ec6T NAM\",\"description\":\"Nh\u00e0 ph\u00e2n ph\u1ed1i thi\u1ebft b\u1ecb kh\u00ed n\u00e9n v\u00e0 thi\u1ebft b\u1ecb t\u1ef1 \u0111\u1ed9ng h\u00f3a trong c\u00f4ng nghi\u1ec7p\",\"publisher\":{\"@id\":\"https:\/\/omanivietnam.com\/#\/schema\/person\/0ad398a980dc3fd696111c2c5c8fa897\"},\"potentialAction\":[{\"@type\":\"SearchAction\",\"target\":{\"@type\":\"EntryPoint\",\"urlTemplate\":\"https:\/\/omanivietnam.com\/?s={search_term_string}\"},\"query-input\":\"required name=search_term_string\"}],\"inLanguage\":\"vi\"},{\"@type\":[\"Person\",\"Organization\"],\"@id\":\"https:\/\/omanivietnam.com\/#\/schema\/person\/0ad398a980dc3fd696111c2c5c8fa897\",\"name\":\"Nguy\u1ec5n V\u0103n Kh\u00e1nh\",\"image\":{\"@type\":\"ImageObject\",\"inLanguage\":\"vi\",\"@id\":\"https:\/\/omanivietnam.com\/#\/schema\/person\/image\/\",\"url\":\"https:\/\/omanivietnam.com\/wp-content\/uploads\/2024\/06\/logo-1024x1024.png\",\"contentUrl\":\"https:\/\/omanivietnam.com\/wp-content\/uploads\/2024\/06\/logo-1024x1024.png\",\"width\":1024,\"height\":1024,\"caption\":\"Nguy\u1ec5n V\u0103n Kh\u00e1nh\"},\"logo\":{\"@id\":\"https:\/\/omanivietnam.com\/#\/schema\/person\/image\/\"},\"sameAs\":[\"https:\/\/omanivietnam.com\"]}]}<\/script>\n<!-- \/ Yoast SEO plugin. -->","yoast_head_json":{"title":"ROSEMOUNT 644HWNAF5Q4 - OMANI VI\u1ec6T NAM","description":"ROSEMOUNT 644HWNAF5Q4 Temperature Transmitter","robots":{"index":"index","follow":"follow","max-snippet":"max-snippet:-1","max-image-preview":"max-image-preview:large","max-video-preview":"max-video-preview:-1"},"canonical":"https:\/\/omanivietnam.com\/index.php\/san-pham\/rosemount-644hwnaf5q4\/","og_locale":"vi_VN","og_type":"article","og_title":"ROSEMOUNT 644HWNAF5Q4 - OMANI VI\u1ec6T NAM","og_description":"ROSEMOUNT 644HWNAF5Q4 Temperature Transmitter","og_url":"https:\/\/omanivietnam.com\/index.php\/san-pham\/rosemount-644hwnaf5q4\/","og_site_name":"OMANI VI\u1ec6T NAM","article_modified_time":"2026-04-10T14:47:24+00:00","og_image":[{"width":507,"height":517,"url":"https:\/\/omanivietnam.com\/wp-content\/uploads\/2026\/04\/644HWNAF5Q4.png","type":"image\/png"}],"twitter_card":"summary_large_image","twitter_misc":{"\u01af\u1edbc t\u00ednh th\u1eddi gian \u0111\u1ecdc":"4 ph\u00fat"},"schema":{"@context":"https:\/\/schema.org","@graph":[{"@type":"WebPage","@id":"https:\/\/omanivietnam.com\/index.php\/san-pham\/rosemount-644hwnaf5q4\/","url":"https:\/\/omanivietnam.com\/index.php\/san-pham\/rosemount-644hwnaf5q4\/","name":"ROSEMOUNT 644HWNAF5Q4 - OMANI VI\u1ec6T NAM","isPartOf":{"@id":"https:\/\/omanivietnam.com\/#website"},"primaryImageOfPage":{"@id":"https:\/\/omanivietnam.com\/index.php\/san-pham\/rosemount-644hwnaf5q4\/#primaryimage"},"image":{"@id":"https:\/\/omanivietnam.com\/index.php\/san-pham\/rosemount-644hwnaf5q4\/#primaryimage"},"thumbnailUrl":"https:\/\/omanivietnam.com\/wp-content\/uploads\/2026\/04\/644HWNAF5Q4.png","datePublished":"2026-04-10T14:46:21+00:00","dateModified":"2026-04-10T14:47:24+00:00","description":"ROSEMOUNT 644HWNAF5Q4 Temperature Transmitter","breadcrumb":{"@id":"https:\/\/omanivietnam.com\/index.php\/san-pham\/rosemount-644hwnaf5q4\/#breadcrumb"},"inLanguage":"vi","potentialAction":[{"@type":"ReadAction","target":["https:\/\/omanivietnam.com\/index.php\/san-pham\/rosemount-644hwnaf5q4\/"]}]},{"@type":"ImageObject","inLanguage":"vi","@id":"https:\/\/omanivietnam.com\/index.php\/san-pham\/rosemount-644hwnaf5q4\/#primaryimage","url":"https:\/\/omanivietnam.com\/wp-content\/uploads\/2026\/04\/644HWNAF5Q4.png","contentUrl":"https:\/\/omanivietnam.com\/wp-content\/uploads\/2026\/04\/644HWNAF5Q4.png","width":507,"height":517},{"@type":"BreadcrumbList","@id":"https:\/\/omanivietnam.com\/index.php\/san-pham\/rosemount-644hwnaf5q4\/#breadcrumb","itemListElement":[{"@type":"ListItem","position":1,"name":"Home","item":"https:\/\/omanivietnam.com\/"},{"@type":"ListItem","position":2,"name":"S\u1ea2N PH\u1ea8M","item":"https:\/\/omanivietnam.com\/index.php\/cua-hang\/"},{"@type":"ListItem","position":3,"name":"ROSEMOUNT 644HWNAF5Q4"}]},{"@type":"WebSite","@id":"https:\/\/omanivietnam.com\/#website","url":"https:\/\/omanivietnam.com\/","name":"OMANI VI\u1ec6T NAM","description":"Nh\u00e0 ph\u00e2n ph\u1ed1i thi\u1ebft b\u1ecb kh\u00ed n\u00e9n v\u00e0 thi\u1ebft b\u1ecb t\u1ef1 \u0111\u1ed9ng h\u00f3a trong c\u00f4ng nghi\u1ec7p","publisher":{"@id":"https:\/\/omanivietnam.com\/#\/schema\/person\/0ad398a980dc3fd696111c2c5c8fa897"},"potentialAction":[{"@type":"SearchAction","target":{"@type":"EntryPoint","urlTemplate":"https:\/\/omanivietnam.com\/?s={search_term_string}"},"query-input":"required name=search_term_string"}],"inLanguage":"vi"},{"@type":["Person","Organization"],"@id":"https:\/\/omanivietnam.com\/#\/schema\/person\/0ad398a980dc3fd696111c2c5c8fa897","name":"Nguy\u1ec5n V\u0103n Kh\u00e1nh","image":{"@type":"ImageObject","inLanguage":"vi","@id":"https:\/\/omanivietnam.com\/#\/schema\/person\/image\/","url":"https:\/\/omanivietnam.com\/wp-content\/uploads\/2024\/06\/logo-1024x1024.png","contentUrl":"https:\/\/omanivietnam.com\/wp-content\/uploads\/2024\/06\/logo-1024x1024.png","width":1024,"height":1024,"caption":"Nguy\u1ec5n V\u0103n Kh\u00e1nh"},"logo":{"@id":"https:\/\/omanivietnam.com\/#\/schema\/person\/image\/"},"sameAs":["https:\/\/omanivietnam.com"]}]}},"_links":{"self":[{"href":"https:\/\/omanivietnam.com\/index.php\/wp-json\/wp\/v2\/product\/4856","targetHints":{"allow":["GET"]}}],"collection":[{"href":"https:\/\/omanivietnam.com\/index.php\/wp-json\/wp\/v2\/product"}],"about":[{"href":"https:\/\/omanivietnam.com\/index.php\/wp-json\/wp\/v2\/types\/product"}],"replies":[{"embeddable":true,"href":"https:\/\/omanivietnam.com\/index.php\/wp-json\/wp\/v2\/comments?post=4856"}],"wp:featuredmedia":[{"embeddable":true,"href":"https:\/\/omanivietnam.com\/index.php\/wp-json\/wp\/v2\/media\/4857"}],"wp:attachment":[{"href":"https:\/\/omanivietnam.com\/index.php\/wp-json\/wp\/v2\/media?parent=4856"}],"wp:term":[{"taxonomy":"product_cat","embeddable":true,"href":"https:\/\/omanivietnam.com\/index.php\/wp-json\/wp\/v2\/product_cat?post=4856"},{"taxonomy":"product_tag","embeddable":true,"href":"https:\/\/omanivietnam.com\/index.php\/wp-json\/wp\/v2\/product_tag?post=4856"}],"curies":[{"name":"wp","href":"https:\/\/api.w.org\/{rel}","templated":true}]}}