{"id":4862,"date":"2026-04-10T22:43:08","date_gmt":"2026-04-10T15:43:08","guid":{"rendered":"https:\/\/omanivietnam.com\/?post_type=product&#038;p=4862"},"modified":"2026-04-10T22:44:32","modified_gmt":"2026-04-10T15:44:32","slug":"endresshauser-cpf81-lh11c3","status":"publish","type":"product","link":"https:\/\/omanivietnam.com\/index.php\/san-pham\/endresshauser-cpf81-lh11c3\/","title":{"rendered":"ENDRESS+HAUSER CPF81-LH11C3"},"content":{"rendered":"<p>ENDRESS+HAUSER CPF81-LH11C3<\/p>\n<p>Digital measuring cable<br \/>\nOrbisint CPS11D<br \/>\nCYK10-A10<br \/>\nBrand: E+H<\/p>\n<div class=\"eh-grid eh-grid--no-spacing eh-center-page\">\n<div class=\"eh-cell eh-cell--12-col-large eh-cell--12-col-medium eh-cell--12-col-small eh-cell--4-col-x-small\">\n<div class=\"eh-grid eh-grid--no-spacing\">\n<div class=\"eh-cell eh-cell--order-1-large eh-cell--order-1-medium eh-cell--6-col-large eh-cell eh-cell--6-col-medium eh-cell eh-cell--12-col-small eh-cell eh-cell--4-col-x-small\">\n<div class=\"eh-product-info-categories eh-p-r--large eh-p-r--medium\" data-cs-tracking-ps-name=\"PS.SpecsAtAGlance\">\n<div class=\"eh-product-info-category\">\n<h3 class=\"eh-headline-03 eh-p-b eh-m-t-xxlg\">Specs at a glance<\/h3>\n<ul class=\"eh-result-list eh-product-info-category--items\">\n<li class=\"eh-product-info-category--item eh-p-v\">\n<div class=\"eh-grid eh-grid--no-spacing\">\n<div class=\"eh-cell eh-cell--12-col\">\n<h4 class=\"eh-headline--04 eh-font-bold eh-p-b-2\">Measuring range<\/h4>\n<\/div>\n<div class=\"eh-cell eh-cell--12-col\">\n<p>pH 0-14<\/p>\n<\/div>\n<\/div>\n<\/li>\n<li class=\"eh-product-info-category--item eh-p-v\">\n<div class=\"eh-grid eh-grid--no-spacing\">\n<div class=\"eh-cell eh-cell--12-col\">\n<h4 class=\"eh-headline--04 eh-font-bold eh-p-b-2\">Process temperature<\/h4>\n<\/div>\n<div class=\"eh-cell eh-cell--12-col\">\n<p>-10\u00b0C &#8211; 110\u00b0C<br \/>\n(14\u00b0F &#8211; 230\u00b0F)<\/p>\n<\/div>\n<\/div>\n<\/li>\n<li class=\"eh-product-info-category--item eh-p-v\">\n<div class=\"eh-grid eh-grid--no-spacing\">\n<div class=\"eh-cell eh-cell--12-col\">\n<h4 class=\"eh-headline--04 eh-font-bold eh-p-b-2\">Process pressure<\/h4>\n<\/div>\n<div class=\"eh-cell eh-cell--12-col\">\n<p>max. 10 bar<br \/>\n(145 psi)<\/p>\n<\/div>\n<\/div>\n<\/li>\n<\/ul>\n<\/div>\n<ul class=\"eh-link--list horizontal eh-no-m-t eh-neg-m-h-2\">\n<li class=\"eh-link--list-item eh-p-b-m-2\">Spec<\/li>\n<\/ul>\n<\/div>\n<\/div>\n<\/div>\n<\/div>\n<\/div>\n<div class=\"eh-grid eh-grid--no-spacing eh-center-page\">\n<div class=\"eh-cell eh-cell--12-col-large eh-cell--12-col-medium eh-cell--12-col-small eh-cell--4-col-x-small\">\n<div class=\"eh-grid eh-grid--no-spacing\">\n<div class=\"eh-cell eh-cell--6-col-large eh-cell--6-col-medium eh-cell eh-cell--12-col-small eh-cell eh-cell--4-col-x-small\">\n<div class=\"eh-upid-field-of-application eh-p-r--large eh-p-r--medium\" data-cs-tracking-ps-name=\"PS.RichText\">\n<h3 class=\"eh-headline-03 eh-p-b eh-m-t-xxlg\">Field of application<\/h3>\n<p class=\"eh-p-v\">Orbipac CPF81 is the analog simple solution for pH measurement in harsh environments. It measures reliably and accurately even in fibrous media and at high flow rates. With its integrated assembly, the electrode saves you space and time during flow or immersion installation.<\/p>\n<div class=\"eh-p-b-lg\"><\/div>\n<div class=\"eh-rich-content-content\">\n<p class=\"eh-generic--text\">Orbipac CPF81 is the robust pH sensor for processes in mining industries and treatment of industrial water and wastewater. It monitors<\/p>\n<ul class=\"eh-list-01 eh-generic--list\">\n<li class=\"eh-list--item\">\n<p class=\"eh-generic--text\">Flotation<\/p>\n<\/li>\n<li class=\"eh-list--item\">\n<p class=\"eh-generic--text\">Leaching<\/p>\n<\/li>\n<li class=\"eh-list--item\">\n<p class=\"eh-generic--text\">Neutralization<\/p>\n<\/li>\n<li class=\"eh-list--item\">\n<p class=\"eh-generic--text\">Inlet and outlet<\/p>\n<\/li>\n<\/ul>\n<\/div>\n<\/div>\n<\/div>\n<div class=\"eh-cell eh-cell--6-col-large eh-cell--6-col-medium eh-cell eh-cell--12-col-small eh-cell eh-cell--4-col-x-small\">\n<div class=\"eh-upid-benefits eh-p-l--large eh-p-l--medium\" data-cs-tracking-ps-name=\"PS.BulletList\">\n<h3 class=\"eh-headline-03 eh-p-b eh-m-t-xxlg\">Benefits<\/h3>\n<ul class=\"eh-list-01 eh-generic--list\">\n<li class=\"eh-list--item\">\n<p class=\"eh-generic--text\">Suitable for flow and immersion installation<\/p>\n<\/li>\n<li class=\"eh-list--item\">\n<p class=\"eh-generic--text\">Long time stable: Second electrolyte bridge for better protection against electrode poisoning ions such as S<sup>2-<\/sup>\u00a0or CN<sup>&#8211;<\/sup><\/p>\n<\/li>\n<li class=\"eh-list--item\">\n<p class=\"eh-generic--text\">Robust polymer housing protects against mechanical damage<\/p>\n<\/li>\n<li class=\"eh-list--item\">\n<p class=\"eh-generic--text\">Optional flat membrane suitable for high flow rates, fibrous<\/p>\n<\/li>\n<\/ul>\n<p>\u0110\u1ea1i l\u00fd ENDRESS+HAUSER vietnam, ENDRESS+HAUSER viet nam, ENDRESS+HAUSER vietnam distributor, Ph\u00e2n ph\u1ed1i ENDRESS+HAUSER t\u1ea1i vi\u1ec7t nam<\/p>\n<p>\u0110\u1ea1i l\u00fd ENDRESS+HAUSER vietnam, ENDRESS+HAUSER viet nam, ENDRESS+HAUSER vietnam distributor, Ph\u00e2n ph\u1ed1i ENDRESS+HAUSER t\u1ea1i vi\u1ec7t nam<\/p>\n<p>\u0110\u1ea1i l\u00fd ENDRESS+HAUSER vietnam, ENDRESS+HAUSER viet nam, ENDRESS+HAUSER vietnam distributor, Ph\u00e2n ph\u1ed1i ENDRESS+HAUSER t\u1ea1i vi\u1ec7t nam<\/p>\n<\/div>\n<\/div>\n<\/div>\n<\/div>\n<\/div>\n","protected":false},"excerpt":{"rendered":"<p>ENDRESS+HAUSER CPF81-LH11C3 Digital measuring cable Orbisint CPS11D CYK10-A10 Brand: E+H Specs at a glance Measuring range pH 0-14 Process temperature -10\u00b0C &#8211; 110\u00b0C (14\u00b0F &#8211; 230\u00b0F) Process pressure max. 10 bar (145 psi) Spec Field of application Orbipac CPF81 is the analog simple solution for pH measurement in harsh environments.&hellip; <\/p>\n","protected":false},"featured_media":4863,"comment_status":"open","ping_status":"closed","template":"","meta":[],"product_cat":[789],"product_tag":[924,791,790],"class_list":{"0":"post-4862","1":"product","2":"type-product","3":"status-publish","4":"has-post-thumbnail","6":"product_cat-endresshauser","7":"product_tag-cam-bien-ph","8":"product_tag-dai-ly-endresshauser-viet-nam","9":"product_tag-endresshauser-viet-nam","11":"first","12":"instock","13":"shipping-taxable","14":"product-type-simple"},"yoast_head":"<!-- This site is optimized with the Yoast SEO plugin v22.8 - https:\/\/yoast.com\/wordpress\/plugins\/seo\/ -->\n<title>ENDRESS+HAUSER CPF81-LH11C3 - OMANI VI\u1ec6T NAM<\/title>\n<meta name=\"description\" content=\"ENDRESS+HAUSER CPF81-LH11C3 pH Sensor\" \/>\n<meta name=\"robots\" content=\"index, follow, max-snippet:-1, max-image-preview:large, max-video-preview:-1\" \/>\n<link rel=\"canonical\" href=\"https:\/\/omanivietnam.com\/index.php\/san-pham\/endresshauser-cpf81-lh11c3\/\" \/>\n<meta property=\"og:locale\" content=\"vi_VN\" \/>\n<meta property=\"og:type\" content=\"article\" \/>\n<meta property=\"og:title\" content=\"ENDRESS+HAUSER CPF81-LH11C3 - OMANI VI\u1ec6T NAM\" \/>\n<meta property=\"og:description\" content=\"ENDRESS+HAUSER CPF81-LH11C3 pH Sensor\" \/>\n<meta property=\"og:url\" content=\"https:\/\/omanivietnam.com\/index.php\/san-pham\/endresshauser-cpf81-lh11c3\/\" \/>\n<meta property=\"og:site_name\" content=\"OMANI VI\u1ec6T NAM\" \/>\n<meta property=\"article:modified_time\" content=\"2026-04-10T15:44:32+00:00\" \/>\n<meta property=\"og:image\" content=\"https:\/\/omanivietnam.com\/wp-content\/uploads\/2026\/04\/CPF81-LH11C3.png\" \/>\n\t<meta property=\"og:image:width\" content=\"876\" \/>\n\t<meta property=\"og:image:height\" content=\"723\" \/>\n\t<meta property=\"og:image:type\" content=\"image\/png\" \/>\n<meta name=\"twitter:card\" content=\"summary_large_image\" \/>\n<meta name=\"twitter:label1\" content=\"\u01af\u1edbc t\u00ednh th\u1eddi gian \u0111\u1ecdc\" \/>\n\t<meta name=\"twitter:data1\" content=\"2 ph\u00fat\" \/>\n<script type=\"application\/ld+json\" class=\"yoast-schema-graph\">{\"@context\":\"https:\/\/schema.org\",\"@graph\":[{\"@type\":\"WebPage\",\"@id\":\"https:\/\/omanivietnam.com\/index.php\/san-pham\/endresshauser-cpf81-lh11c3\/\",\"url\":\"https:\/\/omanivietnam.com\/index.php\/san-pham\/endresshauser-cpf81-lh11c3\/\",\"name\":\"ENDRESS+HAUSER CPF81-LH11C3 - OMANI VI\u1ec6T NAM\",\"isPartOf\":{\"@id\":\"https:\/\/omanivietnam.com\/#website\"},\"primaryImageOfPage\":{\"@id\":\"https:\/\/omanivietnam.com\/index.php\/san-pham\/endresshauser-cpf81-lh11c3\/#primaryimage\"},\"image\":{\"@id\":\"https:\/\/omanivietnam.com\/index.php\/san-pham\/endresshauser-cpf81-lh11c3\/#primaryimage\"},\"thumbnailUrl\":\"https:\/\/omanivietnam.com\/wp-content\/uploads\/2026\/04\/CPF81-LH11C3.png\",\"datePublished\":\"2026-04-10T15:43:08+00:00\",\"dateModified\":\"2026-04-10T15:44:32+00:00\",\"description\":\"ENDRESS+HAUSER CPF81-LH11C3 pH Sensor\",\"breadcrumb\":{\"@id\":\"https:\/\/omanivietnam.com\/index.php\/san-pham\/endresshauser-cpf81-lh11c3\/#breadcrumb\"},\"inLanguage\":\"vi\",\"potentialAction\":[{\"@type\":\"ReadAction\",\"target\":[\"https:\/\/omanivietnam.com\/index.php\/san-pham\/endresshauser-cpf81-lh11c3\/\"]}]},{\"@type\":\"ImageObject\",\"inLanguage\":\"vi\",\"@id\":\"https:\/\/omanivietnam.com\/index.php\/san-pham\/endresshauser-cpf81-lh11c3\/#primaryimage\",\"url\":\"https:\/\/omanivietnam.com\/wp-content\/uploads\/2026\/04\/CPF81-LH11C3.png\",\"contentUrl\":\"https:\/\/omanivietnam.com\/wp-content\/uploads\/2026\/04\/CPF81-LH11C3.png\",\"width\":876,\"height\":723},{\"@type\":\"BreadcrumbList\",\"@id\":\"https:\/\/omanivietnam.com\/index.php\/san-pham\/endresshauser-cpf81-lh11c3\/#breadcrumb\",\"itemListElement\":[{\"@type\":\"ListItem\",\"position\":1,\"name\":\"Home\",\"item\":\"https:\/\/omanivietnam.com\/\"},{\"@type\":\"ListItem\",\"position\":2,\"name\":\"S\u1ea2N PH\u1ea8M\",\"item\":\"https:\/\/omanivietnam.com\/index.php\/cua-hang\/\"},{\"@type\":\"ListItem\",\"position\":3,\"name\":\"ENDRESS+HAUSER CPF81-LH11C3\"}]},{\"@type\":\"WebSite\",\"@id\":\"https:\/\/omanivietnam.com\/#website\",\"url\":\"https:\/\/omanivietnam.com\/\",\"name\":\"OMANI VI\u1ec6T NAM\",\"description\":\"Nh\u00e0 ph\u00e2n ph\u1ed1i thi\u1ebft b\u1ecb kh\u00ed n\u00e9n v\u00e0 thi\u1ebft b\u1ecb t\u1ef1 \u0111\u1ed9ng h\u00f3a trong c\u00f4ng nghi\u1ec7p\",\"publisher\":{\"@id\":\"https:\/\/omanivietnam.com\/#\/schema\/person\/0ad398a980dc3fd696111c2c5c8fa897\"},\"potentialAction\":[{\"@type\":\"SearchAction\",\"target\":{\"@type\":\"EntryPoint\",\"urlTemplate\":\"https:\/\/omanivietnam.com\/?s={search_term_string}\"},\"query-input\":\"required name=search_term_string\"}],\"inLanguage\":\"vi\"},{\"@type\":[\"Person\",\"Organization\"],\"@id\":\"https:\/\/omanivietnam.com\/#\/schema\/person\/0ad398a980dc3fd696111c2c5c8fa897\",\"name\":\"Nguy\u1ec5n V\u0103n Kh\u00e1nh\",\"image\":{\"@type\":\"ImageObject\",\"inLanguage\":\"vi\",\"@id\":\"https:\/\/omanivietnam.com\/#\/schema\/person\/image\/\",\"url\":\"https:\/\/omanivietnam.com\/wp-content\/uploads\/2024\/06\/logo-1024x1024.png\",\"contentUrl\":\"https:\/\/omanivietnam.com\/wp-content\/uploads\/2024\/06\/logo-1024x1024.png\",\"width\":1024,\"height\":1024,\"caption\":\"Nguy\u1ec5n V\u0103n Kh\u00e1nh\"},\"logo\":{\"@id\":\"https:\/\/omanivietnam.com\/#\/schema\/person\/image\/\"},\"sameAs\":[\"https:\/\/omanivietnam.com\"]}]}<\/script>\n<!-- \/ Yoast SEO plugin. -->","yoast_head_json":{"title":"ENDRESS+HAUSER CPF81-LH11C3 - OMANI VI\u1ec6T NAM","description":"ENDRESS+HAUSER CPF81-LH11C3 pH Sensor","robots":{"index":"index","follow":"follow","max-snippet":"max-snippet:-1","max-image-preview":"max-image-preview:large","max-video-preview":"max-video-preview:-1"},"canonical":"https:\/\/omanivietnam.com\/index.php\/san-pham\/endresshauser-cpf81-lh11c3\/","og_locale":"vi_VN","og_type":"article","og_title":"ENDRESS+HAUSER CPF81-LH11C3 - OMANI VI\u1ec6T NAM","og_description":"ENDRESS+HAUSER CPF81-LH11C3 pH Sensor","og_url":"https:\/\/omanivietnam.com\/index.php\/san-pham\/endresshauser-cpf81-lh11c3\/","og_site_name":"OMANI VI\u1ec6T NAM","article_modified_time":"2026-04-10T15:44:32+00:00","og_image":[{"width":876,"height":723,"url":"https:\/\/omanivietnam.com\/wp-content\/uploads\/2026\/04\/CPF81-LH11C3.png","type":"image\/png"}],"twitter_card":"summary_large_image","twitter_misc":{"\u01af\u1edbc t\u00ednh th\u1eddi gian \u0111\u1ecdc":"2 ph\u00fat"},"schema":{"@context":"https:\/\/schema.org","@graph":[{"@type":"WebPage","@id":"https:\/\/omanivietnam.com\/index.php\/san-pham\/endresshauser-cpf81-lh11c3\/","url":"https:\/\/omanivietnam.com\/index.php\/san-pham\/endresshauser-cpf81-lh11c3\/","name":"ENDRESS+HAUSER CPF81-LH11C3 - OMANI VI\u1ec6T NAM","isPartOf":{"@id":"https:\/\/omanivietnam.com\/#website"},"primaryImageOfPage":{"@id":"https:\/\/omanivietnam.com\/index.php\/san-pham\/endresshauser-cpf81-lh11c3\/#primaryimage"},"image":{"@id":"https:\/\/omanivietnam.com\/index.php\/san-pham\/endresshauser-cpf81-lh11c3\/#primaryimage"},"thumbnailUrl":"https:\/\/omanivietnam.com\/wp-content\/uploads\/2026\/04\/CPF81-LH11C3.png","datePublished":"2026-04-10T15:43:08+00:00","dateModified":"2026-04-10T15:44:32+00:00","description":"ENDRESS+HAUSER CPF81-LH11C3 pH Sensor","breadcrumb":{"@id":"https:\/\/omanivietnam.com\/index.php\/san-pham\/endresshauser-cpf81-lh11c3\/#breadcrumb"},"inLanguage":"vi","potentialAction":[{"@type":"ReadAction","target":["https:\/\/omanivietnam.com\/index.php\/san-pham\/endresshauser-cpf81-lh11c3\/"]}]},{"@type":"ImageObject","inLanguage":"vi","@id":"https:\/\/omanivietnam.com\/index.php\/san-pham\/endresshauser-cpf81-lh11c3\/#primaryimage","url":"https:\/\/omanivietnam.com\/wp-content\/uploads\/2026\/04\/CPF81-LH11C3.png","contentUrl":"https:\/\/omanivietnam.com\/wp-content\/uploads\/2026\/04\/CPF81-LH11C3.png","width":876,"height":723},{"@type":"BreadcrumbList","@id":"https:\/\/omanivietnam.com\/index.php\/san-pham\/endresshauser-cpf81-lh11c3\/#breadcrumb","itemListElement":[{"@type":"ListItem","position":1,"name":"Home","item":"https:\/\/omanivietnam.com\/"},{"@type":"ListItem","position":2,"name":"S\u1ea2N PH\u1ea8M","item":"https:\/\/omanivietnam.com\/index.php\/cua-hang\/"},{"@type":"ListItem","position":3,"name":"ENDRESS+HAUSER CPF81-LH11C3"}]},{"@type":"WebSite","@id":"https:\/\/omanivietnam.com\/#website","url":"https:\/\/omanivietnam.com\/","name":"OMANI VI\u1ec6T NAM","description":"Nh\u00e0 ph\u00e2n ph\u1ed1i thi\u1ebft b\u1ecb kh\u00ed n\u00e9n v\u00e0 thi\u1ebft b\u1ecb t\u1ef1 \u0111\u1ed9ng h\u00f3a trong c\u00f4ng nghi\u1ec7p","publisher":{"@id":"https:\/\/omanivietnam.com\/#\/schema\/person\/0ad398a980dc3fd696111c2c5c8fa897"},"potentialAction":[{"@type":"SearchAction","target":{"@type":"EntryPoint","urlTemplate":"https:\/\/omanivietnam.com\/?s={search_term_string}"},"query-input":"required name=search_term_string"}],"inLanguage":"vi"},{"@type":["Person","Organization"],"@id":"https:\/\/omanivietnam.com\/#\/schema\/person\/0ad398a980dc3fd696111c2c5c8fa897","name":"Nguy\u1ec5n V\u0103n Kh\u00e1nh","image":{"@type":"ImageObject","inLanguage":"vi","@id":"https:\/\/omanivietnam.com\/#\/schema\/person\/image\/","url":"https:\/\/omanivietnam.com\/wp-content\/uploads\/2024\/06\/logo-1024x1024.png","contentUrl":"https:\/\/omanivietnam.com\/wp-content\/uploads\/2024\/06\/logo-1024x1024.png","width":1024,"height":1024,"caption":"Nguy\u1ec5n V\u0103n Kh\u00e1nh"},"logo":{"@id":"https:\/\/omanivietnam.com\/#\/schema\/person\/image\/"},"sameAs":["https:\/\/omanivietnam.com"]}]}},"_links":{"self":[{"href":"https:\/\/omanivietnam.com\/index.php\/wp-json\/wp\/v2\/product\/4862","targetHints":{"allow":["GET"]}}],"collection":[{"href":"https:\/\/omanivietnam.com\/index.php\/wp-json\/wp\/v2\/product"}],"about":[{"href":"https:\/\/omanivietnam.com\/index.php\/wp-json\/wp\/v2\/types\/product"}],"replies":[{"embeddable":true,"href":"https:\/\/omanivietnam.com\/index.php\/wp-json\/wp\/v2\/comments?post=4862"}],"wp:featuredmedia":[{"embeddable":true,"href":"https:\/\/omanivietnam.com\/index.php\/wp-json\/wp\/v2\/media\/4863"}],"wp:attachment":[{"href":"https:\/\/omanivietnam.com\/index.php\/wp-json\/wp\/v2\/media?parent=4862"}],"wp:term":[{"taxonomy":"product_cat","embeddable":true,"href":"https:\/\/omanivietnam.com\/index.php\/wp-json\/wp\/v2\/product_cat?post=4862"},{"taxonomy":"product_tag","embeddable":true,"href":"https:\/\/omanivietnam.com\/index.php\/wp-json\/wp\/v2\/product_tag?post=4862"}],"curies":[{"name":"wp","href":"https:\/\/api.w.org\/{rel}","templated":true}]}}