{"id":4867,"date":"2026-04-16T17:53:45","date_gmt":"2026-04-16T10:53:45","guid":{"rendered":"https:\/\/omanivietnam.com\/?post_type=product&#038;p=4867"},"modified":"2026-04-16T18:00:50","modified_gmt":"2026-04-16T11:00:50","slug":"sick-ime12-04bpszw2s","status":"publish","type":"product","link":"https:\/\/omanivietnam.com\/index.php\/san-pham\/sick-ime12-04bpszw2s\/","title":{"rendered":"SICK IME12-04BPSZW2S"},"content":{"rendered":"<p>SICK IME12-04BPSZW2S<\/p>\n<h2><strong>C\u1ea3m bi\u1ebfn t\u1eeb Sick IME12-04BPSZW2S<\/strong><\/h2>\n<h3><strong>T\u1ed5ng quan<\/strong><\/h3>\n<p>IME<br \/>\nLo\u1ea1i ti\u00eau chu\u1ea9n, kinh t\u1ebf \u0111\u1ec3 s\u1eed d\u1ee5ng trong m\u00f4i tr\u01b0\u1eddng c\u00f4ng nghi\u1ec7p<br \/>\nC\u1ea3m bi\u1ebfn c\u1ea3m \u1ee9ng c\u1ee7a SICK mang l\u1ea1i kh\u1ea3 n\u0103ng ph\u00e1t hi\u1ec7n ch\u00ednh x\u00e1c, \u00edt th\u1eddi gian ng\u1eebng ho\u1ea1t \u0111\u1ed9ng h\u01a1n v\u00e0 tu\u1ed5i th\u1ecd l\u00e2u d\u00e0i. C\u1ea3m bi\u1ebfn IME c\u1ea3m \u1ee9ng g\u00f3i g\u1ecdn c\u00f4ng ngh\u1ec7 cao v\u00e0o kh\u00f4ng gian nh\u1ecf nh\u1ea5t. Chip ASIC t\u00edch h\u1ee3p cho ph\u00e9p \u0111i\u1ec1u ch\u1ec9nh k\u1ef9 thu\u1eadt s\u1ed1 sau khi k\u1ebft th\u00fac qu\u00e1 tr\u00ecnh s\u1ea3n xu\u1ea5t. Vi\u1ec7c l\u01b0u c\u00e1c gi\u00e1 tr\u1ecb trong ASIC \u0111\u1ea3m b\u1ea3o c\u00e1c \u0111i\u1ec3m chuy\u1ec3n \u0111\u1ed5i c\u00f3 \u0111\u1ed9 ch\u00ednh x\u00e1c cao v\u00e0 \u0111\u1ed9 l\u1eb7p l\u1ea1i r\u1ea5t cao c\u1ee7a c\u00e1c gi\u00e1 tr\u1ecb \u2013 \u0111\u1ed1i v\u1edbi b\u1ea5t k\u1ef3 s\u1ed1 l\u1ea7n v\u1eadn h\u00e0nh s\u1ea3n xu\u1ea5t n\u00e0o. C\u1ea3m bi\u1ebfn IM \u0111\u01b0\u1ee3c b\u1ecdc ho\u00e0n to\u00e0n b\u1eb1ng khu\u00f4n \u0111\u00fac n\u00f3ng ch\u1ea3y, gi\u00fap t\u0103ng kh\u1ea3 n\u0103ng ch\u1ed1ng s\u1ed1c v\u00e0 rung \u0111\u00e1ng k\u1ec3. Kh\u00e1ch h\u00e0ng \u0111\u01b0\u1ee3c h\u01b0\u1edfng l\u1ee3i t\u1eeb \u0111\u1ed9 ch\u00ednh x\u00e1c \u0111\u1ecbnh v\u1ecb cao trong m\u00e1y v\u00e0 \u0111\u1ed9 tin c\u1eady l\u00e2u d\u00e0i.<\/p>\n<h3>Nh\u1eefng l\u1ee3i \u00edch<\/h3>\n<p>T\u00ednh kh\u1ea3 d\u1ee5ng c\u1ee7a m\u00e1y cao nh\u1edd thi\u1ebft k\u1ebf ch\u1eafc ch\u1eafn<br \/>\nHi\u1ec7u qu\u1ea3 chi ph\u00ed cao nh\u1edd chi ph\u00ed mua h\u00e0ng th\u1ea5p<br \/>\nC\u00f3 s\u1eb5n nhi\u1ec1u l\u1ef1a ch\u1ecdn nh\u1edd danh m\u1ee5c ti\u00eau chu\u1ea9n phong ph\u00fa<br \/>\n\u0110\u1ed9 ch\u00ednh x\u00e1c \u0111\u1ecbnh v\u1ecb cao nh\u1edd h\u00e0nh vi chuy\u1ec3n \u0111\u1ed5i ch\u00ednh x\u00e1c<\/p>\n<h3><strong>\u0110\u1eb7c tr\u01b0ng<\/strong><\/h3>\n<p>C\u00e1c lo\u1ea1i: M8 \u0111\u1ebfn M30<br \/>\nPh\u1ea1m vi c\u1ea3m bi\u1ebfn m\u1edf r\u1ed9ng: 1,5 mm \u0111\u1ebfn 38 mm<br \/>\nC\u1ea5u h\u00ecnh \u0111i\u1ec7n: DC 3-\/4 d\u00e2y, DC 2 d\u00e2y<br \/>\nX\u1ebfp h\u1ea1ng bao v\u00e2y: IP 67<br \/>\nPh\u1ea1m vi nhi\u1ec7t \u0111\u1ed9: \u201325 \u00b0C \u0111\u1ebfn +75 \u00b0C<br \/>\nV\u1ecf \u0111\u1ed3ng thau m\u1ea1 niken; m\u1eb7t c\u1ea3m bi\u1ebfn b\u1eb1ng nh\u1ef1a<\/p>\n<h3><strong>C\u1ea3m bi\u1ebfn t\u1eeb Sick IME12-04BPSZW2S<\/strong><\/h3>\n<table class=\"sc-kgoBCf fnUeCZ w-full table table-bordered mt-3\" data-testid=\"specification-attributes\">\n<thead>\n<tr>\n<td><strong>Attribute<\/strong><\/td>\n<td><strong>Value<\/strong><\/td>\n<\/tr>\n<\/thead>\n<tbody>\n<tr>\n<td data-testid=\"specification-attributes-key\">Sensor Technology<\/td>\n<td data-testid=\"specification-attributes-value\">Inductive<\/td>\n<\/tr>\n<tr>\n<td data-testid=\"specification-attributes-key\">Body Style<\/td>\n<td data-testid=\"specification-attributes-value\">Barrel<\/td>\n<\/tr>\n<tr>\n<td data-testid=\"specification-attributes-key\">Thread Size<\/td>\n<td data-testid=\"specification-attributes-value\">M12 x 1<\/td>\n<\/tr>\n<tr>\n<td data-testid=\"specification-attributes-key\">Output Type<\/td>\n<td data-testid=\"specification-attributes-value\">PNP<\/td>\n<\/tr>\n<tr>\n<td data-testid=\"specification-attributes-key\">Detection Range<\/td>\n<td data-testid=\"specification-attributes-value\">4 mm<\/td>\n<\/tr>\n<tr>\n<td data-testid=\"specification-attributes-key\">Terminal Type<\/td>\n<td data-testid=\"specification-attributes-value\">Cable<\/td>\n<\/tr>\n<tr>\n<td data-testid=\"specification-attributes-key\">Supply Voltage<\/td>\n<td data-testid=\"specification-attributes-value\">10 \u2192 30 V dc<\/td>\n<\/tr>\n<tr>\n<td data-testid=\"specification-attributes-key\">IP Rating<\/td>\n<td data-testid=\"specification-attributes-value\">IP67<\/td>\n<\/tr>\n<tr>\n<td data-testid=\"specification-attributes-key\">Length<\/td>\n<td data-testid=\"specification-attributes-value\">63mm<\/td>\n<\/tr>\n<tr>\n<td data-testid=\"specification-attributes-key\">Width<\/td>\n<td data-testid=\"specification-attributes-value\">12mm<\/td>\n<\/tr>\n<tr>\n<td data-testid=\"specification-attributes-key\">Maximum DC Voltage<\/td>\n<td data-testid=\"specification-attributes-value\">30V<\/td>\n<\/tr>\n<tr>\n<td data-testid=\"specification-attributes-key\">Mounting Type<\/td>\n<td data-testid=\"specification-attributes-value\">Flush<\/td>\n<\/tr>\n<tr>\n<td data-testid=\"specification-attributes-key\">Switching Current<\/td>\n<td data-testid=\"specification-attributes-value\">200 mA<\/td>\n<\/tr>\n<tr>\n<td data-testid=\"specification-attributes-key\">Maximum Operating Temperature<\/td>\n<td data-testid=\"specification-attributes-value\">+75\u00b0C<\/td>\n<\/tr>\n<tr>\n<td data-testid=\"specification-attributes-key\">Shielding<\/td>\n<td data-testid=\"specification-attributes-value\">Shielded<\/td>\n<\/tr>\n<tr>\n<td data-testid=\"specification-attributes-key\">Housing Material<\/td>\n<td data-testid=\"specification-attributes-value\">Brass Nickel Plated<\/td>\n<\/tr>\n<tr>\n<td data-testid=\"specification-attributes-key\">Maximum Switching Frequency<\/td>\n<td data-testid=\"specification-attributes-value\">2kHz<\/td>\n<\/tr>\n<tr>\n<td data-testid=\"specification-attributes-key\">Reverse Polarity Protection<\/td>\n<td data-testid=\"specification-attributes-value\">Yes<\/td>\n<\/tr>\n<tr>\n<td data-testid=\"specification-attributes-key\">Short Circuit Overload Protection<\/td>\n<td data-testid=\"specification-attributes-value\">Yes<\/td>\n<\/tr>\n<tr>\n<td data-testid=\"specification-attributes-key\">Minimum Operating Temperature<\/td>\n<td data-testid=\"specification-attributes-value\">-25\u00b0C<\/td>\n<\/tr>\n<\/tbody>\n<\/table>\n<p>\u0110\u1ea1i l\u00fd SICK vietnam, SICK viet nam, SICK vietnam distributor, Ph\u00e2n ph\u1ed1i SICK t\u1ea1i vi\u1ec7t nam<\/p>\n<p>\u0110\u1ea1i l\u00fd SICK vietnam, SICK viet nam, SICK vietnam distributor, Ph\u00e2n ph\u1ed1i SICK t\u1ea1i vi\u1ec7t nam<\/p>\n<p>\u0110\u1ea1i l\u00fd SICK vietnam, SICK viet nam, SICK vietnam distributor, Ph\u00e2n ph\u1ed1i SICK t\u1ea1i vi\u1ec7t nam<\/p>\n","protected":false},"excerpt":{"rendered":"<p>SICK IME12-04BPSZW2S C\u1ea3m bi\u1ebfn t\u1eeb Sick IME12-04BPSZW2S T\u1ed5ng quan IME Lo\u1ea1i ti\u00eau chu\u1ea9n, kinh t\u1ebf \u0111\u1ec3 s\u1eed d\u1ee5ng trong m\u00f4i tr\u01b0\u1eddng c\u00f4ng nghi\u1ec7p C\u1ea3m bi\u1ebfn c\u1ea3m \u1ee9ng c\u1ee7a SICK mang l\u1ea1i kh\u1ea3 n\u0103ng ph\u00e1t hi\u1ec7n ch\u00ednh x\u00e1c, \u00edt th\u1eddi gian ng\u1eebng ho\u1ea1t \u0111\u1ed9ng h\u01a1n v\u00e0 tu\u1ed5i th\u1ecd l\u00e2u d\u00e0i. C\u1ea3m&hellip; <\/p>\n","protected":false},"featured_media":4868,"comment_status":"open","ping_status":"closed","template":"","meta":[],"product_cat":[297],"product_tag":[88,89,90],"class_list":{"0":"post-4867","1":"product","2":"type-product","3":"status-publish","4":"has-post-thumbnail","6":"product_cat-sick","7":"product_tag-cam-bien","8":"product_tag-dai-ly-sick-viet-nam","9":"product_tag-sick-viet-nam","11":"first","12":"instock","13":"shipping-taxable","14":"product-type-simple"},"yoast_head":"<!-- This site is optimized with the Yoast SEO plugin v22.8 - https:\/\/yoast.com\/wordpress\/plugins\/seo\/ -->\n<title>SICK IME12-04BPSZW2S - OMANI VI\u1ec6T NAM<\/title>\n<meta name=\"description\" content=\"SICK IME12-04BPSZW2S Sensor\" \/>\n<meta name=\"robots\" content=\"index, follow, max-snippet:-1, max-image-preview:large, max-video-preview:-1\" \/>\n<link rel=\"canonical\" href=\"https:\/\/omanivietnam.com\/index.php\/san-pham\/sick-ime12-04bpszw2s\/\" \/>\n<meta property=\"og:locale\" content=\"vi_VN\" \/>\n<meta property=\"og:type\" content=\"article\" \/>\n<meta property=\"og:title\" content=\"SICK IME12-04BPSZW2S - OMANI VI\u1ec6T NAM\" \/>\n<meta property=\"og:description\" content=\"SICK IME12-04BPSZW2S Sensor\" \/>\n<meta property=\"og:url\" content=\"https:\/\/omanivietnam.com\/index.php\/san-pham\/sick-ime12-04bpszw2s\/\" \/>\n<meta property=\"og:site_name\" content=\"OMANI VI\u1ec6T NAM\" \/>\n<meta property=\"article:modified_time\" content=\"2026-04-16T11:00:50+00:00\" \/>\n<meta property=\"og:image\" content=\"https:\/\/omanivietnam.com\/wp-content\/uploads\/2026\/04\/IME12-04BPSZW2S.png\" \/>\n\t<meta property=\"og:image:width\" content=\"621\" \/>\n\t<meta property=\"og:image:height\" content=\"619\" \/>\n\t<meta property=\"og:image:type\" content=\"image\/png\" \/>\n<meta name=\"twitter:card\" content=\"summary_large_image\" \/>\n<meta name=\"twitter:label1\" content=\"\u01af\u1edbc t\u00ednh th\u1eddi gian \u0111\u1ecdc\" \/>\n\t<meta name=\"twitter:data1\" content=\"3 ph\u00fat\" \/>\n<script type=\"application\/ld+json\" class=\"yoast-schema-graph\">{\"@context\":\"https:\/\/schema.org\",\"@graph\":[{\"@type\":\"WebPage\",\"@id\":\"https:\/\/omanivietnam.com\/index.php\/san-pham\/sick-ime12-04bpszw2s\/\",\"url\":\"https:\/\/omanivietnam.com\/index.php\/san-pham\/sick-ime12-04bpszw2s\/\",\"name\":\"SICK IME12-04BPSZW2S - OMANI VI\u1ec6T NAM\",\"isPartOf\":{\"@id\":\"https:\/\/omanivietnam.com\/#website\"},\"primaryImageOfPage\":{\"@id\":\"https:\/\/omanivietnam.com\/index.php\/san-pham\/sick-ime12-04bpszw2s\/#primaryimage\"},\"image\":{\"@id\":\"https:\/\/omanivietnam.com\/index.php\/san-pham\/sick-ime12-04bpszw2s\/#primaryimage\"},\"thumbnailUrl\":\"https:\/\/omanivietnam.com\/wp-content\/uploads\/2026\/04\/IME12-04BPSZW2S.png\",\"datePublished\":\"2026-04-16T10:53:45+00:00\",\"dateModified\":\"2026-04-16T11:00:50+00:00\",\"description\":\"SICK IME12-04BPSZW2S Sensor\",\"breadcrumb\":{\"@id\":\"https:\/\/omanivietnam.com\/index.php\/san-pham\/sick-ime12-04bpszw2s\/#breadcrumb\"},\"inLanguage\":\"vi\",\"potentialAction\":[{\"@type\":\"ReadAction\",\"target\":[\"https:\/\/omanivietnam.com\/index.php\/san-pham\/sick-ime12-04bpszw2s\/\"]}]},{\"@type\":\"ImageObject\",\"inLanguage\":\"vi\",\"@id\":\"https:\/\/omanivietnam.com\/index.php\/san-pham\/sick-ime12-04bpszw2s\/#primaryimage\",\"url\":\"https:\/\/omanivietnam.com\/wp-content\/uploads\/2026\/04\/IME12-04BPSZW2S.png\",\"contentUrl\":\"https:\/\/omanivietnam.com\/wp-content\/uploads\/2026\/04\/IME12-04BPSZW2S.png\",\"width\":621,\"height\":619},{\"@type\":\"BreadcrumbList\",\"@id\":\"https:\/\/omanivietnam.com\/index.php\/san-pham\/sick-ime12-04bpszw2s\/#breadcrumb\",\"itemListElement\":[{\"@type\":\"ListItem\",\"position\":1,\"name\":\"Home\",\"item\":\"https:\/\/omanivietnam.com\/\"},{\"@type\":\"ListItem\",\"position\":2,\"name\":\"S\u1ea2N PH\u1ea8M\",\"item\":\"https:\/\/omanivietnam.com\/index.php\/cua-hang\/\"},{\"@type\":\"ListItem\",\"position\":3,\"name\":\"SICK IME12-04BPSZW2S\"}]},{\"@type\":\"WebSite\",\"@id\":\"https:\/\/omanivietnam.com\/#website\",\"url\":\"https:\/\/omanivietnam.com\/\",\"name\":\"OMANI VI\u1ec6T NAM\",\"description\":\"Nh\u00e0 ph\u00e2n ph\u1ed1i thi\u1ebft b\u1ecb kh\u00ed n\u00e9n v\u00e0 thi\u1ebft b\u1ecb t\u1ef1 \u0111\u1ed9ng h\u00f3a trong c\u00f4ng nghi\u1ec7p\",\"publisher\":{\"@id\":\"https:\/\/omanivietnam.com\/#\/schema\/person\/0ad398a980dc3fd696111c2c5c8fa897\"},\"potentialAction\":[{\"@type\":\"SearchAction\",\"target\":{\"@type\":\"EntryPoint\",\"urlTemplate\":\"https:\/\/omanivietnam.com\/?s={search_term_string}\"},\"query-input\":\"required name=search_term_string\"}],\"inLanguage\":\"vi\"},{\"@type\":[\"Person\",\"Organization\"],\"@id\":\"https:\/\/omanivietnam.com\/#\/schema\/person\/0ad398a980dc3fd696111c2c5c8fa897\",\"name\":\"Nguy\u1ec5n V\u0103n Kh\u00e1nh\",\"image\":{\"@type\":\"ImageObject\",\"inLanguage\":\"vi\",\"@id\":\"https:\/\/omanivietnam.com\/#\/schema\/person\/image\/\",\"url\":\"https:\/\/omanivietnam.com\/wp-content\/uploads\/2024\/06\/logo-1024x1024.png\",\"contentUrl\":\"https:\/\/omanivietnam.com\/wp-content\/uploads\/2024\/06\/logo-1024x1024.png\",\"width\":1024,\"height\":1024,\"caption\":\"Nguy\u1ec5n V\u0103n Kh\u00e1nh\"},\"logo\":{\"@id\":\"https:\/\/omanivietnam.com\/#\/schema\/person\/image\/\"},\"sameAs\":[\"https:\/\/omanivietnam.com\"]}]}<\/script>\n<!-- \/ Yoast SEO plugin. -->","yoast_head_json":{"title":"SICK IME12-04BPSZW2S - OMANI VI\u1ec6T NAM","description":"SICK IME12-04BPSZW2S Sensor","robots":{"index":"index","follow":"follow","max-snippet":"max-snippet:-1","max-image-preview":"max-image-preview:large","max-video-preview":"max-video-preview:-1"},"canonical":"https:\/\/omanivietnam.com\/index.php\/san-pham\/sick-ime12-04bpszw2s\/","og_locale":"vi_VN","og_type":"article","og_title":"SICK IME12-04BPSZW2S - OMANI VI\u1ec6T NAM","og_description":"SICK IME12-04BPSZW2S Sensor","og_url":"https:\/\/omanivietnam.com\/index.php\/san-pham\/sick-ime12-04bpszw2s\/","og_site_name":"OMANI VI\u1ec6T NAM","article_modified_time":"2026-04-16T11:00:50+00:00","og_image":[{"width":621,"height":619,"url":"https:\/\/omanivietnam.com\/wp-content\/uploads\/2026\/04\/IME12-04BPSZW2S.png","type":"image\/png"}],"twitter_card":"summary_large_image","twitter_misc":{"\u01af\u1edbc t\u00ednh th\u1eddi gian \u0111\u1ecdc":"3 ph\u00fat"},"schema":{"@context":"https:\/\/schema.org","@graph":[{"@type":"WebPage","@id":"https:\/\/omanivietnam.com\/index.php\/san-pham\/sick-ime12-04bpszw2s\/","url":"https:\/\/omanivietnam.com\/index.php\/san-pham\/sick-ime12-04bpszw2s\/","name":"SICK IME12-04BPSZW2S - OMANI VI\u1ec6T NAM","isPartOf":{"@id":"https:\/\/omanivietnam.com\/#website"},"primaryImageOfPage":{"@id":"https:\/\/omanivietnam.com\/index.php\/san-pham\/sick-ime12-04bpszw2s\/#primaryimage"},"image":{"@id":"https:\/\/omanivietnam.com\/index.php\/san-pham\/sick-ime12-04bpszw2s\/#primaryimage"},"thumbnailUrl":"https:\/\/omanivietnam.com\/wp-content\/uploads\/2026\/04\/IME12-04BPSZW2S.png","datePublished":"2026-04-16T10:53:45+00:00","dateModified":"2026-04-16T11:00:50+00:00","description":"SICK IME12-04BPSZW2S Sensor","breadcrumb":{"@id":"https:\/\/omanivietnam.com\/index.php\/san-pham\/sick-ime12-04bpszw2s\/#breadcrumb"},"inLanguage":"vi","potentialAction":[{"@type":"ReadAction","target":["https:\/\/omanivietnam.com\/index.php\/san-pham\/sick-ime12-04bpszw2s\/"]}]},{"@type":"ImageObject","inLanguage":"vi","@id":"https:\/\/omanivietnam.com\/index.php\/san-pham\/sick-ime12-04bpszw2s\/#primaryimage","url":"https:\/\/omanivietnam.com\/wp-content\/uploads\/2026\/04\/IME12-04BPSZW2S.png","contentUrl":"https:\/\/omanivietnam.com\/wp-content\/uploads\/2026\/04\/IME12-04BPSZW2S.png","width":621,"height":619},{"@type":"BreadcrumbList","@id":"https:\/\/omanivietnam.com\/index.php\/san-pham\/sick-ime12-04bpszw2s\/#breadcrumb","itemListElement":[{"@type":"ListItem","position":1,"name":"Home","item":"https:\/\/omanivietnam.com\/"},{"@type":"ListItem","position":2,"name":"S\u1ea2N PH\u1ea8M","item":"https:\/\/omanivietnam.com\/index.php\/cua-hang\/"},{"@type":"ListItem","position":3,"name":"SICK IME12-04BPSZW2S"}]},{"@type":"WebSite","@id":"https:\/\/omanivietnam.com\/#website","url":"https:\/\/omanivietnam.com\/","name":"OMANI VI\u1ec6T NAM","description":"Nh\u00e0 ph\u00e2n ph\u1ed1i thi\u1ebft b\u1ecb kh\u00ed n\u00e9n v\u00e0 thi\u1ebft b\u1ecb t\u1ef1 \u0111\u1ed9ng h\u00f3a trong c\u00f4ng nghi\u1ec7p","publisher":{"@id":"https:\/\/omanivietnam.com\/#\/schema\/person\/0ad398a980dc3fd696111c2c5c8fa897"},"potentialAction":[{"@type":"SearchAction","target":{"@type":"EntryPoint","urlTemplate":"https:\/\/omanivietnam.com\/?s={search_term_string}"},"query-input":"required name=search_term_string"}],"inLanguage":"vi"},{"@type":["Person","Organization"],"@id":"https:\/\/omanivietnam.com\/#\/schema\/person\/0ad398a980dc3fd696111c2c5c8fa897","name":"Nguy\u1ec5n V\u0103n Kh\u00e1nh","image":{"@type":"ImageObject","inLanguage":"vi","@id":"https:\/\/omanivietnam.com\/#\/schema\/person\/image\/","url":"https:\/\/omanivietnam.com\/wp-content\/uploads\/2024\/06\/logo-1024x1024.png","contentUrl":"https:\/\/omanivietnam.com\/wp-content\/uploads\/2024\/06\/logo-1024x1024.png","width":1024,"height":1024,"caption":"Nguy\u1ec5n V\u0103n Kh\u00e1nh"},"logo":{"@id":"https:\/\/omanivietnam.com\/#\/schema\/person\/image\/"},"sameAs":["https:\/\/omanivietnam.com"]}]}},"_links":{"self":[{"href":"https:\/\/omanivietnam.com\/index.php\/wp-json\/wp\/v2\/product\/4867","targetHints":{"allow":["GET"]}}],"collection":[{"href":"https:\/\/omanivietnam.com\/index.php\/wp-json\/wp\/v2\/product"}],"about":[{"href":"https:\/\/omanivietnam.com\/index.php\/wp-json\/wp\/v2\/types\/product"}],"replies":[{"embeddable":true,"href":"https:\/\/omanivietnam.com\/index.php\/wp-json\/wp\/v2\/comments?post=4867"}],"wp:featuredmedia":[{"embeddable":true,"href":"https:\/\/omanivietnam.com\/index.php\/wp-json\/wp\/v2\/media\/4868"}],"wp:attachment":[{"href":"https:\/\/omanivietnam.com\/index.php\/wp-json\/wp\/v2\/media?parent=4867"}],"wp:term":[{"taxonomy":"product_cat","embeddable":true,"href":"https:\/\/omanivietnam.com\/index.php\/wp-json\/wp\/v2\/product_cat?post=4867"},{"taxonomy":"product_tag","embeddable":true,"href":"https:\/\/omanivietnam.com\/index.php\/wp-json\/wp\/v2\/product_tag?post=4867"}],"curies":[{"name":"wp","href":"https:\/\/api.w.org\/{rel}","templated":true}]}}