{"id":4874,"date":"2026-04-19T15:31:00","date_gmt":"2026-04-19T08:31:00","guid":{"rendered":"https:\/\/omanivietnam.com\/?post_type=product&#038;p=4874"},"modified":"2026-04-19T15:33:10","modified_gmt":"2026-04-19T08:33:10","slug":"woonyoung-wyfs10t1ad","status":"publish","type":"product","link":"https:\/\/omanivietnam.com\/index.php\/san-pham\/woonyoung-wyfs10t1ad\/","title":{"rendered":"WOONYOUNG WYFS10T1AD"},"content":{"rendered":"<p>WOONYOUNG WYFS10T1AD<\/p>\n<p>WYFT10T1AD, WYFS06T1AD, WYFS15T1AD, WYFS20T1AD, WYFS30T1AD<\/p>\n<div>SKU:\u00a0WYFS10T1AD<\/div>\n<div>\u0110i\u1ec7n \u00e1p:\u00a01 Pha 250V<\/div>\n<div>D\u00f2ng \u0111i\u1ec7n \u0111\u1ecbnh m\u1ee9c:\u00a010A<\/div>\n<div>D\u00f2ng series:\u00a0WYF series<\/div>\n<div>H\u00e3ng s\u1ea3n xu\u1ea5t:\u00a0WOONYOUNG<\/div>\n<div>Nh\u00f3m s\u1ea3n ph\u1ea9m:\u00a0WOONYOUNG<\/div>\n<div>Tr\u1ecdng l\u01b0\u1ee3ng:\u00a0300 gram<\/div>\n<div>Xu\u1ea5t x\u1ee9:\u00a0H\u00e0n Qu\u1ed1c<\/div>\n<div>\n<ul id=\"tab-content\" class=\"uk-switcher tab-content\">\n<li class=\"uk-active\" aria-hidden=\"false\">\n<article class=\"article\">B\u1ed9 l\u1ecdc ngu\u1ed3n \u0111i\u1ec7n 1 pha, b\u1ed9 l\u1ecdc cho ngu\u1ed3n \u0111i\u1ec7n 3 pha. L\u1ecdc c\u00e1c xung \u0111i\u1ec7n \u00e1p g\u00e2y nhi\u1ec5u c\u00e1c thi\u1ebft b\u1ecb, s\u1eed d\u1ee5ng cho c\u00e1c b\u1ed9 ngu\u1ed3n xung, m\u00e1y h\u00e0n, UPS, M\u00e1y d\u1ec7t, oscilloscopes, m\u00e1y t\u00ednh c\u00f4ng nghi\u1ec7p, b\u1ed9 \u0111i\u1ec1u khi\u1ec3n, bi\u1ebfn t\u1ea7n, driver servo, driver step, v\u00e0 c\u00e1c thi\u1ebft b\u1ecb kh\u00e1c. \u0110\u1eb7c bi\u1ec7t l\u00e0 c\u00e1c thi\u1ebft c\u00f3 s\u1eed d\u1ee5ng t\u00edn hi\u1ec7u analog, try\u1ec1n xa, RS485 n\u1ebfu kh\u00f4ng l\u1eafp l\u1ecdc ngu\u1ed3n th\u00ec s\u1ebd b\u1ecb nhi\u1ec5u, t\u00edn hi\u1ec7u sai, ch\u1eadp ch\u1eddn, b\u1edfi c\u00e1c xung \u0111i\u1ec7n \u00e1p (s\u00f3ng mang) t\u1eeb c\u00e1c thi\u1ebft b\u1ecb kh\u00e1c, \u0111i\u1ec3n h\u00ecnh nh\u01b0 l\u00e0 t\u1eeb bi\u1ebfn t\u1ea7n. B\u1ed9 l\u1ecdc ngu\u1ed3n cho ra ngu\u1ed3n \u0111i\u1ec7n \u201cs\u1ea1ch\u201d, \u1ed5n \u0111\u1ecbnh. B\u1ed9 l\u1ecdc nhi\u1ec5u \u0111\u1ed3ng th\u1eddi c\u0169ng l\u1ecdc c\u00e1c s\u00f3ng nhi\u1ec5u sinh ra t\u1eeb thi\u1ebft b\u1ecb quay ng\u01b0\u1ee3c v\u00e0o h\u1ec7 th\u1ed1ng, s\u1ebd gi\u00fap cho c\u00e1c thi\u1ebft b\u1ecb xung quanh ho\u1ea1t \u0111\u1ed9ng \u1ed5n \u0111\u1ecbnh, ch\u00ednh x\u00e1c, v\u00e0 t\u0103ng tu\u1ed5i th\u1ecd. L\u1ecdc ngu\u1ed3n cho m\u00e1y t\u00ednh, l\u1ecdc ngu\u1ed3n cho thi\u1ebft b\u1ecb \u00e2m thanh, h\u1ec7 th\u1ed1ng camera, l\u1ecdc ngu\u1ed3n cho m\u00e1y CNC, c\u00e1c thi\u1ebft b\u1ecb g\u00e2y nhi\u1ec5u trong gia \u0111\u00ecnh nh\u01b0 m\u00e1y s\u00e1y, m\u00e1y xay sinh t\u1ed1, m\u00e1y h\u00e0n, m\u00e1y khoang\u2026 B\u1ed9 l\u1ecdc ngu\u1ed3n l\u1ecdc \u0111i\u1ec7n s\u1ea1ch cho c\u00e1c thi\u1ebft b\u1ecb m\u00e0 xung quanh n\u00f3 c\u00f3 c\u00e1c thi\u1ebft b\u1ecb g\u00e2y nhi\u1ec5u cao nh\u01b0 bi\u1ebfn t\u1ea7n, m\u00e1y h\u00e0n, m\u00e1y c\u1eaft\u2026Th\u00f4ng s\u1ed1 k\u0129 thu\u1eadt<\/p>\n<ul>\n<li>D\u00f2ng \u0111\u1ecbnh m\u1ee9c 10A<\/li>\n<li>\u0110i\u1ec7n \u00e1p 250V<\/li>\n<li>C\u00f3 th\u1ec3\u00a0G\u1eafn tr\u00ean thanh rail<\/li>\n<li>Gi\u00e1 th\u1ea5p<\/li>\n<li>D\u00f2ng r\u00f2 th\u1ea5p 0,8mA<\/li>\n<li>\u0110i\u1ec7n tr\u1edf c\u00e1ch \u0111i\u1ec7n 300MOhm<\/li>\n<li>Nhi\u1ec7t \u0111\u1ed9 ho\u1ea1t \u0111\u1ed9ng: -25-85\u00a0\u00b0C<\/li>\n<li>\u0110\u1ed9 r\u1ed9ng b\u0103ng t\u1ea7n: 150KHz-30MHz<\/li>\n<li>Tu\u00e2n th\u1ee7 RoHS<\/li>\n<\/ul>\n<p>B\u1ed9 L\u1ecdc Nhi\u1ec5u Ngu\u1ed3n \u0110i\u1ec7n Woonyoung 1P WYFS06T1B, WYFS10T1A(M), WYFS10T1AD, WYFS15T1A, WYFS15T1MD, WYFS20T1AD<\/p>\n<p>WYFS06T1A WYFS10T1A WYFS15T1A WYFS20T1A WYFS30T1A WYFS06T1AD WYFS10T1AD WYFS15T1AD WYFS20T1AD WYFS30T1AD<\/p>\n<\/article>\n<p>\u0110\u1ea1i l\u00fd WOONYOUNG vietnam, WOONYOUNG viet nam, WOONYOUNG vietnam distributor, Ph\u00e2n ph\u1ed1i WOONYOUNG t\u1ea1i vi\u1ec7t nam<\/p>\n<p>\u0110\u1ea1i l\u00fd WOONYOUNG vietnam, WOONYOUNG viet nam, WOONYOUNG vietnam distributor, Ph\u00e2n ph\u1ed1i WOONYOUNG t\u1ea1i vi\u1ec7t nam<\/li>\n<\/ul>\n<p>\u0110\u1ea1i l\u00fd WOONYOUNG vietnam, WOONYOUNG viet nam, WOONYOUNG vietnam distributor, Ph\u00e2n ph\u1ed1i WOONYOUNG t\u1ea1i vi\u1ec7t nam<\/p>\n<\/div>\n","protected":false},"excerpt":{"rendered":"<p>WOONYOUNG WYFS10T1AD WYFT10T1AD, WYFS06T1AD, WYFS15T1AD, WYFS20T1AD, WYFS30T1AD SKU:\u00a0WYFS10T1AD \u0110i\u1ec7n \u00e1p:\u00a01 Pha 250V D\u00f2ng \u0111i\u1ec7n \u0111\u1ecbnh m\u1ee9c:\u00a010A D\u00f2ng series:\u00a0WYF series H\u00e3ng s\u1ea3n xu\u1ea5t:\u00a0WOONYOUNG Nh\u00f3m s\u1ea3n ph\u1ea9m:\u00a0WOONYOUNG Tr\u1ecdng l\u01b0\u1ee3ng:\u00a0300 gram Xu\u1ea5t x\u1ee9:\u00a0H\u00e0n Qu\u1ed1c B\u1ed9 l\u1ecdc ngu\u1ed3n \u0111i\u1ec7n 1 pha, b\u1ed9 l\u1ecdc cho ngu\u1ed3n \u0111i\u1ec7n 3 pha. L\u1ecdc c\u00e1c xung \u0111i\u1ec7n \u00e1p g\u00e2y&hellip; <\/p>\n","protected":false},"featured_media":4875,"comment_status":"open","ping_status":"closed","template":"","meta":[],"product_cat":[928],"product_tag":[238,930,929],"class_list":{"0":"post-4874","1":"product","2":"type-product","3":"status-publish","4":"has-post-thumbnail","6":"product_cat-woonyoung","7":"product_tag-bo-loc","8":"product_tag-dai-ly-woonyoung-viet-nam","9":"product_tag-woonyoung-viet-nam","11":"first","12":"instock","13":"shipping-taxable","14":"product-type-simple"},"yoast_head":"<!-- This site is optimized with the Yoast SEO plugin v22.8 - https:\/\/yoast.com\/wordpress\/plugins\/seo\/ -->\n<title>WOONYOUNG WYFS10T1AD - OMANI VI\u1ec6T NAM<\/title>\n<meta name=\"description\" content=\"WOONYOUNG WYFS10T1AD Noise Filter\" \/>\n<meta name=\"robots\" content=\"index, follow, max-snippet:-1, max-image-preview:large, max-video-preview:-1\" \/>\n<link rel=\"canonical\" href=\"https:\/\/omanivietnam.com\/index.php\/san-pham\/woonyoung-wyfs10t1ad\/\" \/>\n<meta property=\"og:locale\" content=\"vi_VN\" \/>\n<meta property=\"og:type\" content=\"article\" \/>\n<meta property=\"og:title\" content=\"WOONYOUNG WYFS10T1AD - OMANI VI\u1ec6T NAM\" \/>\n<meta property=\"og:description\" content=\"WOONYOUNG WYFS10T1AD Noise Filter\" \/>\n<meta property=\"og:url\" content=\"https:\/\/omanivietnam.com\/index.php\/san-pham\/woonyoung-wyfs10t1ad\/\" \/>\n<meta property=\"og:site_name\" content=\"OMANI VI\u1ec6T NAM\" \/>\n<meta property=\"article:modified_time\" content=\"2026-04-19T08:33:10+00:00\" \/>\n<meta property=\"og:image\" content=\"https:\/\/omanivietnam.com\/wp-content\/uploads\/2026\/04\/WYFS10T1AD.png\" \/>\n\t<meta property=\"og:image:width\" content=\"689\" \/>\n\t<meta property=\"og:image:height\" content=\"915\" \/>\n\t<meta property=\"og:image:type\" content=\"image\/png\" \/>\n<meta name=\"twitter:card\" content=\"summary_large_image\" \/>\n<meta name=\"twitter:label1\" content=\"\u01af\u1edbc t\u00ednh th\u1eddi gian \u0111\u1ecdc\" \/>\n\t<meta name=\"twitter:data1\" content=\"3 ph\u00fat\" \/>\n<script type=\"application\/ld+json\" class=\"yoast-schema-graph\">{\"@context\":\"https:\/\/schema.org\",\"@graph\":[{\"@type\":\"WebPage\",\"@id\":\"https:\/\/omanivietnam.com\/index.php\/san-pham\/woonyoung-wyfs10t1ad\/\",\"url\":\"https:\/\/omanivietnam.com\/index.php\/san-pham\/woonyoung-wyfs10t1ad\/\",\"name\":\"WOONYOUNG WYFS10T1AD - OMANI VI\u1ec6T NAM\",\"isPartOf\":{\"@id\":\"https:\/\/omanivietnam.com\/#website\"},\"primaryImageOfPage\":{\"@id\":\"https:\/\/omanivietnam.com\/index.php\/san-pham\/woonyoung-wyfs10t1ad\/#primaryimage\"},\"image\":{\"@id\":\"https:\/\/omanivietnam.com\/index.php\/san-pham\/woonyoung-wyfs10t1ad\/#primaryimage\"},\"thumbnailUrl\":\"https:\/\/omanivietnam.com\/wp-content\/uploads\/2026\/04\/WYFS10T1AD.png\",\"datePublished\":\"2026-04-19T08:31:00+00:00\",\"dateModified\":\"2026-04-19T08:33:10+00:00\",\"description\":\"WOONYOUNG WYFS10T1AD Noise Filter\",\"breadcrumb\":{\"@id\":\"https:\/\/omanivietnam.com\/index.php\/san-pham\/woonyoung-wyfs10t1ad\/#breadcrumb\"},\"inLanguage\":\"vi\",\"potentialAction\":[{\"@type\":\"ReadAction\",\"target\":[\"https:\/\/omanivietnam.com\/index.php\/san-pham\/woonyoung-wyfs10t1ad\/\"]}]},{\"@type\":\"ImageObject\",\"inLanguage\":\"vi\",\"@id\":\"https:\/\/omanivietnam.com\/index.php\/san-pham\/woonyoung-wyfs10t1ad\/#primaryimage\",\"url\":\"https:\/\/omanivietnam.com\/wp-content\/uploads\/2026\/04\/WYFS10T1AD.png\",\"contentUrl\":\"https:\/\/omanivietnam.com\/wp-content\/uploads\/2026\/04\/WYFS10T1AD.png\",\"width\":689,\"height\":915},{\"@type\":\"BreadcrumbList\",\"@id\":\"https:\/\/omanivietnam.com\/index.php\/san-pham\/woonyoung-wyfs10t1ad\/#breadcrumb\",\"itemListElement\":[{\"@type\":\"ListItem\",\"position\":1,\"name\":\"Home\",\"item\":\"https:\/\/omanivietnam.com\/\"},{\"@type\":\"ListItem\",\"position\":2,\"name\":\"S\u1ea2N PH\u1ea8M\",\"item\":\"https:\/\/omanivietnam.com\/index.php\/cua-hang\/\"},{\"@type\":\"ListItem\",\"position\":3,\"name\":\"WOONYOUNG WYFS10T1AD\"}]},{\"@type\":\"WebSite\",\"@id\":\"https:\/\/omanivietnam.com\/#website\",\"url\":\"https:\/\/omanivietnam.com\/\",\"name\":\"OMANI VI\u1ec6T NAM\",\"description\":\"Nh\u00e0 ph\u00e2n ph\u1ed1i thi\u1ebft b\u1ecb kh\u00ed n\u00e9n v\u00e0 thi\u1ebft b\u1ecb t\u1ef1 \u0111\u1ed9ng h\u00f3a trong c\u00f4ng nghi\u1ec7p\",\"publisher\":{\"@id\":\"https:\/\/omanivietnam.com\/#\/schema\/person\/0ad398a980dc3fd696111c2c5c8fa897\"},\"potentialAction\":[{\"@type\":\"SearchAction\",\"target\":{\"@type\":\"EntryPoint\",\"urlTemplate\":\"https:\/\/omanivietnam.com\/?s={search_term_string}\"},\"query-input\":\"required name=search_term_string\"}],\"inLanguage\":\"vi\"},{\"@type\":[\"Person\",\"Organization\"],\"@id\":\"https:\/\/omanivietnam.com\/#\/schema\/person\/0ad398a980dc3fd696111c2c5c8fa897\",\"name\":\"Nguy\u1ec5n V\u0103n Kh\u00e1nh\",\"image\":{\"@type\":\"ImageObject\",\"inLanguage\":\"vi\",\"@id\":\"https:\/\/omanivietnam.com\/#\/schema\/person\/image\/\",\"url\":\"https:\/\/omanivietnam.com\/wp-content\/uploads\/2024\/06\/logo-1024x1024.png\",\"contentUrl\":\"https:\/\/omanivietnam.com\/wp-content\/uploads\/2024\/06\/logo-1024x1024.png\",\"width\":1024,\"height\":1024,\"caption\":\"Nguy\u1ec5n V\u0103n Kh\u00e1nh\"},\"logo\":{\"@id\":\"https:\/\/omanivietnam.com\/#\/schema\/person\/image\/\"},\"sameAs\":[\"https:\/\/omanivietnam.com\"]}]}<\/script>\n<!-- \/ Yoast SEO plugin. -->","yoast_head_json":{"title":"WOONYOUNG WYFS10T1AD - OMANI VI\u1ec6T NAM","description":"WOONYOUNG WYFS10T1AD Noise Filter","robots":{"index":"index","follow":"follow","max-snippet":"max-snippet:-1","max-image-preview":"max-image-preview:large","max-video-preview":"max-video-preview:-1"},"canonical":"https:\/\/omanivietnam.com\/index.php\/san-pham\/woonyoung-wyfs10t1ad\/","og_locale":"vi_VN","og_type":"article","og_title":"WOONYOUNG WYFS10T1AD - OMANI VI\u1ec6T NAM","og_description":"WOONYOUNG WYFS10T1AD Noise Filter","og_url":"https:\/\/omanivietnam.com\/index.php\/san-pham\/woonyoung-wyfs10t1ad\/","og_site_name":"OMANI VI\u1ec6T NAM","article_modified_time":"2026-04-19T08:33:10+00:00","og_image":[{"width":689,"height":915,"url":"https:\/\/omanivietnam.com\/wp-content\/uploads\/2026\/04\/WYFS10T1AD.png","type":"image\/png"}],"twitter_card":"summary_large_image","twitter_misc":{"\u01af\u1edbc t\u00ednh th\u1eddi gian \u0111\u1ecdc":"3 ph\u00fat"},"schema":{"@context":"https:\/\/schema.org","@graph":[{"@type":"WebPage","@id":"https:\/\/omanivietnam.com\/index.php\/san-pham\/woonyoung-wyfs10t1ad\/","url":"https:\/\/omanivietnam.com\/index.php\/san-pham\/woonyoung-wyfs10t1ad\/","name":"WOONYOUNG WYFS10T1AD - OMANI VI\u1ec6T NAM","isPartOf":{"@id":"https:\/\/omanivietnam.com\/#website"},"primaryImageOfPage":{"@id":"https:\/\/omanivietnam.com\/index.php\/san-pham\/woonyoung-wyfs10t1ad\/#primaryimage"},"image":{"@id":"https:\/\/omanivietnam.com\/index.php\/san-pham\/woonyoung-wyfs10t1ad\/#primaryimage"},"thumbnailUrl":"https:\/\/omanivietnam.com\/wp-content\/uploads\/2026\/04\/WYFS10T1AD.png","datePublished":"2026-04-19T08:31:00+00:00","dateModified":"2026-04-19T08:33:10+00:00","description":"WOONYOUNG WYFS10T1AD Noise Filter","breadcrumb":{"@id":"https:\/\/omanivietnam.com\/index.php\/san-pham\/woonyoung-wyfs10t1ad\/#breadcrumb"},"inLanguage":"vi","potentialAction":[{"@type":"ReadAction","target":["https:\/\/omanivietnam.com\/index.php\/san-pham\/woonyoung-wyfs10t1ad\/"]}]},{"@type":"ImageObject","inLanguage":"vi","@id":"https:\/\/omanivietnam.com\/index.php\/san-pham\/woonyoung-wyfs10t1ad\/#primaryimage","url":"https:\/\/omanivietnam.com\/wp-content\/uploads\/2026\/04\/WYFS10T1AD.png","contentUrl":"https:\/\/omanivietnam.com\/wp-content\/uploads\/2026\/04\/WYFS10T1AD.png","width":689,"height":915},{"@type":"BreadcrumbList","@id":"https:\/\/omanivietnam.com\/index.php\/san-pham\/woonyoung-wyfs10t1ad\/#breadcrumb","itemListElement":[{"@type":"ListItem","position":1,"name":"Home","item":"https:\/\/omanivietnam.com\/"},{"@type":"ListItem","position":2,"name":"S\u1ea2N PH\u1ea8M","item":"https:\/\/omanivietnam.com\/index.php\/cua-hang\/"},{"@type":"ListItem","position":3,"name":"WOONYOUNG WYFS10T1AD"}]},{"@type":"WebSite","@id":"https:\/\/omanivietnam.com\/#website","url":"https:\/\/omanivietnam.com\/","name":"OMANI VI\u1ec6T NAM","description":"Nh\u00e0 ph\u00e2n ph\u1ed1i thi\u1ebft b\u1ecb kh\u00ed n\u00e9n v\u00e0 thi\u1ebft b\u1ecb t\u1ef1 \u0111\u1ed9ng h\u00f3a trong c\u00f4ng nghi\u1ec7p","publisher":{"@id":"https:\/\/omanivietnam.com\/#\/schema\/person\/0ad398a980dc3fd696111c2c5c8fa897"},"potentialAction":[{"@type":"SearchAction","target":{"@type":"EntryPoint","urlTemplate":"https:\/\/omanivietnam.com\/?s={search_term_string}"},"query-input":"required name=search_term_string"}],"inLanguage":"vi"},{"@type":["Person","Organization"],"@id":"https:\/\/omanivietnam.com\/#\/schema\/person\/0ad398a980dc3fd696111c2c5c8fa897","name":"Nguy\u1ec5n V\u0103n Kh\u00e1nh","image":{"@type":"ImageObject","inLanguage":"vi","@id":"https:\/\/omanivietnam.com\/#\/schema\/person\/image\/","url":"https:\/\/omanivietnam.com\/wp-content\/uploads\/2024\/06\/logo-1024x1024.png","contentUrl":"https:\/\/omanivietnam.com\/wp-content\/uploads\/2024\/06\/logo-1024x1024.png","width":1024,"height":1024,"caption":"Nguy\u1ec5n V\u0103n Kh\u00e1nh"},"logo":{"@id":"https:\/\/omanivietnam.com\/#\/schema\/person\/image\/"},"sameAs":["https:\/\/omanivietnam.com"]}]}},"_links":{"self":[{"href":"https:\/\/omanivietnam.com\/index.php\/wp-json\/wp\/v2\/product\/4874","targetHints":{"allow":["GET"]}}],"collection":[{"href":"https:\/\/omanivietnam.com\/index.php\/wp-json\/wp\/v2\/product"}],"about":[{"href":"https:\/\/omanivietnam.com\/index.php\/wp-json\/wp\/v2\/types\/product"}],"replies":[{"embeddable":true,"href":"https:\/\/omanivietnam.com\/index.php\/wp-json\/wp\/v2\/comments?post=4874"}],"wp:featuredmedia":[{"embeddable":true,"href":"https:\/\/omanivietnam.com\/index.php\/wp-json\/wp\/v2\/media\/4875"}],"wp:attachment":[{"href":"https:\/\/omanivietnam.com\/index.php\/wp-json\/wp\/v2\/media?parent=4874"}],"wp:term":[{"taxonomy":"product_cat","embeddable":true,"href":"https:\/\/omanivietnam.com\/index.php\/wp-json\/wp\/v2\/product_cat?post=4874"},{"taxonomy":"product_tag","embeddable":true,"href":"https:\/\/omanivietnam.com\/index.php\/wp-json\/wp\/v2\/product_tag?post=4874"}],"curies":[{"name":"wp","href":"https:\/\/api.w.org\/{rel}","templated":true}]}}