{"id":4881,"date":"2026-04-22T14:36:47","date_gmt":"2026-04-22T07:36:47","guid":{"rendered":"https:\/\/omanivietnam.com\/?post_type=product&#038;p=4881"},"modified":"2026-04-22T14:38:16","modified_gmt":"2026-04-22T07:38:16","slug":"allen-bradley-22a-d8p7n104","status":"publish","type":"product","link":"https:\/\/omanivietnam.com\/index.php\/san-pham\/allen-bradley-22a-d8p7n104\/","title":{"rendered":"ALLEN BRADLEY 22A-D8P7N104"},"content":{"rendered":"<p>ALLEN BRADLEY 22A-D8P7N104<\/p>\n<table class=\"woocommerce-product-attributes shop_attributes\">\n<tbody>\n<tr>\n<td>Manufacturer:<\/td>\n<td>Rockwell Automation<\/td>\n<\/tr>\n<tr>\n<td>Series:<\/td>\n<td>PowerFlex 4<\/td>\n<\/tr>\n<tr>\n<td>Model:<\/td>\n<td>22A-D8P7N104<\/td>\n<\/tr>\n<tr>\n<td>Application:<\/td>\n<td>general purpose<\/td>\n<\/tr>\n<tr>\n<td>Capacity, kW:<\/td>\n<td>3,7<\/td>\n<\/tr>\n<tr>\n<td>Current, \u0410:<\/td>\n<td>8.7<\/td>\n<\/tr>\n<tr>\n<td>Main power supply, V:<\/td>\n<td>380-480<\/td>\n<\/tr>\n<tr>\n<td>Phase:<\/td>\n<td>3<\/td>\n<\/tr>\n<tr>\n<td>Output frequency, Hz:<\/td>\n<td>0-240<\/td>\n<\/tr>\n<tr>\n<td>Enclosure:<\/td>\n<td>IP20<\/td>\n<\/tr>\n<tr>\n<td>Overload capacity, % per 1 min.:<\/td>\n<td>150<\/td>\n<\/tr>\n<tr>\n<td>Acceleration time, sec:<\/td>\n<td>0-600<\/td>\n<\/tr>\n<tr>\n<td>Deceleration time, sec:<\/td>\n<td>0-600<\/td>\n<\/tr>\n<tr>\n<td>EMC filter:<\/td>\n<td>\u2013<\/td>\n<\/tr>\n<tr>\n<td>Braking unit:<\/td>\n<td>+<\/td>\n<\/tr>\n<tr>\n<td>Analog input:<\/td>\n<td>1<\/td>\n<\/tr>\n<tr>\n<td>Digital input:<\/td>\n<td>5<\/td>\n<\/tr>\n<tr>\n<td>Analog output:<\/td>\n<td>\u2013<\/td>\n<\/tr>\n<tr>\n<td>Digital output:<\/td>\n<td>\u2013<\/td>\n<\/tr>\n<tr>\n<td>Relay output:<\/td>\n<td>1<\/td>\n<\/tr>\n<tr>\n<td>RS485 (Modbus RTU):<\/td>\n<td>+<\/td>\n<\/tr>\n<tr>\n<td>PID:<\/td>\n<td>+<\/td>\n<\/tr>\n<tr>\n<td>V\/f control mode:<\/td>\n<td>+<\/td>\n<\/tr>\n<tr>\n<td>Vector control with feedback:<\/td>\n<td>\u2013<\/td>\n<\/tr>\n<tr>\n<td>Sensorless vector control:<\/td>\n<td>\u2013<\/td>\n<\/tr>\n<tr>\n<td>Operation temperature, \u00b0\u0421:<\/td>\n<td>-10\u2026\u2026+50<\/td>\n<\/tr>\n<tr>\n<td>Storage temperature, \u00b0\u0421:<\/td>\n<td>-40\u2026\u2026+85<\/td>\n<\/tr>\n<tr>\n<td>Dimensions (W x H x D), mm:<\/td>\n<td>100x180x136<\/td>\n<\/tr>\n<tr>\n<td>Weight, kg:<\/td>\n<td>2,2<\/td>\n<\/tr>\n<\/tbody>\n<\/table>\n<h2 id=\"tablepress-582-name\" class=\"tablepress-table-name tablepress-table-name-id-582\">Allen Bradley PowerFlex4<\/h2>\n<table id=\"tablepress-582\" class=\"tablepress tablepress-id-582\" aria-labelledby=\"tablepress-582-name\" aria-describedby=\"tablepress-582-description\">\n<thead>\n<tr class=\"row-1\">\n<th class=\"column-1\">SKU<\/th>\n<th class=\"column-2\">\u0110i\u1ec7n \u00e1p<\/th>\n<th class=\"column-3\">C\u00f4ng su\u1ea5t(kW)<\/th>\n<th class=\"column-4\">D\u00f2ng ch\u1ecbu t\u1ea3i(A)<\/th>\n<\/tr>\n<\/thead>\n<tbody class=\"row-striping row-hover\">\n<tr class=\"row-2\">\n<td class=\"column-1\">22A-V1P5N104<\/td>\n<td class=\"column-2\">100-120 (1ph)<\/td>\n<td class=\"column-3\">0,2<\/td>\n<td class=\"column-4\">1.5<\/td>\n<\/tr>\n<tr class=\"row-3\">\n<td class=\"column-1\">22A-V2P3N104<\/td>\n<td class=\"column-2\">100-120 (1ph)<\/td>\n<td class=\"column-3\">0,4<\/td>\n<td class=\"column-4\">2.3<\/td>\n<\/tr>\n<tr class=\"row-4\">\n<td class=\"column-1\">22A-V4P5N104<\/td>\n<td class=\"column-2\">100-120 (1ph)<\/td>\n<td class=\"column-3\">0,75<\/td>\n<td class=\"column-4\">4.5<\/td>\n<\/tr>\n<tr class=\"row-5\">\n<td class=\"column-1\">22A-V6P0N104<\/td>\n<td class=\"column-2\">100-120 (1ph)<\/td>\n<td class=\"column-3\">1,1<\/td>\n<td class=\"column-4\">6<\/td>\n<\/tr>\n<tr class=\"row-6\">\n<td class=\"column-1\">22A-A1P4N103<\/td>\n<td class=\"column-2\">200-240 (1ph)<\/td>\n<td class=\"column-3\">0,2<\/td>\n<td class=\"column-4\">1.4<\/td>\n<\/tr>\n<tr class=\"row-7\">\n<td class=\"column-1\">22A-A2P1N103<\/td>\n<td class=\"column-2\">200-240 (1ph)<\/td>\n<td class=\"column-3\">0,4<\/td>\n<td class=\"column-4\">2.1<\/td>\n<\/tr>\n<tr class=\"row-8\">\n<td class=\"column-1\">22A-A3P6N103<\/td>\n<td class=\"column-2\">200-240 (1ph)<\/td>\n<td class=\"column-3\">0,75<\/td>\n<td class=\"column-4\">3.6<\/td>\n<\/tr>\n<tr class=\"row-9\">\n<td class=\"column-1\">22A-A6P8N103<\/td>\n<td class=\"column-2\">200-240 (1ph)<\/td>\n<td class=\"column-3\">1,5<\/td>\n<td class=\"column-4\">6.8<\/td>\n<\/tr>\n<tr class=\"row-10\">\n<td class=\"column-1\">22A-A9P6N103<\/td>\n<td class=\"column-2\">200-240 (1ph)<\/td>\n<td class=\"column-3\">2,2<\/td>\n<td class=\"column-4\">9.6<\/td>\n<\/tr>\n<tr class=\"row-11\">\n<td class=\"column-1\">22A-A1P4N113<\/td>\n<td class=\"column-2\">200-240 (1ph)<\/td>\n<td class=\"column-3\">0,2<\/td>\n<td class=\"column-4\">1.4<\/td>\n<\/tr>\n<tr class=\"row-12\">\n<td class=\"column-1\">22A-A2P1N113<\/td>\n<td class=\"column-2\">200-240 (1ph)<\/td>\n<td class=\"column-3\">0,4<\/td>\n<td class=\"column-4\">2.1<\/td>\n<\/tr>\n<tr class=\"row-13\">\n<td class=\"column-1\">22A-A3P6N113<\/td>\n<td class=\"column-2\">200-240 (1ph)<\/td>\n<td class=\"column-3\">0,75<\/td>\n<td class=\"column-4\">3.6<\/td>\n<\/tr>\n<tr class=\"row-14\">\n<td class=\"column-1\">22A-A6P8N113<\/td>\n<td class=\"column-2\">200-240 (1ph)<\/td>\n<td class=\"column-3\">1,5<\/td>\n<td class=\"column-4\">6.8<\/td>\n<\/tr>\n<tr class=\"row-15\">\n<td class=\"column-1\">22A-A9P6N113<\/td>\n<td class=\"column-2\">200-240 (1ph)<\/td>\n<td class=\"column-3\">2,2<\/td>\n<td class=\"column-4\">9.6<\/td>\n<\/tr>\n<tr class=\"row-16\">\n<td class=\"column-1\">22A-A1P5N114<\/td>\n<td class=\"column-2\">200-240 (1ph)<\/td>\n<td class=\"column-3\">0,2<\/td>\n<td class=\"column-4\">1.5<\/td>\n<\/tr>\n<tr class=\"row-17\">\n<td class=\"column-1\">22A-A2P3N114<\/td>\n<td class=\"column-2\">200-240 (1ph)<\/td>\n<td class=\"column-3\">0,4<\/td>\n<td class=\"column-4\">2.3<\/td>\n<\/tr>\n<tr class=\"row-18\">\n<td class=\"column-1\">22A-A4P5N114<\/td>\n<td class=\"column-2\">200-240 (1ph)<\/td>\n<td class=\"column-3\">0,75<\/td>\n<td class=\"column-4\">4.5<\/td>\n<\/tr>\n<tr class=\"row-19\">\n<td class=\"column-1\">22A-A8P0N114<\/td>\n<td class=\"column-2\">200-240 (1ph)<\/td>\n<td class=\"column-3\">1,5<\/td>\n<td class=\"column-4\">8<\/td>\n<\/tr>\n<tr class=\"row-20\">\n<td class=\"column-1\">22A-A1P5N104<\/td>\n<td class=\"column-2\">200-240 (1ph)<\/td>\n<td class=\"column-3\">0,2<\/td>\n<td class=\"column-4\">1.5<\/td>\n<\/tr>\n<tr class=\"row-21\">\n<td class=\"column-1\">22A-A2P3N104<\/td>\n<td class=\"column-2\">200-240 (1ph)<\/td>\n<td class=\"column-3\">0,4<\/td>\n<td class=\"column-4\">2.3<\/td>\n<\/tr>\n<tr class=\"row-22\">\n<td class=\"column-1\">22A-A4P5N104<\/td>\n<td class=\"column-2\">200-240 (1ph)<\/td>\n<td class=\"column-3\">0,75<\/td>\n<td class=\"column-4\">4.5<\/td>\n<\/tr>\n<tr class=\"row-23\">\n<td class=\"column-1\">22A-A8P0N104<\/td>\n<td class=\"column-2\">200-240 (1ph)<\/td>\n<td class=\"column-3\">1,5<\/td>\n<td class=\"column-4\">8<\/td>\n<\/tr>\n<tr class=\"row-24\">\n<td class=\"column-1\">22A-B1P5N104<\/td>\n<td class=\"column-2\">200-240 (3ph)<\/td>\n<td class=\"column-3\">0,2<\/td>\n<td class=\"column-4\">1.5<\/td>\n<\/tr>\n<tr class=\"row-25\">\n<td class=\"column-1\">22A-B2P3N104<\/td>\n<td class=\"column-2\">200-240 (3ph)<\/td>\n<td class=\"column-3\">0,4<\/td>\n<td class=\"column-4\">2.3<\/td>\n<\/tr>\n<tr class=\"row-26\">\n<td class=\"column-1\">22A-B4P5N104<\/td>\n<td class=\"column-2\">200-240 (3ph)<\/td>\n<td class=\"column-3\">0,75<\/td>\n<td class=\"column-4\">4.5<\/td>\n<\/tr>\n<tr class=\"row-27\">\n<td class=\"column-1\">22A-B8P0N104<\/td>\n<td class=\"column-2\">200-240 (3ph)<\/td>\n<td class=\"column-3\">1,5<\/td>\n<td class=\"column-4\">8<\/td>\n<\/tr>\n<tr class=\"row-28\">\n<td class=\"column-1\">22A-B012N104<\/td>\n<td class=\"column-2\">200-240 (3ph)<\/td>\n<td class=\"column-3\">2,2<\/td>\n<td class=\"column-4\">12<\/td>\n<\/tr>\n<tr class=\"row-29\">\n<td class=\"column-1\">22A-B017N104<\/td>\n<td class=\"column-2\">200-240 (3ph)<\/td>\n<td class=\"column-3\">3,7<\/td>\n<td class=\"column-4\">17.5<\/td>\n<\/tr>\n<tr class=\"row-30\">\n<td class=\"column-1\">22A-D1P4N104<\/td>\n<td class=\"column-2\">380-480 (3ph)<\/td>\n<td class=\"column-3\">0,4<\/td>\n<td class=\"column-4\">1.4<\/td>\n<\/tr>\n<tr class=\"row-31\">\n<td class=\"column-1\">22A-D2P3N104<\/td>\n<td class=\"column-2\">380-480 (3ph)<\/td>\n<td class=\"column-3\">0,75<\/td>\n<td class=\"column-4\">2.3<\/td>\n<\/tr>\n<tr class=\"row-32\">\n<td class=\"column-1\">22A-D4P0N104<\/td>\n<td class=\"column-2\">380-480 (3ph)<\/td>\n<td class=\"column-3\">1,5<\/td>\n<td class=\"column-4\">4<\/td>\n<\/tr>\n<tr class=\"row-33\">\n<td class=\"column-1\">22A-D6P0N104<\/td>\n<td class=\"column-2\">380-480 (3ph)<\/td>\n<td class=\"column-3\">2,2<\/td>\n<td class=\"column-4\">6<\/td>\n<\/tr>\n<tr class=\"row-34\">\n<td class=\"column-1\">22A-D8P7N104<\/td>\n<td class=\"column-2\">380-480 (3ph)<\/td>\n<td class=\"column-3\">3,7<\/td>\n<td class=\"column-4\">8.7<\/td>\n<\/tr>\n<\/tbody>\n<\/table>\n<p>&nbsp;<\/p>\n<p>\u0110\u1ea1i l\u00fd ALLEN BRADLEY vietnam, ALLEN BRADLEY viet nam, ALLEN BRADLEY vietnam distributor, Ph\u00e2n ph\u1ed1i ALLEN BRADLEY t\u1ea1i vi\u1ec7t nam<\/p>\n<p>\u0110\u1ea1i l\u00fd ALLEN BRADLEY vietnam, ALLEN BRADLEY viet nam, ALLEN BRADLEY vietnam distributor, Ph\u00e2n ph\u1ed1i ALLEN BRADLEY t\u1ea1i vi\u1ec7t nam<\/p>\n<p>\u0110\u1ea1i l\u00fd ALLEN BRADLEY vietnam, ALLEN BRADLEY viet nam, ALLEN BRADLEY vietnam distributor, Ph\u00e2n ph\u1ed1i ALLEN BRADLEY t\u1ea1i vi\u1ec7t nam<\/p>\n","protected":false},"excerpt":{"rendered":"<p>ALLEN BRADLEY 22A-D8P7N104 Manufacturer: Rockwell Automation Series: PowerFlex 4 Model: 22A-D8P7N104 Application: general purpose Capacity, kW: 3,7 Current, \u0410: 8.7 Main power supply, V: 380-480 Phase: 3 Output frequency, Hz: 0-240 Enclosure: IP20 Overload capacity, % per 1 min.: 150 Acceleration time, sec: 0-600 Deceleration time, sec: 0-600 EMC filter:&hellip; <\/p>\n","protected":false},"featured_media":4882,"comment_status":"open","ping_status":"closed","template":"","meta":[],"product_cat":[295],"product_tag":[178,306,179],"class_list":{"0":"post-4881","1":"product","2":"type-product","3":"status-publish","4":"has-post-thumbnail","6":"product_cat-allen-bradley","7":"product_tag-allen-bradley-viet-nam","8":"product_tag-bien-tan","9":"product_tag-dai-ly-allen-bradley-viet-nam","11":"first","12":"instock","13":"shipping-taxable","14":"product-type-simple"},"yoast_head":"<!-- This site is optimized with the Yoast SEO plugin v22.8 - https:\/\/yoast.com\/wordpress\/plugins\/seo\/ -->\n<title>ALLEN BRADLEY 22A-D8P7N104 - OMANI VI\u1ec6T NAM<\/title>\n<meta name=\"description\" content=\"ALLEN BRADLEY 22A-D8P7N104 Inverter\" \/>\n<meta name=\"robots\" content=\"index, follow, max-snippet:-1, max-image-preview:large, max-video-preview:-1\" \/>\n<link rel=\"canonical\" href=\"https:\/\/omanivietnam.com\/index.php\/san-pham\/allen-bradley-22a-d8p7n104\/\" \/>\n<meta property=\"og:locale\" content=\"vi_VN\" \/>\n<meta property=\"og:type\" content=\"article\" \/>\n<meta property=\"og:title\" content=\"ALLEN BRADLEY 22A-D8P7N104 - OMANI VI\u1ec6T NAM\" \/>\n<meta property=\"og:description\" content=\"ALLEN BRADLEY 22A-D8P7N104 Inverter\" \/>\n<meta property=\"og:url\" content=\"https:\/\/omanivietnam.com\/index.php\/san-pham\/allen-bradley-22a-d8p7n104\/\" \/>\n<meta property=\"og:site_name\" content=\"OMANI VI\u1ec6T NAM\" \/>\n<meta property=\"article:modified_time\" content=\"2026-04-22T07:38:16+00:00\" \/>\n<meta property=\"og:image\" content=\"https:\/\/omanivietnam.com\/wp-content\/uploads\/2026\/04\/22A-D8P7N104.png\" \/>\n\t<meta property=\"og:image:width\" content=\"656\" \/>\n\t<meta property=\"og:image:height\" content=\"749\" \/>\n\t<meta property=\"og:image:type\" content=\"image\/png\" \/>\n<meta name=\"twitter:card\" content=\"summary_large_image\" \/>\n<meta name=\"twitter:label1\" content=\"\u01af\u1edbc t\u00ednh th\u1eddi gian \u0111\u1ecdc\" \/>\n\t<meta name=\"twitter:data1\" content=\"3 ph\u00fat\" \/>\n<script type=\"application\/ld+json\" class=\"yoast-schema-graph\">{\"@context\":\"https:\/\/schema.org\",\"@graph\":[{\"@type\":\"WebPage\",\"@id\":\"https:\/\/omanivietnam.com\/index.php\/san-pham\/allen-bradley-22a-d8p7n104\/\",\"url\":\"https:\/\/omanivietnam.com\/index.php\/san-pham\/allen-bradley-22a-d8p7n104\/\",\"name\":\"ALLEN BRADLEY 22A-D8P7N104 - OMANI VI\u1ec6T NAM\",\"isPartOf\":{\"@id\":\"https:\/\/omanivietnam.com\/#website\"},\"primaryImageOfPage\":{\"@id\":\"https:\/\/omanivietnam.com\/index.php\/san-pham\/allen-bradley-22a-d8p7n104\/#primaryimage\"},\"image\":{\"@id\":\"https:\/\/omanivietnam.com\/index.php\/san-pham\/allen-bradley-22a-d8p7n104\/#primaryimage\"},\"thumbnailUrl\":\"https:\/\/omanivietnam.com\/wp-content\/uploads\/2026\/04\/22A-D8P7N104.png\",\"datePublished\":\"2026-04-22T07:36:47+00:00\",\"dateModified\":\"2026-04-22T07:38:16+00:00\",\"description\":\"ALLEN BRADLEY 22A-D8P7N104 Inverter\",\"breadcrumb\":{\"@id\":\"https:\/\/omanivietnam.com\/index.php\/san-pham\/allen-bradley-22a-d8p7n104\/#breadcrumb\"},\"inLanguage\":\"vi\",\"potentialAction\":[{\"@type\":\"ReadAction\",\"target\":[\"https:\/\/omanivietnam.com\/index.php\/san-pham\/allen-bradley-22a-d8p7n104\/\"]}]},{\"@type\":\"ImageObject\",\"inLanguage\":\"vi\",\"@id\":\"https:\/\/omanivietnam.com\/index.php\/san-pham\/allen-bradley-22a-d8p7n104\/#primaryimage\",\"url\":\"https:\/\/omanivietnam.com\/wp-content\/uploads\/2026\/04\/22A-D8P7N104.png\",\"contentUrl\":\"https:\/\/omanivietnam.com\/wp-content\/uploads\/2026\/04\/22A-D8P7N104.png\",\"width\":656,\"height\":749},{\"@type\":\"BreadcrumbList\",\"@id\":\"https:\/\/omanivietnam.com\/index.php\/san-pham\/allen-bradley-22a-d8p7n104\/#breadcrumb\",\"itemListElement\":[{\"@type\":\"ListItem\",\"position\":1,\"name\":\"Home\",\"item\":\"https:\/\/omanivietnam.com\/\"},{\"@type\":\"ListItem\",\"position\":2,\"name\":\"S\u1ea2N PH\u1ea8M\",\"item\":\"https:\/\/omanivietnam.com\/index.php\/cua-hang\/\"},{\"@type\":\"ListItem\",\"position\":3,\"name\":\"ALLEN BRADLEY 22A-D8P7N104\"}]},{\"@type\":\"WebSite\",\"@id\":\"https:\/\/omanivietnam.com\/#website\",\"url\":\"https:\/\/omanivietnam.com\/\",\"name\":\"OMANI VI\u1ec6T NAM\",\"description\":\"Nh\u00e0 ph\u00e2n ph\u1ed1i thi\u1ebft b\u1ecb kh\u00ed n\u00e9n v\u00e0 thi\u1ebft b\u1ecb t\u1ef1 \u0111\u1ed9ng h\u00f3a trong c\u00f4ng nghi\u1ec7p\",\"publisher\":{\"@id\":\"https:\/\/omanivietnam.com\/#\/schema\/person\/0ad398a980dc3fd696111c2c5c8fa897\"},\"potentialAction\":[{\"@type\":\"SearchAction\",\"target\":{\"@type\":\"EntryPoint\",\"urlTemplate\":\"https:\/\/omanivietnam.com\/?s={search_term_string}\"},\"query-input\":\"required name=search_term_string\"}],\"inLanguage\":\"vi\"},{\"@type\":[\"Person\",\"Organization\"],\"@id\":\"https:\/\/omanivietnam.com\/#\/schema\/person\/0ad398a980dc3fd696111c2c5c8fa897\",\"name\":\"Nguy\u1ec5n V\u0103n Kh\u00e1nh\",\"image\":{\"@type\":\"ImageObject\",\"inLanguage\":\"vi\",\"@id\":\"https:\/\/omanivietnam.com\/#\/schema\/person\/image\/\",\"url\":\"https:\/\/omanivietnam.com\/wp-content\/uploads\/2024\/06\/logo-1024x1024.png\",\"contentUrl\":\"https:\/\/omanivietnam.com\/wp-content\/uploads\/2024\/06\/logo-1024x1024.png\",\"width\":1024,\"height\":1024,\"caption\":\"Nguy\u1ec5n V\u0103n Kh\u00e1nh\"},\"logo\":{\"@id\":\"https:\/\/omanivietnam.com\/#\/schema\/person\/image\/\"},\"sameAs\":[\"https:\/\/omanivietnam.com\"]}]}<\/script>\n<!-- \/ Yoast SEO plugin. -->","yoast_head_json":{"title":"ALLEN BRADLEY 22A-D8P7N104 - OMANI VI\u1ec6T NAM","description":"ALLEN BRADLEY 22A-D8P7N104 Inverter","robots":{"index":"index","follow":"follow","max-snippet":"max-snippet:-1","max-image-preview":"max-image-preview:large","max-video-preview":"max-video-preview:-1"},"canonical":"https:\/\/omanivietnam.com\/index.php\/san-pham\/allen-bradley-22a-d8p7n104\/","og_locale":"vi_VN","og_type":"article","og_title":"ALLEN BRADLEY 22A-D8P7N104 - OMANI VI\u1ec6T NAM","og_description":"ALLEN BRADLEY 22A-D8P7N104 Inverter","og_url":"https:\/\/omanivietnam.com\/index.php\/san-pham\/allen-bradley-22a-d8p7n104\/","og_site_name":"OMANI VI\u1ec6T NAM","article_modified_time":"2026-04-22T07:38:16+00:00","og_image":[{"width":656,"height":749,"url":"https:\/\/omanivietnam.com\/wp-content\/uploads\/2026\/04\/22A-D8P7N104.png","type":"image\/png"}],"twitter_card":"summary_large_image","twitter_misc":{"\u01af\u1edbc t\u00ednh th\u1eddi gian \u0111\u1ecdc":"3 ph\u00fat"},"schema":{"@context":"https:\/\/schema.org","@graph":[{"@type":"WebPage","@id":"https:\/\/omanivietnam.com\/index.php\/san-pham\/allen-bradley-22a-d8p7n104\/","url":"https:\/\/omanivietnam.com\/index.php\/san-pham\/allen-bradley-22a-d8p7n104\/","name":"ALLEN BRADLEY 22A-D8P7N104 - OMANI VI\u1ec6T NAM","isPartOf":{"@id":"https:\/\/omanivietnam.com\/#website"},"primaryImageOfPage":{"@id":"https:\/\/omanivietnam.com\/index.php\/san-pham\/allen-bradley-22a-d8p7n104\/#primaryimage"},"image":{"@id":"https:\/\/omanivietnam.com\/index.php\/san-pham\/allen-bradley-22a-d8p7n104\/#primaryimage"},"thumbnailUrl":"https:\/\/omanivietnam.com\/wp-content\/uploads\/2026\/04\/22A-D8P7N104.png","datePublished":"2026-04-22T07:36:47+00:00","dateModified":"2026-04-22T07:38:16+00:00","description":"ALLEN BRADLEY 22A-D8P7N104 Inverter","breadcrumb":{"@id":"https:\/\/omanivietnam.com\/index.php\/san-pham\/allen-bradley-22a-d8p7n104\/#breadcrumb"},"inLanguage":"vi","potentialAction":[{"@type":"ReadAction","target":["https:\/\/omanivietnam.com\/index.php\/san-pham\/allen-bradley-22a-d8p7n104\/"]}]},{"@type":"ImageObject","inLanguage":"vi","@id":"https:\/\/omanivietnam.com\/index.php\/san-pham\/allen-bradley-22a-d8p7n104\/#primaryimage","url":"https:\/\/omanivietnam.com\/wp-content\/uploads\/2026\/04\/22A-D8P7N104.png","contentUrl":"https:\/\/omanivietnam.com\/wp-content\/uploads\/2026\/04\/22A-D8P7N104.png","width":656,"height":749},{"@type":"BreadcrumbList","@id":"https:\/\/omanivietnam.com\/index.php\/san-pham\/allen-bradley-22a-d8p7n104\/#breadcrumb","itemListElement":[{"@type":"ListItem","position":1,"name":"Home","item":"https:\/\/omanivietnam.com\/"},{"@type":"ListItem","position":2,"name":"S\u1ea2N PH\u1ea8M","item":"https:\/\/omanivietnam.com\/index.php\/cua-hang\/"},{"@type":"ListItem","position":3,"name":"ALLEN BRADLEY 22A-D8P7N104"}]},{"@type":"WebSite","@id":"https:\/\/omanivietnam.com\/#website","url":"https:\/\/omanivietnam.com\/","name":"OMANI VI\u1ec6T NAM","description":"Nh\u00e0 ph\u00e2n ph\u1ed1i thi\u1ebft b\u1ecb kh\u00ed n\u00e9n v\u00e0 thi\u1ebft b\u1ecb t\u1ef1 \u0111\u1ed9ng h\u00f3a trong c\u00f4ng nghi\u1ec7p","publisher":{"@id":"https:\/\/omanivietnam.com\/#\/schema\/person\/0ad398a980dc3fd696111c2c5c8fa897"},"potentialAction":[{"@type":"SearchAction","target":{"@type":"EntryPoint","urlTemplate":"https:\/\/omanivietnam.com\/?s={search_term_string}"},"query-input":"required name=search_term_string"}],"inLanguage":"vi"},{"@type":["Person","Organization"],"@id":"https:\/\/omanivietnam.com\/#\/schema\/person\/0ad398a980dc3fd696111c2c5c8fa897","name":"Nguy\u1ec5n V\u0103n Kh\u00e1nh","image":{"@type":"ImageObject","inLanguage":"vi","@id":"https:\/\/omanivietnam.com\/#\/schema\/person\/image\/","url":"https:\/\/omanivietnam.com\/wp-content\/uploads\/2024\/06\/logo-1024x1024.png","contentUrl":"https:\/\/omanivietnam.com\/wp-content\/uploads\/2024\/06\/logo-1024x1024.png","width":1024,"height":1024,"caption":"Nguy\u1ec5n V\u0103n Kh\u00e1nh"},"logo":{"@id":"https:\/\/omanivietnam.com\/#\/schema\/person\/image\/"},"sameAs":["https:\/\/omanivietnam.com"]}]}},"_links":{"self":[{"href":"https:\/\/omanivietnam.com\/index.php\/wp-json\/wp\/v2\/product\/4881","targetHints":{"allow":["GET"]}}],"collection":[{"href":"https:\/\/omanivietnam.com\/index.php\/wp-json\/wp\/v2\/product"}],"about":[{"href":"https:\/\/omanivietnam.com\/index.php\/wp-json\/wp\/v2\/types\/product"}],"replies":[{"embeddable":true,"href":"https:\/\/omanivietnam.com\/index.php\/wp-json\/wp\/v2\/comments?post=4881"}],"wp:featuredmedia":[{"embeddable":true,"href":"https:\/\/omanivietnam.com\/index.php\/wp-json\/wp\/v2\/media\/4882"}],"wp:attachment":[{"href":"https:\/\/omanivietnam.com\/index.php\/wp-json\/wp\/v2\/media?parent=4881"}],"wp:term":[{"taxonomy":"product_cat","embeddable":true,"href":"https:\/\/omanivietnam.com\/index.php\/wp-json\/wp\/v2\/product_cat?post=4881"},{"taxonomy":"product_tag","embeddable":true,"href":"https:\/\/omanivietnam.com\/index.php\/wp-json\/wp\/v2\/product_tag?post=4881"}],"curies":[{"name":"wp","href":"https:\/\/api.w.org\/{rel}","templated":true}]}}