{"id":4883,"date":"2026-04-22T21:22:23","date_gmt":"2026-04-22T14:22:23","guid":{"rendered":"https:\/\/omanivietnam.com\/?post_type=product&#038;p=4883"},"modified":"2026-04-22T21:41:54","modified_gmt":"2026-04-22T14:41:54","slug":"mettler-toledo-inpro3250i-sg-120","status":"publish","type":"product","link":"https:\/\/omanivietnam.com\/index.php\/san-pham\/mettler-toledo-inpro3250i-sg-120\/","title":{"rendered":"METTLER TOLEDO Inpro3250i\/SG\/120"},"content":{"rendered":"<p>METTLER TOLEDO Inpro3250i\/SG\/120<\/p>\n<header class=\"productmodel__description__header\">\n<p class=\"productmodel__title\">pH Sensor InPro3250i\/SG\/120<\/p>\n<\/header>\n<p><main class=\"productmodel__description__text\"><span class=\"extend\" data-swiftype-type=\"string\" data-swiftype-name=\"description\">InPro 3250i SG\/120 l\u00e0 c\u1ea3m bi\u1ebfn pH v\u00e0 ORP k\u1ef9 thu\u1eadt s\u1ed1 c\u00f3 ISM \u0111\u01b0\u1ee3c n\u00e9n s\u1eb5n, \u00edt ph\u1ea3i b\u1ea3o tr\u00ec k\u1ebft h\u1ee3p v\u1edbi m\u1ed9t c\u1ea3m bi\u1ebfn nhi\u1ec7t \u0111\u1ed9 \u0111\u1ec3 \u0111o in-line trong c\u00e1c \u1ee9ng d\u1ee5ng ph\u1ee9c t\u1ea1p. Phi\u00ean b\u1ea3n 120 mm ph\u00f9 h\u1ee3p nh\u1ea5t cho c\u00e1c \u0111\u1ed9 d\u00e0i l\u1eafp \u0111\u1eb7t ng\u1eafn.<\/span><\/main><\/p>\n<header class=\"productmodel__description__header\"><\/header>\n<p>&nbsp;<\/p>\n<h3>Ca\u0301c th\u00f4ng s\u00f4\u0301\u00a0&#8211;\u00a0pH Sensor InPro3250i\/SG\/120<\/h3>\n<table class=\"productSpecifications__table\">\n<tbody>\n<tr>\n<td>ISM (Digital) ho\u1eb7c Analog<\/td>\n<td>ISM (Digital)<\/td>\n<\/tr>\n<tr>\n<td>C\u00f4ng ngh\u1ec7 c\u1ea3m bi\u1ebfn pH<\/td>\n<td>M\u00e0ng th\u1ee7y tinh v\u1edbi \u0111\u1ed9 kh\u00e1ng ki\u1ec1m cao d\u00e0nh cho c\u00e1c \u0111i\u1ec1u ki\u1ec7n kh\u1eafc nghi\u1ec7t (HA)<\/td>\n<\/tr>\n<tr>\n<td>Kho\u1ea3ng pH<\/td>\n<td>0 \u2013 14<\/td>\n<\/tr>\n<tr>\n<td>H\u1ec7 th\u1ed1ng Tham chi\u1ebfu<\/td>\n<td>Ch\u1ea5t \u0111i\u1ec7n ph\u00e2n d\u1ea1ng l\u1ecfng \u0111\u01b0\u1ee3c n\u00e9n s\u1eb5n, m\u00e0ng ch\u1eafn b\u1eb1ng g\u1ed1m, h\u1ed9p ch\u1ee9a Argenthal v\u1edbi b\u1eaby ion b\u1ea1c<\/td>\n<\/tr>\n<tr>\n<td>Nhi\u1ec7t \u0111\u1ed9 v\u1eadn h\u00e0nh (\u0110\u1ed9 C)<\/td>\n<td>0 \u00b0C &#8211; 100 \u00b0C<\/td>\n<\/tr>\n<tr>\n<td>\u0110\u1ea7u n\u1ed1i c\u00e1p<\/td>\n<td>K8S<\/td>\n<\/tr>\n<tr>\n<td>K\u1ebft n\u1ed1i quy tr\u00ecnh<\/td>\n<td>Ren Pg 13,5<\/td>\n<\/tr>\n<tr>\n<td>C\u00f3 th\u1ec3 kh\u1eed tr\u00f9ng\/h\u1ea5p ti\u1ec7t tr\u00f9ng<\/td>\n<td>Yes<\/td>\n<\/tr>\n<tr>\n<td>Chi\u1ec1u d\u00e0i c\u1ea3m bi\u1ebfn<\/td>\n<td>120 mm<\/td>\n<\/tr>\n<tr>\n<td>Ch\u1ee9ng nh\u1eadn &amp; Ph\u00ea duy\u1ec7t<\/td>\n<td>CE<br \/>\nCh\u1ee9ng nh\u1eadn ch\u1ea5t l\u01b0\u1ee3ng METTLER TOLEDO<br \/>\nFM: IS Cl. I, II, III, Div 1, GR ABCDEFG \/ T6<br \/>\nEHEDG<br \/>\nATEX\/IECEx: Ex ia IIC T6 \/ T5 \/ T4 \/ T3 Ga \/ Gb<br \/>\nPED<\/td>\n<\/tr>\n<tr>\n<td>(Thanh) \u00c1p su\u1ea5t v\u1eadn h\u00e0nh<\/td>\n<td>t\u1eeb 0 \u0111\u1ebfn 4 barg<\/td>\n<\/tr>\n<tr>\n<td>D\u00f2ng s\u1ea3n ph\u1ea9m<\/td>\n<td>InPro3250(i)<\/td>\n<\/tr>\n<tr>\n<td>C\u1ea3m bi\u1ebfn Nhi\u1ec7t \u0111\u1ed9<\/td>\n<td>Digital<\/td>\n<\/tr>\n<tr>\n<td>Th\u00f4ng s\u1ed1 \u0111o l\u01b0\u1eddng<\/td>\n<td>pH<br \/>\n\u0110i\u1ec7n c\u1ef1c ORP\/Oxy h\u00f3a kh\u1eed<\/td>\n<\/tr>\n<tr>\n<td>V\u1eadt li\u1ec7u Tr\u1ee5c<\/td>\n<td>Th\u1ee7y tinh<\/td>\n<\/tr>\n<tr>\n<td>Gi\u1ea3i ph\u00e1p n\u1ed1i \u0111\u1ea5t\/Kim lo\u1ea1i oxy h\u00f3a kh\u1eed<\/td>\n<td>B\u1ea1ch kim<\/td>\n<\/tr>\n<tr>\n<td>Ch\u1ea5t \u0111i\u1ec7n ph\u00e2n c\u00f2n s\u1eed d\u1ee5ng \u0111\u01b0\u1ee3c<\/td>\n<td>Kh\u00f4ng<\/td>\n<\/tr>\n<tr>\n<td>Ph\u00ea duy\u1ec7t khu v\u1ef1c nguy hi\u1ec3m<\/td>\n<td>C\u00f3<\/td>\n<\/tr>\n<tr>\n<td>Ph\u01b0\u01a1ng ti\u1ec7n ch\u00ednh\/\u1ee8ng d\u1ee5ng<\/td>\n<td>C\u00e1c quy tr\u00ecnh h\u00f3a h\u1ecdc<br \/>\nS\u1ea3n xu\u1ea5t d\u01b0\u1ee3c ph\u1ea9m\/khoa h\u1ecdc \u0111\u1eddi s\u1ed1ng<\/td>\n<\/tr>\n<tr>\n<td>Ph\u00ea duy\u1ec7t h\u1ee3p v\u1ec7 sinh\/t\u01b0\u01a1ng th\u00edch sinh h\u1ecdc<\/td>\n<td>C\u00f3<\/td>\n<\/tr>\n<\/tbody>\n<\/table>\n<p>\u0110\u1ea1i l\u00fd METTLER TOLEDO vietnam, METTLER TOLEDO viet nam, METTLER TOLEDO vietnam distributor, Ph\u00e2n ph\u1ed1i METTLER TOLEDO t\u1ea1i vi\u1ec7t nam<\/p>\n<p>\u0110\u1ea1i l\u00fd METTLER TOLEDO vietnam, METTLER TOLEDO viet nam, METTLER TOLEDO vietnam distributor, Ph\u00e2n ph\u1ed1i METTLER TOLEDO t\u1ea1i vi\u1ec7t nam<\/p>\n<p>\u0110\u1ea1i l\u00fd METTLER TOLEDO vietnam, METTLER TOLEDO viet nam, METTLER TOLEDO vietnam distributor, Ph\u00e2n ph\u1ed1i METTLER TOLEDO t\u1ea1i vi\u1ec7t nam<\/p>\n","protected":false},"excerpt":{"rendered":"<p>METTLER TOLEDO Inpro3250i\/SG\/120 pH Sensor InPro3250i\/SG\/120 InPro 3250i SG\/120 l\u00e0 c\u1ea3m bi\u1ebfn pH v\u00e0 ORP k\u1ef9 thu\u1eadt s\u1ed1 c\u00f3 ISM \u0111\u01b0\u1ee3c n\u00e9n s\u1eb5n, \u00edt ph\u1ea3i b\u1ea3o tr\u00ec k\u1ebft h\u1ee3p v\u1edbi m\u1ed9t c\u1ea3m bi\u1ebfn nhi\u1ec7t \u0111\u1ed9 \u0111\u1ec3 \u0111o in-line trong c\u00e1c \u1ee9ng d\u1ee5ng ph\u1ee9c t\u1ea1p. Phi\u00ean b\u1ea3n 120 mm ph\u00f9 h\u1ee3p&hellip; <\/p>\n","protected":false},"featured_media":4884,"comment_status":"open","ping_status":"closed","template":"","meta":[],"product_cat":[489],"product_tag":[934,491,490],"class_list":{"0":"post-4883","1":"product","2":"type-product","3":"status-publish","4":"has-post-thumbnail","6":"product_cat-mettler-toledo","7":"product_tag-cam-bien-do-ph","8":"product_tag-dai-ly-mettler-toledo-viet-nam","9":"product_tag-mettler-toledo-viet-nam","11":"first","12":"instock","13":"shipping-taxable","14":"product-type-simple"},"yoast_head":"<!-- This site is optimized with the Yoast SEO plugin v22.8 - https:\/\/yoast.com\/wordpress\/plugins\/seo\/ -->\n<title>METTLER TOLEDO Inpro3250i\/SG\/120 - OMANI VI\u1ec6T NAM<\/title>\n<meta name=\"description\" content=\"METTLER TOLEDO InPro3250i\/SG\/120 pH Sensor\" \/>\n<meta name=\"robots\" content=\"index, follow, max-snippet:-1, max-image-preview:large, max-video-preview:-1\" \/>\n<link rel=\"canonical\" href=\"https:\/\/omanivietnam.com\/index.php\/san-pham\/mettler-toledo-inpro3250i-sg-120\/\" \/>\n<meta property=\"og:locale\" content=\"vi_VN\" \/>\n<meta property=\"og:type\" content=\"article\" \/>\n<meta property=\"og:title\" content=\"METTLER TOLEDO Inpro3250i\/SG\/120 - OMANI VI\u1ec6T NAM\" \/>\n<meta property=\"og:description\" content=\"METTLER TOLEDO InPro3250i\/SG\/120 pH Sensor\" \/>\n<meta property=\"og:url\" content=\"https:\/\/omanivietnam.com\/index.php\/san-pham\/mettler-toledo-inpro3250i-sg-120\/\" \/>\n<meta property=\"og:site_name\" content=\"OMANI VI\u1ec6T NAM\" \/>\n<meta property=\"article:modified_time\" content=\"2026-04-22T14:41:54+00:00\" \/>\n<meta property=\"og:image\" content=\"https:\/\/omanivietnam.com\/wp-content\/uploads\/2026\/04\/Inpro3250i-sg-120.png\" \/>\n\t<meta property=\"og:image:width\" content=\"618\" \/>\n\t<meta property=\"og:image:height\" content=\"366\" \/>\n\t<meta property=\"og:image:type\" content=\"image\/png\" \/>\n<meta name=\"twitter:card\" content=\"summary_large_image\" \/>\n<meta name=\"twitter:label1\" content=\"\u01af\u1edbc t\u00ednh th\u1eddi gian \u0111\u1ecdc\" \/>\n\t<meta name=\"twitter:data1\" content=\"3 ph\u00fat\" \/>\n<script type=\"application\/ld+json\" class=\"yoast-schema-graph\">{\"@context\":\"https:\/\/schema.org\",\"@graph\":[{\"@type\":\"WebPage\",\"@id\":\"https:\/\/omanivietnam.com\/index.php\/san-pham\/mettler-toledo-inpro3250i-sg-120\/\",\"url\":\"https:\/\/omanivietnam.com\/index.php\/san-pham\/mettler-toledo-inpro3250i-sg-120\/\",\"name\":\"METTLER TOLEDO Inpro3250i\/SG\/120 - OMANI VI\u1ec6T NAM\",\"isPartOf\":{\"@id\":\"https:\/\/omanivietnam.com\/#website\"},\"primaryImageOfPage\":{\"@id\":\"https:\/\/omanivietnam.com\/index.php\/san-pham\/mettler-toledo-inpro3250i-sg-120\/#primaryimage\"},\"image\":{\"@id\":\"https:\/\/omanivietnam.com\/index.php\/san-pham\/mettler-toledo-inpro3250i-sg-120\/#primaryimage\"},\"thumbnailUrl\":\"https:\/\/omanivietnam.com\/wp-content\/uploads\/2026\/04\/Inpro3250i-sg-120.png\",\"datePublished\":\"2026-04-22T14:22:23+00:00\",\"dateModified\":\"2026-04-22T14:41:54+00:00\",\"description\":\"METTLER TOLEDO InPro3250i\/SG\/120 pH Sensor\",\"breadcrumb\":{\"@id\":\"https:\/\/omanivietnam.com\/index.php\/san-pham\/mettler-toledo-inpro3250i-sg-120\/#breadcrumb\"},\"inLanguage\":\"vi\",\"potentialAction\":[{\"@type\":\"ReadAction\",\"target\":[\"https:\/\/omanivietnam.com\/index.php\/san-pham\/mettler-toledo-inpro3250i-sg-120\/\"]}]},{\"@type\":\"ImageObject\",\"inLanguage\":\"vi\",\"@id\":\"https:\/\/omanivietnam.com\/index.php\/san-pham\/mettler-toledo-inpro3250i-sg-120\/#primaryimage\",\"url\":\"https:\/\/omanivietnam.com\/wp-content\/uploads\/2026\/04\/Inpro3250i-sg-120.png\",\"contentUrl\":\"https:\/\/omanivietnam.com\/wp-content\/uploads\/2026\/04\/Inpro3250i-sg-120.png\",\"width\":618,\"height\":366},{\"@type\":\"BreadcrumbList\",\"@id\":\"https:\/\/omanivietnam.com\/index.php\/san-pham\/mettler-toledo-inpro3250i-sg-120\/#breadcrumb\",\"itemListElement\":[{\"@type\":\"ListItem\",\"position\":1,\"name\":\"Home\",\"item\":\"https:\/\/omanivietnam.com\/\"},{\"@type\":\"ListItem\",\"position\":2,\"name\":\"S\u1ea2N PH\u1ea8M\",\"item\":\"https:\/\/omanivietnam.com\/index.php\/cua-hang\/\"},{\"@type\":\"ListItem\",\"position\":3,\"name\":\"METTLER TOLEDO Inpro3250i\/SG\/120\"}]},{\"@type\":\"WebSite\",\"@id\":\"https:\/\/omanivietnam.com\/#website\",\"url\":\"https:\/\/omanivietnam.com\/\",\"name\":\"OMANI VI\u1ec6T NAM\",\"description\":\"Nh\u00e0 ph\u00e2n ph\u1ed1i thi\u1ebft b\u1ecb kh\u00ed n\u00e9n v\u00e0 thi\u1ebft b\u1ecb t\u1ef1 \u0111\u1ed9ng h\u00f3a trong c\u00f4ng nghi\u1ec7p\",\"publisher\":{\"@id\":\"https:\/\/omanivietnam.com\/#\/schema\/person\/0ad398a980dc3fd696111c2c5c8fa897\"},\"potentialAction\":[{\"@type\":\"SearchAction\",\"target\":{\"@type\":\"EntryPoint\",\"urlTemplate\":\"https:\/\/omanivietnam.com\/?s={search_term_string}\"},\"query-input\":\"required name=search_term_string\"}],\"inLanguage\":\"vi\"},{\"@type\":[\"Person\",\"Organization\"],\"@id\":\"https:\/\/omanivietnam.com\/#\/schema\/person\/0ad398a980dc3fd696111c2c5c8fa897\",\"name\":\"Nguy\u1ec5n V\u0103n Kh\u00e1nh\",\"image\":{\"@type\":\"ImageObject\",\"inLanguage\":\"vi\",\"@id\":\"https:\/\/omanivietnam.com\/#\/schema\/person\/image\/\",\"url\":\"https:\/\/omanivietnam.com\/wp-content\/uploads\/2024\/06\/logo-1024x1024.png\",\"contentUrl\":\"https:\/\/omanivietnam.com\/wp-content\/uploads\/2024\/06\/logo-1024x1024.png\",\"width\":1024,\"height\":1024,\"caption\":\"Nguy\u1ec5n V\u0103n Kh\u00e1nh\"},\"logo\":{\"@id\":\"https:\/\/omanivietnam.com\/#\/schema\/person\/image\/\"},\"sameAs\":[\"https:\/\/omanivietnam.com\"]}]}<\/script>\n<!-- \/ Yoast SEO plugin. -->","yoast_head_json":{"title":"METTLER TOLEDO Inpro3250i\/SG\/120 - OMANI VI\u1ec6T NAM","description":"METTLER TOLEDO InPro3250i\/SG\/120 pH Sensor","robots":{"index":"index","follow":"follow","max-snippet":"max-snippet:-1","max-image-preview":"max-image-preview:large","max-video-preview":"max-video-preview:-1"},"canonical":"https:\/\/omanivietnam.com\/index.php\/san-pham\/mettler-toledo-inpro3250i-sg-120\/","og_locale":"vi_VN","og_type":"article","og_title":"METTLER TOLEDO Inpro3250i\/SG\/120 - OMANI VI\u1ec6T NAM","og_description":"METTLER TOLEDO InPro3250i\/SG\/120 pH Sensor","og_url":"https:\/\/omanivietnam.com\/index.php\/san-pham\/mettler-toledo-inpro3250i-sg-120\/","og_site_name":"OMANI VI\u1ec6T NAM","article_modified_time":"2026-04-22T14:41:54+00:00","og_image":[{"width":618,"height":366,"url":"https:\/\/omanivietnam.com\/wp-content\/uploads\/2026\/04\/Inpro3250i-sg-120.png","type":"image\/png"}],"twitter_card":"summary_large_image","twitter_misc":{"\u01af\u1edbc t\u00ednh th\u1eddi gian \u0111\u1ecdc":"3 ph\u00fat"},"schema":{"@context":"https:\/\/schema.org","@graph":[{"@type":"WebPage","@id":"https:\/\/omanivietnam.com\/index.php\/san-pham\/mettler-toledo-inpro3250i-sg-120\/","url":"https:\/\/omanivietnam.com\/index.php\/san-pham\/mettler-toledo-inpro3250i-sg-120\/","name":"METTLER TOLEDO Inpro3250i\/SG\/120 - OMANI VI\u1ec6T NAM","isPartOf":{"@id":"https:\/\/omanivietnam.com\/#website"},"primaryImageOfPage":{"@id":"https:\/\/omanivietnam.com\/index.php\/san-pham\/mettler-toledo-inpro3250i-sg-120\/#primaryimage"},"image":{"@id":"https:\/\/omanivietnam.com\/index.php\/san-pham\/mettler-toledo-inpro3250i-sg-120\/#primaryimage"},"thumbnailUrl":"https:\/\/omanivietnam.com\/wp-content\/uploads\/2026\/04\/Inpro3250i-sg-120.png","datePublished":"2026-04-22T14:22:23+00:00","dateModified":"2026-04-22T14:41:54+00:00","description":"METTLER TOLEDO InPro3250i\/SG\/120 pH Sensor","breadcrumb":{"@id":"https:\/\/omanivietnam.com\/index.php\/san-pham\/mettler-toledo-inpro3250i-sg-120\/#breadcrumb"},"inLanguage":"vi","potentialAction":[{"@type":"ReadAction","target":["https:\/\/omanivietnam.com\/index.php\/san-pham\/mettler-toledo-inpro3250i-sg-120\/"]}]},{"@type":"ImageObject","inLanguage":"vi","@id":"https:\/\/omanivietnam.com\/index.php\/san-pham\/mettler-toledo-inpro3250i-sg-120\/#primaryimage","url":"https:\/\/omanivietnam.com\/wp-content\/uploads\/2026\/04\/Inpro3250i-sg-120.png","contentUrl":"https:\/\/omanivietnam.com\/wp-content\/uploads\/2026\/04\/Inpro3250i-sg-120.png","width":618,"height":366},{"@type":"BreadcrumbList","@id":"https:\/\/omanivietnam.com\/index.php\/san-pham\/mettler-toledo-inpro3250i-sg-120\/#breadcrumb","itemListElement":[{"@type":"ListItem","position":1,"name":"Home","item":"https:\/\/omanivietnam.com\/"},{"@type":"ListItem","position":2,"name":"S\u1ea2N PH\u1ea8M","item":"https:\/\/omanivietnam.com\/index.php\/cua-hang\/"},{"@type":"ListItem","position":3,"name":"METTLER TOLEDO Inpro3250i\/SG\/120"}]},{"@type":"WebSite","@id":"https:\/\/omanivietnam.com\/#website","url":"https:\/\/omanivietnam.com\/","name":"OMANI VI\u1ec6T NAM","description":"Nh\u00e0 ph\u00e2n ph\u1ed1i thi\u1ebft b\u1ecb kh\u00ed n\u00e9n v\u00e0 thi\u1ebft b\u1ecb t\u1ef1 \u0111\u1ed9ng h\u00f3a trong c\u00f4ng nghi\u1ec7p","publisher":{"@id":"https:\/\/omanivietnam.com\/#\/schema\/person\/0ad398a980dc3fd696111c2c5c8fa897"},"potentialAction":[{"@type":"SearchAction","target":{"@type":"EntryPoint","urlTemplate":"https:\/\/omanivietnam.com\/?s={search_term_string}"},"query-input":"required name=search_term_string"}],"inLanguage":"vi"},{"@type":["Person","Organization"],"@id":"https:\/\/omanivietnam.com\/#\/schema\/person\/0ad398a980dc3fd696111c2c5c8fa897","name":"Nguy\u1ec5n V\u0103n Kh\u00e1nh","image":{"@type":"ImageObject","inLanguage":"vi","@id":"https:\/\/omanivietnam.com\/#\/schema\/person\/image\/","url":"https:\/\/omanivietnam.com\/wp-content\/uploads\/2024\/06\/logo-1024x1024.png","contentUrl":"https:\/\/omanivietnam.com\/wp-content\/uploads\/2024\/06\/logo-1024x1024.png","width":1024,"height":1024,"caption":"Nguy\u1ec5n V\u0103n Kh\u00e1nh"},"logo":{"@id":"https:\/\/omanivietnam.com\/#\/schema\/person\/image\/"},"sameAs":["https:\/\/omanivietnam.com"]}]}},"_links":{"self":[{"href":"https:\/\/omanivietnam.com\/index.php\/wp-json\/wp\/v2\/product\/4883","targetHints":{"allow":["GET"]}}],"collection":[{"href":"https:\/\/omanivietnam.com\/index.php\/wp-json\/wp\/v2\/product"}],"about":[{"href":"https:\/\/omanivietnam.com\/index.php\/wp-json\/wp\/v2\/types\/product"}],"replies":[{"embeddable":true,"href":"https:\/\/omanivietnam.com\/index.php\/wp-json\/wp\/v2\/comments?post=4883"}],"wp:featuredmedia":[{"embeddable":true,"href":"https:\/\/omanivietnam.com\/index.php\/wp-json\/wp\/v2\/media\/4884"}],"wp:attachment":[{"href":"https:\/\/omanivietnam.com\/index.php\/wp-json\/wp\/v2\/media?parent=4883"}],"wp:term":[{"taxonomy":"product_cat","embeddable":true,"href":"https:\/\/omanivietnam.com\/index.php\/wp-json\/wp\/v2\/product_cat?post=4883"},{"taxonomy":"product_tag","embeddable":true,"href":"https:\/\/omanivietnam.com\/index.php\/wp-json\/wp\/v2\/product_tag?post=4883"}],"curies":[{"name":"wp","href":"https:\/\/api.w.org\/{rel}","templated":true}]}}