{"id":4889,"date":"2026-04-25T22:02:00","date_gmt":"2026-04-25T15:02:00","guid":{"rendered":"https:\/\/omanivietnam.com\/?post_type=product&#038;p=4889"},"modified":"2026-04-25T22:03:19","modified_gmt":"2026-04-25T15:03:19","slug":"sick-grte18-n1112","status":"publish","type":"product","link":"https:\/\/omanivietnam.com\/index.php\/san-pham\/sick-grte18-n1112\/","title":{"rendered":"SICK GRTE18-N1112"},"content":{"rendered":"<p>SICK GRTE18-N1112<\/p>\n<p><strong><span class=\"TieuDeSanPhamEditor\">\u0110\u1eb7c \u0111i\u1ec3m chung c\u1ee7a C\u1ea3m bi\u1ebfn quang \u0111i\u1ec7n th\u00e2n tr\u1ee5 d\u1ea3i r\u1ed9ng\u00a0SICK\u00a0GR18 series\u00a0(ch\u1ee9a model\u00a0GRTE18-N1112)<\/span><\/strong><\/p>\n<p><span class=\"TieuDeSanPhamEditor\">Th\u00f4ng s\u00f4\u0301 k\u1ef9 thu\u00e2\u0323t c\u1ee7a C\u1ea3m bi\u1ebfn quang \u0111i\u1ec7n th\u00e2n tr\u1ee5 d\u1ea3i r\u1ed9ng\u00a0SICK\u00a0GRTE18-N1112<\/span><\/p>\n<table border=\"1\">\n<tbody>\n<tr>\n<td>Lo\u1ea1i<\/td>\n<td>Standard photoelectric sensor (built-in amplifier)<\/td>\n<\/tr>\n<tr>\n<td>H\u00ecnh d\u00e1ng<\/td>\n<td>Threaded cylindrical type<\/td>\n<\/tr>\n<tr>\n<td>Ph\u01b0\u01a1ng ph\u00e1p ph\u00e1t hi\u1ec7n<\/td>\n<td>Direct-reflective<\/td>\n<\/tr>\n<tr>\n<td>Nguy\u00ean l\u00fd ph\u00e1t hi\u1ec7n<\/td>\n<td>Energetic<\/td>\n<\/tr>\n<tr>\n<td>Kho\u1ea3ng c\u00e1ch ph\u00e1t hi\u1ec7n<\/td>\n<td>3&#8230;115mm<\/td>\n<\/tr>\n<tr>\n<td>\u0110\u1ed1i t\u01b0\u1ee3ng ph\u00e1t hi\u1ec7n<\/td>\n<td>Standard object<\/td>\n<\/tr>\n<tr>\n<td>Ngu\u1ed3n s\u00e1ng<\/td>\n<td>Red LED<\/td>\n<\/tr>\n<tr>\n<td>Ngu\u1ed3n c\u1ea5p<\/td>\n<td>10&#8230;30VDC<\/td>\n<\/tr>\n<tr>\n<td>C\u00f4ng su\u1ea5t\/d\u00f2ng \u0111i\u1ec7n ti\u00eau th\u1ee5 t\u1ed1i \u0111a<\/td>\n<td>30mA<\/td>\n<\/tr>\n<tr>\n<td>C\u00f4ng su\u1ea5t ng\u00f5 ra\/t\u1ea3i t\u1ed1i \u0111a<\/td>\n<td>100mA<\/td>\n<\/tr>\n<tr>\n<td>Lo\u1ea1i \u0111\u1ea7u ra<\/td>\n<td>NPN<\/td>\n<\/tr>\n<tr>\n<td>Ch\u1ebf \u0111\u1ed9 ho\u1ea1t \u0111\u1ed9ng<\/td>\n<td>Light ON, Dark ON<\/td>\n<\/tr>\n<tr>\n<td>C\u00e0i \u0111\u1eb7t \u0111\u1ed9 nh\u1ea1y<\/td>\n<td>Adjuster<\/td>\n<\/tr>\n<tr>\n<td>Th\u1eddi gian \u0111\u00e1p \u1ee9ng<\/td>\n<td>1ms<\/td>\n<\/tr>\n<tr>\n<td>Ki\u1ec3u hi\u1ec3n th\u1ecb<\/td>\n<td>LED indicator<\/td>\n<\/tr>\n<tr>\n<td>M\u1ea1ch b\u1ea3o v\u1ec7<\/td>\n<td>Reverse polarity protected, Input reverse &#8211; polarity protected, Output reverse polarity protection, Output overcurrent and short-circuit protected<\/td>\n<\/tr>\n<tr>\n<td>Ch\u1ee9c n\u0103ng<\/td>\n<td>Multi-color status LED, PinPoint LED and intelligent, High tightening torque of the fully-flush variant<\/td>\n<\/tr>\n<tr>\n<td>Truy\u1ec1n th\u00f4ng<\/td>\n<td>No<\/td>\n<\/tr>\n<tr>\n<td>V\u1eadt li\u1ec7u v\u1ecf<\/td>\n<td>Nickel-brass<\/td>\n<\/tr>\n<tr>\n<td>Ph\u01b0\u01a1ng ph\u00e1p l\u1eafp \u0111\u1eb7t<\/td>\n<td>Bracket mounting, Through hole mounting<\/td>\n<\/tr>\n<tr>\n<td>Ph\u01b0\u01a1ng ph\u00e1p k\u1ebft n\u1ed1i<\/td>\n<td>Pre-wired<\/td>\n<\/tr>\n<tr>\n<td>S\u1ed1 d\u00e2y<\/td>\n<td>4-wire<\/td>\n<\/tr>\n<tr>\n<td>Chi\u1ec1u d\u00e0i c\u00e1p<\/td>\n<td>2m<\/td>\n<\/tr>\n<tr>\n<td>M\u00f4i tr\u01b0\u1eddng ho\u1ea1t \u0111\u1ed9ng<\/td>\n<td>Water resistance, Oil resistance<\/td>\n<\/tr>\n<tr>\n<td>Nhi\u1ec7t \u0111\u1ed9 m\u00f4i tr\u01b0\u1eddng<\/td>\n<td>-25&#8230;55\u00b0C<\/td>\n<\/tr>\n<tr>\n<td>\u0110\u01b0\u1eddng k\u00ednh t\u1ed5ng th\u1ec3<\/td>\n<td>18mm<\/td>\n<\/tr>\n<tr>\n<td>Chi\u1ec1u d\u00e0i t\u1ed5ng th\u1ec3<\/td>\n<td>71.5mm<\/td>\n<\/tr>\n<tr>\n<td>C\u1ea5p b\u1ea3o v\u1ec7<\/td>\n<td>IP67<\/td>\n<\/tr>\n<tr>\n<td>Ti\u00eau chu\u1ea9n<\/td>\n<td>CE, UL<\/td>\n<\/tr>\n<tr>\n<td>Ph\u1ee5 ki\u1ec7n \u0111i k\u00e8m<\/td>\n<td>2x fastening nuts<\/td>\n<\/tr>\n<tr>\n<td>Ph\u1ee5 ki\u1ec7n mua r\u1eddi<\/td>\n<td>Conector: STE-1204-G, Connector: YM12U14-2550K4051A<\/td>\n<\/tr>\n<tr>\n<td>G\u01b0\u01a1ng (B\u00e1n ri\u00eang)<\/td>\n<td>C110A, P250, P250 CHEM, P250H, PL100, PL20A, PL22-1, PL40A, PL50A, PL50HK, PL80A, PL80A-AF<\/td>\n<\/tr>\n<tr>\n<td>Gi\u00e1 \u0111\u1ee1 (B\u00e1n ri\u00eang)<\/td>\n<td>BEF-WN-M18, BEF-WN-REFX<\/td>\n<\/tr>\n<\/tbody>\n<\/table>\n<p>&nbsp;<\/p>\n<table cellpadding=\"0\">\n<tbody>\n<tr>\n<td class=\"v1et2\" align=\"center\" valign=\"middle\" width=\"155\">Model<\/td>\n<td class=\"v1et2\" align=\"center\" valign=\"middle\" width=\"187\">Unit price($)<\/td>\n<td class=\"v1et2\" align=\"center\" valign=\"middle\" width=\"153\">Leading<\/td>\n<td class=\"v1et2\" align=\"center\" valign=\"middle\" width=\"200\">Brand<\/td>\n<\/tr>\n<tr>\n<td class=\"v1et2\" align=\"center\" valign=\"middle\" width=\"154\">DL100-21AA2101<\/td>\n<td class=\"v1et4\" align=\"center\" valign=\"middle\" width=\"186\"><\/td>\n<td class=\"v1et2\" align=\"center\" valign=\"middle\" width=\"152\">4-5 weeks<\/td>\n<td class=\"v1et2\" align=\"center\" valign=\"middle\" width=\"199\">SICK<\/td>\n<\/tr>\n<tr>\n<td class=\"v1et2\" align=\"center\" valign=\"middle\" width=\"154\">DL100-21AA2102<\/td>\n<td class=\"v1et4\" align=\"center\" valign=\"middle\" width=\"186\"><\/td>\n<td class=\"v1et2\" align=\"center\" valign=\"middle\" width=\"152\">4-5 weeks<\/td>\n<td class=\"v1et2\" align=\"center\" valign=\"middle\" width=\"199\">SICK<\/td>\n<\/tr>\n<tr>\n<td class=\"v1et2\" align=\"center\" valign=\"middle\" width=\"154\">DL100-21AA2103<\/td>\n<td class=\"v1et4\" align=\"center\" valign=\"middle\" width=\"186\"><\/td>\n<td class=\"v1et2\" align=\"center\" valign=\"middle\" width=\"152\">4-5 weeks<\/td>\n<td class=\"v1et2\" align=\"center\" valign=\"middle\" width=\"199\">SICK<\/td>\n<\/tr>\n<tr>\n<td class=\"v1et2\" align=\"center\" valign=\"middle\" width=\"154\">DL100-21AA2109<\/td>\n<td class=\"v1et4\" align=\"center\" valign=\"middle\" width=\"186\"><\/td>\n<td class=\"v1et2\" align=\"center\" valign=\"middle\" width=\"152\">4-5 weeks<\/td>\n<td class=\"v1et2\" align=\"center\" valign=\"middle\" width=\"199\">SICK<\/td>\n<\/tr>\n<tr>\n<td class=\"v1et2\" align=\"center\" valign=\"middle\" width=\"154\">DL100-21AA2110<\/td>\n<td class=\"v1et4\" align=\"center\" valign=\"middle\" width=\"186\"><\/td>\n<td class=\"v1et2\" align=\"center\" valign=\"middle\" width=\"152\">4-5 weeks<\/td>\n<td class=\"v1et2\" align=\"center\" valign=\"middle\" width=\"199\">SICK<\/td>\n<\/tr>\n<tr>\n<td class=\"v1et2\" align=\"center\" valign=\"middle\" width=\"154\">DL100-21AA2112<\/td>\n<td class=\"v1et4\" align=\"center\" valign=\"middle\" width=\"186\"><\/td>\n<td class=\"v1et2\" align=\"center\" valign=\"middle\" width=\"152\">4-5 weeks<\/td>\n<td class=\"v1et2\" align=\"center\" valign=\"middle\" width=\"199\">SICK<\/td>\n<\/tr>\n<tr>\n<td class=\"v1et2\" align=\"center\" valign=\"middle\" width=\"154\">DL100-21AA2211<\/td>\n<td class=\"v1et4\" align=\"center\" valign=\"middle\" width=\"186\"><\/td>\n<td class=\"v1et2\" align=\"center\" valign=\"middle\" width=\"152\">4-5 weeks<\/td>\n<td class=\"v1et2\" align=\"center\" valign=\"middle\" width=\"199\">SICK<\/td>\n<\/tr>\n<tr>\n<td class=\"v1et2\" align=\"center\" valign=\"middle\" width=\"154\">DL100-21HA2101<\/td>\n<td class=\"v1et4\" align=\"center\" valign=\"middle\" width=\"186\"><\/td>\n<td class=\"v1et2\" align=\"center\" valign=\"middle\" width=\"152\">4-5 weeks<\/td>\n<td class=\"v1et2\" align=\"center\" valign=\"middle\" width=\"199\">SICK<\/td>\n<\/tr>\n<tr>\n<td class=\"v1et2\" align=\"center\" valign=\"middle\" width=\"154\">DL100-21HA2102<\/td>\n<td class=\"v1et4\" align=\"center\" valign=\"middle\" width=\"186\"><\/td>\n<td class=\"v1et2\" align=\"center\" valign=\"middle\" width=\"152\">4-5 weeks<\/td>\n<td class=\"v1et2\" align=\"center\" valign=\"middle\" width=\"199\">SICK<\/td>\n<\/tr>\n<tr>\n<td class=\"v1et2\" align=\"center\" valign=\"middle\" width=\"154\">DL100-21HA2103<\/td>\n<td class=\"v1et4\" align=\"center\" valign=\"middle\" width=\"186\"><\/td>\n<td class=\"v1et2\" align=\"center\" valign=\"middle\" width=\"152\">4-5 weeks<\/td>\n<td class=\"v1et2\" align=\"center\" valign=\"middle\" width=\"199\">SICK<\/td>\n<\/tr>\n<\/tbody>\n<\/table>\n<p>\u0110\u1ea1i l\u00fd SICK vietnam, SICK viet nam, SICK vietnam distributor, Ph\u00e2n ph\u1ed1i SICK t\u1ea1i vi\u1ec7t nam<\/p>\n<p>\u0110\u1ea1i l\u00fd SICK vietnam, SICK viet nam, SICK vietnam distributor, Ph\u00e2n ph\u1ed1i SICK t\u1ea1i vi\u1ec7t nam<\/p>\n<p>\u0110\u1ea1i l\u00fd SICK vietnam, SICK viet nam, SICK vietnam distributor, Ph\u00e2n ph\u1ed1i SICK t\u1ea1i vi\u1ec7t nam<\/p>\n","protected":false},"excerpt":{"rendered":"<p>SICK GRTE18-N1112 \u0110\u1eb7c \u0111i\u1ec3m chung c\u1ee7a C\u1ea3m bi\u1ebfn quang \u0111i\u1ec7n th\u00e2n tr\u1ee5 d\u1ea3i r\u1ed9ng\u00a0SICK\u00a0GR18 series\u00a0(ch\u1ee9a model\u00a0GRTE18-N1112) Th\u00f4ng s\u00f4\u0301 k\u1ef9 thu\u00e2\u0323t c\u1ee7a C\u1ea3m bi\u1ebfn quang \u0111i\u1ec7n th\u00e2n tr\u1ee5 d\u1ea3i r\u1ed9ng\u00a0SICK\u00a0GRTE18-N1112 Lo\u1ea1i Standard photoelectric sensor (built-in amplifier) H\u00ecnh d\u00e1ng Threaded cylindrical type Ph\u01b0\u01a1ng ph\u00e1p ph\u00e1t hi\u1ec7n Direct-reflective Nguy\u00ean l\u00fd ph\u00e1t hi\u1ec7n Energetic&hellip; <\/p>\n","protected":false},"featured_media":4890,"comment_status":"open","ping_status":"closed","template":"","meta":[],"product_cat":[297],"product_tag":[88,89,90],"class_list":{"0":"post-4889","1":"product","2":"type-product","3":"status-publish","4":"has-post-thumbnail","6":"product_cat-sick","7":"product_tag-cam-bien","8":"product_tag-dai-ly-sick-viet-nam","9":"product_tag-sick-viet-nam","11":"first","12":"instock","13":"shipping-taxable","14":"product-type-simple"},"yoast_head":"<!-- This site is optimized with the Yoast SEO plugin v22.8 - https:\/\/yoast.com\/wordpress\/plugins\/seo\/ -->\n<title>SICK GRTE18-N1112 - OMANI VI\u1ec6T NAM<\/title>\n<meta name=\"description\" content=\"SICK GRTE18-N1112 Sensor\" \/>\n<meta name=\"robots\" content=\"index, follow, max-snippet:-1, max-image-preview:large, max-video-preview:-1\" \/>\n<link rel=\"canonical\" href=\"https:\/\/omanivietnam.com\/index.php\/san-pham\/sick-grte18-n1112\/\" \/>\n<meta property=\"og:locale\" content=\"vi_VN\" \/>\n<meta property=\"og:type\" content=\"article\" \/>\n<meta property=\"og:title\" content=\"SICK GRTE18-N1112 - OMANI VI\u1ec6T NAM\" \/>\n<meta property=\"og:description\" content=\"SICK GRTE18-N1112 Sensor\" \/>\n<meta property=\"og:url\" content=\"https:\/\/omanivietnam.com\/index.php\/san-pham\/sick-grte18-n1112\/\" \/>\n<meta property=\"og:site_name\" content=\"OMANI VI\u1ec6T NAM\" \/>\n<meta property=\"article:modified_time\" content=\"2026-04-25T15:03:19+00:00\" \/>\n<meta property=\"og:image\" content=\"https:\/\/omanivietnam.com\/wp-content\/uploads\/2026\/04\/GRTE18-N1112.png\" \/>\n\t<meta property=\"og:image:width\" content=\"1219\" \/>\n\t<meta property=\"og:image:height\" content=\"908\" \/>\n\t<meta property=\"og:image:type\" content=\"image\/png\" \/>\n<meta name=\"twitter:card\" content=\"summary_large_image\" \/>\n<meta name=\"twitter:label1\" content=\"\u01af\u1edbc t\u00ednh th\u1eddi gian \u0111\u1ecdc\" \/>\n\t<meta name=\"twitter:data1\" content=\"3 ph\u00fat\" \/>\n<script type=\"application\/ld+json\" class=\"yoast-schema-graph\">{\"@context\":\"https:\/\/schema.org\",\"@graph\":[{\"@type\":\"WebPage\",\"@id\":\"https:\/\/omanivietnam.com\/index.php\/san-pham\/sick-grte18-n1112\/\",\"url\":\"https:\/\/omanivietnam.com\/index.php\/san-pham\/sick-grte18-n1112\/\",\"name\":\"SICK GRTE18-N1112 - OMANI VI\u1ec6T NAM\",\"isPartOf\":{\"@id\":\"https:\/\/omanivietnam.com\/#website\"},\"primaryImageOfPage\":{\"@id\":\"https:\/\/omanivietnam.com\/index.php\/san-pham\/sick-grte18-n1112\/#primaryimage\"},\"image\":{\"@id\":\"https:\/\/omanivietnam.com\/index.php\/san-pham\/sick-grte18-n1112\/#primaryimage\"},\"thumbnailUrl\":\"https:\/\/omanivietnam.com\/wp-content\/uploads\/2026\/04\/GRTE18-N1112.png\",\"datePublished\":\"2026-04-25T15:02:00+00:00\",\"dateModified\":\"2026-04-25T15:03:19+00:00\",\"description\":\"SICK GRTE18-N1112 Sensor\",\"breadcrumb\":{\"@id\":\"https:\/\/omanivietnam.com\/index.php\/san-pham\/sick-grte18-n1112\/#breadcrumb\"},\"inLanguage\":\"vi\",\"potentialAction\":[{\"@type\":\"ReadAction\",\"target\":[\"https:\/\/omanivietnam.com\/index.php\/san-pham\/sick-grte18-n1112\/\"]}]},{\"@type\":\"ImageObject\",\"inLanguage\":\"vi\",\"@id\":\"https:\/\/omanivietnam.com\/index.php\/san-pham\/sick-grte18-n1112\/#primaryimage\",\"url\":\"https:\/\/omanivietnam.com\/wp-content\/uploads\/2026\/04\/GRTE18-N1112.png\",\"contentUrl\":\"https:\/\/omanivietnam.com\/wp-content\/uploads\/2026\/04\/GRTE18-N1112.png\",\"width\":1219,\"height\":908},{\"@type\":\"BreadcrumbList\",\"@id\":\"https:\/\/omanivietnam.com\/index.php\/san-pham\/sick-grte18-n1112\/#breadcrumb\",\"itemListElement\":[{\"@type\":\"ListItem\",\"position\":1,\"name\":\"Home\",\"item\":\"https:\/\/omanivietnam.com\/\"},{\"@type\":\"ListItem\",\"position\":2,\"name\":\"S\u1ea2N PH\u1ea8M\",\"item\":\"https:\/\/omanivietnam.com\/index.php\/cua-hang\/\"},{\"@type\":\"ListItem\",\"position\":3,\"name\":\"SICK GRTE18-N1112\"}]},{\"@type\":\"WebSite\",\"@id\":\"https:\/\/omanivietnam.com\/#website\",\"url\":\"https:\/\/omanivietnam.com\/\",\"name\":\"OMANI VI\u1ec6T NAM\",\"description\":\"Nh\u00e0 ph\u00e2n ph\u1ed1i thi\u1ebft b\u1ecb kh\u00ed n\u00e9n v\u00e0 thi\u1ebft b\u1ecb t\u1ef1 \u0111\u1ed9ng h\u00f3a trong c\u00f4ng nghi\u1ec7p\",\"publisher\":{\"@id\":\"https:\/\/omanivietnam.com\/#\/schema\/person\/0ad398a980dc3fd696111c2c5c8fa897\"},\"potentialAction\":[{\"@type\":\"SearchAction\",\"target\":{\"@type\":\"EntryPoint\",\"urlTemplate\":\"https:\/\/omanivietnam.com\/?s={search_term_string}\"},\"query-input\":\"required name=search_term_string\"}],\"inLanguage\":\"vi\"},{\"@type\":[\"Person\",\"Organization\"],\"@id\":\"https:\/\/omanivietnam.com\/#\/schema\/person\/0ad398a980dc3fd696111c2c5c8fa897\",\"name\":\"Nguy\u1ec5n V\u0103n Kh\u00e1nh\",\"image\":{\"@type\":\"ImageObject\",\"inLanguage\":\"vi\",\"@id\":\"https:\/\/omanivietnam.com\/#\/schema\/person\/image\/\",\"url\":\"https:\/\/omanivietnam.com\/wp-content\/uploads\/2024\/06\/logo-1024x1024.png\",\"contentUrl\":\"https:\/\/omanivietnam.com\/wp-content\/uploads\/2024\/06\/logo-1024x1024.png\",\"width\":1024,\"height\":1024,\"caption\":\"Nguy\u1ec5n V\u0103n Kh\u00e1nh\"},\"logo\":{\"@id\":\"https:\/\/omanivietnam.com\/#\/schema\/person\/image\/\"},\"sameAs\":[\"https:\/\/omanivietnam.com\"]}]}<\/script>\n<!-- \/ Yoast SEO plugin. -->","yoast_head_json":{"title":"SICK GRTE18-N1112 - OMANI VI\u1ec6T NAM","description":"SICK GRTE18-N1112 Sensor","robots":{"index":"index","follow":"follow","max-snippet":"max-snippet:-1","max-image-preview":"max-image-preview:large","max-video-preview":"max-video-preview:-1"},"canonical":"https:\/\/omanivietnam.com\/index.php\/san-pham\/sick-grte18-n1112\/","og_locale":"vi_VN","og_type":"article","og_title":"SICK GRTE18-N1112 - OMANI VI\u1ec6T NAM","og_description":"SICK GRTE18-N1112 Sensor","og_url":"https:\/\/omanivietnam.com\/index.php\/san-pham\/sick-grte18-n1112\/","og_site_name":"OMANI VI\u1ec6T NAM","article_modified_time":"2026-04-25T15:03:19+00:00","og_image":[{"width":1219,"height":908,"url":"https:\/\/omanivietnam.com\/wp-content\/uploads\/2026\/04\/GRTE18-N1112.png","type":"image\/png"}],"twitter_card":"summary_large_image","twitter_misc":{"\u01af\u1edbc t\u00ednh th\u1eddi gian \u0111\u1ecdc":"3 ph\u00fat"},"schema":{"@context":"https:\/\/schema.org","@graph":[{"@type":"WebPage","@id":"https:\/\/omanivietnam.com\/index.php\/san-pham\/sick-grte18-n1112\/","url":"https:\/\/omanivietnam.com\/index.php\/san-pham\/sick-grte18-n1112\/","name":"SICK GRTE18-N1112 - OMANI VI\u1ec6T NAM","isPartOf":{"@id":"https:\/\/omanivietnam.com\/#website"},"primaryImageOfPage":{"@id":"https:\/\/omanivietnam.com\/index.php\/san-pham\/sick-grte18-n1112\/#primaryimage"},"image":{"@id":"https:\/\/omanivietnam.com\/index.php\/san-pham\/sick-grte18-n1112\/#primaryimage"},"thumbnailUrl":"https:\/\/omanivietnam.com\/wp-content\/uploads\/2026\/04\/GRTE18-N1112.png","datePublished":"2026-04-25T15:02:00+00:00","dateModified":"2026-04-25T15:03:19+00:00","description":"SICK GRTE18-N1112 Sensor","breadcrumb":{"@id":"https:\/\/omanivietnam.com\/index.php\/san-pham\/sick-grte18-n1112\/#breadcrumb"},"inLanguage":"vi","potentialAction":[{"@type":"ReadAction","target":["https:\/\/omanivietnam.com\/index.php\/san-pham\/sick-grte18-n1112\/"]}]},{"@type":"ImageObject","inLanguage":"vi","@id":"https:\/\/omanivietnam.com\/index.php\/san-pham\/sick-grte18-n1112\/#primaryimage","url":"https:\/\/omanivietnam.com\/wp-content\/uploads\/2026\/04\/GRTE18-N1112.png","contentUrl":"https:\/\/omanivietnam.com\/wp-content\/uploads\/2026\/04\/GRTE18-N1112.png","width":1219,"height":908},{"@type":"BreadcrumbList","@id":"https:\/\/omanivietnam.com\/index.php\/san-pham\/sick-grte18-n1112\/#breadcrumb","itemListElement":[{"@type":"ListItem","position":1,"name":"Home","item":"https:\/\/omanivietnam.com\/"},{"@type":"ListItem","position":2,"name":"S\u1ea2N PH\u1ea8M","item":"https:\/\/omanivietnam.com\/index.php\/cua-hang\/"},{"@type":"ListItem","position":3,"name":"SICK GRTE18-N1112"}]},{"@type":"WebSite","@id":"https:\/\/omanivietnam.com\/#website","url":"https:\/\/omanivietnam.com\/","name":"OMANI VI\u1ec6T NAM","description":"Nh\u00e0 ph\u00e2n ph\u1ed1i thi\u1ebft b\u1ecb kh\u00ed n\u00e9n v\u00e0 thi\u1ebft b\u1ecb t\u1ef1 \u0111\u1ed9ng h\u00f3a trong c\u00f4ng nghi\u1ec7p","publisher":{"@id":"https:\/\/omanivietnam.com\/#\/schema\/person\/0ad398a980dc3fd696111c2c5c8fa897"},"potentialAction":[{"@type":"SearchAction","target":{"@type":"EntryPoint","urlTemplate":"https:\/\/omanivietnam.com\/?s={search_term_string}"},"query-input":"required name=search_term_string"}],"inLanguage":"vi"},{"@type":["Person","Organization"],"@id":"https:\/\/omanivietnam.com\/#\/schema\/person\/0ad398a980dc3fd696111c2c5c8fa897","name":"Nguy\u1ec5n V\u0103n Kh\u00e1nh","image":{"@type":"ImageObject","inLanguage":"vi","@id":"https:\/\/omanivietnam.com\/#\/schema\/person\/image\/","url":"https:\/\/omanivietnam.com\/wp-content\/uploads\/2024\/06\/logo-1024x1024.png","contentUrl":"https:\/\/omanivietnam.com\/wp-content\/uploads\/2024\/06\/logo-1024x1024.png","width":1024,"height":1024,"caption":"Nguy\u1ec5n V\u0103n Kh\u00e1nh"},"logo":{"@id":"https:\/\/omanivietnam.com\/#\/schema\/person\/image\/"},"sameAs":["https:\/\/omanivietnam.com"]}]}},"_links":{"self":[{"href":"https:\/\/omanivietnam.com\/index.php\/wp-json\/wp\/v2\/product\/4889","targetHints":{"allow":["GET"]}}],"collection":[{"href":"https:\/\/omanivietnam.com\/index.php\/wp-json\/wp\/v2\/product"}],"about":[{"href":"https:\/\/omanivietnam.com\/index.php\/wp-json\/wp\/v2\/types\/product"}],"replies":[{"embeddable":true,"href":"https:\/\/omanivietnam.com\/index.php\/wp-json\/wp\/v2\/comments?post=4889"}],"wp:featuredmedia":[{"embeddable":true,"href":"https:\/\/omanivietnam.com\/index.php\/wp-json\/wp\/v2\/media\/4890"}],"wp:attachment":[{"href":"https:\/\/omanivietnam.com\/index.php\/wp-json\/wp\/v2\/media?parent=4889"}],"wp:term":[{"taxonomy":"product_cat","embeddable":true,"href":"https:\/\/omanivietnam.com\/index.php\/wp-json\/wp\/v2\/product_cat?post=4889"},{"taxonomy":"product_tag","embeddable":true,"href":"https:\/\/omanivietnam.com\/index.php\/wp-json\/wp\/v2\/product_tag?post=4889"}],"curies":[{"name":"wp","href":"https:\/\/api.w.org\/{rel}","templated":true}]}}