{"id":4892,"date":"2026-04-25T22:18:49","date_gmt":"2026-04-25T15:18:49","guid":{"rendered":"https:\/\/omanivietnam.com\/?post_type=product&#038;p=4892"},"modified":"2026-04-25T22:19:46","modified_gmt":"2026-04-25T15:19:46","slug":"sick-mpb10-vs00vsiq00","status":"publish","type":"product","link":"https:\/\/omanivietnam.com\/index.php\/san-pham\/sick-mpb10-vs00vsiq00\/","title":{"rendered":"SICK MPB10-VS00VSIQ00"},"content":{"rendered":"<p>SICK MPB10-VS00VSIQ00<\/p>\n<p>SICK YF2A14-050UB3XLEAX<\/p>\n<p>C\u1ea3m bi\u1ebfn MPB10-VS00VSIQ00<\/p>\n<ul>\n<li>Gi\u1ea3m thi\u1ec3u s\u1ef1 c\u1ed1 v\u00e0 chi ph\u00ed v\u1eadn h\u00e0nh b\u1eb1ng c\u00e1ch s\u1eed d\u1ee5ng d\u1eef li\u1ec7u \u0111i\u1ec1u ki\u1ec7n ch\u00ednh x\u00e1c<\/li>\n<li>Di\u1ec5n gi\u1ea3i d\u1eef li\u1ec7u tr\u1ef1c quan nh\u1edd c\u00e1c gi\u00e1 tr\u1ecb \u0111\u01b0\u1ee3c x\u1eed l\u00fd tr\u01b0\u1edbc ngay c\u1ea3 trong d\u1ea3i t\u1ea7n s\u1ed1<\/li>\n<li>C\u00f3 th\u1ec3 \u0111\u01b0\u1ee3c \u0111i\u1ec1u ch\u1ec9nh b\u1eb1ng c\u00e1c gi\u00e1 tr\u1ecb ng\u01b0\u1ee1ng c\u00f3 th\u1ec3 \u0111\u1ecbnh c\u1ea5u h\u00ecnh cho c\u00e1c gi\u00e1 tr\u1ecb rung, s\u1ed1c v\u00e0 nhi\u1ec7t \u0111\u1ed9<\/li>\n<li>Tham s\u1ed1 h\u00f3a v\u00e0 tr\u1ef1c quan h\u00f3a \u0111\u01a1n gi\u1ea3n th\u00f4ng qua C\u00f4ng c\u1ee5 K\u1ef9 thu\u1eadt SOPAS<\/li>\n<li>C\u00e0i \u0111\u1eb7t kh\u00f4ng ph\u1ee9c t\u1ea1p th\u00f4ng qua t\u1ea5m t\u1eeb t\u00ednh ho\u1eb7c k\u1ebft n\u1ed1i v\u00edt<\/li>\n<li>An to\u00e0n v\u1eadn h\u00e0nh cao do v\u1ecf th\u00e9p kh\u00f4ng g\u1ec9 ch\u1eafc ch\u1eafn<\/li>\n<\/ul>\n<p>MPB10-VS00VSIQ00 l\u00e0 c\u1ea3m bi\u1ebfn gi\u00e1m s\u00e1t t\u00ecnh tr\u1ea1ng rung, s\u1ed1c v\u00e0 nhi\u1ec7t \u0111\u1ed9<\/p>\n<ul>\n<li>Lo\u1ea1i k\u1ebft n\u1ed1i: C\u00e1p c\u00f3 \u0111\u1ea7u n\u1ed1i M12, c\u00f3 \u0111ai \u1ed1c kh\u00eda<\/li>\n<li>Chi\u1ec1u d\u00e0i c\u1ee7a c\u00e1p: 0,3 m<\/li>\n<li>V\u1eadt li\u1ec7u: Th\u00e9p kh\u00f4ng g\u1ec9<\/li>\n<li>Giao di\u1ec7n giao ti\u1ebfp: IO-Link<\/li>\n<li>C\u00e1c l\u0129nh v\u1ef1c \u1ee9ng d\u1ee5ng<\/li>\n<li>Ph\u00e1t hi\u1ec7n rung, nhi\u1ec7t \u0111\u1ed9 v\u00e0 s\u1ed1c tr\u00ean m\u00e1y c\u00f3 c\u00e1c b\u1ed9 ph\u1eadn quay<\/li>\n<li>Gi\u00e1m s\u00e1t li\u00ean t\u1ee5c \u0111\u1ed9ng c\u01a1, qu\u1ea1t v\u00e0 m\u00e1y b\u01a1m<\/li>\n<li>Ph\u00e1t hi\u1ec7n c\u00e1c thay \u0111\u1ed5i tr\u1ea1ng th\u00e1i tr\u00ean c\u00e1c th\u00e0nh ph\u1ea7n<\/li>\n<\/ul>\n<p><strong>L\u1ee3i \u00edch<\/strong><\/p>\n<ul>\n<li>Gi\u1ea3m thi\u1ec3u s\u1ef1 c\u1ed1 v\u00e0 chi ph\u00ed v\u1eadn h\u00e0nh nh\u1edd d\u1eef li\u1ec7u \u0111i\u1ec1u ki\u1ec7n ch\u00ednh x\u00e1c<\/li>\n<li>D\u1ec5 d\u00e0ng di\u1ec5n gi\u1ea3i d\u1eef li\u1ec7u nh\u1edd c\u00e1c gi\u00e1 tr\u1ecb \u0111\u00e3 \u0111\u01b0\u1ee3c x\u1eed l\u00fd tr\u01b0\u1edbc, ngay c\u1ea3 trong mi\u1ec1n t\u1ea7n s\u1ed1<\/li>\n<li>C\u00f3 th\u1ec3 \u0111i\u1ec1u ch\u1ec9nh b\u1eb1ng c\u00e1c gi\u00e1 tr\u1ecb ng\u01b0\u1ee1ng c\u00f3 th\u1ec3 c\u1ea5u h\u00ecnh cho \u0111\u1ed9 rung, va \u0111\u1eadp v\u00e0 nhi\u1ec7t \u0111\u1ed9<\/li>\n<li>Thi\u1ebft l\u1eadp tham s\u1ed1 v\u00e0 tr\u1ef1c quan h\u00f3a \u0111\u01a1n gi\u1ea3n th\u00f4ng qua c\u00f4ng c\u1ee5 k\u1ef9 thu\u1eadt SOPAS<\/li>\n<li>L\u1eafp \u0111\u1eb7t d\u1ec5 d\u00e0ng th\u00f4ng qua t\u1ea5m t\u1eeb ho\u1eb7c k\u1ebft n\u1ed1i v\u00edt<\/li>\n<li>\u0110\u1ed9 an to\u00e0n v\u1eadn h\u00e0nh cao nh\u1edd v\u1ecf th\u00e9p kh\u00f4ng g\u1ec9 ch\u1eafc ch\u1eafn<\/li>\n<\/ul>\n<p><strong>T\u00ednh n\u0103ng<\/strong><\/p>\n<ul>\n<li>Ph\u00e1t hi\u1ec7n rung \u0111\u1ed9ng 3 tr\u1ee5c (\u00b1 8 g) v\u00e0 va ch\u1ea1m (l\u00ean \u0111\u1ebfn 200 g) th\u00f4ng qua c\u00e1c ph\u1ea7n t\u1eed MEMS<\/li>\n<li>\u0110o nhi\u1ec7t \u0111\u1ed9 ti\u1ebfp x\u00fac \u221240 \u2026 +80 \u00b0C<\/li>\n<li>Ng\u01b0\u1ee1ng c\u00f3 th\u1ec3 c\u1ea5u h\u00ecnh<\/li>\n<li>Gi\u00e1m s\u00e1t rung \u0111\u1ed9ng theo mi\u1ec1n th\u1eddi gian v\u00e0 t\u1ea7n s\u1ed1<\/li>\n<li>Gi\u00e1 tr\u1ecb gi\u1edbi h\u1ea1n rung \u0111\u1ed9ng theo ti\u00eau chu\u1ea9n ISO 10816-3<\/li>\n<li>V\u1ecf th\u00e9p kh\u00f4ng g\u1ec9 nh\u1ecf g\u1ecdn \u0111\u1ea1t chu\u1ea9n IP68<\/li>\n<li>M\u00e0n h\u00ecnh hi\u1ec3n th\u1ecb tr\u1ea1ng th\u00e1i LED<\/li>\n<li>Chuy\u1ec3n m\u1ea1ch \u0111\u1ea7u ra l\u00e0m t\u00edn hi\u1ec7u b\u00e1o \u0111\u1ed9ng v\u00e0 IO-Link<\/li>\n<\/ul>\n<table>\n<tbody>\n<tr>\n<td colspan=\"2\">\n<table>\n<tbody>\n<tr>\n<td>Vibration<\/td>\n<td><\/td>\n<\/tr>\n<tr class=\"feature\">\n<td>Number of axis<\/td>\n<td>3<\/td>\n<\/tr>\n<tr class=\"feature\">\n<td>Measuring range<\/td>\n<td>\u00b1\u00a08\u00a0g<\/td>\n<\/tr>\n<tr class=\"feature\">\n<td>Measurement error<\/td>\n<td>\u00b1\u00a06\u00a0%<\/td>\n<\/tr>\n<tr class=\"feature\">\n<td>Measuring range a-RMS<\/td>\n<td>0\u00a0g\u00a0&#8230; 5.65\u00a0g<\/td>\n<\/tr>\n<tr class=\"feature\">\n<td>Measuring range v-RMS<\/td>\n<td>0\u00a0mm\/s\u00a0&#8230; 100\u00a0mm\/s, At 88\u00a0Hz<\/td>\n<\/tr>\n<tr class=\"feature\">\n<td>Frequency range<\/td>\n<td>0.78\u00a0Hz\u00a0&#8230; 3,200\u00a0Hz<\/td>\n<\/tr>\n<tr class=\"feature\">\n<td>Frequency resolution<\/td>\n<td>\u2265\u00a00.78\u00a0Hz<\/td>\n<\/tr>\n<tr class=\"feature\">\n<td>Bandpass filter<\/td>\n<td>Freely parameterizable in the range 1\u00a0&#8230; 3200\u00a0Hz<\/td>\n<\/tr>\n<tr class=\"feature\">\n<td>Trigger<\/td>\n<td>Automatic\/IO-Link\/external<\/td>\n<\/tr>\n<tr class=\"feature\">\n<td>Block length<\/td>\n<td>0.02\u00a0s\u00a0&#8230; 1.28\u00a0s<\/td>\n<\/tr>\n<tr class=\"feature\">\n<td>Signal type<\/td>\n<td>Acceleration\/speed<\/td>\n<\/tr>\n<tr class=\"feature\">\n<td>Vibration analysis<\/td>\n<td>a-RMS<\/td>\n<\/tr>\n<tr class=\"feature\">\n<td><\/td>\n<td>v-RMS<\/td>\n<\/tr>\n<tr class=\"feature\">\n<td><\/td>\n<td>Variance<\/td>\n<\/tr>\n<tr class=\"feature\">\n<td><\/td>\n<td>Skewness<\/td>\n<\/tr>\n<tr class=\"feature\">\n<td><\/td>\n<td>Kurtosis<\/td>\n<\/tr>\n<tr class=\"feature\">\n<td><\/td>\n<td>Peak to peak<\/td>\n<\/tr>\n<tr class=\"feature\">\n<td><\/td>\n<td>Shape factor<\/td>\n<\/tr>\n<tr class=\"feature\">\n<td><\/td>\n<td>Crest factor<\/td>\n<\/tr>\n<tr class=\"feature\">\n<td><\/td>\n<td>Impulse factor<\/td>\n<\/tr>\n<tr class=\"feature\">\n<td><\/td>\n<td>Frequency analysis<\/td>\n<\/tr>\n<tr class=\"feature\">\n<td>Vibration monitoring<\/td>\n<td>Evaluation of the severity zone according to ISO\u00a010816-3<\/td>\n<\/tr>\n<tr class=\"feature\">\n<td><\/td>\n<td>Teach-in of the reference vibration pattern<\/td>\n<\/tr>\n<tr class=\"feature\">\n<td><\/td>\n<td>Raw data output for parameterization<\/td>\n<\/tr>\n<\/tbody>\n<\/table>\n<\/td>\n<\/tr>\n<tr>\n<td colspan=\"2\">\n<table>\n<tbody>\n<tr>\n<td>Contact temperature<\/td>\n<td><\/td>\n<\/tr>\n<tr class=\"feature\">\n<td>Measuring range<\/td>\n<td>&#8211;\u00a040\u00a0\u00b0C\u00a0&#8230; +\u00a080\u00a0\u00b0C<\/td>\n<\/tr>\n<tr class=\"feature\">\n<td>Accuracy<\/td>\n<td>Typ. \u00b1\u00a01\u00a0\u00b0C<\/td>\n<\/tr>\n<tr class=\"feature\">\n<td>Resolution<\/td>\n<td>1\u00a0\u00b0C<\/td>\n<\/tr>\n<\/tbody>\n<\/table>\n<\/td>\n<\/tr>\n<tr>\n<td colspan=\"2\">\n<table>\n<tbody>\n<tr>\n<td>Shock<\/td>\n<td><\/td>\n<\/tr>\n<tr class=\"feature\">\n<td>Number of axis<\/td>\n<td>3<\/td>\n<\/tr>\n<tr class=\"feature\">\n<td>Measuring range<\/td>\n<td>10\u00a0g\u00a0&#8230; 200\u00a0g<\/td>\n<\/tr>\n<\/tbody>\n<\/table>\n<\/td>\n<\/tr>\n<\/tbody>\n<\/table>\n<p>\u0110\u1ea1i l\u00fd SICK vietnam, SICK viet nam, SICK vietnam distributor, Ph\u00e2n ph\u1ed1i SICK t\u1ea1i vi\u1ec7t nam<\/p>\n<p>\u0110\u1ea1i l\u00fd SICK vietnam, SICK viet nam, SICK vietnam distributor, Ph\u00e2n ph\u1ed1i SICK t\u1ea1i vi\u1ec7t nam<\/p>\n<p>\u0110\u1ea1i l\u00fd SICK vietnam, SICK viet nam, SICK vietnam distributor, Ph\u00e2n ph\u1ed1i SICK t\u1ea1i vi\u1ec7t nam<\/p>\n","protected":false},"excerpt":{"rendered":"<p>SICK MPB10-VS00VSIQ00 SICK YF2A14-050UB3XLEAX C\u1ea3m bi\u1ebfn MPB10-VS00VSIQ00 Gi\u1ea3m thi\u1ec3u s\u1ef1 c\u1ed1 v\u00e0 chi ph\u00ed v\u1eadn h\u00e0nh b\u1eb1ng c\u00e1ch s\u1eed d\u1ee5ng d\u1eef li\u1ec7u \u0111i\u1ec1u ki\u1ec7n ch\u00ednh x\u00e1c Di\u1ec5n gi\u1ea3i d\u1eef li\u1ec7u tr\u1ef1c quan nh\u1edd c\u00e1c gi\u00e1 tr\u1ecb \u0111\u01b0\u1ee3c x\u1eed l\u00fd tr\u01b0\u1edbc ngay c\u1ea3 trong d\u1ea3i t\u1ea7n s\u1ed1 C\u00f3 th\u1ec3 \u0111\u01b0\u1ee3c \u0111i\u1ec1u&hellip; <\/p>\n","protected":false},"featured_media":4893,"comment_status":"open","ping_status":"closed","template":"","meta":[],"product_cat":[297],"product_tag":[88,89,90],"class_list":{"0":"post-4892","1":"product","2":"type-product","3":"status-publish","4":"has-post-thumbnail","6":"product_cat-sick","7":"product_tag-cam-bien","8":"product_tag-dai-ly-sick-viet-nam","9":"product_tag-sick-viet-nam","11":"first","12":"instock","13":"shipping-taxable","14":"product-type-simple"},"yoast_head":"<!-- This site is optimized with the Yoast SEO plugin v22.8 - https:\/\/yoast.com\/wordpress\/plugins\/seo\/ -->\n<title>SICK MPB10-VS00VSIQ00 - OMANI VI\u1ec6T NAM<\/title>\n<meta name=\"description\" content=\"SICK MPB10-VS00VSIQ00 Condition Monitoring sensors\" \/>\n<meta name=\"robots\" content=\"index, follow, max-snippet:-1, max-image-preview:large, max-video-preview:-1\" \/>\n<link rel=\"canonical\" href=\"https:\/\/omanivietnam.com\/index.php\/san-pham\/sick-mpb10-vs00vsiq00\/\" \/>\n<meta property=\"og:locale\" content=\"vi_VN\" \/>\n<meta property=\"og:type\" content=\"article\" \/>\n<meta property=\"og:title\" content=\"SICK MPB10-VS00VSIQ00 - OMANI VI\u1ec6T NAM\" \/>\n<meta property=\"og:description\" content=\"SICK MPB10-VS00VSIQ00 Condition Monitoring sensors\" \/>\n<meta property=\"og:url\" content=\"https:\/\/omanivietnam.com\/index.php\/san-pham\/sick-mpb10-vs00vsiq00\/\" \/>\n<meta property=\"og:site_name\" content=\"OMANI VI\u1ec6T NAM\" \/>\n<meta property=\"article:modified_time\" content=\"2026-04-25T15:19:46+00:00\" \/>\n<meta property=\"og:image\" content=\"https:\/\/omanivietnam.com\/wp-content\/uploads\/2026\/04\/MPB10-VS00VSIQ00.png\" \/>\n\t<meta property=\"og:image:width\" content=\"602\" \/>\n\t<meta property=\"og:image:height\" content=\"474\" \/>\n\t<meta property=\"og:image:type\" content=\"image\/png\" \/>\n<meta name=\"twitter:card\" content=\"summary_large_image\" \/>\n<meta name=\"twitter:label1\" content=\"\u01af\u1edbc t\u00ednh th\u1eddi gian \u0111\u1ecdc\" \/>\n\t<meta name=\"twitter:data1\" content=\"4 ph\u00fat\" \/>\n<script type=\"application\/ld+json\" class=\"yoast-schema-graph\">{\"@context\":\"https:\/\/schema.org\",\"@graph\":[{\"@type\":\"WebPage\",\"@id\":\"https:\/\/omanivietnam.com\/index.php\/san-pham\/sick-mpb10-vs00vsiq00\/\",\"url\":\"https:\/\/omanivietnam.com\/index.php\/san-pham\/sick-mpb10-vs00vsiq00\/\",\"name\":\"SICK MPB10-VS00VSIQ00 - OMANI VI\u1ec6T NAM\",\"isPartOf\":{\"@id\":\"https:\/\/omanivietnam.com\/#website\"},\"primaryImageOfPage\":{\"@id\":\"https:\/\/omanivietnam.com\/index.php\/san-pham\/sick-mpb10-vs00vsiq00\/#primaryimage\"},\"image\":{\"@id\":\"https:\/\/omanivietnam.com\/index.php\/san-pham\/sick-mpb10-vs00vsiq00\/#primaryimage\"},\"thumbnailUrl\":\"https:\/\/omanivietnam.com\/wp-content\/uploads\/2026\/04\/MPB10-VS00VSIQ00.png\",\"datePublished\":\"2026-04-25T15:18:49+00:00\",\"dateModified\":\"2026-04-25T15:19:46+00:00\",\"description\":\"SICK MPB10-VS00VSIQ00 Condition Monitoring sensors\",\"breadcrumb\":{\"@id\":\"https:\/\/omanivietnam.com\/index.php\/san-pham\/sick-mpb10-vs00vsiq00\/#breadcrumb\"},\"inLanguage\":\"vi\",\"potentialAction\":[{\"@type\":\"ReadAction\",\"target\":[\"https:\/\/omanivietnam.com\/index.php\/san-pham\/sick-mpb10-vs00vsiq00\/\"]}]},{\"@type\":\"ImageObject\",\"inLanguage\":\"vi\",\"@id\":\"https:\/\/omanivietnam.com\/index.php\/san-pham\/sick-mpb10-vs00vsiq00\/#primaryimage\",\"url\":\"https:\/\/omanivietnam.com\/wp-content\/uploads\/2026\/04\/MPB10-VS00VSIQ00.png\",\"contentUrl\":\"https:\/\/omanivietnam.com\/wp-content\/uploads\/2026\/04\/MPB10-VS00VSIQ00.png\",\"width\":602,\"height\":474},{\"@type\":\"BreadcrumbList\",\"@id\":\"https:\/\/omanivietnam.com\/index.php\/san-pham\/sick-mpb10-vs00vsiq00\/#breadcrumb\",\"itemListElement\":[{\"@type\":\"ListItem\",\"position\":1,\"name\":\"Home\",\"item\":\"https:\/\/omanivietnam.com\/\"},{\"@type\":\"ListItem\",\"position\":2,\"name\":\"S\u1ea2N PH\u1ea8M\",\"item\":\"https:\/\/omanivietnam.com\/index.php\/cua-hang\/\"},{\"@type\":\"ListItem\",\"position\":3,\"name\":\"SICK MPB10-VS00VSIQ00\"}]},{\"@type\":\"WebSite\",\"@id\":\"https:\/\/omanivietnam.com\/#website\",\"url\":\"https:\/\/omanivietnam.com\/\",\"name\":\"OMANI VI\u1ec6T NAM\",\"description\":\"Nh\u00e0 ph\u00e2n ph\u1ed1i thi\u1ebft b\u1ecb kh\u00ed n\u00e9n v\u00e0 thi\u1ebft b\u1ecb t\u1ef1 \u0111\u1ed9ng h\u00f3a trong c\u00f4ng nghi\u1ec7p\",\"publisher\":{\"@id\":\"https:\/\/omanivietnam.com\/#\/schema\/person\/0ad398a980dc3fd696111c2c5c8fa897\"},\"potentialAction\":[{\"@type\":\"SearchAction\",\"target\":{\"@type\":\"EntryPoint\",\"urlTemplate\":\"https:\/\/omanivietnam.com\/?s={search_term_string}\"},\"query-input\":\"required name=search_term_string\"}],\"inLanguage\":\"vi\"},{\"@type\":[\"Person\",\"Organization\"],\"@id\":\"https:\/\/omanivietnam.com\/#\/schema\/person\/0ad398a980dc3fd696111c2c5c8fa897\",\"name\":\"Nguy\u1ec5n V\u0103n Kh\u00e1nh\",\"image\":{\"@type\":\"ImageObject\",\"inLanguage\":\"vi\",\"@id\":\"https:\/\/omanivietnam.com\/#\/schema\/person\/image\/\",\"url\":\"https:\/\/omanivietnam.com\/wp-content\/uploads\/2024\/06\/logo-1024x1024.png\",\"contentUrl\":\"https:\/\/omanivietnam.com\/wp-content\/uploads\/2024\/06\/logo-1024x1024.png\",\"width\":1024,\"height\":1024,\"caption\":\"Nguy\u1ec5n V\u0103n Kh\u00e1nh\"},\"logo\":{\"@id\":\"https:\/\/omanivietnam.com\/#\/schema\/person\/image\/\"},\"sameAs\":[\"https:\/\/omanivietnam.com\"]}]}<\/script>\n<!-- \/ Yoast SEO plugin. -->","yoast_head_json":{"title":"SICK MPB10-VS00VSIQ00 - OMANI VI\u1ec6T NAM","description":"SICK MPB10-VS00VSIQ00 Condition Monitoring sensors","robots":{"index":"index","follow":"follow","max-snippet":"max-snippet:-1","max-image-preview":"max-image-preview:large","max-video-preview":"max-video-preview:-1"},"canonical":"https:\/\/omanivietnam.com\/index.php\/san-pham\/sick-mpb10-vs00vsiq00\/","og_locale":"vi_VN","og_type":"article","og_title":"SICK MPB10-VS00VSIQ00 - OMANI VI\u1ec6T NAM","og_description":"SICK MPB10-VS00VSIQ00 Condition Monitoring sensors","og_url":"https:\/\/omanivietnam.com\/index.php\/san-pham\/sick-mpb10-vs00vsiq00\/","og_site_name":"OMANI VI\u1ec6T NAM","article_modified_time":"2026-04-25T15:19:46+00:00","og_image":[{"width":602,"height":474,"url":"https:\/\/omanivietnam.com\/wp-content\/uploads\/2026\/04\/MPB10-VS00VSIQ00.png","type":"image\/png"}],"twitter_card":"summary_large_image","twitter_misc":{"\u01af\u1edbc t\u00ednh th\u1eddi gian \u0111\u1ecdc":"4 ph\u00fat"},"schema":{"@context":"https:\/\/schema.org","@graph":[{"@type":"WebPage","@id":"https:\/\/omanivietnam.com\/index.php\/san-pham\/sick-mpb10-vs00vsiq00\/","url":"https:\/\/omanivietnam.com\/index.php\/san-pham\/sick-mpb10-vs00vsiq00\/","name":"SICK MPB10-VS00VSIQ00 - OMANI VI\u1ec6T NAM","isPartOf":{"@id":"https:\/\/omanivietnam.com\/#website"},"primaryImageOfPage":{"@id":"https:\/\/omanivietnam.com\/index.php\/san-pham\/sick-mpb10-vs00vsiq00\/#primaryimage"},"image":{"@id":"https:\/\/omanivietnam.com\/index.php\/san-pham\/sick-mpb10-vs00vsiq00\/#primaryimage"},"thumbnailUrl":"https:\/\/omanivietnam.com\/wp-content\/uploads\/2026\/04\/MPB10-VS00VSIQ00.png","datePublished":"2026-04-25T15:18:49+00:00","dateModified":"2026-04-25T15:19:46+00:00","description":"SICK MPB10-VS00VSIQ00 Condition Monitoring sensors","breadcrumb":{"@id":"https:\/\/omanivietnam.com\/index.php\/san-pham\/sick-mpb10-vs00vsiq00\/#breadcrumb"},"inLanguage":"vi","potentialAction":[{"@type":"ReadAction","target":["https:\/\/omanivietnam.com\/index.php\/san-pham\/sick-mpb10-vs00vsiq00\/"]}]},{"@type":"ImageObject","inLanguage":"vi","@id":"https:\/\/omanivietnam.com\/index.php\/san-pham\/sick-mpb10-vs00vsiq00\/#primaryimage","url":"https:\/\/omanivietnam.com\/wp-content\/uploads\/2026\/04\/MPB10-VS00VSIQ00.png","contentUrl":"https:\/\/omanivietnam.com\/wp-content\/uploads\/2026\/04\/MPB10-VS00VSIQ00.png","width":602,"height":474},{"@type":"BreadcrumbList","@id":"https:\/\/omanivietnam.com\/index.php\/san-pham\/sick-mpb10-vs00vsiq00\/#breadcrumb","itemListElement":[{"@type":"ListItem","position":1,"name":"Home","item":"https:\/\/omanivietnam.com\/"},{"@type":"ListItem","position":2,"name":"S\u1ea2N PH\u1ea8M","item":"https:\/\/omanivietnam.com\/index.php\/cua-hang\/"},{"@type":"ListItem","position":3,"name":"SICK MPB10-VS00VSIQ00"}]},{"@type":"WebSite","@id":"https:\/\/omanivietnam.com\/#website","url":"https:\/\/omanivietnam.com\/","name":"OMANI VI\u1ec6T NAM","description":"Nh\u00e0 ph\u00e2n ph\u1ed1i thi\u1ebft b\u1ecb kh\u00ed n\u00e9n v\u00e0 thi\u1ebft b\u1ecb t\u1ef1 \u0111\u1ed9ng h\u00f3a trong c\u00f4ng nghi\u1ec7p","publisher":{"@id":"https:\/\/omanivietnam.com\/#\/schema\/person\/0ad398a980dc3fd696111c2c5c8fa897"},"potentialAction":[{"@type":"SearchAction","target":{"@type":"EntryPoint","urlTemplate":"https:\/\/omanivietnam.com\/?s={search_term_string}"},"query-input":"required name=search_term_string"}],"inLanguage":"vi"},{"@type":["Person","Organization"],"@id":"https:\/\/omanivietnam.com\/#\/schema\/person\/0ad398a980dc3fd696111c2c5c8fa897","name":"Nguy\u1ec5n V\u0103n Kh\u00e1nh","image":{"@type":"ImageObject","inLanguage":"vi","@id":"https:\/\/omanivietnam.com\/#\/schema\/person\/image\/","url":"https:\/\/omanivietnam.com\/wp-content\/uploads\/2024\/06\/logo-1024x1024.png","contentUrl":"https:\/\/omanivietnam.com\/wp-content\/uploads\/2024\/06\/logo-1024x1024.png","width":1024,"height":1024,"caption":"Nguy\u1ec5n V\u0103n Kh\u00e1nh"},"logo":{"@id":"https:\/\/omanivietnam.com\/#\/schema\/person\/image\/"},"sameAs":["https:\/\/omanivietnam.com"]}]}},"_links":{"self":[{"href":"https:\/\/omanivietnam.com\/index.php\/wp-json\/wp\/v2\/product\/4892","targetHints":{"allow":["GET"]}}],"collection":[{"href":"https:\/\/omanivietnam.com\/index.php\/wp-json\/wp\/v2\/product"}],"about":[{"href":"https:\/\/omanivietnam.com\/index.php\/wp-json\/wp\/v2\/types\/product"}],"replies":[{"embeddable":true,"href":"https:\/\/omanivietnam.com\/index.php\/wp-json\/wp\/v2\/comments?post=4892"}],"wp:featuredmedia":[{"embeddable":true,"href":"https:\/\/omanivietnam.com\/index.php\/wp-json\/wp\/v2\/media\/4893"}],"wp:attachment":[{"href":"https:\/\/omanivietnam.com\/index.php\/wp-json\/wp\/v2\/media?parent=4892"}],"wp:term":[{"taxonomy":"product_cat","embeddable":true,"href":"https:\/\/omanivietnam.com\/index.php\/wp-json\/wp\/v2\/product_cat?post=4892"},{"taxonomy":"product_tag","embeddable":true,"href":"https:\/\/omanivietnam.com\/index.php\/wp-json\/wp\/v2\/product_tag?post=4892"}],"curies":[{"name":"wp","href":"https:\/\/api.w.org\/{rel}","templated":true}]}}