{"id":4895,"date":"2026-05-02T10:51:53","date_gmt":"2026-05-02T03:51:53","guid":{"rendered":"https:\/\/omanivietnam.com\/?post_type=product&#038;p=4895"},"modified":"2026-05-02T10:53:26","modified_gmt":"2026-05-02T03:53:26","slug":"convum-pjg-50-n","status":"publish","type":"product","link":"https:\/\/omanivietnam.com\/index.php\/san-pham\/convum-pjg-50-n\/","title":{"rendered":"CONVUM PJG-50-N"},"content":{"rendered":"<p>CONVUM PJG-50-N<\/p>\n<p class=\"QN2lPu\">\ud83c\udf87Gi\u00e1c h\u00fat ch\u00e2n kh\u00f4ng PJG 4\/6\/8\/10\/15\/20\/25\/30\/35\/40\/50\/60\/70\/80S\/N<\/p>\n<p class=\"QN2lPu\">\ud83c\udf87V\u1eadt li\u1ec7u: kim lo\u1ea1i, cao su NBR, silicon<\/p>\n<p class=\"QN2lPu\">\ud83c\udf87K\u00edch th\u01b0\u1edbc: \u0111\u01b0\u1eddng k\u00ednh h\u00fat t\u1eeb 2~50mm t\u01b0\u01a1ng \u0111\u01b0\u01a1ng<\/p>\n<p class=\"QN2lPu\">&#8211; PJG-2, PJG-3, PJG-6, PJG-8, PJG-10, PJG-15, PJG-20, PJG-25, PJG-30, PJG-35, PJG-40, PJG-50, PJG-60, PJG-70, PJG-80<\/p>\n<p class=\"QN2lPu\">\ud83c\udf87C\u00e1c y\u00eau c\u1ea7u k\u1ef9 thu\u1eadt kh\u00e1c: ch\u1ecbu nhi\u1ec7t \u0111\u1ed9 cao, ch\u1ecbu h\u00f3a ch\u1ea5t, ch\u1ecbu th\u1eddi ti\u1ebft, ch\u1ecbu m\u00e0i m\u00f2n, ch\u1ed1ng t\u0129nh \u0111i\u1ec7n<\/p>\n<p class=\"QN2lPu\">\ud83c\udf87\u1ee8ng d\u1ee5ng trong c\u00e1c l\u0129nh v\u1ef1c t\u1ef1 \u0111\u1ed9ng h\u00f3a, g\u1eafp h\u00fat s\u1ea3n ph\u1ea9m&#8230;<\/p>\n<p class=\"QN2lPu\">\ud83c\udf87N\u00fam gi\u00e1c h\u00fat (c\u1ed1c h\u00fat) c\u00f3 t\u00e1c d\u1ee5ng gi\u1eef ch\u1eafc v\u1eadt \u0111\u1ec3 ch\u00e2n gi\u00e1c h\u00fat di chuy\u1ec3n, n\u00e2ng, h\u1ea1 v\u1eadt \u0111\u1ebfn v\u1ecb tr\u00ed c\u1ea7n thi\u1ebft. Khi m\u1edbi xu\u1ea5t hi\u1ec7n, n\u00fam h\u00fat \u0111\u01b0\u1ee3c l\u00e0m b\u1eb1ng cao su t\u1ef1 nhi\u00ean. Nh\u01b0ng v\u1ec1 sau, n\u00fam h\u00fat \u0111\u01b0\u1ee3c \u01b0u ti\u00ean l\u00e0m b\u1eb1ng c\u00e1c v\u1eadt li\u1ec7u b\u1ec1n b\u1ec9, ch\u1ecbu nhi\u1ec7t t\u1ed1t, \u00edt bi\u1ebfn d\u1ea1ng h\u01a1n nh\u01b0 silicon, nh\u1ef1a PVC ho\u1eb7c h\u1ee3p ch\u1ea5t Neoprene.<\/p>\n<p class=\"QN2lPu\">\ud83c\udf87 V\u1ec1 c\u1ea5u t\u1ea1o, n\u00fam h\u00fat g\u1ed3m 2 chi ti\u1ebft: \u0111\u1ea7u n\u00fam n\u1ed1i tr\u1ef1c ti\u1ebfp v\u1edbi ch\u00e2n gi\u00e1c h\u00fat v\u00e0 b\u1ed9 ph\u1eadn \u0111\u00e0n h\u1ed3i. N\u00fam h\u00fat ch\u00e2n \u0111\u01b0\u1ee3c thi\u1ebft k\u1ebf theo nhi\u1ec1u h\u00ecnh d\u1ea1ng k\u00edch th\u01b0\u1edbc kh\u00e1c nhau \u0111\u1ec3 ph\u00f9 h\u1ee3p v\u1edbi b\u1ec1 m\u1eb7t v\u1eadt c\u1ea7n di chuy\u1ec3n.<\/p>\n<p class=\"QN2lPu\">\ud83c\udf87\u0110\u1eb7c \u0111i\u1ec3m v\u1ec1 h\u00ecnh d\u00e1ng c\u1ee7a n\u00fam gi\u00e1c h\u00fat:<\/p>\n<p class=\"QN2lPu\">-N\u00fam gi\u00e1c h\u00fat c\u00f3 h\u00ecnh d\u00e1ng v\u00e0 k\u00edch th\u01b0\u1edbc kh\u00e1c nhau t\u00f9y thu\u1ed9c v\u00e0o k\u00edch th\u01b0\u1edbc, b\u1ec1 m\u1eb7t c\u00e1c v\u1eadt li\u1ec7u c\u1ea7n h\u00fat. V\u00ed d\u1ee5:<\/p>\n<p class=\"QN2lPu\">&#8211; H\u00ecnh d\u1ea1ng n\u00fam h\u00fat ph\u1eb3ng ph\u00f9 h\u1ee3p b\u1ec1 m\u1eb7t ph\u1eb3ng h\u01a1i cong nh\u01b0 th\u1ee7y tinh, kim lo\u1ea1i, t\u1ea5m nh\u1ef1a, b\u1ea3ng g\u1ed7,\u2026<\/p>\n<p class=\"QN2lPu\">&#8211; H\u00ecnh d\u1ea1ng n\u00fam c\u00f3 m\u1ed9t hay nhi\u1ec1u v\u00f2ng xo\u1eafn th\u01b0\u1eddng d\u00f9ng \u0111\u1ec3 h\u00fat c\u00e1c s\u1ea3n ph\u1ea9m c\u00f3 b\u1ec1 m\u1eb7t kh\u00f4ng ph\u1eb3ng.<\/p>\n<p class=\"QN2lPu\">\ud83c\udf87C\u00f3 nhi\u1ec1u lo\u1ea1i ch\u00e2n gi\u00e1c h\u00fat kh\u00e1c nhau t\u00f9y k\u00edch th\u01b0\u1edbc, kh\u1ed1i l\u01b0\u1ee3ng v\u1eadt c\u1ea7n n\u00e2ng. Tuy nhi\u00ean, \u0111a s\u1ed1 c\u00e1c m\u1eabu gi\u00e1c h\u00fat<\/p>\n<p class=\"QN2lPu\">\u0111\u1ec1u c\u00f3 k\u00edch th\u01b0\u1edbc nh\u1ecf v\u00e0 tr\u1ecdng l\u01b0\u1ee3ng nh\u1eb9.<\/p>\n<p>Gi\u00e1c h\u00fat ch\u00e2n kh\u00f4ng ( Suction Vaccum Pad ) PJG-50 \u0111\u01b0\u1ee3c thi\u1ebft k\u1ebf g\u1ecdn nh\u1eb9. Gi\u00e1c h\u00fat ch\u00e2n kh\u00f4ng ( Suction Vaccum Pad ) , \u1ee9ng d\u1ee5ng cho nhi\u1ec1u l\u0129nh v\u1ef1c<\/p>\n<p>Convum \u200bOrigin : Japan \/ [&#8230;]<\/p>\n<p>Convum PBG-30-S<\/p>\n<p>Convum PJG-25-S<\/p>\n<p>Convum PCG-20-N<\/p>\n<p>Convum PFG-25-S<\/p>\n<p>Convum PFG-30-S<\/p>\n<p>Convum PFG-35-S<\/p>\n<p>Convum PFG-40-S<\/p>\n<p>Convum PCG-20-N<\/p>\n<p>Convum PJG-25-S<\/p>\n<p>Convum PJG-25-U<\/p>\n<p>Convum PJG-20-U<\/p>\n<p>Convum PJG-50-N<\/p>\n<p>Convum PJG-20-S<\/p>\n<p>Convum PNG-130B-S<\/p>\n<p>\u0110\u1ea1i l\u00fd Convum vietnam, Convum viet nam, Convum vietnam distributor, Ph\u00e2n ph\u1ed1i Convum t\u1ea1i vi\u1ec7t nam<\/p>\n<p>\u0110\u1ea1i l\u00fd Convum vietnam, Convum viet nam, Convum vietnam distributor, Ph\u00e2n ph\u1ed1i Convum t\u1ea1i vi\u1ec7t nam<\/p>\n<p>\u0110\u1ea1i l\u00fd Convum vietnam, Convum viet nam, Convum vietnam distributor, Ph\u00e2n ph\u1ed1i Convum t\u1ea1i vi\u1ec7t nam<\/p>\n","protected":false},"excerpt":{"rendered":"<p>CONVUM PJG-50-N \ud83c\udf87Gi\u00e1c h\u00fat ch\u00e2n kh\u00f4ng PJG 4\/6\/8\/10\/15\/20\/25\/30\/35\/40\/50\/60\/70\/80S\/N \ud83c\udf87V\u1eadt li\u1ec7u: kim lo\u1ea1i, cao su NBR, silicon \ud83c\udf87K\u00edch th\u01b0\u1edbc: \u0111\u01b0\u1eddng k\u00ednh h\u00fat t\u1eeb 2~50mm t\u01b0\u01a1ng \u0111\u01b0\u01a1ng &#8211; PJG-2, PJG-3, PJG-6, PJG-8, PJG-10, PJG-15, PJG-20, PJG-25, PJG-30, PJG-35, PJG-40, PJG-50, PJG-60, PJG-70, PJG-80 \ud83c\udf87C\u00e1c y\u00eau c\u1ea7u k\u1ef9 thu\u1eadt kh\u00e1c: ch\u1ecbu nhi\u1ec7t \u0111\u1ed9&hellip; <\/p>\n","protected":false},"featured_media":4896,"comment_status":"open","ping_status":"closed","template":"","meta":[],"product_cat":[335],"product_tag":[258,259,124],"class_list":{"0":"post-4895","1":"product","2":"type-product","3":"status-publish","4":"has-post-thumbnail","6":"product_cat-convum","7":"product_tag-convum-viet-nam","8":"product_tag-dai-ly-convum-viet-nam","9":"product_tag-giac-hut","11":"first","12":"instock","13":"shipping-taxable","14":"product-type-simple"},"yoast_head":"<!-- This site is optimized with the Yoast SEO plugin v22.8 - https:\/\/yoast.com\/wordpress\/plugins\/seo\/ -->\n<title>CONVUM PJG-50-N - OMANI VI\u1ec6T NAM<\/title>\n<meta name=\"description\" content=\"CONVUM PJG-50-N Suction Vaccum Pad\" \/>\n<meta name=\"robots\" content=\"index, follow, max-snippet:-1, max-image-preview:large, max-video-preview:-1\" \/>\n<link rel=\"canonical\" href=\"https:\/\/omanivietnam.com\/index.php\/san-pham\/convum-pjg-50-n\/\" \/>\n<meta property=\"og:locale\" content=\"vi_VN\" \/>\n<meta property=\"og:type\" content=\"article\" \/>\n<meta property=\"og:title\" content=\"CONVUM PJG-50-N - OMANI VI\u1ec6T NAM\" \/>\n<meta property=\"og:description\" content=\"CONVUM PJG-50-N Suction Vaccum Pad\" \/>\n<meta property=\"og:url\" content=\"https:\/\/omanivietnam.com\/index.php\/san-pham\/convum-pjg-50-n\/\" \/>\n<meta property=\"og:site_name\" content=\"OMANI VI\u1ec6T NAM\" \/>\n<meta property=\"article:modified_time\" content=\"2026-05-02T03:53:26+00:00\" \/>\n<meta property=\"og:image\" content=\"https:\/\/omanivietnam.com\/wp-content\/uploads\/2026\/05\/PJG-50-N.png\" \/>\n\t<meta property=\"og:image:width\" content=\"984\" \/>\n\t<meta property=\"og:image:height\" content=\"718\" \/>\n\t<meta property=\"og:image:type\" content=\"image\/png\" \/>\n<meta name=\"twitter:card\" content=\"summary_large_image\" \/>\n<meta name=\"twitter:label1\" content=\"\u01af\u1edbc t\u00ednh th\u1eddi gian \u0111\u1ecdc\" \/>\n\t<meta name=\"twitter:data1\" content=\"3 ph\u00fat\" \/>\n<script type=\"application\/ld+json\" class=\"yoast-schema-graph\">{\"@context\":\"https:\/\/schema.org\",\"@graph\":[{\"@type\":\"WebPage\",\"@id\":\"https:\/\/omanivietnam.com\/index.php\/san-pham\/convum-pjg-50-n\/\",\"url\":\"https:\/\/omanivietnam.com\/index.php\/san-pham\/convum-pjg-50-n\/\",\"name\":\"CONVUM PJG-50-N - OMANI VI\u1ec6T NAM\",\"isPartOf\":{\"@id\":\"https:\/\/omanivietnam.com\/#website\"},\"primaryImageOfPage\":{\"@id\":\"https:\/\/omanivietnam.com\/index.php\/san-pham\/convum-pjg-50-n\/#primaryimage\"},\"image\":{\"@id\":\"https:\/\/omanivietnam.com\/index.php\/san-pham\/convum-pjg-50-n\/#primaryimage\"},\"thumbnailUrl\":\"https:\/\/omanivietnam.com\/wp-content\/uploads\/2026\/05\/PJG-50-N.png\",\"datePublished\":\"2026-05-02T03:51:53+00:00\",\"dateModified\":\"2026-05-02T03:53:26+00:00\",\"description\":\"CONVUM PJG-50-N Suction Vaccum Pad\",\"breadcrumb\":{\"@id\":\"https:\/\/omanivietnam.com\/index.php\/san-pham\/convum-pjg-50-n\/#breadcrumb\"},\"inLanguage\":\"vi\",\"potentialAction\":[{\"@type\":\"ReadAction\",\"target\":[\"https:\/\/omanivietnam.com\/index.php\/san-pham\/convum-pjg-50-n\/\"]}]},{\"@type\":\"ImageObject\",\"inLanguage\":\"vi\",\"@id\":\"https:\/\/omanivietnam.com\/index.php\/san-pham\/convum-pjg-50-n\/#primaryimage\",\"url\":\"https:\/\/omanivietnam.com\/wp-content\/uploads\/2026\/05\/PJG-50-N.png\",\"contentUrl\":\"https:\/\/omanivietnam.com\/wp-content\/uploads\/2026\/05\/PJG-50-N.png\",\"width\":984,\"height\":718},{\"@type\":\"BreadcrumbList\",\"@id\":\"https:\/\/omanivietnam.com\/index.php\/san-pham\/convum-pjg-50-n\/#breadcrumb\",\"itemListElement\":[{\"@type\":\"ListItem\",\"position\":1,\"name\":\"Home\",\"item\":\"https:\/\/omanivietnam.com\/\"},{\"@type\":\"ListItem\",\"position\":2,\"name\":\"S\u1ea2N PH\u1ea8M\",\"item\":\"https:\/\/omanivietnam.com\/index.php\/cua-hang\/\"},{\"@type\":\"ListItem\",\"position\":3,\"name\":\"CONVUM PJG-50-N\"}]},{\"@type\":\"WebSite\",\"@id\":\"https:\/\/omanivietnam.com\/#website\",\"url\":\"https:\/\/omanivietnam.com\/\",\"name\":\"OMANI VI\u1ec6T NAM\",\"description\":\"Nh\u00e0 ph\u00e2n ph\u1ed1i thi\u1ebft b\u1ecb kh\u00ed n\u00e9n v\u00e0 thi\u1ebft b\u1ecb t\u1ef1 \u0111\u1ed9ng h\u00f3a trong c\u00f4ng nghi\u1ec7p\",\"publisher\":{\"@id\":\"https:\/\/omanivietnam.com\/#\/schema\/person\/0ad398a980dc3fd696111c2c5c8fa897\"},\"potentialAction\":[{\"@type\":\"SearchAction\",\"target\":{\"@type\":\"EntryPoint\",\"urlTemplate\":\"https:\/\/omanivietnam.com\/?s={search_term_string}\"},\"query-input\":\"required name=search_term_string\"}],\"inLanguage\":\"vi\"},{\"@type\":[\"Person\",\"Organization\"],\"@id\":\"https:\/\/omanivietnam.com\/#\/schema\/person\/0ad398a980dc3fd696111c2c5c8fa897\",\"name\":\"Nguy\u1ec5n V\u0103n Kh\u00e1nh\",\"image\":{\"@type\":\"ImageObject\",\"inLanguage\":\"vi\",\"@id\":\"https:\/\/omanivietnam.com\/#\/schema\/person\/image\/\",\"url\":\"https:\/\/omanivietnam.com\/wp-content\/uploads\/2024\/06\/logo-1024x1024.png\",\"contentUrl\":\"https:\/\/omanivietnam.com\/wp-content\/uploads\/2024\/06\/logo-1024x1024.png\",\"width\":1024,\"height\":1024,\"caption\":\"Nguy\u1ec5n V\u0103n Kh\u00e1nh\"},\"logo\":{\"@id\":\"https:\/\/omanivietnam.com\/#\/schema\/person\/image\/\"},\"sameAs\":[\"https:\/\/omanivietnam.com\"]}]}<\/script>\n<!-- \/ Yoast SEO plugin. -->","yoast_head_json":{"title":"CONVUM PJG-50-N - OMANI VI\u1ec6T NAM","description":"CONVUM PJG-50-N Suction Vaccum Pad","robots":{"index":"index","follow":"follow","max-snippet":"max-snippet:-1","max-image-preview":"max-image-preview:large","max-video-preview":"max-video-preview:-1"},"canonical":"https:\/\/omanivietnam.com\/index.php\/san-pham\/convum-pjg-50-n\/","og_locale":"vi_VN","og_type":"article","og_title":"CONVUM PJG-50-N - OMANI VI\u1ec6T NAM","og_description":"CONVUM PJG-50-N Suction Vaccum Pad","og_url":"https:\/\/omanivietnam.com\/index.php\/san-pham\/convum-pjg-50-n\/","og_site_name":"OMANI VI\u1ec6T NAM","article_modified_time":"2026-05-02T03:53:26+00:00","og_image":[{"width":984,"height":718,"url":"https:\/\/omanivietnam.com\/wp-content\/uploads\/2026\/05\/PJG-50-N.png","type":"image\/png"}],"twitter_card":"summary_large_image","twitter_misc":{"\u01af\u1edbc t\u00ednh th\u1eddi gian \u0111\u1ecdc":"3 ph\u00fat"},"schema":{"@context":"https:\/\/schema.org","@graph":[{"@type":"WebPage","@id":"https:\/\/omanivietnam.com\/index.php\/san-pham\/convum-pjg-50-n\/","url":"https:\/\/omanivietnam.com\/index.php\/san-pham\/convum-pjg-50-n\/","name":"CONVUM PJG-50-N - OMANI VI\u1ec6T NAM","isPartOf":{"@id":"https:\/\/omanivietnam.com\/#website"},"primaryImageOfPage":{"@id":"https:\/\/omanivietnam.com\/index.php\/san-pham\/convum-pjg-50-n\/#primaryimage"},"image":{"@id":"https:\/\/omanivietnam.com\/index.php\/san-pham\/convum-pjg-50-n\/#primaryimage"},"thumbnailUrl":"https:\/\/omanivietnam.com\/wp-content\/uploads\/2026\/05\/PJG-50-N.png","datePublished":"2026-05-02T03:51:53+00:00","dateModified":"2026-05-02T03:53:26+00:00","description":"CONVUM PJG-50-N Suction Vaccum Pad","breadcrumb":{"@id":"https:\/\/omanivietnam.com\/index.php\/san-pham\/convum-pjg-50-n\/#breadcrumb"},"inLanguage":"vi","potentialAction":[{"@type":"ReadAction","target":["https:\/\/omanivietnam.com\/index.php\/san-pham\/convum-pjg-50-n\/"]}]},{"@type":"ImageObject","inLanguage":"vi","@id":"https:\/\/omanivietnam.com\/index.php\/san-pham\/convum-pjg-50-n\/#primaryimage","url":"https:\/\/omanivietnam.com\/wp-content\/uploads\/2026\/05\/PJG-50-N.png","contentUrl":"https:\/\/omanivietnam.com\/wp-content\/uploads\/2026\/05\/PJG-50-N.png","width":984,"height":718},{"@type":"BreadcrumbList","@id":"https:\/\/omanivietnam.com\/index.php\/san-pham\/convum-pjg-50-n\/#breadcrumb","itemListElement":[{"@type":"ListItem","position":1,"name":"Home","item":"https:\/\/omanivietnam.com\/"},{"@type":"ListItem","position":2,"name":"S\u1ea2N PH\u1ea8M","item":"https:\/\/omanivietnam.com\/index.php\/cua-hang\/"},{"@type":"ListItem","position":3,"name":"CONVUM PJG-50-N"}]},{"@type":"WebSite","@id":"https:\/\/omanivietnam.com\/#website","url":"https:\/\/omanivietnam.com\/","name":"OMANI VI\u1ec6T NAM","description":"Nh\u00e0 ph\u00e2n ph\u1ed1i thi\u1ebft b\u1ecb kh\u00ed n\u00e9n v\u00e0 thi\u1ebft b\u1ecb t\u1ef1 \u0111\u1ed9ng h\u00f3a trong c\u00f4ng nghi\u1ec7p","publisher":{"@id":"https:\/\/omanivietnam.com\/#\/schema\/person\/0ad398a980dc3fd696111c2c5c8fa897"},"potentialAction":[{"@type":"SearchAction","target":{"@type":"EntryPoint","urlTemplate":"https:\/\/omanivietnam.com\/?s={search_term_string}"},"query-input":"required name=search_term_string"}],"inLanguage":"vi"},{"@type":["Person","Organization"],"@id":"https:\/\/omanivietnam.com\/#\/schema\/person\/0ad398a980dc3fd696111c2c5c8fa897","name":"Nguy\u1ec5n V\u0103n Kh\u00e1nh","image":{"@type":"ImageObject","inLanguage":"vi","@id":"https:\/\/omanivietnam.com\/#\/schema\/person\/image\/","url":"https:\/\/omanivietnam.com\/wp-content\/uploads\/2024\/06\/logo-1024x1024.png","contentUrl":"https:\/\/omanivietnam.com\/wp-content\/uploads\/2024\/06\/logo-1024x1024.png","width":1024,"height":1024,"caption":"Nguy\u1ec5n V\u0103n Kh\u00e1nh"},"logo":{"@id":"https:\/\/omanivietnam.com\/#\/schema\/person\/image\/"},"sameAs":["https:\/\/omanivietnam.com"]}]}},"_links":{"self":[{"href":"https:\/\/omanivietnam.com\/index.php\/wp-json\/wp\/v2\/product\/4895","targetHints":{"allow":["GET"]}}],"collection":[{"href":"https:\/\/omanivietnam.com\/index.php\/wp-json\/wp\/v2\/product"}],"about":[{"href":"https:\/\/omanivietnam.com\/index.php\/wp-json\/wp\/v2\/types\/product"}],"replies":[{"embeddable":true,"href":"https:\/\/omanivietnam.com\/index.php\/wp-json\/wp\/v2\/comments?post=4895"}],"wp:featuredmedia":[{"embeddable":true,"href":"https:\/\/omanivietnam.com\/index.php\/wp-json\/wp\/v2\/media\/4896"}],"wp:attachment":[{"href":"https:\/\/omanivietnam.com\/index.php\/wp-json\/wp\/v2\/media?parent=4895"}],"wp:term":[{"taxonomy":"product_cat","embeddable":true,"href":"https:\/\/omanivietnam.com\/index.php\/wp-json\/wp\/v2\/product_cat?post=4895"},{"taxonomy":"product_tag","embeddable":true,"href":"https:\/\/omanivietnam.com\/index.php\/wp-json\/wp\/v2\/product_tag?post=4895"}],"curies":[{"name":"wp","href":"https:\/\/api.w.org\/{rel}","templated":true}]}}