{"id":4904,"date":"2026-05-07T22:22:40","date_gmt":"2026-05-07T15:22:40","guid":{"rendered":"https:\/\/omanivietnam.com\/?post_type=product&#038;p=4904"},"modified":"2026-05-07T22:25:04","modified_gmt":"2026-05-07T15:25:04","slug":"endresshauser-cls50-a1c2","status":"publish","type":"product","link":"https:\/\/omanivietnam.com\/index.php\/san-pham\/endresshauser-cls50-a1c2\/","title":{"rendered":"ENDRESS+HAUSER CLS50-A1C2"},"content":{"rendered":"<p>ENDRESS+HAUSER CLS50-A1C2<\/p>\n<p>T\u1ed5ng quan v\u1ec1 th\u00f4ng s\u1ed1 k\u1ef9 thu\u1eadt<\/p>\n<p>Ph\u1ea1m vi \u0111o l\u01b0\u1eddng<\/p>\n<p>2\u00b5S \/ cm &#8211; 2000 mS \/ cm<\/p>\n<p>Nhi\u1ec7t \u0111\u1ed9 quy tr\u00ecnh<\/p>\n<p>t\u1ed1i \u0111a 180 \u00b0 C (PEEK)<\/p>\n<p>(356 \u00b0 F) t\u1ed1i \u0111a. 125 \u00b0 C (PFA)<\/p>\n<p>(254 \u00b0 F)<\/p>\n<p>Quy tr\u00ecnh \u00e1p l\u1ef1c<\/p>\n<p>t\u1ed1i \u0111a 20 thanh (PEEK)<\/p>\n<p>(290 psi) t\u1ed1i \u0111a. 16 thanh (PFA)<\/p>\n<p>(233 psi)<\/p>\n<p>Ph\u1ea1m vi \u1ee9ng d\u1ee5ng<\/p>\n<p>Indumax CLS50 l\u00e0 m\u1ed9t c\u1ea3m bi\u1ebfn \u0111\u1ed9 d\u1eabn \u0111i\u1ec7n c\u1ea3m \u1ee9ng cho c\u00e1c \u1ee9ng d\u1ee5ng ti\u00eau chu\u1ea9n, nguy hi\u1ec3m v\u00e0 nhi\u1ec7t \u0111\u1ed9 cao. \u0110\u01b0\u1ee3c h\u01b0\u1edfng l\u1ee3i t\u1eeb kh\u1ea3 n\u0103ng ch\u1ed1ng h\u00f3a ch\u1ea5t cao v\u00e0 \u0111\u1ed9 b\u1ec1n l\u00e2u nh\u1edd v\u1eadt li\u1ec7u ch\u1eafc ch\u1eafn (PFA, PEEK). H\u01a1n n\u1eefa, n\u00f3 kh\u00f4ng nh\u1ea1y c\u1ea3m v\u1edbi vi\u1ec7c l\u00e0m b\u1ea9n v\u00e0 ho\u1ea1t \u0111\u1ed9ng \u0111\u00e1ng tin c\u1eady v\u00e0 c\u00f3 th\u1ec3 l\u1eb7p l\u1ea1i ngay c\u1ea3 tr\u00ean c\u00e1c ph\u01b0\u01a1ng ti\u1ec7n truy\u1ec1n th\u00f4ng kh\u1eafc nghi\u1ec7t v\u00e0 hung h\u00e3n. Ph\u1ea1m vi nhi\u1ec7t \u0111\u1ed9 r\u1ed9ng t\u1eeb -20 \u0111\u1ebfn +180 \u00b0 C kh\u00f4ng khi\u1ebfn b\u1ea1n mong mu\u1ed1n.<\/p>\n<p>Indumax CLS50 \u0111o \u0111\u1ed9 d\u1eabn h\u00ecnh xuy\u1ebfn trong:<\/p>\n<p>H\u00f3a ch\u1ea5t:<\/p>\n<p>&#8211; \u0110o n\u1ed3ng \u0111\u1ed9 c\u1ee7a axit v\u00e0 baz\u01a1<\/p>\n<p>&#8211; Gi\u00e1m s\u00e1t ch\u1ea5t l\u01b0\u1ee3ng c\u00e1c s\u1ea3n ph\u1ea9m h\u00f3a ch\u1ea5t trong b\u1ed3n ch\u1ee9a v\u00e0 \u0111\u01b0\u1eddng \u1ed1ng<\/p>\n<p>Th\u1ef1c ph\u1ea9m &amp; \u0111\u1ed3 u\u1ed1ng:<\/p>\n<p>&#8211; T\u00e1ch giai \u0111o\u1ea1n c\u1ee7a h\u1ed7n h\u1ee3p s\u1ea3n ph\u1ea9m \/ s\u1ea3n ph\u1ea9m trong h\u1ec7 th\u1ed1ng \u1ed1ng<\/p>\n<p>N\u01b0\u1edbc th\u1ea3i c\u00f4ng nghi\u1ec7p:<\/p>\n<p>&#8211; Gi\u00e1m s\u00e1t \u0111\u1ea7u v\u00e0o<\/p>\n<p>V\u1edbi c\u00e1c ph\u00ea duy\u1ec7t b\u1ea3o v\u1ec7 ch\u1ed1ng ch\u00e1y n\u1ed5 qu\u1ed1c t\u1ebf, ch\u1eb3ng h\u1ea1n nh\u01b0 ATEX, FM, CSA, NEPSI, n\u00f3 ph\u00f9 h\u1ee3p cho c\u00e1c khu v\u1ef1c nguy hi\u1ec3m.<\/p>\n<p>L\u1ee3i \u00edch<\/p>\n<p>\u0110\u1ed9 b\u1ec1n cao v\u00e0 kh\u00e1ng h\u00f3a ch\u1ea5t ngay c\u1ea3 trong \u0111i\u1ec1u ki\u1ec7n kh\u1eafc nghi\u1ec7t<\/p>\n<p>V\u1eadt li\u1ec7u ch\u1ed1ng b\u1ee5i b\u1ea9n v\u00e0 l\u1ed7 m\u1edf c\u1ea3m bi\u1ebfn l\u1edbn tr\u00e1nh l\u00e0m b\u1ea9n<\/p>\n<p>Ph\u1ea1m vi nhi\u1ec7t \u0111\u1ed9 r\u1ed9ng v\u00e0 v\u1eadt li\u1ec7u ch\u1ecbu l\u1ef1c cao gi\u00fap c\u1ea3m bi\u1ebfn ph\u00f9 h\u1ee3p v\u1edbi b\u1ea5t k\u1ef3 \u1ee9ng d\u1ee5ng \u1ea3o n\u00e0o<\/p>\n<p>Thi\u1ebft k\u1ebf m\u1ea1nh m\u1ebd cho tu\u1ed5i th\u1ecd ho\u1ea1t \u0111\u1ed9ng l\u00e2u d\u00e0i v\u01b0\u1ee3t tr\u1ed9i<\/p>\n<p>\u0110\u01b0\u1ee3c ch\u1ea5p thu\u1eadn s\u1eed d\u1ee5ng trong khu v\u1ef1c nguy hi\u1ec3m<\/p>\n<p data-start=\"1594\" data-end=\"1656\"><strong data-start=\"1598\" data-end=\"1654\">Danh s\u00e1ch 15 m\u00e3 c\u1ea3m bi\u1ebfn c\u00f9ng d\u00f2ng Endress+Hauser<\/strong><\/p>\n<p data-start=\"1657\" data-end=\"1756\">Endress+Hauser cung c\u1ea5p nhi\u1ec1u model c\u1ea3m bi\u1ebfn \u0111\u1ed9 d\u1eabn kh\u00e1c nhau, \u0111\u00e1p \u1ee9ng \u0111a d\u1ea1ng y\u00eau c\u1ea7u c\u00f4ng nghi\u1ec7p:<\/p>\n<ol data-start=\"1758\" data-end=\"2003\">\n<li data-start=\"1758\" data-end=\"1773\">\n<p data-start=\"1761\" data-end=\"1773\">CLS50 A1C2<\/p>\n<\/li>\n<li data-start=\"1774\" data-end=\"1789\">\n<p data-start=\"1777\" data-end=\"1789\">CLS50 A1C3<\/p>\n<\/li>\n<li data-start=\"1790\" data-end=\"1805\">\n<p data-start=\"1793\" data-end=\"1805\">CLS50 A1C4<\/p>\n<\/li>\n<li data-start=\"1806\" data-end=\"1821\">\n<p data-start=\"1809\" data-end=\"1821\">CLS50 A1C5<\/p>\n<\/li>\n<li data-start=\"1822\" data-end=\"1837\">\n<p data-start=\"1825\" data-end=\"1837\">CLS50 A1D2<\/p>\n<\/li>\n<li data-start=\"1838\" data-end=\"1853\">\n<p data-start=\"1841\" data-end=\"1853\">CLS50 A1D3<\/p>\n<\/li>\n<li data-start=\"1854\" data-end=\"1869\">\n<p data-start=\"1857\" data-end=\"1869\">CLS50 A1D4<\/p>\n<\/li>\n<li data-start=\"1870\" data-end=\"1885\">\n<p data-start=\"1873\" data-end=\"1885\">CLS50 A1E2<\/p>\n<\/li>\n<li data-start=\"1886\" data-end=\"1901\">\n<p data-start=\"1889\" data-end=\"1901\">CLS50 A1E3<\/p>\n<\/li>\n<li data-start=\"1902\" data-end=\"1918\">\n<p data-start=\"1906\" data-end=\"1918\">CLS50 A1E4<\/p>\n<\/li>\n<li data-start=\"1919\" data-end=\"1935\">\n<p data-start=\"1923\" data-end=\"1935\">CLS50 A1F2<\/p>\n<\/li>\n<li data-start=\"1936\" data-end=\"1952\">\n<p data-start=\"1940\" data-end=\"1952\">CLS50 A1F3<\/p>\n<\/li>\n<li data-start=\"1953\" data-end=\"1969\">\n<p data-start=\"1957\" data-end=\"1969\">CLS50 A1F4<\/p>\n<\/li>\n<li data-start=\"1970\" data-end=\"1986\">\n<p data-start=\"1974\" data-end=\"1986\">CLS50 A1G2<\/p>\n<\/li>\n<li data-start=\"1987\" data-end=\"2003\">\n<p data-start=\"1991\" data-end=\"2003\">CLS50 A1G3<\/p>\n<\/li>\n<\/ol>\n<p>C\u00e1c m\u00e3 h\u00e0ng t\u01b0\u01a1ng t\u1ef1:<\/p>\n<table border=\"01\" cellspacing=\"0\" cellpadding=\"0\">\n<tbody>\n<tr>\n<td>100% EU Origin<\/td>\n<td>E+H Vietnam<\/td>\n<td>CLM223-IS0005 Conductivity SENSOR<br \/>\nConductivity transmitter<\/td>\n<\/tr>\n<tr>\n<td>100% EU Origin<\/td>\n<td>E+H Vietnam<\/td>\n<td><strong>CLS50-A1C2<\/strong><br \/>\nAnalog conductivity sensor<\/td>\n<\/tr>\n<\/tbody>\n<\/table>\n<p>&nbsp;<\/p>\n<table border=\"01\" cellspacing=\"0\" cellpadding=\"0\">\n<tbody>\n<tr>\n<td>100% Germany Origin<\/td>\n<td>E+H<\/td>\n<td>CPS11D-7AA21<br \/>\nDescription: pH electrodes<\/td>\n<\/tr>\n<tr>\n<td>100% Germany Origin<\/td>\n<td>E+H<\/td>\n<td>CPA111-00D<br \/>\nImmersion and installation assembly for pH\/ORP measurement<\/td>\n<\/tr>\n<tr>\n<td>100% Germany Origin<\/td>\n<td>E+H<\/td>\n<td>CPM253-MR0110<br \/>\nDescription: Compact field device for all industries<\/td>\n<\/tr>\n<tr>\n<td>100% Germany Origin<\/td>\n<td>E+H<\/td>\n<td>FMU90-R21CA131AA1A<br \/>\nDescription: Transmitter in housing<\/td>\n<\/tr>\n<\/tbody>\n<\/table>\n<p>\u0110\u1ea1i l\u00fd ENDRESS+HAUSER vietnam, ENDRESS+HAUSER viet nam, ENDRESS+HAUSER vietnam distributor, Ph\u00e2n ph\u1ed1i ENDRESS+HAUSER t\u1ea1i vi\u1ec7t nam<\/p>\n<p>\u0110\u1ea1i l\u00fd ENDRESS+HAUSER vietnam, ENDRESS+HAUSER viet nam, ENDRESS+HAUSER vietnam distributor, Ph\u00e2n ph\u1ed1i ENDRESS+HAUSER t\u1ea1i vi\u1ec7t nam<\/p>\n<p>\u0110\u1ea1i l\u00fd ENDRESS+HAUSER vietnam, ENDRESS+HAUSER viet nam, ENDRESS+HAUSER vietnam distributor, Ph\u00e2n ph\u1ed1i ENDRESS+HAUSER t\u1ea1i vi\u1ec7t nam<\/p>\n","protected":false},"excerpt":{"rendered":"<p>ENDRESS+HAUSER CLS50-A1C2 T\u1ed5ng quan v\u1ec1 th\u00f4ng s\u1ed1 k\u1ef9 thu\u1eadt Ph\u1ea1m vi \u0111o l\u01b0\u1eddng 2\u00b5S \/ cm &#8211; 2000 mS \/ cm Nhi\u1ec7t \u0111\u1ed9 quy tr\u00ecnh t\u1ed1i \u0111a 180 \u00b0 C (PEEK) (356 \u00b0 F) t\u1ed1i \u0111a. 125 \u00b0 C (PFA) (254 \u00b0 F) Quy tr\u00ecnh \u00e1p l\u1ef1c t\u1ed1i \u0111a 20&hellip; <\/p>\n","protected":false},"featured_media":4905,"comment_status":"open","ping_status":"closed","template":"","meta":[],"product_cat":[789],"product_tag":[88,791,790],"class_list":{"0":"post-4904","1":"product","2":"type-product","3":"status-publish","4":"has-post-thumbnail","6":"product_cat-endresshauser","7":"product_tag-cam-bien","8":"product_tag-dai-ly-endresshauser-viet-nam","9":"product_tag-endresshauser-viet-nam","11":"first","12":"instock","13":"shipping-taxable","14":"product-type-simple"},"yoast_head":"<!-- This site is optimized with the Yoast SEO plugin v22.8 - https:\/\/yoast.com\/wordpress\/plugins\/seo\/ -->\n<title>ENDRESS+HAUSER CLS50-A1C2 - OMANI VI\u1ec6T NAM<\/title>\n<meta name=\"description\" content=\"ENDRESS+HAUSER CLS50-A1C2 Analog Conductivity Sensor\" \/>\n<meta name=\"robots\" content=\"index, follow, max-snippet:-1, max-image-preview:large, max-video-preview:-1\" \/>\n<link rel=\"canonical\" href=\"https:\/\/omanivietnam.com\/index.php\/san-pham\/endresshauser-cls50-a1c2\/\" \/>\n<meta property=\"og:locale\" content=\"vi_VN\" \/>\n<meta property=\"og:type\" content=\"article\" \/>\n<meta property=\"og:title\" content=\"ENDRESS+HAUSER CLS50-A1C2 - OMANI VI\u1ec6T NAM\" \/>\n<meta property=\"og:description\" content=\"ENDRESS+HAUSER CLS50-A1C2 Analog Conductivity Sensor\" \/>\n<meta property=\"og:url\" content=\"https:\/\/omanivietnam.com\/index.php\/san-pham\/endresshauser-cls50-a1c2\/\" \/>\n<meta property=\"og:site_name\" content=\"OMANI VI\u1ec6T NAM\" \/>\n<meta property=\"article:modified_time\" content=\"2026-05-07T15:25:04+00:00\" \/>\n<meta property=\"og:image\" content=\"https:\/\/omanivietnam.com\/wp-content\/uploads\/2026\/05\/CLS50-A1C2.png\" \/>\n\t<meta property=\"og:image:width\" content=\"660\" \/>\n\t<meta property=\"og:image:height\" content=\"500\" \/>\n\t<meta property=\"og:image:type\" content=\"image\/png\" \/>\n<meta name=\"twitter:card\" content=\"summary_large_image\" \/>\n<meta name=\"twitter:label1\" content=\"\u01af\u1edbc t\u00ednh th\u1eddi gian \u0111\u1ecdc\" \/>\n\t<meta name=\"twitter:data1\" content=\"3 ph\u00fat\" \/>\n<script type=\"application\/ld+json\" class=\"yoast-schema-graph\">{\"@context\":\"https:\/\/schema.org\",\"@graph\":[{\"@type\":\"WebPage\",\"@id\":\"https:\/\/omanivietnam.com\/index.php\/san-pham\/endresshauser-cls50-a1c2\/\",\"url\":\"https:\/\/omanivietnam.com\/index.php\/san-pham\/endresshauser-cls50-a1c2\/\",\"name\":\"ENDRESS+HAUSER CLS50-A1C2 - OMANI VI\u1ec6T NAM\",\"isPartOf\":{\"@id\":\"https:\/\/omanivietnam.com\/#website\"},\"primaryImageOfPage\":{\"@id\":\"https:\/\/omanivietnam.com\/index.php\/san-pham\/endresshauser-cls50-a1c2\/#primaryimage\"},\"image\":{\"@id\":\"https:\/\/omanivietnam.com\/index.php\/san-pham\/endresshauser-cls50-a1c2\/#primaryimage\"},\"thumbnailUrl\":\"https:\/\/omanivietnam.com\/wp-content\/uploads\/2026\/05\/CLS50-A1C2.png\",\"datePublished\":\"2026-05-07T15:22:40+00:00\",\"dateModified\":\"2026-05-07T15:25:04+00:00\",\"description\":\"ENDRESS+HAUSER CLS50-A1C2 Analog Conductivity Sensor\",\"breadcrumb\":{\"@id\":\"https:\/\/omanivietnam.com\/index.php\/san-pham\/endresshauser-cls50-a1c2\/#breadcrumb\"},\"inLanguage\":\"vi\",\"potentialAction\":[{\"@type\":\"ReadAction\",\"target\":[\"https:\/\/omanivietnam.com\/index.php\/san-pham\/endresshauser-cls50-a1c2\/\"]}]},{\"@type\":\"ImageObject\",\"inLanguage\":\"vi\",\"@id\":\"https:\/\/omanivietnam.com\/index.php\/san-pham\/endresshauser-cls50-a1c2\/#primaryimage\",\"url\":\"https:\/\/omanivietnam.com\/wp-content\/uploads\/2026\/05\/CLS50-A1C2.png\",\"contentUrl\":\"https:\/\/omanivietnam.com\/wp-content\/uploads\/2026\/05\/CLS50-A1C2.png\",\"width\":660,\"height\":500},{\"@type\":\"BreadcrumbList\",\"@id\":\"https:\/\/omanivietnam.com\/index.php\/san-pham\/endresshauser-cls50-a1c2\/#breadcrumb\",\"itemListElement\":[{\"@type\":\"ListItem\",\"position\":1,\"name\":\"Home\",\"item\":\"https:\/\/omanivietnam.com\/\"},{\"@type\":\"ListItem\",\"position\":2,\"name\":\"S\u1ea2N PH\u1ea8M\",\"item\":\"https:\/\/omanivietnam.com\/index.php\/cua-hang\/\"},{\"@type\":\"ListItem\",\"position\":3,\"name\":\"ENDRESS+HAUSER CLS50-A1C2\"}]},{\"@type\":\"WebSite\",\"@id\":\"https:\/\/omanivietnam.com\/#website\",\"url\":\"https:\/\/omanivietnam.com\/\",\"name\":\"OMANI VI\u1ec6T NAM\",\"description\":\"Nh\u00e0 ph\u00e2n ph\u1ed1i thi\u1ebft b\u1ecb kh\u00ed n\u00e9n v\u00e0 thi\u1ebft b\u1ecb t\u1ef1 \u0111\u1ed9ng h\u00f3a trong c\u00f4ng nghi\u1ec7p\",\"publisher\":{\"@id\":\"https:\/\/omanivietnam.com\/#\/schema\/person\/0ad398a980dc3fd696111c2c5c8fa897\"},\"potentialAction\":[{\"@type\":\"SearchAction\",\"target\":{\"@type\":\"EntryPoint\",\"urlTemplate\":\"https:\/\/omanivietnam.com\/?s={search_term_string}\"},\"query-input\":\"required name=search_term_string\"}],\"inLanguage\":\"vi\"},{\"@type\":[\"Person\",\"Organization\"],\"@id\":\"https:\/\/omanivietnam.com\/#\/schema\/person\/0ad398a980dc3fd696111c2c5c8fa897\",\"name\":\"Nguy\u1ec5n V\u0103n Kh\u00e1nh\",\"image\":{\"@type\":\"ImageObject\",\"inLanguage\":\"vi\",\"@id\":\"https:\/\/omanivietnam.com\/#\/schema\/person\/image\/\",\"url\":\"https:\/\/omanivietnam.com\/wp-content\/uploads\/2024\/06\/logo-1024x1024.png\",\"contentUrl\":\"https:\/\/omanivietnam.com\/wp-content\/uploads\/2024\/06\/logo-1024x1024.png\",\"width\":1024,\"height\":1024,\"caption\":\"Nguy\u1ec5n V\u0103n Kh\u00e1nh\"},\"logo\":{\"@id\":\"https:\/\/omanivietnam.com\/#\/schema\/person\/image\/\"},\"sameAs\":[\"https:\/\/omanivietnam.com\"]}]}<\/script>\n<!-- \/ Yoast SEO plugin. -->","yoast_head_json":{"title":"ENDRESS+HAUSER CLS50-A1C2 - OMANI VI\u1ec6T NAM","description":"ENDRESS+HAUSER CLS50-A1C2 Analog Conductivity Sensor","robots":{"index":"index","follow":"follow","max-snippet":"max-snippet:-1","max-image-preview":"max-image-preview:large","max-video-preview":"max-video-preview:-1"},"canonical":"https:\/\/omanivietnam.com\/index.php\/san-pham\/endresshauser-cls50-a1c2\/","og_locale":"vi_VN","og_type":"article","og_title":"ENDRESS+HAUSER CLS50-A1C2 - OMANI VI\u1ec6T NAM","og_description":"ENDRESS+HAUSER CLS50-A1C2 Analog Conductivity Sensor","og_url":"https:\/\/omanivietnam.com\/index.php\/san-pham\/endresshauser-cls50-a1c2\/","og_site_name":"OMANI VI\u1ec6T NAM","article_modified_time":"2026-05-07T15:25:04+00:00","og_image":[{"width":660,"height":500,"url":"https:\/\/omanivietnam.com\/wp-content\/uploads\/2026\/05\/CLS50-A1C2.png","type":"image\/png"}],"twitter_card":"summary_large_image","twitter_misc":{"\u01af\u1edbc t\u00ednh th\u1eddi gian \u0111\u1ecdc":"3 ph\u00fat"},"schema":{"@context":"https:\/\/schema.org","@graph":[{"@type":"WebPage","@id":"https:\/\/omanivietnam.com\/index.php\/san-pham\/endresshauser-cls50-a1c2\/","url":"https:\/\/omanivietnam.com\/index.php\/san-pham\/endresshauser-cls50-a1c2\/","name":"ENDRESS+HAUSER CLS50-A1C2 - OMANI VI\u1ec6T NAM","isPartOf":{"@id":"https:\/\/omanivietnam.com\/#website"},"primaryImageOfPage":{"@id":"https:\/\/omanivietnam.com\/index.php\/san-pham\/endresshauser-cls50-a1c2\/#primaryimage"},"image":{"@id":"https:\/\/omanivietnam.com\/index.php\/san-pham\/endresshauser-cls50-a1c2\/#primaryimage"},"thumbnailUrl":"https:\/\/omanivietnam.com\/wp-content\/uploads\/2026\/05\/CLS50-A1C2.png","datePublished":"2026-05-07T15:22:40+00:00","dateModified":"2026-05-07T15:25:04+00:00","description":"ENDRESS+HAUSER CLS50-A1C2 Analog Conductivity Sensor","breadcrumb":{"@id":"https:\/\/omanivietnam.com\/index.php\/san-pham\/endresshauser-cls50-a1c2\/#breadcrumb"},"inLanguage":"vi","potentialAction":[{"@type":"ReadAction","target":["https:\/\/omanivietnam.com\/index.php\/san-pham\/endresshauser-cls50-a1c2\/"]}]},{"@type":"ImageObject","inLanguage":"vi","@id":"https:\/\/omanivietnam.com\/index.php\/san-pham\/endresshauser-cls50-a1c2\/#primaryimage","url":"https:\/\/omanivietnam.com\/wp-content\/uploads\/2026\/05\/CLS50-A1C2.png","contentUrl":"https:\/\/omanivietnam.com\/wp-content\/uploads\/2026\/05\/CLS50-A1C2.png","width":660,"height":500},{"@type":"BreadcrumbList","@id":"https:\/\/omanivietnam.com\/index.php\/san-pham\/endresshauser-cls50-a1c2\/#breadcrumb","itemListElement":[{"@type":"ListItem","position":1,"name":"Home","item":"https:\/\/omanivietnam.com\/"},{"@type":"ListItem","position":2,"name":"S\u1ea2N PH\u1ea8M","item":"https:\/\/omanivietnam.com\/index.php\/cua-hang\/"},{"@type":"ListItem","position":3,"name":"ENDRESS+HAUSER CLS50-A1C2"}]},{"@type":"WebSite","@id":"https:\/\/omanivietnam.com\/#website","url":"https:\/\/omanivietnam.com\/","name":"OMANI VI\u1ec6T NAM","description":"Nh\u00e0 ph\u00e2n ph\u1ed1i thi\u1ebft b\u1ecb kh\u00ed n\u00e9n v\u00e0 thi\u1ebft b\u1ecb t\u1ef1 \u0111\u1ed9ng h\u00f3a trong c\u00f4ng nghi\u1ec7p","publisher":{"@id":"https:\/\/omanivietnam.com\/#\/schema\/person\/0ad398a980dc3fd696111c2c5c8fa897"},"potentialAction":[{"@type":"SearchAction","target":{"@type":"EntryPoint","urlTemplate":"https:\/\/omanivietnam.com\/?s={search_term_string}"},"query-input":"required name=search_term_string"}],"inLanguage":"vi"},{"@type":["Person","Organization"],"@id":"https:\/\/omanivietnam.com\/#\/schema\/person\/0ad398a980dc3fd696111c2c5c8fa897","name":"Nguy\u1ec5n V\u0103n Kh\u00e1nh","image":{"@type":"ImageObject","inLanguage":"vi","@id":"https:\/\/omanivietnam.com\/#\/schema\/person\/image\/","url":"https:\/\/omanivietnam.com\/wp-content\/uploads\/2024\/06\/logo-1024x1024.png","contentUrl":"https:\/\/omanivietnam.com\/wp-content\/uploads\/2024\/06\/logo-1024x1024.png","width":1024,"height":1024,"caption":"Nguy\u1ec5n V\u0103n Kh\u00e1nh"},"logo":{"@id":"https:\/\/omanivietnam.com\/#\/schema\/person\/image\/"},"sameAs":["https:\/\/omanivietnam.com"]}]}},"_links":{"self":[{"href":"https:\/\/omanivietnam.com\/index.php\/wp-json\/wp\/v2\/product\/4904","targetHints":{"allow":["GET"]}}],"collection":[{"href":"https:\/\/omanivietnam.com\/index.php\/wp-json\/wp\/v2\/product"}],"about":[{"href":"https:\/\/omanivietnam.com\/index.php\/wp-json\/wp\/v2\/types\/product"}],"replies":[{"embeddable":true,"href":"https:\/\/omanivietnam.com\/index.php\/wp-json\/wp\/v2\/comments?post=4904"}],"wp:featuredmedia":[{"embeddable":true,"href":"https:\/\/omanivietnam.com\/index.php\/wp-json\/wp\/v2\/media\/4905"}],"wp:attachment":[{"href":"https:\/\/omanivietnam.com\/index.php\/wp-json\/wp\/v2\/media?parent=4904"}],"wp:term":[{"taxonomy":"product_cat","embeddable":true,"href":"https:\/\/omanivietnam.com\/index.php\/wp-json\/wp\/v2\/product_cat?post=4904"},{"taxonomy":"product_tag","embeddable":true,"href":"https:\/\/omanivietnam.com\/index.php\/wp-json\/wp\/v2\/product_tag?post=4904"}],"curies":[{"name":"wp","href":"https:\/\/api.w.org\/{rel}","templated":true}]}}