{"id":4907,"date":"2026-05-09T21:49:29","date_gmt":"2026-05-09T14:49:29","guid":{"rendered":"https:\/\/omanivietnam.com\/?post_type=product&#038;p=4907"},"modified":"2026-05-09T21:50:46","modified_gmt":"2026-05-09T14:50:46","slug":"hakko-ts2060i","status":"publish","type":"product","link":"https:\/\/omanivietnam.com\/index.php\/san-pham\/hakko-ts2060i\/","title":{"rendered":"HAKKO TS2060i"},"content":{"rendered":"<p>HAKKO TS2060i<\/p>\n<p>HAKKO CUR-01<\/p>\n<p>M\u00e0n h\u00ecnh Hakko TS2060, TS2060i<\/p>\n<p>Thi\u1ebft b\u1ecb hi\u1ec3n th\u1ecb: M\u00e0u TFT<br \/>\n\u2013 \u0110\u1ed9 ph\u00e2n gi\u1ea3i: 320 x 240<br \/>\n\u2013 K\u00edch th\u01b0\u1edbc m\u00e0n h\u00ecnh: 5.7 \u2033 (QVGA)<br \/>\n\u2013 M\u00e0u s\u1eafc: 65.536 m\u00e0u (l\u1ef1a ch\u1ecdn 32K \/ 256\/128 \/ \u0111\u01a1n s\u1eafc c\u00f3 s\u1eb5n v\u1edbi c\u1ea5u h\u00ecnh ph\u1ea7n m\u1ec1m.)<br \/>\n\u2013 \u0110\u00e8n n\u1ec1n: LED<br \/>\n\u2013 Tu\u1ed5i th\u1ecd \u0111\u00e8n n\u1ec1n: 50.000 gi\u1edd<br \/>\n\u2013 \u0110i\u1ec7n \u00e1p \u0111\u1ecbnh m\u1ee9c: 24VDC<br \/>\n\u2013 D\u1ea3i \u0111i\u1ec7n \u00e1p cho ph\u00e9p: 24VDC \u00b1 10%<br \/>\n\u2013 M\u1ea5t \u0111i\u1ec7n t\u1ea1m th\u1eddi cho ph\u00e9p: Trong v\u00f2ng 1ms<br \/>\n\u2013 Nhu c\u1ea7u (\u0111\u00e1nh gi\u00e1 t\u1ed1i \u0111a): 13W tr\u1edf xu\u1ed1ng<br \/>\n\u2013 C\u00f4ng t\u1eafc ch\u1ee9c n\u0103ng (S\u1ed1 l\u01b0\u1ee3ng c\u00f4ng t\u1eafc ch\u1ee9c n\u0103ng): 6<br \/>\nGiao di\u1ec7n b\u00ean ngo\u00e0i:<br \/>\n\u2013 M\u00f4-\u0111un 8 ch\u00e2n \uff08MJ1 \/ MJ2\uff09: RS-232C \/ RS-422 (4 d\u00e2y) * 3, RS-485 (hai d\u00e2y), Lo\u1ea1i kh\u00f4ng \u0111\u1ed3ng b\u1ed9, \u0110\u1ed9 d\u00e0i d\u1eef li\u1ec7u: 7,8 bit, Ch\u1eb5n l\u1ebb: ch\u1eb5n, l\u1ebb, kh\u00f4ng c\u00f3, bit d\u1eebng: 1, 2 bit, t\u1ed1c \u0111\u1ed9 truy\u1ec1n: 4800, 9600, 19200, 38400, 57600, 76800, 115200, 187500 bps * 4<br \/>\nTh\u1ebb SD: N \/ A<br \/>\n\u2013 Ethernet: N \/ A<br \/>\n\u2013 USB: Lo\u1ea1i mini-B (Phi\u00ean b\u1ea3n 2.0)<br \/>\n\u2013 \u0110\u01a1n v\u1ecb truy\u1ec1n th\u00f4ng: N \/ A<\/p>\n<p>\u0110\u1ea7u ti\u00ean c\u1ea7n quan t\u00e2m t\u1edbi vi\u1ec7c TS2060 c\u00f3 th\u1ec3 thay th\u1ebf cho c\u00e1c d\u00f2ng fuji hakko 5.6\u201d t\u1edbi 10.4\u201d nh\u01b0 :<\/p>\n<p>V606M V606iM V606eM10 V706MD V706CD V706TD<\/p>\n<p>&nbsp;<\/p>\n<p>V806MD V806CD V806TD V806iMD V806iCD V806iTDN V806TDN<\/p>\n<p>UG221H-LE4 UG221H-LR4 UG221H-SR4 UG230H-SS4 UG230H-LS4 UG230H-TS4<\/p>\n<p>Ch\u01b0\u01a1ng tr\u00ecnh c\u1ee7a ch\u00fang c\u00f3 th\u1ec3 chuy\u1ec3n \u0111\u1ed5i thay th\u1ebf cho nhau<\/p>\n<p>D\u00f2ng m\u00e0n h\u00ecnh c\u1ea3m \u1ee9ng 5.7\u2033<\/p>\n<p>\u0110i\u1ec7n \u00e1p DC24V<\/p>\n<p>C\u00f3 th\u1ec3 ch\u1ec9nh \u0111\u1ed9 s\u00e1ng tr\u00ean m\u00e0n h\u00ecnh tu\u1ef3 \u00fd ng\u01b0\u1eddi s\u1eed d\u1ee5ng<\/p>\n<p>D\u1ec5 d\u00e0ng thay \u0111\u1ed5i th\u1eddi gian ngh\u1ec9 tr\u00ean m\u00e0n h\u00ecnh.<\/p>\n<p>\u0110\u1ea1i l\u00fd HAKKO vietnam, HAKKO viet nam, HAKKO vietnam distributor, Ph\u00e2n ph\u1ed1i HAKKO t\u1ea1i vi\u1ec7t nam<\/p>\n<p>\u0110\u1ea1i l\u00fd HAKKO vietnam, HAKKO viet nam, HAKKO vietnam distributor, Ph\u00e2n ph\u1ed1i HAKKO t\u1ea1i vi\u1ec7t nam<\/p>\n<p>\u0110\u1ea1i l\u00fd HAKKO vietnam, HAKKO viet nam, HAKKO vietnam distributor, Ph\u00e2n ph\u1ed1i HAKKO t\u1ea1i vi\u1ec7t nam<\/p>\n","protected":false},"excerpt":{"rendered":"<p>HAKKO TS2060i HAKKO CUR-01 M\u00e0n h\u00ecnh Hakko TS2060, TS2060i Thi\u1ebft b\u1ecb hi\u1ec3n th\u1ecb: M\u00e0u TFT \u2013 \u0110\u1ed9 ph\u00e2n gi\u1ea3i: 320 x 240 \u2013 K\u00edch th\u01b0\u1edbc m\u00e0n h\u00ecnh: 5.7 \u2033 (QVGA) \u2013 M\u00e0u s\u1eafc: 65.536 m\u00e0u (l\u1ef1a ch\u1ecdn 32K \/ 256\/128 \/ \u0111\u01a1n s\u1eafc c\u00f3 s\u1eb5n v\u1edbi c\u1ea5u h\u00ecnh ph\u1ea7n m\u1ec1m.)&hellip; <\/p>\n","protected":false},"featured_media":4908,"comment_status":"open","ping_status":"closed","template":"","meta":[],"product_cat":[856],"product_tag":[858,857,212],"class_list":{"0":"post-4907","1":"product","2":"type-product","3":"status-publish","4":"has-post-thumbnail","6":"product_cat-hakko","7":"product_tag-dai-ly-hakko-viet-nam","8":"product_tag-hakko-viet-nam","9":"product_tag-man-hinh","11":"first","12":"instock","13":"shipping-taxable","14":"product-type-simple"},"yoast_head":"<!-- This site is optimized with the Yoast SEO plugin v22.8 - https:\/\/yoast.com\/wordpress\/plugins\/seo\/ -->\n<title>HAKKO TS2060i - OMANI VI\u1ec6T NAM<\/title>\n<meta name=\"description\" content=\"HAKKO TS2060i Touch Panel\" \/>\n<meta name=\"robots\" content=\"index, follow, max-snippet:-1, max-image-preview:large, max-video-preview:-1\" \/>\n<link rel=\"canonical\" href=\"https:\/\/omanivietnam.com\/index.php\/san-pham\/hakko-ts2060i\/\" \/>\n<meta property=\"og:locale\" content=\"vi_VN\" \/>\n<meta property=\"og:type\" content=\"article\" \/>\n<meta property=\"og:title\" content=\"HAKKO TS2060i - OMANI VI\u1ec6T NAM\" \/>\n<meta property=\"og:description\" content=\"HAKKO TS2060i Touch Panel\" \/>\n<meta property=\"og:url\" content=\"https:\/\/omanivietnam.com\/index.php\/san-pham\/hakko-ts2060i\/\" \/>\n<meta property=\"og:site_name\" content=\"OMANI VI\u1ec6T NAM\" \/>\n<meta property=\"article:modified_time\" content=\"2026-05-09T14:50:46+00:00\" \/>\n<meta property=\"og:image\" content=\"https:\/\/omanivietnam.com\/wp-content\/uploads\/2026\/05\/TS2060i.png\" \/>\n\t<meta property=\"og:image:width\" content=\"916\" \/>\n\t<meta property=\"og:image:height\" content=\"865\" \/>\n\t<meta property=\"og:image:type\" content=\"image\/png\" \/>\n<meta name=\"twitter:card\" content=\"summary_large_image\" \/>\n<meta name=\"twitter:label1\" content=\"\u01af\u1edbc t\u00ednh th\u1eddi gian \u0111\u1ecdc\" \/>\n\t<meta name=\"twitter:data1\" content=\"2 ph\u00fat\" \/>\n<script type=\"application\/ld+json\" class=\"yoast-schema-graph\">{\"@context\":\"https:\/\/schema.org\",\"@graph\":[{\"@type\":\"WebPage\",\"@id\":\"https:\/\/omanivietnam.com\/index.php\/san-pham\/hakko-ts2060i\/\",\"url\":\"https:\/\/omanivietnam.com\/index.php\/san-pham\/hakko-ts2060i\/\",\"name\":\"HAKKO TS2060i - OMANI VI\u1ec6T NAM\",\"isPartOf\":{\"@id\":\"https:\/\/omanivietnam.com\/#website\"},\"primaryImageOfPage\":{\"@id\":\"https:\/\/omanivietnam.com\/index.php\/san-pham\/hakko-ts2060i\/#primaryimage\"},\"image\":{\"@id\":\"https:\/\/omanivietnam.com\/index.php\/san-pham\/hakko-ts2060i\/#primaryimage\"},\"thumbnailUrl\":\"https:\/\/omanivietnam.com\/wp-content\/uploads\/2026\/05\/TS2060i.png\",\"datePublished\":\"2026-05-09T14:49:29+00:00\",\"dateModified\":\"2026-05-09T14:50:46+00:00\",\"description\":\"HAKKO TS2060i Touch Panel\",\"breadcrumb\":{\"@id\":\"https:\/\/omanivietnam.com\/index.php\/san-pham\/hakko-ts2060i\/#breadcrumb\"},\"inLanguage\":\"vi\",\"potentialAction\":[{\"@type\":\"ReadAction\",\"target\":[\"https:\/\/omanivietnam.com\/index.php\/san-pham\/hakko-ts2060i\/\"]}]},{\"@type\":\"ImageObject\",\"inLanguage\":\"vi\",\"@id\":\"https:\/\/omanivietnam.com\/index.php\/san-pham\/hakko-ts2060i\/#primaryimage\",\"url\":\"https:\/\/omanivietnam.com\/wp-content\/uploads\/2026\/05\/TS2060i.png\",\"contentUrl\":\"https:\/\/omanivietnam.com\/wp-content\/uploads\/2026\/05\/TS2060i.png\",\"width\":916,\"height\":865},{\"@type\":\"BreadcrumbList\",\"@id\":\"https:\/\/omanivietnam.com\/index.php\/san-pham\/hakko-ts2060i\/#breadcrumb\",\"itemListElement\":[{\"@type\":\"ListItem\",\"position\":1,\"name\":\"Home\",\"item\":\"https:\/\/omanivietnam.com\/\"},{\"@type\":\"ListItem\",\"position\":2,\"name\":\"S\u1ea2N PH\u1ea8M\",\"item\":\"https:\/\/omanivietnam.com\/index.php\/cua-hang\/\"},{\"@type\":\"ListItem\",\"position\":3,\"name\":\"HAKKO TS2060i\"}]},{\"@type\":\"WebSite\",\"@id\":\"https:\/\/omanivietnam.com\/#website\",\"url\":\"https:\/\/omanivietnam.com\/\",\"name\":\"OMANI VI\u1ec6T NAM\",\"description\":\"Nh\u00e0 ph\u00e2n ph\u1ed1i thi\u1ebft b\u1ecb kh\u00ed n\u00e9n v\u00e0 thi\u1ebft b\u1ecb t\u1ef1 \u0111\u1ed9ng h\u00f3a trong c\u00f4ng nghi\u1ec7p\",\"publisher\":{\"@id\":\"https:\/\/omanivietnam.com\/#\/schema\/person\/0ad398a980dc3fd696111c2c5c8fa897\"},\"potentialAction\":[{\"@type\":\"SearchAction\",\"target\":{\"@type\":\"EntryPoint\",\"urlTemplate\":\"https:\/\/omanivietnam.com\/?s={search_term_string}\"},\"query-input\":\"required name=search_term_string\"}],\"inLanguage\":\"vi\"},{\"@type\":[\"Person\",\"Organization\"],\"@id\":\"https:\/\/omanivietnam.com\/#\/schema\/person\/0ad398a980dc3fd696111c2c5c8fa897\",\"name\":\"Nguy\u1ec5n V\u0103n Kh\u00e1nh\",\"image\":{\"@type\":\"ImageObject\",\"inLanguage\":\"vi\",\"@id\":\"https:\/\/omanivietnam.com\/#\/schema\/person\/image\/\",\"url\":\"https:\/\/omanivietnam.com\/wp-content\/uploads\/2024\/06\/logo-1024x1024.png\",\"contentUrl\":\"https:\/\/omanivietnam.com\/wp-content\/uploads\/2024\/06\/logo-1024x1024.png\",\"width\":1024,\"height\":1024,\"caption\":\"Nguy\u1ec5n V\u0103n Kh\u00e1nh\"},\"logo\":{\"@id\":\"https:\/\/omanivietnam.com\/#\/schema\/person\/image\/\"},\"sameAs\":[\"https:\/\/omanivietnam.com\"]}]}<\/script>\n<!-- \/ Yoast SEO plugin. -->","yoast_head_json":{"title":"HAKKO TS2060i - OMANI VI\u1ec6T NAM","description":"HAKKO TS2060i Touch Panel","robots":{"index":"index","follow":"follow","max-snippet":"max-snippet:-1","max-image-preview":"max-image-preview:large","max-video-preview":"max-video-preview:-1"},"canonical":"https:\/\/omanivietnam.com\/index.php\/san-pham\/hakko-ts2060i\/","og_locale":"vi_VN","og_type":"article","og_title":"HAKKO TS2060i - OMANI VI\u1ec6T NAM","og_description":"HAKKO TS2060i Touch Panel","og_url":"https:\/\/omanivietnam.com\/index.php\/san-pham\/hakko-ts2060i\/","og_site_name":"OMANI VI\u1ec6T NAM","article_modified_time":"2026-05-09T14:50:46+00:00","og_image":[{"width":916,"height":865,"url":"https:\/\/omanivietnam.com\/wp-content\/uploads\/2026\/05\/TS2060i.png","type":"image\/png"}],"twitter_card":"summary_large_image","twitter_misc":{"\u01af\u1edbc t\u00ednh th\u1eddi gian \u0111\u1ecdc":"2 ph\u00fat"},"schema":{"@context":"https:\/\/schema.org","@graph":[{"@type":"WebPage","@id":"https:\/\/omanivietnam.com\/index.php\/san-pham\/hakko-ts2060i\/","url":"https:\/\/omanivietnam.com\/index.php\/san-pham\/hakko-ts2060i\/","name":"HAKKO TS2060i - OMANI VI\u1ec6T NAM","isPartOf":{"@id":"https:\/\/omanivietnam.com\/#website"},"primaryImageOfPage":{"@id":"https:\/\/omanivietnam.com\/index.php\/san-pham\/hakko-ts2060i\/#primaryimage"},"image":{"@id":"https:\/\/omanivietnam.com\/index.php\/san-pham\/hakko-ts2060i\/#primaryimage"},"thumbnailUrl":"https:\/\/omanivietnam.com\/wp-content\/uploads\/2026\/05\/TS2060i.png","datePublished":"2026-05-09T14:49:29+00:00","dateModified":"2026-05-09T14:50:46+00:00","description":"HAKKO TS2060i Touch Panel","breadcrumb":{"@id":"https:\/\/omanivietnam.com\/index.php\/san-pham\/hakko-ts2060i\/#breadcrumb"},"inLanguage":"vi","potentialAction":[{"@type":"ReadAction","target":["https:\/\/omanivietnam.com\/index.php\/san-pham\/hakko-ts2060i\/"]}]},{"@type":"ImageObject","inLanguage":"vi","@id":"https:\/\/omanivietnam.com\/index.php\/san-pham\/hakko-ts2060i\/#primaryimage","url":"https:\/\/omanivietnam.com\/wp-content\/uploads\/2026\/05\/TS2060i.png","contentUrl":"https:\/\/omanivietnam.com\/wp-content\/uploads\/2026\/05\/TS2060i.png","width":916,"height":865},{"@type":"BreadcrumbList","@id":"https:\/\/omanivietnam.com\/index.php\/san-pham\/hakko-ts2060i\/#breadcrumb","itemListElement":[{"@type":"ListItem","position":1,"name":"Home","item":"https:\/\/omanivietnam.com\/"},{"@type":"ListItem","position":2,"name":"S\u1ea2N PH\u1ea8M","item":"https:\/\/omanivietnam.com\/index.php\/cua-hang\/"},{"@type":"ListItem","position":3,"name":"HAKKO TS2060i"}]},{"@type":"WebSite","@id":"https:\/\/omanivietnam.com\/#website","url":"https:\/\/omanivietnam.com\/","name":"OMANI VI\u1ec6T NAM","description":"Nh\u00e0 ph\u00e2n ph\u1ed1i thi\u1ebft b\u1ecb kh\u00ed n\u00e9n v\u00e0 thi\u1ebft b\u1ecb t\u1ef1 \u0111\u1ed9ng h\u00f3a trong c\u00f4ng nghi\u1ec7p","publisher":{"@id":"https:\/\/omanivietnam.com\/#\/schema\/person\/0ad398a980dc3fd696111c2c5c8fa897"},"potentialAction":[{"@type":"SearchAction","target":{"@type":"EntryPoint","urlTemplate":"https:\/\/omanivietnam.com\/?s={search_term_string}"},"query-input":"required name=search_term_string"}],"inLanguage":"vi"},{"@type":["Person","Organization"],"@id":"https:\/\/omanivietnam.com\/#\/schema\/person\/0ad398a980dc3fd696111c2c5c8fa897","name":"Nguy\u1ec5n V\u0103n Kh\u00e1nh","image":{"@type":"ImageObject","inLanguage":"vi","@id":"https:\/\/omanivietnam.com\/#\/schema\/person\/image\/","url":"https:\/\/omanivietnam.com\/wp-content\/uploads\/2024\/06\/logo-1024x1024.png","contentUrl":"https:\/\/omanivietnam.com\/wp-content\/uploads\/2024\/06\/logo-1024x1024.png","width":1024,"height":1024,"caption":"Nguy\u1ec5n V\u0103n Kh\u00e1nh"},"logo":{"@id":"https:\/\/omanivietnam.com\/#\/schema\/person\/image\/"},"sameAs":["https:\/\/omanivietnam.com"]}]}},"_links":{"self":[{"href":"https:\/\/omanivietnam.com\/index.php\/wp-json\/wp\/v2\/product\/4907","targetHints":{"allow":["GET"]}}],"collection":[{"href":"https:\/\/omanivietnam.com\/index.php\/wp-json\/wp\/v2\/product"}],"about":[{"href":"https:\/\/omanivietnam.com\/index.php\/wp-json\/wp\/v2\/types\/product"}],"replies":[{"embeddable":true,"href":"https:\/\/omanivietnam.com\/index.php\/wp-json\/wp\/v2\/comments?post=4907"}],"wp:featuredmedia":[{"embeddable":true,"href":"https:\/\/omanivietnam.com\/index.php\/wp-json\/wp\/v2\/media\/4908"}],"wp:attachment":[{"href":"https:\/\/omanivietnam.com\/index.php\/wp-json\/wp\/v2\/media?parent=4907"}],"wp:term":[{"taxonomy":"product_cat","embeddable":true,"href":"https:\/\/omanivietnam.com\/index.php\/wp-json\/wp\/v2\/product_cat?post=4907"},{"taxonomy":"product_tag","embeddable":true,"href":"https:\/\/omanivietnam.com\/index.php\/wp-json\/wp\/v2\/product_tag?post=4907"}],"curies":[{"name":"wp","href":"https:\/\/api.w.org\/{rel}","templated":true}]}}