{"id":4921,"date":"2026-05-15T22:18:24","date_gmt":"2026-05-15T15:18:24","guid":{"rendered":"https:\/\/omanivietnam.com\/?post_type=product&#038;p=4921"},"modified":"2026-05-15T22:37:34","modified_gmt":"2026-05-15T15:37:34","slug":"baxit-n811kne","status":"publish","type":"product","link":"https:\/\/omanivietnam.com\/index.php\/san-pham\/baxit-n811kne\/","title":{"rendered":"BAXIT N811KNE"},"content":{"rendered":"<p>BAXIT N811KNE AC230V<\/p>\n<h2>Th\u00f4ng s\u1ed1 k\u1ef9 thu\u1eadt c\u1ee7a B\u01a1m\u00a0 BAXIT N811KNE AC230V<\/h2>\n<p>\u2013 Ch\u1ea5t li\u1ec7u \u0111\u1ea7u ti\u1ebfp x\u00fac c\u1ee7a b\u01a1m:<br \/>\n+ \u0110\u1ea7u b\u01a1m (pump head): PPS<br \/>\n+ M\u00e0ng: EPDM<br \/>\n+ Van: FPM<br \/>\n\u2013 L\u01b0u l\u01b0\u1ee3ng h\u00fat: 11.5 l\/ph\u00fat<br \/>\n\u2013 \u0110\u1ed9 ch\u00e2n kh\u00f4ng t\u1edbi h\u1ea1n: 240 mbar<br \/>\n\u2013 \u00c1p su\u1ea5t v\u1eadn h\u00e0nh: 2 bar<br \/>\n\u2013 \u0110\u01b0\u1eddng k\u00ednh trong \u1ed1ng h\u00fat: 6 mm<br \/>\n\u2013 Nhi\u1ec7t \u0111\u1ed9 kh\u00ed gas v\u00e0 m\u00f4i tr\u01b0\u1eddng cho ph\u00e9p: + 5 \u0111\u1ebfn 40 \u00b0C<br \/>\n\u2013 Ngu\u1ed3n \u0111i\u1ec7n: 230V\/50Hz<br \/>\n\u2013 Ti\u00eau chu\u1ea9n b\u1ea3o v\u1ec7 mot\u01a1: IP 20<br \/>\n\u2013 C\u00f4ng su\u1ea5t P1: 65 W<br \/>\n\u2013 Kh\u1ed1i l\u01b0\u1ee3ng: 2.5 Kg<br \/>\n\u2013 K\u00edch th\u01b0\u1edbc: 187 x 157 x 90 mm<\/p>\n<p>C\u00e1c m\u00e3 h\u00e0ng<\/p>\n<p>KNF N811KNE AC230V BAXIT N811KNE AC230V<\/p>\n<p>KNF PM16642-814 AC230V BAXIT PM16642-814 AC230V<\/p>\n<p>KNF PM24407-86 AC230V BAXIT PM24407-86 AC230V<\/p>\n<p>\u0110\u1ea1i l\u00fd BAXIT vietnam, BAXIT viet nam, BAXIT vietnam distributor, Ph\u00e2n ph\u1ed1i BAXIT t\u1ea1i vi\u1ec7t nam<\/p>\n<p>\u0110\u1ea1i l\u00fd BAXIT vietnam, BAXIT viet nam, BAXIT vietnam distributor, Ph\u00e2n ph\u1ed1i BAXIT t\u1ea1i vi\u1ec7t nam<\/p>\n<p>\u0110\u1ea1i l\u00fd BAXIT vietnam, BAXIT viet nam, BAXIT vietnam distributor, Ph\u00e2n ph\u1ed1i BAXIT t\u1ea1i vi\u1ec7t nam<\/p>\n","protected":false},"excerpt":{"rendered":"<p>BAXIT N811KNE AC230V Th\u00f4ng s\u1ed1 k\u1ef9 thu\u1eadt c\u1ee7a B\u01a1m\u00a0 BAXIT N811KNE AC230V \u2013 Ch\u1ea5t li\u1ec7u \u0111\u1ea7u ti\u1ebfp x\u00fac c\u1ee7a b\u01a1m: + \u0110\u1ea7u b\u01a1m (pump head): PPS + M\u00e0ng: EPDM + Van: FPM \u2013 L\u01b0u l\u01b0\u1ee3ng h\u00fat: 11.5 l\/ph\u00fat \u2013 \u0110\u1ed9 ch\u00e2n kh\u00f4ng t\u1edbi h\u1ea1n: 240 mbar \u2013 \u00c1p su\u1ea5t v\u1eadn&hellip; <\/p>\n","protected":false},"featured_media":4922,"comment_status":"open","ping_status":"closed","template":"","meta":[],"product_cat":[938],"product_tag":[939,533,940],"class_list":{"0":"post-4921","1":"product","2":"type-product","3":"status-publish","4":"has-post-thumbnail","6":"product_cat-baxit","7":"product_tag-baxit-viet-nam","8":"product_tag-bom","9":"product_tag-dai-ly-baxit-viet-nam","11":"first","12":"instock","13":"shipping-taxable","14":"product-type-simple"},"yoast_head":"<!-- This site is optimized with the Yoast SEO plugin v22.8 - https:\/\/yoast.com\/wordpress\/plugins\/seo\/ -->\n<title>BAXIT N811KNE - OMANI VI\u1ec6T NAM<\/title>\n<meta name=\"description\" content=\"BAXIT N811KNE Pump\" \/>\n<meta name=\"robots\" content=\"index, follow, max-snippet:-1, max-image-preview:large, max-video-preview:-1\" \/>\n<link rel=\"canonical\" href=\"https:\/\/omanivietnam.com\/index.php\/san-pham\/baxit-n811kne\/\" \/>\n<meta property=\"og:locale\" content=\"vi_VN\" \/>\n<meta property=\"og:type\" content=\"article\" \/>\n<meta property=\"og:title\" content=\"BAXIT N811KNE - OMANI VI\u1ec6T NAM\" \/>\n<meta property=\"og:description\" content=\"BAXIT N811KNE Pump\" \/>\n<meta property=\"og:url\" content=\"https:\/\/omanivietnam.com\/index.php\/san-pham\/baxit-n811kne\/\" \/>\n<meta property=\"og:site_name\" content=\"OMANI VI\u1ec6T NAM\" \/>\n<meta property=\"article:modified_time\" content=\"2026-05-15T15:37:34+00:00\" \/>\n<meta property=\"og:image\" content=\"https:\/\/omanivietnam.com\/wp-content\/uploads\/2026\/05\/BAXIT.png\" \/>\n\t<meta property=\"og:image:width\" content=\"907\" \/>\n\t<meta property=\"og:image:height\" content=\"952\" \/>\n\t<meta property=\"og:image:type\" content=\"image\/png\" \/>\n<meta name=\"twitter:card\" content=\"summary_large_image\" \/>\n<meta name=\"twitter:label1\" content=\"\u01af\u1edbc t\u00ednh th\u1eddi gian \u0111\u1ecdc\" \/>\n\t<meta name=\"twitter:data1\" content=\"2 ph\u00fat\" \/>\n<script type=\"application\/ld+json\" class=\"yoast-schema-graph\">{\"@context\":\"https:\/\/schema.org\",\"@graph\":[{\"@type\":\"WebPage\",\"@id\":\"https:\/\/omanivietnam.com\/index.php\/san-pham\/baxit-n811kne\/\",\"url\":\"https:\/\/omanivietnam.com\/index.php\/san-pham\/baxit-n811kne\/\",\"name\":\"BAXIT N811KNE - OMANI VI\u1ec6T NAM\",\"isPartOf\":{\"@id\":\"https:\/\/omanivietnam.com\/#website\"},\"primaryImageOfPage\":{\"@id\":\"https:\/\/omanivietnam.com\/index.php\/san-pham\/baxit-n811kne\/#primaryimage\"},\"image\":{\"@id\":\"https:\/\/omanivietnam.com\/index.php\/san-pham\/baxit-n811kne\/#primaryimage\"},\"thumbnailUrl\":\"https:\/\/omanivietnam.com\/wp-content\/uploads\/2026\/05\/BAXIT.png\",\"datePublished\":\"2026-05-15T15:18:24+00:00\",\"dateModified\":\"2026-05-15T15:37:34+00:00\",\"description\":\"BAXIT N811KNE Pump\",\"breadcrumb\":{\"@id\":\"https:\/\/omanivietnam.com\/index.php\/san-pham\/baxit-n811kne\/#breadcrumb\"},\"inLanguage\":\"vi\",\"potentialAction\":[{\"@type\":\"ReadAction\",\"target\":[\"https:\/\/omanivietnam.com\/index.php\/san-pham\/baxit-n811kne\/\"]}]},{\"@type\":\"ImageObject\",\"inLanguage\":\"vi\",\"@id\":\"https:\/\/omanivietnam.com\/index.php\/san-pham\/baxit-n811kne\/#primaryimage\",\"url\":\"https:\/\/omanivietnam.com\/wp-content\/uploads\/2026\/05\/BAXIT.png\",\"contentUrl\":\"https:\/\/omanivietnam.com\/wp-content\/uploads\/2026\/05\/BAXIT.png\",\"width\":907,\"height\":952},{\"@type\":\"BreadcrumbList\",\"@id\":\"https:\/\/omanivietnam.com\/index.php\/san-pham\/baxit-n811kne\/#breadcrumb\",\"itemListElement\":[{\"@type\":\"ListItem\",\"position\":1,\"name\":\"Home\",\"item\":\"https:\/\/omanivietnam.com\/\"},{\"@type\":\"ListItem\",\"position\":2,\"name\":\"S\u1ea2N PH\u1ea8M\",\"item\":\"https:\/\/omanivietnam.com\/index.php\/cua-hang\/\"},{\"@type\":\"ListItem\",\"position\":3,\"name\":\"BAXIT N811KNE\"}]},{\"@type\":\"WebSite\",\"@id\":\"https:\/\/omanivietnam.com\/#website\",\"url\":\"https:\/\/omanivietnam.com\/\",\"name\":\"OMANI VI\u1ec6T NAM\",\"description\":\"Nh\u00e0 ph\u00e2n ph\u1ed1i thi\u1ebft b\u1ecb kh\u00ed n\u00e9n v\u00e0 thi\u1ebft b\u1ecb t\u1ef1 \u0111\u1ed9ng h\u00f3a trong c\u00f4ng nghi\u1ec7p\",\"publisher\":{\"@id\":\"https:\/\/omanivietnam.com\/#\/schema\/person\/0ad398a980dc3fd696111c2c5c8fa897\"},\"potentialAction\":[{\"@type\":\"SearchAction\",\"target\":{\"@type\":\"EntryPoint\",\"urlTemplate\":\"https:\/\/omanivietnam.com\/?s={search_term_string}\"},\"query-input\":\"required name=search_term_string\"}],\"inLanguage\":\"vi\"},{\"@type\":[\"Person\",\"Organization\"],\"@id\":\"https:\/\/omanivietnam.com\/#\/schema\/person\/0ad398a980dc3fd696111c2c5c8fa897\",\"name\":\"Nguy\u1ec5n V\u0103n Kh\u00e1nh\",\"image\":{\"@type\":\"ImageObject\",\"inLanguage\":\"vi\",\"@id\":\"https:\/\/omanivietnam.com\/#\/schema\/person\/image\/\",\"url\":\"https:\/\/omanivietnam.com\/wp-content\/uploads\/2024\/06\/logo-1024x1024.png\",\"contentUrl\":\"https:\/\/omanivietnam.com\/wp-content\/uploads\/2024\/06\/logo-1024x1024.png\",\"width\":1024,\"height\":1024,\"caption\":\"Nguy\u1ec5n V\u0103n Kh\u00e1nh\"},\"logo\":{\"@id\":\"https:\/\/omanivietnam.com\/#\/schema\/person\/image\/\"},\"sameAs\":[\"https:\/\/omanivietnam.com\"]}]}<\/script>\n<!-- \/ Yoast SEO plugin. -->","yoast_head_json":{"title":"BAXIT N811KNE - OMANI VI\u1ec6T NAM","description":"BAXIT N811KNE Pump","robots":{"index":"index","follow":"follow","max-snippet":"max-snippet:-1","max-image-preview":"max-image-preview:large","max-video-preview":"max-video-preview:-1"},"canonical":"https:\/\/omanivietnam.com\/index.php\/san-pham\/baxit-n811kne\/","og_locale":"vi_VN","og_type":"article","og_title":"BAXIT N811KNE - OMANI VI\u1ec6T NAM","og_description":"BAXIT N811KNE Pump","og_url":"https:\/\/omanivietnam.com\/index.php\/san-pham\/baxit-n811kne\/","og_site_name":"OMANI VI\u1ec6T NAM","article_modified_time":"2026-05-15T15:37:34+00:00","og_image":[{"width":907,"height":952,"url":"https:\/\/omanivietnam.com\/wp-content\/uploads\/2026\/05\/BAXIT.png","type":"image\/png"}],"twitter_card":"summary_large_image","twitter_misc":{"\u01af\u1edbc t\u00ednh th\u1eddi gian \u0111\u1ecdc":"2 ph\u00fat"},"schema":{"@context":"https:\/\/schema.org","@graph":[{"@type":"WebPage","@id":"https:\/\/omanivietnam.com\/index.php\/san-pham\/baxit-n811kne\/","url":"https:\/\/omanivietnam.com\/index.php\/san-pham\/baxit-n811kne\/","name":"BAXIT N811KNE - OMANI VI\u1ec6T NAM","isPartOf":{"@id":"https:\/\/omanivietnam.com\/#website"},"primaryImageOfPage":{"@id":"https:\/\/omanivietnam.com\/index.php\/san-pham\/baxit-n811kne\/#primaryimage"},"image":{"@id":"https:\/\/omanivietnam.com\/index.php\/san-pham\/baxit-n811kne\/#primaryimage"},"thumbnailUrl":"https:\/\/omanivietnam.com\/wp-content\/uploads\/2026\/05\/BAXIT.png","datePublished":"2026-05-15T15:18:24+00:00","dateModified":"2026-05-15T15:37:34+00:00","description":"BAXIT N811KNE Pump","breadcrumb":{"@id":"https:\/\/omanivietnam.com\/index.php\/san-pham\/baxit-n811kne\/#breadcrumb"},"inLanguage":"vi","potentialAction":[{"@type":"ReadAction","target":["https:\/\/omanivietnam.com\/index.php\/san-pham\/baxit-n811kne\/"]}]},{"@type":"ImageObject","inLanguage":"vi","@id":"https:\/\/omanivietnam.com\/index.php\/san-pham\/baxit-n811kne\/#primaryimage","url":"https:\/\/omanivietnam.com\/wp-content\/uploads\/2026\/05\/BAXIT.png","contentUrl":"https:\/\/omanivietnam.com\/wp-content\/uploads\/2026\/05\/BAXIT.png","width":907,"height":952},{"@type":"BreadcrumbList","@id":"https:\/\/omanivietnam.com\/index.php\/san-pham\/baxit-n811kne\/#breadcrumb","itemListElement":[{"@type":"ListItem","position":1,"name":"Home","item":"https:\/\/omanivietnam.com\/"},{"@type":"ListItem","position":2,"name":"S\u1ea2N PH\u1ea8M","item":"https:\/\/omanivietnam.com\/index.php\/cua-hang\/"},{"@type":"ListItem","position":3,"name":"BAXIT N811KNE"}]},{"@type":"WebSite","@id":"https:\/\/omanivietnam.com\/#website","url":"https:\/\/omanivietnam.com\/","name":"OMANI VI\u1ec6T NAM","description":"Nh\u00e0 ph\u00e2n ph\u1ed1i thi\u1ebft b\u1ecb kh\u00ed n\u00e9n v\u00e0 thi\u1ebft b\u1ecb t\u1ef1 \u0111\u1ed9ng h\u00f3a trong c\u00f4ng nghi\u1ec7p","publisher":{"@id":"https:\/\/omanivietnam.com\/#\/schema\/person\/0ad398a980dc3fd696111c2c5c8fa897"},"potentialAction":[{"@type":"SearchAction","target":{"@type":"EntryPoint","urlTemplate":"https:\/\/omanivietnam.com\/?s={search_term_string}"},"query-input":"required name=search_term_string"}],"inLanguage":"vi"},{"@type":["Person","Organization"],"@id":"https:\/\/omanivietnam.com\/#\/schema\/person\/0ad398a980dc3fd696111c2c5c8fa897","name":"Nguy\u1ec5n V\u0103n Kh\u00e1nh","image":{"@type":"ImageObject","inLanguage":"vi","@id":"https:\/\/omanivietnam.com\/#\/schema\/person\/image\/","url":"https:\/\/omanivietnam.com\/wp-content\/uploads\/2024\/06\/logo-1024x1024.png","contentUrl":"https:\/\/omanivietnam.com\/wp-content\/uploads\/2024\/06\/logo-1024x1024.png","width":1024,"height":1024,"caption":"Nguy\u1ec5n V\u0103n Kh\u00e1nh"},"logo":{"@id":"https:\/\/omanivietnam.com\/#\/schema\/person\/image\/"},"sameAs":["https:\/\/omanivietnam.com"]}]}},"_links":{"self":[{"href":"https:\/\/omanivietnam.com\/index.php\/wp-json\/wp\/v2\/product\/4921","targetHints":{"allow":["GET"]}}],"collection":[{"href":"https:\/\/omanivietnam.com\/index.php\/wp-json\/wp\/v2\/product"}],"about":[{"href":"https:\/\/omanivietnam.com\/index.php\/wp-json\/wp\/v2\/types\/product"}],"replies":[{"embeddable":true,"href":"https:\/\/omanivietnam.com\/index.php\/wp-json\/wp\/v2\/comments?post=4921"}],"wp:featuredmedia":[{"embeddable":true,"href":"https:\/\/omanivietnam.com\/index.php\/wp-json\/wp\/v2\/media\/4922"}],"wp:attachment":[{"href":"https:\/\/omanivietnam.com\/index.php\/wp-json\/wp\/v2\/media?parent=4921"}],"wp:term":[{"taxonomy":"product_cat","embeddable":true,"href":"https:\/\/omanivietnam.com\/index.php\/wp-json\/wp\/v2\/product_cat?post=4921"},{"taxonomy":"product_tag","embeddable":true,"href":"https:\/\/omanivietnam.com\/index.php\/wp-json\/wp\/v2\/product_tag?post=4921"}],"curies":[{"name":"wp","href":"https:\/\/api.w.org\/{rel}","templated":true}]}}