{"id":743,"date":"2024-06-14T23:40:11","date_gmt":"2024-06-14T16:40:11","guid":{"rendered":"https:\/\/omanivietnam.com\/?post_type=product&#038;p=743"},"modified":"2026-02-11T21:10:21","modified_gmt":"2026-02-11T14:10:21","slug":"camozzi-24n2a25a040","status":"publish","type":"product","link":"https:\/\/omanivietnam.com\/index.php\/san-pham\/camozzi-24n2a25a040\/","title":{"rendered":"CAMOZZI 24N2A25A040"},"content":{"rendered":"<p>CAMOZZI 24N2A25A040<\/p>\n<div class=\"mb-5\">\n<h3 class=\"mb-3\">Description<\/h3>\n<p>Camozzi series 24 mini cylinders are designed according to the European standard specifications CETOP RP52-P and DIN\/ISO 6432. The precise method of crimping the barrel at the head and cap ensures that all the parts are perfectly aligned. Series 24 is suitable for mounting magnetic proximity switches.<\/p>\n<p>Part Reference: 24N2A25A040<\/p>\n<\/div>\n<div class=\"mb-5\">\n<h3 class=\"mb-3\">Additional information<\/h3>\n<table class=\"woocommerce-product-attributes shop_attributes\">\n<tbody>\n<tr class=\"woocommerce-product-attributes-item woocommerce-product-attributes-item--attribute_pa_bore-size-mm\">\n<th class=\"woocommerce-product-attributes-item__label\">Bore Size (MM)<\/th>\n<td class=\"woocommerce-product-attributes-item__value\">25<\/td>\n<\/tr>\n<tr class=\"woocommerce-product-attributes-item woocommerce-product-attributes-item--attribute_pa_function\">\n<th class=\"woocommerce-product-attributes-item__label\">Function<\/th>\n<td class=\"woocommerce-product-attributes-item__value\">Double Acting, Single Acting<\/td>\n<\/tr>\n<tr class=\"woocommerce-product-attributes-item woocommerce-product-attributes-item--attribute_pa_manufacturer\">\n<th class=\"woocommerce-product-attributes-item__label\">Manufacturer<\/th>\n<td class=\"woocommerce-product-attributes-item__value\">Camozzi<\/td>\n<\/tr>\n<tr class=\"woocommerce-product-attributes-item woocommerce-product-attributes-item--attribute_pa_product-type\">\n<th class=\"woocommerce-product-attributes-item__label\">Product Type<\/th>\n<td class=\"woocommerce-product-attributes-item__value\">Cylinders<\/td>\n<\/tr>\n<tr class=\"woocommerce-product-attributes-item woocommerce-product-attributes-item--attribute_pa_stroke\">\n<th class=\"woocommerce-product-attributes-item__label\">Stroke<\/th>\n<td class=\"woocommerce-product-attributes-item__value\">40 mm<\/td>\n<\/tr>\n<tr class=\"woocommerce-product-attributes-item woocommerce-product-attributes-item--attribute_pa_body\">\n<th class=\"woocommerce-product-attributes-item__label\">Body<\/th>\n<td class=\"woocommerce-product-attributes-item__value\">Stainless Steel<\/td>\n<\/tr>\n<\/tbody>\n<\/table>\n<\/div>\n<p>\u0110\u1ea1i l\u00fd CAMOZZI vietnam, CAMOZZI viet nam, CAMOZZI vietnam distributor, Ph\u00e2n ph\u1ed1i CAMOZZI t\u1ea1i vi\u1ec7t nam<\/p>\n<p>\u0110\u1ea1i l\u00fd CAMOZZI vietnam, CAMOZZI viet nam, CAMOZZI vietnam distributor, Ph\u00e2n ph\u1ed1i CAMOZZI t\u1ea1i vi\u1ec7t nam<\/p>\n<p>\u0110\u1ea1i l\u00fd CAMOZZI vietnam, CAMOZZI viet nam, CAMOZZI vietnam distributor, Ph\u00e2n ph\u1ed1i CAMOZZI t\u1ea1i vi\u1ec7t nam<\/p>\n<p>&nbsp;<\/p>\n","protected":false},"excerpt":{"rendered":"<p>CAMOZZI 24N2A25A040<\/p>\n<div data-redactor=\"1\">\n<p>\u0110T:\u00a0<a title=\"Call\" href=\"tel:0937876353\">0937 876 353<\/a><br \/>\nFace. Zalo :\u00a0<a title=\"Call\" href=\"tel:0937876353\">0937 876 353<\/a><br \/>\n\u0110C: 28\/1\/16 \u0110\u01b0\u1eddng 16, P. Linh Chi\u1ec3u, TP. Th\u1ee7 \u0110\u1ee9c, TP. HCM<\/p>\n<\/div>\n<div data-redactor=\"1\">\n<p>Web :\u00a0<a href=\"https:\/\/omanivietnam.com\/\">https:\/\/omanivietnam.com<\/a><\/p>\n<\/div>\n","protected":false},"featured_media":4789,"comment_status":"open","ping_status":"closed","template":"","meta":[],"product_cat":[301],"product_tag":[96,97,98],"class_list":{"0":"post-743","1":"product","2":"type-product","3":"status-publish","4":"has-post-thumbnail","6":"product_cat-camozzi","7":"product_tag-camozzi-viet-nam","8":"product_tag-dai-ly-camozzi-viet-nam","9":"product_tag-xy-lanh-khi","11":"first","12":"instock","13":"shipping-taxable","14":"product-type-simple"},"yoast_head":"<!-- This site is optimized with the Yoast SEO plugin v22.8 - https:\/\/yoast.com\/wordpress\/plugins\/seo\/ -->\n<title>CAMOZZI 24N2A25A040 - OMANI VI\u1ec6T NAM<\/title>\n<meta name=\"description\" content=\"CAMOZZI 24N2A25A040 Cylinder\" \/>\n<meta name=\"robots\" content=\"index, follow, max-snippet:-1, max-image-preview:large, max-video-preview:-1\" \/>\n<link rel=\"canonical\" href=\"https:\/\/omanivietnam.com\/index.php\/san-pham\/camozzi-24n2a25a040\/\" \/>\n<meta property=\"og:locale\" content=\"vi_VN\" \/>\n<meta property=\"og:type\" content=\"article\" \/>\n<meta property=\"og:title\" content=\"CAMOZZI 24N2A25A040 - OMANI VI\u1ec6T NAM\" \/>\n<meta property=\"og:description\" content=\"CAMOZZI 24N2A25A040 Cylinder\" \/>\n<meta property=\"og:url\" content=\"https:\/\/omanivietnam.com\/index.php\/san-pham\/camozzi-24n2a25a040\/\" \/>\n<meta property=\"og:site_name\" content=\"OMANI VI\u1ec6T NAM\" \/>\n<meta property=\"article:modified_time\" content=\"2026-02-11T14:10:21+00:00\" \/>\n<meta property=\"og:image\" content=\"https:\/\/omanivietnam.com\/wp-content\/uploads\/2024\/06\/24N2A25A040-1.png\" \/>\n\t<meta property=\"og:image:width\" content=\"1494\" \/>\n\t<meta property=\"og:image:height\" content=\"758\" \/>\n\t<meta property=\"og:image:type\" content=\"image\/png\" \/>\n<meta name=\"twitter:card\" content=\"summary_large_image\" \/>\n<meta name=\"twitter:label1\" content=\"\u01af\u1edbc t\u00ednh th\u1eddi gian \u0111\u1ecdc\" \/>\n\t<meta name=\"twitter:data1\" content=\"1 ph\u00fat\" \/>\n<script type=\"application\/ld+json\" class=\"yoast-schema-graph\">{\"@context\":\"https:\/\/schema.org\",\"@graph\":[{\"@type\":\"WebPage\",\"@id\":\"https:\/\/omanivietnam.com\/index.php\/san-pham\/camozzi-24n2a25a040\/\",\"url\":\"https:\/\/omanivietnam.com\/index.php\/san-pham\/camozzi-24n2a25a040\/\",\"name\":\"CAMOZZI 24N2A25A040 - OMANI VI\u1ec6T NAM\",\"isPartOf\":{\"@id\":\"https:\/\/omanivietnam.com\/#website\"},\"primaryImageOfPage\":{\"@id\":\"https:\/\/omanivietnam.com\/index.php\/san-pham\/camozzi-24n2a25a040\/#primaryimage\"},\"image\":{\"@id\":\"https:\/\/omanivietnam.com\/index.php\/san-pham\/camozzi-24n2a25a040\/#primaryimage\"},\"thumbnailUrl\":\"https:\/\/omanivietnam.com\/wp-content\/uploads\/2024\/06\/24N2A25A040-1.png\",\"datePublished\":\"2024-06-14T16:40:11+00:00\",\"dateModified\":\"2026-02-11T14:10:21+00:00\",\"description\":\"CAMOZZI 24N2A25A040 Cylinder\",\"breadcrumb\":{\"@id\":\"https:\/\/omanivietnam.com\/index.php\/san-pham\/camozzi-24n2a25a040\/#breadcrumb\"},\"inLanguage\":\"vi\",\"potentialAction\":[{\"@type\":\"ReadAction\",\"target\":[\"https:\/\/omanivietnam.com\/index.php\/san-pham\/camozzi-24n2a25a040\/\"]}]},{\"@type\":\"ImageObject\",\"inLanguage\":\"vi\",\"@id\":\"https:\/\/omanivietnam.com\/index.php\/san-pham\/camozzi-24n2a25a040\/#primaryimage\",\"url\":\"https:\/\/omanivietnam.com\/wp-content\/uploads\/2024\/06\/24N2A25A040-1.png\",\"contentUrl\":\"https:\/\/omanivietnam.com\/wp-content\/uploads\/2024\/06\/24N2A25A040-1.png\",\"width\":1494,\"height\":758},{\"@type\":\"BreadcrumbList\",\"@id\":\"https:\/\/omanivietnam.com\/index.php\/san-pham\/camozzi-24n2a25a040\/#breadcrumb\",\"itemListElement\":[{\"@type\":\"ListItem\",\"position\":1,\"name\":\"Home\",\"item\":\"https:\/\/omanivietnam.com\/\"},{\"@type\":\"ListItem\",\"position\":2,\"name\":\"S\u1ea2N PH\u1ea8M\",\"item\":\"https:\/\/omanivietnam.com\/index.php\/cua-hang\/\"},{\"@type\":\"ListItem\",\"position\":3,\"name\":\"CAMOZZI 24N2A25A040\"}]},{\"@type\":\"WebSite\",\"@id\":\"https:\/\/omanivietnam.com\/#website\",\"url\":\"https:\/\/omanivietnam.com\/\",\"name\":\"OMANI VI\u1ec6T NAM\",\"description\":\"Nh\u00e0 ph\u00e2n ph\u1ed1i thi\u1ebft b\u1ecb kh\u00ed n\u00e9n v\u00e0 thi\u1ebft b\u1ecb t\u1ef1 \u0111\u1ed9ng h\u00f3a trong c\u00f4ng nghi\u1ec7p\",\"publisher\":{\"@id\":\"https:\/\/omanivietnam.com\/#\/schema\/person\/0ad398a980dc3fd696111c2c5c8fa897\"},\"potentialAction\":[{\"@type\":\"SearchAction\",\"target\":{\"@type\":\"EntryPoint\",\"urlTemplate\":\"https:\/\/omanivietnam.com\/?s={search_term_string}\"},\"query-input\":\"required name=search_term_string\"}],\"inLanguage\":\"vi\"},{\"@type\":[\"Person\",\"Organization\"],\"@id\":\"https:\/\/omanivietnam.com\/#\/schema\/person\/0ad398a980dc3fd696111c2c5c8fa897\",\"name\":\"Nguy\u1ec5n V\u0103n Kh\u00e1nh\",\"image\":{\"@type\":\"ImageObject\",\"inLanguage\":\"vi\",\"@id\":\"https:\/\/omanivietnam.com\/#\/schema\/person\/image\/\",\"url\":\"https:\/\/omanivietnam.com\/wp-content\/uploads\/2024\/06\/logo-1024x1024.png\",\"contentUrl\":\"https:\/\/omanivietnam.com\/wp-content\/uploads\/2024\/06\/logo-1024x1024.png\",\"width\":1024,\"height\":1024,\"caption\":\"Nguy\u1ec5n V\u0103n Kh\u00e1nh\"},\"logo\":{\"@id\":\"https:\/\/omanivietnam.com\/#\/schema\/person\/image\/\"},\"sameAs\":[\"https:\/\/omanivietnam.com\"]}]}<\/script>\n<!-- \/ Yoast SEO plugin. -->","yoast_head_json":{"title":"CAMOZZI 24N2A25A040 - OMANI VI\u1ec6T NAM","description":"CAMOZZI 24N2A25A040 Cylinder","robots":{"index":"index","follow":"follow","max-snippet":"max-snippet:-1","max-image-preview":"max-image-preview:large","max-video-preview":"max-video-preview:-1"},"canonical":"https:\/\/omanivietnam.com\/index.php\/san-pham\/camozzi-24n2a25a040\/","og_locale":"vi_VN","og_type":"article","og_title":"CAMOZZI 24N2A25A040 - OMANI VI\u1ec6T NAM","og_description":"CAMOZZI 24N2A25A040 Cylinder","og_url":"https:\/\/omanivietnam.com\/index.php\/san-pham\/camozzi-24n2a25a040\/","og_site_name":"OMANI VI\u1ec6T NAM","article_modified_time":"2026-02-11T14:10:21+00:00","og_image":[{"width":1494,"height":758,"url":"https:\/\/omanivietnam.com\/wp-content\/uploads\/2024\/06\/24N2A25A040-1.png","type":"image\/png"}],"twitter_card":"summary_large_image","twitter_misc":{"\u01af\u1edbc t\u00ednh th\u1eddi gian \u0111\u1ecdc":"1 ph\u00fat"},"schema":{"@context":"https:\/\/schema.org","@graph":[{"@type":"WebPage","@id":"https:\/\/omanivietnam.com\/index.php\/san-pham\/camozzi-24n2a25a040\/","url":"https:\/\/omanivietnam.com\/index.php\/san-pham\/camozzi-24n2a25a040\/","name":"CAMOZZI 24N2A25A040 - OMANI VI\u1ec6T NAM","isPartOf":{"@id":"https:\/\/omanivietnam.com\/#website"},"primaryImageOfPage":{"@id":"https:\/\/omanivietnam.com\/index.php\/san-pham\/camozzi-24n2a25a040\/#primaryimage"},"image":{"@id":"https:\/\/omanivietnam.com\/index.php\/san-pham\/camozzi-24n2a25a040\/#primaryimage"},"thumbnailUrl":"https:\/\/omanivietnam.com\/wp-content\/uploads\/2024\/06\/24N2A25A040-1.png","datePublished":"2024-06-14T16:40:11+00:00","dateModified":"2026-02-11T14:10:21+00:00","description":"CAMOZZI 24N2A25A040 Cylinder","breadcrumb":{"@id":"https:\/\/omanivietnam.com\/index.php\/san-pham\/camozzi-24n2a25a040\/#breadcrumb"},"inLanguage":"vi","potentialAction":[{"@type":"ReadAction","target":["https:\/\/omanivietnam.com\/index.php\/san-pham\/camozzi-24n2a25a040\/"]}]},{"@type":"ImageObject","inLanguage":"vi","@id":"https:\/\/omanivietnam.com\/index.php\/san-pham\/camozzi-24n2a25a040\/#primaryimage","url":"https:\/\/omanivietnam.com\/wp-content\/uploads\/2024\/06\/24N2A25A040-1.png","contentUrl":"https:\/\/omanivietnam.com\/wp-content\/uploads\/2024\/06\/24N2A25A040-1.png","width":1494,"height":758},{"@type":"BreadcrumbList","@id":"https:\/\/omanivietnam.com\/index.php\/san-pham\/camozzi-24n2a25a040\/#breadcrumb","itemListElement":[{"@type":"ListItem","position":1,"name":"Home","item":"https:\/\/omanivietnam.com\/"},{"@type":"ListItem","position":2,"name":"S\u1ea2N PH\u1ea8M","item":"https:\/\/omanivietnam.com\/index.php\/cua-hang\/"},{"@type":"ListItem","position":3,"name":"CAMOZZI 24N2A25A040"}]},{"@type":"WebSite","@id":"https:\/\/omanivietnam.com\/#website","url":"https:\/\/omanivietnam.com\/","name":"OMANI VI\u1ec6T NAM","description":"Nh\u00e0 ph\u00e2n ph\u1ed1i thi\u1ebft b\u1ecb kh\u00ed n\u00e9n v\u00e0 thi\u1ebft b\u1ecb t\u1ef1 \u0111\u1ed9ng h\u00f3a trong c\u00f4ng nghi\u1ec7p","publisher":{"@id":"https:\/\/omanivietnam.com\/#\/schema\/person\/0ad398a980dc3fd696111c2c5c8fa897"},"potentialAction":[{"@type":"SearchAction","target":{"@type":"EntryPoint","urlTemplate":"https:\/\/omanivietnam.com\/?s={search_term_string}"},"query-input":"required name=search_term_string"}],"inLanguage":"vi"},{"@type":["Person","Organization"],"@id":"https:\/\/omanivietnam.com\/#\/schema\/person\/0ad398a980dc3fd696111c2c5c8fa897","name":"Nguy\u1ec5n V\u0103n Kh\u00e1nh","image":{"@type":"ImageObject","inLanguage":"vi","@id":"https:\/\/omanivietnam.com\/#\/schema\/person\/image\/","url":"https:\/\/omanivietnam.com\/wp-content\/uploads\/2024\/06\/logo-1024x1024.png","contentUrl":"https:\/\/omanivietnam.com\/wp-content\/uploads\/2024\/06\/logo-1024x1024.png","width":1024,"height":1024,"caption":"Nguy\u1ec5n V\u0103n Kh\u00e1nh"},"logo":{"@id":"https:\/\/omanivietnam.com\/#\/schema\/person\/image\/"},"sameAs":["https:\/\/omanivietnam.com"]}]}},"_links":{"self":[{"href":"https:\/\/omanivietnam.com\/index.php\/wp-json\/wp\/v2\/product\/743","targetHints":{"allow":["GET"]}}],"collection":[{"href":"https:\/\/omanivietnam.com\/index.php\/wp-json\/wp\/v2\/product"}],"about":[{"href":"https:\/\/omanivietnam.com\/index.php\/wp-json\/wp\/v2\/types\/product"}],"replies":[{"embeddable":true,"href":"https:\/\/omanivietnam.com\/index.php\/wp-json\/wp\/v2\/comments?post=743"}],"wp:featuredmedia":[{"embeddable":true,"href":"https:\/\/omanivietnam.com\/index.php\/wp-json\/wp\/v2\/media\/4789"}],"wp:attachment":[{"href":"https:\/\/omanivietnam.com\/index.php\/wp-json\/wp\/v2\/media?parent=743"}],"wp:term":[{"taxonomy":"product_cat","embeddable":true,"href":"https:\/\/omanivietnam.com\/index.php\/wp-json\/wp\/v2\/product_cat?post=743"},{"taxonomy":"product_tag","embeddable":true,"href":"https:\/\/omanivietnam.com\/index.php\/wp-json\/wp\/v2\/product_tag?post=743"}],"curies":[{"name":"wp","href":"https:\/\/api.w.org\/{rel}","templated":true}]}}