{"id":745,"date":"2024-06-14T23:48:08","date_gmt":"2024-06-14T16:48:08","guid":{"rendered":"https:\/\/omanivietnam.com\/?post_type=product&#038;p=745"},"modified":"2024-08-10T21:43:00","modified_gmt":"2024-08-10T14:43:00","slug":"oriental-pk2913-e4-0a","status":"publish","type":"product","link":"https:\/\/omanivietnam.com\/index.php\/san-pham\/oriental-pk2913-e4-0a\/","title":{"rendered":"ORIENTAL PK2913-E4.0A"},"content":{"rendered":"<h3>ORIENTAL PK2913-E4.0A<\/h3>\n<h3>Description<\/h3>\n<ul>\n<li>PK2913E40A<\/li>\n<li>STEPPER MOTOR<\/li>\n<li>VEXTA<\/li>\n<li>2 PHASE<\/li>\n<li>ROUND SHAFT<\/li>\n<li>8 WIRE<\/li>\n<li>NO ENCODER<\/li>\n<li>SINGLE SHAFT<\/li>\n<\/ul>\n<h4>Specifications<\/h4>\n<div class=\"Specifications\">\n<table>\n<tbody>\n<tr>\n<th>Part #<\/th>\n<td>PK2913-E4.0A<\/td>\n<\/tr>\n<tr>\n<th>Category<\/th>\n<td>Motors\/GearBox\/Clutch<\/td>\n<\/tr>\n<tr>\n<th>Subcategory<\/th>\n<td>Motor<\/td>\n<\/tr>\n<\/tbody>\n<\/table>\n<\/div>\n<p>\u0110\u1ea1i l\u00fd ORIENTAL vietnam, ORIENTAL viet nam, ORIENTAL vietnam distributor, Ph\u00e2n ph\u1ed1i ORIENTAL t\u1ea1i vi\u1ec7t nam<\/p>\n<p>\u0110\u1ea1i l\u00fd ORIENTAL vietnam, ORIENTAL viet nam, ORIENTAL vietnam distributor, Ph\u00e2n ph\u1ed1i ORIENTAL t\u1ea1i vi\u1ec7t nam<\/p>\n<p>\u0110\u1ea1i l\u00fd ORIENTAL vietnam, ORIENTAL viet nam, ORIENTAL vietnam distributor, Ph\u00e2n ph\u1ed1i ORIENTAL t\u1ea1i vi\u1ec7t nam<\/p>\n<p>\u0110\u1ea1i l\u00fd ORIENTAL vietnam, ORIENTAL viet nam, ORIENTAL vietnam distributor, Ph\u00e2n ph\u1ed1i ORIENTAL t\u1ea1i vi\u1ec7t nam<\/p>\n<p>\u0110\u1ea1i l\u00fd ORIENTAL vietnam, ORIENTAL viet nam, ORIENTAL vietnam distributor, Ph\u00e2n ph\u1ed1i ORIENTAL t\u1ea1i vi\u1ec7t nam<\/p>\n","protected":false},"excerpt":{"rendered":"<p>ORIENTAL PK2913-E4.0A<\/p>\n<div data-redactor=\"1\">\n<p>\u0110T:\u00a0<a title=\"Call\" href=\"tel:0937876353\">0937 876 353<\/a><br \/>\nFace. Zalo :\u00a0<a title=\"Call\" href=\"tel:0937876353\">0937 876 353<\/a><br \/>\n\u0110C: 28\/1\/16 \u0110\u01b0\u1eddng 16, P. Linh Chi\u1ec3u, TP. Th\u1ee7 \u0110\u1ee9c, TP. HCM<\/p>\n<\/div>\n<div data-redactor=\"1\">\n<p>Web :\u00a0<a href=\"https:\/\/omanivietnam.com\/\">https:\/\/omanivietnam.com<\/a><\/p>\n<\/div>\n","protected":false},"featured_media":746,"comment_status":"open","ping_status":"closed","template":"","meta":[],"product_cat":[376],"product_tag":[119,120,118],"class_list":{"0":"post-745","1":"product","2":"type-product","3":"status-publish","4":"has-post-thumbnail","6":"product_cat-oriental","7":"product_tag-dai-ly-oriental-viet-nam","8":"product_tag-dong-co","9":"product_tag-oriental-viet-nam","11":"first","12":"instock","13":"shipping-taxable","14":"product-type-simple"},"yoast_head":"<!-- This site is optimized with the Yoast SEO plugin v22.8 - https:\/\/yoast.com\/wordpress\/plugins\/seo\/ -->\n<title>ORIENTAL PK2913-E4.0A - OMANI VI\u1ec6T NAM<\/title>\n<meta name=\"description\" content=\"PK2913-F4.0A, Stepper Motor On Oriental Motor. The standard PK series stepper motor offers balanced performance enhanced by high torque, low vibration and low noise.\" \/>\n<meta name=\"robots\" content=\"index, follow, max-snippet:-1, max-image-preview:large, max-video-preview:-1\" \/>\n<link rel=\"canonical\" href=\"https:\/\/omanivietnam.com\/index.php\/san-pham\/oriental-pk2913-e4-0a\/\" \/>\n<meta property=\"og:locale\" content=\"vi_VN\" \/>\n<meta property=\"og:type\" content=\"article\" \/>\n<meta property=\"og:title\" content=\"ORIENTAL PK2913-E4.0A - OMANI VI\u1ec6T NAM\" \/>\n<meta property=\"og:description\" content=\"PK2913-F4.0A, Stepper Motor On Oriental Motor. The standard PK series stepper motor offers balanced performance enhanced by high torque, low vibration and low noise.\" \/>\n<meta property=\"og:url\" content=\"https:\/\/omanivietnam.com\/index.php\/san-pham\/oriental-pk2913-e4-0a\/\" \/>\n<meta property=\"og:site_name\" content=\"OMANI VI\u1ec6T NAM\" \/>\n<meta property=\"article:modified_time\" content=\"2024-08-10T14:43:00+00:00\" \/>\n<meta property=\"og:image\" content=\"https:\/\/omanivietnam.com\/wp-content\/uploads\/2024\/06\/PK2913-E4.0A.png\" \/>\n\t<meta property=\"og:image:width\" content=\"543\" \/>\n\t<meta property=\"og:image:height\" content=\"667\" \/>\n\t<meta property=\"og:image:type\" content=\"image\/png\" \/>\n<meta name=\"twitter:card\" content=\"summary_large_image\" \/>\n<meta name=\"twitter:label1\" content=\"\u01af\u1edbc t\u00ednh th\u1eddi gian \u0111\u1ecdc\" \/>\n\t<meta name=\"twitter:data1\" content=\"1 ph\u00fat\" \/>\n<script type=\"application\/ld+json\" class=\"yoast-schema-graph\">{\"@context\":\"https:\/\/schema.org\",\"@graph\":[{\"@type\":\"WebPage\",\"@id\":\"https:\/\/omanivietnam.com\/index.php\/san-pham\/oriental-pk2913-e4-0a\/\",\"url\":\"https:\/\/omanivietnam.com\/index.php\/san-pham\/oriental-pk2913-e4-0a\/\",\"name\":\"ORIENTAL PK2913-E4.0A - OMANI VI\u1ec6T NAM\",\"isPartOf\":{\"@id\":\"https:\/\/omanivietnam.com\/#website\"},\"primaryImageOfPage\":{\"@id\":\"https:\/\/omanivietnam.com\/index.php\/san-pham\/oriental-pk2913-e4-0a\/#primaryimage\"},\"image\":{\"@id\":\"https:\/\/omanivietnam.com\/index.php\/san-pham\/oriental-pk2913-e4-0a\/#primaryimage\"},\"thumbnailUrl\":\"https:\/\/omanivietnam.com\/wp-content\/uploads\/2024\/06\/PK2913-E4.0A.png\",\"datePublished\":\"2024-06-14T16:48:08+00:00\",\"dateModified\":\"2024-08-10T14:43:00+00:00\",\"description\":\"PK2913-F4.0A, Stepper Motor On Oriental Motor. The standard PK series stepper motor offers balanced performance enhanced by high torque, low vibration and low noise.\",\"breadcrumb\":{\"@id\":\"https:\/\/omanivietnam.com\/index.php\/san-pham\/oriental-pk2913-e4-0a\/#breadcrumb\"},\"inLanguage\":\"vi\",\"potentialAction\":[{\"@type\":\"ReadAction\",\"target\":[\"https:\/\/omanivietnam.com\/index.php\/san-pham\/oriental-pk2913-e4-0a\/\"]}]},{\"@type\":\"ImageObject\",\"inLanguage\":\"vi\",\"@id\":\"https:\/\/omanivietnam.com\/index.php\/san-pham\/oriental-pk2913-e4-0a\/#primaryimage\",\"url\":\"https:\/\/omanivietnam.com\/wp-content\/uploads\/2024\/06\/PK2913-E4.0A.png\",\"contentUrl\":\"https:\/\/omanivietnam.com\/wp-content\/uploads\/2024\/06\/PK2913-E4.0A.png\",\"width\":543,\"height\":667},{\"@type\":\"BreadcrumbList\",\"@id\":\"https:\/\/omanivietnam.com\/index.php\/san-pham\/oriental-pk2913-e4-0a\/#breadcrumb\",\"itemListElement\":[{\"@type\":\"ListItem\",\"position\":1,\"name\":\"Home\",\"item\":\"https:\/\/omanivietnam.com\/\"},{\"@type\":\"ListItem\",\"position\":2,\"name\":\"S\u1ea2N PH\u1ea8M\",\"item\":\"https:\/\/omanivietnam.com\/index.php\/cua-hang\/\"},{\"@type\":\"ListItem\",\"position\":3,\"name\":\"ORIENTAL PK2913-E4.0A\"}]},{\"@type\":\"WebSite\",\"@id\":\"https:\/\/omanivietnam.com\/#website\",\"url\":\"https:\/\/omanivietnam.com\/\",\"name\":\"OMANI VI\u1ec6T NAM\",\"description\":\"Nh\u00e0 ph\u00e2n ph\u1ed1i thi\u1ebft b\u1ecb kh\u00ed n\u00e9n v\u00e0 thi\u1ebft b\u1ecb t\u1ef1 \u0111\u1ed9ng h\u00f3a trong c\u00f4ng nghi\u1ec7p\",\"publisher\":{\"@id\":\"https:\/\/omanivietnam.com\/#\/schema\/person\/0ad398a980dc3fd696111c2c5c8fa897\"},\"potentialAction\":[{\"@type\":\"SearchAction\",\"target\":{\"@type\":\"EntryPoint\",\"urlTemplate\":\"https:\/\/omanivietnam.com\/?s={search_term_string}\"},\"query-input\":\"required name=search_term_string\"}],\"inLanguage\":\"vi\"},{\"@type\":[\"Person\",\"Organization\"],\"@id\":\"https:\/\/omanivietnam.com\/#\/schema\/person\/0ad398a980dc3fd696111c2c5c8fa897\",\"name\":\"Nguy\u1ec5n V\u0103n Kh\u00e1nh\",\"image\":{\"@type\":\"ImageObject\",\"inLanguage\":\"vi\",\"@id\":\"https:\/\/omanivietnam.com\/#\/schema\/person\/image\/\",\"url\":\"https:\/\/omanivietnam.com\/wp-content\/uploads\/2024\/06\/logo-1024x1024.png\",\"contentUrl\":\"https:\/\/omanivietnam.com\/wp-content\/uploads\/2024\/06\/logo-1024x1024.png\",\"width\":1024,\"height\":1024,\"caption\":\"Nguy\u1ec5n V\u0103n Kh\u00e1nh\"},\"logo\":{\"@id\":\"https:\/\/omanivietnam.com\/#\/schema\/person\/image\/\"},\"sameAs\":[\"https:\/\/omanivietnam.com\"]}]}<\/script>\n<!-- \/ Yoast SEO plugin. -->","yoast_head_json":{"title":"ORIENTAL PK2913-E4.0A - OMANI VI\u1ec6T NAM","description":"PK2913-F4.0A, Stepper Motor On Oriental Motor. The standard PK series stepper motor offers balanced performance enhanced by high torque, low vibration and low noise.","robots":{"index":"index","follow":"follow","max-snippet":"max-snippet:-1","max-image-preview":"max-image-preview:large","max-video-preview":"max-video-preview:-1"},"canonical":"https:\/\/omanivietnam.com\/index.php\/san-pham\/oriental-pk2913-e4-0a\/","og_locale":"vi_VN","og_type":"article","og_title":"ORIENTAL PK2913-E4.0A - OMANI VI\u1ec6T NAM","og_description":"PK2913-F4.0A, Stepper Motor On Oriental Motor. The standard PK series stepper motor offers balanced performance enhanced by high torque, low vibration and low noise.","og_url":"https:\/\/omanivietnam.com\/index.php\/san-pham\/oriental-pk2913-e4-0a\/","og_site_name":"OMANI VI\u1ec6T NAM","article_modified_time":"2024-08-10T14:43:00+00:00","og_image":[{"width":543,"height":667,"url":"https:\/\/omanivietnam.com\/wp-content\/uploads\/2024\/06\/PK2913-E4.0A.png","type":"image\/png"}],"twitter_card":"summary_large_image","twitter_misc":{"\u01af\u1edbc t\u00ednh th\u1eddi gian \u0111\u1ecdc":"1 ph\u00fat"},"schema":{"@context":"https:\/\/schema.org","@graph":[{"@type":"WebPage","@id":"https:\/\/omanivietnam.com\/index.php\/san-pham\/oriental-pk2913-e4-0a\/","url":"https:\/\/omanivietnam.com\/index.php\/san-pham\/oriental-pk2913-e4-0a\/","name":"ORIENTAL PK2913-E4.0A - OMANI VI\u1ec6T NAM","isPartOf":{"@id":"https:\/\/omanivietnam.com\/#website"},"primaryImageOfPage":{"@id":"https:\/\/omanivietnam.com\/index.php\/san-pham\/oriental-pk2913-e4-0a\/#primaryimage"},"image":{"@id":"https:\/\/omanivietnam.com\/index.php\/san-pham\/oriental-pk2913-e4-0a\/#primaryimage"},"thumbnailUrl":"https:\/\/omanivietnam.com\/wp-content\/uploads\/2024\/06\/PK2913-E4.0A.png","datePublished":"2024-06-14T16:48:08+00:00","dateModified":"2024-08-10T14:43:00+00:00","description":"PK2913-F4.0A, Stepper Motor On Oriental Motor. The standard PK series stepper motor offers balanced performance enhanced by high torque, low vibration and low noise.","breadcrumb":{"@id":"https:\/\/omanivietnam.com\/index.php\/san-pham\/oriental-pk2913-e4-0a\/#breadcrumb"},"inLanguage":"vi","potentialAction":[{"@type":"ReadAction","target":["https:\/\/omanivietnam.com\/index.php\/san-pham\/oriental-pk2913-e4-0a\/"]}]},{"@type":"ImageObject","inLanguage":"vi","@id":"https:\/\/omanivietnam.com\/index.php\/san-pham\/oriental-pk2913-e4-0a\/#primaryimage","url":"https:\/\/omanivietnam.com\/wp-content\/uploads\/2024\/06\/PK2913-E4.0A.png","contentUrl":"https:\/\/omanivietnam.com\/wp-content\/uploads\/2024\/06\/PK2913-E4.0A.png","width":543,"height":667},{"@type":"BreadcrumbList","@id":"https:\/\/omanivietnam.com\/index.php\/san-pham\/oriental-pk2913-e4-0a\/#breadcrumb","itemListElement":[{"@type":"ListItem","position":1,"name":"Home","item":"https:\/\/omanivietnam.com\/"},{"@type":"ListItem","position":2,"name":"S\u1ea2N PH\u1ea8M","item":"https:\/\/omanivietnam.com\/index.php\/cua-hang\/"},{"@type":"ListItem","position":3,"name":"ORIENTAL PK2913-E4.0A"}]},{"@type":"WebSite","@id":"https:\/\/omanivietnam.com\/#website","url":"https:\/\/omanivietnam.com\/","name":"OMANI VI\u1ec6T NAM","description":"Nh\u00e0 ph\u00e2n ph\u1ed1i thi\u1ebft b\u1ecb kh\u00ed n\u00e9n v\u00e0 thi\u1ebft b\u1ecb t\u1ef1 \u0111\u1ed9ng h\u00f3a trong c\u00f4ng nghi\u1ec7p","publisher":{"@id":"https:\/\/omanivietnam.com\/#\/schema\/person\/0ad398a980dc3fd696111c2c5c8fa897"},"potentialAction":[{"@type":"SearchAction","target":{"@type":"EntryPoint","urlTemplate":"https:\/\/omanivietnam.com\/?s={search_term_string}"},"query-input":"required name=search_term_string"}],"inLanguage":"vi"},{"@type":["Person","Organization"],"@id":"https:\/\/omanivietnam.com\/#\/schema\/person\/0ad398a980dc3fd696111c2c5c8fa897","name":"Nguy\u1ec5n V\u0103n Kh\u00e1nh","image":{"@type":"ImageObject","inLanguage":"vi","@id":"https:\/\/omanivietnam.com\/#\/schema\/person\/image\/","url":"https:\/\/omanivietnam.com\/wp-content\/uploads\/2024\/06\/logo-1024x1024.png","contentUrl":"https:\/\/omanivietnam.com\/wp-content\/uploads\/2024\/06\/logo-1024x1024.png","width":1024,"height":1024,"caption":"Nguy\u1ec5n V\u0103n Kh\u00e1nh"},"logo":{"@id":"https:\/\/omanivietnam.com\/#\/schema\/person\/image\/"},"sameAs":["https:\/\/omanivietnam.com"]}]}},"_links":{"self":[{"href":"https:\/\/omanivietnam.com\/index.php\/wp-json\/wp\/v2\/product\/745","targetHints":{"allow":["GET"]}}],"collection":[{"href":"https:\/\/omanivietnam.com\/index.php\/wp-json\/wp\/v2\/product"}],"about":[{"href":"https:\/\/omanivietnam.com\/index.php\/wp-json\/wp\/v2\/types\/product"}],"replies":[{"embeddable":true,"href":"https:\/\/omanivietnam.com\/index.php\/wp-json\/wp\/v2\/comments?post=745"}],"wp:featuredmedia":[{"embeddable":true,"href":"https:\/\/omanivietnam.com\/index.php\/wp-json\/wp\/v2\/media\/746"}],"wp:attachment":[{"href":"https:\/\/omanivietnam.com\/index.php\/wp-json\/wp\/v2\/media?parent=745"}],"wp:term":[{"taxonomy":"product_cat","embeddable":true,"href":"https:\/\/omanivietnam.com\/index.php\/wp-json\/wp\/v2\/product_cat?post=745"},{"taxonomy":"product_tag","embeddable":true,"href":"https:\/\/omanivietnam.com\/index.php\/wp-json\/wp\/v2\/product_tag?post=745"}],"curies":[{"name":"wp","href":"https:\/\/api.w.org\/{rel}","templated":true}]}}