{"id":749,"date":"2024-06-15T20:50:52","date_gmt":"2024-06-15T13:50:52","guid":{"rendered":"https:\/\/omanivietnam.com\/?post_type=product&#038;p=749"},"modified":"2024-08-10T21:45:51","modified_gmt":"2024-08-10T14:45:51","slug":"omron-g9sa-301-ac-dc24","status":"publish","type":"product","link":"https:\/\/omanivietnam.com\/index.php\/san-pham\/omron-g9sa-301-ac-dc24\/","title":{"rendered":"OMRON G9SA-301 AC\/DC24"},"content":{"rendered":"<p>OMRON G9SA-301 AC\/DC24<\/p>\n<p>G9S-301 DC24<\/p>\n<p>G3PA-420B-VD-2<\/p>\n<p class=\"product-title product_title entry-title\">R\u01a1 le an to\u00e0n Omron G9SA-301 AC\/DC24V<\/p>\n<div class=\"price-wrapper\">\n<p class=\"price product-page-price \"><span class=\"woocommerce-Price-amount amount\">100<span class=\"woocommerce-Price-currencySymbol\">\u20ab<\/span><\/span><\/p>\n<\/div>\n<div class=\"product-short-description\">\n<ul>\n<li>\u0110i\u1ec7n \u00e1p cung c\u1ea5p: 24 VAC \/ VDC \u00a050\/60 Hz<\/li>\n<li>D\u1ea3i \u0111i\u1ec7n \u00e1p ho\u1ea1t \u0111\u1ed9ng: 85% \u0111\u1ebfn 110% \u0111i\u1ec7n \u00e1p ngu\u1ed3n \u0111\u1ecbnh m\u1ee9c<\/li>\n<li>Ti\u00eau th\u1ee5 \u0111i\u1ec7n n\u0103ng: 24 VAC \/ VDC: t\u1ed1i \u0111a 1,8 VA \/ 1,7 W.\u00a0100 \u0111\u1ebfn 240 VAC: t\u1ed1i \u0111a 9 VA.<\/li>\n<\/ul>\n<p>Th\u00f4ng s\u1ed1 k\u0129 thu\u1eadt G9SA-301<\/p>\n<ul>\n<li>\u0110i\u1ec7n \u00e1p cung c\u1ea5p: 24 VAC \/ VDC \u00a050\/60 Hz<\/li>\n<li>D\u1ea3i \u0111i\u1ec7n \u00e1p ho\u1ea1t \u0111\u1ed9ng: 85% \u0111\u1ebfn 110% \u0111i\u1ec7n \u00e1p ngu\u1ed3n \u0111\u1ecbnh m\u1ee9c<\/li>\n<li>Ti\u00eau th\u1ee5 \u0111i\u1ec7n n\u0103ng: 24 VAC \/ VDC: t\u1ed1i \u0111a 1,8 VA \/ 1,7 W.\u00a0100 \u0111\u1ebfn 240 VAC: t\u1ed1i \u0111a 9 VA.<\/li>\n<li>M\u00f4-men xo\u1eafn si\u1ebft ch\u1eb7t thi\u1ebft b\u1ecb \u0111\u1ea7u cu\u1ed1i : 0,98 Nm<\/li>\n<li>Tr\u1ecdng l\u01b0\u1ee3ng : Kho\u1ea3ng 210 g<\/li>\n<li>M\u00f4 h\u00ecnh 3 c\u1ef1c, m\u00f4 h\u00ecnh 5 c\u1ef1c v\u00e0 c\u00e1c m\u00f4 h\u00ecnh c\u00f3 3 c\u1ef1c v\u00e0 2 c\u1ef1c tr\u1ec5<\/li>\n<li>C\u0169ng c\u00f3 s\u1eb5n l\u00e0 c\u00e1c \u0111\u01a1n v\u1ecb m\u1edf r\u1ed9ng r\u1ed9ng 17,5 mm v\u1edbi 3 c\u1ef1c v\u00e0 3 c\u1ef1c tr\u1ec5.<\/li>\n<li>K\u1ebft n\u1ed1i m\u1edf r\u1ed9ng \u0111\u01a1n gi\u1ea3n.<\/li>\n<li>C\u00e1c ki\u1ec3u tr\u00ec ho\u00e3n OFF c\u00f3 c\u00e1c c\u00e0i \u0111\u1eb7t tr\u00ec ho\u00e3n OFF 15 b\u01b0\u1edbc.<\/li>\n<li>Tu\u00e2n th\u1ee7 EN ISO13849-1 (PLe \/ Lo\u1ea1i an to\u00e0n 4).<\/li>\n<li>C\u00f3 th\u1ec3 l\u1eafp c\u1ea3 r\u00e3nh DIN v\u00e0 l\u1eafp v\u00edt.<\/li>\n<\/ul>\n<p><img decoding=\"async\" src=\"http:\/\/www.ia.omron.com\/Images\/389_dm_113-112037.gif\" alt=\"G9SA-301\" \/><\/p>\n<\/div>\n<h1 class=\"m-h1\">Safety\/Relay Unit G9SA (G9SA-301 AC\/DC24)<\/h1>\n<p>[Features]<br \/>\n\u00b7 Small size, with an abundant series.<br \/>\n\u00b7 45\u00a0mm width, with an abundant variety of 3-pole. 5-pole, 3-pole + off delay 2-pole, 2 hand controllers.<br \/>\n\u00b7 We also offer 17.5\u00a0mm width 3-pole, off delay 3-pole expansion units.<br \/>\n\u00b7 Expansion units can be connected with a single action.<br \/>\n\u00b7 Off delay types can be set at 15 different time levels.<br \/>\n\u00b7 Certified ENISO13849-1 (PLe\/Safety Category 4).<br \/>\n\u00b7 Can be DIN rail mounted or screw mounted.<\/p>\n<table class=\"m-listTable\" summary=\"Price, Spec., etc.\">\n<tbody>\n<tr>\n<th>Representative Standard<\/th>\n<td>CE \/ UL \/ CCC \/ CSA<\/td>\n<th>Dimension height(mm)<\/th>\n<td>76<\/td>\n<\/tr>\n<tr>\n<th>Dimension width(mm)<\/th>\n<td>45<\/td>\n<th>Dimension depth(mm)<\/th>\n<td>111<\/td>\n<\/tr>\n<tr>\n<th>Classification<\/th>\n<td>Emergency Stop Unit<\/td>\n<th>Off delay time(Second)<\/th>\n<td>&#8211;<\/td>\n<\/tr>\n<tr>\n<th>Rated Voltage(V)<\/th>\n<td>AC\/DC24<\/td>\n<th>Reset Mode<\/th>\n<td>&#8211;<\/td>\n<\/tr>\n<tr class=\"VN_table-row\">\n<th>Input Type<\/th>\n<td>&#8211;<\/td>\n<th>&#8211;<\/th>\n<td>&#8211;<\/td>\n<\/tr>\n<\/tbody>\n<\/table>\n<p>&nbsp;<\/p>\n<p>\u0110\u1ea1i l\u00fd OMRON vietnam, OMRON viet nam, OMRON vietnam distributor, Ph\u00e2n ph\u1ed1i OMRON t\u1ea1i vi\u1ec7t nam<\/p>\n<p>\u0110\u1ea1i l\u00fd OMRON vietnam, OMRON viet nam, OMRON vietnam distributor, Ph\u00e2n ph\u1ed1i OMRON t\u1ea1i vi\u1ec7t nam<\/p>\n<p>\u0110\u1ea1i l\u00fd OMRON vietnam, OMRON viet nam, OMRON vietnam distributor, Ph\u00e2n ph\u1ed1i OMRON t\u1ea1i vi\u1ec7t nam<\/p>\n<p>\u0110\u1ea1i l\u00fd OMRON vietnam, OMRON viet nam, OMRON vietnam distributor, Ph\u00e2n ph\u1ed1i OMRON t\u1ea1i vi\u1ec7t nam<\/p>\n<p>\u0110\u1ea1i l\u00fd OMRON vietnam, OMRON viet nam, OMRON vietnam distributor, Ph\u00e2n ph\u1ed1i OMRON t\u1ea1i vi\u1ec7t nam<\/p>\n","protected":false},"excerpt":{"rendered":"<p>OMRON G9SA-301 AC\/DC24<\/p>\n<div data-redactor=\"1\">\n<p>\u0110T:\u00a0<a title=\"Call\" href=\"tel:0937876353\">0937 876 353<\/a><br \/>\nFace. Zalo :\u00a0<a title=\"Call\" href=\"tel:0937876353\">0937 876 353<\/a><br \/>\n\u0110C: 28\/1\/16 \u0110\u01b0\u1eddng 16, P. Linh Chi\u1ec3u, TP. Th\u1ee7 \u0110\u1ee9c, TP. HCM<\/p>\n<\/div>\n<div data-redactor=\"1\">\n<p>Web :\u00a0<a href=\"https:\/\/omanivietnam.com\/\">https:\/\/omanivietnam.com<\/a><\/p>\n<\/div>\n","protected":false},"featured_media":751,"comment_status":"open","ping_status":"closed","template":"","meta":[],"product_cat":[311],"product_tag":[105,104,161],"class_list":{"0":"post-749","1":"product","2":"type-product","3":"status-publish","4":"has-post-thumbnail","6":"product_cat-omron","7":"product_tag-dai-ly-omron-viet-nam","8":"product_tag-omron-viet-nam","9":"product_tag-ro-le","11":"first","12":"instock","13":"shipping-taxable","14":"product-type-simple"},"yoast_head":"<!-- This site is optimized with the Yoast SEO plugin v22.8 - https:\/\/yoast.com\/wordpress\/plugins\/seo\/ -->\n<title>OMRON G9SA-301 AC\/DC24 - OMANI VI\u1ec6T NAM<\/title>\n<meta name=\"description\" content=\"R\u01a1 le an to\u00e0n Omron G9SA-301 AC\/DC24V\" \/>\n<meta name=\"robots\" content=\"index, follow, max-snippet:-1, max-image-preview:large, max-video-preview:-1\" \/>\n<link rel=\"canonical\" href=\"https:\/\/omanivietnam.com\/index.php\/san-pham\/omron-g9sa-301-ac-dc24\/\" \/>\n<meta property=\"og:locale\" content=\"vi_VN\" \/>\n<meta property=\"og:type\" content=\"article\" \/>\n<meta property=\"og:title\" content=\"OMRON G9SA-301 AC\/DC24 - OMANI VI\u1ec6T NAM\" \/>\n<meta property=\"og:description\" content=\"R\u01a1 le an to\u00e0n Omron G9SA-301 AC\/DC24V\" \/>\n<meta property=\"og:url\" content=\"https:\/\/omanivietnam.com\/index.php\/san-pham\/omron-g9sa-301-ac-dc24\/\" \/>\n<meta property=\"og:site_name\" content=\"OMANI VI\u1ec6T NAM\" \/>\n<meta property=\"article:modified_time\" content=\"2024-08-10T14:45:51+00:00\" \/>\n<meta property=\"og:image\" content=\"https:\/\/omanivietnam.com\/wp-content\/uploads\/2024\/06\/G9SA-301.png\" \/>\n\t<meta property=\"og:image:width\" content=\"745\" \/>\n\t<meta property=\"og:image:height\" content=\"877\" \/>\n\t<meta property=\"og:image:type\" content=\"image\/png\" \/>\n<meta name=\"twitter:card\" content=\"summary_large_image\" \/>\n<meta name=\"twitter:label1\" content=\"\u01af\u1edbc t\u00ednh th\u1eddi gian \u0111\u1ecdc\" \/>\n\t<meta name=\"twitter:data1\" content=\"3 ph\u00fat\" \/>\n<script type=\"application\/ld+json\" class=\"yoast-schema-graph\">{\"@context\":\"https:\/\/schema.org\",\"@graph\":[{\"@type\":\"WebPage\",\"@id\":\"https:\/\/omanivietnam.com\/index.php\/san-pham\/omron-g9sa-301-ac-dc24\/\",\"url\":\"https:\/\/omanivietnam.com\/index.php\/san-pham\/omron-g9sa-301-ac-dc24\/\",\"name\":\"OMRON G9SA-301 AC\/DC24 - OMANI VI\u1ec6T NAM\",\"isPartOf\":{\"@id\":\"https:\/\/omanivietnam.com\/#website\"},\"primaryImageOfPage\":{\"@id\":\"https:\/\/omanivietnam.com\/index.php\/san-pham\/omron-g9sa-301-ac-dc24\/#primaryimage\"},\"image\":{\"@id\":\"https:\/\/omanivietnam.com\/index.php\/san-pham\/omron-g9sa-301-ac-dc24\/#primaryimage\"},\"thumbnailUrl\":\"https:\/\/omanivietnam.com\/wp-content\/uploads\/2024\/06\/G9SA-301.png\",\"datePublished\":\"2024-06-15T13:50:52+00:00\",\"dateModified\":\"2024-08-10T14:45:51+00:00\",\"description\":\"R\u01a1 le an to\u00e0n Omron G9SA-301 AC\/DC24V\",\"breadcrumb\":{\"@id\":\"https:\/\/omanivietnam.com\/index.php\/san-pham\/omron-g9sa-301-ac-dc24\/#breadcrumb\"},\"inLanguage\":\"vi\",\"potentialAction\":[{\"@type\":\"ReadAction\",\"target\":[\"https:\/\/omanivietnam.com\/index.php\/san-pham\/omron-g9sa-301-ac-dc24\/\"]}]},{\"@type\":\"ImageObject\",\"inLanguage\":\"vi\",\"@id\":\"https:\/\/omanivietnam.com\/index.php\/san-pham\/omron-g9sa-301-ac-dc24\/#primaryimage\",\"url\":\"https:\/\/omanivietnam.com\/wp-content\/uploads\/2024\/06\/G9SA-301.png\",\"contentUrl\":\"https:\/\/omanivietnam.com\/wp-content\/uploads\/2024\/06\/G9SA-301.png\",\"width\":745,\"height\":877},{\"@type\":\"BreadcrumbList\",\"@id\":\"https:\/\/omanivietnam.com\/index.php\/san-pham\/omron-g9sa-301-ac-dc24\/#breadcrumb\",\"itemListElement\":[{\"@type\":\"ListItem\",\"position\":1,\"name\":\"Home\",\"item\":\"https:\/\/omanivietnam.com\/\"},{\"@type\":\"ListItem\",\"position\":2,\"name\":\"S\u1ea2N PH\u1ea8M\",\"item\":\"https:\/\/omanivietnam.com\/index.php\/cua-hang\/\"},{\"@type\":\"ListItem\",\"position\":3,\"name\":\"OMRON G9SA-301 AC\/DC24\"}]},{\"@type\":\"WebSite\",\"@id\":\"https:\/\/omanivietnam.com\/#website\",\"url\":\"https:\/\/omanivietnam.com\/\",\"name\":\"OMANI VI\u1ec6T NAM\",\"description\":\"Nh\u00e0 ph\u00e2n ph\u1ed1i thi\u1ebft b\u1ecb kh\u00ed n\u00e9n v\u00e0 thi\u1ebft b\u1ecb t\u1ef1 \u0111\u1ed9ng h\u00f3a trong c\u00f4ng nghi\u1ec7p\",\"publisher\":{\"@id\":\"https:\/\/omanivietnam.com\/#\/schema\/person\/0ad398a980dc3fd696111c2c5c8fa897\"},\"potentialAction\":[{\"@type\":\"SearchAction\",\"target\":{\"@type\":\"EntryPoint\",\"urlTemplate\":\"https:\/\/omanivietnam.com\/?s={search_term_string}\"},\"query-input\":\"required name=search_term_string\"}],\"inLanguage\":\"vi\"},{\"@type\":[\"Person\",\"Organization\"],\"@id\":\"https:\/\/omanivietnam.com\/#\/schema\/person\/0ad398a980dc3fd696111c2c5c8fa897\",\"name\":\"Nguy\u1ec5n V\u0103n Kh\u00e1nh\",\"image\":{\"@type\":\"ImageObject\",\"inLanguage\":\"vi\",\"@id\":\"https:\/\/omanivietnam.com\/#\/schema\/person\/image\/\",\"url\":\"https:\/\/omanivietnam.com\/wp-content\/uploads\/2024\/06\/logo-1024x1024.png\",\"contentUrl\":\"https:\/\/omanivietnam.com\/wp-content\/uploads\/2024\/06\/logo-1024x1024.png\",\"width\":1024,\"height\":1024,\"caption\":\"Nguy\u1ec5n V\u0103n Kh\u00e1nh\"},\"logo\":{\"@id\":\"https:\/\/omanivietnam.com\/#\/schema\/person\/image\/\"},\"sameAs\":[\"https:\/\/omanivietnam.com\"]}]}<\/script>\n<!-- \/ Yoast SEO plugin. -->","yoast_head_json":{"title":"OMRON G9SA-301 AC\/DC24 - OMANI VI\u1ec6T NAM","description":"R\u01a1 le an to\u00e0n Omron G9SA-301 AC\/DC24V","robots":{"index":"index","follow":"follow","max-snippet":"max-snippet:-1","max-image-preview":"max-image-preview:large","max-video-preview":"max-video-preview:-1"},"canonical":"https:\/\/omanivietnam.com\/index.php\/san-pham\/omron-g9sa-301-ac-dc24\/","og_locale":"vi_VN","og_type":"article","og_title":"OMRON G9SA-301 AC\/DC24 - OMANI VI\u1ec6T NAM","og_description":"R\u01a1 le an to\u00e0n Omron G9SA-301 AC\/DC24V","og_url":"https:\/\/omanivietnam.com\/index.php\/san-pham\/omron-g9sa-301-ac-dc24\/","og_site_name":"OMANI VI\u1ec6T NAM","article_modified_time":"2024-08-10T14:45:51+00:00","og_image":[{"width":745,"height":877,"url":"https:\/\/omanivietnam.com\/wp-content\/uploads\/2024\/06\/G9SA-301.png","type":"image\/png"}],"twitter_card":"summary_large_image","twitter_misc":{"\u01af\u1edbc t\u00ednh th\u1eddi gian \u0111\u1ecdc":"3 ph\u00fat"},"schema":{"@context":"https:\/\/schema.org","@graph":[{"@type":"WebPage","@id":"https:\/\/omanivietnam.com\/index.php\/san-pham\/omron-g9sa-301-ac-dc24\/","url":"https:\/\/omanivietnam.com\/index.php\/san-pham\/omron-g9sa-301-ac-dc24\/","name":"OMRON G9SA-301 AC\/DC24 - OMANI VI\u1ec6T NAM","isPartOf":{"@id":"https:\/\/omanivietnam.com\/#website"},"primaryImageOfPage":{"@id":"https:\/\/omanivietnam.com\/index.php\/san-pham\/omron-g9sa-301-ac-dc24\/#primaryimage"},"image":{"@id":"https:\/\/omanivietnam.com\/index.php\/san-pham\/omron-g9sa-301-ac-dc24\/#primaryimage"},"thumbnailUrl":"https:\/\/omanivietnam.com\/wp-content\/uploads\/2024\/06\/G9SA-301.png","datePublished":"2024-06-15T13:50:52+00:00","dateModified":"2024-08-10T14:45:51+00:00","description":"R\u01a1 le an to\u00e0n Omron G9SA-301 AC\/DC24V","breadcrumb":{"@id":"https:\/\/omanivietnam.com\/index.php\/san-pham\/omron-g9sa-301-ac-dc24\/#breadcrumb"},"inLanguage":"vi","potentialAction":[{"@type":"ReadAction","target":["https:\/\/omanivietnam.com\/index.php\/san-pham\/omron-g9sa-301-ac-dc24\/"]}]},{"@type":"ImageObject","inLanguage":"vi","@id":"https:\/\/omanivietnam.com\/index.php\/san-pham\/omron-g9sa-301-ac-dc24\/#primaryimage","url":"https:\/\/omanivietnam.com\/wp-content\/uploads\/2024\/06\/G9SA-301.png","contentUrl":"https:\/\/omanivietnam.com\/wp-content\/uploads\/2024\/06\/G9SA-301.png","width":745,"height":877},{"@type":"BreadcrumbList","@id":"https:\/\/omanivietnam.com\/index.php\/san-pham\/omron-g9sa-301-ac-dc24\/#breadcrumb","itemListElement":[{"@type":"ListItem","position":1,"name":"Home","item":"https:\/\/omanivietnam.com\/"},{"@type":"ListItem","position":2,"name":"S\u1ea2N PH\u1ea8M","item":"https:\/\/omanivietnam.com\/index.php\/cua-hang\/"},{"@type":"ListItem","position":3,"name":"OMRON G9SA-301 AC\/DC24"}]},{"@type":"WebSite","@id":"https:\/\/omanivietnam.com\/#website","url":"https:\/\/omanivietnam.com\/","name":"OMANI VI\u1ec6T NAM","description":"Nh\u00e0 ph\u00e2n ph\u1ed1i thi\u1ebft b\u1ecb kh\u00ed n\u00e9n v\u00e0 thi\u1ebft b\u1ecb t\u1ef1 \u0111\u1ed9ng h\u00f3a trong c\u00f4ng nghi\u1ec7p","publisher":{"@id":"https:\/\/omanivietnam.com\/#\/schema\/person\/0ad398a980dc3fd696111c2c5c8fa897"},"potentialAction":[{"@type":"SearchAction","target":{"@type":"EntryPoint","urlTemplate":"https:\/\/omanivietnam.com\/?s={search_term_string}"},"query-input":"required name=search_term_string"}],"inLanguage":"vi"},{"@type":["Person","Organization"],"@id":"https:\/\/omanivietnam.com\/#\/schema\/person\/0ad398a980dc3fd696111c2c5c8fa897","name":"Nguy\u1ec5n V\u0103n Kh\u00e1nh","image":{"@type":"ImageObject","inLanguage":"vi","@id":"https:\/\/omanivietnam.com\/#\/schema\/person\/image\/","url":"https:\/\/omanivietnam.com\/wp-content\/uploads\/2024\/06\/logo-1024x1024.png","contentUrl":"https:\/\/omanivietnam.com\/wp-content\/uploads\/2024\/06\/logo-1024x1024.png","width":1024,"height":1024,"caption":"Nguy\u1ec5n V\u0103n Kh\u00e1nh"},"logo":{"@id":"https:\/\/omanivietnam.com\/#\/schema\/person\/image\/"},"sameAs":["https:\/\/omanivietnam.com"]}]}},"_links":{"self":[{"href":"https:\/\/omanivietnam.com\/index.php\/wp-json\/wp\/v2\/product\/749","targetHints":{"allow":["GET"]}}],"collection":[{"href":"https:\/\/omanivietnam.com\/index.php\/wp-json\/wp\/v2\/product"}],"about":[{"href":"https:\/\/omanivietnam.com\/index.php\/wp-json\/wp\/v2\/types\/product"}],"replies":[{"embeddable":true,"href":"https:\/\/omanivietnam.com\/index.php\/wp-json\/wp\/v2\/comments?post=749"}],"wp:featuredmedia":[{"embeddable":true,"href":"https:\/\/omanivietnam.com\/index.php\/wp-json\/wp\/v2\/media\/751"}],"wp:attachment":[{"href":"https:\/\/omanivietnam.com\/index.php\/wp-json\/wp\/v2\/media?parent=749"}],"wp:term":[{"taxonomy":"product_cat","embeddable":true,"href":"https:\/\/omanivietnam.com\/index.php\/wp-json\/wp\/v2\/product_cat?post=749"},{"taxonomy":"product_tag","embeddable":true,"href":"https:\/\/omanivietnam.com\/index.php\/wp-json\/wp\/v2\/product_tag?post=749"}],"curies":[{"name":"wp","href":"https:\/\/api.w.org\/{rel}","templated":true}]}}