{"id":758,"date":"2024-06-15T21:29:05","date_gmt":"2024-06-15T14:29:05","guid":{"rendered":"https:\/\/omanivietnam.com\/?post_type=product&#038;p=758"},"modified":"2026-02-18T21:01:00","modified_gmt":"2026-02-18T14:01:00","slug":"panasonic-mddkt3530e","status":"publish","type":"product","link":"https:\/\/omanivietnam.com\/index.php\/san-pham\/panasonic-mddkt3530e\/","title":{"rendered":"PANASONIC MDDKT3530E"},"content":{"rendered":"<p>PANASONIC MDDKT3530E<\/p>\n<p class=\"detail_h1\">MDDKT3530E | MINAS A5 Family Servo Driver<\/p>\n<table class=\"spec_table\" cellspacing=\"1\" cellpadding=\"0\">\n<tbody>\n<tr>\n<th>Item<\/th>\n<th>Specifications<\/th>\n<\/tr>\n<tr>\n<td class=\"spec_table_td_01 spec_table_td_left\">Part Number<\/td>\n<td class=\"spec_table_td_01\">MDDKT3530E<\/td>\n<\/tr>\n<tr>\n<td class=\"spec_table_td_02 spec_table_td_left\">Details<\/td>\n<td class=\"spec_table_td_02\">A5\u2161E series<br \/>\nPosition control type<br \/>\nwithout the safety function<\/td>\n<\/tr>\n<tr>\n<td class=\"spec_table_td_01 spec_table_td_left\">Family Name<\/td>\n<td class=\"spec_table_td_01\">MINAS A5<\/td>\n<\/tr>\n<tr>\n<td class=\"spec_table_td_02 spec_table_td_left\">Series<\/td>\n<td class=\"spec_table_td_02\">A5\u2161E series<\/td>\n<\/tr>\n<tr>\n<td class=\"spec_table_td_01 spec_table_td_left\">Type<\/td>\n<td class=\"spec_table_td_01\">Position control type<\/td>\n<\/tr>\n<tr>\n<td class=\"spec_table_td_02 spec_table_td_left\">Frame<\/td>\n<td class=\"spec_table_td_02\">D-Frame<\/td>\n<\/tr>\n<tr>\n<td class=\"spec_table_td_01 spec_table_td_left\">Frequency response (kHz)<\/td>\n<td class=\"spec_table_td_01\">2.3<\/td>\n<\/tr>\n<tr>\n<td class=\"spec_table_td_02 spec_table_td_left\">Control method<\/td>\n<td class=\"spec_table_td_02\">Position control<\/td>\n<\/tr>\n<tr>\n<td class=\"spec_table_td_01 spec_table_td_left\">Safety Function<\/td>\n<td class=\"spec_table_td_01\">without<\/td>\n<\/tr>\n<tr>\n<td class=\"spec_table_td_02 spec_table_td_left\">Power device Max. current rating<\/td>\n<td class=\"spec_table_td_02\">30A<\/td>\n<\/tr>\n<tr>\n<td class=\"spec_table_td_01 spec_table_td_left\">Current detector current rating<\/td>\n<td class=\"spec_table_td_01\">30A<\/td>\n<\/tr>\n<tr>\n<td class=\"spec_table_td_02 spec_table_td_left\">Supply voltage<\/td>\n<td class=\"spec_table_td_02\">Single\/3-phase 200 V<\/td>\n<\/tr>\n<tr>\n<td class=\"spec_table_td_01 spec_table_td_left\">I\/F Classification of type<\/td>\n<td class=\"spec_table_td_01\">Pulse train only<\/td>\n<\/tr>\n<tr>\n<td class=\"spec_table_td_02 spec_table_td_left\">Dimensions (W) (Unit: mm)<\/td>\n<td class=\"spec_table_td_02\">86<\/td>\n<\/tr>\n<tr>\n<td class=\"spec_table_td_01 spec_table_td_left\">Dimensions (H) (Unit: mm)<\/td>\n<td class=\"spec_table_td_01\">150<\/td>\n<\/tr>\n<tr>\n<td class=\"spec_table_td_02 spec_table_td_left\">Dimensions (D) (Unit: mm)<\/td>\n<td class=\"spec_table_td_02\">170<\/td>\n<\/tr>\n<tr>\n<td class=\"spec_table_td_01 spec_table_td_left\">Mass (kg)<\/td>\n<td class=\"spec_table_td_01\">1.8<\/td>\n<\/tr>\n<tr>\n<td class=\"spec_table_td_02 spec_table_td_left\">Environment<\/td>\n<td class=\"spec_table_td_02\">For more details, please refer to the instruction manual.<\/td>\n<\/tr>\n<\/tbody>\n<\/table>\n<p>&nbsp;<\/p>\n<h3 class=\"HeadingC1\">Basic Specifications<\/h3>\n<table class=\"spec_table\" cellspacing=\"1\" cellpadding=\"0\">\n<tbody>\n<tr>\n<th>Item<\/th>\n<th>Specifications<\/th>\n<\/tr>\n<tr>\n<td class=\"spec_table_td_01 spec_table_td_left\">Input power: Main circuit<\/td>\n<td class=\"spec_table_td_01\">Single\/3-phase 200 V (+10% -15%) to 240 V (+10% -15%) 50\/60 Hz<\/td>\n<\/tr>\n<tr>\n<td class=\"spec_table_td_02 spec_table_td_left\">Input power: Control circuit<\/td>\n<td class=\"spec_table_td_02\">Single phase 200 V (+10% -15%) to 240 V (+10% -15%) 50\/60 Hz<\/td>\n<\/tr>\n<tr>\n<td class=\"spec_table_td_01 spec_table_td_left\">Encoder feedback<\/td>\n<td class=\"spec_table_td_01\">20-bit (1048576 resolution) incremental encoder, 5-wire serial<\/td>\n<\/tr>\n<tr>\n<td class=\"spec_table_td_02 spec_table_td_left\">Parallel I\/O connector:<br \/>\nControl signal Input<\/td>\n<td class=\"spec_table_td_02\">General purpose 10 inputs<br \/>\nThe function of general-purpose input is selected by parameters.<\/td>\n<\/tr>\n<tr>\n<td class=\"spec_table_td_01 spec_table_td_left\">Parallel I\/O connector:<br \/>\nControl signal Output<\/td>\n<td class=\"spec_table_td_01\">General purpose 6 output<br \/>\nThe function of general-purpose output is selected by parameters.<\/td>\n<\/tr>\n<tr>\n<td class=\"spec_table_td_02 spec_table_td_left\">Parallel I\/O connector:<br \/>\nAnalog signal Output<\/td>\n<td class=\"spec_table_td_02\">2 outputs (Analog monitor: 2 output)<\/td>\n<\/tr>\n<tr>\n<td class=\"spec_table_td_01 spec_table_td_left\">Parallel I\/O connector:<br \/>\nPulse signal Input<\/td>\n<td class=\"spec_table_td_01\">2 inputs (Photo-coupler input, Line receiver input)<\/td>\n<\/tr>\n<tr>\n<td class=\"spec_table_td_02 spec_table_td_left\">Parallel I\/O connector:<br \/>\nPulse signal Output<\/td>\n<td class=\"spec_table_td_02\">4 outputs (Line driver: 3 output, open collector: 1 output)<\/td>\n<\/tr>\n<tr>\n<td class=\"spec_table_td_01 spec_table_td_left\">Communication function<\/td>\n<td class=\"spec_table_td_01\">USB<\/td>\n<\/tr>\n<tr>\n<td class=\"spec_table_td_02 spec_table_td_left\">Communication function: USB<\/td>\n<td class=\"spec_table_td_02\">USB interface to connect to computers for parameter setting or status monitoring.<\/td>\n<\/tr>\n<tr>\n<td class=\"spec_table_td_01 spec_table_td_left\">Regeneration<\/td>\n<td class=\"spec_table_td_01\">Built-in regenerative resistor (external resistor is also enabled.)<\/td>\n<\/tr>\n<tr>\n<td class=\"spec_table_td_02 spec_table_td_left\">Control mode<\/td>\n<td class=\"spec_table_td_02\">Switching among the following 3 mode is enabled,<br \/>\n(1) Position control, (2) Internal velocity command, (3) Position\/Internal velocity command<\/td>\n<\/tr>\n<\/tbody>\n<\/table>\n<p>&nbsp;<\/p>\n<p>\u0110\u1ea1i l\u00fd Panasonic vietnam, Panasonic viet nam, Panasonic vietnam distributor, Ph\u00e2n ph\u1ed1i Panasonic t\u1ea1i vi\u1ec7t nam<\/p>\n<p>\u0110\u1ea1i l\u00fd Panasonic vietnam, Panasonic viet nam, Panasonic vietnam distributor, Ph\u00e2n ph\u1ed1i Panasonic t\u1ea1i vi\u1ec7t nam<\/p>\n<p>\u0110\u1ea1i l\u00fd Panasonic vietnam, Panasonic viet nam, Panasonic vietnam distributor, Ph\u00e2n ph\u1ed1i Panasonic t\u1ea1i vi\u1ec7t nam<\/p>\n<p>&nbsp;<\/p>\n","protected":false},"excerpt":{"rendered":"<p>PANASONIC MDDKT3530E<\/p>\n<div data-redactor=\"1\">\n<p>\u0110T:\u00a0<a title=\"Call\" href=\"tel:0937876353\">0937 876 353<\/a><br \/>\nFace. Zalo :\u00a0<a title=\"Call\" href=\"tel:0937876353\">0937 876 353<\/a><br \/>\n\u0110C: 28\/1\/16 \u0110\u01b0\u1eddng 16, P. Linh Chi\u1ec3u, TP. Th\u1ee7 \u0110\u1ee9c, TP. HCM<\/p>\n<\/div>\n<div data-redactor=\"1\">\n<p>Web :\u00a0<a href=\"https:\/\/omanivietnam.com\/\">https:\/\/omanivietnam.com<\/a><\/p>\n<\/div>\n","protected":false},"featured_media":759,"comment_status":"open","ping_status":"closed","template":"","meta":[],"product_cat":[298],"product_tag":[167,86,87],"class_list":{"0":"post-758","1":"product","2":"type-product","3":"status-publish","4":"has-post-thumbnail","6":"product_cat-panasonic","7":"product_tag-bo-dieu-khien","8":"product_tag-dai-ly-panasonic-viet-nam","9":"product_tag-panasonic-viet-nam","11":"first","12":"instock","13":"shipping-taxable","14":"product-type-simple"},"yoast_head":"<!-- This site is optimized with the Yoast SEO plugin v22.8 - https:\/\/yoast.com\/wordpress\/plugins\/seo\/ -->\n<title>PANASONIC MDDKT3530E - OMANI VI\u1ec6T NAM<\/title>\n<meta name=\"description\" content=\"PANASONIC MDDKT3530E Servo Driver\" \/>\n<meta name=\"robots\" content=\"index, follow, max-snippet:-1, max-image-preview:large, max-video-preview:-1\" \/>\n<link rel=\"canonical\" href=\"https:\/\/omanivietnam.com\/index.php\/san-pham\/panasonic-mddkt3530e\/\" \/>\n<meta property=\"og:locale\" content=\"vi_VN\" \/>\n<meta property=\"og:type\" content=\"article\" \/>\n<meta property=\"og:title\" content=\"PANASONIC MDDKT3530E - OMANI VI\u1ec6T NAM\" \/>\n<meta property=\"og:description\" content=\"PANASONIC MDDKT3530E Servo Driver\" \/>\n<meta property=\"og:url\" content=\"https:\/\/omanivietnam.com\/index.php\/san-pham\/panasonic-mddkt3530e\/\" \/>\n<meta property=\"og:site_name\" content=\"OMANI VI\u1ec6T NAM\" \/>\n<meta property=\"article:modified_time\" content=\"2026-02-18T14:01:00+00:00\" \/>\n<meta property=\"og:image\" content=\"https:\/\/omanivietnam.com\/wp-content\/uploads\/2024\/06\/MDDKT3530E.png\" \/>\n\t<meta property=\"og:image:width\" content=\"604\" \/>\n\t<meta property=\"og:image:height\" content=\"536\" \/>\n\t<meta property=\"og:image:type\" content=\"image\/png\" \/>\n<meta name=\"twitter:card\" content=\"summary_large_image\" \/>\n<meta name=\"twitter:label1\" content=\"\u01af\u1edbc t\u00ednh th\u1eddi gian \u0111\u1ecdc\" \/>\n\t<meta name=\"twitter:data1\" content=\"2 ph\u00fat\" \/>\n<script type=\"application\/ld+json\" class=\"yoast-schema-graph\">{\"@context\":\"https:\/\/schema.org\",\"@graph\":[{\"@type\":\"WebPage\",\"@id\":\"https:\/\/omanivietnam.com\/index.php\/san-pham\/panasonic-mddkt3530e\/\",\"url\":\"https:\/\/omanivietnam.com\/index.php\/san-pham\/panasonic-mddkt3530e\/\",\"name\":\"PANASONIC MDDKT3530E - OMANI VI\u1ec6T NAM\",\"isPartOf\":{\"@id\":\"https:\/\/omanivietnam.com\/#website\"},\"primaryImageOfPage\":{\"@id\":\"https:\/\/omanivietnam.com\/index.php\/san-pham\/panasonic-mddkt3530e\/#primaryimage\"},\"image\":{\"@id\":\"https:\/\/omanivietnam.com\/index.php\/san-pham\/panasonic-mddkt3530e\/#primaryimage\"},\"thumbnailUrl\":\"https:\/\/omanivietnam.com\/wp-content\/uploads\/2024\/06\/MDDKT3530E.png\",\"datePublished\":\"2024-06-15T14:29:05+00:00\",\"dateModified\":\"2026-02-18T14:01:00+00:00\",\"description\":\"PANASONIC MDDKT3530E Servo Driver\",\"breadcrumb\":{\"@id\":\"https:\/\/omanivietnam.com\/index.php\/san-pham\/panasonic-mddkt3530e\/#breadcrumb\"},\"inLanguage\":\"vi\",\"potentialAction\":[{\"@type\":\"ReadAction\",\"target\":[\"https:\/\/omanivietnam.com\/index.php\/san-pham\/panasonic-mddkt3530e\/\"]}]},{\"@type\":\"ImageObject\",\"inLanguage\":\"vi\",\"@id\":\"https:\/\/omanivietnam.com\/index.php\/san-pham\/panasonic-mddkt3530e\/#primaryimage\",\"url\":\"https:\/\/omanivietnam.com\/wp-content\/uploads\/2024\/06\/MDDKT3530E.png\",\"contentUrl\":\"https:\/\/omanivietnam.com\/wp-content\/uploads\/2024\/06\/MDDKT3530E.png\",\"width\":604,\"height\":536},{\"@type\":\"BreadcrumbList\",\"@id\":\"https:\/\/omanivietnam.com\/index.php\/san-pham\/panasonic-mddkt3530e\/#breadcrumb\",\"itemListElement\":[{\"@type\":\"ListItem\",\"position\":1,\"name\":\"Home\",\"item\":\"https:\/\/omanivietnam.com\/\"},{\"@type\":\"ListItem\",\"position\":2,\"name\":\"S\u1ea2N PH\u1ea8M\",\"item\":\"https:\/\/omanivietnam.com\/index.php\/cua-hang\/\"},{\"@type\":\"ListItem\",\"position\":3,\"name\":\"PANASONIC MDDKT3530E\"}]},{\"@type\":\"WebSite\",\"@id\":\"https:\/\/omanivietnam.com\/#website\",\"url\":\"https:\/\/omanivietnam.com\/\",\"name\":\"OMANI VI\u1ec6T NAM\",\"description\":\"Nh\u00e0 ph\u00e2n ph\u1ed1i thi\u1ebft b\u1ecb kh\u00ed n\u00e9n v\u00e0 thi\u1ebft b\u1ecb t\u1ef1 \u0111\u1ed9ng h\u00f3a trong c\u00f4ng nghi\u1ec7p\",\"publisher\":{\"@id\":\"https:\/\/omanivietnam.com\/#\/schema\/person\/0ad398a980dc3fd696111c2c5c8fa897\"},\"potentialAction\":[{\"@type\":\"SearchAction\",\"target\":{\"@type\":\"EntryPoint\",\"urlTemplate\":\"https:\/\/omanivietnam.com\/?s={search_term_string}\"},\"query-input\":\"required name=search_term_string\"}],\"inLanguage\":\"vi\"},{\"@type\":[\"Person\",\"Organization\"],\"@id\":\"https:\/\/omanivietnam.com\/#\/schema\/person\/0ad398a980dc3fd696111c2c5c8fa897\",\"name\":\"Nguy\u1ec5n V\u0103n Kh\u00e1nh\",\"image\":{\"@type\":\"ImageObject\",\"inLanguage\":\"vi\",\"@id\":\"https:\/\/omanivietnam.com\/#\/schema\/person\/image\/\",\"url\":\"https:\/\/omanivietnam.com\/wp-content\/uploads\/2024\/06\/logo-1024x1024.png\",\"contentUrl\":\"https:\/\/omanivietnam.com\/wp-content\/uploads\/2024\/06\/logo-1024x1024.png\",\"width\":1024,\"height\":1024,\"caption\":\"Nguy\u1ec5n V\u0103n Kh\u00e1nh\"},\"logo\":{\"@id\":\"https:\/\/omanivietnam.com\/#\/schema\/person\/image\/\"},\"sameAs\":[\"https:\/\/omanivietnam.com\"]}]}<\/script>\n<!-- \/ Yoast SEO plugin. -->","yoast_head_json":{"title":"PANASONIC MDDKT3530E - OMANI VI\u1ec6T NAM","description":"PANASONIC MDDKT3530E Servo Driver","robots":{"index":"index","follow":"follow","max-snippet":"max-snippet:-1","max-image-preview":"max-image-preview:large","max-video-preview":"max-video-preview:-1"},"canonical":"https:\/\/omanivietnam.com\/index.php\/san-pham\/panasonic-mddkt3530e\/","og_locale":"vi_VN","og_type":"article","og_title":"PANASONIC MDDKT3530E - OMANI VI\u1ec6T NAM","og_description":"PANASONIC MDDKT3530E Servo Driver","og_url":"https:\/\/omanivietnam.com\/index.php\/san-pham\/panasonic-mddkt3530e\/","og_site_name":"OMANI VI\u1ec6T NAM","article_modified_time":"2026-02-18T14:01:00+00:00","og_image":[{"width":604,"height":536,"url":"https:\/\/omanivietnam.com\/wp-content\/uploads\/2024\/06\/MDDKT3530E.png","type":"image\/png"}],"twitter_card":"summary_large_image","twitter_misc":{"\u01af\u1edbc t\u00ednh th\u1eddi gian \u0111\u1ecdc":"2 ph\u00fat"},"schema":{"@context":"https:\/\/schema.org","@graph":[{"@type":"WebPage","@id":"https:\/\/omanivietnam.com\/index.php\/san-pham\/panasonic-mddkt3530e\/","url":"https:\/\/omanivietnam.com\/index.php\/san-pham\/panasonic-mddkt3530e\/","name":"PANASONIC MDDKT3530E - OMANI VI\u1ec6T NAM","isPartOf":{"@id":"https:\/\/omanivietnam.com\/#website"},"primaryImageOfPage":{"@id":"https:\/\/omanivietnam.com\/index.php\/san-pham\/panasonic-mddkt3530e\/#primaryimage"},"image":{"@id":"https:\/\/omanivietnam.com\/index.php\/san-pham\/panasonic-mddkt3530e\/#primaryimage"},"thumbnailUrl":"https:\/\/omanivietnam.com\/wp-content\/uploads\/2024\/06\/MDDKT3530E.png","datePublished":"2024-06-15T14:29:05+00:00","dateModified":"2026-02-18T14:01:00+00:00","description":"PANASONIC MDDKT3530E Servo Driver","breadcrumb":{"@id":"https:\/\/omanivietnam.com\/index.php\/san-pham\/panasonic-mddkt3530e\/#breadcrumb"},"inLanguage":"vi","potentialAction":[{"@type":"ReadAction","target":["https:\/\/omanivietnam.com\/index.php\/san-pham\/panasonic-mddkt3530e\/"]}]},{"@type":"ImageObject","inLanguage":"vi","@id":"https:\/\/omanivietnam.com\/index.php\/san-pham\/panasonic-mddkt3530e\/#primaryimage","url":"https:\/\/omanivietnam.com\/wp-content\/uploads\/2024\/06\/MDDKT3530E.png","contentUrl":"https:\/\/omanivietnam.com\/wp-content\/uploads\/2024\/06\/MDDKT3530E.png","width":604,"height":536},{"@type":"BreadcrumbList","@id":"https:\/\/omanivietnam.com\/index.php\/san-pham\/panasonic-mddkt3530e\/#breadcrumb","itemListElement":[{"@type":"ListItem","position":1,"name":"Home","item":"https:\/\/omanivietnam.com\/"},{"@type":"ListItem","position":2,"name":"S\u1ea2N PH\u1ea8M","item":"https:\/\/omanivietnam.com\/index.php\/cua-hang\/"},{"@type":"ListItem","position":3,"name":"PANASONIC MDDKT3530E"}]},{"@type":"WebSite","@id":"https:\/\/omanivietnam.com\/#website","url":"https:\/\/omanivietnam.com\/","name":"OMANI VI\u1ec6T NAM","description":"Nh\u00e0 ph\u00e2n ph\u1ed1i thi\u1ebft b\u1ecb kh\u00ed n\u00e9n v\u00e0 thi\u1ebft b\u1ecb t\u1ef1 \u0111\u1ed9ng h\u00f3a trong c\u00f4ng nghi\u1ec7p","publisher":{"@id":"https:\/\/omanivietnam.com\/#\/schema\/person\/0ad398a980dc3fd696111c2c5c8fa897"},"potentialAction":[{"@type":"SearchAction","target":{"@type":"EntryPoint","urlTemplate":"https:\/\/omanivietnam.com\/?s={search_term_string}"},"query-input":"required name=search_term_string"}],"inLanguage":"vi"},{"@type":["Person","Organization"],"@id":"https:\/\/omanivietnam.com\/#\/schema\/person\/0ad398a980dc3fd696111c2c5c8fa897","name":"Nguy\u1ec5n V\u0103n Kh\u00e1nh","image":{"@type":"ImageObject","inLanguage":"vi","@id":"https:\/\/omanivietnam.com\/#\/schema\/person\/image\/","url":"https:\/\/omanivietnam.com\/wp-content\/uploads\/2024\/06\/logo-1024x1024.png","contentUrl":"https:\/\/omanivietnam.com\/wp-content\/uploads\/2024\/06\/logo-1024x1024.png","width":1024,"height":1024,"caption":"Nguy\u1ec5n V\u0103n Kh\u00e1nh"},"logo":{"@id":"https:\/\/omanivietnam.com\/#\/schema\/person\/image\/"},"sameAs":["https:\/\/omanivietnam.com"]}]}},"_links":{"self":[{"href":"https:\/\/omanivietnam.com\/index.php\/wp-json\/wp\/v2\/product\/758","targetHints":{"allow":["GET"]}}],"collection":[{"href":"https:\/\/omanivietnam.com\/index.php\/wp-json\/wp\/v2\/product"}],"about":[{"href":"https:\/\/omanivietnam.com\/index.php\/wp-json\/wp\/v2\/types\/product"}],"replies":[{"embeddable":true,"href":"https:\/\/omanivietnam.com\/index.php\/wp-json\/wp\/v2\/comments?post=758"}],"wp:featuredmedia":[{"embeddable":true,"href":"https:\/\/omanivietnam.com\/index.php\/wp-json\/wp\/v2\/media\/759"}],"wp:attachment":[{"href":"https:\/\/omanivietnam.com\/index.php\/wp-json\/wp\/v2\/media?parent=758"}],"wp:term":[{"taxonomy":"product_cat","embeddable":true,"href":"https:\/\/omanivietnam.com\/index.php\/wp-json\/wp\/v2\/product_cat?post=758"},{"taxonomy":"product_tag","embeddable":true,"href":"https:\/\/omanivietnam.com\/index.php\/wp-json\/wp\/v2\/product_tag?post=758"}],"curies":[{"name":"wp","href":"https:\/\/api.w.org\/{rel}","templated":true}]}}