{"id":765,"date":"2024-06-16T22:34:43","date_gmt":"2024-06-16T15:34:43","guid":{"rendered":"https:\/\/omanivietnam.com\/?post_type=product&#038;p=765"},"modified":"2025-05-21T17:17:17","modified_gmt":"2025-05-21T10:17:17","slug":"nemicon-ne-25-2500-p-r-2md-f-068-09e","status":"publish","type":"product","link":"https:\/\/omanivietnam.com\/index.php\/san-pham\/nemicon-ne-25-2500-p-r-2md-f-068-09e\/","title":{"rendered":"NEMICON NE-25-2500 P\/R-2MD-F-068-09E"},"content":{"rendered":"<p>NEMICON NE-25-2500 P\/R-2MD-F-068-09E<\/p>\n<p class=\"item_page_title\">incremental encoder NE series\uff08NE-25-2MD-F-068-09E\uff09<\/p>\n<p>Outer diameter\uff1a\u220568<br \/>\nResolution\uff1a2500P\/R<br \/>\nFlange Style\uff1aWith Flange<br \/>\nWith 68mm SQ Flange<br \/>\n10000min-1Spec,With additional Connector(Option)<br \/>\nOutput Mode\uff1aLine Driver Output<br \/>\nPower Supply\uff1aDC4.75 to 5.25V<\/p>\n<p>\uff65Durable for Heavy Shaft Loading<br \/>\n\uff65Up to 5000 P\/R<br \/>\n\uff65Resolution available from 100 P\/R to 5000 P\/R<br \/>\n\uff65Fitting with versatile mounting pitch and hole thread size.<\/p>\n<h3>Gi\u1edbi thi\u1ec7u Encoder Nemicon<\/h3>\n<ul>\n<li>\n<h3>Encoder Nemicon<\/h3>\n<p>c\u1ee7a ch\u00fang t\u00f4i, nh\u1edd c\u00f4ng ngh\u1ec7 s\u1ea3n xu\u1ea5t \u0111\u1ed9c \u0111\u00e1o v\u00e0 ch\u00ednh x\u00e1c, hi\u1ec7u su\u1ea5t cao, \u0111\u1ed9 ch\u00ednh x\u00e1c cao v\u00e0 \u0111\u1ec3 \u0111\u1ea1t \u0111\u01b0\u1ee3c chi ph\u00ed th\u1ea5p, \u0111\u00e3 \u0111\u01b0\u1ee3c s\u1eed d\u1ee5ng trong nhi\u1ec1u l\u0129nh v\u1ef1c x\u00e3 h\u1ed9i. C\u1ea7n c\u00f3 thang m\u00e1y c\u1ee7a t\u00f2a nh\u00e0 ch\u1ecdc tr\u1eddi, m\u00e1y x\u1eed l\u00fd ch\u00ednh x\u00e1c \u0111\u1ed9 ch\u00ednh x\u00e1c nano-micron, robot c\u00f4ng nghi\u1ec7p ch\u1ecbu tr\u00e1ch nhi\u1ec7m t\u1ef1 \u0111\u1ed9ng h\u00f3a nh\u00e0 m\u00e1y, ch\u1eb3ng h\u1ea1n nh\u01b0 thi\u1ebft b\u1ecb y t\u1ebf duy tr\u00ec s\u1ef1 s\u1ed1ng c\u1ee7a con ng\u01b0\u1eddi, m\u1ecdi th\u1ee9 di chuy\u1ec3n v\u00e0 quay, \u1edf m\u1ecdi n\u01a1i trong vi\u1ec7c k\u1ebft h\u1ee3p tr\u1ea1ng th\u00e1i hi\u1ec7n \u0111\u1ea1i c\u1ee7a ch\u00fang t\u00f4i -v\u00e0 b\u1ed9 m\u00e3 h\u00f3a c\u1ee7a ch\u00fang t\u00f4i \u0111\u00e3 \u0111\u01b0\u1ee3c s\u1eed d\u1ee5ng.<\/li>\n<li>Encoder B\u1ed9 m\u00e3 h\u00f3a l\u00e0 m\u1ed9t thi\u1ebft b\u1ecb m\u00e3 h\u00f3a chuy\u1ec3n \u0111\u1ed9ng quay. Nemicon Corporation l\u00e0 nh\u00e0 s\u1ea3n xu\u1ea5t gi\u1ea3i ph\u00e1p h\u00e0ng \u0111\u1ea7u v\u00e0 cung c\u1ea5p \u0111a d\u1ea1ng c\u00e1c B\u1ed9 m\u00e3 h\u00f3a nh\u1eb1m hi\u1ec7n th\u1ef1c h\u00f3a kh\u00e1i ni\u1ec7m \u0110\u1ed9 ch\u00ednh x\u00e1c cao, \u0110\u1ed9 tin c\u1eady cao, Chi ph\u00ed th\u1ea5p cho Gi\u1ea3i ph\u00e1p v\u00e0 thu nh\u1ecf. Ch\u00fang t\u00f4i t\u1ef1 tin cung c\u1ea5p gi\u1ea3i ph\u00e1p t\u1ed1t nh\u1ea5t cho nh\u1eefng g\u00ec kh\u00e1ch h\u00e0ng \u0111ang t\u00ecm ki\u1ebfm. Kinh nghi\u1ec7m l\u00e2u n\u0103m kinh doanh b\u1ed9 m\u00e3 h\u00f3a trong m\u1ea3ng gi\u1ea3i ph\u00e1p c\u00f4ng nghi\u1ec7p c\u1ee7a ch\u00fang t\u00f4i c\u00f3 th\u1ec3 cung c\u1ea5p cho kh\u00e1ch h\u00e0ng m\u00e1y c\u00f4ng c\u1ee5 CNC t\u1ea1i pannel v\u1eadn h\u00e0nh, Thi\u1ebft b\u1ecb c\u00f4ng nghi\u1ec7p v\u00e0 Thi\u1ebft b\u1ecb y t\u1ebf gi\u1ea3i ph\u00e1p m\u00e3 h\u00f3a t\u1ed1t nh\u1ea5t.<\/li>\n<\/ul>\n<h3>Th\u00f4ng s\u1ed1 k\u1ef9 thu\u1eadt Encoder Nemicon NE-25-2MD<\/h3>\n<p><strong>M\u00e3 h\u00e0ng:<\/strong><br \/>\n<strong>Resolution: 2500P\/R<br \/>\nD : Line Driver Output<br \/>\nLow Power Consumption C-MOS Output Available<br \/>\n<\/strong><strong>Signals: 2M : AB90\u02da Phase Difference + Zero Signal<\/strong><br \/>\n<strong>Xu\u1ea5t x\u1ee9: Nemicon Japan<\/strong><br \/>\n<strong>M\u1edbi 100% \u2013 Ch\u00ednh h\u00e3ng- B\u1ea3o h\u00e0nh 12 th\u00e1ng<\/strong><\/p>\n<p>&nbsp;<\/p>\n<h3>C\u00e1c s\u1ea3n ph\u1ea9m t\u01b0\u01a1ng \u0111\u01b0\u01a1ng Encoder Nemicon NE-25-2MD<\/h3>\n<table style=\"height: 671px\" width=\"861\">\n<tbody>\n<tr>\n<td width=\"360\">NOC-SP600-2M NOC-SP600-2MC NOC-SP600-2MHC<\/td>\n<td width=\"310\">OPN-50-2M OPN-50-2MC OPN-50-2MHC<\/td>\n<td width=\"347\">OPN-02-2MHT UFO-01-H ASC-HP-720-CP<\/td>\n<\/tr>\n<tr>\n<td>OPN-01-2M OPN-01-2MC OPN-01-2MHC<\/td>\n<td>OPN-03-2M OPN-03-2MC OPN-03-2MHC<\/td>\n<td>OPN-05-2MHT UFO-0025-D ASC-HP-10-CP<\/td>\n<\/tr>\n<tr>\n<td>OPN-036-2M OPN-036-2MC OPN-036-2MHC<\/td>\n<td>OPN-06-2M OPN-06-2MC OPN-06-2MHC<\/td>\n<td>OPN-1024-2MHT UFO-01-D ASC-HP-12-CP<\/td>\n<\/tr>\n<tr>\n<td>OPN-10-2M OPN-10-2MC OPN-10-2MHC<\/td>\n<td>OPN-12-2M OPN-12-2MC OPN-12-2MHC<\/td>\n<td>OEK-300-2MC ASC-SP-8-GC OEK-360-1C<\/td>\n<\/tr>\n<tr>\n<td>OPN-20-2M OPN-20-2MC OPN-20-2MHC<\/td>\n<td>OPN-25-2M OPN-25-2MC OPN-25-2MHC<\/td>\n<td>HES-036-2MC HES-036-2M HES-036-2MHC<\/td>\n<\/tr>\n<tr>\n<td>OPN-4096-2M OPN-4096-2MC OPN-4096-2MHC<\/td>\n<td>OPN-01-2MHT UFO-0025-Z1 ASC-HP-8-T<\/td>\n<td>SBL-0512-2C ASC-SP-10-T ASC-HP-720-C<\/td>\n<\/tr>\n<tr>\n<td>OPN-02-2M OPN-02-2MC OPN-02-2MHC<\/td>\n<td>OPN-036-2MHT UFO-01-Z1 ASC-HP-720-T<\/td>\n<td>OEK-50-2C ASC-SP-8-CP SBH-8192-2MT<\/td>\n<\/tr>\n<tr>\n<td>OPN-05-2M OPN-05-2MC OPN-05-2MHC<\/td>\n<td>OPN-10-2MHT UFO-0025-Z9 ASC-HP-10-T<\/td>\n<td>SBH-0512-2T ASC-SP-12-T ASC-HP-10-C<\/td>\n<\/tr>\n<tr>\n<td>OPN-1024-2M OPN-1024-2MC OPN-1024-2MHC<\/td>\n<td>OPN-20-2MHT UFO-01-Z9 ASC-HP-12-T<\/td>\n<td>OEK-300-2C ASC-SP-10-CP ASS-256-GC<\/td>\n<\/tr>\n<tr>\n<td>OPN-2048-2M OPN-2048-2MC OPN-2048-2MHC<\/td>\n<td>OPN-4096-2MHT UFO-0025-H ASC-HP-8-CP<\/td>\n<td>OEK-100-2C ASC-SP-12-CP ASS-360-BC<\/td>\n<\/tr>\n<\/tbody>\n<\/table>\n<p>\u0110\u1ea1i l\u00fd NEMICON vietnam, NEMICON viet nam, NEMICON vietnam distributor, Ph\u00e2n ph\u1ed1i NEMICON t\u1ea1i vi\u1ec7t nam<\/p>\n<p>\u0110\u1ea1i l\u00fd NEMICON vietnam, NEMICON viet nam, NEMICON vietnam distributor, Ph\u00e2n ph\u1ed1i NEMICON t\u1ea1i vi\u1ec7t nam<\/p>\n<p>\u0110\u1ea1i l\u00fd NEMICON vietnam, NEMICON viet nam, NEMICON vietnam distributor, Ph\u00e2n ph\u1ed1i NEMICON t\u1ea1i vi\u1ec7t nam<\/p>\n<p>\u0110\u1ea1i l\u00fd NEMICON vietnam, NEMICON viet nam, NEMICON vietnam distributor, Ph\u00e2n ph\u1ed1i NEMICON t\u1ea1i vi\u1ec7t nam<\/p>\n<p>\u0110\u1ea1i l\u00fd NEMICON vietnam, NEMICON viet nam, NEMICON vietnam distributor, Ph\u00e2n ph\u1ed1i NEMICON t\u1ea1i vi\u1ec7t nam<\/p>\n","protected":false},"excerpt":{"rendered":"<p>NEMICON NE-25-2500 P\/R-2MD-F-068-09E<\/p>\n<div data-redactor=\"1\">\n<p>\u0110T:\u00a0<a title=\"Call\" href=\"tel:0937876353\">0937 876 353<\/a><br \/>\nFace. Zalo :\u00a0<a title=\"Call\" href=\"tel:0937876353\">0937 876 353<\/a><br \/>\n\u0110C: 28\/1\/16 \u0110\u01b0\u1eddng 16, P. Linh Chi\u1ec3u, TP. Th\u1ee7 \u0110\u1ee9c, TP. HCM<\/p>\n<\/div>\n<div data-redactor=\"1\">\n<p>Web :\u00a0<a href=\"https:\/\/omanivietnam.com\/\">https:\/\/omanivietnam.com<\/a><\/p>\n<\/div>\n","protected":false},"featured_media":766,"comment_status":"open","ping_status":"closed","template":"","meta":[],"product_cat":[379],"product_tag":[174,173,172],"class_list":{"0":"post-765","1":"product","2":"type-product","3":"status-publish","4":"has-post-thumbnail","6":"product_cat-nemicon","7":"product_tag-bo-ma-hoa","8":"product_tag-dai-ly-nemicon-viet-nam","9":"product_tag-nemicon-viet-nam","11":"first","12":"instock","13":"shipping-taxable","14":"product-type-simple"},"yoast_head":"<!-- This site is optimized with the Yoast SEO plugin v22.8 - https:\/\/yoast.com\/wordpress\/plugins\/seo\/ -->\n<title>NEMICON NE-25-2500 P\/R-2MD-F-068-09E - OMANI VI\u1ec6T NAM<\/title>\n<meta name=\"description\" content=\"NEMICON NE-25-2500 P\/R-2MD-F-068-09E Encoder\" \/>\n<meta name=\"robots\" content=\"index, follow, max-snippet:-1, max-image-preview:large, max-video-preview:-1\" \/>\n<link rel=\"canonical\" href=\"https:\/\/omanivietnam.com\/index.php\/san-pham\/nemicon-ne-25-2500-p-r-2md-f-068-09e\/\" \/>\n<meta property=\"og:locale\" content=\"vi_VN\" \/>\n<meta property=\"og:type\" content=\"article\" \/>\n<meta property=\"og:title\" content=\"NEMICON NE-25-2500 P\/R-2MD-F-068-09E - OMANI VI\u1ec6T NAM\" \/>\n<meta property=\"og:description\" content=\"NEMICON NE-25-2500 P\/R-2MD-F-068-09E Encoder\" \/>\n<meta property=\"og:url\" content=\"https:\/\/omanivietnam.com\/index.php\/san-pham\/nemicon-ne-25-2500-p-r-2md-f-068-09e\/\" \/>\n<meta property=\"og:site_name\" content=\"OMANI VI\u1ec6T NAM\" \/>\n<meta property=\"article:modified_time\" content=\"2025-05-21T10:17:17+00:00\" \/>\n<meta property=\"og:image\" content=\"https:\/\/omanivietnam.com\/wp-content\/uploads\/2024\/06\/NE-25-2500-PR-2MD-F-068-09E.png\" \/>\n\t<meta property=\"og:image:width\" content=\"380\" \/>\n\t<meta property=\"og:image:height\" content=\"271\" \/>\n\t<meta property=\"og:image:type\" content=\"image\/png\" \/>\n<meta name=\"twitter:card\" content=\"summary_large_image\" \/>\n<meta name=\"twitter:label1\" content=\"\u01af\u1edbc t\u00ednh th\u1eddi gian \u0111\u1ecdc\" \/>\n\t<meta name=\"twitter:data1\" content=\"3 ph\u00fat\" \/>\n<script type=\"application\/ld+json\" class=\"yoast-schema-graph\">{\"@context\":\"https:\/\/schema.org\",\"@graph\":[{\"@type\":\"WebPage\",\"@id\":\"https:\/\/omanivietnam.com\/index.php\/san-pham\/nemicon-ne-25-2500-p-r-2md-f-068-09e\/\",\"url\":\"https:\/\/omanivietnam.com\/index.php\/san-pham\/nemicon-ne-25-2500-p-r-2md-f-068-09e\/\",\"name\":\"NEMICON NE-25-2500 P\/R-2MD-F-068-09E - OMANI VI\u1ec6T NAM\",\"isPartOf\":{\"@id\":\"https:\/\/omanivietnam.com\/#website\"},\"primaryImageOfPage\":{\"@id\":\"https:\/\/omanivietnam.com\/index.php\/san-pham\/nemicon-ne-25-2500-p-r-2md-f-068-09e\/#primaryimage\"},\"image\":{\"@id\":\"https:\/\/omanivietnam.com\/index.php\/san-pham\/nemicon-ne-25-2500-p-r-2md-f-068-09e\/#primaryimage\"},\"thumbnailUrl\":\"https:\/\/omanivietnam.com\/wp-content\/uploads\/2024\/06\/NE-25-2500-PR-2MD-F-068-09E.png\",\"datePublished\":\"2024-06-16T15:34:43+00:00\",\"dateModified\":\"2025-05-21T10:17:17+00:00\",\"description\":\"NEMICON NE-25-2500 P\/R-2MD-F-068-09E Encoder\",\"breadcrumb\":{\"@id\":\"https:\/\/omanivietnam.com\/index.php\/san-pham\/nemicon-ne-25-2500-p-r-2md-f-068-09e\/#breadcrumb\"},\"inLanguage\":\"vi\",\"potentialAction\":[{\"@type\":\"ReadAction\",\"target\":[\"https:\/\/omanivietnam.com\/index.php\/san-pham\/nemicon-ne-25-2500-p-r-2md-f-068-09e\/\"]}]},{\"@type\":\"ImageObject\",\"inLanguage\":\"vi\",\"@id\":\"https:\/\/omanivietnam.com\/index.php\/san-pham\/nemicon-ne-25-2500-p-r-2md-f-068-09e\/#primaryimage\",\"url\":\"https:\/\/omanivietnam.com\/wp-content\/uploads\/2024\/06\/NE-25-2500-PR-2MD-F-068-09E.png\",\"contentUrl\":\"https:\/\/omanivietnam.com\/wp-content\/uploads\/2024\/06\/NE-25-2500-PR-2MD-F-068-09E.png\",\"width\":380,\"height\":271},{\"@type\":\"BreadcrumbList\",\"@id\":\"https:\/\/omanivietnam.com\/index.php\/san-pham\/nemicon-ne-25-2500-p-r-2md-f-068-09e\/#breadcrumb\",\"itemListElement\":[{\"@type\":\"ListItem\",\"position\":1,\"name\":\"Home\",\"item\":\"https:\/\/omanivietnam.com\/\"},{\"@type\":\"ListItem\",\"position\":2,\"name\":\"S\u1ea2N PH\u1ea8M\",\"item\":\"https:\/\/omanivietnam.com\/index.php\/cua-hang\/\"},{\"@type\":\"ListItem\",\"position\":3,\"name\":\"NEMICON NE-25-2500 P\/R-2MD-F-068-09E\"}]},{\"@type\":\"WebSite\",\"@id\":\"https:\/\/omanivietnam.com\/#website\",\"url\":\"https:\/\/omanivietnam.com\/\",\"name\":\"OMANI VI\u1ec6T NAM\",\"description\":\"Nh\u00e0 ph\u00e2n ph\u1ed1i thi\u1ebft b\u1ecb kh\u00ed n\u00e9n v\u00e0 thi\u1ebft b\u1ecb t\u1ef1 \u0111\u1ed9ng h\u00f3a trong c\u00f4ng nghi\u1ec7p\",\"publisher\":{\"@id\":\"https:\/\/omanivietnam.com\/#\/schema\/person\/0ad398a980dc3fd696111c2c5c8fa897\"},\"potentialAction\":[{\"@type\":\"SearchAction\",\"target\":{\"@type\":\"EntryPoint\",\"urlTemplate\":\"https:\/\/omanivietnam.com\/?s={search_term_string}\"},\"query-input\":\"required name=search_term_string\"}],\"inLanguage\":\"vi\"},{\"@type\":[\"Person\",\"Organization\"],\"@id\":\"https:\/\/omanivietnam.com\/#\/schema\/person\/0ad398a980dc3fd696111c2c5c8fa897\",\"name\":\"Nguy\u1ec5n V\u0103n Kh\u00e1nh\",\"image\":{\"@type\":\"ImageObject\",\"inLanguage\":\"vi\",\"@id\":\"https:\/\/omanivietnam.com\/#\/schema\/person\/image\/\",\"url\":\"https:\/\/omanivietnam.com\/wp-content\/uploads\/2024\/06\/logo-1024x1024.png\",\"contentUrl\":\"https:\/\/omanivietnam.com\/wp-content\/uploads\/2024\/06\/logo-1024x1024.png\",\"width\":1024,\"height\":1024,\"caption\":\"Nguy\u1ec5n V\u0103n Kh\u00e1nh\"},\"logo\":{\"@id\":\"https:\/\/omanivietnam.com\/#\/schema\/person\/image\/\"},\"sameAs\":[\"https:\/\/omanivietnam.com\"]}]}<\/script>\n<!-- \/ Yoast SEO plugin. -->","yoast_head_json":{"title":"NEMICON NE-25-2500 P\/R-2MD-F-068-09E - OMANI VI\u1ec6T NAM","description":"NEMICON NE-25-2500 P\/R-2MD-F-068-09E Encoder","robots":{"index":"index","follow":"follow","max-snippet":"max-snippet:-1","max-image-preview":"max-image-preview:large","max-video-preview":"max-video-preview:-1"},"canonical":"https:\/\/omanivietnam.com\/index.php\/san-pham\/nemicon-ne-25-2500-p-r-2md-f-068-09e\/","og_locale":"vi_VN","og_type":"article","og_title":"NEMICON NE-25-2500 P\/R-2MD-F-068-09E - OMANI VI\u1ec6T NAM","og_description":"NEMICON NE-25-2500 P\/R-2MD-F-068-09E Encoder","og_url":"https:\/\/omanivietnam.com\/index.php\/san-pham\/nemicon-ne-25-2500-p-r-2md-f-068-09e\/","og_site_name":"OMANI VI\u1ec6T NAM","article_modified_time":"2025-05-21T10:17:17+00:00","og_image":[{"width":380,"height":271,"url":"https:\/\/omanivietnam.com\/wp-content\/uploads\/2024\/06\/NE-25-2500-PR-2MD-F-068-09E.png","type":"image\/png"}],"twitter_card":"summary_large_image","twitter_misc":{"\u01af\u1edbc t\u00ednh th\u1eddi gian \u0111\u1ecdc":"3 ph\u00fat"},"schema":{"@context":"https:\/\/schema.org","@graph":[{"@type":"WebPage","@id":"https:\/\/omanivietnam.com\/index.php\/san-pham\/nemicon-ne-25-2500-p-r-2md-f-068-09e\/","url":"https:\/\/omanivietnam.com\/index.php\/san-pham\/nemicon-ne-25-2500-p-r-2md-f-068-09e\/","name":"NEMICON NE-25-2500 P\/R-2MD-F-068-09E - OMANI VI\u1ec6T NAM","isPartOf":{"@id":"https:\/\/omanivietnam.com\/#website"},"primaryImageOfPage":{"@id":"https:\/\/omanivietnam.com\/index.php\/san-pham\/nemicon-ne-25-2500-p-r-2md-f-068-09e\/#primaryimage"},"image":{"@id":"https:\/\/omanivietnam.com\/index.php\/san-pham\/nemicon-ne-25-2500-p-r-2md-f-068-09e\/#primaryimage"},"thumbnailUrl":"https:\/\/omanivietnam.com\/wp-content\/uploads\/2024\/06\/NE-25-2500-PR-2MD-F-068-09E.png","datePublished":"2024-06-16T15:34:43+00:00","dateModified":"2025-05-21T10:17:17+00:00","description":"NEMICON NE-25-2500 P\/R-2MD-F-068-09E Encoder","breadcrumb":{"@id":"https:\/\/omanivietnam.com\/index.php\/san-pham\/nemicon-ne-25-2500-p-r-2md-f-068-09e\/#breadcrumb"},"inLanguage":"vi","potentialAction":[{"@type":"ReadAction","target":["https:\/\/omanivietnam.com\/index.php\/san-pham\/nemicon-ne-25-2500-p-r-2md-f-068-09e\/"]}]},{"@type":"ImageObject","inLanguage":"vi","@id":"https:\/\/omanivietnam.com\/index.php\/san-pham\/nemicon-ne-25-2500-p-r-2md-f-068-09e\/#primaryimage","url":"https:\/\/omanivietnam.com\/wp-content\/uploads\/2024\/06\/NE-25-2500-PR-2MD-F-068-09E.png","contentUrl":"https:\/\/omanivietnam.com\/wp-content\/uploads\/2024\/06\/NE-25-2500-PR-2MD-F-068-09E.png","width":380,"height":271},{"@type":"BreadcrumbList","@id":"https:\/\/omanivietnam.com\/index.php\/san-pham\/nemicon-ne-25-2500-p-r-2md-f-068-09e\/#breadcrumb","itemListElement":[{"@type":"ListItem","position":1,"name":"Home","item":"https:\/\/omanivietnam.com\/"},{"@type":"ListItem","position":2,"name":"S\u1ea2N PH\u1ea8M","item":"https:\/\/omanivietnam.com\/index.php\/cua-hang\/"},{"@type":"ListItem","position":3,"name":"NEMICON NE-25-2500 P\/R-2MD-F-068-09E"}]},{"@type":"WebSite","@id":"https:\/\/omanivietnam.com\/#website","url":"https:\/\/omanivietnam.com\/","name":"OMANI VI\u1ec6T NAM","description":"Nh\u00e0 ph\u00e2n ph\u1ed1i thi\u1ebft b\u1ecb kh\u00ed n\u00e9n v\u00e0 thi\u1ebft b\u1ecb t\u1ef1 \u0111\u1ed9ng h\u00f3a trong c\u00f4ng nghi\u1ec7p","publisher":{"@id":"https:\/\/omanivietnam.com\/#\/schema\/person\/0ad398a980dc3fd696111c2c5c8fa897"},"potentialAction":[{"@type":"SearchAction","target":{"@type":"EntryPoint","urlTemplate":"https:\/\/omanivietnam.com\/?s={search_term_string}"},"query-input":"required name=search_term_string"}],"inLanguage":"vi"},{"@type":["Person","Organization"],"@id":"https:\/\/omanivietnam.com\/#\/schema\/person\/0ad398a980dc3fd696111c2c5c8fa897","name":"Nguy\u1ec5n V\u0103n Kh\u00e1nh","image":{"@type":"ImageObject","inLanguage":"vi","@id":"https:\/\/omanivietnam.com\/#\/schema\/person\/image\/","url":"https:\/\/omanivietnam.com\/wp-content\/uploads\/2024\/06\/logo-1024x1024.png","contentUrl":"https:\/\/omanivietnam.com\/wp-content\/uploads\/2024\/06\/logo-1024x1024.png","width":1024,"height":1024,"caption":"Nguy\u1ec5n V\u0103n Kh\u00e1nh"},"logo":{"@id":"https:\/\/omanivietnam.com\/#\/schema\/person\/image\/"},"sameAs":["https:\/\/omanivietnam.com"]}]}},"_links":{"self":[{"href":"https:\/\/omanivietnam.com\/index.php\/wp-json\/wp\/v2\/product\/765","targetHints":{"allow":["GET"]}}],"collection":[{"href":"https:\/\/omanivietnam.com\/index.php\/wp-json\/wp\/v2\/product"}],"about":[{"href":"https:\/\/omanivietnam.com\/index.php\/wp-json\/wp\/v2\/types\/product"}],"replies":[{"embeddable":true,"href":"https:\/\/omanivietnam.com\/index.php\/wp-json\/wp\/v2\/comments?post=765"}],"wp:featuredmedia":[{"embeddable":true,"href":"https:\/\/omanivietnam.com\/index.php\/wp-json\/wp\/v2\/media\/766"}],"wp:attachment":[{"href":"https:\/\/omanivietnam.com\/index.php\/wp-json\/wp\/v2\/media?parent=765"}],"wp:term":[{"taxonomy":"product_cat","embeddable":true,"href":"https:\/\/omanivietnam.com\/index.php\/wp-json\/wp\/v2\/product_cat?post=765"},{"taxonomy":"product_tag","embeddable":true,"href":"https:\/\/omanivietnam.com\/index.php\/wp-json\/wp\/v2\/product_tag?post=765"}],"curies":[{"name":"wp","href":"https:\/\/api.w.org\/{rel}","templated":true}]}}