{"id":769,"date":"2024-06-16T23:01:19","date_gmt":"2024-06-16T16:01:19","guid":{"rendered":"https:\/\/omanivietnam.com\/?post_type=product&#038;p=769"},"modified":"2024-08-10T21:47:38","modified_gmt":"2024-08-10T14:47:38","slug":"allen-bradley-440g-t27255","status":"publish","type":"product","link":"https:\/\/omanivietnam.com\/index.php\/san-pham\/allen-bradley-440g-t27255\/","title":{"rendered":"ALLEN BRADLEY 440G-T27255"},"content":{"rendered":"<p>ALLEN BRADLEY 440G-T27255<\/p>\n<p class=\"description\">Guardlock Switch, TLS-GD2, Power To Lock, 24V ACDC, 1 N.C. 1 N.O., 2 N.C. Safety, 1 N.O Aux, 2 N.C. Safety Contacts, Break Before Make, 1 N.O. Auxillary Contact, GD2 Standard, Guardlocking Switch, M20 Conduit, Plastic<\/p>\n<p>Product Details<\/p>\n<div class=\"section\">\n<table style=\"height: 351px\" width=\"816\">\n<tbody>\n<tr>\n<th colspan=\"2\">PRODUCT SELECTION<\/th>\n<\/tr>\n<tr>\n<td class=\"leftCol\">Product Family<\/td>\n<td class=\"rightCol\">440G TLS-GD2<\/td>\n<\/tr>\n<tr>\n<td class=\"leftCol\">Model Type<\/td>\n<td class=\"rightCol\">TLS-2 GD2 Power to Lock<\/td>\n<\/tr>\n<tr>\n<td class=\"leftCol\">Contacts (Safety\/Auxiliary)<\/td>\n<td class=\"rightCol\">2 Normally Closed, 1 Normally Open<\/td>\n<\/tr>\n<tr>\n<td class=\"leftCol\">Solenoid Contacts<\/td>\n<td class=\"rightCol\">1 Normally Closed, 1 Normally Open<\/td>\n<\/tr>\n<tr>\n<td class=\"leftCol\">Solenoid Voltage<\/td>\n<td class=\"rightCol\">24V AC\/DC<\/td>\n<\/tr>\n<tr>\n<td class=\"leftCol\">Actuator<\/td>\n<td class=\"rightCol\">Standard<\/td>\n<\/tr>\n<tr>\n<td class=\"leftCol\">Conduit Entry \/ Connection Type<\/td>\n<td class=\"rightCol\">M20 Conduit<\/td>\n<\/tr>\n<tr>\n<td class=\"leftCol\">Holding Force (Fzh)<\/td>\n<td class=\"rightCol\">2000N (450 lbs)<\/td>\n<\/tr>\n<\/tbody>\n<\/table>\n<\/div>\n<p>\u0110\u1ea1i l\u00fd ALLEN BRADLEY vietnam, ALLEN BRADLEY viet nam, ALLEN BRADLEY vietnam distributor, Ph\u00e2n ph\u1ed1i ALLEN BRADLEY t\u1ea1i vi\u1ec7t nam<\/p>\n<p>\u0110\u1ea1i l\u00fd ALLEN BRADLEY vietnam, ALLEN BRADLEY viet nam, ALLEN BRADLEY vietnam distributor, Ph\u00e2n ph\u1ed1i ALLEN BRADLEY t\u1ea1i vi\u1ec7t nam<\/p>\n<p>\u0110\u1ea1i l\u00fd ALLEN BRADLEY vietnam, ALLEN BRADLEY viet nam, ALLEN BRADLEY vietnam distributor, Ph\u00e2n ph\u1ed1i ALLEN BRADLEY t\u1ea1i vi\u1ec7t nam<\/p>\n<p>\u0110\u1ea1i l\u00fd ALLEN BRADLEY vietnam, ALLEN BRADLEY viet nam, ALLEN BRADLEY vietnam distributor, Ph\u00e2n ph\u1ed1i ALLEN BRADLEY t\u1ea1i vi\u1ec7t nam<\/p>\n<p>\u0110\u1ea1i l\u00fd ALLEN BRADLEY vietnam, ALLEN BRADLEY viet nam, ALLEN BRADLEY vietnam distributor, Ph\u00e2n ph\u1ed1i ALLEN BRADLEY t\u1ea1i vi\u1ec7t nam<\/p>\n","protected":false},"excerpt":{"rendered":"<p>ALLEN BRADLEY 440G-T27255<\/p>\n<div data-redactor=\"1\">\n<p>\u0110T:\u00a0<a title=\"Call\" href=\"tel:0937876353\">0937 876 353<\/a><br \/>\nFace. Zalo :\u00a0<a title=\"Call\" href=\"tel:0937876353\">0937 876 353<\/a><br \/>\n\u0110C: 28\/1\/16 \u0110\u01b0\u1eddng 16, P. Linh Chi\u1ec3u, TP. Th\u1ee7 \u0110\u1ee9c, TP. HCM<\/p>\n<\/div>\n<div data-redactor=\"1\">\n<p>Web :\u00a0<a href=\"https:\/\/omanivietnam.com\/\">https:\/\/omanivietnam.com<\/a><\/p>\n<\/div>\n","protected":false},"featured_media":770,"comment_status":"open","ping_status":"closed","template":"","meta":[],"product_cat":[295],"product_tag":[178,180,179],"class_list":{"0":"post-769","1":"product","2":"type-product","3":"status-publish","4":"has-post-thumbnail","6":"product_cat-allen-bradley","7":"product_tag-allen-bradley-viet-nam","8":"product_tag-cong-tac-hanh-trinh","9":"product_tag-dai-ly-allen-bradley-viet-nam","11":"first","12":"instock","13":"shipping-taxable","14":"product-type-simple"},"yoast_head":"<!-- This site is optimized with the Yoast SEO plugin v22.8 - https:\/\/yoast.com\/wordpress\/plugins\/seo\/ -->\n<title>ALLEN BRADLEY 440G-T27255 - OMANI VI\u1ec6T NAM<\/title>\n<meta name=\"description\" content=\"Guardlock Switch, TLS-GD2, Power To Lock, 24V ACDC, 1 N.C. 1 N.O., 2 N.C. Safety, 1 N.O Aux, 2 N.C. Safety Contacts, Break Before Make, 1 N.O. Auxillary Contact, GD2 Standard, Guardlocking Switch, M20 Conduit, Plastic\" \/>\n<meta name=\"robots\" content=\"index, follow, max-snippet:-1, max-image-preview:large, max-video-preview:-1\" \/>\n<link rel=\"canonical\" href=\"https:\/\/omanivietnam.com\/index.php\/san-pham\/allen-bradley-440g-t27255\/\" \/>\n<meta property=\"og:locale\" content=\"vi_VN\" \/>\n<meta property=\"og:type\" content=\"article\" \/>\n<meta property=\"og:title\" content=\"ALLEN BRADLEY 440G-T27255 - OMANI VI\u1ec6T NAM\" \/>\n<meta property=\"og:description\" content=\"Guardlock Switch, TLS-GD2, Power To Lock, 24V ACDC, 1 N.C. 1 N.O., 2 N.C. Safety, 1 N.O Aux, 2 N.C. Safety Contacts, Break Before Make, 1 N.O. Auxillary Contact, GD2 Standard, Guardlocking Switch, M20 Conduit, Plastic\" \/>\n<meta property=\"og:url\" content=\"https:\/\/omanivietnam.com\/index.php\/san-pham\/allen-bradley-440g-t27255\/\" \/>\n<meta property=\"og:site_name\" content=\"OMANI VI\u1ec6T NAM\" \/>\n<meta property=\"article:modified_time\" content=\"2024-08-10T14:47:38+00:00\" \/>\n<meta property=\"og:image\" content=\"https:\/\/omanivietnam.com\/wp-content\/uploads\/2024\/06\/440G-T27255.png\" \/>\n\t<meta property=\"og:image:width\" content=\"580\" \/>\n\t<meta property=\"og:image:height\" content=\"373\" \/>\n\t<meta property=\"og:image:type\" content=\"image\/png\" \/>\n<meta name=\"twitter:card\" content=\"summary_large_image\" \/>\n<meta name=\"twitter:label1\" content=\"\u01af\u1edbc t\u00ednh th\u1eddi gian \u0111\u1ecdc\" \/>\n\t<meta name=\"twitter:data1\" content=\"2 ph\u00fat\" \/>\n<script type=\"application\/ld+json\" class=\"yoast-schema-graph\">{\"@context\":\"https:\/\/schema.org\",\"@graph\":[{\"@type\":\"WebPage\",\"@id\":\"https:\/\/omanivietnam.com\/index.php\/san-pham\/allen-bradley-440g-t27255\/\",\"url\":\"https:\/\/omanivietnam.com\/index.php\/san-pham\/allen-bradley-440g-t27255\/\",\"name\":\"ALLEN BRADLEY 440G-T27255 - OMANI VI\u1ec6T NAM\",\"isPartOf\":{\"@id\":\"https:\/\/omanivietnam.com\/#website\"},\"primaryImageOfPage\":{\"@id\":\"https:\/\/omanivietnam.com\/index.php\/san-pham\/allen-bradley-440g-t27255\/#primaryimage\"},\"image\":{\"@id\":\"https:\/\/omanivietnam.com\/index.php\/san-pham\/allen-bradley-440g-t27255\/#primaryimage\"},\"thumbnailUrl\":\"https:\/\/omanivietnam.com\/wp-content\/uploads\/2024\/06\/440G-T27255.png\",\"datePublished\":\"2024-06-16T16:01:19+00:00\",\"dateModified\":\"2024-08-10T14:47:38+00:00\",\"description\":\"Guardlock Switch, TLS-GD2, Power To Lock, 24V ACDC, 1 N.C. 1 N.O., 2 N.C. Safety, 1 N.O Aux, 2 N.C. Safety Contacts, Break Before Make, 1 N.O. Auxillary Contact, GD2 Standard, Guardlocking Switch, M20 Conduit, Plastic\",\"breadcrumb\":{\"@id\":\"https:\/\/omanivietnam.com\/index.php\/san-pham\/allen-bradley-440g-t27255\/#breadcrumb\"},\"inLanguage\":\"vi\",\"potentialAction\":[{\"@type\":\"ReadAction\",\"target\":[\"https:\/\/omanivietnam.com\/index.php\/san-pham\/allen-bradley-440g-t27255\/\"]}]},{\"@type\":\"ImageObject\",\"inLanguage\":\"vi\",\"@id\":\"https:\/\/omanivietnam.com\/index.php\/san-pham\/allen-bradley-440g-t27255\/#primaryimage\",\"url\":\"https:\/\/omanivietnam.com\/wp-content\/uploads\/2024\/06\/440G-T27255.png\",\"contentUrl\":\"https:\/\/omanivietnam.com\/wp-content\/uploads\/2024\/06\/440G-T27255.png\",\"width\":580,\"height\":373},{\"@type\":\"BreadcrumbList\",\"@id\":\"https:\/\/omanivietnam.com\/index.php\/san-pham\/allen-bradley-440g-t27255\/#breadcrumb\",\"itemListElement\":[{\"@type\":\"ListItem\",\"position\":1,\"name\":\"Home\",\"item\":\"https:\/\/omanivietnam.com\/\"},{\"@type\":\"ListItem\",\"position\":2,\"name\":\"S\u1ea2N PH\u1ea8M\",\"item\":\"https:\/\/omanivietnam.com\/index.php\/cua-hang\/\"},{\"@type\":\"ListItem\",\"position\":3,\"name\":\"ALLEN BRADLEY 440G-T27255\"}]},{\"@type\":\"WebSite\",\"@id\":\"https:\/\/omanivietnam.com\/#website\",\"url\":\"https:\/\/omanivietnam.com\/\",\"name\":\"OMANI VI\u1ec6T NAM\",\"description\":\"Nh\u00e0 ph\u00e2n ph\u1ed1i thi\u1ebft b\u1ecb kh\u00ed n\u00e9n v\u00e0 thi\u1ebft b\u1ecb t\u1ef1 \u0111\u1ed9ng h\u00f3a trong c\u00f4ng nghi\u1ec7p\",\"publisher\":{\"@id\":\"https:\/\/omanivietnam.com\/#\/schema\/person\/0ad398a980dc3fd696111c2c5c8fa897\"},\"potentialAction\":[{\"@type\":\"SearchAction\",\"target\":{\"@type\":\"EntryPoint\",\"urlTemplate\":\"https:\/\/omanivietnam.com\/?s={search_term_string}\"},\"query-input\":\"required name=search_term_string\"}],\"inLanguage\":\"vi\"},{\"@type\":[\"Person\",\"Organization\"],\"@id\":\"https:\/\/omanivietnam.com\/#\/schema\/person\/0ad398a980dc3fd696111c2c5c8fa897\",\"name\":\"Nguy\u1ec5n V\u0103n Kh\u00e1nh\",\"image\":{\"@type\":\"ImageObject\",\"inLanguage\":\"vi\",\"@id\":\"https:\/\/omanivietnam.com\/#\/schema\/person\/image\/\",\"url\":\"https:\/\/omanivietnam.com\/wp-content\/uploads\/2024\/06\/logo-1024x1024.png\",\"contentUrl\":\"https:\/\/omanivietnam.com\/wp-content\/uploads\/2024\/06\/logo-1024x1024.png\",\"width\":1024,\"height\":1024,\"caption\":\"Nguy\u1ec5n V\u0103n Kh\u00e1nh\"},\"logo\":{\"@id\":\"https:\/\/omanivietnam.com\/#\/schema\/person\/image\/\"},\"sameAs\":[\"https:\/\/omanivietnam.com\"]}]}<\/script>\n<!-- \/ Yoast SEO plugin. -->","yoast_head_json":{"title":"ALLEN BRADLEY 440G-T27255 - OMANI VI\u1ec6T NAM","description":"Guardlock Switch, TLS-GD2, Power To Lock, 24V ACDC, 1 N.C. 1 N.O., 2 N.C. Safety, 1 N.O Aux, 2 N.C. Safety Contacts, Break Before Make, 1 N.O. Auxillary Contact, GD2 Standard, Guardlocking Switch, M20 Conduit, Plastic","robots":{"index":"index","follow":"follow","max-snippet":"max-snippet:-1","max-image-preview":"max-image-preview:large","max-video-preview":"max-video-preview:-1"},"canonical":"https:\/\/omanivietnam.com\/index.php\/san-pham\/allen-bradley-440g-t27255\/","og_locale":"vi_VN","og_type":"article","og_title":"ALLEN BRADLEY 440G-T27255 - OMANI VI\u1ec6T NAM","og_description":"Guardlock Switch, TLS-GD2, Power To Lock, 24V ACDC, 1 N.C. 1 N.O., 2 N.C. Safety, 1 N.O Aux, 2 N.C. Safety Contacts, Break Before Make, 1 N.O. Auxillary Contact, GD2 Standard, Guardlocking Switch, M20 Conduit, Plastic","og_url":"https:\/\/omanivietnam.com\/index.php\/san-pham\/allen-bradley-440g-t27255\/","og_site_name":"OMANI VI\u1ec6T NAM","article_modified_time":"2024-08-10T14:47:38+00:00","og_image":[{"width":580,"height":373,"url":"https:\/\/omanivietnam.com\/wp-content\/uploads\/2024\/06\/440G-T27255.png","type":"image\/png"}],"twitter_card":"summary_large_image","twitter_misc":{"\u01af\u1edbc t\u00ednh th\u1eddi gian \u0111\u1ecdc":"2 ph\u00fat"},"schema":{"@context":"https:\/\/schema.org","@graph":[{"@type":"WebPage","@id":"https:\/\/omanivietnam.com\/index.php\/san-pham\/allen-bradley-440g-t27255\/","url":"https:\/\/omanivietnam.com\/index.php\/san-pham\/allen-bradley-440g-t27255\/","name":"ALLEN BRADLEY 440G-T27255 - OMANI VI\u1ec6T NAM","isPartOf":{"@id":"https:\/\/omanivietnam.com\/#website"},"primaryImageOfPage":{"@id":"https:\/\/omanivietnam.com\/index.php\/san-pham\/allen-bradley-440g-t27255\/#primaryimage"},"image":{"@id":"https:\/\/omanivietnam.com\/index.php\/san-pham\/allen-bradley-440g-t27255\/#primaryimage"},"thumbnailUrl":"https:\/\/omanivietnam.com\/wp-content\/uploads\/2024\/06\/440G-T27255.png","datePublished":"2024-06-16T16:01:19+00:00","dateModified":"2024-08-10T14:47:38+00:00","description":"Guardlock Switch, TLS-GD2, Power To Lock, 24V ACDC, 1 N.C. 1 N.O., 2 N.C. Safety, 1 N.O Aux, 2 N.C. Safety Contacts, Break Before Make, 1 N.O. Auxillary Contact, GD2 Standard, Guardlocking Switch, M20 Conduit, Plastic","breadcrumb":{"@id":"https:\/\/omanivietnam.com\/index.php\/san-pham\/allen-bradley-440g-t27255\/#breadcrumb"},"inLanguage":"vi","potentialAction":[{"@type":"ReadAction","target":["https:\/\/omanivietnam.com\/index.php\/san-pham\/allen-bradley-440g-t27255\/"]}]},{"@type":"ImageObject","inLanguage":"vi","@id":"https:\/\/omanivietnam.com\/index.php\/san-pham\/allen-bradley-440g-t27255\/#primaryimage","url":"https:\/\/omanivietnam.com\/wp-content\/uploads\/2024\/06\/440G-T27255.png","contentUrl":"https:\/\/omanivietnam.com\/wp-content\/uploads\/2024\/06\/440G-T27255.png","width":580,"height":373},{"@type":"BreadcrumbList","@id":"https:\/\/omanivietnam.com\/index.php\/san-pham\/allen-bradley-440g-t27255\/#breadcrumb","itemListElement":[{"@type":"ListItem","position":1,"name":"Home","item":"https:\/\/omanivietnam.com\/"},{"@type":"ListItem","position":2,"name":"S\u1ea2N PH\u1ea8M","item":"https:\/\/omanivietnam.com\/index.php\/cua-hang\/"},{"@type":"ListItem","position":3,"name":"ALLEN BRADLEY 440G-T27255"}]},{"@type":"WebSite","@id":"https:\/\/omanivietnam.com\/#website","url":"https:\/\/omanivietnam.com\/","name":"OMANI VI\u1ec6T NAM","description":"Nh\u00e0 ph\u00e2n ph\u1ed1i thi\u1ebft b\u1ecb kh\u00ed n\u00e9n v\u00e0 thi\u1ebft b\u1ecb t\u1ef1 \u0111\u1ed9ng h\u00f3a trong c\u00f4ng nghi\u1ec7p","publisher":{"@id":"https:\/\/omanivietnam.com\/#\/schema\/person\/0ad398a980dc3fd696111c2c5c8fa897"},"potentialAction":[{"@type":"SearchAction","target":{"@type":"EntryPoint","urlTemplate":"https:\/\/omanivietnam.com\/?s={search_term_string}"},"query-input":"required name=search_term_string"}],"inLanguage":"vi"},{"@type":["Person","Organization"],"@id":"https:\/\/omanivietnam.com\/#\/schema\/person\/0ad398a980dc3fd696111c2c5c8fa897","name":"Nguy\u1ec5n V\u0103n Kh\u00e1nh","image":{"@type":"ImageObject","inLanguage":"vi","@id":"https:\/\/omanivietnam.com\/#\/schema\/person\/image\/","url":"https:\/\/omanivietnam.com\/wp-content\/uploads\/2024\/06\/logo-1024x1024.png","contentUrl":"https:\/\/omanivietnam.com\/wp-content\/uploads\/2024\/06\/logo-1024x1024.png","width":1024,"height":1024,"caption":"Nguy\u1ec5n V\u0103n Kh\u00e1nh"},"logo":{"@id":"https:\/\/omanivietnam.com\/#\/schema\/person\/image\/"},"sameAs":["https:\/\/omanivietnam.com"]}]}},"_links":{"self":[{"href":"https:\/\/omanivietnam.com\/index.php\/wp-json\/wp\/v2\/product\/769","targetHints":{"allow":["GET"]}}],"collection":[{"href":"https:\/\/omanivietnam.com\/index.php\/wp-json\/wp\/v2\/product"}],"about":[{"href":"https:\/\/omanivietnam.com\/index.php\/wp-json\/wp\/v2\/types\/product"}],"replies":[{"embeddable":true,"href":"https:\/\/omanivietnam.com\/index.php\/wp-json\/wp\/v2\/comments?post=769"}],"wp:featuredmedia":[{"embeddable":true,"href":"https:\/\/omanivietnam.com\/index.php\/wp-json\/wp\/v2\/media\/770"}],"wp:attachment":[{"href":"https:\/\/omanivietnam.com\/index.php\/wp-json\/wp\/v2\/media?parent=769"}],"wp:term":[{"taxonomy":"product_cat","embeddable":true,"href":"https:\/\/omanivietnam.com\/index.php\/wp-json\/wp\/v2\/product_cat?post=769"},{"taxonomy":"product_tag","embeddable":true,"href":"https:\/\/omanivietnam.com\/index.php\/wp-json\/wp\/v2\/product_tag?post=769"}],"curies":[{"name":"wp","href":"https:\/\/api.w.org\/{rel}","templated":true}]}}