{"id":771,"date":"2024-06-17T23:50:23","date_gmt":"2024-06-17T16:50:23","guid":{"rendered":"https:\/\/omanivietnam.com\/?post_type=product&#038;p=771"},"modified":"2024-08-29T08:43:14","modified_gmt":"2024-08-29T01:43:14","slug":"hengli-apk11-15a-bd5-dc24v","status":"publish","type":"product","link":"https:\/\/omanivietnam.com\/index.php\/san-pham\/hengli-apk11-15a-bd5-dc24v\/","title":{"rendered":"HENGLI APK11-15A-BD5 DC24V"},"content":{"rendered":"<p>HENGLI APK11-15A-BD5 DC24V<\/p>\n<h3 class=\"hd3\">APK11 series pilot type two way solenoid valve<\/h3>\n<h4 class=\"hd4\"><\/h4>\n<div class=\"txt\"><strong>Product characteristics<\/strong>\u2022 Wide range of pressure, from vacuum 10Torr to high pressure 1MPa can be used<br \/>\n\u2022 Free wiring direction<br \/>\n\u2022 Installation form can be coil vertical installation to horizontal installation in a wide range (use pressure \u2264 0.05MPa must be installed vertically)<br \/>\n\u2022 piston action sensitive, Reliable and stable performance<br \/>\n\u2022 Piston guide is made of polytetrafluoroethylene material with long service life<\/div>\n<div><\/div>\n<div><img decoding=\"async\" src=\"https:\/\/www.wxhengli.com\/static\/upload\/image\/20231023\/1698022960191696.png\" alt=\"image.png\" \/><\/div>\n<div><\/div>\n<div><\/div>\n<div>\n<p>\u0110\u1ea1i l\u00fd HENGLI vietnam, HENGLI viet nam, HENGLI vietnam distributor, Ph\u00e2n ph\u1ed1i HENGLI t\u1ea1i vi\u1ec7t nam<\/p>\n<p>\u0110\u1ea1i l\u00fd HENGLI vietnam, HENGLI viet nam, HENGLI vietnam distributor, Ph\u00e2n ph\u1ed1i HENGLI t\u1ea1i vi\u1ec7t nam<\/p>\n<p>\u0110\u1ea1i l\u00fd HENGLI vietnam, HENGLI viet nam, HENGLI vietnam distributor, Ph\u00e2n ph\u1ed1i HENGLI t\u1ea1i vi\u1ec7t nam<\/p>\n<p>\u0110\u1ea1i l\u00fd HENGLI vietnam, HENGLI viet nam, HENGLI vietnam distributor, Ph\u00e2n ph\u1ed1i HENGLI t\u1ea1i vi\u1ec7t nam<\/p>\n<\/div>\n","protected":false},"excerpt":{"rendered":"<p>HENGLI APK11-15A-BD5 DC24V APK11 series pilot type two way solenoid valve Product characteristics\u2022 Wide range of pressure, from vacuum 10Torr to high pressure 1MPa can be used \u2022 Free wiring direction \u2022 Installation form can be coil vertical installation to horizontal installation in a wide range (use pressure \u2264 0.05MPa&hellip; <\/p>\n","protected":false},"featured_media":772,"comment_status":"open","ping_status":"closed","template":"","meta":[],"product_cat":[319],"product_tag":[182,181,102],"class_list":{"0":"post-771","1":"product","2":"type-product","3":"status-publish","4":"has-post-thumbnail","6":"product_cat-other-brands","7":"product_tag-dai-ly-hengli-hengli-viet-nam","8":"product_tag-hengli-viet-nam","9":"product_tag-van-khi-nen","11":"first","12":"instock","13":"shipping-taxable","14":"product-type-simple"},"yoast_head":"<!-- This site is optimized with the Yoast SEO plugin v22.8 - https:\/\/yoast.com\/wordpress\/plugins\/seo\/ -->\n<title>HENGLI APK11-15A-BD5 DC24V - OMANI VI\u1ec6T NAM<\/title>\n<meta name=\"description\" content=\"APK11 series pilot type two way solenoid valve\" \/>\n<meta name=\"robots\" content=\"index, follow, max-snippet:-1, max-image-preview:large, max-video-preview:-1\" \/>\n<link rel=\"canonical\" href=\"https:\/\/omanivietnam.com\/index.php\/san-pham\/hengli-apk11-15a-bd5-dc24v\/\" \/>\n<meta property=\"og:locale\" content=\"vi_VN\" \/>\n<meta property=\"og:type\" content=\"article\" \/>\n<meta property=\"og:title\" content=\"HENGLI APK11-15A-BD5 DC24V - OMANI VI\u1ec6T NAM\" \/>\n<meta property=\"og:description\" content=\"APK11 series pilot type two way solenoid valve\" \/>\n<meta property=\"og:url\" content=\"https:\/\/omanivietnam.com\/index.php\/san-pham\/hengli-apk11-15a-bd5-dc24v\/\" \/>\n<meta property=\"og:site_name\" content=\"OMANI VI\u1ec6T NAM\" \/>\n<meta property=\"article:modified_time\" content=\"2024-08-29T01:43:14+00:00\" \/>\n<meta property=\"og:image\" content=\"https:\/\/omanivietnam.com\/wp-content\/uploads\/2024\/06\/APK11-15A-BD5-DC24V.png\" \/>\n\t<meta property=\"og:image:width\" content=\"1131\" \/>\n\t<meta property=\"og:image:height\" content=\"965\" \/>\n\t<meta property=\"og:image:type\" content=\"image\/png\" \/>\n<meta name=\"twitter:card\" content=\"summary_large_image\" \/>\n<meta name=\"twitter:label1\" content=\"\u01af\u1edbc t\u00ednh th\u1eddi gian \u0111\u1ecdc\" \/>\n\t<meta name=\"twitter:data1\" content=\"2 ph\u00fat\" \/>\n<script type=\"application\/ld+json\" class=\"yoast-schema-graph\">{\"@context\":\"https:\/\/schema.org\",\"@graph\":[{\"@type\":\"WebPage\",\"@id\":\"https:\/\/omanivietnam.com\/index.php\/san-pham\/hengli-apk11-15a-bd5-dc24v\/\",\"url\":\"https:\/\/omanivietnam.com\/index.php\/san-pham\/hengli-apk11-15a-bd5-dc24v\/\",\"name\":\"HENGLI APK11-15A-BD5 DC24V - OMANI VI\u1ec6T NAM\",\"isPartOf\":{\"@id\":\"https:\/\/omanivietnam.com\/#website\"},\"primaryImageOfPage\":{\"@id\":\"https:\/\/omanivietnam.com\/index.php\/san-pham\/hengli-apk11-15a-bd5-dc24v\/#primaryimage\"},\"image\":{\"@id\":\"https:\/\/omanivietnam.com\/index.php\/san-pham\/hengli-apk11-15a-bd5-dc24v\/#primaryimage\"},\"thumbnailUrl\":\"https:\/\/omanivietnam.com\/wp-content\/uploads\/2024\/06\/APK11-15A-BD5-DC24V.png\",\"datePublished\":\"2024-06-17T16:50:23+00:00\",\"dateModified\":\"2024-08-29T01:43:14+00:00\",\"description\":\"APK11 series pilot type two way solenoid valve\",\"breadcrumb\":{\"@id\":\"https:\/\/omanivietnam.com\/index.php\/san-pham\/hengli-apk11-15a-bd5-dc24v\/#breadcrumb\"},\"inLanguage\":\"vi\",\"potentialAction\":[{\"@type\":\"ReadAction\",\"target\":[\"https:\/\/omanivietnam.com\/index.php\/san-pham\/hengli-apk11-15a-bd5-dc24v\/\"]}]},{\"@type\":\"ImageObject\",\"inLanguage\":\"vi\",\"@id\":\"https:\/\/omanivietnam.com\/index.php\/san-pham\/hengli-apk11-15a-bd5-dc24v\/#primaryimage\",\"url\":\"https:\/\/omanivietnam.com\/wp-content\/uploads\/2024\/06\/APK11-15A-BD5-DC24V.png\",\"contentUrl\":\"https:\/\/omanivietnam.com\/wp-content\/uploads\/2024\/06\/APK11-15A-BD5-DC24V.png\",\"width\":1131,\"height\":965},{\"@type\":\"BreadcrumbList\",\"@id\":\"https:\/\/omanivietnam.com\/index.php\/san-pham\/hengli-apk11-15a-bd5-dc24v\/#breadcrumb\",\"itemListElement\":[{\"@type\":\"ListItem\",\"position\":1,\"name\":\"Home\",\"item\":\"https:\/\/omanivietnam.com\/\"},{\"@type\":\"ListItem\",\"position\":2,\"name\":\"S\u1ea2N PH\u1ea8M\",\"item\":\"https:\/\/omanivietnam.com\/index.php\/cua-hang\/\"},{\"@type\":\"ListItem\",\"position\":3,\"name\":\"HENGLI APK11-15A-BD5 DC24V\"}]},{\"@type\":\"WebSite\",\"@id\":\"https:\/\/omanivietnam.com\/#website\",\"url\":\"https:\/\/omanivietnam.com\/\",\"name\":\"OMANI VI\u1ec6T NAM\",\"description\":\"Nh\u00e0 ph\u00e2n ph\u1ed1i thi\u1ebft b\u1ecb kh\u00ed n\u00e9n v\u00e0 thi\u1ebft b\u1ecb t\u1ef1 \u0111\u1ed9ng h\u00f3a trong c\u00f4ng nghi\u1ec7p\",\"publisher\":{\"@id\":\"https:\/\/omanivietnam.com\/#\/schema\/person\/0ad398a980dc3fd696111c2c5c8fa897\"},\"potentialAction\":[{\"@type\":\"SearchAction\",\"target\":{\"@type\":\"EntryPoint\",\"urlTemplate\":\"https:\/\/omanivietnam.com\/?s={search_term_string}\"},\"query-input\":\"required name=search_term_string\"}],\"inLanguage\":\"vi\"},{\"@type\":[\"Person\",\"Organization\"],\"@id\":\"https:\/\/omanivietnam.com\/#\/schema\/person\/0ad398a980dc3fd696111c2c5c8fa897\",\"name\":\"Nguy\u1ec5n V\u0103n Kh\u00e1nh\",\"image\":{\"@type\":\"ImageObject\",\"inLanguage\":\"vi\",\"@id\":\"https:\/\/omanivietnam.com\/#\/schema\/person\/image\/\",\"url\":\"https:\/\/omanivietnam.com\/wp-content\/uploads\/2024\/06\/logo-1024x1024.png\",\"contentUrl\":\"https:\/\/omanivietnam.com\/wp-content\/uploads\/2024\/06\/logo-1024x1024.png\",\"width\":1024,\"height\":1024,\"caption\":\"Nguy\u1ec5n V\u0103n Kh\u00e1nh\"},\"logo\":{\"@id\":\"https:\/\/omanivietnam.com\/#\/schema\/person\/image\/\"},\"sameAs\":[\"https:\/\/omanivietnam.com\"]}]}<\/script>\n<!-- \/ Yoast SEO plugin. -->","yoast_head_json":{"title":"HENGLI APK11-15A-BD5 DC24V - OMANI VI\u1ec6T NAM","description":"APK11 series pilot type two way solenoid valve","robots":{"index":"index","follow":"follow","max-snippet":"max-snippet:-1","max-image-preview":"max-image-preview:large","max-video-preview":"max-video-preview:-1"},"canonical":"https:\/\/omanivietnam.com\/index.php\/san-pham\/hengli-apk11-15a-bd5-dc24v\/","og_locale":"vi_VN","og_type":"article","og_title":"HENGLI APK11-15A-BD5 DC24V - OMANI VI\u1ec6T NAM","og_description":"APK11 series pilot type two way solenoid valve","og_url":"https:\/\/omanivietnam.com\/index.php\/san-pham\/hengli-apk11-15a-bd5-dc24v\/","og_site_name":"OMANI VI\u1ec6T NAM","article_modified_time":"2024-08-29T01:43:14+00:00","og_image":[{"width":1131,"height":965,"url":"https:\/\/omanivietnam.com\/wp-content\/uploads\/2024\/06\/APK11-15A-BD5-DC24V.png","type":"image\/png"}],"twitter_card":"summary_large_image","twitter_misc":{"\u01af\u1edbc t\u00ednh th\u1eddi gian \u0111\u1ecdc":"2 ph\u00fat"},"schema":{"@context":"https:\/\/schema.org","@graph":[{"@type":"WebPage","@id":"https:\/\/omanivietnam.com\/index.php\/san-pham\/hengli-apk11-15a-bd5-dc24v\/","url":"https:\/\/omanivietnam.com\/index.php\/san-pham\/hengli-apk11-15a-bd5-dc24v\/","name":"HENGLI APK11-15A-BD5 DC24V - OMANI VI\u1ec6T NAM","isPartOf":{"@id":"https:\/\/omanivietnam.com\/#website"},"primaryImageOfPage":{"@id":"https:\/\/omanivietnam.com\/index.php\/san-pham\/hengli-apk11-15a-bd5-dc24v\/#primaryimage"},"image":{"@id":"https:\/\/omanivietnam.com\/index.php\/san-pham\/hengli-apk11-15a-bd5-dc24v\/#primaryimage"},"thumbnailUrl":"https:\/\/omanivietnam.com\/wp-content\/uploads\/2024\/06\/APK11-15A-BD5-DC24V.png","datePublished":"2024-06-17T16:50:23+00:00","dateModified":"2024-08-29T01:43:14+00:00","description":"APK11 series pilot type two way solenoid valve","breadcrumb":{"@id":"https:\/\/omanivietnam.com\/index.php\/san-pham\/hengli-apk11-15a-bd5-dc24v\/#breadcrumb"},"inLanguage":"vi","potentialAction":[{"@type":"ReadAction","target":["https:\/\/omanivietnam.com\/index.php\/san-pham\/hengli-apk11-15a-bd5-dc24v\/"]}]},{"@type":"ImageObject","inLanguage":"vi","@id":"https:\/\/omanivietnam.com\/index.php\/san-pham\/hengli-apk11-15a-bd5-dc24v\/#primaryimage","url":"https:\/\/omanivietnam.com\/wp-content\/uploads\/2024\/06\/APK11-15A-BD5-DC24V.png","contentUrl":"https:\/\/omanivietnam.com\/wp-content\/uploads\/2024\/06\/APK11-15A-BD5-DC24V.png","width":1131,"height":965},{"@type":"BreadcrumbList","@id":"https:\/\/omanivietnam.com\/index.php\/san-pham\/hengli-apk11-15a-bd5-dc24v\/#breadcrumb","itemListElement":[{"@type":"ListItem","position":1,"name":"Home","item":"https:\/\/omanivietnam.com\/"},{"@type":"ListItem","position":2,"name":"S\u1ea2N PH\u1ea8M","item":"https:\/\/omanivietnam.com\/index.php\/cua-hang\/"},{"@type":"ListItem","position":3,"name":"HENGLI APK11-15A-BD5 DC24V"}]},{"@type":"WebSite","@id":"https:\/\/omanivietnam.com\/#website","url":"https:\/\/omanivietnam.com\/","name":"OMANI VI\u1ec6T NAM","description":"Nh\u00e0 ph\u00e2n ph\u1ed1i thi\u1ebft b\u1ecb kh\u00ed n\u00e9n v\u00e0 thi\u1ebft b\u1ecb t\u1ef1 \u0111\u1ed9ng h\u00f3a trong c\u00f4ng nghi\u1ec7p","publisher":{"@id":"https:\/\/omanivietnam.com\/#\/schema\/person\/0ad398a980dc3fd696111c2c5c8fa897"},"potentialAction":[{"@type":"SearchAction","target":{"@type":"EntryPoint","urlTemplate":"https:\/\/omanivietnam.com\/?s={search_term_string}"},"query-input":"required name=search_term_string"}],"inLanguage":"vi"},{"@type":["Person","Organization"],"@id":"https:\/\/omanivietnam.com\/#\/schema\/person\/0ad398a980dc3fd696111c2c5c8fa897","name":"Nguy\u1ec5n V\u0103n Kh\u00e1nh","image":{"@type":"ImageObject","inLanguage":"vi","@id":"https:\/\/omanivietnam.com\/#\/schema\/person\/image\/","url":"https:\/\/omanivietnam.com\/wp-content\/uploads\/2024\/06\/logo-1024x1024.png","contentUrl":"https:\/\/omanivietnam.com\/wp-content\/uploads\/2024\/06\/logo-1024x1024.png","width":1024,"height":1024,"caption":"Nguy\u1ec5n V\u0103n Kh\u00e1nh"},"logo":{"@id":"https:\/\/omanivietnam.com\/#\/schema\/person\/image\/"},"sameAs":["https:\/\/omanivietnam.com"]}]}},"_links":{"self":[{"href":"https:\/\/omanivietnam.com\/index.php\/wp-json\/wp\/v2\/product\/771","targetHints":{"allow":["GET"]}}],"collection":[{"href":"https:\/\/omanivietnam.com\/index.php\/wp-json\/wp\/v2\/product"}],"about":[{"href":"https:\/\/omanivietnam.com\/index.php\/wp-json\/wp\/v2\/types\/product"}],"replies":[{"embeddable":true,"href":"https:\/\/omanivietnam.com\/index.php\/wp-json\/wp\/v2\/comments?post=771"}],"wp:featuredmedia":[{"embeddable":true,"href":"https:\/\/omanivietnam.com\/index.php\/wp-json\/wp\/v2\/media\/772"}],"wp:attachment":[{"href":"https:\/\/omanivietnam.com\/index.php\/wp-json\/wp\/v2\/media?parent=771"}],"wp:term":[{"taxonomy":"product_cat","embeddable":true,"href":"https:\/\/omanivietnam.com\/index.php\/wp-json\/wp\/v2\/product_cat?post=771"},{"taxonomy":"product_tag","embeddable":true,"href":"https:\/\/omanivietnam.com\/index.php\/wp-json\/wp\/v2\/product_tag?post=771"}],"curies":[{"name":"wp","href":"https:\/\/api.w.org\/{rel}","templated":true}]}}