{"id":781,"date":"2024-06-18T22:48:21","date_gmt":"2024-06-18T15:48:21","guid":{"rendered":"https:\/\/omanivietnam.com\/?post_type=product&#038;p=781"},"modified":"2024-08-10T21:37:51","modified_gmt":"2024-08-10T14:37:51","slug":"keiki-dg4v-3-2a-m-p2-t-7-56","status":"publish","type":"product","link":"https:\/\/omanivietnam.com\/index.php\/san-pham\/keiki-dg4v-3-2a-m-p2-t-7-56\/","title":{"rendered":"KEIKI DG4V-3-2A-M-P2-T-7-56"},"content":{"rendered":"<p>KEIKI DG4V-3-2A-M-P2-T-7-56<\/p>\n<p><span style=\"color: #383634;font-size: 26px\">Th\u00f4ng s\u1ed1 k\u1ef9 thu\u1eadt<\/span><\/p>\n<div class=\"specs break-word mt-4\">\n<div class=\"spec spec-exp\"><span class=\"ask\">M\u00e3 h\u00e0ng:<\/span><span class=\"answer\">DG4V-3-6C-M-P2-T-7-56<\/span><\/div>\n<div class=\"spec spec-exp\"><span class=\"ask\">Thi\u1ebft b\u1ecb:<\/span><span class=\"answer\">Van \u0111i\u1ec1u khi\u1ec3n, Control valve<\/span><\/div>\n<div class=\"spec spec-exp\"><span class=\"ask\">Series:<\/span><span class=\"answer\">DG4V-3<\/span><\/div>\n<div class=\"spec spec-exp\"><span class=\"ask\">H\u00e3ng s\u1ea3n xu\u1ea5t:<\/span><span class=\"answer\">Tokyo Keiki<\/span><\/div>\n<div class=\"spec spec-exp\"><span class=\"ask\">Xu\u1ea5t x\u1ee9 th\u01b0\u01a1ng hi\u1ec7u:<\/span><span class=\"answer\">Nh\u1eadt B\u1ea3n<\/span><\/div>\n<div><\/div>\n<\/div>\n<p><img decoding=\"async\" src=\"https:\/\/anhuyautomatic.com.vn\/wp-content\/uploads\/2021\/11\/m%C3%A3-%C4%91%E1%BA%B7t-h%C3%A0ng-d4gv-3.png\" alt=\"ma-dat-hang-van-tokimec-DG4V-3-2A-M-U7-H-7-56\" \/><\/p>\n<p>&nbsp;<\/p>\n<p><img fetchpriority=\"high\" decoding=\"async\" class=\"\" src=\"https:\/\/anhuyautomatic.com.vn\/wp-content\/uploads\/2021\/11\/th%C3%B4ng-s%E1%BB%91-dg4v.png\" alt=\"thong-so-ky-thuat-van-tokimec-DG4V-3-2A-M-U7-H-7-56\" width=\"773\" height=\"335\" \/><\/p>\n<p>&nbsp;<\/p>\n<p>Xem chi ti\u1ebft t\u1ea1i file catalog ho\u1eb7c li\u00ean h\u1ec7 \u0111\u1ec3 \u0111\u01b0\u1ee3c t\u01b0 v\u1ea5n<\/p>\n<p>Model:<\/p>\n<p>DG4V-3-0A-M-P2-T-7-54<\/p>\n<p>DG4V-3-0A-M-P7-T-7-54<\/p>\n<p>DG4V-3-0A-M-P2-V-7-54<\/p>\n<p>DG4V-3-0A-M-P7-H-7-54<br \/>\nDG4V-3-0A-M-U1-H-7-54<\/p>\n<p>DG4V-3-0A-M-U7-H-7-54<\/p>\n<p>DG4V-3-0AL-M-P2-T-7-54<br \/>\nDG4V-3-0AL-M-P7-T-7-54<\/p>\n<p>DG4V-3-0AL-M-P2-V-7-54<\/p>\n<p>DG4V-3-0AL-M-P7-H-7-54<br \/>\nDG4V-3-2A-M-P2-T-7-54<\/p>\n<p>DG4V-3-2A-M-P2-T-7-P10-54<\/p>\n<p>DG4V-3-2A-M-P2-T-7-54<br \/>\nDG4V-3-2A-M-P7-T-7-54<\/p>\n<p>DG4V-3-2A-M-P7-T-7-54<\/p>\n<p>DG4V-3-2A-M-P7-T-7-54<br \/>\nDG4V-3-2A-M-P2-V-7-54<\/p>\n<p>DG4V-3-2A-M-P7-H-7-54<\/p>\n<p>DG4V-3-2A-M-P7-H-7-T12-54<\/p>\n<p>DG4V-3-2A-M-U1-V-7-54<br \/>\nDG4V-3-2A-M-U7-H-7-54<\/p>\n<p>DG4V-3-2AL-M-P2-T-7-54<\/p>\n<p>DG4V-3-2AL-M-P7-T-7-54<\/p>\n<p>DG4V-3-2AL-M-P2-V-7-54<br \/>\nDG4V-3-2AL-M-P7-H-7-54<\/p>\n<p>DG4V-3-2A-M-U7-H-7-54<\/p>\n<p>DG4V-3-2AL-M-P2-T-7-54<\/p>\n<p>DG4V-3-2AL-M-P7-T-7-54<br \/>\nDG4V-3-2AL-M-P2-V-7-54<\/p>\n<p>DG4V-3-2AL-M-P7-H-7-54<\/p>\n<p>DG4V-3-6A-M-P2-T-7-54<\/p>\n<p>DG4V-3-6A-M-P7-T-7-54<br \/>\nDG4V-3-6A-M-P2-V-7-54<\/p>\n<p>DG4V-3-6A-M-P7-H-7-54<\/p>\n<p>DG4V-3-6A-M-U1-H-7-54<\/p>\n<p>DG4V-3-6A-M-U7-H-7-54<br \/>\nDG4V-3-0B-M-P2-T-7-54<\/p>\n<p>DG4V-3-0B-M-P7-T-7-54<\/p>\n<p>DG4V-3-0B-M-P2-V-7-54<\/p>\n<p>DG4V-3-0B-M-P7-H-7-54<br \/>\nDG4V-3-0B-M-U1-V-7-54<\/p>\n<p>DG4V-3-0B-M-U7-H-7-54<\/p>\n<p>DG4V-3-0BL-M-P2-T-7-54<\/p>\n<p>DG4V-3-0BL-M-P7-T-7-54<br \/>\nDG4V-3-0BL-M-P2-V-7-54<\/p>\n<p>DG4V-3-0BL-M-P7-H-7-54<\/p>\n<p>DG4V-3-2B-M-P2-T-7-54<\/p>\n<p>DG4V-3-2B-M-P7-T-7-54<br \/>\nDG4V-3-2B-M-P2-V-7-54<\/p>\n<p>DG4V-3-2B-M-P7-H-7-54<\/p>\n<p>DG4V-3-2BL-M-P2-T-7-54<\/p>\n<p>DG4V-3-2BL-M-P7-T-7-54<br \/>\nDG4V-3-2BL-M-P7-T-7-54-JA30<\/p>\n<p>DG4V-3-2BL-M-P2-V-7-54<\/p>\n<p>DG4V-3-2BL-M-P7-H-7-54<br \/>\nDG4V-3-3B-M-P2-T-7-54<\/p>\n<p>DG4V-3-3B-M-P7-T-7-54<\/p>\n<p>DG4V-3-3B-M-P2-V-7-54<\/p>\n<p>DG4V-3-3B-M-P7-H-7-54<br \/>\nDG4V-3-3BL-M-P2-T-7-54<\/p>\n<p>DG4V-3-3BL-M-P7-T-7-54<\/p>\n<p>DG4V-3-3BL-M-P2-V-7-54<\/p>\n<p>DG4V-3-3BL-M-P7-H-7-54<br \/>\nDG4V-3-6B-M-P2-T-7-54<\/p>\n<p>DG4V-3-6B-M-P7-T-7-54<\/p>\n<p>DG4V-3-6B-M-P2-V-7-54<\/p>\n<p>DG4V-3-6B-M-P7-H-7-54<br \/>\nDG4V-3-6BL-M-P2-T-7-54<\/p>\n<p>DG4V-3-6BL-M-P7-T-7-54<\/p>\n<p>DG4V-3-6BL-M-P7-T-7-54-JA20<br \/>\nDG4V-3-6BL-M-P2-V-7-54<\/p>\n<p>DG4V-3-6BL-M-P7-H-7-54<\/p>\n<p>DG4V-3-0C-M-P2-T-7-54<\/p>\n<p>DG4V-3-0C-M-P7-T-7-54<br \/>\nDG4V-3-0C-M-P2-V-7-54<\/p>\n<p>DG4V-3-0C-M-P2-V-7-P12-54<\/p>\n<p>DG4V-3-0C-M-P7-H-7-54<\/p>\n<p>DG4V-3-2C-M-P2-T-7-54<br \/>\nDG4V-3-2C-M-P7-T-7-54<\/p>\n<p>DG4V-3-2C-M-P2-V-7-54<\/p>\n<p>DG4V-3-2C-M-P7-H-7-54<\/p>\n<p>DG4V-3-2C-M-P7-H-P36-7-54<br \/>\nDG4V-3-2C-M-U1-H-7-54-JA16<\/p>\n<p>DG4V-3-6C-M-P2-T-7-54<\/p>\n<p>DG4V-3-6C-M-P7-T-7-54<\/p>\n<p>DG4V-3-6C-M-P7-T-7-54-JA20<br \/>\nDG4V-3-6C-M-P2-V-7-54<\/p>\n<p>DG4V-3-6C-M-P7-H-7-54<\/p>\n<p>DG4V-3-6C-M-P7-H-7-54-JA100<\/p>\n<p>DG4V-3-6C-M-U2-H-7-P20-54<\/p>\n<p>DG4V-3-6C-M-P7-H-7-54-JA36<br \/>\nDG4V-3-6C-M-U1-V-7-54<\/p>\n<p>DG4V-3-6C-M-U7-H-7-54<\/p>\n<p>DG4V-3-7C-M-P2-T-7-54<\/p>\n<p>DG4V-3-7C-M-P7-T-7-54<br \/>\nDG4V-3-7C-M-P7-T-7-54-JA54<\/p>\n<p>DG4V-3-7C-M-P7-T-7-54-JA18SA<\/p>\n<p>DG4V-3-7C-M-P2-V-7-54<br \/>\nDG4V-3-7C-M-P7-H-7-54<\/p>\n<p>DG4V-3-8C-M-P2-T-7-54<\/p>\n<p>DG4V-3-8C-M-P7-T-7-54<\/p>\n<p>DG4V-3-8C-M-P2-V-7-54<br \/>\nDG4V-3-8C-M-P7-H-7-54<\/p>\n<p>DG4V-3-31C-M-P2-T-7-54<\/p>\n<p>DG4V-3-31C-M-P7-T-7-54<\/p>\n<p>DG4V-3-31C-M-P2-V-7-54<br \/>\nDG4V-3-31C-M-P7-H-7-54<\/p>\n<p>DG4V-3-33C-M-P2-T-7-54<\/p>\n<p>DG4V-3-33C-M-P7-T-7-54<\/p>\n<p>DG4V-3-33C-M-P2-V-7-54<br \/>\nDG4V-3-33C-M-P7-H-7-54<\/p>\n<p>DG4V-3-2N-M-P2-T-7-54<\/p>\n<p>DG4V-3-2N-M-P7-T-7-54<\/p>\n<p>DG4V-3-2N-M-P2-V-7-54<br \/>\nDG4V-3-2N-M-P7-H-7-54<\/p>\n<p>\u0110\u1ea1i l\u00fd KEIKI vietnam, KEIKI viet nam, KEIKI vietnam distributor, Ph\u00e2n ph\u1ed1i KEIKI t\u1ea1i vi\u1ec7t nam<\/p>\n<p>\u0110\u1ea1i l\u00fd KEIKI vietnam, KEIKI viet nam, KEIKI vietnam distributor, Ph\u00e2n ph\u1ed1i KEIKI t\u1ea1i vi\u1ec7t nam<\/p>\n<p>\u0110\u1ea1i l\u00fd KEIKI vietnam, KEIKI viet nam, KEIKI vietnam distributor, Ph\u00e2n ph\u1ed1i KEIKI t\u1ea1i vi\u1ec7t nam<\/p>\n<p>\u0110\u1ea1i l\u00fd KEIKI vietnam, KEIKI viet nam, KEIKI vietnam distributor, Ph\u00e2n ph\u1ed1i KEIKI t\u1ea1i vi\u1ec7t nam<\/p>\n<p>\u0110\u1ea1i l\u00fd KEIKI vietnam, KEIKI viet nam, KEIKI vietnam distributor, Ph\u00e2n ph\u1ed1i KEIKI t\u1ea1i vi\u1ec7t nam<\/p>\n","protected":false},"excerpt":{"rendered":"<p>KEIKI DG4V-3-2A-M-P2-T-7-56 Th\u00f4ng s\u1ed1 k\u1ef9 thu\u1eadt M\u00e3 h\u00e0ng:DG4V-3-6C-M-P2-T-7-56 Thi\u1ebft b\u1ecb:Van \u0111i\u1ec1u khi\u1ec3n, Control valve Series:DG4V-3 H\u00e3ng s\u1ea3n xu\u1ea5t:Tokyo Keiki Xu\u1ea5t x\u1ee9 th\u01b0\u01a1ng hi\u1ec7u:Nh\u1eadt B\u1ea3n &nbsp; &nbsp; Xem chi ti\u1ebft t\u1ea1i file catalog ho\u1eb7c li\u00ean h\u1ec7 \u0111\u1ec3 \u0111\u01b0\u1ee3c t\u01b0 v\u1ea5n Model: DG4V-3-0A-M-P2-T-7-54 DG4V-3-0A-M-P7-T-7-54 DG4V-3-0A-M-P2-V-7-54 DG4V-3-0A-M-P7-H-7-54 DG4V-3-0A-M-U1-H-7-54 DG4V-3-0A-M-U7-H-7-54 DG4V-3-0AL-M-P2-T-7-54 DG4V-3-0AL-M-P7-T-7-54 DG4V-3-0AL-M-P2-V-7-54 DG4V-3-0AL-M-P7-H-7-54&hellip; <\/p>\n","protected":false},"featured_media":782,"comment_status":"open","ping_status":"closed","template":"","meta":[],"product_cat":[377],"product_tag":[186,185,102],"class_list":{"0":"post-781","1":"product","2":"type-product","3":"status-publish","4":"has-post-thumbnail","6":"product_cat-keiki","7":"product_tag-dai-ly-keiki-viet-nam","8":"product_tag-keiki-viet-nam","9":"product_tag-van-khi-nen","11":"first","12":"instock","13":"shipping-taxable","14":"product-type-simple"},"yoast_head":"<!-- This site is optimized with the Yoast SEO plugin v22.8 - https:\/\/yoast.com\/wordpress\/plugins\/seo\/ -->\n<title>KEIKI DG4V-3-2A-M-P2-T-7-56 - OMANI VI\u1ec6T NAM<\/title>\n<meta name=\"description\" content=\"DG4V-3 Directional Control Valves, Tokyo Keiki\" \/>\n<meta name=\"robots\" content=\"index, follow, max-snippet:-1, max-image-preview:large, max-video-preview:-1\" \/>\n<link rel=\"canonical\" href=\"https:\/\/omanivietnam.com\/index.php\/san-pham\/keiki-dg4v-3-2a-m-p2-t-7-56\/\" \/>\n<meta property=\"og:locale\" content=\"vi_VN\" \/>\n<meta property=\"og:type\" content=\"article\" \/>\n<meta property=\"og:title\" content=\"KEIKI DG4V-3-2A-M-P2-T-7-56 - OMANI VI\u1ec6T NAM\" \/>\n<meta property=\"og:description\" content=\"DG4V-3 Directional Control Valves, Tokyo Keiki\" \/>\n<meta property=\"og:url\" content=\"https:\/\/omanivietnam.com\/index.php\/san-pham\/keiki-dg4v-3-2a-m-p2-t-7-56\/\" \/>\n<meta property=\"og:site_name\" content=\"OMANI VI\u1ec6T NAM\" \/>\n<meta property=\"article:modified_time\" content=\"2024-08-10T14:37:51+00:00\" \/>\n<meta property=\"og:image\" content=\"https:\/\/omanivietnam.com\/wp-content\/uploads\/2024\/06\/DG4V-3-2A-M-P2-T-7-56.png\" \/>\n\t<meta property=\"og:image:width\" content=\"650\" \/>\n\t<meta property=\"og:image:height\" content=\"354\" \/>\n\t<meta property=\"og:image:type\" content=\"image\/png\" \/>\n<meta name=\"twitter:card\" content=\"summary_large_image\" \/>\n<meta name=\"twitter:label1\" content=\"\u01af\u1edbc t\u00ednh th\u1eddi gian \u0111\u1ecdc\" \/>\n\t<meta name=\"twitter:data1\" content=\"2 ph\u00fat\" \/>\n<script type=\"application\/ld+json\" class=\"yoast-schema-graph\">{\"@context\":\"https:\/\/schema.org\",\"@graph\":[{\"@type\":\"WebPage\",\"@id\":\"https:\/\/omanivietnam.com\/index.php\/san-pham\/keiki-dg4v-3-2a-m-p2-t-7-56\/\",\"url\":\"https:\/\/omanivietnam.com\/index.php\/san-pham\/keiki-dg4v-3-2a-m-p2-t-7-56\/\",\"name\":\"KEIKI DG4V-3-2A-M-P2-T-7-56 - OMANI VI\u1ec6T NAM\",\"isPartOf\":{\"@id\":\"https:\/\/omanivietnam.com\/#website\"},\"primaryImageOfPage\":{\"@id\":\"https:\/\/omanivietnam.com\/index.php\/san-pham\/keiki-dg4v-3-2a-m-p2-t-7-56\/#primaryimage\"},\"image\":{\"@id\":\"https:\/\/omanivietnam.com\/index.php\/san-pham\/keiki-dg4v-3-2a-m-p2-t-7-56\/#primaryimage\"},\"thumbnailUrl\":\"https:\/\/omanivietnam.com\/wp-content\/uploads\/2024\/06\/DG4V-3-2A-M-P2-T-7-56.png\",\"datePublished\":\"2024-06-18T15:48:21+00:00\",\"dateModified\":\"2024-08-10T14:37:51+00:00\",\"description\":\"DG4V-3 Directional Control Valves, Tokyo Keiki\",\"breadcrumb\":{\"@id\":\"https:\/\/omanivietnam.com\/index.php\/san-pham\/keiki-dg4v-3-2a-m-p2-t-7-56\/#breadcrumb\"},\"inLanguage\":\"vi\",\"potentialAction\":[{\"@type\":\"ReadAction\",\"target\":[\"https:\/\/omanivietnam.com\/index.php\/san-pham\/keiki-dg4v-3-2a-m-p2-t-7-56\/\"]}]},{\"@type\":\"ImageObject\",\"inLanguage\":\"vi\",\"@id\":\"https:\/\/omanivietnam.com\/index.php\/san-pham\/keiki-dg4v-3-2a-m-p2-t-7-56\/#primaryimage\",\"url\":\"https:\/\/omanivietnam.com\/wp-content\/uploads\/2024\/06\/DG4V-3-2A-M-P2-T-7-56.png\",\"contentUrl\":\"https:\/\/omanivietnam.com\/wp-content\/uploads\/2024\/06\/DG4V-3-2A-M-P2-T-7-56.png\",\"width\":650,\"height\":354},{\"@type\":\"BreadcrumbList\",\"@id\":\"https:\/\/omanivietnam.com\/index.php\/san-pham\/keiki-dg4v-3-2a-m-p2-t-7-56\/#breadcrumb\",\"itemListElement\":[{\"@type\":\"ListItem\",\"position\":1,\"name\":\"Home\",\"item\":\"https:\/\/omanivietnam.com\/\"},{\"@type\":\"ListItem\",\"position\":2,\"name\":\"S\u1ea2N PH\u1ea8M\",\"item\":\"https:\/\/omanivietnam.com\/index.php\/cua-hang\/\"},{\"@type\":\"ListItem\",\"position\":3,\"name\":\"KEIKI DG4V-3-2A-M-P2-T-7-56\"}]},{\"@type\":\"WebSite\",\"@id\":\"https:\/\/omanivietnam.com\/#website\",\"url\":\"https:\/\/omanivietnam.com\/\",\"name\":\"OMANI VI\u1ec6T NAM\",\"description\":\"Nh\u00e0 ph\u00e2n ph\u1ed1i thi\u1ebft b\u1ecb kh\u00ed n\u00e9n v\u00e0 thi\u1ebft b\u1ecb t\u1ef1 \u0111\u1ed9ng h\u00f3a trong c\u00f4ng nghi\u1ec7p\",\"publisher\":{\"@id\":\"https:\/\/omanivietnam.com\/#\/schema\/person\/0ad398a980dc3fd696111c2c5c8fa897\"},\"potentialAction\":[{\"@type\":\"SearchAction\",\"target\":{\"@type\":\"EntryPoint\",\"urlTemplate\":\"https:\/\/omanivietnam.com\/?s={search_term_string}\"},\"query-input\":\"required name=search_term_string\"}],\"inLanguage\":\"vi\"},{\"@type\":[\"Person\",\"Organization\"],\"@id\":\"https:\/\/omanivietnam.com\/#\/schema\/person\/0ad398a980dc3fd696111c2c5c8fa897\",\"name\":\"Nguy\u1ec5n V\u0103n Kh\u00e1nh\",\"image\":{\"@type\":\"ImageObject\",\"inLanguage\":\"vi\",\"@id\":\"https:\/\/omanivietnam.com\/#\/schema\/person\/image\/\",\"url\":\"https:\/\/omanivietnam.com\/wp-content\/uploads\/2024\/06\/logo-1024x1024.png\",\"contentUrl\":\"https:\/\/omanivietnam.com\/wp-content\/uploads\/2024\/06\/logo-1024x1024.png\",\"width\":1024,\"height\":1024,\"caption\":\"Nguy\u1ec5n V\u0103n Kh\u00e1nh\"},\"logo\":{\"@id\":\"https:\/\/omanivietnam.com\/#\/schema\/person\/image\/\"},\"sameAs\":[\"https:\/\/omanivietnam.com\"]}]}<\/script>\n<!-- \/ Yoast SEO plugin. -->","yoast_head_json":{"title":"KEIKI DG4V-3-2A-M-P2-T-7-56 - OMANI VI\u1ec6T NAM","description":"DG4V-3 Directional Control Valves, Tokyo Keiki","robots":{"index":"index","follow":"follow","max-snippet":"max-snippet:-1","max-image-preview":"max-image-preview:large","max-video-preview":"max-video-preview:-1"},"canonical":"https:\/\/omanivietnam.com\/index.php\/san-pham\/keiki-dg4v-3-2a-m-p2-t-7-56\/","og_locale":"vi_VN","og_type":"article","og_title":"KEIKI DG4V-3-2A-M-P2-T-7-56 - OMANI VI\u1ec6T NAM","og_description":"DG4V-3 Directional Control Valves, Tokyo Keiki","og_url":"https:\/\/omanivietnam.com\/index.php\/san-pham\/keiki-dg4v-3-2a-m-p2-t-7-56\/","og_site_name":"OMANI VI\u1ec6T NAM","article_modified_time":"2024-08-10T14:37:51+00:00","og_image":[{"width":650,"height":354,"url":"https:\/\/omanivietnam.com\/wp-content\/uploads\/2024\/06\/DG4V-3-2A-M-P2-T-7-56.png","type":"image\/png"}],"twitter_card":"summary_large_image","twitter_misc":{"\u01af\u1edbc t\u00ednh th\u1eddi gian \u0111\u1ecdc":"2 ph\u00fat"},"schema":{"@context":"https:\/\/schema.org","@graph":[{"@type":"WebPage","@id":"https:\/\/omanivietnam.com\/index.php\/san-pham\/keiki-dg4v-3-2a-m-p2-t-7-56\/","url":"https:\/\/omanivietnam.com\/index.php\/san-pham\/keiki-dg4v-3-2a-m-p2-t-7-56\/","name":"KEIKI DG4V-3-2A-M-P2-T-7-56 - OMANI VI\u1ec6T NAM","isPartOf":{"@id":"https:\/\/omanivietnam.com\/#website"},"primaryImageOfPage":{"@id":"https:\/\/omanivietnam.com\/index.php\/san-pham\/keiki-dg4v-3-2a-m-p2-t-7-56\/#primaryimage"},"image":{"@id":"https:\/\/omanivietnam.com\/index.php\/san-pham\/keiki-dg4v-3-2a-m-p2-t-7-56\/#primaryimage"},"thumbnailUrl":"https:\/\/omanivietnam.com\/wp-content\/uploads\/2024\/06\/DG4V-3-2A-M-P2-T-7-56.png","datePublished":"2024-06-18T15:48:21+00:00","dateModified":"2024-08-10T14:37:51+00:00","description":"DG4V-3 Directional Control Valves, Tokyo Keiki","breadcrumb":{"@id":"https:\/\/omanivietnam.com\/index.php\/san-pham\/keiki-dg4v-3-2a-m-p2-t-7-56\/#breadcrumb"},"inLanguage":"vi","potentialAction":[{"@type":"ReadAction","target":["https:\/\/omanivietnam.com\/index.php\/san-pham\/keiki-dg4v-3-2a-m-p2-t-7-56\/"]}]},{"@type":"ImageObject","inLanguage":"vi","@id":"https:\/\/omanivietnam.com\/index.php\/san-pham\/keiki-dg4v-3-2a-m-p2-t-7-56\/#primaryimage","url":"https:\/\/omanivietnam.com\/wp-content\/uploads\/2024\/06\/DG4V-3-2A-M-P2-T-7-56.png","contentUrl":"https:\/\/omanivietnam.com\/wp-content\/uploads\/2024\/06\/DG4V-3-2A-M-P2-T-7-56.png","width":650,"height":354},{"@type":"BreadcrumbList","@id":"https:\/\/omanivietnam.com\/index.php\/san-pham\/keiki-dg4v-3-2a-m-p2-t-7-56\/#breadcrumb","itemListElement":[{"@type":"ListItem","position":1,"name":"Home","item":"https:\/\/omanivietnam.com\/"},{"@type":"ListItem","position":2,"name":"S\u1ea2N PH\u1ea8M","item":"https:\/\/omanivietnam.com\/index.php\/cua-hang\/"},{"@type":"ListItem","position":3,"name":"KEIKI DG4V-3-2A-M-P2-T-7-56"}]},{"@type":"WebSite","@id":"https:\/\/omanivietnam.com\/#website","url":"https:\/\/omanivietnam.com\/","name":"OMANI VI\u1ec6T NAM","description":"Nh\u00e0 ph\u00e2n ph\u1ed1i thi\u1ebft b\u1ecb kh\u00ed n\u00e9n v\u00e0 thi\u1ebft b\u1ecb t\u1ef1 \u0111\u1ed9ng h\u00f3a trong c\u00f4ng nghi\u1ec7p","publisher":{"@id":"https:\/\/omanivietnam.com\/#\/schema\/person\/0ad398a980dc3fd696111c2c5c8fa897"},"potentialAction":[{"@type":"SearchAction","target":{"@type":"EntryPoint","urlTemplate":"https:\/\/omanivietnam.com\/?s={search_term_string}"},"query-input":"required name=search_term_string"}],"inLanguage":"vi"},{"@type":["Person","Organization"],"@id":"https:\/\/omanivietnam.com\/#\/schema\/person\/0ad398a980dc3fd696111c2c5c8fa897","name":"Nguy\u1ec5n V\u0103n Kh\u00e1nh","image":{"@type":"ImageObject","inLanguage":"vi","@id":"https:\/\/omanivietnam.com\/#\/schema\/person\/image\/","url":"https:\/\/omanivietnam.com\/wp-content\/uploads\/2024\/06\/logo-1024x1024.png","contentUrl":"https:\/\/omanivietnam.com\/wp-content\/uploads\/2024\/06\/logo-1024x1024.png","width":1024,"height":1024,"caption":"Nguy\u1ec5n V\u0103n Kh\u00e1nh"},"logo":{"@id":"https:\/\/omanivietnam.com\/#\/schema\/person\/image\/"},"sameAs":["https:\/\/omanivietnam.com"]}]}},"_links":{"self":[{"href":"https:\/\/omanivietnam.com\/index.php\/wp-json\/wp\/v2\/product\/781","targetHints":{"allow":["GET"]}}],"collection":[{"href":"https:\/\/omanivietnam.com\/index.php\/wp-json\/wp\/v2\/product"}],"about":[{"href":"https:\/\/omanivietnam.com\/index.php\/wp-json\/wp\/v2\/types\/product"}],"replies":[{"embeddable":true,"href":"https:\/\/omanivietnam.com\/index.php\/wp-json\/wp\/v2\/comments?post=781"}],"wp:featuredmedia":[{"embeddable":true,"href":"https:\/\/omanivietnam.com\/index.php\/wp-json\/wp\/v2\/media\/782"}],"wp:attachment":[{"href":"https:\/\/omanivietnam.com\/index.php\/wp-json\/wp\/v2\/media?parent=781"}],"wp:term":[{"taxonomy":"product_cat","embeddable":true,"href":"https:\/\/omanivietnam.com\/index.php\/wp-json\/wp\/v2\/product_cat?post=781"},{"taxonomy":"product_tag","embeddable":true,"href":"https:\/\/omanivietnam.com\/index.php\/wp-json\/wp\/v2\/product_tag?post=781"}],"curies":[{"name":"wp","href":"https:\/\/api.w.org\/{rel}","templated":true}]}}