{"id":804,"date":"2024-06-23T09:41:10","date_gmt":"2024-06-23T02:41:10","guid":{"rendered":"https:\/\/omanivietnam.com\/?post_type=product&#038;p=804"},"modified":"2024-07-25T05:08:05","modified_gmt":"2024-07-24T22:08:05","slug":"smc-ip8100-030-h","status":"publish","type":"product","link":"https:\/\/omanivietnam.com\/index.php\/san-pham\/smc-ip8100-030-h\/","title":{"rendered":"SMC IP8100-030-H"},"content":{"rendered":"<p>SMC IP8100-030-H<\/p>\n<p>SMC IP8100-030-H-Q<\/p>\n<h1 class=\"m-h1\">Electro-Pneumatic Positioner IP8000\/8100 Series (Lever Type \/ Rotary Type) (IP8100-030-H)<\/h1>\n<p>[Features]<br \/>\n\u30fb Dust-proof\/waterproof<br \/>\n\u30fb Explosion-proof structure<br \/>\n\u30fb Monitoring function<br \/>\n\u30fb With internal opening display board<br \/>\n\u30fb With external scale plate (Rotary type, rear mounting)<\/p>\n<h3 class=\"m-h3\"><span data-lang=\"ENG\">Configured Specifications<\/span><\/h3>\n<table class=\"m-listTable\" summary=\"Price, Spec., etc.\">\n<colgroup>\n<col width=\"20%\" \/>\n<col width=\"30%\" \/>\n<col width=\"20%\" \/>\n<col width=\"30%\" \/><\/colgroup>\n<tbody>\n<tr>\n<th>Type<\/th>\n<td>Relay Device<\/td>\n<th>Type<\/th>\n<td>Electro-pneumatic rotary type<\/td>\n<\/tr>\n<tr>\n<th>Option<\/th>\n<td>None<\/td>\n<th>Pressure(MPa)<\/th>\n<td>1.0<\/td>\n<\/tr>\n<tr>\n<th>Terminal box<\/th>\n<td>N\/A<\/td>\n<th>Pilot valve<\/th>\n<td>N\/A<\/td>\n<\/tr>\n<tr>\n<th>Fork lever type fitting<\/th>\n<td>N\/A<\/td>\n<th>Lever unit<\/th>\n<td>N\/A<\/td>\n<\/tr>\n<tr>\n<th>Compensation spring<\/th>\n<td>N\/A<\/td>\n<th>External scale plate<\/th>\n<td>Available<\/td>\n<\/tr>\n<tr>\n<th>Position feedback signal<\/th>\n<td>N\/A<\/td>\n<th>Air connection port<\/th>\n<td>Rc1\/4<\/td>\n<\/tr>\n<tr class=\"VN_table-row\">\n<th>Conduit connection port<\/th>\n<td>G1\/2<\/td>\n<th>Explosion-proof structure<\/th>\n<td>Standard product<\/td>\n<\/tr>\n<tr class=\"VN_table-row\">\n<th>CE compatible<\/th>\n<td>CE-non-compliant product<\/td>\n<th>Model<\/th>\n<td>&#8211;<\/td>\n<\/tr>\n<tr class=\"VN_table-row\">\n<th>RoHS<\/th>\n<td>&#8211;<\/td>\n<th>&#8211;<\/th>\n<td>&#8211;<\/td>\n<\/tr>\n<\/tbody>\n<\/table>\n<p>&nbsp;<\/p>\n<p>\u0110\u1ea1i l\u00fd SMC vietnam, SMC viet nam, SMC vietnam distributor, Ph\u00e2n ph\u1ed1i SMC t\u1ea1i vi\u1ec7t nam<\/p>\n<p>\u0110\u1ea1i l\u00fd SMC vietnam, SMC viet nam, SMC vietnam distributor, Ph\u00e2n ph\u1ed1i SMC t\u1ea1i vi\u1ec7t nam<\/p>\n<p>\u0110\u1ea1i l\u00fd SMC vietnam, SMC viet nam, SMC vietnam distributor, Ph\u00e2n ph\u1ed1i SMC t\u1ea1i vi\u1ec7t nam<\/p>\n<p>\u0110\u1ea1i l\u00fd SMC vietnam, SMC viet nam, SMC vietnam distributor, Ph\u00e2n ph\u1ed1i SMC t\u1ea1i vi\u1ec7t nam<\/p>\n<p>\u0110\u1ea1i l\u00fd SMC vietnam, SMC viet nam, SMC vietnam distributor, Ph\u00e2n ph\u1ed1i SMC t\u1ea1i vi\u1ec7t nam<\/p>\n","protected":false},"excerpt":{"rendered":"<p>SMC IP8100-030-H SMC IP8100-030-H-Q Electro-Pneumatic Positioner IP8000\/8100 Series (Lever Type \/ Rotary Type) (IP8100-030-H) [Features] \u30fb Dust-proof\/waterproof \u30fb Explosion-proof structure \u30fb Monitoring function \u30fb With internal opening display board \u30fb With external scale plate (Rotary type, rear mounting) Configured Specifications Type Relay Device Type Electro-pneumatic rotary type Option None Pressure(MPa)&hellip; <\/p>\n","protected":false},"featured_media":805,"comment_status":"open","ping_status":"closed","template":"","meta":[],"product_cat":[283],"product_tag":[88,93,92],"class_list":{"0":"post-804","1":"product","2":"type-product","3":"status-publish","4":"has-post-thumbnail","6":"product_cat-smc","7":"product_tag-cam-bien","8":"product_tag-dai-ly-smc-viet-nam","9":"product_tag-smc-viet-nam","11":"first","12":"instock","13":"shipping-taxable","14":"product-type-simple"},"yoast_head":"<!-- This site is optimized with the Yoast SEO plugin v22.8 - https:\/\/yoast.com\/wordpress\/plugins\/seo\/ -->\n<title>SMC IP8100-030-H - OMANI VI\u1ec6T NAM<\/title>\n<meta name=\"description\" content=\"Electro-Pneumatic Positioner IP8000\/8100 Series (Lever Type \/ Rotary Type) (IP8100-030-H)\" \/>\n<meta name=\"robots\" content=\"index, follow, max-snippet:-1, max-image-preview:large, max-video-preview:-1\" \/>\n<link rel=\"canonical\" href=\"https:\/\/omanivietnam.com\/index.php\/san-pham\/smc-ip8100-030-h\/\" \/>\n<meta property=\"og:locale\" content=\"vi_VN\" \/>\n<meta property=\"og:type\" content=\"article\" \/>\n<meta property=\"og:title\" content=\"SMC IP8100-030-H - OMANI VI\u1ec6T NAM\" \/>\n<meta property=\"og:description\" content=\"Electro-Pneumatic Positioner IP8000\/8100 Series (Lever Type \/ Rotary Type) (IP8100-030-H)\" \/>\n<meta property=\"og:url\" content=\"https:\/\/omanivietnam.com\/index.php\/san-pham\/smc-ip8100-030-h\/\" \/>\n<meta property=\"og:site_name\" content=\"OMANI VI\u1ec6T NAM\" \/>\n<meta property=\"article:modified_time\" content=\"2024-07-24T22:08:05+00:00\" \/>\n<meta property=\"og:image\" content=\"https:\/\/omanivietnam.com\/wp-content\/uploads\/2024\/06\/Configured-SpecificationsIP8100-030-H.png\" \/>\n\t<meta property=\"og:image:width\" content=\"653\" \/>\n\t<meta property=\"og:image:height\" content=\"661\" \/>\n\t<meta property=\"og:image:type\" content=\"image\/png\" \/>\n<meta name=\"twitter:card\" content=\"summary_large_image\" \/>\n<meta name=\"twitter:label1\" content=\"\u01af\u1edbc t\u00ednh th\u1eddi gian \u0111\u1ecdc\" \/>\n\t<meta name=\"twitter:data1\" content=\"2 ph\u00fat\" \/>\n<script type=\"application\/ld+json\" class=\"yoast-schema-graph\">{\"@context\":\"https:\/\/schema.org\",\"@graph\":[{\"@type\":\"WebPage\",\"@id\":\"https:\/\/omanivietnam.com\/index.php\/san-pham\/smc-ip8100-030-h\/\",\"url\":\"https:\/\/omanivietnam.com\/index.php\/san-pham\/smc-ip8100-030-h\/\",\"name\":\"SMC IP8100-030-H - OMANI VI\u1ec6T NAM\",\"isPartOf\":{\"@id\":\"https:\/\/omanivietnam.com\/#website\"},\"primaryImageOfPage\":{\"@id\":\"https:\/\/omanivietnam.com\/index.php\/san-pham\/smc-ip8100-030-h\/#primaryimage\"},\"image\":{\"@id\":\"https:\/\/omanivietnam.com\/index.php\/san-pham\/smc-ip8100-030-h\/#primaryimage\"},\"thumbnailUrl\":\"https:\/\/omanivietnam.com\/wp-content\/uploads\/2024\/06\/Configured-SpecificationsIP8100-030-H.png\",\"datePublished\":\"2024-06-23T02:41:10+00:00\",\"dateModified\":\"2024-07-24T22:08:05+00:00\",\"description\":\"Electro-Pneumatic Positioner IP8000\/8100 Series (Lever Type \/ Rotary Type) (IP8100-030-H)\",\"breadcrumb\":{\"@id\":\"https:\/\/omanivietnam.com\/index.php\/san-pham\/smc-ip8100-030-h\/#breadcrumb\"},\"inLanguage\":\"vi\",\"potentialAction\":[{\"@type\":\"ReadAction\",\"target\":[\"https:\/\/omanivietnam.com\/index.php\/san-pham\/smc-ip8100-030-h\/\"]}]},{\"@type\":\"ImageObject\",\"inLanguage\":\"vi\",\"@id\":\"https:\/\/omanivietnam.com\/index.php\/san-pham\/smc-ip8100-030-h\/#primaryimage\",\"url\":\"https:\/\/omanivietnam.com\/wp-content\/uploads\/2024\/06\/Configured-SpecificationsIP8100-030-H.png\",\"contentUrl\":\"https:\/\/omanivietnam.com\/wp-content\/uploads\/2024\/06\/Configured-SpecificationsIP8100-030-H.png\",\"width\":653,\"height\":661},{\"@type\":\"BreadcrumbList\",\"@id\":\"https:\/\/omanivietnam.com\/index.php\/san-pham\/smc-ip8100-030-h\/#breadcrumb\",\"itemListElement\":[{\"@type\":\"ListItem\",\"position\":1,\"name\":\"Home\",\"item\":\"https:\/\/omanivietnam.com\/\"},{\"@type\":\"ListItem\",\"position\":2,\"name\":\"S\u1ea2N PH\u1ea8M\",\"item\":\"https:\/\/omanivietnam.com\/index.php\/cua-hang\/\"},{\"@type\":\"ListItem\",\"position\":3,\"name\":\"SMC IP8100-030-H\"}]},{\"@type\":\"WebSite\",\"@id\":\"https:\/\/omanivietnam.com\/#website\",\"url\":\"https:\/\/omanivietnam.com\/\",\"name\":\"OMANI VI\u1ec6T NAM\",\"description\":\"Nh\u00e0 ph\u00e2n ph\u1ed1i thi\u1ebft b\u1ecb kh\u00ed n\u00e9n v\u00e0 thi\u1ebft b\u1ecb t\u1ef1 \u0111\u1ed9ng h\u00f3a trong c\u00f4ng nghi\u1ec7p\",\"publisher\":{\"@id\":\"https:\/\/omanivietnam.com\/#\/schema\/person\/0ad398a980dc3fd696111c2c5c8fa897\"},\"potentialAction\":[{\"@type\":\"SearchAction\",\"target\":{\"@type\":\"EntryPoint\",\"urlTemplate\":\"https:\/\/omanivietnam.com\/?s={search_term_string}\"},\"query-input\":\"required name=search_term_string\"}],\"inLanguage\":\"vi\"},{\"@type\":[\"Person\",\"Organization\"],\"@id\":\"https:\/\/omanivietnam.com\/#\/schema\/person\/0ad398a980dc3fd696111c2c5c8fa897\",\"name\":\"Nguy\u1ec5n V\u0103n Kh\u00e1nh\",\"image\":{\"@type\":\"ImageObject\",\"inLanguage\":\"vi\",\"@id\":\"https:\/\/omanivietnam.com\/#\/schema\/person\/image\/\",\"url\":\"https:\/\/omanivietnam.com\/wp-content\/uploads\/2024\/06\/logo-1024x1024.png\",\"contentUrl\":\"https:\/\/omanivietnam.com\/wp-content\/uploads\/2024\/06\/logo-1024x1024.png\",\"width\":1024,\"height\":1024,\"caption\":\"Nguy\u1ec5n V\u0103n Kh\u00e1nh\"},\"logo\":{\"@id\":\"https:\/\/omanivietnam.com\/#\/schema\/person\/image\/\"},\"sameAs\":[\"https:\/\/omanivietnam.com\"]}]}<\/script>\n<!-- \/ Yoast SEO plugin. -->","yoast_head_json":{"title":"SMC IP8100-030-H - OMANI VI\u1ec6T NAM","description":"Electro-Pneumatic Positioner IP8000\/8100 Series (Lever Type \/ Rotary Type) (IP8100-030-H)","robots":{"index":"index","follow":"follow","max-snippet":"max-snippet:-1","max-image-preview":"max-image-preview:large","max-video-preview":"max-video-preview:-1"},"canonical":"https:\/\/omanivietnam.com\/index.php\/san-pham\/smc-ip8100-030-h\/","og_locale":"vi_VN","og_type":"article","og_title":"SMC IP8100-030-H - OMANI VI\u1ec6T NAM","og_description":"Electro-Pneumatic Positioner IP8000\/8100 Series (Lever Type \/ Rotary Type) (IP8100-030-H)","og_url":"https:\/\/omanivietnam.com\/index.php\/san-pham\/smc-ip8100-030-h\/","og_site_name":"OMANI VI\u1ec6T NAM","article_modified_time":"2024-07-24T22:08:05+00:00","og_image":[{"width":653,"height":661,"url":"https:\/\/omanivietnam.com\/wp-content\/uploads\/2024\/06\/Configured-SpecificationsIP8100-030-H.png","type":"image\/png"}],"twitter_card":"summary_large_image","twitter_misc":{"\u01af\u1edbc t\u00ednh th\u1eddi gian \u0111\u1ecdc":"2 ph\u00fat"},"schema":{"@context":"https:\/\/schema.org","@graph":[{"@type":"WebPage","@id":"https:\/\/omanivietnam.com\/index.php\/san-pham\/smc-ip8100-030-h\/","url":"https:\/\/omanivietnam.com\/index.php\/san-pham\/smc-ip8100-030-h\/","name":"SMC IP8100-030-H - OMANI VI\u1ec6T NAM","isPartOf":{"@id":"https:\/\/omanivietnam.com\/#website"},"primaryImageOfPage":{"@id":"https:\/\/omanivietnam.com\/index.php\/san-pham\/smc-ip8100-030-h\/#primaryimage"},"image":{"@id":"https:\/\/omanivietnam.com\/index.php\/san-pham\/smc-ip8100-030-h\/#primaryimage"},"thumbnailUrl":"https:\/\/omanivietnam.com\/wp-content\/uploads\/2024\/06\/Configured-SpecificationsIP8100-030-H.png","datePublished":"2024-06-23T02:41:10+00:00","dateModified":"2024-07-24T22:08:05+00:00","description":"Electro-Pneumatic Positioner IP8000\/8100 Series (Lever Type \/ Rotary Type) (IP8100-030-H)","breadcrumb":{"@id":"https:\/\/omanivietnam.com\/index.php\/san-pham\/smc-ip8100-030-h\/#breadcrumb"},"inLanguage":"vi","potentialAction":[{"@type":"ReadAction","target":["https:\/\/omanivietnam.com\/index.php\/san-pham\/smc-ip8100-030-h\/"]}]},{"@type":"ImageObject","inLanguage":"vi","@id":"https:\/\/omanivietnam.com\/index.php\/san-pham\/smc-ip8100-030-h\/#primaryimage","url":"https:\/\/omanivietnam.com\/wp-content\/uploads\/2024\/06\/Configured-SpecificationsIP8100-030-H.png","contentUrl":"https:\/\/omanivietnam.com\/wp-content\/uploads\/2024\/06\/Configured-SpecificationsIP8100-030-H.png","width":653,"height":661},{"@type":"BreadcrumbList","@id":"https:\/\/omanivietnam.com\/index.php\/san-pham\/smc-ip8100-030-h\/#breadcrumb","itemListElement":[{"@type":"ListItem","position":1,"name":"Home","item":"https:\/\/omanivietnam.com\/"},{"@type":"ListItem","position":2,"name":"S\u1ea2N PH\u1ea8M","item":"https:\/\/omanivietnam.com\/index.php\/cua-hang\/"},{"@type":"ListItem","position":3,"name":"SMC IP8100-030-H"}]},{"@type":"WebSite","@id":"https:\/\/omanivietnam.com\/#website","url":"https:\/\/omanivietnam.com\/","name":"OMANI VI\u1ec6T NAM","description":"Nh\u00e0 ph\u00e2n ph\u1ed1i thi\u1ebft b\u1ecb kh\u00ed n\u00e9n v\u00e0 thi\u1ebft b\u1ecb t\u1ef1 \u0111\u1ed9ng h\u00f3a trong c\u00f4ng nghi\u1ec7p","publisher":{"@id":"https:\/\/omanivietnam.com\/#\/schema\/person\/0ad398a980dc3fd696111c2c5c8fa897"},"potentialAction":[{"@type":"SearchAction","target":{"@type":"EntryPoint","urlTemplate":"https:\/\/omanivietnam.com\/?s={search_term_string}"},"query-input":"required name=search_term_string"}],"inLanguage":"vi"},{"@type":["Person","Organization"],"@id":"https:\/\/omanivietnam.com\/#\/schema\/person\/0ad398a980dc3fd696111c2c5c8fa897","name":"Nguy\u1ec5n V\u0103n Kh\u00e1nh","image":{"@type":"ImageObject","inLanguage":"vi","@id":"https:\/\/omanivietnam.com\/#\/schema\/person\/image\/","url":"https:\/\/omanivietnam.com\/wp-content\/uploads\/2024\/06\/logo-1024x1024.png","contentUrl":"https:\/\/omanivietnam.com\/wp-content\/uploads\/2024\/06\/logo-1024x1024.png","width":1024,"height":1024,"caption":"Nguy\u1ec5n V\u0103n Kh\u00e1nh"},"logo":{"@id":"https:\/\/omanivietnam.com\/#\/schema\/person\/image\/"},"sameAs":["https:\/\/omanivietnam.com"]}]}},"_links":{"self":[{"href":"https:\/\/omanivietnam.com\/index.php\/wp-json\/wp\/v2\/product\/804","targetHints":{"allow":["GET"]}}],"collection":[{"href":"https:\/\/omanivietnam.com\/index.php\/wp-json\/wp\/v2\/product"}],"about":[{"href":"https:\/\/omanivietnam.com\/index.php\/wp-json\/wp\/v2\/types\/product"}],"replies":[{"embeddable":true,"href":"https:\/\/omanivietnam.com\/index.php\/wp-json\/wp\/v2\/comments?post=804"}],"wp:featuredmedia":[{"embeddable":true,"href":"https:\/\/omanivietnam.com\/index.php\/wp-json\/wp\/v2\/media\/805"}],"wp:attachment":[{"href":"https:\/\/omanivietnam.com\/index.php\/wp-json\/wp\/v2\/media?parent=804"}],"wp:term":[{"taxonomy":"product_cat","embeddable":true,"href":"https:\/\/omanivietnam.com\/index.php\/wp-json\/wp\/v2\/product_cat?post=804"},{"taxonomy":"product_tag","embeddable":true,"href":"https:\/\/omanivietnam.com\/index.php\/wp-json\/wp\/v2\/product_tag?post=804"}],"curies":[{"name":"wp","href":"https:\/\/api.w.org\/{rel}","templated":true}]}}