{"id":812,"date":"2024-06-23T11:23:23","date_gmt":"2024-06-23T04:23:23","guid":{"rendered":"https:\/\/omanivietnam.com\/?post_type=product&#038;p=812"},"modified":"2024-11-05T05:48:06","modified_gmt":"2024-11-04T22:48:06","slug":"leine-linde-537401-04","status":"publish","type":"product","link":"https:\/\/omanivietnam.com\/index.php\/san-pham\/leine-linde-537401-04\/","title":{"rendered":"LEINE LINDE RSI 503 537401-04"},"content":{"rendered":"<p>LEINE LINDE RSI 503 537401-04<\/p>\n<p>T\u00ednh n\u0103ng v\u00e0 \u01b0u \u0111i\u1ec3m LEINE LINDE RSI 503 Encoder<\/p>\n<ul>\n<li>B\u1ed9 m\u00e3 h\u00f3a tr\u1ee5c ch\u1eafc ch\u1eafn, t\u0103ng d\u1ea7n<\/li>\n<li>B\u1ed9 m\u00e3 h\u00f3a ch\u1eafc ch\u1eafn v\u1edbi tr\u1ee5c r\u1eafn<\/li>\n<li>\u0110\u1ea7u ra \u0111\u01b0\u1ee3c b\u1ea3o v\u1ec7 ng\u1eafn m\u1ea1ch<\/li>\n<li>IP67 \u1edf v\u1ecf, IP66 \u1edf \u0111\u1ea7u v\u00e0o tr\u1ee5c<\/li>\n<\/ul>\n<p><strong>B\u1ed9 m\u00e3 h\u00f3a tr\u1ee5c ch\u1eafc ch\u1eafn, t\u0103ng d\u1ea7n<\/strong><\/p>\n<ul>\n<li>B\u1ed9 m\u00e3 h\u00f3a ch\u1eafc ch\u1eafn v\u1edbi tr\u1ee5c r\u1eafn<\/li>\n<li>\u0110\u1ea7u ra \u0111\u01b0\u1ee3c b\u1ea3o v\u1ec7 ng\u1eafn m\u1ea1ch<\/li>\n<li>IP67 \u1edf v\u1ecf, IP66 \u1edf \u0111\u1ea7u v\u00e0o tr\u1ee5c<\/li>\n<\/ul>\n<p><strong><span class=\"fontstyle0\">Th\u00f4ng s\u1ed1 k\u1ef9 thu\u1eadt LEINE LINDE RSI 503 Encoder<\/span><\/strong><\/p>\n<table>\n<tbody>\n<tr>\n<td><b>Mechanical data<\/b><b><br \/>\n<\/b><\/td>\n<td><b>Part Number 392783-01<br \/>\n<\/b><\/td>\n<td><b>Part Number 392783-06<\/b><\/td>\n<td><b>Part Number 507664-13<\/b><\/td>\n<td><b>Part Number 507670-54<\/b><\/td>\n<td><b>Part Number 507692-01<\/b><\/td>\n<\/tr>\n<tr>\n<td>Operating temperature<\/td>\n<td>-40 \u00b0C\u2026+70 \u00b0C<\/td>\n<td>-40 \u00b0C\u2026+70 \u00b0C<\/td>\n<td>-40 \u00b0C\u2026+70 \u00b0C<\/td>\n<td>-40 \u00b0C\u2026+70 \u00b0C<\/td>\n<td>-40 \u00b0C\u2026+70 \u00b0C<\/td>\n<\/tr>\n<tr>\n<td>Ingress protection class [IEC 60529]<\/td>\n<td>IP67 (IP66 at shaft inlet)<\/td>\n<td>IP67 (IP66 at shaft inlet)<\/td>\n<td>IP67 (IP66 at shaft inlet)<\/td>\n<td>IP67 (IP66 at shaft inlet)<\/td>\n<td>IP67 (IP66 at shaft inlet)<\/td>\n<\/tr>\n<tr>\n<td>Vibration [IEC 60068-2-64]<\/td>\n<td>\u2264 300 m\/s\u00b2<\/td>\n<td>\u2264 300 m\/s\u00b2<\/td>\n<td>\u2264 300 m\/s\u00b2<\/td>\n<td>\u2264 300 m\/s\u00b2<\/td>\n<td>\u2264 300 m\/s\u00b2<\/td>\n<\/tr>\n<tr>\n<td>Shock [IEC 60068-2-27]<\/td>\n<td>\u2264 2000 m\/s\u00b2<\/td>\n<td>\u2264 2000 m\/s\u00b2<\/td>\n<td>\u2264 2000 m\/s\u00b2<\/td>\n<td>\u2264 2000 m\/s\u00b2<\/td>\n<td>\u2264 2000 m\/s\u00b2<\/td>\n<\/tr>\n<tr>\n<td>Shaft load (axial\/radial)<\/td>\n<td>50 N \/ 60 N<\/td>\n<td>50 N \/ 60 N<\/td>\n<td>50 N \/ 60 N<\/td>\n<td>50 N \/ 60 N<\/td>\n<td>50 N \/ 60 N<\/td>\n<\/tr>\n<tr>\n<td>Rotational speed max<\/td>\n<td>6000 rpm<\/td>\n<td>6000 rpm<\/td>\n<td>6000 rpm<\/td>\n<td>6000 rpm<\/td>\n<td>6000 rpm<\/td>\n<\/tr>\n<tr>\n<td>Shaft material<\/td>\n<td>Stainless steel<\/td>\n<td>Stainless steel<\/td>\n<td>Stainless steel<\/td>\n<td>Stainless steel<\/td>\n<td>Stainless steel<\/td>\n<\/tr>\n<tr>\n<td>Cover material<\/td>\n<td>Aluminium (anodized)<\/td>\n<td>Aluminium (anodized)<\/td>\n<td>Aluminium (anodized)<\/td>\n<td>Aluminium (anodized)<\/td>\n<td>Aluminium (anodized)<\/td>\n<\/tr>\n<tr>\n<td>Weight<\/td>\n<td>300 g<\/td>\n<td>300 g<\/td>\n<td>300 g<\/td>\n<td>300 g<\/td>\n<td>300 g<\/td>\n<\/tr>\n<tr>\n<td><b>Encoder configuration<\/b><b><br \/>\n<\/b><\/td>\n<td><\/td>\n<td><\/td>\n<td><\/td>\n<td><\/td>\n<td><\/td>\n<\/tr>\n<tr>\n<td>Type<\/td>\n<td>RSI<\/td>\n<td>RSI<\/td>\n<td>RSI<\/td>\n<td>RSI<\/td>\n<td>RSI<\/td>\n<\/tr>\n<tr>\n<td>Model<\/td>\n<td>503 Standard<\/td>\n<td>503 Standard<\/td>\n<td>503 Standard<\/td>\n<td>503 Standard<\/td>\n<td>503 Standard<\/td>\n<\/tr>\n<tr>\n<td>Shaft type<\/td>\n<td>\u00d810 mm round<\/td>\n<td>\u00d810 mm round<\/td>\n<td>\u00d810 mm round<\/td>\n<td>\u00d810 mm round<\/td>\n<td>\u00d810 mm round<\/td>\n<\/tr>\n<tr>\n<td>Flange type<\/td>\n<td>Clamping flange (61-type)<\/td>\n<td>Clamping flange (61-type)<\/td>\n<td>Clamping flange (61-type)<\/td>\n<td>52-flange<\/td>\n<td>52-flange<\/td>\n<\/tr>\n<tr>\n<td>Resolution<\/td>\n<td>1024 ppr<\/td>\n<td>2048 ppr<\/td>\n<td>2048 ppr<\/td>\n<td>5000 ppr<\/td>\n<td>1024 ppr<\/td>\n<\/tr>\n<tr>\n<td>Power supply<\/td>\n<td>9-30 Vdc<\/td>\n<td>9-30 Vdc<\/td>\n<td>9-30 Vdc<\/td>\n<td>9-30 Vdc<\/td>\n<td>9-30 Vdc<\/td>\n<\/tr>\n<tr>\n<td>Output signal<\/td>\n<td>HTL<\/td>\n<td>HTL<\/td>\n<td>HTL<\/td>\n<td>HTL<\/td>\n<td>HTL<\/td>\n<\/tr>\n<tr>\n<td>Connection type<\/td>\n<td>Cable<\/td>\n<td>Cable<\/td>\n<td>CM23 connector 12-pin<\/td>\n<td>Cable<\/td>\n<td>PT connector 8-pin<\/td>\n<\/tr>\n<tr>\n<td>Connecting direction<\/td>\n<td>Radial<\/td>\n<td>Radial<\/td>\n<td>Radial<\/td>\n<td>Radial<\/td>\n<td>Axial<\/td>\n<\/tr>\n<tr>\n<td>Cable length<\/td>\n<td>1.50 m<\/td>\n<td>1.50 m<\/td>\n<td><\/td>\n<td>10.00 m<\/td>\n<td>1.50 m<\/td>\n<\/tr>\n<tr>\n<td>Number of channels<\/td>\n<td><\/td>\n<td>6 (S00, S00, S90, S90, Sref, Sref)<\/td>\n<td>6 (S00, S00, S90, S90, Sref, Sref)<\/td>\n<td>6 (S00, S00, S90, S90, Sref, Sref)<\/td>\n<td>6 (S00, S00, S90, S90, Sref, Sref)<\/td>\n<\/tr>\n<tr>\n<td><b>Electrical data<\/b><b><br \/>\n<\/b><\/td>\n<td><\/td>\n<td><\/td>\n<td><\/td>\n<td><\/td>\n<td><\/td>\n<\/tr>\n<tr>\n<td>Polarity protected<\/td>\n<td>Yes<\/td>\n<td>Yes<\/td>\n<td>Yes<\/td>\n<td>Yes<\/td>\n<td>Yes<\/td>\n<\/tr>\n<tr>\n<td>Short circuit protected outputs<\/td>\n<td>Yes<\/td>\n<td>Yes<\/td>\n<td>Yes<\/td>\n<td>Yes<\/td>\n<td>Yes<\/td>\n<\/tr>\n<tr>\n<td>Current consumption (No load)<\/td>\n<td>50 mA at 24 Vdc (Max. 75 mA)<\/td>\n<td>50 mA at 24 Vdc (Max. 75 mA)<\/td>\n<td>50 mA at 24 Vdc (Max. 75 mA)<\/td>\n<td>50 mA at 24 Vdc (Max. 75 mA)<\/td>\n<td>50 mA at 24 Vdc (Max. 75 mA)<\/td>\n<\/tr>\n<tr>\n<td>Incremental output load (max)<\/td>\n<td>\u00b1 40 mA<\/td>\n<td>\u00b1 40 mA<\/td>\n<td>\u00b1 40 mA<\/td>\n<td>\u00b1 40 mA<\/td>\n<td>\u00b1 40 mA<\/td>\n<\/tr>\n<tr>\n<td>Output frequency max<\/td>\n<td>300 kHz<\/td>\n<td>300 kHz<\/td>\n<td>300 kHz<\/td>\n<td>300 kHz<\/td>\n<td>300 kHz<\/td>\n<\/tr>\n<tr>\n<td>Cable length max<\/td>\n<td>100 m at 100 kHz<\/td>\n<td>100 m at 100 kHz<\/td>\n<td>100 m at 100 kHz<\/td>\n<td>100 m at 100 kHz<\/td>\n<td>100 m at 100 kHz<\/td>\n<\/tr>\n<tr>\n<td>Channel separation<\/td>\n<td>90 \u00bael \u00b1 25 \u00bael<\/td>\n<td>90 \u00bael \u00b1 25 \u00bael<\/td>\n<td>90 \u00bael \u00b1 25 \u00bael<\/td>\n<td>90 \u00bael \u00b1 25 \u00bael<\/td>\n<td>90 \u00bael \u00b1 25 \u00bael<\/td>\n<\/tr>\n<tr>\n<td>Dividing error<\/td>\n<td>\u00b1 50 \u00bael<\/td>\n<td>\u00b1 50 \u00bael<\/td>\n<td>\u00b1 50 \u00bael<\/td>\n<td>\u00b1 50 \u00bael<\/td>\n<td>\u00b1 50 \u00bael<\/td>\n<\/tr>\n<tr>\n<td>MTTFd value [Years]<\/td>\n<td>773<\/td>\n<td>773<\/td>\n<td>1111<\/td>\n<td>773<\/td>\n<td>773<\/td>\n<\/tr>\n<tr>\n<td>PFHd value [h-1]<\/td>\n<td>5,85E-07<\/td>\n<td>5,85E-07<\/td>\n<td><\/td>\n<td>5,85E-07<\/td>\n<td>5,85E-07<\/td>\n<\/tr>\n<\/tbody>\n<\/table>\n<p>&nbsp;<\/p>\n<table>\n<tbody>\n<tr>\n<td><b>Mechanical data<\/b><b><br \/>\n<\/b><\/td>\n<td><b>Part Number 515398-20<br \/>\n<\/b><\/td>\n<td><b>Part Number 515499-04<\/b><\/td>\n<td><b>Part Number 531890-03<\/b><\/td>\n<td><b>Part Number 537401-04<\/b><\/td>\n<td><\/td>\n<\/tr>\n<tr>\n<td>Operating temperature<\/td>\n<td>-40 \u00b0C\u2026+70 \u00b0C<\/td>\n<td>-40 \u00b0C\u2026+70 \u00b0C<\/td>\n<td>-40 \u00b0C\u2026+70 \u00b0C<\/td>\n<td>-40 \u00b0C\u2026+70 \u00b0C<\/td>\n<td><\/td>\n<\/tr>\n<tr>\n<td>Ingress protection class [IEC 60529]<\/td>\n<td>IP67 (IP66 at shaft inlet)<\/td>\n<td>IP67 (IP66 at shaft inlet)<\/td>\n<td>IP67 (IP66 at shaft inlet)<\/td>\n<td>IP67 (IP66 at shaft inlet)<\/td>\n<td><\/td>\n<\/tr>\n<tr>\n<td>Vibration [IEC 60068-2-64]<\/td>\n<td>\u2264 300 m\/s\u00b2<\/td>\n<td>\u2264 300 m\/s\u00b2<\/td>\n<td>\u2264 300 m\/s\u00b2<\/td>\n<td>\u2264 300 m\/s\u00b2<\/td>\n<td><\/td>\n<\/tr>\n<tr>\n<td>Shock [IEC 60068-2-27]<\/td>\n<td>\u2264 2000 m\/s\u00b2<\/td>\n<td>\u2264 2000 m\/s\u00b2<\/td>\n<td>\u2264 2000 m\/s\u00b2<\/td>\n<td>\u2264 2000 m\/s\u00b2<\/td>\n<td><\/td>\n<\/tr>\n<tr>\n<td>Shaft load (axial\/radial)<\/td>\n<td>50 N \/ 60 N<\/td>\n<td>50 N \/ 60 N<\/td>\n<td>50 N \/ 60 N<\/td>\n<td>50 N \/ 60 N<\/td>\n<td><\/td>\n<\/tr>\n<tr>\n<td>Rotational speed max<\/td>\n<td>6000 rpm<\/td>\n<td>6000 rpm<\/td>\n<td>6000 rpm<\/td>\n<td>6000 rpm<\/td>\n<td><\/td>\n<\/tr>\n<tr>\n<td>Shaft material<\/td>\n<td>Stainless steel<\/td>\n<td>Stainless steel<\/td>\n<td>Stainless steel<\/td>\n<td>Stainless steel<\/td>\n<td><\/td>\n<\/tr>\n<tr>\n<td>Cover material<\/td>\n<td>Aluminium (anodized)<\/td>\n<td>Aluminium (anodized)<\/td>\n<td>Aluminium (anodized)<\/td>\n<td>Aluminium (anodized)<\/td>\n<td><\/td>\n<\/tr>\n<tr>\n<td>Weight<\/td>\n<td>300 g<\/td>\n<td>300 g<\/td>\n<td>300 g<\/td>\n<td>300 g<\/td>\n<td><\/td>\n<\/tr>\n<tr>\n<td><b>Encoder configuration<\/b><b><br \/>\n<\/b><\/td>\n<td><\/td>\n<td><\/td>\n<td><\/td>\n<td><\/td>\n<td><\/td>\n<\/tr>\n<tr>\n<td>Type<\/td>\n<td>RSI<\/td>\n<td>RSI<\/td>\n<td>RSI<\/td>\n<td>RSI<\/td>\n<td><\/td>\n<\/tr>\n<tr>\n<td>Model<\/td>\n<td>503 Standard<\/td>\n<td>503 Standard<\/td>\n<td>503 Standard<\/td>\n<td>503 Standard<\/td>\n<td><\/td>\n<\/tr>\n<tr>\n<td>Shaft type<\/td>\n<td>\u00d86 mm with partial flat<\/td>\n<td>\u00d810 mm round<\/td>\n<td>\u00d86 mm with partial flat<\/td>\n<td>\u00d810 mm with partial flat<\/td>\n<td><\/td>\n<\/tr>\n<tr>\n<td>Flange type<\/td>\n<td>Synchro flange (63-type)<\/td>\n<td>Clamping flange (61-type)<\/td>\n<td>Synchro flange (63-type)<\/td>\n<td>51-flange<\/td>\n<td><\/td>\n<\/tr>\n<tr>\n<td>Resolution<\/td>\n<td>500 ppr<\/td>\n<td>2048 ppr<\/td>\n<td>2048 ppr<\/td>\n<td>100 ppr<\/td>\n<td><\/td>\n<\/tr>\n<tr>\n<td>Power supply<\/td>\n<td>9-30 Vdc<\/td>\n<td>9-30 Vdc<\/td>\n<td>9-30 Vdc<\/td>\n<td>9-30 Vdc<\/td>\n<td><\/td>\n<\/tr>\n<tr>\n<td>Output signal<\/td>\n<td>HTL<\/td>\n<td>RS442<\/td>\n<td>RS442<\/td>\n<td>HTL<\/td>\n<td><\/td>\n<\/tr>\n<tr>\n<td>Connection type<\/td>\n<td>Cable<\/td>\n<td>Cable<\/td>\n<td>M23 connector 12-pin<\/td>\n<td>M12 connector 8-pin<\/td>\n<td><\/td>\n<\/tr>\n<tr>\n<td>Connecting direction<\/td>\n<td>Radial<\/td>\n<td>Radial<\/td>\n<td>Radial<\/td>\n<td>Radial<\/td>\n<td><\/td>\n<\/tr>\n<tr>\n<td>Cable length<\/td>\n<td>1.50 m<\/td>\n<td>1.50 m<\/td>\n<td><\/td>\n<td><\/td>\n<td><\/td>\n<\/tr>\n<tr>\n<td>Number of channels<\/td>\n<td>6 (S00, S00\\, S90, S90\\, Sref, Sref\\)<\/td>\n<td>6 (S00, S00\\, S90, S90\\, Sref, Sref\\)<\/td>\n<td>6 (S00, S00\\, S90, S90\\, Sref, Sref\\)<\/td>\n<td>6 (S00, S00\\, S90, S90\\, Sref, Sref\\)<\/td>\n<td><\/td>\n<\/tr>\n<tr>\n<td><b>Electrical data<\/b><b><br \/>\n<\/b><\/td>\n<td><\/td>\n<td><\/td>\n<td><\/td>\n<td><\/td>\n<td><\/td>\n<\/tr>\n<tr>\n<td>Polarity protected<\/td>\n<td>Yes<\/td>\n<td>Yes<\/td>\n<td>Yes<\/td>\n<td>Yes<\/td>\n<td><\/td>\n<\/tr>\n<tr>\n<td>Short circuit protected outputs<\/td>\n<td>Yes<\/td>\n<td>Yes<\/td>\n<td>Yes<\/td>\n<td>Yes<\/td>\n<td><\/td>\n<\/tr>\n<tr>\n<td>Current consumption (No load)<\/td>\n<td>50 mA at 24 Vdc (Max. 75 mA)<\/td>\n<td>50 mA at 24 Vdc (Max. 75 mA)<\/td>\n<td>50 mA at 24 Vdc (Max. 75 mA)<\/td>\n<td>50 mA at 24 Vdc (Max. 75 mA)<\/td>\n<td><\/td>\n<\/tr>\n<tr>\n<td>Incremental output load (max)<\/td>\n<td>\u00b1 40 mA<\/td>\n<td>\u00b1 40 mA<\/td>\n<td>\u00b1 40 mA<\/td>\n<td>\u00b1 40 mA<\/td>\n<td><\/td>\n<\/tr>\n<tr>\n<td>Output frequency max<\/td>\n<td>300 kHz<\/td>\n<td>300 kHz<\/td>\n<td>300 kHz<\/td>\n<td>300 kHz<\/td>\n<td><\/td>\n<\/tr>\n<tr>\n<td>Cable length max<\/td>\n<td>100 m at 100 kHz<\/td>\n<td>1000m<\/td>\n<td>100 m at 100 kHz<\/td>\n<td>100 m at 100 kHz<\/td>\n<td><\/td>\n<\/tr>\n<tr>\n<td>Channel separation<\/td>\n<td>90 \u00bael \u00b1 25 \u00bael<\/td>\n<td>90 \u00bael \u00b1 25 \u00bael<\/td>\n<td>90 \u00bael \u00b1 25 \u00bael<\/td>\n<td>90 \u00bael \u00b1 25 \u00bael<\/td>\n<td><\/td>\n<\/tr>\n<tr>\n<td>Dividing error<\/td>\n<td>\u00b1 50 \u00bael<\/td>\n<td>\u00b1 50 \u00bael<\/td>\n<td>\u00b1 50 \u00bael<\/td>\n<td>\u00b1 50 \u00bael<\/td>\n<td><\/td>\n<\/tr>\n<tr>\n<td>MTTFd value [Years]<\/td>\n<td>773<\/td>\n<td><\/td>\n<td>773<\/td>\n<td>1111<\/td>\n<td><\/td>\n<\/tr>\n<tr>\n<td>PFHd value [h-1]<\/td>\n<td>5,85E-07<\/td>\n<td><\/td>\n<td>5,85E-07<\/td>\n<\/tr>\n<\/tbody>\n<\/table>\n<p>\u2022 Robust encoder with solid shaft<br \/>\n\u2022 Short\u00adcircuited protected outputs<br \/>\n\u2022 IP67 at housing, IP66 at shaft inlet<\/p>\n<p>Technical data:<br \/>\nOperating temperature \u00ad40 \u00b0C .. +70 \u00b0C<br \/>\nIngress protection class [IEC 60529] IP67 (IP66 at shaft inlet)<br \/>\nVibration [IEC 60068\u00ad2\u00ad6] \u2264 300 m\/s\u00b2<br \/>\nShock [IEC 60068\u00ad2\u00ad27] \u2264 2000 m\/s\u00b2<br \/>\nCover material Aluminium<br \/>\nWeight 300 g<br \/>\nShaft load (axial\/radial) 50 N \/ 60 N<br \/>\nRotational speed max 6000 rpm<br \/>\nShaft material Stainless steel<br \/>\nShort circuit protected Yes<br \/>\nPolarity protected Yes<br \/>\nCurrent consumption 50 mA at 24 Vdc (Max. 75 mA)<br \/>\nOutput load \u00b1 40 mA<br \/>\nOutput frequency max 300 kHz<br \/>\nCable length max 100 m at 100 kHz<br \/>\nChannel separation 90\u00b0 el \u00b1 25\u00b0 el<br \/>\nDividing error \u00b150\u00b0 el<\/p>\n<p>Encoder configuration:<br \/>\nType RSI<br \/>\nModel 503 Standard<br \/>\nShaft type \u00d810 with partial flat<br \/>\nFlange type 51\u00adflange<br \/>\nResolution 100<br \/>\nPower supply 9\u00ad30 Vdc<br \/>\nOutput signal HTL<br \/>\nConnection type M12 connector 8\u00adpin<br \/>\nConnecting direction Radial<\/p>\n<p>&nbsp;<\/p>\n<p>\u0110\u1ea1i l\u00fd LEINE LINDE vietnam, LEINE LINDE viet nam, LEINE LINDE vietnam distributor, Ph\u00e2n ph\u1ed1i LEINE LINDE t\u1ea1i vi\u1ec7t nam<\/p>\n<p>\u0110\u1ea1i l\u00fd LEINE LINDE vietnam, LEINE LINDE viet nam, LEINE LINDE vietnam distributor, Ph\u00e2n ph\u1ed1i LEINE LINDE t\u1ea1i vi\u1ec7t nam<\/p>\n<p>\u0110\u1ea1i l\u00fd LEINE LINDE vietnam, LEINE LINDE viet nam, LEINE LINDE vietnam distributor, Ph\u00e2n ph\u1ed1i LEINE LINDE t\u1ea1i vi\u1ec7t nam<\/p>\n<p>\u0110\u1ea1i l\u00fd LEINE LINDE vietnam, LEINE LINDE viet nam, LEINE LINDE vietnam distributor, Ph\u00e2n ph\u1ed1i LEINE LINDE t\u1ea1i vi\u1ec7t nam<\/p>\n<p>\u0110\u1ea1i l\u00fd LEINE LINDE vietnam, LEINE LINDE viet nam, LEINE LINDE vietnam distributor, Ph\u00e2n ph\u1ed1i LEINE LINDE t\u1ea1i vi\u1ec7t nam<\/p>\n","protected":false},"excerpt":{"rendered":"<p>LEINE LINDE RSI 503 537401-04 T\u00ednh n\u0103ng v\u00e0 \u01b0u \u0111i\u1ec3m LEINE LINDE RSI 503 Encoder B\u1ed9 m\u00e3 h\u00f3a tr\u1ee5c ch\u1eafc ch\u1eafn, t\u0103ng d\u1ea7n B\u1ed9 m\u00e3 h\u00f3a ch\u1eafc ch\u1eafn v\u1edbi tr\u1ee5c r\u1eafn \u0110\u1ea7u ra \u0111\u01b0\u1ee3c b\u1ea3o v\u1ec7 ng\u1eafn m\u1ea1ch IP67 \u1edf v\u1ecf, IP66 \u1edf \u0111\u1ea7u v\u00e0o tr\u1ee5c B\u1ed9 m\u00e3 h\u00f3a tr\u1ee5c&hellip; <\/p>\n","protected":false},"featured_media":813,"comment_status":"open","ping_status":"closed","template":"","meta":[],"product_cat":[419],"product_tag":[174,200,199],"class_list":{"0":"post-812","1":"product","2":"type-product","3":"status-publish","4":"has-post-thumbnail","6":"product_cat-leine-linde","7":"product_tag-bo-ma-hoa","8":"product_tag-dai-ly-leine-linde-viet-nam","9":"product_tag-leine-linde-viet-nam","11":"first","12":"instock","13":"shipping-taxable","14":"product-type-simple"},"yoast_head":"<!-- This site is optimized with the Yoast SEO plugin v22.8 - https:\/\/yoast.com\/wordpress\/plugins\/seo\/ -->\n<title>LEINE LINDE RSI 503 537401-04 - OMANI VI\u1ec6T NAM<\/title>\n<meta name=\"description\" content=\"B\u1ed9 m\u00e3 h\u00f3a v\u00f2ng quay, 537401-04, Leine &amp; Linde\" \/>\n<meta name=\"robots\" content=\"index, follow, max-snippet:-1, max-image-preview:large, max-video-preview:-1\" \/>\n<link rel=\"canonical\" href=\"https:\/\/omanivietnam.com\/index.php\/san-pham\/leine-linde-537401-04\/\" \/>\n<meta property=\"og:locale\" content=\"vi_VN\" \/>\n<meta property=\"og:type\" content=\"article\" \/>\n<meta property=\"og:title\" content=\"LEINE LINDE RSI 503 537401-04 - OMANI VI\u1ec6T NAM\" \/>\n<meta property=\"og:description\" content=\"B\u1ed9 m\u00e3 h\u00f3a v\u00f2ng quay, 537401-04, Leine &amp; Linde\" \/>\n<meta property=\"og:url\" content=\"https:\/\/omanivietnam.com\/index.php\/san-pham\/leine-linde-537401-04\/\" \/>\n<meta property=\"og:site_name\" content=\"OMANI VI\u1ec6T NAM\" \/>\n<meta property=\"article:modified_time\" content=\"2024-11-04T22:48:06+00:00\" \/>\n<meta property=\"og:image\" content=\"https:\/\/omanivietnam.com\/wp-content\/uploads\/2024\/06\/537401-04.png\" \/>\n\t<meta property=\"og:image:width\" content=\"553\" \/>\n\t<meta property=\"og:image:height\" content=\"640\" \/>\n\t<meta property=\"og:image:type\" content=\"image\/png\" \/>\n<meta name=\"twitter:card\" content=\"summary_large_image\" \/>\n<meta name=\"twitter:label1\" content=\"\u01af\u1edbc t\u00ednh th\u1eddi gian \u0111\u1ecdc\" \/>\n\t<meta name=\"twitter:data1\" content=\"8 ph\u00fat\" \/>\n<script type=\"application\/ld+json\" class=\"yoast-schema-graph\">{\"@context\":\"https:\/\/schema.org\",\"@graph\":[{\"@type\":\"WebPage\",\"@id\":\"https:\/\/omanivietnam.com\/index.php\/san-pham\/leine-linde-537401-04\/\",\"url\":\"https:\/\/omanivietnam.com\/index.php\/san-pham\/leine-linde-537401-04\/\",\"name\":\"LEINE LINDE RSI 503 537401-04 - OMANI VI\u1ec6T NAM\",\"isPartOf\":{\"@id\":\"https:\/\/omanivietnam.com\/#website\"},\"primaryImageOfPage\":{\"@id\":\"https:\/\/omanivietnam.com\/index.php\/san-pham\/leine-linde-537401-04\/#primaryimage\"},\"image\":{\"@id\":\"https:\/\/omanivietnam.com\/index.php\/san-pham\/leine-linde-537401-04\/#primaryimage\"},\"thumbnailUrl\":\"https:\/\/omanivietnam.com\/wp-content\/uploads\/2024\/06\/537401-04.png\",\"datePublished\":\"2024-06-23T04:23:23+00:00\",\"dateModified\":\"2024-11-04T22:48:06+00:00\",\"description\":\"B\u1ed9 m\u00e3 h\u00f3a v\u00f2ng quay, 537401-04, Leine & Linde\",\"breadcrumb\":{\"@id\":\"https:\/\/omanivietnam.com\/index.php\/san-pham\/leine-linde-537401-04\/#breadcrumb\"},\"inLanguage\":\"vi\",\"potentialAction\":[{\"@type\":\"ReadAction\",\"target\":[\"https:\/\/omanivietnam.com\/index.php\/san-pham\/leine-linde-537401-04\/\"]}]},{\"@type\":\"ImageObject\",\"inLanguage\":\"vi\",\"@id\":\"https:\/\/omanivietnam.com\/index.php\/san-pham\/leine-linde-537401-04\/#primaryimage\",\"url\":\"https:\/\/omanivietnam.com\/wp-content\/uploads\/2024\/06\/537401-04.png\",\"contentUrl\":\"https:\/\/omanivietnam.com\/wp-content\/uploads\/2024\/06\/537401-04.png\",\"width\":553,\"height\":640},{\"@type\":\"BreadcrumbList\",\"@id\":\"https:\/\/omanivietnam.com\/index.php\/san-pham\/leine-linde-537401-04\/#breadcrumb\",\"itemListElement\":[{\"@type\":\"ListItem\",\"position\":1,\"name\":\"Home\",\"item\":\"https:\/\/omanivietnam.com\/\"},{\"@type\":\"ListItem\",\"position\":2,\"name\":\"S\u1ea2N PH\u1ea8M\",\"item\":\"https:\/\/omanivietnam.com\/index.php\/cua-hang\/\"},{\"@type\":\"ListItem\",\"position\":3,\"name\":\"LEINE LINDE RSI 503 537401-04\"}]},{\"@type\":\"WebSite\",\"@id\":\"https:\/\/omanivietnam.com\/#website\",\"url\":\"https:\/\/omanivietnam.com\/\",\"name\":\"OMANI VI\u1ec6T NAM\",\"description\":\"Nh\u00e0 ph\u00e2n ph\u1ed1i thi\u1ebft b\u1ecb kh\u00ed n\u00e9n v\u00e0 thi\u1ebft b\u1ecb t\u1ef1 \u0111\u1ed9ng h\u00f3a trong c\u00f4ng nghi\u1ec7p\",\"publisher\":{\"@id\":\"https:\/\/omanivietnam.com\/#\/schema\/person\/0ad398a980dc3fd696111c2c5c8fa897\"},\"potentialAction\":[{\"@type\":\"SearchAction\",\"target\":{\"@type\":\"EntryPoint\",\"urlTemplate\":\"https:\/\/omanivietnam.com\/?s={search_term_string}\"},\"query-input\":\"required name=search_term_string\"}],\"inLanguage\":\"vi\"},{\"@type\":[\"Person\",\"Organization\"],\"@id\":\"https:\/\/omanivietnam.com\/#\/schema\/person\/0ad398a980dc3fd696111c2c5c8fa897\",\"name\":\"Nguy\u1ec5n V\u0103n Kh\u00e1nh\",\"image\":{\"@type\":\"ImageObject\",\"inLanguage\":\"vi\",\"@id\":\"https:\/\/omanivietnam.com\/#\/schema\/person\/image\/\",\"url\":\"https:\/\/omanivietnam.com\/wp-content\/uploads\/2024\/06\/logo-1024x1024.png\",\"contentUrl\":\"https:\/\/omanivietnam.com\/wp-content\/uploads\/2024\/06\/logo-1024x1024.png\",\"width\":1024,\"height\":1024,\"caption\":\"Nguy\u1ec5n V\u0103n Kh\u00e1nh\"},\"logo\":{\"@id\":\"https:\/\/omanivietnam.com\/#\/schema\/person\/image\/\"},\"sameAs\":[\"https:\/\/omanivietnam.com\"]}]}<\/script>\n<!-- \/ Yoast SEO plugin. -->","yoast_head_json":{"title":"LEINE LINDE RSI 503 537401-04 - OMANI VI\u1ec6T NAM","description":"B\u1ed9 m\u00e3 h\u00f3a v\u00f2ng quay, 537401-04, Leine & Linde","robots":{"index":"index","follow":"follow","max-snippet":"max-snippet:-1","max-image-preview":"max-image-preview:large","max-video-preview":"max-video-preview:-1"},"canonical":"https:\/\/omanivietnam.com\/index.php\/san-pham\/leine-linde-537401-04\/","og_locale":"vi_VN","og_type":"article","og_title":"LEINE LINDE RSI 503 537401-04 - OMANI VI\u1ec6T NAM","og_description":"B\u1ed9 m\u00e3 h\u00f3a v\u00f2ng quay, 537401-04, Leine & Linde","og_url":"https:\/\/omanivietnam.com\/index.php\/san-pham\/leine-linde-537401-04\/","og_site_name":"OMANI VI\u1ec6T NAM","article_modified_time":"2024-11-04T22:48:06+00:00","og_image":[{"width":553,"height":640,"url":"https:\/\/omanivietnam.com\/wp-content\/uploads\/2024\/06\/537401-04.png","type":"image\/png"}],"twitter_card":"summary_large_image","twitter_misc":{"\u01af\u1edbc t\u00ednh th\u1eddi gian \u0111\u1ecdc":"8 ph\u00fat"},"schema":{"@context":"https:\/\/schema.org","@graph":[{"@type":"WebPage","@id":"https:\/\/omanivietnam.com\/index.php\/san-pham\/leine-linde-537401-04\/","url":"https:\/\/omanivietnam.com\/index.php\/san-pham\/leine-linde-537401-04\/","name":"LEINE LINDE RSI 503 537401-04 - OMANI VI\u1ec6T NAM","isPartOf":{"@id":"https:\/\/omanivietnam.com\/#website"},"primaryImageOfPage":{"@id":"https:\/\/omanivietnam.com\/index.php\/san-pham\/leine-linde-537401-04\/#primaryimage"},"image":{"@id":"https:\/\/omanivietnam.com\/index.php\/san-pham\/leine-linde-537401-04\/#primaryimage"},"thumbnailUrl":"https:\/\/omanivietnam.com\/wp-content\/uploads\/2024\/06\/537401-04.png","datePublished":"2024-06-23T04:23:23+00:00","dateModified":"2024-11-04T22:48:06+00:00","description":"B\u1ed9 m\u00e3 h\u00f3a v\u00f2ng quay, 537401-04, Leine & Linde","breadcrumb":{"@id":"https:\/\/omanivietnam.com\/index.php\/san-pham\/leine-linde-537401-04\/#breadcrumb"},"inLanguage":"vi","potentialAction":[{"@type":"ReadAction","target":["https:\/\/omanivietnam.com\/index.php\/san-pham\/leine-linde-537401-04\/"]}]},{"@type":"ImageObject","inLanguage":"vi","@id":"https:\/\/omanivietnam.com\/index.php\/san-pham\/leine-linde-537401-04\/#primaryimage","url":"https:\/\/omanivietnam.com\/wp-content\/uploads\/2024\/06\/537401-04.png","contentUrl":"https:\/\/omanivietnam.com\/wp-content\/uploads\/2024\/06\/537401-04.png","width":553,"height":640},{"@type":"BreadcrumbList","@id":"https:\/\/omanivietnam.com\/index.php\/san-pham\/leine-linde-537401-04\/#breadcrumb","itemListElement":[{"@type":"ListItem","position":1,"name":"Home","item":"https:\/\/omanivietnam.com\/"},{"@type":"ListItem","position":2,"name":"S\u1ea2N PH\u1ea8M","item":"https:\/\/omanivietnam.com\/index.php\/cua-hang\/"},{"@type":"ListItem","position":3,"name":"LEINE LINDE RSI 503 537401-04"}]},{"@type":"WebSite","@id":"https:\/\/omanivietnam.com\/#website","url":"https:\/\/omanivietnam.com\/","name":"OMANI VI\u1ec6T NAM","description":"Nh\u00e0 ph\u00e2n ph\u1ed1i thi\u1ebft b\u1ecb kh\u00ed n\u00e9n v\u00e0 thi\u1ebft b\u1ecb t\u1ef1 \u0111\u1ed9ng h\u00f3a trong c\u00f4ng nghi\u1ec7p","publisher":{"@id":"https:\/\/omanivietnam.com\/#\/schema\/person\/0ad398a980dc3fd696111c2c5c8fa897"},"potentialAction":[{"@type":"SearchAction","target":{"@type":"EntryPoint","urlTemplate":"https:\/\/omanivietnam.com\/?s={search_term_string}"},"query-input":"required name=search_term_string"}],"inLanguage":"vi"},{"@type":["Person","Organization"],"@id":"https:\/\/omanivietnam.com\/#\/schema\/person\/0ad398a980dc3fd696111c2c5c8fa897","name":"Nguy\u1ec5n V\u0103n Kh\u00e1nh","image":{"@type":"ImageObject","inLanguage":"vi","@id":"https:\/\/omanivietnam.com\/#\/schema\/person\/image\/","url":"https:\/\/omanivietnam.com\/wp-content\/uploads\/2024\/06\/logo-1024x1024.png","contentUrl":"https:\/\/omanivietnam.com\/wp-content\/uploads\/2024\/06\/logo-1024x1024.png","width":1024,"height":1024,"caption":"Nguy\u1ec5n V\u0103n Kh\u00e1nh"},"logo":{"@id":"https:\/\/omanivietnam.com\/#\/schema\/person\/image\/"},"sameAs":["https:\/\/omanivietnam.com"]}]}},"_links":{"self":[{"href":"https:\/\/omanivietnam.com\/index.php\/wp-json\/wp\/v2\/product\/812","targetHints":{"allow":["GET"]}}],"collection":[{"href":"https:\/\/omanivietnam.com\/index.php\/wp-json\/wp\/v2\/product"}],"about":[{"href":"https:\/\/omanivietnam.com\/index.php\/wp-json\/wp\/v2\/types\/product"}],"replies":[{"embeddable":true,"href":"https:\/\/omanivietnam.com\/index.php\/wp-json\/wp\/v2\/comments?post=812"}],"wp:featuredmedia":[{"embeddable":true,"href":"https:\/\/omanivietnam.com\/index.php\/wp-json\/wp\/v2\/media\/813"}],"wp:attachment":[{"href":"https:\/\/omanivietnam.com\/index.php\/wp-json\/wp\/v2\/media?parent=812"}],"wp:term":[{"taxonomy":"product_cat","embeddable":true,"href":"https:\/\/omanivietnam.com\/index.php\/wp-json\/wp\/v2\/product_cat?post=812"},{"taxonomy":"product_tag","embeddable":true,"href":"https:\/\/omanivietnam.com\/index.php\/wp-json\/wp\/v2\/product_tag?post=812"}],"curies":[{"name":"wp","href":"https:\/\/api.w.org\/{rel}","templated":true}]}}