{"id":814,"date":"2024-06-24T05:18:20","date_gmt":"2024-06-23T22:18:20","guid":{"rendered":"https:\/\/omanivietnam.com\/?post_type=product&#038;p=814"},"modified":"2024-08-29T09:19:38","modified_gmt":"2024-08-29T02:19:38","slug":"allen-bradley-440l-t4kl0800yd","status":"publish","type":"product","link":"https:\/\/omanivietnam.com\/index.php\/san-pham\/allen-bradley-440l-t4kl0800yd\/","title":{"rendered":"ALLEN BRADLEY 440L-T4KL0800YD"},"content":{"rendered":"<p>ALLEN BRADLEY 440L-T4KL0800YD<\/p>\n<p>Safety Light Curtain,GuardShield,Type 4,POC,Transmitter,Resolution 30mm,Protected Height 800mm,with Laser,<\/p>\n<div class=\"sc-bczRLJ kKUFt\"><span class=\"TypographyStyle--11lquxl giQtBi\">Brand:<\/span><span class=\"TypographyStyle--11lquxl eejEsk\">Allen-Bradley<\/span><\/div>\n<div class=\"sc-bczRLJ kKUFt\"><span class=\"TypographyStyle--11lquxl giQtBi\">Beams:<\/span><span class=\"TypographyStyle--11lquxl eejEsk\">40<\/span><\/div>\n<div class=\"sc-bczRLJ kKUFt\"><span class=\"TypographyStyle--11lquxl giQtBi\">Integrated Laser Alignment:<\/span><span class=\"TypographyStyle--11lquxl eejEsk\">Yes<\/span><\/div>\n<div class=\"sc-bczRLJ kKUFt\"><span class=\"TypographyStyle--11lquxl giQtBi\">Protected Height:<\/span><span class=\"TypographyStyle--11lquxl eejEsk\">800mm (31.5 in)<\/span><\/div>\n<div class=\"sc-bczRLJ kKUFt\"><span class=\"TypographyStyle--11lquxl giQtBi\">Resolution:<\/span><span class=\"TypographyStyle--11lquxl eejEsk\">30mm (1.18in.) Scanning Ranges: 0.3&#8230;16m (0.98&#8230;52 ft)<\/span><\/div>\n<div class=\"sc-bczRLJ kKUFt\"><span class=\"TypographyStyle--11lquxl giQtBi\">System Connector:<\/span><span class=\"TypographyStyle--11lquxl eejEsk\">Micro style quick-disconnect M12 (Tx: 4 or 5-pin, Rx: 8-pin)<\/span><\/div>\n<div class=\"sc-bczRLJ kKUFt\"><span class=\"TypographyStyle--11lquxl giQtBi\">Type of Unit:<\/span><span class=\"TypographyStyle--11lquxl eejEsk\">Transmitter (Tx)<\/span><\/div>\n<div><\/div>\n<div><\/div>\n<div>\n<p>\u0110\u1ea1i l\u00fd Allen-Bradley vietnam, Allen-Bradley viet nam, Allen-Bradley vietnam distributor, Ph\u00e2n ph\u1ed1i Panasonic t\u1ea1i vi\u1ec7t nam<\/p>\n<p>\u0110\u1ea1i l\u00fd Allen-Bradley vietnam, Allen-Bradley viet nam, Allen-Bradley vietnam distributor, Ph\u00e2n ph\u1ed1i Panasonic t\u1ea1i vi\u1ec7t nam<\/p>\n<p>\u0110\u1ea1i l\u00fd Allen-Bradley vietnam, Allen-Bradley viet nam, Allen-Bradley vietnam distributor, Ph\u00e2n ph\u1ed1i Panasonic t\u1ea1i vi\u1ec7t nam<\/p>\n<p>\u0110\u1ea1i l\u00fd Allen-Bradley vietnam, Allen-Bradley viet nam, Allen-Bradley vietnam distributor, Ph\u00e2n ph\u1ed1i Panasonic t\u1ea1i vi\u1ec7t nam<\/p>\n<p>\u0110\u1ea1i l\u00fd Allen-Bradley vietnam, Allen-Bradley viet nam, Allen-Bradley vietnam distributor, Ph\u00e2n ph\u1ed1i Panasonic t\u1ea1i vi\u1ec7t nam<\/p>\n<\/div>\n","protected":false},"excerpt":{"rendered":"<p>ALLEN BRADLEY 440L-T4KL0800YD Safety Light Curtain,GuardShield,Type 4,POC,Transmitter,Resolution 30mm,Protected Height 800mm,with Laser, Brand:Allen-Bradley Beams:40 Integrated Laser Alignment:Yes Protected Height:800mm (31.5 in) Resolution:30mm (1.18in.) Scanning Ranges: 0.3&#8230;16m (0.98&#8230;52 ft) System Connector:Micro style quick-disconnect M12 (Tx: 4 or 5-pin, Rx: 8-pin) Type of Unit:Transmitter (Tx) \u0110\u1ea1i l\u00fd Allen-Bradley vietnam, Allen-Bradley viet nam, Allen-Bradley&hellip; <\/p>\n","protected":false},"featured_media":815,"comment_status":"open","ping_status":"closed","template":"","meta":[],"product_cat":[295],"product_tag":[178,88,179],"class_list":{"0":"post-814","1":"product","2":"type-product","3":"status-publish","4":"has-post-thumbnail","6":"product_cat-allen-bradley","7":"product_tag-allen-bradley-viet-nam","8":"product_tag-cam-bien","9":"product_tag-dai-ly-allen-bradley-viet-nam","11":"first","12":"instock","13":"shipping-taxable","14":"product-type-simple"},"yoast_head":"<!-- This site is optimized with the Yoast SEO plugin v22.8 - https:\/\/yoast.com\/wordpress\/plugins\/seo\/ -->\n<title>ALLEN BRADLEY 440L-T4KL0800YD - OMANI VI\u1ec6T NAM<\/title>\n<meta name=\"description\" content=\"Allen-Bradley 440L-T4KL0800YD GuardShield ; 440L Guardshield Type 4 Light Curtains Used On Plastics\" \/>\n<meta name=\"robots\" content=\"index, follow, max-snippet:-1, max-image-preview:large, max-video-preview:-1\" \/>\n<link rel=\"canonical\" href=\"https:\/\/omanivietnam.com\/index.php\/san-pham\/allen-bradley-440l-t4kl0800yd\/\" \/>\n<meta property=\"og:locale\" content=\"vi_VN\" \/>\n<meta property=\"og:type\" content=\"article\" \/>\n<meta property=\"og:title\" content=\"ALLEN BRADLEY 440L-T4KL0800YD - OMANI VI\u1ec6T NAM\" \/>\n<meta property=\"og:description\" content=\"Allen-Bradley 440L-T4KL0800YD GuardShield ; 440L Guardshield Type 4 Light Curtains Used On Plastics\" \/>\n<meta property=\"og:url\" content=\"https:\/\/omanivietnam.com\/index.php\/san-pham\/allen-bradley-440l-t4kl0800yd\/\" \/>\n<meta property=\"og:site_name\" content=\"OMANI VI\u1ec6T NAM\" \/>\n<meta property=\"article:modified_time\" content=\"2024-08-29T02:19:38+00:00\" \/>\n<meta property=\"og:image\" content=\"https:\/\/omanivietnam.com\/wp-content\/uploads\/2024\/06\/440L-T4KL0800YD.png\" \/>\n\t<meta property=\"og:image:width\" content=\"470\" \/>\n\t<meta property=\"og:image:height\" content=\"517\" \/>\n\t<meta property=\"og:image:type\" content=\"image\/png\" \/>\n<meta name=\"twitter:card\" content=\"summary_large_image\" \/>\n<meta name=\"twitter:label1\" content=\"\u01af\u1edbc t\u00ednh th\u1eddi gian \u0111\u1ecdc\" \/>\n\t<meta name=\"twitter:data1\" content=\"1 ph\u00fat\" \/>\n<script type=\"application\/ld+json\" class=\"yoast-schema-graph\">{\"@context\":\"https:\/\/schema.org\",\"@graph\":[{\"@type\":\"WebPage\",\"@id\":\"https:\/\/omanivietnam.com\/index.php\/san-pham\/allen-bradley-440l-t4kl0800yd\/\",\"url\":\"https:\/\/omanivietnam.com\/index.php\/san-pham\/allen-bradley-440l-t4kl0800yd\/\",\"name\":\"ALLEN BRADLEY 440L-T4KL0800YD - OMANI VI\u1ec6T NAM\",\"isPartOf\":{\"@id\":\"https:\/\/omanivietnam.com\/#website\"},\"primaryImageOfPage\":{\"@id\":\"https:\/\/omanivietnam.com\/index.php\/san-pham\/allen-bradley-440l-t4kl0800yd\/#primaryimage\"},\"image\":{\"@id\":\"https:\/\/omanivietnam.com\/index.php\/san-pham\/allen-bradley-440l-t4kl0800yd\/#primaryimage\"},\"thumbnailUrl\":\"https:\/\/omanivietnam.com\/wp-content\/uploads\/2024\/06\/440L-T4KL0800YD.png\",\"datePublished\":\"2024-06-23T22:18:20+00:00\",\"dateModified\":\"2024-08-29T02:19:38+00:00\",\"description\":\"Allen-Bradley 440L-T4KL0800YD GuardShield ; 440L Guardshield Type 4 Light Curtains Used On Plastics\",\"breadcrumb\":{\"@id\":\"https:\/\/omanivietnam.com\/index.php\/san-pham\/allen-bradley-440l-t4kl0800yd\/#breadcrumb\"},\"inLanguage\":\"vi\",\"potentialAction\":[{\"@type\":\"ReadAction\",\"target\":[\"https:\/\/omanivietnam.com\/index.php\/san-pham\/allen-bradley-440l-t4kl0800yd\/\"]}]},{\"@type\":\"ImageObject\",\"inLanguage\":\"vi\",\"@id\":\"https:\/\/omanivietnam.com\/index.php\/san-pham\/allen-bradley-440l-t4kl0800yd\/#primaryimage\",\"url\":\"https:\/\/omanivietnam.com\/wp-content\/uploads\/2024\/06\/440L-T4KL0800YD.png\",\"contentUrl\":\"https:\/\/omanivietnam.com\/wp-content\/uploads\/2024\/06\/440L-T4KL0800YD.png\",\"width\":470,\"height\":517},{\"@type\":\"BreadcrumbList\",\"@id\":\"https:\/\/omanivietnam.com\/index.php\/san-pham\/allen-bradley-440l-t4kl0800yd\/#breadcrumb\",\"itemListElement\":[{\"@type\":\"ListItem\",\"position\":1,\"name\":\"Home\",\"item\":\"https:\/\/omanivietnam.com\/\"},{\"@type\":\"ListItem\",\"position\":2,\"name\":\"S\u1ea2N PH\u1ea8M\",\"item\":\"https:\/\/omanivietnam.com\/index.php\/cua-hang\/\"},{\"@type\":\"ListItem\",\"position\":3,\"name\":\"ALLEN BRADLEY 440L-T4KL0800YD\"}]},{\"@type\":\"WebSite\",\"@id\":\"https:\/\/omanivietnam.com\/#website\",\"url\":\"https:\/\/omanivietnam.com\/\",\"name\":\"OMANI VI\u1ec6T NAM\",\"description\":\"Nh\u00e0 ph\u00e2n ph\u1ed1i thi\u1ebft b\u1ecb kh\u00ed n\u00e9n v\u00e0 thi\u1ebft b\u1ecb t\u1ef1 \u0111\u1ed9ng h\u00f3a trong c\u00f4ng nghi\u1ec7p\",\"publisher\":{\"@id\":\"https:\/\/omanivietnam.com\/#\/schema\/person\/0ad398a980dc3fd696111c2c5c8fa897\"},\"potentialAction\":[{\"@type\":\"SearchAction\",\"target\":{\"@type\":\"EntryPoint\",\"urlTemplate\":\"https:\/\/omanivietnam.com\/?s={search_term_string}\"},\"query-input\":\"required name=search_term_string\"}],\"inLanguage\":\"vi\"},{\"@type\":[\"Person\",\"Organization\"],\"@id\":\"https:\/\/omanivietnam.com\/#\/schema\/person\/0ad398a980dc3fd696111c2c5c8fa897\",\"name\":\"Nguy\u1ec5n V\u0103n Kh\u00e1nh\",\"image\":{\"@type\":\"ImageObject\",\"inLanguage\":\"vi\",\"@id\":\"https:\/\/omanivietnam.com\/#\/schema\/person\/image\/\",\"url\":\"https:\/\/omanivietnam.com\/wp-content\/uploads\/2024\/06\/logo-1024x1024.png\",\"contentUrl\":\"https:\/\/omanivietnam.com\/wp-content\/uploads\/2024\/06\/logo-1024x1024.png\",\"width\":1024,\"height\":1024,\"caption\":\"Nguy\u1ec5n V\u0103n Kh\u00e1nh\"},\"logo\":{\"@id\":\"https:\/\/omanivietnam.com\/#\/schema\/person\/image\/\"},\"sameAs\":[\"https:\/\/omanivietnam.com\"]}]}<\/script>\n<!-- \/ Yoast SEO plugin. -->","yoast_head_json":{"title":"ALLEN BRADLEY 440L-T4KL0800YD - OMANI VI\u1ec6T NAM","description":"Allen-Bradley 440L-T4KL0800YD GuardShield ; 440L Guardshield Type 4 Light Curtains Used On Plastics","robots":{"index":"index","follow":"follow","max-snippet":"max-snippet:-1","max-image-preview":"max-image-preview:large","max-video-preview":"max-video-preview:-1"},"canonical":"https:\/\/omanivietnam.com\/index.php\/san-pham\/allen-bradley-440l-t4kl0800yd\/","og_locale":"vi_VN","og_type":"article","og_title":"ALLEN BRADLEY 440L-T4KL0800YD - OMANI VI\u1ec6T NAM","og_description":"Allen-Bradley 440L-T4KL0800YD GuardShield ; 440L Guardshield Type 4 Light Curtains Used On Plastics","og_url":"https:\/\/omanivietnam.com\/index.php\/san-pham\/allen-bradley-440l-t4kl0800yd\/","og_site_name":"OMANI VI\u1ec6T NAM","article_modified_time":"2024-08-29T02:19:38+00:00","og_image":[{"width":470,"height":517,"url":"https:\/\/omanivietnam.com\/wp-content\/uploads\/2024\/06\/440L-T4KL0800YD.png","type":"image\/png"}],"twitter_card":"summary_large_image","twitter_misc":{"\u01af\u1edbc t\u00ednh th\u1eddi gian \u0111\u1ecdc":"1 ph\u00fat"},"schema":{"@context":"https:\/\/schema.org","@graph":[{"@type":"WebPage","@id":"https:\/\/omanivietnam.com\/index.php\/san-pham\/allen-bradley-440l-t4kl0800yd\/","url":"https:\/\/omanivietnam.com\/index.php\/san-pham\/allen-bradley-440l-t4kl0800yd\/","name":"ALLEN BRADLEY 440L-T4KL0800YD - OMANI VI\u1ec6T NAM","isPartOf":{"@id":"https:\/\/omanivietnam.com\/#website"},"primaryImageOfPage":{"@id":"https:\/\/omanivietnam.com\/index.php\/san-pham\/allen-bradley-440l-t4kl0800yd\/#primaryimage"},"image":{"@id":"https:\/\/omanivietnam.com\/index.php\/san-pham\/allen-bradley-440l-t4kl0800yd\/#primaryimage"},"thumbnailUrl":"https:\/\/omanivietnam.com\/wp-content\/uploads\/2024\/06\/440L-T4KL0800YD.png","datePublished":"2024-06-23T22:18:20+00:00","dateModified":"2024-08-29T02:19:38+00:00","description":"Allen-Bradley 440L-T4KL0800YD GuardShield ; 440L Guardshield Type 4 Light Curtains Used On Plastics","breadcrumb":{"@id":"https:\/\/omanivietnam.com\/index.php\/san-pham\/allen-bradley-440l-t4kl0800yd\/#breadcrumb"},"inLanguage":"vi","potentialAction":[{"@type":"ReadAction","target":["https:\/\/omanivietnam.com\/index.php\/san-pham\/allen-bradley-440l-t4kl0800yd\/"]}]},{"@type":"ImageObject","inLanguage":"vi","@id":"https:\/\/omanivietnam.com\/index.php\/san-pham\/allen-bradley-440l-t4kl0800yd\/#primaryimage","url":"https:\/\/omanivietnam.com\/wp-content\/uploads\/2024\/06\/440L-T4KL0800YD.png","contentUrl":"https:\/\/omanivietnam.com\/wp-content\/uploads\/2024\/06\/440L-T4KL0800YD.png","width":470,"height":517},{"@type":"BreadcrumbList","@id":"https:\/\/omanivietnam.com\/index.php\/san-pham\/allen-bradley-440l-t4kl0800yd\/#breadcrumb","itemListElement":[{"@type":"ListItem","position":1,"name":"Home","item":"https:\/\/omanivietnam.com\/"},{"@type":"ListItem","position":2,"name":"S\u1ea2N PH\u1ea8M","item":"https:\/\/omanivietnam.com\/index.php\/cua-hang\/"},{"@type":"ListItem","position":3,"name":"ALLEN BRADLEY 440L-T4KL0800YD"}]},{"@type":"WebSite","@id":"https:\/\/omanivietnam.com\/#website","url":"https:\/\/omanivietnam.com\/","name":"OMANI VI\u1ec6T NAM","description":"Nh\u00e0 ph\u00e2n ph\u1ed1i thi\u1ebft b\u1ecb kh\u00ed n\u00e9n v\u00e0 thi\u1ebft b\u1ecb t\u1ef1 \u0111\u1ed9ng h\u00f3a trong c\u00f4ng nghi\u1ec7p","publisher":{"@id":"https:\/\/omanivietnam.com\/#\/schema\/person\/0ad398a980dc3fd696111c2c5c8fa897"},"potentialAction":[{"@type":"SearchAction","target":{"@type":"EntryPoint","urlTemplate":"https:\/\/omanivietnam.com\/?s={search_term_string}"},"query-input":"required name=search_term_string"}],"inLanguage":"vi"},{"@type":["Person","Organization"],"@id":"https:\/\/omanivietnam.com\/#\/schema\/person\/0ad398a980dc3fd696111c2c5c8fa897","name":"Nguy\u1ec5n V\u0103n Kh\u00e1nh","image":{"@type":"ImageObject","inLanguage":"vi","@id":"https:\/\/omanivietnam.com\/#\/schema\/person\/image\/","url":"https:\/\/omanivietnam.com\/wp-content\/uploads\/2024\/06\/logo-1024x1024.png","contentUrl":"https:\/\/omanivietnam.com\/wp-content\/uploads\/2024\/06\/logo-1024x1024.png","width":1024,"height":1024,"caption":"Nguy\u1ec5n V\u0103n Kh\u00e1nh"},"logo":{"@id":"https:\/\/omanivietnam.com\/#\/schema\/person\/image\/"},"sameAs":["https:\/\/omanivietnam.com"]}]}},"_links":{"self":[{"href":"https:\/\/omanivietnam.com\/index.php\/wp-json\/wp\/v2\/product\/814","targetHints":{"allow":["GET"]}}],"collection":[{"href":"https:\/\/omanivietnam.com\/index.php\/wp-json\/wp\/v2\/product"}],"about":[{"href":"https:\/\/omanivietnam.com\/index.php\/wp-json\/wp\/v2\/types\/product"}],"replies":[{"embeddable":true,"href":"https:\/\/omanivietnam.com\/index.php\/wp-json\/wp\/v2\/comments?post=814"}],"wp:featuredmedia":[{"embeddable":true,"href":"https:\/\/omanivietnam.com\/index.php\/wp-json\/wp\/v2\/media\/815"}],"wp:attachment":[{"href":"https:\/\/omanivietnam.com\/index.php\/wp-json\/wp\/v2\/media?parent=814"}],"wp:term":[{"taxonomy":"product_cat","embeddable":true,"href":"https:\/\/omanivietnam.com\/index.php\/wp-json\/wp\/v2\/product_cat?post=814"},{"taxonomy":"product_tag","embeddable":true,"href":"https:\/\/omanivietnam.com\/index.php\/wp-json\/wp\/v2\/product_tag?post=814"}],"curies":[{"name":"wp","href":"https:\/\/api.w.org\/{rel}","templated":true}]}}