{"id":827,"date":"2024-06-25T04:39:29","date_gmt":"2024-06-24T21:39:29","guid":{"rendered":"https:\/\/omanivietnam.com\/?post_type=product&#038;p=827"},"modified":"2024-08-29T09:12:28","modified_gmt":"2024-08-29T02:12:28","slug":"bst-ekr-500-plus-unit","status":"publish","type":"product","link":"https:\/\/omanivietnam.com\/index.php\/san-pham\/bst-ekr-500-plus-unit\/","title":{"rendered":"BST EKR 500 PLUS UNIT"},"content":{"rendered":"<p>BST EKR 500 PLUS UNIT P\/N 3COBL142744-00017859<\/p>\n<h1 class=\"product_title entry-title\">CONTROLLER BST-ELTROMAT EKR 500 DIGITAL<\/h1>\n<div id=\"c494\" class=\"csc-default\">\n<p class=\"bodytext\">The\u00a0<b>clear LC display<\/b>\u00a0depicts all relevant data, like the web position, sensor covers, and the position of the actuators.<\/p>\n<\/div>\n<div id=\"c3668\" class=\"csc-default\"><\/div>\n<div id=\"c3043\" class=\"csc-default\">\n<div class=\"csc-header csc-header-n5\">\n<h2>Ekr 500 digital:<\/h2>\n<\/div>\n<div>\n<ul>\n<li>Fast<b>\u00a0start-up<\/b>\u00a0(plug and play)<\/li>\n<li>Easy\u00a0<b>interchangeability<\/b><\/li>\n<li>Easy\u00a0<b>handling<\/b><\/li>\n<li><b>Service<\/b>\u00a0via USB<\/li>\n<li><b>CAN hub technology<\/b><\/li>\n<li>Electronic\u00a0<b>remote precision adjustment<\/b><\/li>\n<li><b>Remote operation<\/b>\u00a0via digital inputs<\/li>\n<li>Digital\u00a0<b>outputs<\/b><\/li>\n<\/ul>\n<div class=\"vc_row wpb_row vc_row-fluid\">\n<div class=\"wpb_column vc_column_container vc_col-md-12\">\n<div class=\"vc_column-inner \">\n<div class=\"wpb_wrapper\">\n<div class=\"wpb_text_column wpb_content_element \">\n<div class=\"wpb_wrapper\">\n<p>BST Controllers compares actual values on the web position with defined nominal values. If there is a deviation, the controller sends a correction signal to the guiding device.<\/p>\n<p>At BST eltromat we differentiate between BASIC and ADVANCED Controller to meet your requirements.<\/p>\n<\/div>\n<\/div>\n<\/div>\n<\/div>\n<\/div>\n<\/div>\n<div class=\"vc_row wpb_row vc_row-fluid\">\n<div class=\"wpb_column vc_column_container vc_col-md-12\">\n<div class=\"vc_column-inner \">\n<div class=\"wpb_wrapper\">\n<div class=\"wpb_text_column wpb_content_element \">\n<div class=\"wpb_wrapper\">\n<h2>Universal applications<\/h2>\n<p>The variety of connectible components ensures optimal alignment with your application. All controllers come with ports for various sensors (ultrasonic, optic, line and reflection sensors as well as line cameras) and actuating drives of various performance classes (with or without position feedback).<\/p>\n<\/div>\n<\/div>\n<\/div>\n<\/div>\n<\/div>\n<\/div>\n<div class=\"vc_row wpb_row vc_row-fluid tabarea\">\n<div class=\"wpb_column vc_column_container vc_col-md-12\">\n<div class=\"vc_column-inner \">\n<div class=\"wpb_wrapper\">\n<div class=\"wpb_text_column wpb_content_element \">\n<div class=\"wpb_wrapper\">\n<h2>Modern technology in limited space<\/h2>\n<p>The compact controller design allows a direct installation on\/inside the guiding device on any desired position<\/p>\n<\/div>\n<div class=\"wpb_text_column wpb_content_element \">\n<div class=\"wpb_wrapper\">\n<p>The functional scope of\u00a0<strong>ekr 500 Supremus<\/strong>:<\/p>\n<ul>\n<li>An advanced new version of\u00a0<b>Graphical LCD<\/b><\/li>\n<li>High Current\u00a0<b>Actuator Motor Control up to<\/b>\u00a0<b>10 Amp<\/b><\/li>\n<li>Enabled with an industrial protocol like\u00a0<b>MODBUS TCP<\/b>, using which any\u00a0<b>SCADA<\/b>\u00a0system can communicate, monitor and control\u00a0<b>ekr<\/b><b>\u00a0500\u00a0<\/b><b>Supremus<\/b><\/li>\n<li>Has\u00a0<b>Cloud Protocol Support<\/b>\u00a0to enable remote access and over the air update<\/li>\n<li>Enabled\u00a0<b>Bluetooth support\u00a0<\/b>for users to control the web with Mobile App.<\/li>\n<li>Enabled with\u00a0<b>IIOT 4.0<\/b><\/li>\n<\/ul>\n<\/div>\n<\/div>\n<div class=\"wpb_text_column wpb_content_element \">\n<div class=\"wpb_wrapper\">\n<h2>Your benefits at a glance:<\/h2>\n<ul>\n<li>Quick installation &amp; commissioning (Plug &amp; Play)<\/li>\n<li>Easy to replace<\/li>\n<li>Simple handling<\/li>\n<li>Remote control via digital inputs<\/li>\n<li>Color LCD with second keypad<\/li>\n<li>CAN technology to access Digital sensors<\/li>\n<li>Digital as well as analog sensor support<\/li>\n<li>Digital outputs<\/li>\n<li>Convenient connection to higher systems (PLC or PC) without gateways over Ethernet<\/li>\n<li>High current actuator support<\/li>\n<li>Different Feedback mechanism with over-current protection of Motor<\/li>\n<li>Oscillation<\/li>\n<li>Over the air update &amp; de-bugging<\/li>\n<\/ul>\n<p>&nbsp;<\/p>\n<p>\u0110\u1ea1i l\u00fd BST vietnam, BST viet nam, BST vietnam distributor, Ph\u00e2n ph\u1ed1i BST t\u1ea1i vi\u1ec7t nam<\/p>\n<p>\u0110\u1ea1i l\u00fd BST vietnam, BST viet nam, BST vietnam distributor, Ph\u00e2n ph\u1ed1i BST t\u1ea1i vi\u1ec7t nam<\/p>\n<p>\u0110\u1ea1i l\u00fd BST vietnam, BST viet nam, BST vietnam distributor, Ph\u00e2n ph\u1ed1i BST t\u1ea1i vi\u1ec7t nam<\/p>\n<p>\u0110\u1ea1i l\u00fd BST vietnam, BST viet nam, BST vietnam distributor, Ph\u00e2n ph\u1ed1i BST t\u1ea1i vi\u1ec7t nam<\/p>\n<p>\u0110\u1ea1i l\u00fd BST vietnam, BST viet nam, BST vietnam distributor, Ph\u00e2n ph\u1ed1i BST t\u1ea1i vi\u1ec7t nam<\/p>\n<\/div>\n<\/div>\n<\/div>\n<\/div>\n<\/div>\n<\/div>\n<\/div>\n<\/div>\n<\/div>\n","protected":false},"excerpt":{"rendered":"<p>BST EKR 500 PLUS UNIT P\/N 3COBL142744-00017859 CONTROLLER BST-ELTROMAT EKR 500 DIGITAL The\u00a0clear LC display\u00a0depicts all relevant data, like the web position, sensor covers, and the position of the actuators. Ekr 500 digital: Fast\u00a0start-up\u00a0(plug and play) Easy\u00a0interchangeability Easy\u00a0handling Service\u00a0via USB CAN hub technology Electronic\u00a0remote precision adjustment Remote operation\u00a0via digital inputs&hellip; <\/p>\n","protected":false},"featured_media":828,"comment_status":"open","ping_status":"closed","template":"","meta":[],"product_cat":[425],"product_tag":[167,203,204],"class_list":{"0":"post-827","1":"product","2":"type-product","3":"status-publish","4":"has-post-thumbnail","6":"product_cat-bst","7":"product_tag-bo-dieu-khien","8":"product_tag-bst-viet-nam","9":"product_tag-dai-ly-bst-viet-nam","11":"first","12":"instock","13":"shipping-taxable","14":"product-type-simple"},"yoast_head":"<!-- This site is optimized with the Yoast SEO plugin v22.8 - https:\/\/yoast.com\/wordpress\/plugins\/seo\/ -->\n<title>BST EKR 500 PLUS UNIT - OMANI VI\u1ec6T NAM<\/title>\n<meta name=\"description\" content=\"BST International EKR 500 Unit Plus Panel Controller\" \/>\n<meta name=\"robots\" content=\"index, follow, max-snippet:-1, max-image-preview:large, max-video-preview:-1\" \/>\n<link rel=\"canonical\" href=\"https:\/\/omanivietnam.com\/index.php\/san-pham\/bst-ekr-500-plus-unit\/\" \/>\n<meta property=\"og:locale\" content=\"vi_VN\" \/>\n<meta property=\"og:type\" content=\"article\" \/>\n<meta property=\"og:title\" content=\"BST EKR 500 PLUS UNIT - OMANI VI\u1ec6T NAM\" \/>\n<meta property=\"og:description\" content=\"BST International EKR 500 Unit Plus Panel Controller\" \/>\n<meta property=\"og:url\" content=\"https:\/\/omanivietnam.com\/index.php\/san-pham\/bst-ekr-500-plus-unit\/\" \/>\n<meta property=\"og:site_name\" content=\"OMANI VI\u1ec6T NAM\" \/>\n<meta property=\"article:modified_time\" content=\"2024-08-29T02:12:28+00:00\" \/>\n<meta property=\"og:image\" content=\"https:\/\/omanivietnam.com\/wp-content\/uploads\/2024\/06\/3COBL142744-00017859.png\" \/>\n\t<meta property=\"og:image:width\" content=\"1079\" \/>\n\t<meta property=\"og:image:height\" content=\"588\" \/>\n\t<meta property=\"og:image:type\" content=\"image\/png\" \/>\n<meta name=\"twitter:card\" content=\"summary_large_image\" \/>\n<meta name=\"twitter:label1\" content=\"\u01af\u1edbc t\u00ednh th\u1eddi gian \u0111\u1ecdc\" \/>\n\t<meta name=\"twitter:data1\" content=\"3 ph\u00fat\" \/>\n<script type=\"application\/ld+json\" class=\"yoast-schema-graph\">{\"@context\":\"https:\/\/schema.org\",\"@graph\":[{\"@type\":\"WebPage\",\"@id\":\"https:\/\/omanivietnam.com\/index.php\/san-pham\/bst-ekr-500-plus-unit\/\",\"url\":\"https:\/\/omanivietnam.com\/index.php\/san-pham\/bst-ekr-500-plus-unit\/\",\"name\":\"BST EKR 500 PLUS UNIT - OMANI VI\u1ec6T NAM\",\"isPartOf\":{\"@id\":\"https:\/\/omanivietnam.com\/#website\"},\"primaryImageOfPage\":{\"@id\":\"https:\/\/omanivietnam.com\/index.php\/san-pham\/bst-ekr-500-plus-unit\/#primaryimage\"},\"image\":{\"@id\":\"https:\/\/omanivietnam.com\/index.php\/san-pham\/bst-ekr-500-plus-unit\/#primaryimage\"},\"thumbnailUrl\":\"https:\/\/omanivietnam.com\/wp-content\/uploads\/2024\/06\/3COBL142744-00017859.png\",\"datePublished\":\"2024-06-24T21:39:29+00:00\",\"dateModified\":\"2024-08-29T02:12:28+00:00\",\"description\":\"BST International EKR 500 Unit Plus Panel Controller\",\"breadcrumb\":{\"@id\":\"https:\/\/omanivietnam.com\/index.php\/san-pham\/bst-ekr-500-plus-unit\/#breadcrumb\"},\"inLanguage\":\"vi\",\"potentialAction\":[{\"@type\":\"ReadAction\",\"target\":[\"https:\/\/omanivietnam.com\/index.php\/san-pham\/bst-ekr-500-plus-unit\/\"]}]},{\"@type\":\"ImageObject\",\"inLanguage\":\"vi\",\"@id\":\"https:\/\/omanivietnam.com\/index.php\/san-pham\/bst-ekr-500-plus-unit\/#primaryimage\",\"url\":\"https:\/\/omanivietnam.com\/wp-content\/uploads\/2024\/06\/3COBL142744-00017859.png\",\"contentUrl\":\"https:\/\/omanivietnam.com\/wp-content\/uploads\/2024\/06\/3COBL142744-00017859.png\",\"width\":1079,\"height\":588},{\"@type\":\"BreadcrumbList\",\"@id\":\"https:\/\/omanivietnam.com\/index.php\/san-pham\/bst-ekr-500-plus-unit\/#breadcrumb\",\"itemListElement\":[{\"@type\":\"ListItem\",\"position\":1,\"name\":\"Home\",\"item\":\"https:\/\/omanivietnam.com\/\"},{\"@type\":\"ListItem\",\"position\":2,\"name\":\"S\u1ea2N PH\u1ea8M\",\"item\":\"https:\/\/omanivietnam.com\/index.php\/cua-hang\/\"},{\"@type\":\"ListItem\",\"position\":3,\"name\":\"BST EKR 500 PLUS UNIT\"}]},{\"@type\":\"WebSite\",\"@id\":\"https:\/\/omanivietnam.com\/#website\",\"url\":\"https:\/\/omanivietnam.com\/\",\"name\":\"OMANI VI\u1ec6T NAM\",\"description\":\"Nh\u00e0 ph\u00e2n ph\u1ed1i thi\u1ebft b\u1ecb kh\u00ed n\u00e9n v\u00e0 thi\u1ebft b\u1ecb t\u1ef1 \u0111\u1ed9ng h\u00f3a trong c\u00f4ng nghi\u1ec7p\",\"publisher\":{\"@id\":\"https:\/\/omanivietnam.com\/#\/schema\/person\/0ad398a980dc3fd696111c2c5c8fa897\"},\"potentialAction\":[{\"@type\":\"SearchAction\",\"target\":{\"@type\":\"EntryPoint\",\"urlTemplate\":\"https:\/\/omanivietnam.com\/?s={search_term_string}\"},\"query-input\":\"required name=search_term_string\"}],\"inLanguage\":\"vi\"},{\"@type\":[\"Person\",\"Organization\"],\"@id\":\"https:\/\/omanivietnam.com\/#\/schema\/person\/0ad398a980dc3fd696111c2c5c8fa897\",\"name\":\"Nguy\u1ec5n V\u0103n Kh\u00e1nh\",\"image\":{\"@type\":\"ImageObject\",\"inLanguage\":\"vi\",\"@id\":\"https:\/\/omanivietnam.com\/#\/schema\/person\/image\/\",\"url\":\"https:\/\/omanivietnam.com\/wp-content\/uploads\/2024\/06\/logo-1024x1024.png\",\"contentUrl\":\"https:\/\/omanivietnam.com\/wp-content\/uploads\/2024\/06\/logo-1024x1024.png\",\"width\":1024,\"height\":1024,\"caption\":\"Nguy\u1ec5n V\u0103n Kh\u00e1nh\"},\"logo\":{\"@id\":\"https:\/\/omanivietnam.com\/#\/schema\/person\/image\/\"},\"sameAs\":[\"https:\/\/omanivietnam.com\"]}]}<\/script>\n<!-- \/ Yoast SEO plugin. -->","yoast_head_json":{"title":"BST EKR 500 PLUS UNIT - OMANI VI\u1ec6T NAM","description":"BST International EKR 500 Unit Plus Panel Controller","robots":{"index":"index","follow":"follow","max-snippet":"max-snippet:-1","max-image-preview":"max-image-preview:large","max-video-preview":"max-video-preview:-1"},"canonical":"https:\/\/omanivietnam.com\/index.php\/san-pham\/bst-ekr-500-plus-unit\/","og_locale":"vi_VN","og_type":"article","og_title":"BST EKR 500 PLUS UNIT - OMANI VI\u1ec6T NAM","og_description":"BST International EKR 500 Unit Plus Panel Controller","og_url":"https:\/\/omanivietnam.com\/index.php\/san-pham\/bst-ekr-500-plus-unit\/","og_site_name":"OMANI VI\u1ec6T NAM","article_modified_time":"2024-08-29T02:12:28+00:00","og_image":[{"width":1079,"height":588,"url":"https:\/\/omanivietnam.com\/wp-content\/uploads\/2024\/06\/3COBL142744-00017859.png","type":"image\/png"}],"twitter_card":"summary_large_image","twitter_misc":{"\u01af\u1edbc t\u00ednh th\u1eddi gian \u0111\u1ecdc":"3 ph\u00fat"},"schema":{"@context":"https:\/\/schema.org","@graph":[{"@type":"WebPage","@id":"https:\/\/omanivietnam.com\/index.php\/san-pham\/bst-ekr-500-plus-unit\/","url":"https:\/\/omanivietnam.com\/index.php\/san-pham\/bst-ekr-500-plus-unit\/","name":"BST EKR 500 PLUS UNIT - OMANI VI\u1ec6T NAM","isPartOf":{"@id":"https:\/\/omanivietnam.com\/#website"},"primaryImageOfPage":{"@id":"https:\/\/omanivietnam.com\/index.php\/san-pham\/bst-ekr-500-plus-unit\/#primaryimage"},"image":{"@id":"https:\/\/omanivietnam.com\/index.php\/san-pham\/bst-ekr-500-plus-unit\/#primaryimage"},"thumbnailUrl":"https:\/\/omanivietnam.com\/wp-content\/uploads\/2024\/06\/3COBL142744-00017859.png","datePublished":"2024-06-24T21:39:29+00:00","dateModified":"2024-08-29T02:12:28+00:00","description":"BST International EKR 500 Unit Plus Panel Controller","breadcrumb":{"@id":"https:\/\/omanivietnam.com\/index.php\/san-pham\/bst-ekr-500-plus-unit\/#breadcrumb"},"inLanguage":"vi","potentialAction":[{"@type":"ReadAction","target":["https:\/\/omanivietnam.com\/index.php\/san-pham\/bst-ekr-500-plus-unit\/"]}]},{"@type":"ImageObject","inLanguage":"vi","@id":"https:\/\/omanivietnam.com\/index.php\/san-pham\/bst-ekr-500-plus-unit\/#primaryimage","url":"https:\/\/omanivietnam.com\/wp-content\/uploads\/2024\/06\/3COBL142744-00017859.png","contentUrl":"https:\/\/omanivietnam.com\/wp-content\/uploads\/2024\/06\/3COBL142744-00017859.png","width":1079,"height":588},{"@type":"BreadcrumbList","@id":"https:\/\/omanivietnam.com\/index.php\/san-pham\/bst-ekr-500-plus-unit\/#breadcrumb","itemListElement":[{"@type":"ListItem","position":1,"name":"Home","item":"https:\/\/omanivietnam.com\/"},{"@type":"ListItem","position":2,"name":"S\u1ea2N PH\u1ea8M","item":"https:\/\/omanivietnam.com\/index.php\/cua-hang\/"},{"@type":"ListItem","position":3,"name":"BST EKR 500 PLUS UNIT"}]},{"@type":"WebSite","@id":"https:\/\/omanivietnam.com\/#website","url":"https:\/\/omanivietnam.com\/","name":"OMANI VI\u1ec6T NAM","description":"Nh\u00e0 ph\u00e2n ph\u1ed1i thi\u1ebft b\u1ecb kh\u00ed n\u00e9n v\u00e0 thi\u1ebft b\u1ecb t\u1ef1 \u0111\u1ed9ng h\u00f3a trong c\u00f4ng nghi\u1ec7p","publisher":{"@id":"https:\/\/omanivietnam.com\/#\/schema\/person\/0ad398a980dc3fd696111c2c5c8fa897"},"potentialAction":[{"@type":"SearchAction","target":{"@type":"EntryPoint","urlTemplate":"https:\/\/omanivietnam.com\/?s={search_term_string}"},"query-input":"required name=search_term_string"}],"inLanguage":"vi"},{"@type":["Person","Organization"],"@id":"https:\/\/omanivietnam.com\/#\/schema\/person\/0ad398a980dc3fd696111c2c5c8fa897","name":"Nguy\u1ec5n V\u0103n Kh\u00e1nh","image":{"@type":"ImageObject","inLanguage":"vi","@id":"https:\/\/omanivietnam.com\/#\/schema\/person\/image\/","url":"https:\/\/omanivietnam.com\/wp-content\/uploads\/2024\/06\/logo-1024x1024.png","contentUrl":"https:\/\/omanivietnam.com\/wp-content\/uploads\/2024\/06\/logo-1024x1024.png","width":1024,"height":1024,"caption":"Nguy\u1ec5n V\u0103n Kh\u00e1nh"},"logo":{"@id":"https:\/\/omanivietnam.com\/#\/schema\/person\/image\/"},"sameAs":["https:\/\/omanivietnam.com"]}]}},"_links":{"self":[{"href":"https:\/\/omanivietnam.com\/index.php\/wp-json\/wp\/v2\/product\/827","targetHints":{"allow":["GET"]}}],"collection":[{"href":"https:\/\/omanivietnam.com\/index.php\/wp-json\/wp\/v2\/product"}],"about":[{"href":"https:\/\/omanivietnam.com\/index.php\/wp-json\/wp\/v2\/types\/product"}],"replies":[{"embeddable":true,"href":"https:\/\/omanivietnam.com\/index.php\/wp-json\/wp\/v2\/comments?post=827"}],"wp:featuredmedia":[{"embeddable":true,"href":"https:\/\/omanivietnam.com\/index.php\/wp-json\/wp\/v2\/media\/828"}],"wp:attachment":[{"href":"https:\/\/omanivietnam.com\/index.php\/wp-json\/wp\/v2\/media?parent=827"}],"wp:term":[{"taxonomy":"product_cat","embeddable":true,"href":"https:\/\/omanivietnam.com\/index.php\/wp-json\/wp\/v2\/product_cat?post=827"},{"taxonomy":"product_tag","embeddable":true,"href":"https:\/\/omanivietnam.com\/index.php\/wp-json\/wp\/v2\/product_tag?post=827"}],"curies":[{"name":"wp","href":"https:\/\/api.w.org\/{rel}","templated":true}]}}