{"id":847,"date":"2024-06-26T05:19:50","date_gmt":"2024-06-25T22:19:50","guid":{"rendered":"https:\/\/omanivietnam.com\/?post_type=product&#038;p=847"},"modified":"2024-10-01T05:58:45","modified_gmt":"2024-09-30T22:58:45","slug":"taie-fu96-303000","status":"publish","type":"product","link":"https:\/\/omanivietnam.com\/index.php\/san-pham\/taie-fu96-303000\/","title":{"rendered":"TAIE FU96-303000"},"content":{"rendered":"<p>TAIE FU96-303000 Input K2<\/p>\n<p>TAIE FU96-303000 INput K2<\/p>\n<p class=\"product-title product_title entry-title\">B\u1ed9 \u0111i\u1ec1u khi\u1ec3n nhi\u1ec7t \u0111\u1ed9 TAIE FU96-303000<\/p>\n<p>B\u1ed9 \u0111i\u1ec1u khi\u1ec3n nhi\u1ec7t \u0111\u1ed9 TAIE FU96-303000<\/p>\n<p>&nbsp;<\/p>\n<p><strong>D\u01b0\u1edbi \u0111\u00e2y l\u00e0 th\u00f4ng tin s\u1ea3n ph\u1ea9m B\u1ed9 \u0111i\u1ec1u khi\u1ec3n nhi\u1ec7t \u0111\u1ed9 TAIE FU96-303000 v\u00e0 c\u00e1c ch\u00ednh s\u00e1ch c\u1ee7a ch\u00fang t\u00f4i:<\/strong><\/p>\n<h3><strong>1. Th\u00f4ng tin s\u1ea3n ph\u1ea9m (FU96-303000)<\/strong><\/h3>\n<p><strong>T\u00ean s\u1ea3n ph\u1ea9m:<\/strong>\u00a0B\u1ed9 \u0111i\u1ec1u khi\u1ec3n nhi\u1ec7t \u0111\u1ed9 TAIE FU96-303000<\/p>\n<p><strong>H\u00e3ng s\u1ea3n xu\u1ea5t:<\/strong>\u00a0TAIE<\/p>\n<p><strong>Xu\u1ea5t x\u1ee9:\u00a0<\/strong>Taiwan<\/p>\n<p><strong>Th\u1eddi gian b\u1ea3o h\u00e0nh:\u00a0<\/strong>Theo quy \u0111\u1ecbnh c\u1ee7a nh\u00e0 s\u1ea3n xu\u1ea5t<\/p>\n<p>K\u00edch th\u01b0\u1edbc: 96\u00d796 mm<\/p>\n<p>\u0110i\u1ec7n \u00e1p s\u1eed d\u1ee5ng: 85~265 VAC 50\/60Hz<\/p>\n<p>\u0110\u1ed9 ch\u00ednh x\u00e1c: 0.2% FS<\/p>\n<p>Th\u1eddi gian l\u1ea5y m\u1eabu: 250ms<\/p>\n<p>\u0110\u1ea7u v\u00e0o: TC\/RTD\/mV\/mA<\/p>\n<p>Alarm: 0~3 sets<\/p>\n<p>Ng\u00f5 ra 1: Relay\/Xung \u0111i\u1ec7n \u00e1p\/ Analog V 0-10V\/5-10V\/Analog A 0-20mA\/4-20mA<\/p>\n<p>Ng\u00f5 ra 2: Relay\/Xung \u0111i\u1ec7n \u00e1p\/ Analog V\/Analog A<\/p>\n<p>Truy\u1ec1n th\u00f4ng: Modbus RTU, Modbus ASCII, RS485<\/p>\n<h3>2. C\u00e1c m\u00e3 h\u00e0ng t\u01b0\u01a1ng \u0111\u01b0\u01a1ng B\u1ed9 \u0111i\u1ec1u khi\u1ec3n<\/h3>\n<h3><strong>FU96-303000:<\/strong><\/h3>\n<p>FU96-701000<br \/>\nFU96-702000<br \/>\nFY400-101000<br \/>\nFY400-101000 T<br \/>\nFY400-302000<br \/>\nFY400-701000<br \/>\nFY400-702000<br \/>\nFY700-101000 T<br \/>\nFY900-302000<br \/>\nFY900-301000 T<br \/>\nFY700-101000<br \/>\nFU72-101000<br \/>\nFY800-201000T<br \/>\nFY800-30100B<br \/>\nFY900-101000<br \/>\nFY900-101000T<\/p>\n<p>&nbsp;<\/p>\n<p>\u0110\u1ea1i l\u00fd TAIE vietnam, TAIE viet nam, TAIE vietnam distributor, Ph\u00e2n ph\u1ed1i TAIE t\u1ea1i vi\u1ec7t nam<\/p>\n<p>\u0110\u1ea1i l\u00fd TAIE vietnam, TAIE viet nam, TAIE vietnam distributor, Ph\u00e2n ph\u1ed1i TAIE t\u1ea1i vi\u1ec7t nam<\/p>\n<p>\u0110\u1ea1i l\u00fd TAIE vietnam, TAIE viet nam, TAIE vietnam distributor, Ph\u00e2n ph\u1ed1i TAIE t\u1ea1i vi\u1ec7t nam<\/p>\n<p>\u0110\u1ea1i l\u00fd TAIE vietnam, TAIE viet nam, TAIE vietnam distributor, Ph\u00e2n ph\u1ed1i TAIE t\u1ea1i vi\u1ec7t nam<\/p>\n<p>\u0110\u1ea1i l\u00fd TAIE vietnam, TAIE viet nam, TAIE vietnam distributor, Ph\u00e2n ph\u1ed1i TAIE t\u1ea1i vi\u1ec7t nam<\/p>\n","protected":false},"excerpt":{"rendered":"<p>TAIE FU96-303000 Input K2 TAIE FU96-303000 INput K2 B\u1ed9 \u0111i\u1ec1u khi\u1ec3n nhi\u1ec7t \u0111\u1ed9 TAIE FU96-303000 B\u1ed9 \u0111i\u1ec1u khi\u1ec3n nhi\u1ec7t \u0111\u1ed9 TAIE FU96-303000 &nbsp; D\u01b0\u1edbi \u0111\u00e2y l\u00e0 th\u00f4ng tin s\u1ea3n ph\u1ea9m B\u1ed9 \u0111i\u1ec1u khi\u1ec3n nhi\u1ec7t \u0111\u1ed9 TAIE FU96-303000 v\u00e0 c\u00e1c ch\u00ednh s\u00e1ch c\u1ee7a ch\u00fang t\u00f4i: 1. Th\u00f4ng tin s\u1ea3n ph\u1ea9m (FU96-303000)&hellip; <\/p>\n","protected":false},"featured_media":848,"comment_status":"open","ping_status":"closed","template":"","meta":[],"product_cat":[422],"product_tag":[167,225,224],"class_list":{"0":"post-847","1":"product","2":"type-product","3":"status-publish","4":"has-post-thumbnail","6":"product_cat-taie","7":"product_tag-bo-dieu-khien","8":"product_tag-dai-ly-taie-viet-nam","9":"product_tag-taie-viet-nam","11":"first","12":"instock","13":"shipping-taxable","14":"product-type-simple"},"yoast_head":"<!-- This site is optimized with the Yoast SEO plugin v22.8 - https:\/\/yoast.com\/wordpress\/plugins\/seo\/ -->\n<title>TAIE FU96-303000 - OMANI VI\u1ec6T NAM<\/title>\n<meta name=\"description\" content=\"B\u1ed9 \u0111i\u1ec1u khi\u1ec3n nhi\u1ec7t \u0111\u1ed9 TAIE FU96-303000\" \/>\n<meta name=\"robots\" content=\"index, follow, max-snippet:-1, max-image-preview:large, max-video-preview:-1\" \/>\n<link rel=\"canonical\" href=\"https:\/\/omanivietnam.com\/index.php\/san-pham\/taie-fu96-303000\/\" \/>\n<meta property=\"og:locale\" content=\"vi_VN\" \/>\n<meta property=\"og:type\" content=\"article\" \/>\n<meta property=\"og:title\" content=\"TAIE FU96-303000 - OMANI VI\u1ec6T NAM\" \/>\n<meta property=\"og:description\" content=\"B\u1ed9 \u0111i\u1ec1u khi\u1ec3n nhi\u1ec7t \u0111\u1ed9 TAIE FU96-303000\" \/>\n<meta property=\"og:url\" content=\"https:\/\/omanivietnam.com\/index.php\/san-pham\/taie-fu96-303000\/\" \/>\n<meta property=\"og:site_name\" content=\"OMANI VI\u1ec6T NAM\" \/>\n<meta property=\"article:modified_time\" content=\"2024-09-30T22:58:45+00:00\" \/>\n<meta property=\"og:image\" content=\"https:\/\/omanivietnam.com\/wp-content\/uploads\/2024\/06\/FU96-303000.png\" \/>\n\t<meta property=\"og:image:width\" content=\"564\" \/>\n\t<meta property=\"og:image:height\" content=\"778\" \/>\n\t<meta property=\"og:image:type\" content=\"image\/png\" \/>\n<meta name=\"twitter:card\" content=\"summary_large_image\" \/>\n<meta name=\"twitter:label1\" content=\"\u01af\u1edbc t\u00ednh th\u1eddi gian \u0111\u1ecdc\" \/>\n\t<meta name=\"twitter:data1\" content=\"2 ph\u00fat\" \/>\n<script type=\"application\/ld+json\" class=\"yoast-schema-graph\">{\"@context\":\"https:\/\/schema.org\",\"@graph\":[{\"@type\":\"WebPage\",\"@id\":\"https:\/\/omanivietnam.com\/index.php\/san-pham\/taie-fu96-303000\/\",\"url\":\"https:\/\/omanivietnam.com\/index.php\/san-pham\/taie-fu96-303000\/\",\"name\":\"TAIE FU96-303000 - OMANI VI\u1ec6T NAM\",\"isPartOf\":{\"@id\":\"https:\/\/omanivietnam.com\/#website\"},\"primaryImageOfPage\":{\"@id\":\"https:\/\/omanivietnam.com\/index.php\/san-pham\/taie-fu96-303000\/#primaryimage\"},\"image\":{\"@id\":\"https:\/\/omanivietnam.com\/index.php\/san-pham\/taie-fu96-303000\/#primaryimage\"},\"thumbnailUrl\":\"https:\/\/omanivietnam.com\/wp-content\/uploads\/2024\/06\/FU96-303000.png\",\"datePublished\":\"2024-06-25T22:19:50+00:00\",\"dateModified\":\"2024-09-30T22:58:45+00:00\",\"description\":\"B\u1ed9 \u0111i\u1ec1u khi\u1ec3n nhi\u1ec7t \u0111\u1ed9 TAIE FU96-303000\",\"breadcrumb\":{\"@id\":\"https:\/\/omanivietnam.com\/index.php\/san-pham\/taie-fu96-303000\/#breadcrumb\"},\"inLanguage\":\"vi\",\"potentialAction\":[{\"@type\":\"ReadAction\",\"target\":[\"https:\/\/omanivietnam.com\/index.php\/san-pham\/taie-fu96-303000\/\"]}]},{\"@type\":\"ImageObject\",\"inLanguage\":\"vi\",\"@id\":\"https:\/\/omanivietnam.com\/index.php\/san-pham\/taie-fu96-303000\/#primaryimage\",\"url\":\"https:\/\/omanivietnam.com\/wp-content\/uploads\/2024\/06\/FU96-303000.png\",\"contentUrl\":\"https:\/\/omanivietnam.com\/wp-content\/uploads\/2024\/06\/FU96-303000.png\",\"width\":564,\"height\":778},{\"@type\":\"BreadcrumbList\",\"@id\":\"https:\/\/omanivietnam.com\/index.php\/san-pham\/taie-fu96-303000\/#breadcrumb\",\"itemListElement\":[{\"@type\":\"ListItem\",\"position\":1,\"name\":\"Home\",\"item\":\"https:\/\/omanivietnam.com\/\"},{\"@type\":\"ListItem\",\"position\":2,\"name\":\"S\u1ea2N PH\u1ea8M\",\"item\":\"https:\/\/omanivietnam.com\/index.php\/cua-hang\/\"},{\"@type\":\"ListItem\",\"position\":3,\"name\":\"TAIE FU96-303000\"}]},{\"@type\":\"WebSite\",\"@id\":\"https:\/\/omanivietnam.com\/#website\",\"url\":\"https:\/\/omanivietnam.com\/\",\"name\":\"OMANI VI\u1ec6T NAM\",\"description\":\"Nh\u00e0 ph\u00e2n ph\u1ed1i thi\u1ebft b\u1ecb kh\u00ed n\u00e9n v\u00e0 thi\u1ebft b\u1ecb t\u1ef1 \u0111\u1ed9ng h\u00f3a trong c\u00f4ng nghi\u1ec7p\",\"publisher\":{\"@id\":\"https:\/\/omanivietnam.com\/#\/schema\/person\/0ad398a980dc3fd696111c2c5c8fa897\"},\"potentialAction\":[{\"@type\":\"SearchAction\",\"target\":{\"@type\":\"EntryPoint\",\"urlTemplate\":\"https:\/\/omanivietnam.com\/?s={search_term_string}\"},\"query-input\":\"required name=search_term_string\"}],\"inLanguage\":\"vi\"},{\"@type\":[\"Person\",\"Organization\"],\"@id\":\"https:\/\/omanivietnam.com\/#\/schema\/person\/0ad398a980dc3fd696111c2c5c8fa897\",\"name\":\"Nguy\u1ec5n V\u0103n Kh\u00e1nh\",\"image\":{\"@type\":\"ImageObject\",\"inLanguage\":\"vi\",\"@id\":\"https:\/\/omanivietnam.com\/#\/schema\/person\/image\/\",\"url\":\"https:\/\/omanivietnam.com\/wp-content\/uploads\/2024\/06\/logo-1024x1024.png\",\"contentUrl\":\"https:\/\/omanivietnam.com\/wp-content\/uploads\/2024\/06\/logo-1024x1024.png\",\"width\":1024,\"height\":1024,\"caption\":\"Nguy\u1ec5n V\u0103n Kh\u00e1nh\"},\"logo\":{\"@id\":\"https:\/\/omanivietnam.com\/#\/schema\/person\/image\/\"},\"sameAs\":[\"https:\/\/omanivietnam.com\"]}]}<\/script>\n<!-- \/ Yoast SEO plugin. -->","yoast_head_json":{"title":"TAIE FU96-303000 - OMANI VI\u1ec6T NAM","description":"B\u1ed9 \u0111i\u1ec1u khi\u1ec3n nhi\u1ec7t \u0111\u1ed9 TAIE FU96-303000","robots":{"index":"index","follow":"follow","max-snippet":"max-snippet:-1","max-image-preview":"max-image-preview:large","max-video-preview":"max-video-preview:-1"},"canonical":"https:\/\/omanivietnam.com\/index.php\/san-pham\/taie-fu96-303000\/","og_locale":"vi_VN","og_type":"article","og_title":"TAIE FU96-303000 - OMANI VI\u1ec6T NAM","og_description":"B\u1ed9 \u0111i\u1ec1u khi\u1ec3n nhi\u1ec7t \u0111\u1ed9 TAIE FU96-303000","og_url":"https:\/\/omanivietnam.com\/index.php\/san-pham\/taie-fu96-303000\/","og_site_name":"OMANI VI\u1ec6T NAM","article_modified_time":"2024-09-30T22:58:45+00:00","og_image":[{"width":564,"height":778,"url":"https:\/\/omanivietnam.com\/wp-content\/uploads\/2024\/06\/FU96-303000.png","type":"image\/png"}],"twitter_card":"summary_large_image","twitter_misc":{"\u01af\u1edbc t\u00ednh th\u1eddi gian \u0111\u1ecdc":"2 ph\u00fat"},"schema":{"@context":"https:\/\/schema.org","@graph":[{"@type":"WebPage","@id":"https:\/\/omanivietnam.com\/index.php\/san-pham\/taie-fu96-303000\/","url":"https:\/\/omanivietnam.com\/index.php\/san-pham\/taie-fu96-303000\/","name":"TAIE FU96-303000 - OMANI VI\u1ec6T NAM","isPartOf":{"@id":"https:\/\/omanivietnam.com\/#website"},"primaryImageOfPage":{"@id":"https:\/\/omanivietnam.com\/index.php\/san-pham\/taie-fu96-303000\/#primaryimage"},"image":{"@id":"https:\/\/omanivietnam.com\/index.php\/san-pham\/taie-fu96-303000\/#primaryimage"},"thumbnailUrl":"https:\/\/omanivietnam.com\/wp-content\/uploads\/2024\/06\/FU96-303000.png","datePublished":"2024-06-25T22:19:50+00:00","dateModified":"2024-09-30T22:58:45+00:00","description":"B\u1ed9 \u0111i\u1ec1u khi\u1ec3n nhi\u1ec7t \u0111\u1ed9 TAIE FU96-303000","breadcrumb":{"@id":"https:\/\/omanivietnam.com\/index.php\/san-pham\/taie-fu96-303000\/#breadcrumb"},"inLanguage":"vi","potentialAction":[{"@type":"ReadAction","target":["https:\/\/omanivietnam.com\/index.php\/san-pham\/taie-fu96-303000\/"]}]},{"@type":"ImageObject","inLanguage":"vi","@id":"https:\/\/omanivietnam.com\/index.php\/san-pham\/taie-fu96-303000\/#primaryimage","url":"https:\/\/omanivietnam.com\/wp-content\/uploads\/2024\/06\/FU96-303000.png","contentUrl":"https:\/\/omanivietnam.com\/wp-content\/uploads\/2024\/06\/FU96-303000.png","width":564,"height":778},{"@type":"BreadcrumbList","@id":"https:\/\/omanivietnam.com\/index.php\/san-pham\/taie-fu96-303000\/#breadcrumb","itemListElement":[{"@type":"ListItem","position":1,"name":"Home","item":"https:\/\/omanivietnam.com\/"},{"@type":"ListItem","position":2,"name":"S\u1ea2N PH\u1ea8M","item":"https:\/\/omanivietnam.com\/index.php\/cua-hang\/"},{"@type":"ListItem","position":3,"name":"TAIE FU96-303000"}]},{"@type":"WebSite","@id":"https:\/\/omanivietnam.com\/#website","url":"https:\/\/omanivietnam.com\/","name":"OMANI VI\u1ec6T NAM","description":"Nh\u00e0 ph\u00e2n ph\u1ed1i thi\u1ebft b\u1ecb kh\u00ed n\u00e9n v\u00e0 thi\u1ebft b\u1ecb t\u1ef1 \u0111\u1ed9ng h\u00f3a trong c\u00f4ng nghi\u1ec7p","publisher":{"@id":"https:\/\/omanivietnam.com\/#\/schema\/person\/0ad398a980dc3fd696111c2c5c8fa897"},"potentialAction":[{"@type":"SearchAction","target":{"@type":"EntryPoint","urlTemplate":"https:\/\/omanivietnam.com\/?s={search_term_string}"},"query-input":"required name=search_term_string"}],"inLanguage":"vi"},{"@type":["Person","Organization"],"@id":"https:\/\/omanivietnam.com\/#\/schema\/person\/0ad398a980dc3fd696111c2c5c8fa897","name":"Nguy\u1ec5n V\u0103n Kh\u00e1nh","image":{"@type":"ImageObject","inLanguage":"vi","@id":"https:\/\/omanivietnam.com\/#\/schema\/person\/image\/","url":"https:\/\/omanivietnam.com\/wp-content\/uploads\/2024\/06\/logo-1024x1024.png","contentUrl":"https:\/\/omanivietnam.com\/wp-content\/uploads\/2024\/06\/logo-1024x1024.png","width":1024,"height":1024,"caption":"Nguy\u1ec5n V\u0103n Kh\u00e1nh"},"logo":{"@id":"https:\/\/omanivietnam.com\/#\/schema\/person\/image\/"},"sameAs":["https:\/\/omanivietnam.com"]}]}},"_links":{"self":[{"href":"https:\/\/omanivietnam.com\/index.php\/wp-json\/wp\/v2\/product\/847","targetHints":{"allow":["GET"]}}],"collection":[{"href":"https:\/\/omanivietnam.com\/index.php\/wp-json\/wp\/v2\/product"}],"about":[{"href":"https:\/\/omanivietnam.com\/index.php\/wp-json\/wp\/v2\/types\/product"}],"replies":[{"embeddable":true,"href":"https:\/\/omanivietnam.com\/index.php\/wp-json\/wp\/v2\/comments?post=847"}],"wp:featuredmedia":[{"embeddable":true,"href":"https:\/\/omanivietnam.com\/index.php\/wp-json\/wp\/v2\/media\/848"}],"wp:attachment":[{"href":"https:\/\/omanivietnam.com\/index.php\/wp-json\/wp\/v2\/media?parent=847"}],"wp:term":[{"taxonomy":"product_cat","embeddable":true,"href":"https:\/\/omanivietnam.com\/index.php\/wp-json\/wp\/v2\/product_cat?post=847"},{"taxonomy":"product_tag","embeddable":true,"href":"https:\/\/omanivietnam.com\/index.php\/wp-json\/wp\/v2\/product_tag?post=847"}],"curies":[{"name":"wp","href":"https:\/\/api.w.org\/{rel}","templated":true}]}}