{"id":849,"date":"2024-06-26T05:28:09","date_gmt":"2024-06-25T22:28:09","guid":{"rendered":"https:\/\/omanivietnam.com\/?post_type=product&#038;p=849"},"modified":"2024-08-25T06:01:52","modified_gmt":"2024-08-24T23:01:52","slug":"brady-m21-750-499","status":"publish","type":"product","link":"https:\/\/omanivietnam.com\/index.php\/san-pham\/brady-m21-750-499\/","title":{"rendered":"BRADY M21-750-499"},"content":{"rendered":"<p>BRADY M21-750-499<\/p>\n<p>BRADY M21-750-595-WT<\/p>\n<p><strong>Nh\u00e3n Nylon Cloth 19.05mm (m\u00e0u tr\u1eafng) d\u00f9ng cho m\u00e1y in nh\u00e3n BRADY M21-750-499<\/strong><\/p>\n<p>&#8211; Nh\u00e3n Nylon Cloth 19.05mm (m\u00e0u tr\u1eafng) d\u00f9ng cho m\u00e1y in nh\u00e3n BMP21.<\/p>\n<p>&#8211; Nylon Cloth, 19.05mm x 5790mm, White.<\/p>\n<p>&#8211; Ch\u1ea5t li\u1ec7u: Nylon Cloth.<\/p>\n<p>&#8211; M\u00e0u s\u1eafc: M\u00e0u \u0111en tr\u00ean n\u1ec1n tr\u1eafng.<\/p>\n<p>&#8211; K\u00edch th\u01b0\u1edbc: 19.05mm x 5790mm.<\/p>\n<p><strong>\u0110\u1eb7c t\u00ednh k\u1ef9 thu\u1eadt<\/strong><\/p>\n<table border=\"1\" width=\"381pt\" cellspacing=\"0\" cellpadding=\"0\">\n<colgroup>\n<col \/>\n<col \/><\/colgroup>\n<tbody>\n<tr>\n<td class=\"xl65\" align=\"left\" height=\"20\"><strong>Model<\/strong><\/td>\n<td class=\"xl67\" align=\"left\"><strong>M21-750-499<\/strong><\/td>\n<\/tr>\n<tr>\n<td class=\"xl66\" align=\"left\" height=\"20\">Color<\/td>\n<td class=\"xl66\" align=\"left\">Black on White<\/td>\n<\/tr>\n<tr>\n<td class=\"xl66\" align=\"left\" height=\"20\">Ribbon Color<\/td>\n<td class=\"xl66\" align=\"left\">Black<\/td>\n<\/tr>\n<tr>\n<td class=\"xl66\" align=\"left\" height=\"20\">Tape Color<\/td>\n<td class=\"xl66\" align=\"left\">White<\/td>\n<\/tr>\n<tr>\n<td class=\"xl66\" align=\"left\" height=\"20\">Material<\/td>\n<td class=\"xl68\" align=\"left\">Nylon Cloth<\/td>\n<\/tr>\n<tr>\n<td class=\"xl66\" align=\"left\" height=\"20\">Type<\/td>\n<td class=\"xl66\" align=\"left\">Laser Printable Label<\/td>\n<\/tr>\n<tr>\n<td class=\"xl66\" align=\"left\" height=\"20\">Unit of Measure<\/td>\n<td class=\"xl66\" align=\"left\">Per Each<\/td>\n<\/tr>\n<tr>\n<td class=\"xl66\" align=\"left\" height=\"20\">Dimensions<\/td>\n<td class=\"xl68\" align=\"left\">19.05&#215;5790 mm<\/td>\n<\/tr>\n<\/tbody>\n<\/table>\n<p>Nh\u00e3n Nylon cloth cho M\u00e1y in BMP \u00ae 21 c\u1ea7m tay, ID PAL \u2122 &amp; M\u00e1y in nh\u00e3n LABPAL \u2122. D\u1ea3i ruy-b\u0103ng \u0111en tr\u00ean b\u0103ng m\u00e0u tr\u1eafng<\/p>\n<p>S\u1eed d\u1ee5ng cho c\u00e1c \u1ee9ng d\u1ee5ng:<\/p>\n<ul>\n<li>\u0110\u00e1nh nh\u00e3n c\u00e1c lo\u1ea1i c\u00e1p<\/li>\n<li>Thanh \u0111\u1ea5u n\u1ed1i Patch Panel<\/li>\n<li>B\u1ea3ng \u0111i\u1ec1u khi\u1ec3n<\/li>\n<li>Khu v\u1ef1c l\u00e0m vi\u1ec7c<\/li>\n<li>Th\u00f4ng tin d\u1eef li\u1ec7u \u0111i\u1ec7n<\/li>\n<li>L\u0129nh v\u1ef1c d\u1ecbch v\u1ee5 v\u00e0 thi c\u00f4ng<\/li>\n<li>Nh\u00e0 kho, x\u00e2y d\u1ef1ng, ph\u00f2ng th\u00ed nghi\u1ec7m<\/li>\n<li>B\u1ea5t k\u1ef3 b\u1ec1 m\u1eb7t m\u1ecbn, ph\u1eb3ng, cong, th\u00f4 r\u00e1p<\/li>\n<\/ul>\n<p><strong>Th\u00f4ng s\u1ed1 k\u1ef9 thu\u1eadt:<\/strong><\/p>\n<table class=\"n-border\" border=\"0\" cellspacing=\"0\" cellpadding=\"0\">\n<tbody>\n<tr>\n<td>C\u00e1c t\u1ed5 ch\u1ee9c ph\u00ea chu\u1ea9n\/ tu\u00e2n th\u1ee7:<\/td>\n<td>UL, AGA, CSA, Halogen-Free (DIN VDE0472\/parts 815)<\/td>\n<\/tr>\n<tr>\n<td>K\u00edch th\u01b0\u1edbc<\/td>\n<td>0.750&#8243; W x 16&#8242; H (19.050 mm W x 4.880 m H)<\/td>\n<\/tr>\n<tr>\n<td>Di\u1ec7n t\u00edch c\u00f3 th\u1ec3 in<\/td>\n<td>0.750&#8243; W x 16&#8242; H (19.050 mm W x 4.880 m H)<\/td>\n<\/tr>\n<tr>\n<td>Lo\u1ea1i nh\u00e3n\/ Ki\u1ec3u<\/td>\n<td>Nh\u00e3n in<\/td>\n<\/tr>\n<tr>\n<td>M\u00e0u s\u1eafc<\/td>\n<td>M\u00e0u \u0111en tr\u00ean n\u1ec1n tr\u1eafng<\/td>\n<\/tr>\n<tr>\n<td>S\u1ed1 l\u01b0\u1ee3ng m\u1ed7i d\u00f2ng<\/td>\n<td>1<\/td>\n<\/tr>\n<tr>\n<td>Ch\u1ea5t li\u1ec7u<\/td>\n<td>Nylon Cloth<\/td>\n<\/tr>\n<tr>\n<td>Lo\u1ea1i c\u00e1p<\/td>\n<td>100 Pair Copper, 2 Pair Fiber, 25 Pair Copper, 4 Pair STP, 4 Pair UTP, 4-12 Pair Fiber, 50 Pair Copper, Backbone Cable, Cable Bundles, CAT 5, CAT 5E, CAT 6, Fiber Strand, Fiber\/Coax, RG-59 Coax, RG-6 Coax, Silver Satin<\/td>\n<\/tr>\n<tr>\n<td>T\u01b0\u01a1ng th\u00edch m\u00e1y in<\/td>\n<td>BMP21, ID PAL, LABPAL<\/td>\n<\/tr>\n<tr>\n<td>M\u00f4i tr\u01b0\u1eddng<\/td>\n<td>Ph\u00f2ng h\u1ea5p, ph\u00f2ng l\u1ea1nh<\/td>\n<\/tr>\n<tr>\n<td>B\u1ec1 m\u1eb7t s\u1eed d\u1ee5ng<\/td>\n<td>M\u1ecbn ho\u1eb7c th\u00f4 r\u00e1p,<\/td>\n<\/tr>\n<tr>\n<td>T\u01b0\u01a1ng th\u00edch v\u1edbi RoHS<\/td>\n<td>RoHS Directive<\/td>\n<\/tr>\n<tr>\n<td>S\u1ed1 l\u01b0\u1ee3ng<\/td>\n<td>1 cu\u1ed9n<\/td>\n<\/tr>\n<\/tbody>\n<\/table>\n<div><\/div>\n<p>\u0110\u1ea1i l\u00fd BRADY vietnam, BRADY viet nam, BRADY vietnam distributor, Ph\u00e2n ph\u1ed1i BRADY t\u1ea1i vi\u1ec7t nam<\/p>\n<p>\u0110\u1ea1i l\u00fd BRADY vietnam, BRADY viet nam, BRADY vietnam distributor, Ph\u00e2n ph\u1ed1i BRADY t\u1ea1i vi\u1ec7t nam<\/p>\n<p>\u0110\u1ea1i l\u00fd BRADY vietnam, BRADY viet nam, BRADY vietnam distributor, Ph\u00e2n ph\u1ed1i BRADY t\u1ea1i vi\u1ec7t nam<\/p>\n<p>\u0110\u1ea1i l\u00fd BRADY vietnam, BRADY viet nam, BRADY vietnam distributor, Ph\u00e2n ph\u1ed1i BRADY t\u1ea1i vi\u1ec7t nam<\/p>\n<p>\u0110\u1ea1i l\u00fd BRADY vietnam, BRADY viet nam, BRADY vietnam distributor, Ph\u00e2n ph\u1ed1i BRADY t\u1ea1i vi\u1ec7t nam<\/p>\n","protected":false},"excerpt":{"rendered":"<p>BRADY M21-750-499 BRADY M21-750-595-WT Nh\u00e3n Nylon Cloth 19.05mm (m\u00e0u tr\u1eafng) d\u00f9ng cho m\u00e1y in nh\u00e3n BRADY M21-750-499 &#8211; Nh\u00e3n Nylon Cloth 19.05mm (m\u00e0u tr\u1eafng) d\u00f9ng cho m\u00e1y in nh\u00e3n BMP21. &#8211; Nylon Cloth, 19.05mm x 5790mm, White. &#8211; Ch\u1ea5t li\u1ec7u: Nylon Cloth. &#8211; M\u00e0u s\u1eafc: M\u00e0u \u0111en tr\u00ean n\u1ec1n tr\u1eafng.&hellip; <\/p>\n","protected":false},"featured_media":850,"comment_status":"open","ping_status":"closed","template":"","meta":[],"product_cat":[398,319],"product_tag":[227,228,229],"class_list":{"0":"post-849","1":"product","2":"type-product","3":"status-publish","4":"has-post-thumbnail","6":"product_cat-brady","7":"product_cat-other-brands","8":"product_tag-brady-viet-nam","9":"product_tag-dai-ly-brady-viet-nam","10":"product_tag-nhan","12":"first","13":"instock","14":"shipping-taxable","15":"product-type-simple"},"yoast_head":"<!-- This site is optimized with the Yoast SEO plugin v22.8 - https:\/\/yoast.com\/wordpress\/plugins\/seo\/ -->\n<title>BRADY M21-750-499 - OMANI VI\u1ec6T NAM<\/title>\n<meta name=\"description\" content=\"Nh\u00e3n Nylon Cloth 19.05mm (m\u00e0u tr\u1eafng) d\u00f9ng cho m\u00e1y in nh\u00e3n BRADY M21-750-499\" \/>\n<meta name=\"robots\" content=\"index, follow, max-snippet:-1, max-image-preview:large, max-video-preview:-1\" \/>\n<link rel=\"canonical\" href=\"https:\/\/omanivietnam.com\/index.php\/san-pham\/brady-m21-750-499\/\" \/>\n<meta property=\"og:locale\" content=\"vi_VN\" \/>\n<meta property=\"og:type\" content=\"article\" \/>\n<meta property=\"og:title\" content=\"BRADY M21-750-499 - OMANI VI\u1ec6T NAM\" \/>\n<meta property=\"og:description\" content=\"Nh\u00e3n Nylon Cloth 19.05mm (m\u00e0u tr\u1eafng) d\u00f9ng cho m\u00e1y in nh\u00e3n BRADY M21-750-499\" \/>\n<meta property=\"og:url\" content=\"https:\/\/omanivietnam.com\/index.php\/san-pham\/brady-m21-750-499\/\" \/>\n<meta property=\"og:site_name\" content=\"OMANI VI\u1ec6T NAM\" \/>\n<meta property=\"article:modified_time\" content=\"2024-08-24T23:01:52+00:00\" \/>\n<meta property=\"og:image\" content=\"https:\/\/omanivietnam.com\/wp-content\/uploads\/2024\/06\/BRADY-M21-750-499.png\" \/>\n\t<meta property=\"og:image:width\" content=\"1406\" \/>\n\t<meta property=\"og:image:height\" content=\"817\" \/>\n\t<meta property=\"og:image:type\" content=\"image\/png\" \/>\n<meta name=\"twitter:card\" content=\"summary_large_image\" \/>\n<meta name=\"twitter:label1\" content=\"\u01af\u1edbc t\u00ednh th\u1eddi gian \u0111\u1ecdc\" \/>\n\t<meta name=\"twitter:data1\" content=\"3 ph\u00fat\" \/>\n<script type=\"application\/ld+json\" class=\"yoast-schema-graph\">{\"@context\":\"https:\/\/schema.org\",\"@graph\":[{\"@type\":\"WebPage\",\"@id\":\"https:\/\/omanivietnam.com\/index.php\/san-pham\/brady-m21-750-499\/\",\"url\":\"https:\/\/omanivietnam.com\/index.php\/san-pham\/brady-m21-750-499\/\",\"name\":\"BRADY M21-750-499 - OMANI VI\u1ec6T NAM\",\"isPartOf\":{\"@id\":\"https:\/\/omanivietnam.com\/#website\"},\"primaryImageOfPage\":{\"@id\":\"https:\/\/omanivietnam.com\/index.php\/san-pham\/brady-m21-750-499\/#primaryimage\"},\"image\":{\"@id\":\"https:\/\/omanivietnam.com\/index.php\/san-pham\/brady-m21-750-499\/#primaryimage\"},\"thumbnailUrl\":\"https:\/\/omanivietnam.com\/wp-content\/uploads\/2024\/06\/BRADY-M21-750-499.png\",\"datePublished\":\"2024-06-25T22:28:09+00:00\",\"dateModified\":\"2024-08-24T23:01:52+00:00\",\"description\":\"Nh\u00e3n Nylon Cloth 19.05mm (m\u00e0u tr\u1eafng) d\u00f9ng cho m\u00e1y in nh\u00e3n BRADY M21-750-499\",\"breadcrumb\":{\"@id\":\"https:\/\/omanivietnam.com\/index.php\/san-pham\/brady-m21-750-499\/#breadcrumb\"},\"inLanguage\":\"vi\",\"potentialAction\":[{\"@type\":\"ReadAction\",\"target\":[\"https:\/\/omanivietnam.com\/index.php\/san-pham\/brady-m21-750-499\/\"]}]},{\"@type\":\"ImageObject\",\"inLanguage\":\"vi\",\"@id\":\"https:\/\/omanivietnam.com\/index.php\/san-pham\/brady-m21-750-499\/#primaryimage\",\"url\":\"https:\/\/omanivietnam.com\/wp-content\/uploads\/2024\/06\/BRADY-M21-750-499.png\",\"contentUrl\":\"https:\/\/omanivietnam.com\/wp-content\/uploads\/2024\/06\/BRADY-M21-750-499.png\",\"width\":1406,\"height\":817},{\"@type\":\"BreadcrumbList\",\"@id\":\"https:\/\/omanivietnam.com\/index.php\/san-pham\/brady-m21-750-499\/#breadcrumb\",\"itemListElement\":[{\"@type\":\"ListItem\",\"position\":1,\"name\":\"Home\",\"item\":\"https:\/\/omanivietnam.com\/\"},{\"@type\":\"ListItem\",\"position\":2,\"name\":\"S\u1ea2N PH\u1ea8M\",\"item\":\"https:\/\/omanivietnam.com\/index.php\/cua-hang\/\"},{\"@type\":\"ListItem\",\"position\":3,\"name\":\"BRADY M21-750-499\"}]},{\"@type\":\"WebSite\",\"@id\":\"https:\/\/omanivietnam.com\/#website\",\"url\":\"https:\/\/omanivietnam.com\/\",\"name\":\"OMANI VI\u1ec6T NAM\",\"description\":\"Nh\u00e0 ph\u00e2n ph\u1ed1i thi\u1ebft b\u1ecb kh\u00ed n\u00e9n v\u00e0 thi\u1ebft b\u1ecb t\u1ef1 \u0111\u1ed9ng h\u00f3a trong c\u00f4ng nghi\u1ec7p\",\"publisher\":{\"@id\":\"https:\/\/omanivietnam.com\/#\/schema\/person\/0ad398a980dc3fd696111c2c5c8fa897\"},\"potentialAction\":[{\"@type\":\"SearchAction\",\"target\":{\"@type\":\"EntryPoint\",\"urlTemplate\":\"https:\/\/omanivietnam.com\/?s={search_term_string}\"},\"query-input\":\"required name=search_term_string\"}],\"inLanguage\":\"vi\"},{\"@type\":[\"Person\",\"Organization\"],\"@id\":\"https:\/\/omanivietnam.com\/#\/schema\/person\/0ad398a980dc3fd696111c2c5c8fa897\",\"name\":\"Nguy\u1ec5n V\u0103n Kh\u00e1nh\",\"image\":{\"@type\":\"ImageObject\",\"inLanguage\":\"vi\",\"@id\":\"https:\/\/omanivietnam.com\/#\/schema\/person\/image\/\",\"url\":\"https:\/\/omanivietnam.com\/wp-content\/uploads\/2024\/06\/logo-1024x1024.png\",\"contentUrl\":\"https:\/\/omanivietnam.com\/wp-content\/uploads\/2024\/06\/logo-1024x1024.png\",\"width\":1024,\"height\":1024,\"caption\":\"Nguy\u1ec5n V\u0103n Kh\u00e1nh\"},\"logo\":{\"@id\":\"https:\/\/omanivietnam.com\/#\/schema\/person\/image\/\"},\"sameAs\":[\"https:\/\/omanivietnam.com\"]}]}<\/script>\n<!-- \/ Yoast SEO plugin. -->","yoast_head_json":{"title":"BRADY M21-750-499 - OMANI VI\u1ec6T NAM","description":"Nh\u00e3n Nylon Cloth 19.05mm (m\u00e0u tr\u1eafng) d\u00f9ng cho m\u00e1y in nh\u00e3n BRADY M21-750-499","robots":{"index":"index","follow":"follow","max-snippet":"max-snippet:-1","max-image-preview":"max-image-preview:large","max-video-preview":"max-video-preview:-1"},"canonical":"https:\/\/omanivietnam.com\/index.php\/san-pham\/brady-m21-750-499\/","og_locale":"vi_VN","og_type":"article","og_title":"BRADY M21-750-499 - OMANI VI\u1ec6T NAM","og_description":"Nh\u00e3n Nylon Cloth 19.05mm (m\u00e0u tr\u1eafng) d\u00f9ng cho m\u00e1y in nh\u00e3n BRADY M21-750-499","og_url":"https:\/\/omanivietnam.com\/index.php\/san-pham\/brady-m21-750-499\/","og_site_name":"OMANI VI\u1ec6T NAM","article_modified_time":"2024-08-24T23:01:52+00:00","og_image":[{"width":1406,"height":817,"url":"https:\/\/omanivietnam.com\/wp-content\/uploads\/2024\/06\/BRADY-M21-750-499.png","type":"image\/png"}],"twitter_card":"summary_large_image","twitter_misc":{"\u01af\u1edbc t\u00ednh th\u1eddi gian \u0111\u1ecdc":"3 ph\u00fat"},"schema":{"@context":"https:\/\/schema.org","@graph":[{"@type":"WebPage","@id":"https:\/\/omanivietnam.com\/index.php\/san-pham\/brady-m21-750-499\/","url":"https:\/\/omanivietnam.com\/index.php\/san-pham\/brady-m21-750-499\/","name":"BRADY M21-750-499 - OMANI VI\u1ec6T NAM","isPartOf":{"@id":"https:\/\/omanivietnam.com\/#website"},"primaryImageOfPage":{"@id":"https:\/\/omanivietnam.com\/index.php\/san-pham\/brady-m21-750-499\/#primaryimage"},"image":{"@id":"https:\/\/omanivietnam.com\/index.php\/san-pham\/brady-m21-750-499\/#primaryimage"},"thumbnailUrl":"https:\/\/omanivietnam.com\/wp-content\/uploads\/2024\/06\/BRADY-M21-750-499.png","datePublished":"2024-06-25T22:28:09+00:00","dateModified":"2024-08-24T23:01:52+00:00","description":"Nh\u00e3n Nylon Cloth 19.05mm (m\u00e0u tr\u1eafng) d\u00f9ng cho m\u00e1y in nh\u00e3n BRADY M21-750-499","breadcrumb":{"@id":"https:\/\/omanivietnam.com\/index.php\/san-pham\/brady-m21-750-499\/#breadcrumb"},"inLanguage":"vi","potentialAction":[{"@type":"ReadAction","target":["https:\/\/omanivietnam.com\/index.php\/san-pham\/brady-m21-750-499\/"]}]},{"@type":"ImageObject","inLanguage":"vi","@id":"https:\/\/omanivietnam.com\/index.php\/san-pham\/brady-m21-750-499\/#primaryimage","url":"https:\/\/omanivietnam.com\/wp-content\/uploads\/2024\/06\/BRADY-M21-750-499.png","contentUrl":"https:\/\/omanivietnam.com\/wp-content\/uploads\/2024\/06\/BRADY-M21-750-499.png","width":1406,"height":817},{"@type":"BreadcrumbList","@id":"https:\/\/omanivietnam.com\/index.php\/san-pham\/brady-m21-750-499\/#breadcrumb","itemListElement":[{"@type":"ListItem","position":1,"name":"Home","item":"https:\/\/omanivietnam.com\/"},{"@type":"ListItem","position":2,"name":"S\u1ea2N PH\u1ea8M","item":"https:\/\/omanivietnam.com\/index.php\/cua-hang\/"},{"@type":"ListItem","position":3,"name":"BRADY M21-750-499"}]},{"@type":"WebSite","@id":"https:\/\/omanivietnam.com\/#website","url":"https:\/\/omanivietnam.com\/","name":"OMANI VI\u1ec6T NAM","description":"Nh\u00e0 ph\u00e2n ph\u1ed1i thi\u1ebft b\u1ecb kh\u00ed n\u00e9n v\u00e0 thi\u1ebft b\u1ecb t\u1ef1 \u0111\u1ed9ng h\u00f3a trong c\u00f4ng nghi\u1ec7p","publisher":{"@id":"https:\/\/omanivietnam.com\/#\/schema\/person\/0ad398a980dc3fd696111c2c5c8fa897"},"potentialAction":[{"@type":"SearchAction","target":{"@type":"EntryPoint","urlTemplate":"https:\/\/omanivietnam.com\/?s={search_term_string}"},"query-input":"required name=search_term_string"}],"inLanguage":"vi"},{"@type":["Person","Organization"],"@id":"https:\/\/omanivietnam.com\/#\/schema\/person\/0ad398a980dc3fd696111c2c5c8fa897","name":"Nguy\u1ec5n V\u0103n Kh\u00e1nh","image":{"@type":"ImageObject","inLanguage":"vi","@id":"https:\/\/omanivietnam.com\/#\/schema\/person\/image\/","url":"https:\/\/omanivietnam.com\/wp-content\/uploads\/2024\/06\/logo-1024x1024.png","contentUrl":"https:\/\/omanivietnam.com\/wp-content\/uploads\/2024\/06\/logo-1024x1024.png","width":1024,"height":1024,"caption":"Nguy\u1ec5n V\u0103n Kh\u00e1nh"},"logo":{"@id":"https:\/\/omanivietnam.com\/#\/schema\/person\/image\/"},"sameAs":["https:\/\/omanivietnam.com"]}]}},"_links":{"self":[{"href":"https:\/\/omanivietnam.com\/index.php\/wp-json\/wp\/v2\/product\/849","targetHints":{"allow":["GET"]}}],"collection":[{"href":"https:\/\/omanivietnam.com\/index.php\/wp-json\/wp\/v2\/product"}],"about":[{"href":"https:\/\/omanivietnam.com\/index.php\/wp-json\/wp\/v2\/types\/product"}],"replies":[{"embeddable":true,"href":"https:\/\/omanivietnam.com\/index.php\/wp-json\/wp\/v2\/comments?post=849"}],"wp:featuredmedia":[{"embeddable":true,"href":"https:\/\/omanivietnam.com\/index.php\/wp-json\/wp\/v2\/media\/850"}],"wp:attachment":[{"href":"https:\/\/omanivietnam.com\/index.php\/wp-json\/wp\/v2\/media?parent=849"}],"wp:term":[{"taxonomy":"product_cat","embeddable":true,"href":"https:\/\/omanivietnam.com\/index.php\/wp-json\/wp\/v2\/product_cat?post=849"},{"taxonomy":"product_tag","embeddable":true,"href":"https:\/\/omanivietnam.com\/index.php\/wp-json\/wp\/v2\/product_tag?post=849"}],"curies":[{"name":"wp","href":"https:\/\/api.w.org\/{rel}","templated":true}]}}