{"id":876,"date":"2024-06-27T21:30:28","date_gmt":"2024-06-27T14:30:28","guid":{"rendered":"https:\/\/omanivietnam.com\/?post_type=product&#038;p=876"},"modified":"2025-08-15T21:14:58","modified_gmt":"2025-08-15T14:14:58","slug":"keyence-lr-tb5000c","status":"publish","type":"product","link":"https:\/\/omanivietnam.com\/index.php\/san-pham\/keyence-lr-tb5000c\/","title":{"rendered":"KEYENCE LR-TB5000C"},"content":{"rendered":"<p>KEYENCE LR-TB5000C<\/p>\n<p>Detection distance 5 m, Cable with connector M12, Laser Class 2<\/p>\n<p class=\"title-product item_name\">C\u1ea3m bi\u1ebfn Keyence LR-TB5000C<\/p>\n<p>1. C\u1ea3m bi\u1ebfn LR-TB5000C:<\/p>\n<table class=\"specTable-stibo-3282397\">\n<tbody>\n<tr class=\"specTable-row\">\n<td class=\"specTable-clm-0\" colspan=\"4\">M\u00f4 h\u00ecnh<\/td>\n<td class=\"specTable-clm-4\">LR-TB5000C<\/td>\n<\/tr>\n<tr class=\"specTable-row\">\n<td class=\"specTable-clm-0\" colspan=\"4\">Ki\u1ec3u<\/td>\n<td class=\"specTable-clm-4\">C\u00e1p c\u00f3 \u0111\u1ea7u n\u1ed1i M12<\/td>\n<\/tr>\n<tr class=\"specTable-row\">\n<td class=\"specTable-clm-0\" colspan=\"4\">Kho\u1ea3ng c\u00e1ch c\u00f3 th\u1ec3 ph\u00e1t hi\u1ec7n<\/td>\n<td class=\"specTable-clm-4\">60 \u0111\u1ebfn 5000 mm\u00a02,36 \u201c\u0111\u1ebfn 196,85\u201d\u00a0<sup>* 1<\/sup><\/td>\n<\/tr>\n<tr class=\"specTable-row\">\n<td class=\"specTable-clm-0\" colspan=\"4\">\u0110\u01b0\u1eddng k\u00ednh \u0111i\u1ec3m<\/td>\n<td class=\"specTable-clm-4\">Bi\u1ebfn<br \/>\n(s\u1eed d\u1ee5ng \u0111\u01b0\u1eddng k\u00ednh \u0111i\u1ec3m 40 mm\u00a01,57 \u201d\u00a0ho\u1eb7c nh\u1ecf h\u01a1n)<\/td>\n<\/tr>\n<tr class=\"specTable-row\">\n<td class=\"specTable-clm-0\">Ngu\u1ed3n s\u00e1ng<\/td>\n<td class=\"specTable-clm-1\" colspan=\"3\">Ki\u1ec3u<\/td>\n<td class=\"specTable-clm-4\">Laser \u0111\u1ecf (660 nm)<\/td>\n<\/tr>\n<tr class=\"specTable-row\">\n<td class=\"specTable-clm-0\" colspan=\"4\">Th\u1eddi gian \u0111\u00e1p \u1ee9ng<\/td>\n<td class=\"specTable-clm-4\">1 ms \/ 10 ms \/ 25 ms \/ 100 ms \/ 1000 ms<br \/>\nl\u1ef1a ch\u1ecdn<\/td>\n<\/tr>\n<tr class=\"specTable-row\">\n<td class=\"specTable-clm-0\">Ngu\u1ed3n s\u00e1ng<\/td>\n<td class=\"specTable-clm-1\" colspan=\"3\">L\u1edbp laser<\/td>\n<td class=\"specTable-clm-4\">S\u1ea3n ph\u1ea9m laser lo\u1ea1i 2<br \/>\n(IEC60825-1, FDA (CDRH) Part1040.10\u00a0<sup>* 2<\/sup>\u00a0)<\/td>\n<\/tr>\n<tr class=\"specTable-row\">\n<td class=\"specTable-clm-0\" colspan=\"4\">Ch\u1ee9c n\u0103ng ch\u1ed1ng nhi\u1ec5u l\u1eabn nhau<\/td>\n<td class=\"specTable-clm-4\">4 \u0111\u01a1n v\u1ecb (khi s\u1eed d\u1ee5ng ch\u1ee9c n\u0103ng ch\u1ed1ng nhi\u1ec5u)<\/td>\n<\/tr>\n<tr class=\"specTable-row\">\n<td class=\"specTable-clm-0\" colspan=\"4\">H\u1eb9n gi\u1edd<\/td>\n<td class=\"specTable-clm-4\">\u0110\u1ed9 tr\u1ec5 T\u1eaeT \/ T\u1eaeT \/ \u0110\u1ed9 tr\u1ec5 B\u1eacT \/ M\u1ed9t l\u1ea7n ch\u1ee5p<\/td>\n<\/tr>\n<tr class=\"specTable-row\">\n<td class=\"specTable-clm-0\" colspan=\"4\">\u0110i\u1ec7n \u00e1p<\/td>\n<td class=\"specTable-clm-4\">20 \u0111\u1ebfn 30 VDC, bao g\u1ed3m 10% g\u1ee3n s\u00f3ng (PP), Lo\u1ea1i 2 ho\u1eb7c LPS<\/td>\n<\/tr>\n<tr class=\"specTable-row\">\n<td class=\"specTable-clm-0\" colspan=\"4\">M\u1ee9c ti\u00eau th\u1ee5 hi\u1ec7n t\u1ea1i<\/td>\n<td class=\"specTable-clm-4\">50 mA tr\u1edf xu\u1ed1ng (kh\u00f4ng t\u1ea3i)\u00a0<sup>* 3<\/sup><\/td>\n<\/tr>\n<tr class=\"specTable-row\">\n<td class=\"specTable-clm-0\" rowspan=\"2\">I \/ O<\/td>\n<td class=\"specTable-clm-1\" colspan=\"3\">Ki\u1ec3m so\u00e1t \u0111\u1ea7u ra<\/td>\n<td class=\"specTable-clm-4\">B\u1ed9 thu h\u1edf NPN \/ B\u1ed9 thu h\u1edf PNP c\u00f3 th\u1ec3 l\u1ef1a ch\u1ecdn<br \/>\n30 VDC tr\u1edf xu\u1ed1ng, 50 mA tr\u1edf xu\u1ed1ng, \u0111i\u1ec7n \u00e1p d\u01b0: 2 V tr\u1edf xu\u1ed1ng,<br \/>\nc\u00f3 th\u1ec3 ch\u1ecdn NO \/ NC<br \/>\n<sup>* 4\u00a0<\/sup><sup>* 5<\/sup><\/td>\n<\/tr>\n<tr class=\"specTable-row\">\n<td class=\"specTable-clm-1\" colspan=\"3\">\u0110\u1ea7u ra analog<\/td>\n<td class=\"specTable-clm-4\">\u0110\u1ea7u ra hi\u1ec7n t\u1ea1i \/ \u0110\u1ea7u ra \u0111i\u1ec7n \u00e1p c\u00f3 th\u1ec3 l\u1ef1a ch\u1ecdn \u0110\u1ea7u ra<br \/>\nhi\u1ec7n t\u1ea1i: 4 \u0111\u1ebfn 20 mA v\u1edbi c\u1ef1c \u0111\u1ea1i.\u00a0\u0111i\u1ec7n tr\u1edf t\u1ea3i 500 \u03a9<br \/>\n\u0110\u1ea7u ra \u0111i\u1ec7n \u00e1p: 0 \u0111\u1ebfn 10 V v\u1edbi \u0111i\u1ec7n tr\u1edf t\u1ea3i b\u00ean ngo\u00e0i 5 k\u03a9 tr\u1edf l\u00ean<br \/>\n<sup>* 4\u00a0<\/sup><sup>* 5<\/sup><\/td>\n<\/tr>\n<\/tbody>\n<\/table>\n<h3>2. C\u00e1c m\u00e3 h\u00e0ng t\u01b0\u01a1ng \u0111\u01b0\u01a1ng C\u1ea3m bi\u1ebfn LR-TB5000C:<\/h3>\n<p>LK-G30<\/p>\n<p>LK-G30<\/p>\n<p>LK-G3000<\/p>\n<p>LK-G3000P<\/p>\n<p>LK-G3000PV<\/p>\n<p>LK-G3000V<\/p>\n<p>LK-G3001<\/p>\n<p>LK-G3001P<\/p>\n<p>LK-G3001PV<\/p>\n<p>LK-G3001V<\/p>\n<p>LK-G30H<\/p>\n<p>LK-G32<\/p>\n<p>LK-G35<\/p>\n<p>LK-G35H<\/p>\n<p>LK-G37<\/p>\n<p>LK-G400<\/p>\n<p>LK-G402<\/p>\n<p>LK-G405<\/p>\n<p>LK-G407<\/p>\n<section>\n<h2 class=\"prd-utility-heading-3 prd-utility-marginBottom-7\">Specifications<\/h2>\n<div class=\"prd-specsTable prd-utility-focusRing\" style=\"padding: 0px;margin: 0px\" data-controller=\"horizontal-scroll-state scroll-to-coord\" data-action=\"resize@window-&gt;horizontal-scroll-state#setOverflowing scroll-&gt;horizontal-scroll-state#setScrolled\" data-horizontal-scroll-state-target=\"container\" data-horizontal-scroll-state-overflowing-class=\"is-overflowing\" data-horizontal-scroll-state-has-scrolled-class=\"is-hasScrolled\" data-scroll-to-coord-target=\"container\">\n<div class=\"prd-utility-body-small\">\n<div class=\"specTable-block\">\n<table class=\"specTable-stibo-3282397\">\n<tbody>\n<tr class=\"specTable-row\">\n<td class=\"specTable-clm-0\" colspan=\"4\">Model<\/td>\n<td class=\"specTable-clm-4\">LR-TB5000C<\/td>\n<\/tr>\n<tr class=\"specTable-row\">\n<td class=\"specTable-clm-0\" colspan=\"4\">Type<\/td>\n<td class=\"specTable-clm-4\">Cable with connector M12<\/td>\n<\/tr>\n<tr class=\"specTable-row\">\n<td class=\"specTable-clm-0\" colspan=\"4\">Detectable distance<\/td>\n<td class=\"specTable-clm-4\">60 to 5000 mm\u00a0<span class=\"prd-utility-color-inch\">2.36&#8243; to 196.85&#8243;<\/span><sup>*1<\/sup><\/td>\n<\/tr>\n<tr class=\"specTable-row\">\n<td class=\"specTable-clm-0\" colspan=\"4\">Spot diameter<\/td>\n<td class=\"specTable-clm-4\">Variable<br \/>\n(use a spot diameter of 40 mm\u00a0<span class=\"prd-utility-color-inch\">1.57&#8243;<\/span>\u00a0or less)<\/td>\n<\/tr>\n<tr class=\"specTable-row\">\n<td class=\"specTable-clm-0\" rowspan=\"2\">Light source<\/td>\n<td class=\"specTable-clm-1\" colspan=\"3\">Type<\/td>\n<td class=\"specTable-clm-4\">Red laser (660 nm)<\/td>\n<\/tr>\n<tr class=\"specTable-row\">\n<td class=\"specTable-clm-1\" colspan=\"3\">Laser class<\/td>\n<td class=\"specTable-clm-4\">Class 2 laser product<br \/>\n(IEC60825-1,FDA (CDRH) Part1040.10<sup>*2<\/sup>)<\/td>\n<\/tr>\n<tr class=\"specTable-row\">\n<td class=\"specTable-clm-0\" colspan=\"4\">Mutual interference prevention function<\/td>\n<td class=\"specTable-clm-4\">4 units (when using the interference prevention function)<\/td>\n<\/tr>\n<tr class=\"specTable-row\">\n<td class=\"specTable-clm-0\" colspan=\"4\">Timer<\/td>\n<td class=\"specTable-clm-4\">OFF\/OFF delay\/ON delay\/One-shot<\/td>\n<\/tr>\n<tr class=\"specTable-row\">\n<td class=\"specTable-clm-0\" colspan=\"4\">Response time<\/td>\n<td class=\"specTable-clm-4\">1 ms\/10 ms\/25 ms\/100 ms\/1000 ms<br \/>\nselectable<\/td>\n<\/tr>\n<tr class=\"specTable-row\">\n<td class=\"specTable-clm-0\" rowspan=\"2\">I\/O<\/td>\n<td class=\"specTable-clm-1\" colspan=\"3\">Control output<\/td>\n<td class=\"specTable-clm-4\">NPN open collector\/PNP open collector selectable<br \/>\n30 VDC or less, 50 mA or less, residual voltage: 2 V or less,<br \/>\nN.O.\/N.C. selectable<br \/>\n<sup>*3<\/sup><sup>*4<\/sup><\/td>\n<\/tr>\n<tr class=\"specTable-row\">\n<td class=\"specTable-clm-1\" colspan=\"3\">Analog output<\/td>\n<td class=\"specTable-clm-4\">Current output\/Voltage output selectable<br \/>\nCurrent output: 4 to 20 mA with a max. load resistance of 500 \u2126<br \/>\nVoltage output: 0 to 10 V with an external load resistance of 5 k\u2126 or more<br \/>\n<sup>*3<\/sup><sup>*4<\/sup><\/td>\n<\/tr>\n<tr class=\"specTable-row\">\n<td class=\"specTable-clm-0\" colspan=\"4\">Protection circuit<\/td>\n<td class=\"specTable-clm-4\">Protection against reverse power connection, power supply surges, output overcurrent, reverse output connection, and output surge<\/td>\n<\/tr>\n<tr class=\"specTable-row\">\n<td class=\"specTable-clm-0\" colspan=\"4\">Power voltage<\/td>\n<td class=\"specTable-clm-4\">20 to 30 VDC, including 10% ripple (P-P), Class 2 or LPS<\/td>\n<\/tr>\n<tr class=\"specTable-row\">\n<td class=\"specTable-clm-0\" colspan=\"4\">Current consumption<\/td>\n<td class=\"specTable-clm-4\">50 mA or less (without load)<sup>*5<\/sup><\/td>\n<\/tr>\n<tr class=\"specTable-row\">\n<td class=\"specTable-clm-0\" rowspan=\"6\">Environmental resistance<\/td>\n<td class=\"specTable-clm-1\" colspan=\"3\">Enclosure rating<\/td>\n<td class=\"specTable-clm-4\">IP65\/IP67 (IEC60529)<\/td>\n<\/tr>\n<tr class=\"specTable-row\">\n<td class=\"specTable-clm-1\" colspan=\"3\">Ambient light<\/td>\n<td class=\"specTable-clm-4\">Incandescent lamp\/Sunlight: 10,0000 lux or less<\/td>\n<\/tr>\n<tr class=\"specTable-row\">\n<td class=\"specTable-clm-1\" colspan=\"3\">Ambient temperature<\/td>\n<td class=\"specTable-clm-4\">-20 to +55 \u00b0C\u00a0<span class=\"prd-utility-color-inch\">-4 to 131 \u00b0F<\/span>\u00a0(No freezing)<\/td>\n<\/tr>\n<tr class=\"specTable-row\">\n<td class=\"specTable-clm-1\" colspan=\"3\">Relative humidity<\/td>\n<td class=\"specTable-clm-4\">35 to 85 % RH (No condensation)<\/td>\n<\/tr>\n<tr class=\"specTable-row\">\n<td class=\"specTable-clm-1\" colspan=\"3\">Vibration resistance<\/td>\n<td class=\"specTable-clm-4\">10 to 55 Hz, Double amplitude 1.5 mm\u00a0<span class=\"prd-utility-color-inch\">0.06&#8243;<\/span>, 2 hours in each of the X, Y, and Z directions<\/td>\n<\/tr>\n<tr class=\"specTable-row\">\n<td class=\"specTable-clm-1\" colspan=\"3\">Shock resistance<\/td>\n<td class=\"specTable-clm-4\">1,000 m\/s<sup>2<\/sup>, 6 times in each of the X, Y, and Z directions<\/td>\n<\/tr>\n<tr class=\"specTable-row\">\n<td class=\"specTable-clm-0\" colspan=\"4\">Material<\/td>\n<td class=\"specTable-clm-4\">Case: Zinc die cast (Nickel chrome plating),<br \/>\nIndicator cover and buttons: PES,<br \/>\nLens cover and display: PMMA (scratch-resistant coating specifications),<br \/>\nCable bushing: PBT,<br \/>\nCable: PVC,<br \/>\nM12 connector: TPE, PBT, Nickel-plated brass<\/td>\n<\/tr>\n<tr class=\"specTable-row\">\n<td class=\"specTable-clm-0\" colspan=\"4\">Accompanying items<\/td>\n<td class=\"specTable-clm-4\">Instruction manual,<br \/>\nLaser warning and explanation labels<\/td>\n<\/tr>\n<tr class=\"specTable-row\">\n<td class=\"specTable-clm-0\" colspan=\"4\">Weight<\/td>\n<td class=\"specTable-clm-4\">Approx. 160 g<\/td>\n<\/tr>\n<tr class=\"specTable-foot\">\n<td class=\"specTable-clm-0\" colspan=\"5\"><sup>*1<\/sup>\u00a0The range for displayable distance is from 50 to 5200.<br \/>\n<sup>*2<\/sup>\u00a0The laser classification for FDA (CDRH) is implemented based on IEC60825-1 in accordance with the requirements of Laser Notice No.50.<br \/>\n<sup>*3<\/sup>\u00a0You can select the I\/O from the following combinations.<br \/>\nControl output \u00d7 2, control output + external input<br \/>\nControl output + analog output (LR-TB5000\/TB5000C\/TB5000CL only)<br \/>\nExternal input + analog output (LR-TB5000\/TB5000C\/TB5000CL only)<br \/>\n(For details on the setting method, see the instruction manual.)<br \/>\n<sup>*4<\/sup>\u00a0IO-Link specification v.1.1\/COM2 (38.4 kbps) is supported. You can download a setup file from the KEYENCE website (http:\/\/www.keyence.com).<br \/>\nIf you are using the product in an environment in which you cannot download files over the Internet, contact your nearest KEYENCE office.<br \/>\n<sup>*5<\/sup>\u00a0150 mA or less(with load)<\/td>\n<\/tr>\n<\/tbody>\n<\/table>\n<\/div>\n<p>\u0110\u1ea1i l\u00fd Keyence vietnam, Keyence viet nam, Keyence vietnam distributor, Ph\u00e2n ph\u1ed1i Keyence t\u1ea1i vi\u1ec7t nam<\/p>\n<p>\u0110\u1ea1i l\u00fd Keyence vietnam, Keyence viet nam, Keyence vietnam distributor, Ph\u00e2n ph\u1ed1i Keyence t\u1ea1i vi\u1ec7t nam<\/p>\n<p>\u0110\u1ea1i l\u00fd Keyence vietnam, Keyence viet nam, Keyence vietnam distributor, Ph\u00e2n ph\u1ed1i Keyence t\u1ea1i vi\u1ec7t nam<\/p>\n<p>\u0110\u1ea1i l\u00fd Keyence vietnam, Keyence viet nam, Keyence vietnam distributor, Ph\u00e2n ph\u1ed1i Keyence t\u1ea1i vi\u1ec7t nam<\/p>\n<p>\u0110\u1ea1i l\u00fd Keyence vietnam, Keyence viet nam, Keyence vietnam distributor, Ph\u00e2n ph\u1ed1i Keyence t\u1ea1i vi\u1ec7t nam<\/p>\n<\/div>\n<\/div>\n<\/section>\n<div class=\"prd-smallScreen-marginBottom-7 prd-largeScreen-marginBottom-8\"><\/div>\n<p class=\"prd-layout-cluster of-justifyContent-center prd-utility-marginBottom-0 of-spaceX-6 of-spaceY-3\">\n","protected":false},"excerpt":{"rendered":"<p>KEYENCE LR-TB5000C Detection distance 5 m, Cable with connector M12, Laser Class 2 C\u1ea3m bi\u1ebfn Keyence LR-TB5000C 1. C\u1ea3m bi\u1ebfn LR-TB5000C: M\u00f4 h\u00ecnh LR-TB5000C Ki\u1ec3u C\u00e1p c\u00f3 \u0111\u1ea7u n\u1ed1i M12 Kho\u1ea3ng c\u00e1ch c\u00f3 th\u1ec3 ph\u00e1t hi\u1ec7n 60 \u0111\u1ebfn 5000 mm\u00a02,36 \u201c\u0111\u1ebfn 196,85\u201d\u00a0* 1 \u0110\u01b0\u1eddng k\u00ednh \u0111i\u1ec3m Bi\u1ebfn (s\u1eed d\u1ee5ng \u0111\u01b0\u1eddng&hellip; <\/p>\n","protected":false},"featured_media":877,"comment_status":"open","ping_status":"closed","template":"","meta":[],"product_cat":[292],"product_tag":[88,114,113],"class_list":{"0":"post-876","1":"product","2":"type-product","3":"status-publish","4":"has-post-thumbnail","6":"product_cat-keyence","7":"product_tag-cam-bien","8":"product_tag-dai-ly-keyence-viet-nam","9":"product_tag-keyence-viet-nam","11":"first","12":"instock","13":"shipping-taxable","14":"product-type-simple"},"yoast_head":"<!-- This site is optimized with the Yoast SEO plugin v22.8 - https:\/\/yoast.com\/wordpress\/plugins\/seo\/ -->\n<title>KEYENCE LR-TB5000C - OMANI VI\u1ec6T NAM<\/title>\n<meta name=\"description\" content=\"KEYENCE LR-TB5000C Sensor\" \/>\n<meta name=\"robots\" content=\"index, follow, max-snippet:-1, max-image-preview:large, max-video-preview:-1\" \/>\n<link rel=\"canonical\" href=\"https:\/\/omanivietnam.com\/index.php\/san-pham\/keyence-lr-tb5000c\/\" \/>\n<meta property=\"og:locale\" content=\"vi_VN\" \/>\n<meta property=\"og:type\" content=\"article\" \/>\n<meta property=\"og:title\" content=\"KEYENCE LR-TB5000C - OMANI VI\u1ec6T NAM\" \/>\n<meta property=\"og:description\" content=\"KEYENCE LR-TB5000C Sensor\" \/>\n<meta property=\"og:url\" content=\"https:\/\/omanivietnam.com\/index.php\/san-pham\/keyence-lr-tb5000c\/\" \/>\n<meta property=\"og:site_name\" content=\"OMANI VI\u1ec6T NAM\" \/>\n<meta property=\"article:modified_time\" content=\"2025-08-15T14:14:58+00:00\" \/>\n<meta property=\"og:image\" content=\"https:\/\/omanivietnam.com\/wp-content\/uploads\/2024\/06\/LR-TB5000C.png\" \/>\n\t<meta property=\"og:image:width\" content=\"659\" \/>\n\t<meta property=\"og:image:height\" content=\"530\" \/>\n\t<meta property=\"og:image:type\" content=\"image\/png\" \/>\n<meta name=\"twitter:card\" content=\"summary_large_image\" \/>\n<meta name=\"twitter:label1\" content=\"\u01af\u1edbc t\u00ednh th\u1eddi gian \u0111\u1ecdc\" \/>\n\t<meta name=\"twitter:data1\" content=\"5 ph\u00fat\" \/>\n<script type=\"application\/ld+json\" class=\"yoast-schema-graph\">{\"@context\":\"https:\/\/schema.org\",\"@graph\":[{\"@type\":\"WebPage\",\"@id\":\"https:\/\/omanivietnam.com\/index.php\/san-pham\/keyence-lr-tb5000c\/\",\"url\":\"https:\/\/omanivietnam.com\/index.php\/san-pham\/keyence-lr-tb5000c\/\",\"name\":\"KEYENCE LR-TB5000C - OMANI VI\u1ec6T NAM\",\"isPartOf\":{\"@id\":\"https:\/\/omanivietnam.com\/#website\"},\"primaryImageOfPage\":{\"@id\":\"https:\/\/omanivietnam.com\/index.php\/san-pham\/keyence-lr-tb5000c\/#primaryimage\"},\"image\":{\"@id\":\"https:\/\/omanivietnam.com\/index.php\/san-pham\/keyence-lr-tb5000c\/#primaryimage\"},\"thumbnailUrl\":\"https:\/\/omanivietnam.com\/wp-content\/uploads\/2024\/06\/LR-TB5000C.png\",\"datePublished\":\"2024-06-27T14:30:28+00:00\",\"dateModified\":\"2025-08-15T14:14:58+00:00\",\"description\":\"KEYENCE LR-TB5000C Sensor\",\"breadcrumb\":{\"@id\":\"https:\/\/omanivietnam.com\/index.php\/san-pham\/keyence-lr-tb5000c\/#breadcrumb\"},\"inLanguage\":\"vi\",\"potentialAction\":[{\"@type\":\"ReadAction\",\"target\":[\"https:\/\/omanivietnam.com\/index.php\/san-pham\/keyence-lr-tb5000c\/\"]}]},{\"@type\":\"ImageObject\",\"inLanguage\":\"vi\",\"@id\":\"https:\/\/omanivietnam.com\/index.php\/san-pham\/keyence-lr-tb5000c\/#primaryimage\",\"url\":\"https:\/\/omanivietnam.com\/wp-content\/uploads\/2024\/06\/LR-TB5000C.png\",\"contentUrl\":\"https:\/\/omanivietnam.com\/wp-content\/uploads\/2024\/06\/LR-TB5000C.png\",\"width\":659,\"height\":530},{\"@type\":\"BreadcrumbList\",\"@id\":\"https:\/\/omanivietnam.com\/index.php\/san-pham\/keyence-lr-tb5000c\/#breadcrumb\",\"itemListElement\":[{\"@type\":\"ListItem\",\"position\":1,\"name\":\"Home\",\"item\":\"https:\/\/omanivietnam.com\/\"},{\"@type\":\"ListItem\",\"position\":2,\"name\":\"S\u1ea2N PH\u1ea8M\",\"item\":\"https:\/\/omanivietnam.com\/index.php\/cua-hang\/\"},{\"@type\":\"ListItem\",\"position\":3,\"name\":\"KEYENCE LR-TB5000C\"}]},{\"@type\":\"WebSite\",\"@id\":\"https:\/\/omanivietnam.com\/#website\",\"url\":\"https:\/\/omanivietnam.com\/\",\"name\":\"OMANI VI\u1ec6T NAM\",\"description\":\"Nh\u00e0 ph\u00e2n ph\u1ed1i thi\u1ebft b\u1ecb kh\u00ed n\u00e9n v\u00e0 thi\u1ebft b\u1ecb t\u1ef1 \u0111\u1ed9ng h\u00f3a trong c\u00f4ng nghi\u1ec7p\",\"publisher\":{\"@id\":\"https:\/\/omanivietnam.com\/#\/schema\/person\/0ad398a980dc3fd696111c2c5c8fa897\"},\"potentialAction\":[{\"@type\":\"SearchAction\",\"target\":{\"@type\":\"EntryPoint\",\"urlTemplate\":\"https:\/\/omanivietnam.com\/?s={search_term_string}\"},\"query-input\":\"required name=search_term_string\"}],\"inLanguage\":\"vi\"},{\"@type\":[\"Person\",\"Organization\"],\"@id\":\"https:\/\/omanivietnam.com\/#\/schema\/person\/0ad398a980dc3fd696111c2c5c8fa897\",\"name\":\"Nguy\u1ec5n V\u0103n Kh\u00e1nh\",\"image\":{\"@type\":\"ImageObject\",\"inLanguage\":\"vi\",\"@id\":\"https:\/\/omanivietnam.com\/#\/schema\/person\/image\/\",\"url\":\"https:\/\/omanivietnam.com\/wp-content\/uploads\/2024\/06\/logo-1024x1024.png\",\"contentUrl\":\"https:\/\/omanivietnam.com\/wp-content\/uploads\/2024\/06\/logo-1024x1024.png\",\"width\":1024,\"height\":1024,\"caption\":\"Nguy\u1ec5n V\u0103n Kh\u00e1nh\"},\"logo\":{\"@id\":\"https:\/\/omanivietnam.com\/#\/schema\/person\/image\/\"},\"sameAs\":[\"https:\/\/omanivietnam.com\"]}]}<\/script>\n<!-- \/ Yoast SEO plugin. -->","yoast_head_json":{"title":"KEYENCE LR-TB5000C - OMANI VI\u1ec6T NAM","description":"KEYENCE LR-TB5000C Sensor","robots":{"index":"index","follow":"follow","max-snippet":"max-snippet:-1","max-image-preview":"max-image-preview:large","max-video-preview":"max-video-preview:-1"},"canonical":"https:\/\/omanivietnam.com\/index.php\/san-pham\/keyence-lr-tb5000c\/","og_locale":"vi_VN","og_type":"article","og_title":"KEYENCE LR-TB5000C - OMANI VI\u1ec6T NAM","og_description":"KEYENCE LR-TB5000C Sensor","og_url":"https:\/\/omanivietnam.com\/index.php\/san-pham\/keyence-lr-tb5000c\/","og_site_name":"OMANI VI\u1ec6T NAM","article_modified_time":"2025-08-15T14:14:58+00:00","og_image":[{"width":659,"height":530,"url":"https:\/\/omanivietnam.com\/wp-content\/uploads\/2024\/06\/LR-TB5000C.png","type":"image\/png"}],"twitter_card":"summary_large_image","twitter_misc":{"\u01af\u1edbc t\u00ednh th\u1eddi gian \u0111\u1ecdc":"5 ph\u00fat"},"schema":{"@context":"https:\/\/schema.org","@graph":[{"@type":"WebPage","@id":"https:\/\/omanivietnam.com\/index.php\/san-pham\/keyence-lr-tb5000c\/","url":"https:\/\/omanivietnam.com\/index.php\/san-pham\/keyence-lr-tb5000c\/","name":"KEYENCE LR-TB5000C - OMANI VI\u1ec6T NAM","isPartOf":{"@id":"https:\/\/omanivietnam.com\/#website"},"primaryImageOfPage":{"@id":"https:\/\/omanivietnam.com\/index.php\/san-pham\/keyence-lr-tb5000c\/#primaryimage"},"image":{"@id":"https:\/\/omanivietnam.com\/index.php\/san-pham\/keyence-lr-tb5000c\/#primaryimage"},"thumbnailUrl":"https:\/\/omanivietnam.com\/wp-content\/uploads\/2024\/06\/LR-TB5000C.png","datePublished":"2024-06-27T14:30:28+00:00","dateModified":"2025-08-15T14:14:58+00:00","description":"KEYENCE LR-TB5000C Sensor","breadcrumb":{"@id":"https:\/\/omanivietnam.com\/index.php\/san-pham\/keyence-lr-tb5000c\/#breadcrumb"},"inLanguage":"vi","potentialAction":[{"@type":"ReadAction","target":["https:\/\/omanivietnam.com\/index.php\/san-pham\/keyence-lr-tb5000c\/"]}]},{"@type":"ImageObject","inLanguage":"vi","@id":"https:\/\/omanivietnam.com\/index.php\/san-pham\/keyence-lr-tb5000c\/#primaryimage","url":"https:\/\/omanivietnam.com\/wp-content\/uploads\/2024\/06\/LR-TB5000C.png","contentUrl":"https:\/\/omanivietnam.com\/wp-content\/uploads\/2024\/06\/LR-TB5000C.png","width":659,"height":530},{"@type":"BreadcrumbList","@id":"https:\/\/omanivietnam.com\/index.php\/san-pham\/keyence-lr-tb5000c\/#breadcrumb","itemListElement":[{"@type":"ListItem","position":1,"name":"Home","item":"https:\/\/omanivietnam.com\/"},{"@type":"ListItem","position":2,"name":"S\u1ea2N PH\u1ea8M","item":"https:\/\/omanivietnam.com\/index.php\/cua-hang\/"},{"@type":"ListItem","position":3,"name":"KEYENCE LR-TB5000C"}]},{"@type":"WebSite","@id":"https:\/\/omanivietnam.com\/#website","url":"https:\/\/omanivietnam.com\/","name":"OMANI VI\u1ec6T NAM","description":"Nh\u00e0 ph\u00e2n ph\u1ed1i thi\u1ebft b\u1ecb kh\u00ed n\u00e9n v\u00e0 thi\u1ebft b\u1ecb t\u1ef1 \u0111\u1ed9ng h\u00f3a trong c\u00f4ng nghi\u1ec7p","publisher":{"@id":"https:\/\/omanivietnam.com\/#\/schema\/person\/0ad398a980dc3fd696111c2c5c8fa897"},"potentialAction":[{"@type":"SearchAction","target":{"@type":"EntryPoint","urlTemplate":"https:\/\/omanivietnam.com\/?s={search_term_string}"},"query-input":"required name=search_term_string"}],"inLanguage":"vi"},{"@type":["Person","Organization"],"@id":"https:\/\/omanivietnam.com\/#\/schema\/person\/0ad398a980dc3fd696111c2c5c8fa897","name":"Nguy\u1ec5n V\u0103n Kh\u00e1nh","image":{"@type":"ImageObject","inLanguage":"vi","@id":"https:\/\/omanivietnam.com\/#\/schema\/person\/image\/","url":"https:\/\/omanivietnam.com\/wp-content\/uploads\/2024\/06\/logo-1024x1024.png","contentUrl":"https:\/\/omanivietnam.com\/wp-content\/uploads\/2024\/06\/logo-1024x1024.png","width":1024,"height":1024,"caption":"Nguy\u1ec5n V\u0103n Kh\u00e1nh"},"logo":{"@id":"https:\/\/omanivietnam.com\/#\/schema\/person\/image\/"},"sameAs":["https:\/\/omanivietnam.com"]}]}},"_links":{"self":[{"href":"https:\/\/omanivietnam.com\/index.php\/wp-json\/wp\/v2\/product\/876","targetHints":{"allow":["GET"]}}],"collection":[{"href":"https:\/\/omanivietnam.com\/index.php\/wp-json\/wp\/v2\/product"}],"about":[{"href":"https:\/\/omanivietnam.com\/index.php\/wp-json\/wp\/v2\/types\/product"}],"replies":[{"embeddable":true,"href":"https:\/\/omanivietnam.com\/index.php\/wp-json\/wp\/v2\/comments?post=876"}],"wp:featuredmedia":[{"embeddable":true,"href":"https:\/\/omanivietnam.com\/index.php\/wp-json\/wp\/v2\/media\/877"}],"wp:attachment":[{"href":"https:\/\/omanivietnam.com\/index.php\/wp-json\/wp\/v2\/media?parent=876"}],"wp:term":[{"taxonomy":"product_cat","embeddable":true,"href":"https:\/\/omanivietnam.com\/index.php\/wp-json\/wp\/v2\/product_cat?post=876"},{"taxonomy":"product_tag","embeddable":true,"href":"https:\/\/omanivietnam.com\/index.php\/wp-json\/wp\/v2\/product_tag?post=876"}],"curies":[{"name":"wp","href":"https:\/\/api.w.org\/{rel}","templated":true}]}}