{"id":880,"date":"2024-06-27T21:43:13","date_gmt":"2024-06-27T14:43:13","guid":{"rendered":"https:\/\/omanivietnam.com\/?post_type=product&#038;p=880"},"modified":"2024-08-16T22:19:24","modified_gmt":"2024-08-16T15:19:24","slug":"keyence-iv3-cp50","status":"publish","type":"product","link":"https:\/\/omanivietnam.com\/index.php\/san-pham\/keyence-iv3-cp50\/","title":{"rendered":"KEYENCE IV3-CP50"},"content":{"rendered":"<p>KEYENCE IV3-CP50<\/p>\n<p>M\u00e0n h\u00ecnh<\/p>\n<p class=\"prd-utility-heading-3 prd-utility-marginBottom-7\">Th\u00f4ng s\u1ed1 k\u1ef9 thu\u1eadt<\/p>\n<div class=\"prd-specsTable prd-utility-focusRing\" style=\"padding: 0px;margin: 0px;color: #484b4c;font-family: myriad-pro, helvetica, Arial, meiryo, sans-serif;font-size: 17px;font-style: normal;font-weight: 400;letter-spacing: normal;text-align: left;text-indent: 0px;text-transform: none;background-color: #fafafa\" data-controller=\"horizontal-scroll-state scroll-to-coord\" data-action=\"resize@window-&gt;horizontal-scroll-state#setOverflowing scroll-&gt;horizontal-scroll-state#setScrolled\" data-horizontal-scroll-state-target=\"container\" data-horizontal-scroll-state-overflowing-class=\"is-overflowing\" data-horizontal-scroll-state-has-scrolled-class=\"is-hasScrolled\" data-scroll-to-coord-target=\"container\">\n<div class=\"prd-utility-body-small\">\n<div class=\"specTable-block\">\n<table class=\"specTable-stibo-3282397\">\n<tbody>\n<tr class=\"specTable-row\">\n<td class=\"specTable-clm-0\" colspan=\"4\">M\u1eabu<\/td>\n<td class=\"specTable-clm-4\">IV3-CP50<\/td>\n<\/tr>\n<tr class=\"specTable-row\">\n<td class=\"specTable-clm-0\" colspan=\"4\">B\u1ea3ng hi\u1ec3n th\u1ecb<\/td>\n<td class=\"specTable-clm-4\">5,7&#8243; M\u00e0n h\u00ecnh LCD m\u00e0u TFT<br \/>\n640 \u00d7 480 ch\u1ea5m (VGA)<\/td>\n<\/tr>\n<tr class=\"specTable-row\">\n<td class=\"specTable-clm-0\" rowspan=\"2\">Chi\u1ebfu s\u00e1ng ng\u01b0\u1ee3c<\/td>\n<td class=\"specTable-clm-1\" colspan=\"3\">Ph\u01b0\u01a1ng ph\u00e1p<\/td>\n<td class=\"specTable-clm-4\">\u0110\u00e8n LED tr\u1eafng<\/td>\n<\/tr>\n<tr class=\"specTable-row\">\n<td class=\"specTable-clm-1\" colspan=\"3\">Kho\u1ea3ng th\u1eddi gian<\/td>\n<td class=\"specTable-clm-4\">X\u1ea5p x\u1ec9 50000 gi\u1edd (25\u00b0C)<\/td>\n<\/tr>\n<tr class=\"specTable-row\">\n<td class=\"specTable-clm-0\" rowspan=\"2\">B\u1ea3ng \u0111i\u1ec1u khi\u1ec3n ch\u1ea1m<\/td>\n<td class=\"specTable-clm-1\" colspan=\"3\">Ph\u01b0\u01a1ng ph\u00e1p<\/td>\n<td class=\"specTable-clm-4\">\u0110i\u1ec7n tr\u1edf analog<\/td>\n<\/tr>\n<tr class=\"specTable-row\">\n<td class=\"specTable-clm-1\" colspan=\"3\">L\u1ef1c truy\u1ec1n \u0111\u1ed9ng<\/td>\n<td class=\"specTable-clm-4\">T\u1eeb 0,8 N tr\u1edf xu\u1ed1ng<\/td>\n<\/tr>\n<tr class=\"specTable-row\">\n<td class=\"specTable-clm-0\" colspan=\"4\">Ng\u00f4n ng\u1eef<\/td>\n<td class=\"specTable-clm-4\">Ti\u1ebfng Anh\/Ti\u1ebfng Nh\u1eadt\/Ti\u1ebfng \u0110\u1ee9c\/Ti\u1ebfng Trung (Gi\u1ea3n th\u1ec3)\/Ti\u1ebfng Trung (Ph\u1ed3n<br \/>\nth\u1ec3)\/Ti\u1ebfng H\u00e0n\/Ti\u1ebfng \u00dd\/Ti\u1ebfng Ph\u00e1p\/Ti\u1ebfng T\u00e2y Ban Nha\/Ti\u1ebfng B\u1ed3 \u0110\u00e0o Nha\/<br \/>\nTi\u1ebfng C\u1ed9ng h\u00f2a S\u00e9c\/Ti\u1ebfng Hungary\/Ti\u1ebfng Ba Lan\/Ti\u1ebfng Th\u00e1i<sup>*1<\/sup><\/td>\n<\/tr>\n<tr class=\"specTable-row\">\n<td class=\"specTable-clm-0\" colspan=\"4\">\u0110\u00e8n b\u00e1o<\/td>\n<td class=\"specTable-clm-4\">NGU\u1ed2N, C\u1ea2M BI\u1ebeN<\/td>\n<\/tr>\n<tr class=\"specTable-row\">\n<td class=\"specTable-clm-0\" rowspan=\"2\">Ethernet<\/td>\n<td class=\"specTable-clm-1\" colspan=\"3\">Chu\u1ea9n<\/td>\n<td class=\"specTable-clm-4\">100BASE-TX<sup>*2<\/sup><\/td>\n<\/tr>\n<tr class=\"specTable-row\">\n<td class=\"specTable-clm-1\" colspan=\"3\">\u0110\u1ea7u n\u1ed1i<\/td>\n<td class=\"specTable-clm-4\">\u0110\u1ea7u n\u1ed1i M12 4 pin<sup>*2<\/sup><\/td>\n<\/tr>\n<tr class=\"specTable-row\">\n<td class=\"specTable-clm-0\" colspan=\"4\">B\u1ed9 nh\u1edb m\u1edf r\u1ed9ng<\/td>\n<td class=\"specTable-clm-4\">B\u1ed9 nh\u1edb flash USB<sup>*3<\/sup><\/td>\n<\/tr>\n<tr class=\"specTable-row\">\n<td class=\"specTable-clm-0\" rowspan=\"2\">C\u00e1c \u0111\u1ecbnh m\u1ee9c<\/td>\n<td class=\"specTable-clm-1\" colspan=\"3\">\u0110i\u1ec7n \u00e1p ngu\u1ed3n<\/td>\n<td class=\"specTable-clm-4\">24 VDC \u00b110% (bao g\u1ed3m \u0111\u1ed9 g\u1ee3n)<\/td>\n<\/tr>\n<tr class=\"specTable-row\">\n<td class=\"specTable-clm-1\" colspan=\"3\">D\u00f2ng \u0111i\u1ec7n ti\u00eau th\u1ee5<\/td>\n<td class=\"specTable-clm-4\">T\u1eeb 0,3 A tr\u1edf xu\u1ed1ng<\/td>\n<\/tr>\n<tr class=\"specTable-row\">\n<td class=\"specTable-clm-0\" rowspan=\"5\">Kh\u1ea3 n\u0103ng ch\u1ed1ng ch\u1ecbu v\u1edbi m\u00f4i tr\u01b0\u1eddng<\/td>\n<td class=\"specTable-clm-1\" colspan=\"3\">Ch\u1ec9 s\u1ed1 ch\u1ed1ng ch\u1ecbu th\u1eddi ti\u1ebft cho v\u1ecf b\u1ecdc<\/td>\n<td class=\"specTable-clm-4\">IP40<\/td>\n<\/tr>\n<tr class=\"specTable-row\">\n<td class=\"specTable-clm-1\" colspan=\"3\">Nhi\u1ec7t \u0111\u1ed9 m\u00f4i tr\u01b0\u1eddng xung quanh<\/td>\n<td class=\"specTable-clm-4\">0 \u0111\u1ebfn +50\u00b0C (Kh\u00f4ng \u0111\u00f3ng b\u0103ng)<\/td>\n<\/tr>\n<tr class=\"specTable-row\">\n<td class=\"specTable-clm-1\" colspan=\"3\">\u0110\u1ed9 \u1ea9m m\u00f4i tr\u01b0\u1eddng xung quanh<\/td>\n<td class=\"specTable-clm-4\">35 \u0111\u1ebfn 85% RH (Kh\u00f4ng ng\u01b0ng t\u1ee5)<sup>*4<\/sup><\/td>\n<\/tr>\n<tr class=\"specTable-row\">\n<td class=\"specTable-clm-1\" colspan=\"3\">\u0110\u1ed9 cao ch\u1ecbu l\u1ef1c r\u01a1i<\/td>\n<td class=\"specTable-clm-4\">1,3 m l\u00ean b\u00ea t\u00f4ng (2 l\u1ea7n m\u1ed7i b\u00ean theo h\u01b0\u1edbng t\u00f9y \u00fd)<\/td>\n<\/tr>\n<tr class=\"specTable-row\">\n<td class=\"specTable-clm-1\" colspan=\"3\">Ch\u1ed1ng ch\u1ecbu rung<\/td>\n<td class=\"specTable-clm-4\">10 \u0111\u1ebfn 55 Hz, bi\u00ean \u0111\u1ed9 k\u00e9p 0,7 mm, 2 ti\u1ebfng cho m\u1ed7i tr\u1ee5c X, Y v\u00e0 Z<\/td>\n<\/tr>\n<tr class=\"specTable-row\">\n<td class=\"specTable-clm-0\" colspan=\"4\">V\u1eadt li\u1ec7u<\/td>\n<td class=\"specTable-clm-4\">V\u1ecf thi\u1ebft b\u1ecb ch\u00ednh: PC<br \/>\n\u0110\u1ea7u n\u1ed1i ngu\u1ed3n: \u0111\u1ed3ng thau + l\u1edbp ph\u1ee7 Ni<br \/>\n\u0110\u1ea7u n\u1ed1i Ethernet: k\u1ebdm + l\u1edbp ph\u1ee7 Ni, PA<br \/>\nN\u1eafp \u0111\u1ea7u n\u1ed1i USB: EPDM<br \/>\nGi\u00e1 \u0111\u1ee1 b\u00fat: PC<br \/>\nM\u00f3c cho b\u1ed9 chuy\u1ec3n \u0111\u1ed5i: POM<br \/>\nV\u1ecf b\u1ecdc \u0111\u00e8n LED: PC<br \/>\nB\u1ed9 chuy\u1ec3n \u0111\u1ed5i l\u1eafp: PC<br \/>\n\u0110\u1ea7u \u0111o: POM<\/td>\n<\/tr>\n<tr class=\"specTable-row\">\n<td class=\"specTable-clm-0\" colspan=\"4\">Kh\u1ed1i l\u01b0\u1ee3ng<\/td>\n<td class=\"specTable-clm-4\">B\u1ea3ng \u0111i\u1ec1u khi\u1ec3n: X\u1ea5p x\u1ec9 450 g<br \/>\nA \u0111\u01b0\u1ee3c g\u1eafn v\u1edbi b\u1ed9 ngu\u1ed3n g\u1eafn tr\u00ean t\u01b0\u1eddng v\u00e0 \u0111\u1ea7u \u0111o: X\u1ea5p x\u1ec9 485 g<\/td>\n<\/tr>\n<tr class=\"specTable-foot\">\n<td class=\"specTable-clm-0\" colspan=\"5\"><sup>*1<\/sup>\u00a0Khi k\u1ebft n\u1ed1i v\u1edbi S\u00ea-ri IV3. Khi k\u1ebft n\u1ed1i v\u1edbi S\u00ea-ri IV\/IV2, ng\u00f4n ng\u1eef \u0111\u01b0\u1ee3c h\u1ed7 tr\u1ee3 gi\u1ed1ng v\u1edbi IV2-CP50.<br \/>\n<sup>*2<\/sup>\u00a0Chuy\u00ean d\u00f9ng trong k\u1ebft n\u1ed1i v\u1edbi S\u00ea-ri IV3, S\u00ea-ri IV2, v\u00e0 S\u00ea-ri IV.<br \/>\n<sup>*3<\/sup>\u00a0S\u1eed d\u1ee5ng s\u1ea3n ph\u1ea9m \u0111\u01b0\u1ee3c KEYENCE khuy\u1ebfn ngh\u1ecb.<br \/>\n<sup>*4<\/sup>\u00a0N\u1ebfu nhi\u1ec7t \u0111\u1ed9 m\u00f4i tr\u01b0\u1eddng xung quanh v\u01b0\u1ee3t qu\u00e1 40\u00b0C, h\u00e3y s\u1eed d\u1ee5ng \u0111\u1ea7u c\u1ea3m bi\u1ebfn \u1edf \u0111\u1ed9 \u1ea9m tuy\u1ec7t \u0111\u1ed1i t\u1eeb 40\u00b0C 85% RH tr\u1edf xu\u1ed1ng.<\/td>\n<\/tr>\n<\/tbody>\n<\/table>\n<p>\u0110\u1ea1i l\u00fd Keyence vietnam, Keyence viet nam, Keyence vietnam distributor, Ph\u00e2n ph\u1ed1i Keyence t\u1ea1i vi\u1ec7t nam<\/p>\n<p>\u0110\u1ea1i l\u00fd Keyence vietnam, Keyence viet nam, Keyence vietnam distributor, Ph\u00e2n ph\u1ed1i Keyence t\u1ea1i vi\u1ec7t nam<\/p>\n<p>\u0110\u1ea1i l\u00fd Keyence vietnam, Keyence viet nam, Keyence vietnam distributor, Ph\u00e2n ph\u1ed1i Keyence t\u1ea1i vi\u1ec7t nam<\/p>\n<p>\u0110\u1ea1i l\u00fd Keyence vietnam, Keyence viet nam, Keyence vietnam distributor, Ph\u00e2n ph\u1ed1i Keyence t\u1ea1i vi\u1ec7t nam<\/p>\n<p>\u0110\u1ea1i l\u00fd Keyence vietnam, Keyence viet nam, Keyence vietnam distributor, Ph\u00e2n ph\u1ed1i Keyence t\u1ea1i vi\u1ec7t nam<\/p>\n<p>&nbsp;<\/p>\n<\/div>\n<\/div>\n<\/div>\n","protected":false},"excerpt":{"rendered":"<p>KEYENCE IV3-CP50 M\u00e0n h\u00ecnh Th\u00f4ng s\u1ed1 k\u1ef9 thu\u1eadt M\u1eabu IV3-CP50 B\u1ea3ng hi\u1ec3n th\u1ecb 5,7&#8243; M\u00e0n h\u00ecnh LCD m\u00e0u TFT 640 \u00d7 480 ch\u1ea5m (VGA) Chi\u1ebfu s\u00e1ng ng\u01b0\u1ee3c Ph\u01b0\u01a1ng ph\u00e1p \u0110\u00e8n LED tr\u1eafng Kho\u1ea3ng th\u1eddi gian X\u1ea5p x\u1ec9 50000 gi\u1edd (25\u00b0C) B\u1ea3ng \u0111i\u1ec1u khi\u1ec3n ch\u1ea1m Ph\u01b0\u01a1ng ph\u00e1p \u0110i\u1ec7n tr\u1edf analog L\u1ef1c&hellip; <\/p>\n","protected":false},"featured_media":881,"comment_status":"open","ping_status":"closed","template":"","meta":[],"product_cat":[292],"product_tag":[114,113,212],"class_list":{"0":"post-880","1":"product","2":"type-product","3":"status-publish","4":"has-post-thumbnail","6":"product_cat-keyence","7":"product_tag-dai-ly-keyence-viet-nam","8":"product_tag-keyence-viet-nam","9":"product_tag-man-hinh","11":"first","12":"instock","13":"shipping-taxable","14":"product-type-simple"},"yoast_head":"<!-- This site is optimized with the Yoast SEO plugin v22.8 - https:\/\/yoast.com\/wordpress\/plugins\/seo\/ -->\n<title>KEYENCE IV3-CP50 - OMANI VI\u1ec6T NAM<\/title>\n<meta name=\"description\" content=\"C\u1ea3m bi\u1ebfn h\u00ecnh \u1ea3nh v\u1edbi AI t\u00edch h\u1ee3p IV3-CP50 - Control panel\" \/>\n<meta name=\"robots\" content=\"index, follow, max-snippet:-1, max-image-preview:large, max-video-preview:-1\" \/>\n<link rel=\"canonical\" href=\"https:\/\/omanivietnam.com\/index.php\/san-pham\/keyence-iv3-cp50\/\" \/>\n<meta property=\"og:locale\" content=\"vi_VN\" \/>\n<meta property=\"og:type\" content=\"article\" \/>\n<meta property=\"og:title\" content=\"KEYENCE IV3-CP50 - OMANI VI\u1ec6T NAM\" \/>\n<meta property=\"og:description\" content=\"C\u1ea3m bi\u1ebfn h\u00ecnh \u1ea3nh v\u1edbi AI t\u00edch h\u1ee3p IV3-CP50 - Control panel\" \/>\n<meta property=\"og:url\" content=\"https:\/\/omanivietnam.com\/index.php\/san-pham\/keyence-iv3-cp50\/\" \/>\n<meta property=\"og:site_name\" content=\"OMANI VI\u1ec6T NAM\" \/>\n<meta property=\"article:modified_time\" content=\"2024-08-16T15:19:24+00:00\" \/>\n<meta property=\"og:image\" content=\"https:\/\/omanivietnam.com\/wp-content\/uploads\/2024\/06\/IV3-CP50.png\" \/>\n\t<meta property=\"og:image:width\" content=\"624\" \/>\n\t<meta property=\"og:image:height\" content=\"490\" \/>\n\t<meta property=\"og:image:type\" content=\"image\/png\" \/>\n<meta name=\"twitter:card\" content=\"summary_large_image\" \/>\n<meta name=\"twitter:label1\" content=\"\u01af\u1edbc t\u00ednh th\u1eddi gian \u0111\u1ecdc\" \/>\n\t<meta name=\"twitter:data1\" content=\"3 ph\u00fat\" \/>\n<script type=\"application\/ld+json\" class=\"yoast-schema-graph\">{\"@context\":\"https:\/\/schema.org\",\"@graph\":[{\"@type\":\"WebPage\",\"@id\":\"https:\/\/omanivietnam.com\/index.php\/san-pham\/keyence-iv3-cp50\/\",\"url\":\"https:\/\/omanivietnam.com\/index.php\/san-pham\/keyence-iv3-cp50\/\",\"name\":\"KEYENCE IV3-CP50 - OMANI VI\u1ec6T NAM\",\"isPartOf\":{\"@id\":\"https:\/\/omanivietnam.com\/#website\"},\"primaryImageOfPage\":{\"@id\":\"https:\/\/omanivietnam.com\/index.php\/san-pham\/keyence-iv3-cp50\/#primaryimage\"},\"image\":{\"@id\":\"https:\/\/omanivietnam.com\/index.php\/san-pham\/keyence-iv3-cp50\/#primaryimage\"},\"thumbnailUrl\":\"https:\/\/omanivietnam.com\/wp-content\/uploads\/2024\/06\/IV3-CP50.png\",\"datePublished\":\"2024-06-27T14:43:13+00:00\",\"dateModified\":\"2024-08-16T15:19:24+00:00\",\"description\":\"C\u1ea3m bi\u1ebfn h\u00ecnh \u1ea3nh v\u1edbi AI t\u00edch h\u1ee3p IV3-CP50 - Control panel\",\"breadcrumb\":{\"@id\":\"https:\/\/omanivietnam.com\/index.php\/san-pham\/keyence-iv3-cp50\/#breadcrumb\"},\"inLanguage\":\"vi\",\"potentialAction\":[{\"@type\":\"ReadAction\",\"target\":[\"https:\/\/omanivietnam.com\/index.php\/san-pham\/keyence-iv3-cp50\/\"]}]},{\"@type\":\"ImageObject\",\"inLanguage\":\"vi\",\"@id\":\"https:\/\/omanivietnam.com\/index.php\/san-pham\/keyence-iv3-cp50\/#primaryimage\",\"url\":\"https:\/\/omanivietnam.com\/wp-content\/uploads\/2024\/06\/IV3-CP50.png\",\"contentUrl\":\"https:\/\/omanivietnam.com\/wp-content\/uploads\/2024\/06\/IV3-CP50.png\",\"width\":624,\"height\":490},{\"@type\":\"BreadcrumbList\",\"@id\":\"https:\/\/omanivietnam.com\/index.php\/san-pham\/keyence-iv3-cp50\/#breadcrumb\",\"itemListElement\":[{\"@type\":\"ListItem\",\"position\":1,\"name\":\"Home\",\"item\":\"https:\/\/omanivietnam.com\/\"},{\"@type\":\"ListItem\",\"position\":2,\"name\":\"S\u1ea2N PH\u1ea8M\",\"item\":\"https:\/\/omanivietnam.com\/index.php\/cua-hang\/\"},{\"@type\":\"ListItem\",\"position\":3,\"name\":\"KEYENCE IV3-CP50\"}]},{\"@type\":\"WebSite\",\"@id\":\"https:\/\/omanivietnam.com\/#website\",\"url\":\"https:\/\/omanivietnam.com\/\",\"name\":\"OMANI VI\u1ec6T NAM\",\"description\":\"Nh\u00e0 ph\u00e2n ph\u1ed1i thi\u1ebft b\u1ecb kh\u00ed n\u00e9n v\u00e0 thi\u1ebft b\u1ecb t\u1ef1 \u0111\u1ed9ng h\u00f3a trong c\u00f4ng nghi\u1ec7p\",\"publisher\":{\"@id\":\"https:\/\/omanivietnam.com\/#\/schema\/person\/0ad398a980dc3fd696111c2c5c8fa897\"},\"potentialAction\":[{\"@type\":\"SearchAction\",\"target\":{\"@type\":\"EntryPoint\",\"urlTemplate\":\"https:\/\/omanivietnam.com\/?s={search_term_string}\"},\"query-input\":\"required name=search_term_string\"}],\"inLanguage\":\"vi\"},{\"@type\":[\"Person\",\"Organization\"],\"@id\":\"https:\/\/omanivietnam.com\/#\/schema\/person\/0ad398a980dc3fd696111c2c5c8fa897\",\"name\":\"Nguy\u1ec5n V\u0103n Kh\u00e1nh\",\"image\":{\"@type\":\"ImageObject\",\"inLanguage\":\"vi\",\"@id\":\"https:\/\/omanivietnam.com\/#\/schema\/person\/image\/\",\"url\":\"https:\/\/omanivietnam.com\/wp-content\/uploads\/2024\/06\/logo-1024x1024.png\",\"contentUrl\":\"https:\/\/omanivietnam.com\/wp-content\/uploads\/2024\/06\/logo-1024x1024.png\",\"width\":1024,\"height\":1024,\"caption\":\"Nguy\u1ec5n V\u0103n Kh\u00e1nh\"},\"logo\":{\"@id\":\"https:\/\/omanivietnam.com\/#\/schema\/person\/image\/\"},\"sameAs\":[\"https:\/\/omanivietnam.com\"]}]}<\/script>\n<!-- \/ Yoast SEO plugin. -->","yoast_head_json":{"title":"KEYENCE IV3-CP50 - OMANI VI\u1ec6T NAM","description":"C\u1ea3m bi\u1ebfn h\u00ecnh \u1ea3nh v\u1edbi AI t\u00edch h\u1ee3p IV3-CP50 - Control panel","robots":{"index":"index","follow":"follow","max-snippet":"max-snippet:-1","max-image-preview":"max-image-preview:large","max-video-preview":"max-video-preview:-1"},"canonical":"https:\/\/omanivietnam.com\/index.php\/san-pham\/keyence-iv3-cp50\/","og_locale":"vi_VN","og_type":"article","og_title":"KEYENCE IV3-CP50 - OMANI VI\u1ec6T NAM","og_description":"C\u1ea3m bi\u1ebfn h\u00ecnh \u1ea3nh v\u1edbi AI t\u00edch h\u1ee3p IV3-CP50 - Control panel","og_url":"https:\/\/omanivietnam.com\/index.php\/san-pham\/keyence-iv3-cp50\/","og_site_name":"OMANI VI\u1ec6T NAM","article_modified_time":"2024-08-16T15:19:24+00:00","og_image":[{"width":624,"height":490,"url":"https:\/\/omanivietnam.com\/wp-content\/uploads\/2024\/06\/IV3-CP50.png","type":"image\/png"}],"twitter_card":"summary_large_image","twitter_misc":{"\u01af\u1edbc t\u00ednh th\u1eddi gian \u0111\u1ecdc":"3 ph\u00fat"},"schema":{"@context":"https:\/\/schema.org","@graph":[{"@type":"WebPage","@id":"https:\/\/omanivietnam.com\/index.php\/san-pham\/keyence-iv3-cp50\/","url":"https:\/\/omanivietnam.com\/index.php\/san-pham\/keyence-iv3-cp50\/","name":"KEYENCE IV3-CP50 - OMANI VI\u1ec6T NAM","isPartOf":{"@id":"https:\/\/omanivietnam.com\/#website"},"primaryImageOfPage":{"@id":"https:\/\/omanivietnam.com\/index.php\/san-pham\/keyence-iv3-cp50\/#primaryimage"},"image":{"@id":"https:\/\/omanivietnam.com\/index.php\/san-pham\/keyence-iv3-cp50\/#primaryimage"},"thumbnailUrl":"https:\/\/omanivietnam.com\/wp-content\/uploads\/2024\/06\/IV3-CP50.png","datePublished":"2024-06-27T14:43:13+00:00","dateModified":"2024-08-16T15:19:24+00:00","description":"C\u1ea3m bi\u1ebfn h\u00ecnh \u1ea3nh v\u1edbi AI t\u00edch h\u1ee3p IV3-CP50 - Control panel","breadcrumb":{"@id":"https:\/\/omanivietnam.com\/index.php\/san-pham\/keyence-iv3-cp50\/#breadcrumb"},"inLanguage":"vi","potentialAction":[{"@type":"ReadAction","target":["https:\/\/omanivietnam.com\/index.php\/san-pham\/keyence-iv3-cp50\/"]}]},{"@type":"ImageObject","inLanguage":"vi","@id":"https:\/\/omanivietnam.com\/index.php\/san-pham\/keyence-iv3-cp50\/#primaryimage","url":"https:\/\/omanivietnam.com\/wp-content\/uploads\/2024\/06\/IV3-CP50.png","contentUrl":"https:\/\/omanivietnam.com\/wp-content\/uploads\/2024\/06\/IV3-CP50.png","width":624,"height":490},{"@type":"BreadcrumbList","@id":"https:\/\/omanivietnam.com\/index.php\/san-pham\/keyence-iv3-cp50\/#breadcrumb","itemListElement":[{"@type":"ListItem","position":1,"name":"Home","item":"https:\/\/omanivietnam.com\/"},{"@type":"ListItem","position":2,"name":"S\u1ea2N PH\u1ea8M","item":"https:\/\/omanivietnam.com\/index.php\/cua-hang\/"},{"@type":"ListItem","position":3,"name":"KEYENCE IV3-CP50"}]},{"@type":"WebSite","@id":"https:\/\/omanivietnam.com\/#website","url":"https:\/\/omanivietnam.com\/","name":"OMANI VI\u1ec6T NAM","description":"Nh\u00e0 ph\u00e2n ph\u1ed1i thi\u1ebft b\u1ecb kh\u00ed n\u00e9n v\u00e0 thi\u1ebft b\u1ecb t\u1ef1 \u0111\u1ed9ng h\u00f3a trong c\u00f4ng nghi\u1ec7p","publisher":{"@id":"https:\/\/omanivietnam.com\/#\/schema\/person\/0ad398a980dc3fd696111c2c5c8fa897"},"potentialAction":[{"@type":"SearchAction","target":{"@type":"EntryPoint","urlTemplate":"https:\/\/omanivietnam.com\/?s={search_term_string}"},"query-input":"required name=search_term_string"}],"inLanguage":"vi"},{"@type":["Person","Organization"],"@id":"https:\/\/omanivietnam.com\/#\/schema\/person\/0ad398a980dc3fd696111c2c5c8fa897","name":"Nguy\u1ec5n V\u0103n Kh\u00e1nh","image":{"@type":"ImageObject","inLanguage":"vi","@id":"https:\/\/omanivietnam.com\/#\/schema\/person\/image\/","url":"https:\/\/omanivietnam.com\/wp-content\/uploads\/2024\/06\/logo-1024x1024.png","contentUrl":"https:\/\/omanivietnam.com\/wp-content\/uploads\/2024\/06\/logo-1024x1024.png","width":1024,"height":1024,"caption":"Nguy\u1ec5n V\u0103n Kh\u00e1nh"},"logo":{"@id":"https:\/\/omanivietnam.com\/#\/schema\/person\/image\/"},"sameAs":["https:\/\/omanivietnam.com"]}]}},"_links":{"self":[{"href":"https:\/\/omanivietnam.com\/index.php\/wp-json\/wp\/v2\/product\/880","targetHints":{"allow":["GET"]}}],"collection":[{"href":"https:\/\/omanivietnam.com\/index.php\/wp-json\/wp\/v2\/product"}],"about":[{"href":"https:\/\/omanivietnam.com\/index.php\/wp-json\/wp\/v2\/types\/product"}],"replies":[{"embeddable":true,"href":"https:\/\/omanivietnam.com\/index.php\/wp-json\/wp\/v2\/comments?post=880"}],"wp:featuredmedia":[{"embeddable":true,"href":"https:\/\/omanivietnam.com\/index.php\/wp-json\/wp\/v2\/media\/881"}],"wp:attachment":[{"href":"https:\/\/omanivietnam.com\/index.php\/wp-json\/wp\/v2\/media?parent=880"}],"wp:term":[{"taxonomy":"product_cat","embeddable":true,"href":"https:\/\/omanivietnam.com\/index.php\/wp-json\/wp\/v2\/product_cat?post=880"},{"taxonomy":"product_tag","embeddable":true,"href":"https:\/\/omanivietnam.com\/index.php\/wp-json\/wp\/v2\/product_tag?post=880"}],"curies":[{"name":"wp","href":"https:\/\/api.w.org\/{rel}","templated":true}]}}