{"id":899,"date":"2024-06-28T15:16:30","date_gmt":"2024-06-28T08:16:30","guid":{"rendered":"https:\/\/omanivietnam.com\/?post_type=product&#038;p=899"},"modified":"2024-08-16T22:27:04","modified_gmt":"2024-08-16T15:27:04","slug":"oriental-azd-cd","status":"publish","type":"product","link":"https:\/\/omanivietnam.com\/index.php\/san-pham\/oriental-azd-cd\/","title":{"rendered":"ORIENTAL AZD-CD"},"content":{"rendered":"<p>ORIENTAL AZD-CD<\/p>\n<p class=\"LC20lb MBeuO DKV0Md\">AZM98AC-PS10+AZD-CD+CC005VZF<\/p>\n<p>AZD-CD, AZ Series Driver with Built-in Controller (Stored Data) (Single-Phase 200-240\/Three-Phase 200-240 VAC)<\/p>\n<p>\u03b1STEP AZ Series Closed Loop Driver with Built-in Controller (Stored Data). The built-in controller (stored data) allows for easy networking and simplified multi-axis control.<\/p>\n<ul>\n<li>Controller connection options: 1: I\/O, 2: Modbus (RTU\/RS-485) or 3: FA Network (network converter)<\/li>\n<\/ul>\n<table class=\"plp-table\">\n<tbody>\n<tr>\n<td class=\"plp-table-name left\" data-url=\"#\"><strong>Lead Time<sup>1<\/sup><\/strong><\/td>\n<td class=\"plp-table-value\"><span class=\"plp-spec-value ng-isolate-scope\" data-iid=\"108683\" data-aid=\"1715\" data-mid=\"0\" data-dc=\"Contact\" data-typ=\"D\" data-did=\"439933\" data-val=\"Up to 10 pcs as of 6:30am EST Estimated Ship: 07\/02\/2024\">Up to 10 pcs as of 6:30am EST Estimated Ship: 07\/02\/2024<\/span><\/td>\n<\/tr>\n<tr>\n<td class=\"plp-table-name left plp-oddrow\" data-url=\"#\"><strong>Product Line<\/strong><\/td>\n<td class=\"plp-table-value plp-oddrow\"><span class=\"plp-spec-value\"><span data-measure=\"general\">Oriental Motor\u00ae<\/span><\/span><\/td>\n<\/tr>\n<tr>\n<td class=\"plp-table-name left\" data-url=\"#\"><strong>Driver Type<\/strong><\/td>\n<td class=\"plp-table-value\"><span class=\"plp-spec-value\"><span data-measure=\"general\">Closed Loop, Absolute, Built-in Controller (Stored Data)<\/span><\/span><\/td>\n<\/tr>\n<tr>\n<td class=\"plp-table-name left plp-oddrow\" data-url=\"#\"><strong>Power Supply<\/strong><\/td>\n<td class=\"plp-table-value plp-oddrow\"><span class=\"plp-spec-value\"><span data-measure=\"general\">Single-Phase\/Three-Phase 200-240 VAC<\/span><\/span><\/td>\n<\/tr>\n<tr>\n<td class=\"plp-table-name left\" data-url=\"#\"><strong>RoHS Compliant<\/strong><\/p>\n<div class=\"ui-state-default ui-corner-all ui-iconbutton\" style=\"border: 1px solid #c5c5c5;background: #d1d1d1;font-weight: normal;color: #000000;border-radius: 0px;width: 17px;float: left;margin: 5px\" title=\"&lt;ul&gt; &lt;li&gt;&lt;strong&gt;RoHS (EU member states) &lt;\/strong&gt;&lt;br&gt; RoHS, the European Union Directive 2002\/95\/EC, on the restriction of the use of certain hazardous substances in electrical and electronic equipment will apply to any equipment for use or import into an EU member state beginning July 2006. The restricted substances include; Lead (Pb), Mercury (Hg), Hexavalent Chromium Cr (VI), Polybrominated biphenyls \u2013 PBB, Polybrominated diphenyl ethers - PBDE and Cadmium (Cd). Electrical and electronic equipment must conform to &quot;a maximum concentration value of 0.1% by weight in homogeneous materials for lead, mercury, hexavalent chromium, polybrominated biphenals (PBB) and polybrominated diphenyl ethers (PBDE) and 0.01% by weight in homogeneous materials for cadmium&quot;.&lt;\/li&gt;&lt;\/ul&gt;\"><\/div>\n<\/td>\n<td class=\"plp-table-value\"><span class=\"plp-spec-value\"><span data-measure=\"general\">These products do not contain substances that exceed the regulation values in the RoHS Directive.<\/span><\/span><\/td>\n<\/tr>\n<tr>\n<td class=\"plp-table-name left plp-oddrow\" data-url=\"#\"><strong>Safety Standards<\/strong><\/p>\n<div class=\"ui-state-default ui-corner-all ui-iconbutton\" style=\"border: 1px solid #c5c5c5;background: #d1d1d1;font-weight: normal;color: #000000;border-radius: 0px;width: 17px;float: left;margin: 5px\" title=\"Global Safety Standards and Markings: &lt;a href=&quot;http:\/\/www.orientalmotor.com\/products\/pdfs\/2009-2010\/G\/usa_info_approved.pdf&quot; target=&quot;_blank&quot;&gt;Click Here for a List of Safety Standard Approved Products&lt;\/a&gt; &lt;ul&gt; &lt;li&gt;&lt;strong&gt;UL Standards (United States)&lt;\/strong&gt; &lt;br&gt; UL, or Underwriters Laboratories Inc. Standards are used for common items such as electronic equipment, motor-powered devices and electronic parts. The most important aspect to the UL standards for a manufacturer is that legal provisions in many American states require such products must have passed the relevant UL safety tests and be listed in the UL Directory before being offered for sale. &lt;br&gt; Also, UL has been accredited as a verification agency by the Standards Council of Canada (SCC) and is recognized by all Canadian provinces. Products that are recognized as conforming with Canadian safety standards can display the c-UL mark, and their sales and use is permitted in Canada.&lt;\/li&gt; &lt;li&gt;&lt;strong&gt;CSA Standards (Canada)&lt;\/strong&gt; &lt;br&gt; CSA stands for &quot;Canadian Standards Association&quot;. To protect human life and property from fire hazard and accidents, provincial laws in Canada forbid the sale and use of any electrical machinery, electrical parts, and so on, unless its safety has been confirmed by CSA. For this purpose, CSA has established standards detailing mandatory tests and requirements to ascertain component safety. &lt;br&gt; Also, the CSA has been accredited by the U.S. Occupational Safety and Health Administration (OSHA) as a national research and testing lab (NRTL). Products that are recognized as conforming with American safety standards may display the CSA mark with the NRTL added, and their sale and use is permitted in the U.S.&lt;\/li&gt; &lt;li&gt;&lt;strong&gt;EN Standards (EU member states)&lt;\/strong&gt; &lt;br&gt; The European Union continues to coordinate the industrial and safety standards of individual member states under the aegis of the Council of European Standardization (CEN) and the Council of European Electrical Standardization (CENELEC). The unified standards for all of Europe are called the Harmonized Standards. The numbers for Harmonized Standards all begin with an &quot;EN&quot;. EN standards apply to the design and manufacture of products exported to the EU area. (IEC and VDE standards apply when an EN standard has not yet been enacted.) &lt;br&gt; Certification is given by private inspection organization such as VDE, DEMKO, T\u00dcV Rheinland. Qualifying products may display the various safety marks.&lt;\/li&gt; &lt;li&gt;&lt;strong&gt;China Cumpulsory Certification Mark (CCC)&lt;\/strong&gt;&lt;br&gt;Chinese requirements for safety and quality certification are not new. Since 1989, China has had a safety licensing system, which included the CCIB Safety Mark, required for products in 47 product categories, and the CCEE &quot;Great Wall&quot; Mark, for electrical commodities in seven product categories. As the certification system grew through the 1990s, many companies exporting to China raised concerns about the dual certification systems, redundant testing, and differential treatment of domestic products and imported products.&lt;br&gt;The CCC Mark is administered by the Chinese government agency Certification and Accreditation Administration (CNCA). The China Quality Certification Center (CQC) is designated by CNCA to process CCC mark applications. &lt;\/li&gt; &lt;li&gt;&lt;strong&gt;CE Marking (EU member states)&lt;br&gt; &lt;\/strong&gt;To distribute equipment within the European Union, the CE marking is mandatory certifying that the equipment complies with EC Directives (safety).&lt;\/li&gt; &lt;li&gt;&lt;strong&gt;JET (Japan)&lt;\/strong&gt;&lt;br&gt; Japanese Safety Standards for Electrical Equipment Certified by Japan Electrical Safety &amp; Environment Technology Laboratories.&lt;\/li&gt; &lt;\/ul&gt;\"><\/div>\n<\/td>\n<td class=\"plp-table-value plp-oddrow\"><span class=\"plp-spec-value\"><span data-measure=\"general\">UL<\/span><span data-measure=\"general\">CSA<\/span><span data-measure=\"general\">CE<\/span><\/span><\/td>\n<\/tr>\n<\/tbody>\n<\/table>\n<p>&nbsp;<\/p>\n<p>\u0110\u1ea1i l\u00fd ORIENTAL vietnam, ORIENTAL viet nam, ORIENTAL vietnam distributor, Ph\u00e2n ph\u1ed1i ORIENTAL t\u1ea1i vi\u1ec7t nam<\/p>\n<p>\u0110\u1ea1i l\u00fd ORIENTAL vietnam, ORIENTAL viet nam, ORIENTAL vietnam distributor, Ph\u00e2n ph\u1ed1i ORIENTAL t\u1ea1i vi\u1ec7t nam<\/p>\n<p>\u0110\u1ea1i l\u00fd ORIENTAL vietnam, ORIENTAL viet nam, ORIENTAL vietnam distributor, Ph\u00e2n ph\u1ed1i ORIENTAL t\u1ea1i vi\u1ec7t nam<\/p>\n<p>\u0110\u1ea1i l\u00fd ORIENTAL vietnam, ORIENTAL viet nam, ORIENTAL vietnam distributor, Ph\u00e2n ph\u1ed1i ORIENTAL t\u1ea1i vi\u1ec7t nam<\/p>\n<p>\u0110\u1ea1i l\u00fd ORIENTAL vietnam, ORIENTAL viet nam, ORIENTAL vietnam distributor, Ph\u00e2n ph\u1ed1i ORIENTAL t\u1ea1i vi\u1ec7t nam<\/p>\n<p>&nbsp;<\/p>\n<p>&nbsp;<\/p>\n","protected":false},"excerpt":{"rendered":"<p>ORIENTAL AZD-CD AZM98AC-PS10+AZD-CD+CC005VZF AZD-CD, AZ Series Driver with Built-in Controller (Stored Data) (Single-Phase 200-240\/Three-Phase 200-240 VAC) \u03b1STEP AZ Series Closed Loop Driver with Built-in Controller (Stored Data). The built-in controller (stored data) allows for easy networking and simplified multi-axis control. Controller connection options: 1: I\/O, 2: Modbus (RTU\/RS-485) or 3:&hellip; <\/p>\n","protected":false},"featured_media":900,"comment_status":"open","ping_status":"closed","template":"","meta":[],"product_cat":[376],"product_tag":[167,119,118],"class_list":{"0":"post-899","1":"product","2":"type-product","3":"status-publish","4":"has-post-thumbnail","6":"product_cat-oriental","7":"product_tag-bo-dieu-khien","8":"product_tag-dai-ly-oriental-viet-nam","9":"product_tag-oriental-viet-nam","11":"first","12":"instock","13":"shipping-taxable","14":"product-type-simple"},"yoast_head":"<!-- This site is optimized with the Yoast SEO plugin v22.8 - https:\/\/yoast.com\/wordpress\/plugins\/seo\/ -->\n<title>ORIENTAL AZD-CD - OMANI VI\u1ec6T NAM<\/title>\n<meta name=\"description\" content=\"AZD-CD AZ Series Driver with Built-in Controller\" \/>\n<meta name=\"robots\" content=\"index, follow, max-snippet:-1, max-image-preview:large, max-video-preview:-1\" \/>\n<link rel=\"canonical\" href=\"https:\/\/omanivietnam.com\/index.php\/san-pham\/oriental-azd-cd\/\" \/>\n<meta property=\"og:locale\" content=\"vi_VN\" \/>\n<meta property=\"og:type\" content=\"article\" \/>\n<meta property=\"og:title\" content=\"ORIENTAL AZD-CD - OMANI VI\u1ec6T NAM\" \/>\n<meta property=\"og:description\" content=\"AZD-CD AZ Series Driver with Built-in Controller\" \/>\n<meta property=\"og:url\" content=\"https:\/\/omanivietnam.com\/index.php\/san-pham\/oriental-azd-cd\/\" \/>\n<meta property=\"og:site_name\" content=\"OMANI VI\u1ec6T NAM\" \/>\n<meta property=\"article:modified_time\" content=\"2024-08-16T15:27:04+00:00\" \/>\n<meta property=\"og:image\" content=\"https:\/\/omanivietnam.com\/wp-content\/uploads\/2024\/06\/ORIENTAL-AZD-CD.png\" \/>\n\t<meta property=\"og:image:width\" content=\"524\" \/>\n\t<meta property=\"og:image:height\" content=\"389\" \/>\n\t<meta property=\"og:image:type\" content=\"image\/png\" \/>\n<meta name=\"twitter:card\" content=\"summary_large_image\" \/>\n<meta name=\"twitter:label1\" content=\"\u01af\u1edbc t\u00ednh th\u1eddi gian \u0111\u1ecdc\" \/>\n\t<meta name=\"twitter:data1\" content=\"5 ph\u00fat\" \/>\n<script type=\"application\/ld+json\" class=\"yoast-schema-graph\">{\"@context\":\"https:\/\/schema.org\",\"@graph\":[{\"@type\":\"WebPage\",\"@id\":\"https:\/\/omanivietnam.com\/index.php\/san-pham\/oriental-azd-cd\/\",\"url\":\"https:\/\/omanivietnam.com\/index.php\/san-pham\/oriental-azd-cd\/\",\"name\":\"ORIENTAL AZD-CD - OMANI VI\u1ec6T NAM\",\"isPartOf\":{\"@id\":\"https:\/\/omanivietnam.com\/#website\"},\"primaryImageOfPage\":{\"@id\":\"https:\/\/omanivietnam.com\/index.php\/san-pham\/oriental-azd-cd\/#primaryimage\"},\"image\":{\"@id\":\"https:\/\/omanivietnam.com\/index.php\/san-pham\/oriental-azd-cd\/#primaryimage\"},\"thumbnailUrl\":\"https:\/\/omanivietnam.com\/wp-content\/uploads\/2024\/06\/ORIENTAL-AZD-CD.png\",\"datePublished\":\"2024-06-28T08:16:30+00:00\",\"dateModified\":\"2024-08-16T15:27:04+00:00\",\"description\":\"AZD-CD AZ Series Driver with Built-in Controller\",\"breadcrumb\":{\"@id\":\"https:\/\/omanivietnam.com\/index.php\/san-pham\/oriental-azd-cd\/#breadcrumb\"},\"inLanguage\":\"vi\",\"potentialAction\":[{\"@type\":\"ReadAction\",\"target\":[\"https:\/\/omanivietnam.com\/index.php\/san-pham\/oriental-azd-cd\/\"]}]},{\"@type\":\"ImageObject\",\"inLanguage\":\"vi\",\"@id\":\"https:\/\/omanivietnam.com\/index.php\/san-pham\/oriental-azd-cd\/#primaryimage\",\"url\":\"https:\/\/omanivietnam.com\/wp-content\/uploads\/2024\/06\/ORIENTAL-AZD-CD.png\",\"contentUrl\":\"https:\/\/omanivietnam.com\/wp-content\/uploads\/2024\/06\/ORIENTAL-AZD-CD.png\",\"width\":524,\"height\":389},{\"@type\":\"BreadcrumbList\",\"@id\":\"https:\/\/omanivietnam.com\/index.php\/san-pham\/oriental-azd-cd\/#breadcrumb\",\"itemListElement\":[{\"@type\":\"ListItem\",\"position\":1,\"name\":\"Home\",\"item\":\"https:\/\/omanivietnam.com\/\"},{\"@type\":\"ListItem\",\"position\":2,\"name\":\"S\u1ea2N PH\u1ea8M\",\"item\":\"https:\/\/omanivietnam.com\/index.php\/cua-hang\/\"},{\"@type\":\"ListItem\",\"position\":3,\"name\":\"ORIENTAL AZD-CD\"}]},{\"@type\":\"WebSite\",\"@id\":\"https:\/\/omanivietnam.com\/#website\",\"url\":\"https:\/\/omanivietnam.com\/\",\"name\":\"OMANI VI\u1ec6T NAM\",\"description\":\"Nh\u00e0 ph\u00e2n ph\u1ed1i thi\u1ebft b\u1ecb kh\u00ed n\u00e9n v\u00e0 thi\u1ebft b\u1ecb t\u1ef1 \u0111\u1ed9ng h\u00f3a trong c\u00f4ng nghi\u1ec7p\",\"publisher\":{\"@id\":\"https:\/\/omanivietnam.com\/#\/schema\/person\/0ad398a980dc3fd696111c2c5c8fa897\"},\"potentialAction\":[{\"@type\":\"SearchAction\",\"target\":{\"@type\":\"EntryPoint\",\"urlTemplate\":\"https:\/\/omanivietnam.com\/?s={search_term_string}\"},\"query-input\":\"required name=search_term_string\"}],\"inLanguage\":\"vi\"},{\"@type\":[\"Person\",\"Organization\"],\"@id\":\"https:\/\/omanivietnam.com\/#\/schema\/person\/0ad398a980dc3fd696111c2c5c8fa897\",\"name\":\"Nguy\u1ec5n V\u0103n Kh\u00e1nh\",\"image\":{\"@type\":\"ImageObject\",\"inLanguage\":\"vi\",\"@id\":\"https:\/\/omanivietnam.com\/#\/schema\/person\/image\/\",\"url\":\"https:\/\/omanivietnam.com\/wp-content\/uploads\/2024\/06\/logo-1024x1024.png\",\"contentUrl\":\"https:\/\/omanivietnam.com\/wp-content\/uploads\/2024\/06\/logo-1024x1024.png\",\"width\":1024,\"height\":1024,\"caption\":\"Nguy\u1ec5n V\u0103n Kh\u00e1nh\"},\"logo\":{\"@id\":\"https:\/\/omanivietnam.com\/#\/schema\/person\/image\/\"},\"sameAs\":[\"https:\/\/omanivietnam.com\"]}]}<\/script>\n<!-- \/ Yoast SEO plugin. -->","yoast_head_json":{"title":"ORIENTAL AZD-CD - OMANI VI\u1ec6T NAM","description":"AZD-CD AZ Series Driver with Built-in Controller","robots":{"index":"index","follow":"follow","max-snippet":"max-snippet:-1","max-image-preview":"max-image-preview:large","max-video-preview":"max-video-preview:-1"},"canonical":"https:\/\/omanivietnam.com\/index.php\/san-pham\/oriental-azd-cd\/","og_locale":"vi_VN","og_type":"article","og_title":"ORIENTAL AZD-CD - OMANI VI\u1ec6T NAM","og_description":"AZD-CD AZ Series Driver with Built-in Controller","og_url":"https:\/\/omanivietnam.com\/index.php\/san-pham\/oriental-azd-cd\/","og_site_name":"OMANI VI\u1ec6T NAM","article_modified_time":"2024-08-16T15:27:04+00:00","og_image":[{"width":524,"height":389,"url":"https:\/\/omanivietnam.com\/wp-content\/uploads\/2024\/06\/ORIENTAL-AZD-CD.png","type":"image\/png"}],"twitter_card":"summary_large_image","twitter_misc":{"\u01af\u1edbc t\u00ednh th\u1eddi gian \u0111\u1ecdc":"5 ph\u00fat"},"schema":{"@context":"https:\/\/schema.org","@graph":[{"@type":"WebPage","@id":"https:\/\/omanivietnam.com\/index.php\/san-pham\/oriental-azd-cd\/","url":"https:\/\/omanivietnam.com\/index.php\/san-pham\/oriental-azd-cd\/","name":"ORIENTAL AZD-CD - OMANI VI\u1ec6T NAM","isPartOf":{"@id":"https:\/\/omanivietnam.com\/#website"},"primaryImageOfPage":{"@id":"https:\/\/omanivietnam.com\/index.php\/san-pham\/oriental-azd-cd\/#primaryimage"},"image":{"@id":"https:\/\/omanivietnam.com\/index.php\/san-pham\/oriental-azd-cd\/#primaryimage"},"thumbnailUrl":"https:\/\/omanivietnam.com\/wp-content\/uploads\/2024\/06\/ORIENTAL-AZD-CD.png","datePublished":"2024-06-28T08:16:30+00:00","dateModified":"2024-08-16T15:27:04+00:00","description":"AZD-CD AZ Series Driver with Built-in Controller","breadcrumb":{"@id":"https:\/\/omanivietnam.com\/index.php\/san-pham\/oriental-azd-cd\/#breadcrumb"},"inLanguage":"vi","potentialAction":[{"@type":"ReadAction","target":["https:\/\/omanivietnam.com\/index.php\/san-pham\/oriental-azd-cd\/"]}]},{"@type":"ImageObject","inLanguage":"vi","@id":"https:\/\/omanivietnam.com\/index.php\/san-pham\/oriental-azd-cd\/#primaryimage","url":"https:\/\/omanivietnam.com\/wp-content\/uploads\/2024\/06\/ORIENTAL-AZD-CD.png","contentUrl":"https:\/\/omanivietnam.com\/wp-content\/uploads\/2024\/06\/ORIENTAL-AZD-CD.png","width":524,"height":389},{"@type":"BreadcrumbList","@id":"https:\/\/omanivietnam.com\/index.php\/san-pham\/oriental-azd-cd\/#breadcrumb","itemListElement":[{"@type":"ListItem","position":1,"name":"Home","item":"https:\/\/omanivietnam.com\/"},{"@type":"ListItem","position":2,"name":"S\u1ea2N PH\u1ea8M","item":"https:\/\/omanivietnam.com\/index.php\/cua-hang\/"},{"@type":"ListItem","position":3,"name":"ORIENTAL AZD-CD"}]},{"@type":"WebSite","@id":"https:\/\/omanivietnam.com\/#website","url":"https:\/\/omanivietnam.com\/","name":"OMANI VI\u1ec6T NAM","description":"Nh\u00e0 ph\u00e2n ph\u1ed1i thi\u1ebft b\u1ecb kh\u00ed n\u00e9n v\u00e0 thi\u1ebft b\u1ecb t\u1ef1 \u0111\u1ed9ng h\u00f3a trong c\u00f4ng nghi\u1ec7p","publisher":{"@id":"https:\/\/omanivietnam.com\/#\/schema\/person\/0ad398a980dc3fd696111c2c5c8fa897"},"potentialAction":[{"@type":"SearchAction","target":{"@type":"EntryPoint","urlTemplate":"https:\/\/omanivietnam.com\/?s={search_term_string}"},"query-input":"required name=search_term_string"}],"inLanguage":"vi"},{"@type":["Person","Organization"],"@id":"https:\/\/omanivietnam.com\/#\/schema\/person\/0ad398a980dc3fd696111c2c5c8fa897","name":"Nguy\u1ec5n V\u0103n Kh\u00e1nh","image":{"@type":"ImageObject","inLanguage":"vi","@id":"https:\/\/omanivietnam.com\/#\/schema\/person\/image\/","url":"https:\/\/omanivietnam.com\/wp-content\/uploads\/2024\/06\/logo-1024x1024.png","contentUrl":"https:\/\/omanivietnam.com\/wp-content\/uploads\/2024\/06\/logo-1024x1024.png","width":1024,"height":1024,"caption":"Nguy\u1ec5n V\u0103n Kh\u00e1nh"},"logo":{"@id":"https:\/\/omanivietnam.com\/#\/schema\/person\/image\/"},"sameAs":["https:\/\/omanivietnam.com"]}]}},"_links":{"self":[{"href":"https:\/\/omanivietnam.com\/index.php\/wp-json\/wp\/v2\/product\/899","targetHints":{"allow":["GET"]}}],"collection":[{"href":"https:\/\/omanivietnam.com\/index.php\/wp-json\/wp\/v2\/product"}],"about":[{"href":"https:\/\/omanivietnam.com\/index.php\/wp-json\/wp\/v2\/types\/product"}],"replies":[{"embeddable":true,"href":"https:\/\/omanivietnam.com\/index.php\/wp-json\/wp\/v2\/comments?post=899"}],"wp:featuredmedia":[{"embeddable":true,"href":"https:\/\/omanivietnam.com\/index.php\/wp-json\/wp\/v2\/media\/900"}],"wp:attachment":[{"href":"https:\/\/omanivietnam.com\/index.php\/wp-json\/wp\/v2\/media?parent=899"}],"wp:term":[{"taxonomy":"product_cat","embeddable":true,"href":"https:\/\/omanivietnam.com\/index.php\/wp-json\/wp\/v2\/product_cat?post=899"},{"taxonomy":"product_tag","embeddable":true,"href":"https:\/\/omanivietnam.com\/index.php\/wp-json\/wp\/v2\/product_tag?post=899"}],"curies":[{"name":"wp","href":"https:\/\/api.w.org\/{rel}","templated":true}]}}