{"id":901,"date":"2024-06-28T15:23:00","date_gmt":"2024-06-28T08:23:00","guid":{"rendered":"https:\/\/omanivietnam.com\/?post_type=product&#038;p=901"},"modified":"2024-08-16T22:28:20","modified_gmt":"2024-08-16T15:28:20","slug":"oriental-netc01-cc","status":"publish","type":"product","link":"https:\/\/omanivietnam.com\/index.php\/san-pham\/oriental-netc01-cc\/","title":{"rendered":"ORIENTAL NETC01-CC"},"content":{"rendered":"<p>ORIENTAL NETC01-CC<\/p>\n<p>NETC01-CC, Network Gateway (CC-Link Compatible)<\/p>\n<p>Network gateways are a device that converts from the host communication protocol to Oriental Motor\u2019s own RS-485 communication protocol. By using this network gateway, our RS-485 compatible products can be controlled under host communication environment.<\/p>\n<ul>\n<li>Includes: Communication Cable, Power Supply Connector<\/li>\n<\/ul>\n<table class=\"plp-table\">\n<tbody>\n<tr>\n<td class=\"plp-table-name left\" data-url=\"#\"><strong>Available to Ship<sup>1<\/sup><\/strong><\/td>\n<td class=\"plp-table-value\"><span class=\"plp-spec-value ng-isolate-scope\" style=\"float: left;padding-right: 12px\" data-iid=\"62785\" data-aid=\"1715\" data-mid=\"0\" data-dc=\"Contact\" data-typ=\"D\" data-did=\"439933\" data-val=\"Contact your local sales office.&lt;br&gt;This Item cannot be cancelled or returned.\">Contact your local sales office.<br class=\"ng-scope\" \/>This Item cannot be cancelled or returned.<\/span><\/td>\n<\/tr>\n<tr>\n<td class=\"plp-table-name left plp-oddrow\" data-url=\"#\"><strong>Return Policy<\/strong><\/td>\n<td class=\"plp-table-value plp-oddrow\"><span class=\"plp-spec-value\"><span data-measure=\"general\">This product cannot be cancelled or returned once the order has been processed.<\/span><\/span><\/td>\n<\/tr>\n<tr>\n<td class=\"plp-table-name left\" data-url=\"#\"><strong>Network<\/strong><\/td>\n<td class=\"plp-table-value\"><span class=\"plp-spec-value\"><span data-measure=\"general\">CC-Link<\/span><\/span><\/td>\n<\/tr>\n<tr>\n<td class=\"plp-table-name left plp-oddrow\" data-url=\"#\"><strong>Power Supply<\/strong><\/td>\n<td class=\"plp-table-value plp-oddrow\"><span class=\"plp-spec-value\"><span data-measure=\"general\">24 VDC \u00b110% 0.2A<\/span><\/span><\/td>\n<\/tr>\n<tr>\n<td class=\"plp-table-name left\" data-url=\"#\"><strong>Communication Protocol<\/strong><\/td>\n<td class=\"plp-table-value\"><span class=\"plp-spec-value\"><span data-measure=\"general\">CC-Link Ver. 1.10<\/span><\/span><\/td>\n<\/tr>\n<tr>\n<td class=\"plp-table-name left plp-oddrow\" data-url=\"#\"><strong>Baud Rate<\/strong><\/td>\n<td class=\"plp-table-value plp-oddrow\"><span class=\"plp-spec-value\"><span data-measure=\"general\">156kbps\/625kbps\/2.5Mbps\/5Mbps\/10Mbps<\/span><\/span><\/td>\n<\/tr>\n<tr>\n<td class=\"plp-table-name left\" data-url=\"#\"><strong>Station Type<\/strong><\/td>\n<td class=\"plp-table-value\"><span class=\"plp-spec-value\"><span data-measure=\"general\">Remote device station<\/span><\/span><\/td>\n<\/tr>\n<tr>\n<td class=\"plp-table-name left plp-oddrow\" data-url=\"#\"><strong>Number of Occupied Stations<\/strong><\/td>\n<td class=\"plp-table-value plp-oddrow\"><span class=\"plp-spec-value\"><span data-measure=\"general\">4<\/span><\/span><\/td>\n<\/tr>\n<tr>\n<td class=\"plp-table-name left\" data-url=\"#\"><strong>Max. # of Connectable Units<\/strong><\/td>\n<td class=\"plp-table-value\"><span class=\"plp-spec-value\"><span data-measure=\"general\">Number of units which meet the following requirements:<br \/>\n(1 x a) + (2 x b) + (3 x c) + (4 x d) \u2264 64<\/span><\/span><\/p>\n<ul>\n<li>a: # of units w\/ 1 occupied station<\/li>\n<li>b: # of units w\/ 2 occupied stations<\/li>\n<li>c: # of units w\/ 3 occupied stations<\/li>\n<li>d: # of units with 4 occupied stations<\/li>\n<\/ul>\n<p><span class=\"plp-spec-value\"><span data-measure=\"general\"><br \/>\n(16 x A) + (54 x B) + (88 x C) \u2264 2304<\/span><\/span><\/p>\n<ul>\n<li>A: # of remote I\/O station units (64 max.)<\/li>\n<li>B: # of remote device station units (42 max.)<\/li>\n<li># of local stations (26 max.)<\/li>\n<\/ul>\n<\/td>\n<\/tr>\n<tr>\n<td class=\"plp-table-name left plp-oddrow\" data-url=\"#\"><strong>Insulation Resistance<\/strong><\/td>\n<td class=\"plp-table-value plp-oddrow\"><span class=\"plp-spec-value\"><span data-measure=\"general\">100 M\u03a9 or more when a 500 VDC megger is applied between the following locations: FG Terminal &#8211; Power Supply Terminal<\/span><\/span><\/td>\n<\/tr>\n<tr>\n<td class=\"plp-table-name left\" data-url=\"#\"><strong>Dielectric Strength<\/strong><\/td>\n<td class=\"plp-table-value\"><span class=\"plp-spec-value\"><span data-measure=\"general\">Sufficient to withstand 500 VAC, 50 or 60 Hz applied between the following places for 1 minute: FG Terminal &#8211; Power Supply Terminal<\/span><\/span><\/td>\n<\/tr>\n<tr>\n<td class=\"plp-table-name left plp-oddrow\" data-url=\"#\"><strong>Ambient Temperature<\/strong><\/td>\n<td class=\"plp-table-value plp-oddrow\"><span class=\"plp-spec-value\"><span data-measure=\"general\">0 ~ +40\u00baC (+32 ~ 104\u00baF)(non-freezing)<\/span><\/span><\/td>\n<\/tr>\n<tr>\n<td class=\"plp-table-name left\" data-url=\"#\"><strong>Ambient Humidity<\/strong><\/td>\n<td class=\"plp-table-value\"><span class=\"plp-spec-value\"><span data-measure=\"general\">85% or less (Non-Condensing)<\/span><\/span><\/td>\n<\/tr>\n<tr>\n<td class=\"plp-table-name left plp-oddrow\" data-url=\"#\"><strong>Altitude<\/strong><\/td>\n<td class=\"plp-table-value plp-oddrow\"><span class=\"plp-spec-value\"><span data-measure=\"general\">Up to 1000 m (3300 ft.) above sea level<\/span><\/span><\/td>\n<\/tr>\n<tr>\n<td class=\"plp-table-name left\" data-url=\"#\"><strong>Operating Environment<\/strong><\/td>\n<td class=\"plp-table-value\"><span class=\"plp-spec-value\"><span data-measure=\"general\">No corrosive gases, dust, water or oil.<\/span><\/span><\/td>\n<\/tr>\n<\/tbody>\n<\/table>\n<p>&nbsp;<\/p>\n<p>\u0110\u1ea1i l\u00fd ORIENTAL vietnam, ORIENTAL viet nam, ORIENTAL vietnam distributor, Ph\u00e2n ph\u1ed1i ORIENTAL t\u1ea1i vi\u1ec7t nam<\/p>\n<p>\u0110\u1ea1i l\u00fd ORIENTAL vietnam, ORIENTAL viet nam, ORIENTAL vietnam distributor, Ph\u00e2n ph\u1ed1i ORIENTAL t\u1ea1i vi\u1ec7t nam<\/p>\n<p>\u0110\u1ea1i l\u00fd ORIENTAL vietnam, ORIENTAL viet nam, ORIENTAL vietnam distributor, Ph\u00e2n ph\u1ed1i ORIENTAL t\u1ea1i vi\u1ec7t nam<\/p>\n<p>\u0110\u1ea1i l\u00fd ORIENTAL vietnam, ORIENTAL viet nam, ORIENTAL vietnam distributor, Ph\u00e2n ph\u1ed1i ORIENTAL t\u1ea1i vi\u1ec7t nam<\/p>\n<p>\u0110\u1ea1i l\u00fd ORIENTAL vietnam, ORIENTAL viet nam, ORIENTAL vietnam distributor, Ph\u00e2n ph\u1ed1i ORIENTAL t\u1ea1i vi\u1ec7t nam<\/p>\n","protected":false},"excerpt":{"rendered":"<p>ORIENTAL NETC01-CC NETC01-CC, Network Gateway (CC-Link Compatible) Network gateways are a device that converts from the host communication protocol to Oriental Motor\u2019s own RS-485 communication protocol. By using this network gateway, our RS-485 compatible products can be controlled under host communication environment. Includes: Communication Cable, Power Supply Connector Available to&hellip; <\/p>\n","protected":false},"featured_media":902,"comment_status":"open","ping_status":"closed","template":"","meta":[],"product_cat":[376],"product_tag":[119,159,118],"class_list":{"0":"post-901","1":"product","2":"type-product","3":"status-publish","4":"has-post-thumbnail","6":"product_cat-oriental","7":"product_tag-dai-ly-oriental-viet-nam","8":"product_tag-mo-dun","9":"product_tag-oriental-viet-nam","11":"first","12":"instock","13":"shipping-taxable","14":"product-type-simple"},"yoast_head":"<!-- This site is optimized with the Yoast SEO plugin v22.8 - https:\/\/yoast.com\/wordpress\/plugins\/seo\/ -->\n<title>ORIENTAL NETC01-CC - OMANI VI\u1ec6T NAM<\/title>\n<meta name=\"description\" content=\"NETC01-CC Network Gateway (CC-Link Compatible) Network gateways are a device that converts from the host communication protocol to Oriental Motor&#039;s own RS-485 communication protocol.\" \/>\n<meta name=\"robots\" content=\"index, follow, max-snippet:-1, max-image-preview:large, max-video-preview:-1\" \/>\n<link rel=\"canonical\" href=\"https:\/\/omanivietnam.com\/index.php\/san-pham\/oriental-netc01-cc\/\" \/>\n<meta property=\"og:locale\" content=\"vi_VN\" \/>\n<meta property=\"og:type\" content=\"article\" \/>\n<meta property=\"og:title\" content=\"ORIENTAL NETC01-CC - OMANI VI\u1ec6T NAM\" \/>\n<meta property=\"og:description\" content=\"NETC01-CC Network Gateway (CC-Link Compatible) Network gateways are a device that converts from the host communication protocol to Oriental Motor&#039;s own RS-485 communication protocol.\" \/>\n<meta property=\"og:url\" content=\"https:\/\/omanivietnam.com\/index.php\/san-pham\/oriental-netc01-cc\/\" \/>\n<meta property=\"og:site_name\" content=\"OMANI VI\u1ec6T NAM\" \/>\n<meta property=\"article:modified_time\" content=\"2024-08-16T15:28:20+00:00\" \/>\n<meta property=\"og:image\" content=\"https:\/\/omanivietnam.com\/wp-content\/uploads\/2024\/06\/NETC01-CC.png\" \/>\n\t<meta property=\"og:image:width\" content=\"320\" \/>\n\t<meta property=\"og:image:height\" content=\"431\" \/>\n\t<meta property=\"og:image:type\" content=\"image\/png\" \/>\n<meta name=\"twitter:card\" content=\"summary_large_image\" \/>\n<meta name=\"twitter:label1\" content=\"\u01af\u1edbc t\u00ednh th\u1eddi gian \u0111\u1ecdc\" \/>\n\t<meta name=\"twitter:data1\" content=\"3 ph\u00fat\" \/>\n<script type=\"application\/ld+json\" class=\"yoast-schema-graph\">{\"@context\":\"https:\/\/schema.org\",\"@graph\":[{\"@type\":\"WebPage\",\"@id\":\"https:\/\/omanivietnam.com\/index.php\/san-pham\/oriental-netc01-cc\/\",\"url\":\"https:\/\/omanivietnam.com\/index.php\/san-pham\/oriental-netc01-cc\/\",\"name\":\"ORIENTAL NETC01-CC - OMANI VI\u1ec6T NAM\",\"isPartOf\":{\"@id\":\"https:\/\/omanivietnam.com\/#website\"},\"primaryImageOfPage\":{\"@id\":\"https:\/\/omanivietnam.com\/index.php\/san-pham\/oriental-netc01-cc\/#primaryimage\"},\"image\":{\"@id\":\"https:\/\/omanivietnam.com\/index.php\/san-pham\/oriental-netc01-cc\/#primaryimage\"},\"thumbnailUrl\":\"https:\/\/omanivietnam.com\/wp-content\/uploads\/2024\/06\/NETC01-CC.png\",\"datePublished\":\"2024-06-28T08:23:00+00:00\",\"dateModified\":\"2024-08-16T15:28:20+00:00\",\"description\":\"NETC01-CC Network Gateway (CC-Link Compatible) Network gateways are a device that converts from the host communication protocol to Oriental Motor's own RS-485 communication protocol.\",\"breadcrumb\":{\"@id\":\"https:\/\/omanivietnam.com\/index.php\/san-pham\/oriental-netc01-cc\/#breadcrumb\"},\"inLanguage\":\"vi\",\"potentialAction\":[{\"@type\":\"ReadAction\",\"target\":[\"https:\/\/omanivietnam.com\/index.php\/san-pham\/oriental-netc01-cc\/\"]}]},{\"@type\":\"ImageObject\",\"inLanguage\":\"vi\",\"@id\":\"https:\/\/omanivietnam.com\/index.php\/san-pham\/oriental-netc01-cc\/#primaryimage\",\"url\":\"https:\/\/omanivietnam.com\/wp-content\/uploads\/2024\/06\/NETC01-CC.png\",\"contentUrl\":\"https:\/\/omanivietnam.com\/wp-content\/uploads\/2024\/06\/NETC01-CC.png\",\"width\":320,\"height\":431},{\"@type\":\"BreadcrumbList\",\"@id\":\"https:\/\/omanivietnam.com\/index.php\/san-pham\/oriental-netc01-cc\/#breadcrumb\",\"itemListElement\":[{\"@type\":\"ListItem\",\"position\":1,\"name\":\"Home\",\"item\":\"https:\/\/omanivietnam.com\/\"},{\"@type\":\"ListItem\",\"position\":2,\"name\":\"S\u1ea2N PH\u1ea8M\",\"item\":\"https:\/\/omanivietnam.com\/index.php\/cua-hang\/\"},{\"@type\":\"ListItem\",\"position\":3,\"name\":\"ORIENTAL NETC01-CC\"}]},{\"@type\":\"WebSite\",\"@id\":\"https:\/\/omanivietnam.com\/#website\",\"url\":\"https:\/\/omanivietnam.com\/\",\"name\":\"OMANI VI\u1ec6T NAM\",\"description\":\"Nh\u00e0 ph\u00e2n ph\u1ed1i thi\u1ebft b\u1ecb kh\u00ed n\u00e9n v\u00e0 thi\u1ebft b\u1ecb t\u1ef1 \u0111\u1ed9ng h\u00f3a trong c\u00f4ng nghi\u1ec7p\",\"publisher\":{\"@id\":\"https:\/\/omanivietnam.com\/#\/schema\/person\/0ad398a980dc3fd696111c2c5c8fa897\"},\"potentialAction\":[{\"@type\":\"SearchAction\",\"target\":{\"@type\":\"EntryPoint\",\"urlTemplate\":\"https:\/\/omanivietnam.com\/?s={search_term_string}\"},\"query-input\":\"required name=search_term_string\"}],\"inLanguage\":\"vi\"},{\"@type\":[\"Person\",\"Organization\"],\"@id\":\"https:\/\/omanivietnam.com\/#\/schema\/person\/0ad398a980dc3fd696111c2c5c8fa897\",\"name\":\"Nguy\u1ec5n V\u0103n Kh\u00e1nh\",\"image\":{\"@type\":\"ImageObject\",\"inLanguage\":\"vi\",\"@id\":\"https:\/\/omanivietnam.com\/#\/schema\/person\/image\/\",\"url\":\"https:\/\/omanivietnam.com\/wp-content\/uploads\/2024\/06\/logo-1024x1024.png\",\"contentUrl\":\"https:\/\/omanivietnam.com\/wp-content\/uploads\/2024\/06\/logo-1024x1024.png\",\"width\":1024,\"height\":1024,\"caption\":\"Nguy\u1ec5n V\u0103n Kh\u00e1nh\"},\"logo\":{\"@id\":\"https:\/\/omanivietnam.com\/#\/schema\/person\/image\/\"},\"sameAs\":[\"https:\/\/omanivietnam.com\"]}]}<\/script>\n<!-- \/ Yoast SEO plugin. -->","yoast_head_json":{"title":"ORIENTAL NETC01-CC - OMANI VI\u1ec6T NAM","description":"NETC01-CC Network Gateway (CC-Link Compatible) Network gateways are a device that converts from the host communication protocol to Oriental Motor's own RS-485 communication protocol.","robots":{"index":"index","follow":"follow","max-snippet":"max-snippet:-1","max-image-preview":"max-image-preview:large","max-video-preview":"max-video-preview:-1"},"canonical":"https:\/\/omanivietnam.com\/index.php\/san-pham\/oriental-netc01-cc\/","og_locale":"vi_VN","og_type":"article","og_title":"ORIENTAL NETC01-CC - OMANI VI\u1ec6T NAM","og_description":"NETC01-CC Network Gateway (CC-Link Compatible) Network gateways are a device that converts from the host communication protocol to Oriental Motor's own RS-485 communication protocol.","og_url":"https:\/\/omanivietnam.com\/index.php\/san-pham\/oriental-netc01-cc\/","og_site_name":"OMANI VI\u1ec6T NAM","article_modified_time":"2024-08-16T15:28:20+00:00","og_image":[{"width":320,"height":431,"url":"https:\/\/omanivietnam.com\/wp-content\/uploads\/2024\/06\/NETC01-CC.png","type":"image\/png"}],"twitter_card":"summary_large_image","twitter_misc":{"\u01af\u1edbc t\u00ednh th\u1eddi gian \u0111\u1ecdc":"3 ph\u00fat"},"schema":{"@context":"https:\/\/schema.org","@graph":[{"@type":"WebPage","@id":"https:\/\/omanivietnam.com\/index.php\/san-pham\/oriental-netc01-cc\/","url":"https:\/\/omanivietnam.com\/index.php\/san-pham\/oriental-netc01-cc\/","name":"ORIENTAL NETC01-CC - OMANI VI\u1ec6T NAM","isPartOf":{"@id":"https:\/\/omanivietnam.com\/#website"},"primaryImageOfPage":{"@id":"https:\/\/omanivietnam.com\/index.php\/san-pham\/oriental-netc01-cc\/#primaryimage"},"image":{"@id":"https:\/\/omanivietnam.com\/index.php\/san-pham\/oriental-netc01-cc\/#primaryimage"},"thumbnailUrl":"https:\/\/omanivietnam.com\/wp-content\/uploads\/2024\/06\/NETC01-CC.png","datePublished":"2024-06-28T08:23:00+00:00","dateModified":"2024-08-16T15:28:20+00:00","description":"NETC01-CC Network Gateway (CC-Link Compatible) Network gateways are a device that converts from the host communication protocol to Oriental Motor's own RS-485 communication protocol.","breadcrumb":{"@id":"https:\/\/omanivietnam.com\/index.php\/san-pham\/oriental-netc01-cc\/#breadcrumb"},"inLanguage":"vi","potentialAction":[{"@type":"ReadAction","target":["https:\/\/omanivietnam.com\/index.php\/san-pham\/oriental-netc01-cc\/"]}]},{"@type":"ImageObject","inLanguage":"vi","@id":"https:\/\/omanivietnam.com\/index.php\/san-pham\/oriental-netc01-cc\/#primaryimage","url":"https:\/\/omanivietnam.com\/wp-content\/uploads\/2024\/06\/NETC01-CC.png","contentUrl":"https:\/\/omanivietnam.com\/wp-content\/uploads\/2024\/06\/NETC01-CC.png","width":320,"height":431},{"@type":"BreadcrumbList","@id":"https:\/\/omanivietnam.com\/index.php\/san-pham\/oriental-netc01-cc\/#breadcrumb","itemListElement":[{"@type":"ListItem","position":1,"name":"Home","item":"https:\/\/omanivietnam.com\/"},{"@type":"ListItem","position":2,"name":"S\u1ea2N PH\u1ea8M","item":"https:\/\/omanivietnam.com\/index.php\/cua-hang\/"},{"@type":"ListItem","position":3,"name":"ORIENTAL NETC01-CC"}]},{"@type":"WebSite","@id":"https:\/\/omanivietnam.com\/#website","url":"https:\/\/omanivietnam.com\/","name":"OMANI VI\u1ec6T NAM","description":"Nh\u00e0 ph\u00e2n ph\u1ed1i thi\u1ebft b\u1ecb kh\u00ed n\u00e9n v\u00e0 thi\u1ebft b\u1ecb t\u1ef1 \u0111\u1ed9ng h\u00f3a trong c\u00f4ng nghi\u1ec7p","publisher":{"@id":"https:\/\/omanivietnam.com\/#\/schema\/person\/0ad398a980dc3fd696111c2c5c8fa897"},"potentialAction":[{"@type":"SearchAction","target":{"@type":"EntryPoint","urlTemplate":"https:\/\/omanivietnam.com\/?s={search_term_string}"},"query-input":"required name=search_term_string"}],"inLanguage":"vi"},{"@type":["Person","Organization"],"@id":"https:\/\/omanivietnam.com\/#\/schema\/person\/0ad398a980dc3fd696111c2c5c8fa897","name":"Nguy\u1ec5n V\u0103n Kh\u00e1nh","image":{"@type":"ImageObject","inLanguage":"vi","@id":"https:\/\/omanivietnam.com\/#\/schema\/person\/image\/","url":"https:\/\/omanivietnam.com\/wp-content\/uploads\/2024\/06\/logo-1024x1024.png","contentUrl":"https:\/\/omanivietnam.com\/wp-content\/uploads\/2024\/06\/logo-1024x1024.png","width":1024,"height":1024,"caption":"Nguy\u1ec5n V\u0103n Kh\u00e1nh"},"logo":{"@id":"https:\/\/omanivietnam.com\/#\/schema\/person\/image\/"},"sameAs":["https:\/\/omanivietnam.com"]}]}},"_links":{"self":[{"href":"https:\/\/omanivietnam.com\/index.php\/wp-json\/wp\/v2\/product\/901","targetHints":{"allow":["GET"]}}],"collection":[{"href":"https:\/\/omanivietnam.com\/index.php\/wp-json\/wp\/v2\/product"}],"about":[{"href":"https:\/\/omanivietnam.com\/index.php\/wp-json\/wp\/v2\/types\/product"}],"replies":[{"embeddable":true,"href":"https:\/\/omanivietnam.com\/index.php\/wp-json\/wp\/v2\/comments?post=901"}],"wp:featuredmedia":[{"embeddable":true,"href":"https:\/\/omanivietnam.com\/index.php\/wp-json\/wp\/v2\/media\/902"}],"wp:attachment":[{"href":"https:\/\/omanivietnam.com\/index.php\/wp-json\/wp\/v2\/media?parent=901"}],"wp:term":[{"taxonomy":"product_cat","embeddable":true,"href":"https:\/\/omanivietnam.com\/index.php\/wp-json\/wp\/v2\/product_cat?post=901"},{"taxonomy":"product_tag","embeddable":true,"href":"https:\/\/omanivietnam.com\/index.php\/wp-json\/wp\/v2\/product_tag?post=901"}],"curies":[{"name":"wp","href":"https:\/\/api.w.org\/{rel}","templated":true}]}}