{"id":903,"date":"2024-06-28T16:15:27","date_gmt":"2024-06-28T09:15:27","guid":{"rendered":"https:\/\/omanivietnam.com\/?post_type=product&#038;p=903"},"modified":"2024-07-25T05:05:49","modified_gmt":"2024-07-24T22:05:49","slug":"smc-vfr2310-4d-02","status":"publish","type":"product","link":"https:\/\/omanivietnam.com\/index.php\/san-pham\/smc-vfr2310-4d-02\/","title":{"rendered":"SMC VFR2310-4D-02"},"content":{"rendered":"<p>SMC VFR2310-4D-02<\/p>\n<p class=\"m-h1\">5-Port Solenoid Valve, Pilot Operated, Elastic Material Seal, VFR2000 (VFR2310-4D-02)<\/p>\n<p>A solenoid valve whose main valve structure is an elastic body seal.<br \/>\n[Features]<br \/>\n\u30fb VFR2000 Series<br \/>\n\u30fb Abundant size variations<br \/>\n\u30fb For driving medium and large cylinders<br \/>\n\u30fb Manifold model: VV5FR2, VV5FR3, VV5FR4, VV5FR5<\/p>\n<table class=\"m-listTable\" summary=\"Price, Spec., etc.\">\n<tbody>\n<tr>\n<th>Type<\/th>\n<td>Solenoid Valves<\/td>\n<th>Application<\/th>\n<td>Single Use<\/td>\n<\/tr>\n<tr>\n<th>Number of Ports<\/th>\n<td>5-Port Valve<\/td>\n<th>Mounting Orientation<\/th>\n<td>Direct<\/td>\n<\/tr>\n<tr>\n<th>Specifications<\/th>\n<td>Standard \/ Lubrication Free<\/td>\n<th>Number of Solenoids<\/th>\n<td>Double<\/td>\n<\/tr>\n<tr>\n<th>Switching Type<\/th>\n<td>3-Position Closed Center<\/td>\n<th>Status at Power Off<\/th>\n<td>Self-Recovery (Spring Return)<\/td>\n<\/tr>\n<tr>\n<th>Voltage<\/th>\n<td>AC220V<\/td>\n<th>Pipe Port Type<\/th>\n<td>[Rc (R)] Rc<\/td>\n<\/tr>\n<tr>\n<th>Plumbing Thread Nominal<\/th>\n<td>1\/4<\/td>\n<th>Applicable Cylinder Dia.(\u00d8)<\/th>\n<td>40 to 160<\/td>\n<\/tr>\n<tr class=\"VN_table-row\">\n<th>Plumbing<\/th>\n<td>Sub-Base Plumbing<\/td>\n<th>Driving Type<\/th>\n<td>Pilot Type Spool<\/td>\n<\/tr>\n<tr class=\"VN_table-row\">\n<th>CV Value<\/th>\n<td>0.36<\/td>\n<th>Seal Type<\/th>\n<td>Soft Seal<\/td>\n<\/tr>\n<tr class=\"VN_table-row\">\n<th>Pressure Rating(MPa)<\/th>\n<td>02 to 0.9<\/td>\n<th>Pilot Air Supply<\/th>\n<td>Internal<\/td>\n<\/tr>\n<tr class=\"VN_table-row\">\n<th>Manual Switch<\/th>\n<td>Non-Locking<\/td>\n<th>Lead wire electrical entry<\/th>\n<td>DIN terminal<\/td>\n<\/tr>\n<tr class=\"VN_table-row\">\n<th>Manual<\/th>\n<td>Non-locking, push type<\/td>\n<th>Indicator light \/ Surge voltage suppressor<\/th>\n<td>None<\/td>\n<\/tr>\n<tr class=\"VN_table-row\">\n<th>CE compliant<\/th>\n<td>None<\/td>\n<th>Piping specifications<\/th>\n<td>Side ported<\/td>\n<\/tr>\n<tr class=\"VN_table-row\">\n<th>Related component type<\/th>\n<td>&#8211;<\/td>\n<th>RoHS<\/th>\n<td>&#8211;<\/td>\n<\/tr>\n<\/tbody>\n<\/table>\n<p>&nbsp;<\/p>\n<p>\u0110\u1ea1i l\u00fd SMC vietnam, SMC viet nam, SMC vietnam distributor, Ph\u00e2n ph\u1ed1i SMC t\u1ea1i vi\u1ec7t nam<\/p>\n<p>\u0110\u1ea1i l\u00fd SMC vietnam, SMC viet nam, SMC vietnam distributor, Ph\u00e2n ph\u1ed1i SMC t\u1ea1i vi\u1ec7t nam<\/p>\n<p>\u0110\u1ea1i l\u00fd SMC vietnam, SMC viet nam, SMC vietnam distributor, Ph\u00e2n ph\u1ed1i SMC t\u1ea1i vi\u1ec7t nam<\/p>\n<p>\u0110\u1ea1i l\u00fd SMC vietnam, SMC viet nam, SMC vietnam distributor, Ph\u00e2n ph\u1ed1i SMC t\u1ea1i vi\u1ec7t nam<\/p>\n<p>\u0110\u1ea1i l\u00fd SMC vietnam, SMC viet nam, SMC vietnam distributor, Ph\u00e2n ph\u1ed1i SMC t\u1ea1i vi\u1ec7t nam<\/p>\n","protected":false},"excerpt":{"rendered":"<p>SMC VFR2310-4D-02 5-Port Solenoid Valve, Pilot Operated, Elastic Material Seal, VFR2000 (VFR2310-4D-02) A solenoid valve whose main valve structure is an elastic body seal. [Features] \u30fb VFR2000 Series \u30fb Abundant size variations \u30fb For driving medium and large cylinders \u30fb Manifold model: VV5FR2, VV5FR3, VV5FR4, VV5FR5 Type Solenoid Valves Application&hellip; <\/p>\n","protected":false},"featured_media":904,"comment_status":"open","ping_status":"closed","template":"","meta":[],"product_cat":[283],"product_tag":[93,92,102],"class_list":{"0":"post-903","1":"product","2":"type-product","3":"status-publish","4":"has-post-thumbnail","6":"product_cat-smc","7":"product_tag-dai-ly-smc-viet-nam","8":"product_tag-smc-viet-nam","9":"product_tag-van-khi-nen","11":"first","12":"instock","13":"shipping-taxable","14":"product-type-simple"},"yoast_head":"<!-- This site is optimized with the Yoast SEO plugin v22.8 - https:\/\/yoast.com\/wordpress\/plugins\/seo\/ -->\n<title>SMC VFR2310-4D-02 - OMANI VI\u1ec6T NAM<\/title>\n<meta name=\"description\" content=\"Port Solenoid Valve, Pilot Operated, Elastic Material Seal, VFR2000 (VFR2310-4D-02)\" \/>\n<meta name=\"robots\" content=\"index, follow, max-snippet:-1, max-image-preview:large, max-video-preview:-1\" \/>\n<link rel=\"canonical\" href=\"https:\/\/omanivietnam.com\/index.php\/san-pham\/smc-vfr2310-4d-02\/\" \/>\n<meta property=\"og:locale\" content=\"vi_VN\" \/>\n<meta property=\"og:type\" content=\"article\" \/>\n<meta property=\"og:title\" content=\"SMC VFR2310-4D-02 - OMANI VI\u1ec6T NAM\" \/>\n<meta property=\"og:description\" content=\"Port Solenoid Valve, Pilot Operated, Elastic Material Seal, VFR2000 (VFR2310-4D-02)\" \/>\n<meta property=\"og:url\" content=\"https:\/\/omanivietnam.com\/index.php\/san-pham\/smc-vfr2310-4d-02\/\" \/>\n<meta property=\"og:site_name\" content=\"OMANI VI\u1ec6T NAM\" \/>\n<meta property=\"article:modified_time\" content=\"2024-07-24T22:05:49+00:00\" \/>\n<meta property=\"og:image\" content=\"https:\/\/omanivietnam.com\/wp-content\/uploads\/2024\/06\/VFR2310-4D-02.png\" \/>\n\t<meta property=\"og:image:width\" content=\"633\" \/>\n\t<meta property=\"og:image:height\" content=\"362\" \/>\n\t<meta property=\"og:image:type\" content=\"image\/png\" \/>\n<meta name=\"twitter:card\" content=\"summary_large_image\" \/>\n<meta name=\"twitter:label1\" content=\"\u01af\u1edbc t\u00ednh th\u1eddi gian \u0111\u1ecdc\" \/>\n\t<meta name=\"twitter:data1\" content=\"2 ph\u00fat\" \/>\n<script type=\"application\/ld+json\" class=\"yoast-schema-graph\">{\"@context\":\"https:\/\/schema.org\",\"@graph\":[{\"@type\":\"WebPage\",\"@id\":\"https:\/\/omanivietnam.com\/index.php\/san-pham\/smc-vfr2310-4d-02\/\",\"url\":\"https:\/\/omanivietnam.com\/index.php\/san-pham\/smc-vfr2310-4d-02\/\",\"name\":\"SMC VFR2310-4D-02 - OMANI VI\u1ec6T NAM\",\"isPartOf\":{\"@id\":\"https:\/\/omanivietnam.com\/#website\"},\"primaryImageOfPage\":{\"@id\":\"https:\/\/omanivietnam.com\/index.php\/san-pham\/smc-vfr2310-4d-02\/#primaryimage\"},\"image\":{\"@id\":\"https:\/\/omanivietnam.com\/index.php\/san-pham\/smc-vfr2310-4d-02\/#primaryimage\"},\"thumbnailUrl\":\"https:\/\/omanivietnam.com\/wp-content\/uploads\/2024\/06\/VFR2310-4D-02.png\",\"datePublished\":\"2024-06-28T09:15:27+00:00\",\"dateModified\":\"2024-07-24T22:05:49+00:00\",\"description\":\"Port Solenoid Valve, Pilot Operated, Elastic Material Seal, VFR2000 (VFR2310-4D-02)\",\"breadcrumb\":{\"@id\":\"https:\/\/omanivietnam.com\/index.php\/san-pham\/smc-vfr2310-4d-02\/#breadcrumb\"},\"inLanguage\":\"vi\",\"potentialAction\":[{\"@type\":\"ReadAction\",\"target\":[\"https:\/\/omanivietnam.com\/index.php\/san-pham\/smc-vfr2310-4d-02\/\"]}]},{\"@type\":\"ImageObject\",\"inLanguage\":\"vi\",\"@id\":\"https:\/\/omanivietnam.com\/index.php\/san-pham\/smc-vfr2310-4d-02\/#primaryimage\",\"url\":\"https:\/\/omanivietnam.com\/wp-content\/uploads\/2024\/06\/VFR2310-4D-02.png\",\"contentUrl\":\"https:\/\/omanivietnam.com\/wp-content\/uploads\/2024\/06\/VFR2310-4D-02.png\",\"width\":633,\"height\":362},{\"@type\":\"BreadcrumbList\",\"@id\":\"https:\/\/omanivietnam.com\/index.php\/san-pham\/smc-vfr2310-4d-02\/#breadcrumb\",\"itemListElement\":[{\"@type\":\"ListItem\",\"position\":1,\"name\":\"Home\",\"item\":\"https:\/\/omanivietnam.com\/\"},{\"@type\":\"ListItem\",\"position\":2,\"name\":\"S\u1ea2N PH\u1ea8M\",\"item\":\"https:\/\/omanivietnam.com\/index.php\/cua-hang\/\"},{\"@type\":\"ListItem\",\"position\":3,\"name\":\"SMC VFR2310-4D-02\"}]},{\"@type\":\"WebSite\",\"@id\":\"https:\/\/omanivietnam.com\/#website\",\"url\":\"https:\/\/omanivietnam.com\/\",\"name\":\"OMANI VI\u1ec6T NAM\",\"description\":\"Nh\u00e0 ph\u00e2n ph\u1ed1i thi\u1ebft b\u1ecb kh\u00ed n\u00e9n v\u00e0 thi\u1ebft b\u1ecb t\u1ef1 \u0111\u1ed9ng h\u00f3a trong c\u00f4ng nghi\u1ec7p\",\"publisher\":{\"@id\":\"https:\/\/omanivietnam.com\/#\/schema\/person\/0ad398a980dc3fd696111c2c5c8fa897\"},\"potentialAction\":[{\"@type\":\"SearchAction\",\"target\":{\"@type\":\"EntryPoint\",\"urlTemplate\":\"https:\/\/omanivietnam.com\/?s={search_term_string}\"},\"query-input\":\"required name=search_term_string\"}],\"inLanguage\":\"vi\"},{\"@type\":[\"Person\",\"Organization\"],\"@id\":\"https:\/\/omanivietnam.com\/#\/schema\/person\/0ad398a980dc3fd696111c2c5c8fa897\",\"name\":\"Nguy\u1ec5n V\u0103n Kh\u00e1nh\",\"image\":{\"@type\":\"ImageObject\",\"inLanguage\":\"vi\",\"@id\":\"https:\/\/omanivietnam.com\/#\/schema\/person\/image\/\",\"url\":\"https:\/\/omanivietnam.com\/wp-content\/uploads\/2024\/06\/logo-1024x1024.png\",\"contentUrl\":\"https:\/\/omanivietnam.com\/wp-content\/uploads\/2024\/06\/logo-1024x1024.png\",\"width\":1024,\"height\":1024,\"caption\":\"Nguy\u1ec5n V\u0103n Kh\u00e1nh\"},\"logo\":{\"@id\":\"https:\/\/omanivietnam.com\/#\/schema\/person\/image\/\"},\"sameAs\":[\"https:\/\/omanivietnam.com\"]}]}<\/script>\n<!-- \/ Yoast SEO plugin. -->","yoast_head_json":{"title":"SMC VFR2310-4D-02 - OMANI VI\u1ec6T NAM","description":"Port Solenoid Valve, Pilot Operated, Elastic Material Seal, VFR2000 (VFR2310-4D-02)","robots":{"index":"index","follow":"follow","max-snippet":"max-snippet:-1","max-image-preview":"max-image-preview:large","max-video-preview":"max-video-preview:-1"},"canonical":"https:\/\/omanivietnam.com\/index.php\/san-pham\/smc-vfr2310-4d-02\/","og_locale":"vi_VN","og_type":"article","og_title":"SMC VFR2310-4D-02 - OMANI VI\u1ec6T NAM","og_description":"Port Solenoid Valve, Pilot Operated, Elastic Material Seal, VFR2000 (VFR2310-4D-02)","og_url":"https:\/\/omanivietnam.com\/index.php\/san-pham\/smc-vfr2310-4d-02\/","og_site_name":"OMANI VI\u1ec6T NAM","article_modified_time":"2024-07-24T22:05:49+00:00","og_image":[{"width":633,"height":362,"url":"https:\/\/omanivietnam.com\/wp-content\/uploads\/2024\/06\/VFR2310-4D-02.png","type":"image\/png"}],"twitter_card":"summary_large_image","twitter_misc":{"\u01af\u1edbc t\u00ednh th\u1eddi gian \u0111\u1ecdc":"2 ph\u00fat"},"schema":{"@context":"https:\/\/schema.org","@graph":[{"@type":"WebPage","@id":"https:\/\/omanivietnam.com\/index.php\/san-pham\/smc-vfr2310-4d-02\/","url":"https:\/\/omanivietnam.com\/index.php\/san-pham\/smc-vfr2310-4d-02\/","name":"SMC VFR2310-4D-02 - OMANI VI\u1ec6T NAM","isPartOf":{"@id":"https:\/\/omanivietnam.com\/#website"},"primaryImageOfPage":{"@id":"https:\/\/omanivietnam.com\/index.php\/san-pham\/smc-vfr2310-4d-02\/#primaryimage"},"image":{"@id":"https:\/\/omanivietnam.com\/index.php\/san-pham\/smc-vfr2310-4d-02\/#primaryimage"},"thumbnailUrl":"https:\/\/omanivietnam.com\/wp-content\/uploads\/2024\/06\/VFR2310-4D-02.png","datePublished":"2024-06-28T09:15:27+00:00","dateModified":"2024-07-24T22:05:49+00:00","description":"Port Solenoid Valve, Pilot Operated, Elastic Material Seal, VFR2000 (VFR2310-4D-02)","breadcrumb":{"@id":"https:\/\/omanivietnam.com\/index.php\/san-pham\/smc-vfr2310-4d-02\/#breadcrumb"},"inLanguage":"vi","potentialAction":[{"@type":"ReadAction","target":["https:\/\/omanivietnam.com\/index.php\/san-pham\/smc-vfr2310-4d-02\/"]}]},{"@type":"ImageObject","inLanguage":"vi","@id":"https:\/\/omanivietnam.com\/index.php\/san-pham\/smc-vfr2310-4d-02\/#primaryimage","url":"https:\/\/omanivietnam.com\/wp-content\/uploads\/2024\/06\/VFR2310-4D-02.png","contentUrl":"https:\/\/omanivietnam.com\/wp-content\/uploads\/2024\/06\/VFR2310-4D-02.png","width":633,"height":362},{"@type":"BreadcrumbList","@id":"https:\/\/omanivietnam.com\/index.php\/san-pham\/smc-vfr2310-4d-02\/#breadcrumb","itemListElement":[{"@type":"ListItem","position":1,"name":"Home","item":"https:\/\/omanivietnam.com\/"},{"@type":"ListItem","position":2,"name":"S\u1ea2N PH\u1ea8M","item":"https:\/\/omanivietnam.com\/index.php\/cua-hang\/"},{"@type":"ListItem","position":3,"name":"SMC VFR2310-4D-02"}]},{"@type":"WebSite","@id":"https:\/\/omanivietnam.com\/#website","url":"https:\/\/omanivietnam.com\/","name":"OMANI VI\u1ec6T NAM","description":"Nh\u00e0 ph\u00e2n ph\u1ed1i thi\u1ebft b\u1ecb kh\u00ed n\u00e9n v\u00e0 thi\u1ebft b\u1ecb t\u1ef1 \u0111\u1ed9ng h\u00f3a trong c\u00f4ng nghi\u1ec7p","publisher":{"@id":"https:\/\/omanivietnam.com\/#\/schema\/person\/0ad398a980dc3fd696111c2c5c8fa897"},"potentialAction":[{"@type":"SearchAction","target":{"@type":"EntryPoint","urlTemplate":"https:\/\/omanivietnam.com\/?s={search_term_string}"},"query-input":"required name=search_term_string"}],"inLanguage":"vi"},{"@type":["Person","Organization"],"@id":"https:\/\/omanivietnam.com\/#\/schema\/person\/0ad398a980dc3fd696111c2c5c8fa897","name":"Nguy\u1ec5n V\u0103n Kh\u00e1nh","image":{"@type":"ImageObject","inLanguage":"vi","@id":"https:\/\/omanivietnam.com\/#\/schema\/person\/image\/","url":"https:\/\/omanivietnam.com\/wp-content\/uploads\/2024\/06\/logo-1024x1024.png","contentUrl":"https:\/\/omanivietnam.com\/wp-content\/uploads\/2024\/06\/logo-1024x1024.png","width":1024,"height":1024,"caption":"Nguy\u1ec5n V\u0103n Kh\u00e1nh"},"logo":{"@id":"https:\/\/omanivietnam.com\/#\/schema\/person\/image\/"},"sameAs":["https:\/\/omanivietnam.com"]}]}},"_links":{"self":[{"href":"https:\/\/omanivietnam.com\/index.php\/wp-json\/wp\/v2\/product\/903","targetHints":{"allow":["GET"]}}],"collection":[{"href":"https:\/\/omanivietnam.com\/index.php\/wp-json\/wp\/v2\/product"}],"about":[{"href":"https:\/\/omanivietnam.com\/index.php\/wp-json\/wp\/v2\/types\/product"}],"replies":[{"embeddable":true,"href":"https:\/\/omanivietnam.com\/index.php\/wp-json\/wp\/v2\/comments?post=903"}],"wp:featuredmedia":[{"embeddable":true,"href":"https:\/\/omanivietnam.com\/index.php\/wp-json\/wp\/v2\/media\/904"}],"wp:attachment":[{"href":"https:\/\/omanivietnam.com\/index.php\/wp-json\/wp\/v2\/media?parent=903"}],"wp:term":[{"taxonomy":"product_cat","embeddable":true,"href":"https:\/\/omanivietnam.com\/index.php\/wp-json\/wp\/v2\/product_cat?post=903"},{"taxonomy":"product_tag","embeddable":true,"href":"https:\/\/omanivietnam.com\/index.php\/wp-json\/wp\/v2\/product_tag?post=903"}],"curies":[{"name":"wp","href":"https:\/\/api.w.org\/{rel}","templated":true}]}}