{"id":908,"date":"2024-06-28T22:07:11","date_gmt":"2024-06-28T15:07:11","guid":{"rendered":"https:\/\/omanivietnam.com\/?post_type=product&#038;p=908"},"modified":"2024-08-10T22:05:02","modified_gmt":"2024-08-10T15:05:02","slug":"omron-e3t-sr41-2m","status":"publish","type":"product","link":"https:\/\/omanivietnam.com\/index.php\/san-pham\/omron-e3t-sr41-2m\/","title":{"rendered":"OMRON E3T-SR41 2M"},"content":{"rendered":"<p>OMRON E3T-SR41 2M<\/p>\n<p class=\"heading-B02\">Ultracompact Photoelectric Sensor with Built-in Amplifier, Retro-reflective type, Sensing distance: 200 mm (Using the E39-R4 Reflector), NPN output, Light-ON, Red light, M2 mounting, with Reflector (E39-R4), Pre-wired model, 2 m<\/p>\n<div class=\"table-blockA01\">\n<table class=\"tableA01\">\n<tbody>\n<tr>\n<th>Sensing method<\/th>\n<td>Retro-reflective without M.S.R. function<\/td>\n<\/tr>\n<tr>\n<th>Sensing distance<\/th>\n<td>When using the E39-R4: 30 to 200 mm<br \/>\nWhen using the E39-R37-CA: 10 to 100 mm<\/td>\n<\/tr>\n<tr>\n<th>Light source<\/th>\n<td>Red LED (650 nm)<\/td>\n<\/tr>\n<tr>\n<th>Connection method<\/th>\n<td>Pre-wired models<\/td>\n<\/tr>\n<\/tbody>\n<\/table>\n<div class=\"table-blockA01\">\n<table class=\"tableA01\" border=\"1\" cellspacing=\"0\">\n<tbody>\n<tr>\n<th colspan=\"1\">Shape<\/th>\n<td>Square type<\/td>\n<\/tr>\n<tr>\n<th colspan=\"1\">Sensing method<\/th>\n<td>Retro-reflective without M.S.R. function<\/td>\n<\/tr>\n<tr>\n<th colspan=\"1\">Sensing distance<\/th>\n<td>When using the E39-R4: 30 to 200 mm<br \/>\nWhen using the E39-R37-CA: 10 to 100 mm<\/td>\n<\/tr>\n<tr>\n<th colspan=\"1\">Standard sensing object<\/th>\n<td>Opaque: 27 mm dia. min.<\/td>\n<\/tr>\n<tr>\n<th colspan=\"1\">Minimum sensing object<\/th>\n<td>2 mm min. dia. (sensing distance: 100 mm)<\/td>\n<\/tr>\n<tr>\n<th colspan=\"1\">Directional angle<\/th>\n<td>2 to 20 \u00b0<\/td>\n<\/tr>\n<tr>\n<th colspan=\"1\">Light source<\/th>\n<td>Red LED (650 nm)<\/td>\n<\/tr>\n<tr>\n<th colspan=\"1\">Power supply voltage<\/th>\n<td>12 to 24 VDC\u00b110% ripple (p-p) 10% max.<\/td>\n<\/tr>\n<tr>\n<th colspan=\"1\">Current consumption<\/th>\n<td>20 mA max.<\/td>\n<\/tr>\n<tr>\n<th colspan=\"1\">Control output<\/th>\n<td>NPN open collector<br \/>\n26.4 VDC max.<br \/>\n50 mA max.<br \/>\nResidual voltage: 1 V max. (Load current Less than 10 mA)<br \/>\nResidual voltage: 2 V max. (Load current 10 to 50 mA)<\/td>\n<\/tr>\n<tr>\n<th colspan=\"1\">Operation mode<\/th>\n<td>Light-ON<\/td>\n<\/tr>\n<tr>\n<th colspan=\"1\">Protective circuit<\/th>\n<td>Output short-cut protection, Output reverse polarity protection, Power supply reverse polarity protection<\/td>\n<\/tr>\n<tr>\n<th colspan=\"1\">Response time<\/th>\n<td>Operate or reset: 1 ms max.<\/td>\n<\/tr>\n<tr>\n<th colspan=\"1\">Ambient illuminance<\/th>\n<td>Incandescent lamp: 5,000 lx max.<br \/>\nSunlight: 10,000 lx max.<\/td>\n<\/tr>\n<tr>\n<th colspan=\"1\">Ambient temperature range (Operating)<\/th>\n<td>-25 to 55 \u2103 (with no freezing or condensation)<\/td>\n<\/tr>\n<tr>\n<th colspan=\"1\">Ambient temperature range (Storage)<\/th>\n<td>-40 to 70 \u2103 (with no freezing or condensation)<\/td>\n<\/tr>\n<tr>\n<th colspan=\"1\">Ambient humidity range (Operating)<\/th>\n<td>35 to 85 % (with no condensation)<\/td>\n<\/tr>\n<tr>\n<th colspan=\"1\">Ambient humidity range (Strage)<\/th>\n<td>35 to 95 % (with no condensation)<\/td>\n<\/tr>\n<tr>\n<th colspan=\"1\">Insulation resistance<\/th>\n<td>20 M\u03a9 min. (500 VDC megger)<\/td>\n<\/tr>\n<tr>\n<th colspan=\"1\">Dielectric strength<\/th>\n<td>1000 VAC 50\/60 Hz 1 min<\/td>\n<\/tr>\n<tr>\n<th colspan=\"1\">Vibration resistance<\/th>\n<td>Destruction: 10 to 2000 Hz, 1.5 mm or 300 m\/s<sup>2<\/sup>\u00a0double amplitude for 0.5 hours each in X, Y, and Z directions<\/td>\n<\/tr>\n<tr>\n<th colspan=\"1\">Shock resistance<\/th>\n<td>Destruction: 1000 m\/s<sup>2<\/sup>\u00a03 times each in X, Y and Z directions<\/td>\n<\/tr>\n<tr>\n<th colspan=\"1\">Connection method<\/th>\n<td>Pre-wired models (Cable length 2 m)<\/td>\n<\/tr>\n<tr>\n<th colspan=\"1\">Indicator<\/th>\n<td>Operation indicator (orange), Stability indicator (green)<\/td>\n<\/tr>\n<tr>\n<th colspan=\"1\">Weight<\/th>\n<td>Package: Approx. 20 g<\/td>\n<\/tr>\n<tr>\n<th colspan=\"1\">Accessories<\/th>\n<td>Instruction manual, Set screws for mounting (M2*14), Nuts, Reflector (E39-R4)<\/td>\n<\/tr>\n<tr>\n<th colspan=\"1\">Material<\/th>\n<td>Case: Polybutylene terephthalate (PBT)<br \/>\nLens: Methacrylate resin<br \/>\nDisplay: Denatured Polyarylate<\/td>\n<\/tr>\n<\/tbody>\n<\/table>\n<\/div>\n<h2 class=\"title-product item_name\">C\u1ea3m bi\u1ebfn quang Omron E3T-SR41 2m<\/h2>\n<h3>1. C\u1ea3m bi\u1ebfn quang E3T-SR41 2m:<\/h3>\n<div>\u2013 Lo\u1ea1i c\u1ea3m bi\u1ebfn: Ph\u1ea3n x\u1ea1 g\u01b0\u01a1ng<br \/>\n\u2013 Ngu\u1ed3n c\u1ea5p: 12 \u2013 24 VDC \u00b110%, ripple (p-p) 10% max.<br \/>\n\u2013 D\u00f2ng ti\u00eau th\u1ee5: Max. 20mA<br \/>\n\u2013 Kho\u1ea3ng c\u00e1ch ph\u00e1t hi\u1ec7n: + 0.2m (s\u1eed d\u1ee5ng E39-R4) + 0.1m (s\u1eed d\u1ee5ng E39-R37-CA)<br \/>\n\u2013 V\u1eadt ph\u00e1t hi\u1ec7n chu\u1ea9n: V\u1eadt \u0111\u1ee5c m\u1edd: 27-mm dia. min.<br \/>\n\u2013 Ngu\u1ed3n s\u00e1ng: LED \u0111\u1ecf (650 nm)<br \/>\n\u2013 Ch\u1ebf \u0111\u1ed9 ho\u1ea1t \u0111\u1ed9ng: Light-ON<br \/>\n\u2013 Ch\u1ec9 th\u1ecb ho\u1ea1t \u0111\u1ed9ng: Ch\u1ec9 th\u1ecb ho\u1ea1t \u0111\u1ed9ng (cam), ch\u1ec9 th\u1ecb \u1ed5n \u0111\u1ecbnh (xanh l\u00e1)<br \/>\n\u2013 Th\u1eddi gian \u0111\u00e1p \u1ee9ng: Max. 1ms<br \/>\n\u2013 Ch\u1ee9c n\u0103ng b\u1ea3o v\u1ec7: N\u1ed1i ng\u01b0\u1ee3c c\u1ef1c ngu\u1ed3n c\u1ea5p, ng\u1eafn m\u1ea1ch ng\u00f5 ra, n\u1ed1i ng\u01b0\u1ee3c c\u1ef1c ng\u00f5 ra, \u1ea3nh h\u01b0\u1edfng nhi\u1ec5u l\u1eabn nhau<br \/>\n\u2013 Tr\u1ecdng l\u01b0\u1ee3ng: Kho\u1ea3ng 20g<\/div>\n<h3>2. C\u00e1c m\u00e3 h\u00e0ng t\u01b0\u01a1ng \u0111\u01b0\u01a1ng C\u1ea3m bi\u1ebfn quang\u00a0E3T-SR41 2m:<\/h3>\n<div>E3S-5E4<br \/>\nE3S-AR11 2M<br \/>\nE3S-CL<br \/>\nE3S-CR61.<br \/>\nE3S-DS30E4 2M<br \/>\nE3S-R11<br \/>\nE3S-R12<br \/>\nE3S-R1B4<br \/>\nE3S-R1E4<br \/>\nE3S-R32<br \/>\nE3S-R37<br \/>\nE3T-CD11<br \/>\nE3T-SL21<br \/>\nE3T-SL23<br \/>\nE3T-SR41<\/div>\n<\/div>\n<div><\/div>\n<div>\n<p>\u0110\u1ea1i l\u00fd OMRON vietnam, OMRON viet nam, OMRON vietnam distributor, Ph\u00e2n ph\u1ed1i OMRON t\u1ea1i vi\u1ec7t nam<\/p>\n<p>\u0110\u1ea1i l\u00fd OMRON vietnam, OMRON viet nam, OMRON vietnam distributor, Ph\u00e2n ph\u1ed1i OMRON t\u1ea1i vi\u1ec7t nam<\/p>\n<p>\u0110\u1ea1i l\u00fd OMRON vietnam, OMRON viet nam, OMRON vietnam distributor, Ph\u00e2n ph\u1ed1i OMRON t\u1ea1i vi\u1ec7t nam<\/p>\n<p>\u0110\u1ea1i l\u00fd OMRON vietnam, OMRON viet nam, OMRON vietnam distributor, Ph\u00e2n ph\u1ed1i OMRON t\u1ea1i vi\u1ec7t nam<\/p>\n<p>\u0110\u1ea1i l\u00fd OMRON vietnam, OMRON viet nam, OMRON vietnam distributor, Ph\u00e2n ph\u1ed1i OMRON t\u1ea1i vi\u1ec7t nam<\/p>\n<\/div>\n","protected":false},"excerpt":{"rendered":"<p>OMRON E3T-SR41 2M Ultracompact Photoelectric Sensor with Built-in Amplifier, Retro-reflective type, Sensing distance: 200 mm (Using the E39-R4 Reflector), NPN output, Light-ON, Red light, M2 mounting, with Reflector (E39-R4), Pre-wired model, 2 m Sensing method Retro-reflective without M.S.R. function Sensing distance When using the E39-R4: 30 to 200 mm When&hellip; <\/p>\n","protected":false},"featured_media":909,"comment_status":"open","ping_status":"closed","template":"","meta":[],"product_cat":[311],"product_tag":[88,105,104],"class_list":{"0":"post-908","1":"product","2":"type-product","3":"status-publish","4":"has-post-thumbnail","6":"product_cat-omron","7":"product_tag-cam-bien","8":"product_tag-dai-ly-omron-viet-nam","9":"product_tag-omron-viet-nam","11":"first","12":"instock","13":"shipping-taxable","14":"product-type-simple"},"yoast_head":"<!-- This site is optimized with the Yoast SEO plugin v22.8 - https:\/\/yoast.com\/wordpress\/plugins\/seo\/ -->\n<title>OMRON E3T-SR41 2M - OMANI VI\u1ec6T NAM<\/title>\n<meta name=\"description\" content=\"C\u1ea3m bi\u1ebfn quang Omron E3T-SR41 2M; E3T-SR41 2M Omron Automation and Safety\" \/>\n<meta name=\"robots\" content=\"index, follow, max-snippet:-1, max-image-preview:large, max-video-preview:-1\" \/>\n<link rel=\"canonical\" href=\"https:\/\/omanivietnam.com\/index.php\/san-pham\/omron-e3t-sr41-2m\/\" \/>\n<meta property=\"og:locale\" content=\"vi_VN\" \/>\n<meta property=\"og:type\" content=\"article\" \/>\n<meta property=\"og:title\" content=\"OMRON E3T-SR41 2M - OMANI VI\u1ec6T NAM\" \/>\n<meta property=\"og:description\" content=\"C\u1ea3m bi\u1ebfn quang Omron E3T-SR41 2M; E3T-SR41 2M Omron Automation and Safety\" \/>\n<meta property=\"og:url\" content=\"https:\/\/omanivietnam.com\/index.php\/san-pham\/omron-e3t-sr41-2m\/\" \/>\n<meta property=\"og:site_name\" content=\"OMANI VI\u1ec6T NAM\" \/>\n<meta property=\"article:modified_time\" content=\"2024-08-10T15:05:02+00:00\" \/>\n<meta property=\"og:image\" content=\"https:\/\/omanivietnam.com\/wp-content\/uploads\/2024\/06\/E3T-SR41-2M.png\" \/>\n\t<meta property=\"og:image:width\" content=\"400\" \/>\n\t<meta property=\"og:image:height\" content=\"221\" \/>\n\t<meta property=\"og:image:type\" content=\"image\/png\" \/>\n<meta name=\"twitter:card\" content=\"summary_large_image\" \/>\n<meta name=\"twitter:label1\" content=\"\u01af\u1edbc t\u00ednh th\u1eddi gian \u0111\u1ecdc\" \/>\n\t<meta name=\"twitter:data1\" content=\"4 ph\u00fat\" \/>\n<script type=\"application\/ld+json\" class=\"yoast-schema-graph\">{\"@context\":\"https:\/\/schema.org\",\"@graph\":[{\"@type\":\"WebPage\",\"@id\":\"https:\/\/omanivietnam.com\/index.php\/san-pham\/omron-e3t-sr41-2m\/\",\"url\":\"https:\/\/omanivietnam.com\/index.php\/san-pham\/omron-e3t-sr41-2m\/\",\"name\":\"OMRON E3T-SR41 2M - OMANI VI\u1ec6T NAM\",\"isPartOf\":{\"@id\":\"https:\/\/omanivietnam.com\/#website\"},\"primaryImageOfPage\":{\"@id\":\"https:\/\/omanivietnam.com\/index.php\/san-pham\/omron-e3t-sr41-2m\/#primaryimage\"},\"image\":{\"@id\":\"https:\/\/omanivietnam.com\/index.php\/san-pham\/omron-e3t-sr41-2m\/#primaryimage\"},\"thumbnailUrl\":\"https:\/\/omanivietnam.com\/wp-content\/uploads\/2024\/06\/E3T-SR41-2M.png\",\"datePublished\":\"2024-06-28T15:07:11+00:00\",\"dateModified\":\"2024-08-10T15:05:02+00:00\",\"description\":\"C\u1ea3m bi\u1ebfn quang Omron E3T-SR41 2M; E3T-SR41 2M Omron Automation and Safety\",\"breadcrumb\":{\"@id\":\"https:\/\/omanivietnam.com\/index.php\/san-pham\/omron-e3t-sr41-2m\/#breadcrumb\"},\"inLanguage\":\"vi\",\"potentialAction\":[{\"@type\":\"ReadAction\",\"target\":[\"https:\/\/omanivietnam.com\/index.php\/san-pham\/omron-e3t-sr41-2m\/\"]}]},{\"@type\":\"ImageObject\",\"inLanguage\":\"vi\",\"@id\":\"https:\/\/omanivietnam.com\/index.php\/san-pham\/omron-e3t-sr41-2m\/#primaryimage\",\"url\":\"https:\/\/omanivietnam.com\/wp-content\/uploads\/2024\/06\/E3T-SR41-2M.png\",\"contentUrl\":\"https:\/\/omanivietnam.com\/wp-content\/uploads\/2024\/06\/E3T-SR41-2M.png\",\"width\":400,\"height\":221},{\"@type\":\"BreadcrumbList\",\"@id\":\"https:\/\/omanivietnam.com\/index.php\/san-pham\/omron-e3t-sr41-2m\/#breadcrumb\",\"itemListElement\":[{\"@type\":\"ListItem\",\"position\":1,\"name\":\"Home\",\"item\":\"https:\/\/omanivietnam.com\/\"},{\"@type\":\"ListItem\",\"position\":2,\"name\":\"S\u1ea2N PH\u1ea8M\",\"item\":\"https:\/\/omanivietnam.com\/index.php\/cua-hang\/\"},{\"@type\":\"ListItem\",\"position\":3,\"name\":\"OMRON E3T-SR41 2M\"}]},{\"@type\":\"WebSite\",\"@id\":\"https:\/\/omanivietnam.com\/#website\",\"url\":\"https:\/\/omanivietnam.com\/\",\"name\":\"OMANI VI\u1ec6T NAM\",\"description\":\"Nh\u00e0 ph\u00e2n ph\u1ed1i thi\u1ebft b\u1ecb kh\u00ed n\u00e9n v\u00e0 thi\u1ebft b\u1ecb t\u1ef1 \u0111\u1ed9ng h\u00f3a trong c\u00f4ng nghi\u1ec7p\",\"publisher\":{\"@id\":\"https:\/\/omanivietnam.com\/#\/schema\/person\/0ad398a980dc3fd696111c2c5c8fa897\"},\"potentialAction\":[{\"@type\":\"SearchAction\",\"target\":{\"@type\":\"EntryPoint\",\"urlTemplate\":\"https:\/\/omanivietnam.com\/?s={search_term_string}\"},\"query-input\":\"required name=search_term_string\"}],\"inLanguage\":\"vi\"},{\"@type\":[\"Person\",\"Organization\"],\"@id\":\"https:\/\/omanivietnam.com\/#\/schema\/person\/0ad398a980dc3fd696111c2c5c8fa897\",\"name\":\"Nguy\u1ec5n V\u0103n Kh\u00e1nh\",\"image\":{\"@type\":\"ImageObject\",\"inLanguage\":\"vi\",\"@id\":\"https:\/\/omanivietnam.com\/#\/schema\/person\/image\/\",\"url\":\"https:\/\/omanivietnam.com\/wp-content\/uploads\/2024\/06\/logo-1024x1024.png\",\"contentUrl\":\"https:\/\/omanivietnam.com\/wp-content\/uploads\/2024\/06\/logo-1024x1024.png\",\"width\":1024,\"height\":1024,\"caption\":\"Nguy\u1ec5n V\u0103n Kh\u00e1nh\"},\"logo\":{\"@id\":\"https:\/\/omanivietnam.com\/#\/schema\/person\/image\/\"},\"sameAs\":[\"https:\/\/omanivietnam.com\"]}]}<\/script>\n<!-- \/ Yoast SEO plugin. -->","yoast_head_json":{"title":"OMRON E3T-SR41 2M - OMANI VI\u1ec6T NAM","description":"C\u1ea3m bi\u1ebfn quang Omron E3T-SR41 2M; E3T-SR41 2M Omron Automation and Safety","robots":{"index":"index","follow":"follow","max-snippet":"max-snippet:-1","max-image-preview":"max-image-preview:large","max-video-preview":"max-video-preview:-1"},"canonical":"https:\/\/omanivietnam.com\/index.php\/san-pham\/omron-e3t-sr41-2m\/","og_locale":"vi_VN","og_type":"article","og_title":"OMRON E3T-SR41 2M - OMANI VI\u1ec6T NAM","og_description":"C\u1ea3m bi\u1ebfn quang Omron E3T-SR41 2M; E3T-SR41 2M Omron Automation and Safety","og_url":"https:\/\/omanivietnam.com\/index.php\/san-pham\/omron-e3t-sr41-2m\/","og_site_name":"OMANI VI\u1ec6T NAM","article_modified_time":"2024-08-10T15:05:02+00:00","og_image":[{"width":400,"height":221,"url":"https:\/\/omanivietnam.com\/wp-content\/uploads\/2024\/06\/E3T-SR41-2M.png","type":"image\/png"}],"twitter_card":"summary_large_image","twitter_misc":{"\u01af\u1edbc t\u00ednh th\u1eddi gian \u0111\u1ecdc":"4 ph\u00fat"},"schema":{"@context":"https:\/\/schema.org","@graph":[{"@type":"WebPage","@id":"https:\/\/omanivietnam.com\/index.php\/san-pham\/omron-e3t-sr41-2m\/","url":"https:\/\/omanivietnam.com\/index.php\/san-pham\/omron-e3t-sr41-2m\/","name":"OMRON E3T-SR41 2M - OMANI VI\u1ec6T NAM","isPartOf":{"@id":"https:\/\/omanivietnam.com\/#website"},"primaryImageOfPage":{"@id":"https:\/\/omanivietnam.com\/index.php\/san-pham\/omron-e3t-sr41-2m\/#primaryimage"},"image":{"@id":"https:\/\/omanivietnam.com\/index.php\/san-pham\/omron-e3t-sr41-2m\/#primaryimage"},"thumbnailUrl":"https:\/\/omanivietnam.com\/wp-content\/uploads\/2024\/06\/E3T-SR41-2M.png","datePublished":"2024-06-28T15:07:11+00:00","dateModified":"2024-08-10T15:05:02+00:00","description":"C\u1ea3m bi\u1ebfn quang Omron E3T-SR41 2M; E3T-SR41 2M Omron Automation and Safety","breadcrumb":{"@id":"https:\/\/omanivietnam.com\/index.php\/san-pham\/omron-e3t-sr41-2m\/#breadcrumb"},"inLanguage":"vi","potentialAction":[{"@type":"ReadAction","target":["https:\/\/omanivietnam.com\/index.php\/san-pham\/omron-e3t-sr41-2m\/"]}]},{"@type":"ImageObject","inLanguage":"vi","@id":"https:\/\/omanivietnam.com\/index.php\/san-pham\/omron-e3t-sr41-2m\/#primaryimage","url":"https:\/\/omanivietnam.com\/wp-content\/uploads\/2024\/06\/E3T-SR41-2M.png","contentUrl":"https:\/\/omanivietnam.com\/wp-content\/uploads\/2024\/06\/E3T-SR41-2M.png","width":400,"height":221},{"@type":"BreadcrumbList","@id":"https:\/\/omanivietnam.com\/index.php\/san-pham\/omron-e3t-sr41-2m\/#breadcrumb","itemListElement":[{"@type":"ListItem","position":1,"name":"Home","item":"https:\/\/omanivietnam.com\/"},{"@type":"ListItem","position":2,"name":"S\u1ea2N PH\u1ea8M","item":"https:\/\/omanivietnam.com\/index.php\/cua-hang\/"},{"@type":"ListItem","position":3,"name":"OMRON E3T-SR41 2M"}]},{"@type":"WebSite","@id":"https:\/\/omanivietnam.com\/#website","url":"https:\/\/omanivietnam.com\/","name":"OMANI VI\u1ec6T NAM","description":"Nh\u00e0 ph\u00e2n ph\u1ed1i thi\u1ebft b\u1ecb kh\u00ed n\u00e9n v\u00e0 thi\u1ebft b\u1ecb t\u1ef1 \u0111\u1ed9ng h\u00f3a trong c\u00f4ng nghi\u1ec7p","publisher":{"@id":"https:\/\/omanivietnam.com\/#\/schema\/person\/0ad398a980dc3fd696111c2c5c8fa897"},"potentialAction":[{"@type":"SearchAction","target":{"@type":"EntryPoint","urlTemplate":"https:\/\/omanivietnam.com\/?s={search_term_string}"},"query-input":"required name=search_term_string"}],"inLanguage":"vi"},{"@type":["Person","Organization"],"@id":"https:\/\/omanivietnam.com\/#\/schema\/person\/0ad398a980dc3fd696111c2c5c8fa897","name":"Nguy\u1ec5n V\u0103n Kh\u00e1nh","image":{"@type":"ImageObject","inLanguage":"vi","@id":"https:\/\/omanivietnam.com\/#\/schema\/person\/image\/","url":"https:\/\/omanivietnam.com\/wp-content\/uploads\/2024\/06\/logo-1024x1024.png","contentUrl":"https:\/\/omanivietnam.com\/wp-content\/uploads\/2024\/06\/logo-1024x1024.png","width":1024,"height":1024,"caption":"Nguy\u1ec5n V\u0103n Kh\u00e1nh"},"logo":{"@id":"https:\/\/omanivietnam.com\/#\/schema\/person\/image\/"},"sameAs":["https:\/\/omanivietnam.com"]}]}},"_links":{"self":[{"href":"https:\/\/omanivietnam.com\/index.php\/wp-json\/wp\/v2\/product\/908","targetHints":{"allow":["GET"]}}],"collection":[{"href":"https:\/\/omanivietnam.com\/index.php\/wp-json\/wp\/v2\/product"}],"about":[{"href":"https:\/\/omanivietnam.com\/index.php\/wp-json\/wp\/v2\/types\/product"}],"replies":[{"embeddable":true,"href":"https:\/\/omanivietnam.com\/index.php\/wp-json\/wp\/v2\/comments?post=908"}],"wp:featuredmedia":[{"embeddable":true,"href":"https:\/\/omanivietnam.com\/index.php\/wp-json\/wp\/v2\/media\/909"}],"wp:attachment":[{"href":"https:\/\/omanivietnam.com\/index.php\/wp-json\/wp\/v2\/media?parent=908"}],"wp:term":[{"taxonomy":"product_cat","embeddable":true,"href":"https:\/\/omanivietnam.com\/index.php\/wp-json\/wp\/v2\/product_cat?post=908"},{"taxonomy":"product_tag","embeddable":true,"href":"https:\/\/omanivietnam.com\/index.php\/wp-json\/wp\/v2\/product_tag?post=908"}],"curies":[{"name":"wp","href":"https:\/\/api.w.org\/{rel}","templated":true}]}}