{"id":924,"date":"2024-06-29T05:29:42","date_gmt":"2024-06-28T22:29:42","guid":{"rendered":"https:\/\/omanivietnam.com\/?post_type=product&#038;p=924"},"modified":"2024-08-06T06:00:35","modified_gmt":"2024-08-05T23:00:35","slug":"keyence-fd-q50c","status":"publish","type":"product","link":"https:\/\/omanivietnam.com\/index.php\/san-pham\/keyence-fd-q50c\/","title":{"rendered":"KEYENCE FD-Q50C"},"content":{"rendered":"<p>KEYENCE FD-Q50C<\/p>\n<p>C\u1ea3m bi\u1ebfn l\u01b0u l\u01b0\u1ee3ng Keyence FD-Q50C.<br \/>\nNg\u00f5 V\u00e0o :<br \/>\n\u0110i\u1ec7n \u00e1p s\u1eed d\u1ee5ng\u00a0 \u00a0 \u00a0: 20 to 30 VDC<br \/>\nD\u00f2ng \u0111i\u1ec7n s\u1eed d\u1ee5ng : 130mA.<br \/>\nNg\u00f5 Ra :<br \/>\nNg\u00f5 ra 1\u00a0 \u00a0 :\u00a0 4 to 20 mA \/ 0 to 20 mA<br \/>\nNg\u00f5 ra 2\u00a0 \u00a0 :\u00a0 Relay<br \/>\nK\u1ebft n\u1ed1i ngu\u1ed3n I\/O : M12 -4 ch\u00e2n<br \/>\nNhi\u1ec7t \u0111\u1ed9 l\u00e0m vi\u1ec7c : 0 to 85\u00b0C 32 to 185\u00b0F<br \/>\n\u0110\u01b0\u1eddng k\u00ednh \u1ed1ng l\u00e0m vi\u1ec7c :1 1\/2\u2033: \u00f844 to \u00f852 (mm) v\u00e0 2\u2033:\u00f852 to \u00f864 (mm).<br \/>\n\u00c1p su\u1ea5t l\u00e0m vi\u1ec7c : 1 1\/2\u2033 : 400 L\/min, 105.7 G\/min v\u00e0 2\u2033: 500 L\/min, 132.1 G\/min.<\/p>\n<h2 class=\"title-product item_name\">C\u1ea3m bi\u1ebfn l\u01b0u l\u01b0\u1ee3ng Keyence FD-Q50C<\/h2>\n<h3>1. C\u1ea3m bi\u1ebfn l\u01b0u l\u01b0\u1ee3ng FD-Q50C:<\/h3>\n<div>\n<p>M\u00f4 h\u00ecnh FD-Q50C<br \/>\n\u0110\u01b0\u1eddng k\u00ednh \u1ed1ng \u0111\u01b0\u1ee3c h\u1ed7 tr\u1ee3 1 1\/2 \u201c(40 A), \u00f844 \u0111\u1ebfn \u00f852 (mm)<br \/>\n2\u201d (50 A), \u00f852 \u0111\u1ebfn \u00f864 (mm)<br \/>\nV\u1eadt li\u1ec7u \u1ed1ng \u0111\u01b0\u1ee3c h\u1ed7 tr\u1ee3 \u1ed0ng kim lo\u1ea1i \/ \u1ed0ng nh\u1ef1a * 1<br \/>\nCh\u1ea5t l\u1ecfng \u0111\u01b0\u1ee3c h\u1ed7 tr\u1ee3 Nhi\u1ec1u ch\u1ea5t l\u1ecfng kh\u00e1c nhau [t\u1ee9c l\u00e0 n\u01b0\u1edbc (bao g\u1ed3m DI), d\u1ea7u, h\u00f3a ch\u1ea5t, v.v.] * 1<br \/>\nNhi\u1ec7t \u0111\u1ed9 ch\u1ea5t l\u1ecfng \u0111\u01b0\u1ee3c h\u1ed7 tr\u1ee3 0 \u0111\u1ebfn 85 \u00b0 C 32 \u0111\u1ebfn 185 \u00b0 F (Kh\u00f4ng \u0111\u00f3ng b\u0103ng tr\u00ean b\u1ec1 m\u1eb7t \u1ed1ng) * 2<br \/>\nL\u01b0u l\u01b0\u1ee3ng \u0111\u1ecbnh m\u1ee9c t\u1ed1i \u0111a 1 1\/2 \u201c(40 A): 400 L \/ ph\u00fat, 105,7 G \/ ph\u00fat<br \/>\n2\u201d (50 A): 500 L \/ ph\u00fat, 132,1 G \/ ph\u00fat<br \/>\nT\u1ed1c \u0111\u1ed9 d\u00f2ng ch\u1ea3y c\u1eaft kh\u00f4ng 25 L \/ ph\u00fat (M\u1eb7c \u0111\u1ecbnh) * 3<br \/>\nPh\u01b0\u01a1ng th\u1ee9c hi\u1ec3n th\u1ecb Ch\u1ec9 b\u00e1o tr\u1ea1ng th\u00e1i, ch\u1ec9 b\u00e1o \u0111\u1ea7u ra, hi\u1ec3n th\u1ecb h\u00e0ng k\u00e9p v\u1edbi \u0111\u00e8n LED 4 ch\u1eef s\u1ed1, 7 \u0111o\u1ea1n, ch\u1ec9 b\u00e1o m\u1ee9c \u0111\u1ed9 \u1ed5n \u0111\u1ecbnh<br \/>\nHi\u1ec3n th\u1ecb chu k\u1ef3 c\u1eadp nh\u1eadt Kho\u1ea3ng 3 Hz<br \/>\n\u0110\u1ed9 ph\u00e2n gi\u1ea3i m\u00e0n h\u00ecnh 0,1 \/ 1 (M\u1eb7c \u0111\u1ecbnh: 1) (L \/ ph\u00fat)<br \/>\nTh\u1eddi gian \u0111\u00e1p \u1ee9ng 0,5 gi\u00e2y \/ 1,0 gi\u00e2y \/ 2,5 gi\u00e2y \/ 5 gi\u00e2y \/ 10 gi\u00e2y \/ 30 gi\u00e2y \/ 60 gi\u00e2y<br \/>\nT\u00ednh l\u1eb7p l\u1ea1i 0,5 gi\u00e2y: \u00b1 2,0%, 1 gi\u00e2y: \u00b1 1,5%, 2,5 gi\u00e2y: \u00b1 1,0%, 5 gi\u00e2y: \u00b1 0,5%, 10 gi\u00e2y: \u00b1 0,35%, 30 gi\u00e2y: \u00b1 0,2%, 60 gi\u00e2y: \u00b1 0,15% (\/ FS * 4 (C\u1ee5 th\u1ec3 cho th\u1eddi gian ph\u1ea3n h\u1ed3i \u0111\u00e3 ch\u1ecdn))<br \/>\nTr\u1ec5 Bi\u1ebfn \u0111\u1ed5i<\/p>\n<h3>2.\u00a0C\u00e1c m\u00e3 h\u00e0ng t\u01b0\u01a1ng \u0111\u01b0\u01a1ng C\u1ea3m bi\u1ebfn l\u01b0u l\u01b0\u1ee3ng\u00a0FD-Q50C:<\/h3>\n<p>FD-P100<br \/>\nFD-P20<br \/>\nFD-P50<br \/>\nFD-Q10C<br \/>\nFD-Q20C<br \/>\nFD-Q32C<br \/>\nFD-Q50C<br \/>\nFD-V40A<br \/>\nFD-V40AP<br \/>\nFD-V45A<br \/>\nFD-V45AP<br \/>\nFD-V70A<br \/>\nFD-V70AP<br \/>\nFD-V75A<br \/>\nFD-V75AP<\/p>\n<\/div>\n<p>\u0110\u1ea1i l\u00fd Keyence vietnam, Keyence viet nam, Keyence vietnam distributor, Ph\u00e2n ph\u1ed1i Keyence t\u1ea1i vi\u1ec7t nam<\/p>\n<p>\u0110\u1ea1i l\u00fd Keyence vietnam, Keyence viet nam, Keyence vietnam distributor, Ph\u00e2n ph\u1ed1i Keyence t\u1ea1i vi\u1ec7t nam<\/p>\n<p>\u0110\u1ea1i l\u00fd Keyence vietnam, Keyence viet nam, Keyence vietnam distributor, Ph\u00e2n ph\u1ed1i Keyence t\u1ea1i vi\u1ec7t nam<\/p>\n<p>\u0110\u1ea1i l\u00fd Keyence vietnam, Keyence viet nam, Keyence vietnam distributor, Ph\u00e2n ph\u1ed1i Keyence t\u1ea1i vi\u1ec7t nam<\/p>\n<p>\u0110\u1ea1i l\u00fd Keyence vietnam, Keyence viet nam, Keyence vietnam distributor, Ph\u00e2n ph\u1ed1i Keyence t\u1ea1i vi\u1ec7t nam<\/p>\n","protected":false},"excerpt":{"rendered":"<p>KEYENCE FD-Q50C C\u1ea3m bi\u1ebfn l\u01b0u l\u01b0\u1ee3ng Keyence FD-Q50C. Ng\u00f5 V\u00e0o : \u0110i\u1ec7n \u00e1p s\u1eed d\u1ee5ng\u00a0 \u00a0 \u00a0: 20 to 30 VDC D\u00f2ng \u0111i\u1ec7n s\u1eed d\u1ee5ng : 130mA. Ng\u00f5 Ra : Ng\u00f5 ra 1\u00a0 \u00a0 :\u00a0 4 to 20 mA \/ 0 to 20 mA Ng\u00f5 ra 2\u00a0 \u00a0 :\u00a0 Relay&hellip; <\/p>\n","protected":false},"featured_media":925,"comment_status":"open","ping_status":"closed","template":"","meta":[],"product_cat":[292],"product_tag":[88,114,113],"class_list":{"0":"post-924","1":"product","2":"type-product","3":"status-publish","4":"has-post-thumbnail","6":"product_cat-keyence","7":"product_tag-cam-bien","8":"product_tag-dai-ly-keyence-viet-nam","9":"product_tag-keyence-viet-nam","11":"first","12":"instock","13":"shipping-taxable","14":"product-type-simple"},"yoast_head":"<!-- This site is optimized with the Yoast SEO plugin v22.8 - https:\/\/yoast.com\/wordpress\/plugins\/seo\/ -->\n<title>KEYENCE FD-Q50C - OMANI VI\u1ec6T NAM<\/title>\n<meta name=\"description\" content=\"C\u1ea2M BI\u1ebeN KEYENCE FD-Q50C+FD-QP1+OP-87274\" \/>\n<meta name=\"robots\" content=\"index, follow, max-snippet:-1, max-image-preview:large, max-video-preview:-1\" \/>\n<link rel=\"canonical\" href=\"https:\/\/omanivietnam.com\/index.php\/san-pham\/keyence-fd-q50c\/\" \/>\n<meta property=\"og:locale\" content=\"vi_VN\" \/>\n<meta property=\"og:type\" content=\"article\" \/>\n<meta property=\"og:title\" content=\"KEYENCE FD-Q50C - OMANI VI\u1ec6T NAM\" \/>\n<meta property=\"og:description\" content=\"C\u1ea2M BI\u1ebeN KEYENCE FD-Q50C+FD-QP1+OP-87274\" \/>\n<meta property=\"og:url\" content=\"https:\/\/omanivietnam.com\/index.php\/san-pham\/keyence-fd-q50c\/\" \/>\n<meta property=\"og:site_name\" content=\"OMANI VI\u1ec6T NAM\" \/>\n<meta property=\"article:modified_time\" content=\"2024-08-05T23:00:35+00:00\" \/>\n<meta property=\"og:image\" content=\"https:\/\/omanivietnam.com\/wp-content\/uploads\/2024\/06\/FD-Q50C.png\" \/>\n\t<meta property=\"og:image:width\" content=\"672\" \/>\n\t<meta property=\"og:image:height\" content=\"318\" \/>\n\t<meta property=\"og:image:type\" content=\"image\/png\" \/>\n<meta name=\"twitter:card\" content=\"summary_large_image\" \/>\n<meta name=\"twitter:label1\" content=\"\u01af\u1edbc t\u00ednh th\u1eddi gian \u0111\u1ecdc\" \/>\n\t<meta name=\"twitter:data1\" content=\"3 ph\u00fat\" \/>\n<script type=\"application\/ld+json\" class=\"yoast-schema-graph\">{\"@context\":\"https:\/\/schema.org\",\"@graph\":[{\"@type\":\"WebPage\",\"@id\":\"https:\/\/omanivietnam.com\/index.php\/san-pham\/keyence-fd-q50c\/\",\"url\":\"https:\/\/omanivietnam.com\/index.php\/san-pham\/keyence-fd-q50c\/\",\"name\":\"KEYENCE FD-Q50C - OMANI VI\u1ec6T NAM\",\"isPartOf\":{\"@id\":\"https:\/\/omanivietnam.com\/#website\"},\"primaryImageOfPage\":{\"@id\":\"https:\/\/omanivietnam.com\/index.php\/san-pham\/keyence-fd-q50c\/#primaryimage\"},\"image\":{\"@id\":\"https:\/\/omanivietnam.com\/index.php\/san-pham\/keyence-fd-q50c\/#primaryimage\"},\"thumbnailUrl\":\"https:\/\/omanivietnam.com\/wp-content\/uploads\/2024\/06\/FD-Q50C.png\",\"datePublished\":\"2024-06-28T22:29:42+00:00\",\"dateModified\":\"2024-08-05T23:00:35+00:00\",\"description\":\"C\u1ea2M BI\u1ebeN KEYENCE FD-Q50C+FD-QP1+OP-87274\",\"breadcrumb\":{\"@id\":\"https:\/\/omanivietnam.com\/index.php\/san-pham\/keyence-fd-q50c\/#breadcrumb\"},\"inLanguage\":\"vi\",\"potentialAction\":[{\"@type\":\"ReadAction\",\"target\":[\"https:\/\/omanivietnam.com\/index.php\/san-pham\/keyence-fd-q50c\/\"]}]},{\"@type\":\"ImageObject\",\"inLanguage\":\"vi\",\"@id\":\"https:\/\/omanivietnam.com\/index.php\/san-pham\/keyence-fd-q50c\/#primaryimage\",\"url\":\"https:\/\/omanivietnam.com\/wp-content\/uploads\/2024\/06\/FD-Q50C.png\",\"contentUrl\":\"https:\/\/omanivietnam.com\/wp-content\/uploads\/2024\/06\/FD-Q50C.png\",\"width\":672,\"height\":318},{\"@type\":\"BreadcrumbList\",\"@id\":\"https:\/\/omanivietnam.com\/index.php\/san-pham\/keyence-fd-q50c\/#breadcrumb\",\"itemListElement\":[{\"@type\":\"ListItem\",\"position\":1,\"name\":\"Home\",\"item\":\"https:\/\/omanivietnam.com\/\"},{\"@type\":\"ListItem\",\"position\":2,\"name\":\"S\u1ea2N PH\u1ea8M\",\"item\":\"https:\/\/omanivietnam.com\/index.php\/cua-hang\/\"},{\"@type\":\"ListItem\",\"position\":3,\"name\":\"KEYENCE FD-Q50C\"}]},{\"@type\":\"WebSite\",\"@id\":\"https:\/\/omanivietnam.com\/#website\",\"url\":\"https:\/\/omanivietnam.com\/\",\"name\":\"OMANI VI\u1ec6T NAM\",\"description\":\"Nh\u00e0 ph\u00e2n ph\u1ed1i thi\u1ebft b\u1ecb kh\u00ed n\u00e9n v\u00e0 thi\u1ebft b\u1ecb t\u1ef1 \u0111\u1ed9ng h\u00f3a trong c\u00f4ng nghi\u1ec7p\",\"publisher\":{\"@id\":\"https:\/\/omanivietnam.com\/#\/schema\/person\/0ad398a980dc3fd696111c2c5c8fa897\"},\"potentialAction\":[{\"@type\":\"SearchAction\",\"target\":{\"@type\":\"EntryPoint\",\"urlTemplate\":\"https:\/\/omanivietnam.com\/?s={search_term_string}\"},\"query-input\":\"required name=search_term_string\"}],\"inLanguage\":\"vi\"},{\"@type\":[\"Person\",\"Organization\"],\"@id\":\"https:\/\/omanivietnam.com\/#\/schema\/person\/0ad398a980dc3fd696111c2c5c8fa897\",\"name\":\"Nguy\u1ec5n V\u0103n Kh\u00e1nh\",\"image\":{\"@type\":\"ImageObject\",\"inLanguage\":\"vi\",\"@id\":\"https:\/\/omanivietnam.com\/#\/schema\/person\/image\/\",\"url\":\"https:\/\/omanivietnam.com\/wp-content\/uploads\/2024\/06\/logo-1024x1024.png\",\"contentUrl\":\"https:\/\/omanivietnam.com\/wp-content\/uploads\/2024\/06\/logo-1024x1024.png\",\"width\":1024,\"height\":1024,\"caption\":\"Nguy\u1ec5n V\u0103n Kh\u00e1nh\"},\"logo\":{\"@id\":\"https:\/\/omanivietnam.com\/#\/schema\/person\/image\/\"},\"sameAs\":[\"https:\/\/omanivietnam.com\"]}]}<\/script>\n<!-- \/ Yoast SEO plugin. -->","yoast_head_json":{"title":"KEYENCE FD-Q50C - OMANI VI\u1ec6T NAM","description":"C\u1ea2M BI\u1ebeN KEYENCE FD-Q50C+FD-QP1+OP-87274","robots":{"index":"index","follow":"follow","max-snippet":"max-snippet:-1","max-image-preview":"max-image-preview:large","max-video-preview":"max-video-preview:-1"},"canonical":"https:\/\/omanivietnam.com\/index.php\/san-pham\/keyence-fd-q50c\/","og_locale":"vi_VN","og_type":"article","og_title":"KEYENCE FD-Q50C - OMANI VI\u1ec6T NAM","og_description":"C\u1ea2M BI\u1ebeN KEYENCE FD-Q50C+FD-QP1+OP-87274","og_url":"https:\/\/omanivietnam.com\/index.php\/san-pham\/keyence-fd-q50c\/","og_site_name":"OMANI VI\u1ec6T NAM","article_modified_time":"2024-08-05T23:00:35+00:00","og_image":[{"width":672,"height":318,"url":"https:\/\/omanivietnam.com\/wp-content\/uploads\/2024\/06\/FD-Q50C.png","type":"image\/png"}],"twitter_card":"summary_large_image","twitter_misc":{"\u01af\u1edbc t\u00ednh th\u1eddi gian \u0111\u1ecdc":"3 ph\u00fat"},"schema":{"@context":"https:\/\/schema.org","@graph":[{"@type":"WebPage","@id":"https:\/\/omanivietnam.com\/index.php\/san-pham\/keyence-fd-q50c\/","url":"https:\/\/omanivietnam.com\/index.php\/san-pham\/keyence-fd-q50c\/","name":"KEYENCE FD-Q50C - OMANI VI\u1ec6T NAM","isPartOf":{"@id":"https:\/\/omanivietnam.com\/#website"},"primaryImageOfPage":{"@id":"https:\/\/omanivietnam.com\/index.php\/san-pham\/keyence-fd-q50c\/#primaryimage"},"image":{"@id":"https:\/\/omanivietnam.com\/index.php\/san-pham\/keyence-fd-q50c\/#primaryimage"},"thumbnailUrl":"https:\/\/omanivietnam.com\/wp-content\/uploads\/2024\/06\/FD-Q50C.png","datePublished":"2024-06-28T22:29:42+00:00","dateModified":"2024-08-05T23:00:35+00:00","description":"C\u1ea2M BI\u1ebeN KEYENCE FD-Q50C+FD-QP1+OP-87274","breadcrumb":{"@id":"https:\/\/omanivietnam.com\/index.php\/san-pham\/keyence-fd-q50c\/#breadcrumb"},"inLanguage":"vi","potentialAction":[{"@type":"ReadAction","target":["https:\/\/omanivietnam.com\/index.php\/san-pham\/keyence-fd-q50c\/"]}]},{"@type":"ImageObject","inLanguage":"vi","@id":"https:\/\/omanivietnam.com\/index.php\/san-pham\/keyence-fd-q50c\/#primaryimage","url":"https:\/\/omanivietnam.com\/wp-content\/uploads\/2024\/06\/FD-Q50C.png","contentUrl":"https:\/\/omanivietnam.com\/wp-content\/uploads\/2024\/06\/FD-Q50C.png","width":672,"height":318},{"@type":"BreadcrumbList","@id":"https:\/\/omanivietnam.com\/index.php\/san-pham\/keyence-fd-q50c\/#breadcrumb","itemListElement":[{"@type":"ListItem","position":1,"name":"Home","item":"https:\/\/omanivietnam.com\/"},{"@type":"ListItem","position":2,"name":"S\u1ea2N PH\u1ea8M","item":"https:\/\/omanivietnam.com\/index.php\/cua-hang\/"},{"@type":"ListItem","position":3,"name":"KEYENCE FD-Q50C"}]},{"@type":"WebSite","@id":"https:\/\/omanivietnam.com\/#website","url":"https:\/\/omanivietnam.com\/","name":"OMANI VI\u1ec6T NAM","description":"Nh\u00e0 ph\u00e2n ph\u1ed1i thi\u1ebft b\u1ecb kh\u00ed n\u00e9n v\u00e0 thi\u1ebft b\u1ecb t\u1ef1 \u0111\u1ed9ng h\u00f3a trong c\u00f4ng nghi\u1ec7p","publisher":{"@id":"https:\/\/omanivietnam.com\/#\/schema\/person\/0ad398a980dc3fd696111c2c5c8fa897"},"potentialAction":[{"@type":"SearchAction","target":{"@type":"EntryPoint","urlTemplate":"https:\/\/omanivietnam.com\/?s={search_term_string}"},"query-input":"required name=search_term_string"}],"inLanguage":"vi"},{"@type":["Person","Organization"],"@id":"https:\/\/omanivietnam.com\/#\/schema\/person\/0ad398a980dc3fd696111c2c5c8fa897","name":"Nguy\u1ec5n V\u0103n Kh\u00e1nh","image":{"@type":"ImageObject","inLanguage":"vi","@id":"https:\/\/omanivietnam.com\/#\/schema\/person\/image\/","url":"https:\/\/omanivietnam.com\/wp-content\/uploads\/2024\/06\/logo-1024x1024.png","contentUrl":"https:\/\/omanivietnam.com\/wp-content\/uploads\/2024\/06\/logo-1024x1024.png","width":1024,"height":1024,"caption":"Nguy\u1ec5n V\u0103n Kh\u00e1nh"},"logo":{"@id":"https:\/\/omanivietnam.com\/#\/schema\/person\/image\/"},"sameAs":["https:\/\/omanivietnam.com"]}]}},"_links":{"self":[{"href":"https:\/\/omanivietnam.com\/index.php\/wp-json\/wp\/v2\/product\/924","targetHints":{"allow":["GET"]}}],"collection":[{"href":"https:\/\/omanivietnam.com\/index.php\/wp-json\/wp\/v2\/product"}],"about":[{"href":"https:\/\/omanivietnam.com\/index.php\/wp-json\/wp\/v2\/types\/product"}],"replies":[{"embeddable":true,"href":"https:\/\/omanivietnam.com\/index.php\/wp-json\/wp\/v2\/comments?post=924"}],"wp:featuredmedia":[{"embeddable":true,"href":"https:\/\/omanivietnam.com\/index.php\/wp-json\/wp\/v2\/media\/925"}],"wp:attachment":[{"href":"https:\/\/omanivietnam.com\/index.php\/wp-json\/wp\/v2\/media?parent=924"}],"wp:term":[{"taxonomy":"product_cat","embeddable":true,"href":"https:\/\/omanivietnam.com\/index.php\/wp-json\/wp\/v2\/product_cat?post=924"},{"taxonomy":"product_tag","embeddable":true,"href":"https:\/\/omanivietnam.com\/index.php\/wp-json\/wp\/v2\/product_tag?post=924"}],"curies":[{"name":"wp","href":"https:\/\/api.w.org\/{rel}","templated":true}]}}